{"id":3751,"date":"2025-09-25T15:41:09","date_gmt":"2025-09-25T07:41:09","guid":{"rendered":"https:\/\/www.honorpigments.com\/?post_type=product&#038;p=3751"},"modified":"2026-05-02T16:40:07","modified_gmt":"2026-05-02T08:40:07","slug":"transparent-red-91271-pigment-red-101","status":"publish","type":"product","link":"https:\/\/www.honorpigment.com\/tr\/urun\/transparent-red-91271-pigment-red-101\/","title":{"rendered":"PIGMENT KIRMIZI 101\/ \u015eEFFAF PIGMENT KIRMIZI 91271"},"content":{"rendered":"<h2><strong>Product Description &#8211; <\/strong><\/h2>\n<p align=\"left\">TRANSPARENT Red 91271\u00a0 (PIGMENT RED 101) delivers outstanding transparency for rich, non-obscuring hues and excels in light fastness, weather resistance, and easy dispersibility. It\u2019s VOC-free, boasts strong tinting power, and works well with diverse resin systems, ideal for coatings and inks.<\/p>\n<h2><strong>\u00d6nerilen Uygulama<\/strong><\/h2>\n<p>Inks: printing inks<br \/>\nPaints: auto paints, wood paints, architecture paints, powder coatings, industry coatings,<br \/>\nPlastics: Rubber<\/p>\n<h2><strong>Teknik Veriler<\/strong><\/h2>\n<table style=\"height: 343px;width: 95%;border-color: #050505\" width=\"95%\">\n<tbody>\n<tr style=\"height: 28px\">\n<td style=\"width: 98.7062%;background-color: #ababab;height: 10px\" colspan=\"5\" width=\"125\"><span style=\"font-size: 14pt\"><strong>\u00dcr\u00fcn Bilgileri<\/strong><\/span><\/td>\n<\/tr>\n<tr style=\"height: 24px\">\n<td style=\"width: 24.277%;height: 10px\" width=\"125\"><span style=\"font-size: 12pt\">Kimyasal Tip<\/span><\/td>\n<td style=\"width: 25.114%;height: 10px;text-align: center\" colspan=\"2\" width=\"125\"><\/td>\n<td style=\"width: 25.1904%;height: 10px\" width=\"125\"><span style=\"font-size: 12pt\">CAS NO.<\/span><\/td>\n<td class=\"et3\" style=\"height: 10px;width: 24.1248%;text-align: center\" width=\"148\" height=\"26\">1309-37-1<\/td>\n<\/tr>\n<tr style=\"height: 48px\">\n<td style=\"width: 24.277%;height: 10px\" width=\"125\"><span style=\"font-size: 12pt\">C. I. \u0130sim<\/span><\/td>\n<td style=\"width: 25.114%;height: 10px;text-align: center\" colspan=\"2\" width=\"125\">Pigment K\u0131rm\u0131z\u0131s\u0131 101<\/td>\n<td style=\"width: 25.1904%;height: 10px\" width=\"125\"><span style=\"font-size: 12pt\">EINECS \/ ELINCS NO.<\/span><\/td>\n<td class=\"et3\" style=\"height: 10px;width: 24.1248%;text-align: center\" width=\"148\" height=\"26\">215-168-2<\/td>\n<\/tr>\n<tr style=\"height: 48px\">\n<td style=\"width: 24.277%;height: 10px\" width=\"125\"><span style=\"font-size: 12pt\">C. I. Anayasa No.<\/span><\/td>\n<td style=\"width: 25.114%;height: 10px;text-align: center\" colspan=\"2\" width=\"125\">77491<\/td>\n<td style=\"width: 25.1904%;height: 10px\" width=\"125\"><span style=\"font-size: 12pt\">Kimyasal Form\u00fcl<\/span><\/td>\n<td class=\"et3\" style=\"height: 10px;width: 24.1248%;text-align: center\" width=\"148\" height=\"26\"><\/td>\n<\/tr>\n<tr style=\"height: 24px\">\n<td style=\"width: 98.7062%;height: 10px\" colspan=\"5\" width=\"125\"><\/td>\n<\/tr>\n<tr style=\"height: 28px\">\n<td style=\"width: 98.7062%;background-color: #ababab;height: 10px\" colspan=\"5\" width=\"125\"><span style=\"font-size: 14pt\"><strong>Teknik Performans<\/strong><\/span><\/td>\n<\/tr>\n<tr style=\"height: 24px\">\n<td style=\"width: 24.277%;height: 10px\" width=\"125\"><\/td>\n<td style=\"width: 12.4809%;height: 10px;text-align: center\" width=\"125\"><span style=\"font-size: 12pt\">Tam G\u00f6lge<\/span><\/td>\n<td style=\"width: 12.6331%;height: 10px;text-align: center\" width=\"125\"><span style=\"font-size: 12pt\">Renk Tonu<\/span><\/td>\n<td style=\"width: 25.1904%;height: 10px\" width=\"125\"><\/td>\n<td style=\"width: 24.1248%;height: 10px\" width=\"125\"><\/td>\n<\/tr>\n<tr style=\"height: 48px\">\n<td style=\"width: 24.277%;height: 10px\" width=\"125\"><span style=\"font-size: 12pt\">Hava Ko\u015fullar\u0131na Dayan\u0131kl\u0131l\u0131k<\/span><\/td>\n<td class=\"et3\" style=\"height: 10px;width: 12.4809%;text-align: center\" width=\"148\" height=\"26\">5<\/td>\n<td class=\"et4\" style=\"width: 12.6331%;height: 10px;text-align: center\" width=\"113\">5<\/td>\n<td style=\"width: 25.1904%;height: 10px\" width=\"125\"><\/td>\n<td style=\"width: 24.1248%;height: 10px;text-align: center\" width=\"125\"><\/td>\n<\/tr>\n<tr style=\"height: 24px\">\n<td style=\"width: 24.277%;height: 10px\" width=\"125\"><span style=\"font-size: 12pt\">I\u015f\u0131k Hasl\u0131\u011f\u0131<\/span><\/td>\n<td class=\"et5\" style=\"height: 10px;width: 12.4809%;text-align: center\" height=\"26\">8<\/td>\n<td class=\"et4\" style=\"width: 12.6331%;height: 10px;text-align: center\">8<\/td>\n<td style=\"width: 25.1904%;height: 10px\" width=\"125\"><\/td>\n<td style=\"width: 24.1248%;height: 10px\" width=\"125\"><\/td>\n<\/tr>\n<tr style=\"height: 24px\">\n<td style=\"width: 98.7062%;height: 10px\" colspan=\"5\" width=\"125\"><\/td>\n<\/tr>\n<tr style=\"height: 24px\">\n<td style=\"width: 98.7062%;background-color: #ababab;height: 10px\" colspan=\"5\" width=\"125\"><span style=\"font-size: 14pt\"><strong>Fiziksel \u00d6zellikler<\/strong><\/span><\/td>\n<\/tr>\n<tr style=\"height: 48px\">\n<td style=\"width: 24.277%;height: 10px\" width=\"125\"><span style=\"font-size: 12pt\">Fiziksel Bi\u00e7im<\/span><\/td>\n<td style=\"width: 25.114%;height: 10px;text-align: center\" colspan=\"2\" width=\"125\"><span style=\"font-size: 12pt\">Toz<\/span><\/td>\n<td style=\"height: 13.5pt;width: 25.1904%\" width=\"225\" height=\"18\">UV Absorption<\/td>\n<td style=\"width: 24.1248%;text-align: center\" width=\"284\">\u2265 95%<\/td>\n<\/tr>\n<tr style=\"height: 27.00pt\">\n<td style=\"height: 27pt;width: 24.277%\" width=\"225\" height=\"36\">Specific Density<\/td>\n<td style=\"width: 25.114%;text-align: center\" colspan=\"2\" width=\"157\">1.075 g\/cm\u00b3<\/td>\n<td style=\"height: 13.5pt;width: 25.1904%\" height=\"18\">Solid Content<\/td>\n<td style=\"width: 24.1248%;text-align: center\">97\u00b12%<\/td>\n<\/tr>\n<tr style=\"height: 13.50pt\">\n<td style=\"height: 13.5pt;width: 24.277%\" height=\"18\">PH Value<\/td>\n<td style=\"width: 25.114%;text-align: center\" colspan=\"2\" width=\"157\">5-8<\/td>\n<td style=\"height: 13.5pt;width: 25.1904%\" height=\"18\">105\u00b0C Moisture<\/td>\n<td style=\"width: 24.1248%;text-align: center\">\u2264 3.0%<\/td>\n<\/tr>\n<tr style=\"height: 27.00pt\">\n<td style=\"height: 27pt;width: 24.277%\" height=\"36\">Fe\u2082O\u2083 Content<\/td>\n<td style=\"width: 25.114%;text-align: center\" colspan=\"2\" width=\"157\">\u2265 84%<\/td>\n<td style=\"width: 25.1904%\" width=\"139\"><\/td>\n<td style=\"width: 24.1248%;text-align: center\" width=\"157\"><\/td>\n<\/tr>\n<tr style=\"height: 27.00pt\">\n<td style=\"height: 27pt;width: 24.277%\" height=\"36\">Residue (45 \u03bcm mesh)<\/td>\n<td style=\"width: 25.114%;text-align: center\" colspan=\"2\" width=\"157\">\u2264 0.1%<\/td>\n<td style=\"width: 25.1904%\" width=\"139\"><\/td>\n<td style=\"width: 24.1248%;text-align: center\" width=\"157\"><\/td>\n<\/tr>\n<tr style=\"height: 24px\">\n<td style=\"width: 24.277%;height: 24px\"><\/td>\n<td style=\"width: 25.114%;text-align: center;height: 24px\" colspan=\"2\" width=\"148\"><\/td>\n<td style=\"width: 25.1904%\" width=\"139\"><\/td>\n<td style=\"width: 24.1248%;text-align: center\" width=\"157\"><\/td>\n<\/tr>\n<tr style=\"height: 48px\">\n<td style=\"width: 98.7062%;background-color: #ababab;height: 10px\" colspan=\"5\" width=\"125\"><span style=\"font-size: 14pt\"><strong>Paketleme<\/strong><\/span><\/td>\n<\/tr>\n<tr style=\"height: 48px\">\n<td style=\"width: 98.7062%;height: 10px\" colspan=\"5\" width=\"125\">25kgs\/\u00e7anta 1000kgs\/Palet<\/td>\n<\/tr>\n<tr style=\"height: 24px\">\n<td style=\"width: 98.7062%;height: 10px\" colspan=\"5\" width=\"125\"><\/td>\n<\/tr>\n<tr style=\"height: 24px\">\n<td style=\"width: 49.391%;background-color: #ababab;height: 10px\" colspan=\"3\" width=\"125\"><span style=\"font-size: 14pt\"><strong>Depolama<\/strong><\/span><\/td>\n<td style=\"width: 25.1904%;height: 10px\" width=\"125\"><span style=\"font-size: 14pt\"><strong>Raf \u00d6mr\u00fc<\/strong><\/span><\/td>\n<td style=\"width: 24.1248%;height: 10px\" width=\"125\"><span style=\"font-size: 12pt\">5 y\u0131l<\/span><\/td>\n<\/tr>\n<tr style=\"height: 24px\">\n<td style=\"width: 98.7062%;height: 10px\" colspan=\"5\" width=\"375\"><span style=\"font-size: 12pt\">Serin, kuru ve havaland\u0131r\u0131lm\u0131\u015f bir yerde saklanmal\u0131d\u0131r.<\/span><\/td>\n<\/tr>\n<tr style=\"height: 24px\">\n<td style=\"width: 98.7062%;height: 10px\" colspan=\"5\" width=\"125\"><\/td>\n<\/tr>\n<tr style=\"height: 24px\">\n<td style=\"width: 98.7062%;background-color: #ababab;height: 10px\" colspan=\"5\" width=\"125\"><span style=\"font-size: 14pt\"><strong>ULA\u015eIM<\/strong><\/span><\/td>\n<\/tr>\n<tr style=\"height: 48px\">\n<td style=\"width: 98.7062%;height: 10px\" colspan=\"5\" width=\"375\"><span style=\"font-size: 12pt\">Ters \u00e7evirme, g\u00fcne\u015f \u0131\u015f\u0131\u011f\u0131, nem ve \u00e7arpmalardan ka\u00e7\u0131n\u0131n. Pakete zarar vermekten ka\u00e7\u0131n\u0131n.<\/span><\/td>\n<\/tr>\n<\/tbody>\n<\/table>\n<ul>\n<li>I\u015f\u0131k hasl\u0131\u011f\u0131: I\u015f\u0131k hasl\u0131\u011f\u0131 derecesi, 1 = \u2018Zay\u0131f\u2019 ve 8 = \u2018M\u00fckemmel\u2019 olan 1 ila 8 Mavi Y\u00fcn \u00f6l\u00e7e\u011finde de\u011ferlendirilir.<\/li>\n<li>Is\u0131 Stabilitesi : Verilen \u0131s\u0131 stabilitesi de\u011ferleri, pigmentin tam g\u00f6lgede ve indirgemelerde 10 dakika boyunca g\u00f6lgede \u00f6nemli bir de\u011fi\u015fikli\u011fe u\u011framadan bekletilebilece\u011fi maksimum s\u0131cakl\u0131\u011f\u0131 g\u00f6sterir.<\/li>\n<li>Ya\u011f emilimi: Ya\u011f emilimi EN ISO 787-5'e g\u00f6re belirlenir ve 100 g pigment ba\u015f\u0131na g keten tohumu ya\u011f\u0131 olarak verilir.<\/li>\n<li>Solvent kanamas\u0131: \u00c7\u00f6z\u00fcc\u00fclerdeki kanama, toz kaliteleri ve 1 ila 5 Gri \u00f6l\u00e7ekte verilen g\u00f6rsel derecelendirme kullan\u0131larak test edilir.<br \/>\nburada 1 = \u2018A\u011f\u0131r kanama\u2019 ve 5 = \u2018Kanama yok\u201d<\/li>\n<\/ul>\n<p>Disclaimer \u2013 The information given in this data sheet is based on the present state of our knowledge &amp; is intended as a general description of our products &amp; their possible applications. Due to the multitude of formulations, production &amp; application conditions, all the above mentioned data have to be adjusted to the circumstances of the processor. No liabilities, including those for patent rights, can be derived from this fact for individual cases. It cannot be ruled out that this product contains particles &lt; 0.1 \u03bcm. Any user of this product is responsible for determining the suitability of Honor Pigments\u2019s products for its particular application &amp; to ensure that any proprietary rights &amp; existing laws &amp; legislation are observed.<\/p>\n<div class=\"honor-product-overview\" style=\"margin-top:40px;border-top:2px solid #f6c405;padding-top:30px\">\n<h3>Why Choose Honor Pigments?<\/h3>\n<ul>\n<li>\ud83c\udf0d <strong>Global Export Expertise<\/strong> \u2014 Trusted by customers in 40+ countries for consistent quality and reliable supply<\/li>\n<li>\u2705 <strong>Strict Quality Control<\/strong> \u2014 ISO 9001 certified with batch-to-batch consistency and zero-defect policy<\/li>\n<li>\ud83d\udcb0 <strong>OEM Production Advantage<\/strong> \u2014 Competitive pricing without compromising pigment performance<\/li>\n<li>\ud83e\uddea <strong>Technical Support<\/strong> \u2014 Free color matching, formulation advice and sample testing before bulk order<\/li>\n<\/ul>\n<div style=\"background:#f8f9fa;padding:20px;border-left:4px solid #f6c405;margin:20px 0\">\n<p><strong>\ud83d\udce9 Need more details?<\/strong><\/p>\n<p>Request TDS, SDS, or a free sample for testing.<\/p>\n<\/div>\n<\/div>","protected":false},"excerpt":{"rendered":"<p>C.I.NO: PY42<\/p>\n<p>Avantaj:<\/p>\n<p>\u00d6nerilen Ana Uygulama: Kaplamalar, Plastikler<\/p>","protected":false},"featured_media":3716,"template":"","meta":{"rank_math_focus_keyword":"PIGMENT RED 101, TRANSPARENT PIGMENT RED 101","rank_math_description":"TRANSPARENT Red 91271 (PIGMENT RED 101) offers great transparency, strong tinting power, VOC-free; suits coatings, inks with good light\/weather resistance.","rank_math_robots":null,"_rank_math_focus_keyword":"pigment red 101","rank_math_seo_score":"79"},"product_brand":[],"product_cat":[57,66],"product_tag":[],"class_list":{"0":"post-3751","1":"product","2":"type-product","3":"status-publish","4":"has-post-thumbnail","6":"product_cat-inorganic-pigments","7":"product_cat-iron-oxide-pigments","8":"stm_brands-honor-pigments","10":"first","11":"instock","12":"shipping-taxable","13":"product-type-simple"},"_links":{"self":[{"href":"https:\/\/www.honorpigment.com\/tr\/wp-json\/wp\/v2\/product\/3751","targetHints":{"allow":["GET"]}}],"collection":[{"href":"https:\/\/www.honorpigment.com\/tr\/wp-json\/wp\/v2\/product"}],"about":[{"href":"https:\/\/www.honorpigment.com\/tr\/wp-json\/wp\/v2\/types\/product"}],"version-history":[{"count":3,"href":"https:\/\/www.honorpigment.com\/tr\/wp-json\/wp\/v2\/product\/3751\/revisions"}],"predecessor-version":[{"id":8908,"href":"https:\/\/www.honorpigment.com\/tr\/wp-json\/wp\/v2\/product\/3751\/revisions\/8908"}],"wp:featuredmedia":[{"embeddable":true,"href":"https:\/\/www.honorpigment.com\/tr\/wp-json\/wp\/v2\/media\/3716"}],"wp:attachment":[{"href":"https:\/\/www.honorpigment.com\/tr\/wp-json\/wp\/v2\/media?parent=3751"}],"wp:term":[{"taxonomy":"product_brand","embeddable":true,"href":"https:\/\/www.honorpigment.com\/tr\/wp-json\/wp\/v2\/product_brand?post=3751"},{"taxonomy":"product_cat","embeddable":true,"href":"https:\/\/www.honorpigment.com\/tr\/wp-json\/wp\/v2\/product_cat?post=3751"},{"taxonomy":"product_tag","embeddable":true,"href":"https:\/\/www.honorpigment.com\/tr\/wp-json\/wp\/v2\/product_tag?post=3751"}],"curies":[{"name":"wp","href":"https:\/\/api.w.org\/{rel}","templated":true}]}}