{"id":3747,"date":"2025-09-25T15:22:42","date_gmt":"2025-09-25T07:22:42","guid":{"rendered":"https:\/\/www.honorpigments.com\/?post_type=product&#038;p=3747"},"modified":"2026-03-23T19:53:43","modified_gmt":"2026-03-23T11:53:43","slug":"molibdat-kirmizisi-412h-pigment-kirmizisi-104","status":"publish","type":"product","link":"https:\/\/www.honorpigment.com\/tr\/urun\/molibdat-kirmizisi-412h-pigment-kirmizisi-104\/","title":{"rendered":"PIGMENT KIRMIZISI 104\/ MOLIBDAT KIRMIZISI 412H"},"content":{"rendered":"<h3><strong>\u00dcr\u00fcn A\u00e7\u0131klamas\u0131 - PR104<\/strong><\/h3>\n<p>MOLYBDATE RED 412H (PIGMENT RED 104), y\u00fcksek renklendirme g\u00fcc\u00fc ve g\u00fc\u00e7l\u00fc \u00f6rtme g\u00fcc\u00fc ile parlak k\u0131rm\u0131z\u0131dan turuncuya tonlar sunar. Solventlere, suya ve balmumuna kar\u015f\u0131 m\u00fckemmel direncin yan\u0131 s\u0131ra iyi \u0131\u015f\u0131k hasl\u0131\u011f\u0131 ve kaplamalarda, plastiklerde ve m\u00fcrekkeplerde kolay da\u011f\u0131lma \u00f6zelli\u011fine sahiptir. Ek olarak, maliyet etkinli\u011fi sa\u011flar ve orta s\u0131cakl\u0131ktaki uygulamalarda kararl\u0131l\u0131\u011f\u0131n\u0131 korur.<\/p>\n<h3><strong>\u00d6nerilen Uygulama<\/strong><strong>\uff1a<\/strong><\/h3>\n<p>Kaplamalar: oto boyalar\u0131, y\u00fcksek kaliteli f\u0131r\u0131n boyalar\u0131<br \/>\nPlastikler: PE, PP, PC, PBT, PVC, PU, POM, PS, PET, EVA, ABS<\/p>\n<h3><strong>Teknik Veriler:<\/strong><\/h3>\n<table style=\"height: 338px; width: 95%; border-color: #050505;\" width=\"95%\">\n<tbody>\n<tr style=\"height: 28px;\">\n<td style=\"width: 98.7823%; background-color: #ababab; height: 10px;\" colspan=\"5\" width=\"125\"><span style=\"font-size: 14pt;\"><strong>\u00dcr\u00fcn Bilgileri<\/strong><\/span><\/td>\n<\/tr>\n<tr style=\"height: 24px;\">\n<td style=\"width: 24.277%; height: 10px;\" width=\"125\"><span style=\"font-size: 12pt;\">Kimyasal Tip<\/span><\/td>\n<td style=\"width: 25.114%; height: 10px; text-align: center;\" colspan=\"2\" width=\"125\"><\/td>\n<td style=\"width: 25.1904%; height: 10px;\" width=\"125\"><span style=\"font-size: 12pt;\">CAS NO.<\/span><\/td>\n<td class=\"et3\" style=\"height: 10px; width: 24.2009%; text-align: center;\" width=\"148\" height=\"26\">12656-85-8<\/td>\n<\/tr>\n<tr style=\"height: 48px;\">\n<td style=\"width: 24.277%; height: 10px;\" width=\"125\"><span style=\"font-size: 12pt;\">C. I. \u0130sim<\/span><\/td>\n<td style=\"width: 25.114%; height: 10px; text-align: center;\" colspan=\"2\" width=\"125\">Pigment K\u0131rm\u0131z\u0131 104<\/td>\n<td style=\"width: 25.1904%; height: 10px;\" width=\"125\"><span style=\"font-size: 12pt;\">EINECS \/ ELINCS NO.<\/span><\/td>\n<td class=\"et2\" style=\"height: 10px; width: 24.2009%; text-align: center;\" height=\"26\">235-759-9<\/td>\n<\/tr>\n<tr style=\"height: 48px;\">\n<td style=\"width: 24.277%; height: 10px;\" width=\"125\"><span style=\"font-size: 12pt;\">C. I. Anayasa No.<\/span><\/td>\n<td style=\"width: 25.114%; height: 10px; text-align: center;\" colspan=\"2\" width=\"125\">77605<\/td>\n<td style=\"width: 25.1904%; height: 10px;\" width=\"125\"><span style=\"font-size: 12pt;\">Kimyasal Form\u00fcl<\/span><\/td>\n<td class=\"et5\" style=\"height: 10px; width: 24.2009%; text-align: center;\" width=\"148\" height=\"53\"><\/td>\n<\/tr>\n<tr style=\"height: 24px;\">\n<td style=\"width: 98.7823%; height: 10px;\" colspan=\"5\" width=\"125\"><\/td>\n<\/tr>\n<tr style=\"height: 28px;\">\n<td style=\"width: 98.7823%; background-color: #ababab; height: 10px;\" colspan=\"5\" width=\"125\"><span style=\"font-size: 14pt;\"><strong>Teknik Performans<\/strong><\/span><\/td>\n<\/tr>\n<tr style=\"height: 24px;\">\n<td style=\"width: 24.277%; height: 10px;\" width=\"125\"><\/td>\n<td style=\"width: 12.4048%; height: 10px; text-align: center;\" width=\"125\"><span style=\"font-size: 12pt;\">Tam G\u00f6lge<\/span><\/td>\n<td style=\"width: 12.7092%; height: 10px; text-align: center;\" width=\"125\"><span style=\"font-size: 12pt;\">Renk Tonu<\/span><\/td>\n<td style=\"width: 25.1904%; height: 10px;\" width=\"125\"><\/td>\n<td style=\"width: 24.2009%; height: 10px;\" width=\"125\"><\/td>\n<\/tr>\n<tr style=\"height: 48px;\">\n<td style=\"width: 24.277%; height: 10px;\" width=\"125\"><span style=\"font-size: 12pt;\">Hava Ko\u015fullar\u0131na Dayan\u0131kl\u0131l\u0131k<\/span><\/td>\n<td class=\"et3\" style=\"height: 10px; width: 12.4048%; text-align: center;\" width=\"148\" height=\"26\">5<\/td>\n<td class=\"et4\" style=\"width: 12.7092%; height: 10px; text-align: center;\" width=\"113\">5<\/td>\n<td style=\"width: 25.1904%; height: 10px;\" width=\"125\">Is\u0131 direnci (\u2103)<\/td>\n<td style=\"width: 24.2009%; height: 10px; text-align: center;\" width=\"125\">200\u2103<\/td>\n<\/tr>\n<tr style=\"height: 24px;\">\n<td style=\"width: 24.277%; height: 10px;\" width=\"125\"><span style=\"font-size: 12pt;\">I\u015f\u0131k Hasl\u0131\u011f\u0131<\/span><\/td>\n<td class=\"et5\" style=\"height: 10px; width: 12.4048%; text-align: center;\" height=\"26\">4-5<\/td>\n<td class=\"et4\" style=\"width: 12.7092%; height: 10px; text-align: center;\">4-5<\/td>\n<td style=\"width: 25.1904%; height: 10px;\" width=\"125\"><\/td>\n<td style=\"width: 24.2009%; height: 10px;\" width=\"125\"><\/td>\n<\/tr>\n<tr style=\"height: 24px;\">\n<td style=\"width: 98.7823%; height: 10px;\" colspan=\"5\" width=\"125\"><\/td>\n<\/tr>\n<tr style=\"height: 24px;\">\n<td style=\"width: 98.7823%; background-color: #ababab; height: 10px;\" colspan=\"5\" width=\"125\"><span style=\"font-size: 14pt;\"><strong>Fiziksel \u00d6zellikler<\/strong><\/span><\/td>\n<\/tr>\n<tr style=\"height: 48px;\">\n<td style=\"width: 24.277%; height: 10px;\" width=\"125\"><span style=\"font-size: 12pt;\">Fiziksel Bi\u00e7im<\/span><\/td>\n<td style=\"width: 25.114%; height: 10px; text-align: center;\" colspan=\"2\" width=\"125\"><span style=\"font-size: 12pt;\">Toz<\/span><\/td>\n<td class=\"et2\" style=\"height: 10px; width: 25.1904%;\" width=\"139\" height=\"21\">Suya Dayan\u0131kl\u0131l\u0131k<\/td>\n<td class=\"et2\" style=\"height: 10px; width: 24.2009%; text-align: center;\" width=\"157\" height=\"21\">5<\/td>\n<\/tr>\n<tr style=\"height: 18px;\">\n<td style=\"width: 24.277%; height: 18px;\" width=\"139\">G\u00fc\u00e7 (%)<\/td>\n<td style=\"width: 25.114%; text-align: center; height: 18px;\" colspan=\"2\" width=\"148\">100\u00b13<\/td>\n<td class=\"et2\" style=\"height: 18px; width: 25.1904%;\" width=\"139\" height=\"21\">Asit Direnci<\/td>\n<td class=\"et2\" style=\"height: 18px; width: 24.2009%; text-align: center;\" width=\"157\" height=\"21\">3<\/td>\n<\/tr>\n<tr style=\"height: 24px;\">\n<td style=\"width: 24.277%; height: 24px;\" width=\"139\">Su (%) \u2264<\/td>\n<td style=\"width: 25.114%; text-align: center; height: 24px;\" colspan=\"2\" width=\"148\">1<\/td>\n<td class=\"et2\" style=\"height: 24px; width: 25.1904%;\" width=\"139\" height=\"21\">Alkali Direnci<\/td>\n<td class=\"et2\" style=\"height: 24px; width: 24.2009%; text-align: center;\" width=\"157\" height=\"21\">3<\/td>\n<\/tr>\n<tr style=\"height: 24px;\">\n<td style=\"width: 24.277%; height: 24px;\" width=\"139\">Suda \u00c7\u00f6z\u00fcn\u00fcr (%) \u2264<\/td>\n<td style=\"width: 25.114%; text-align: center; height: 24px;\" colspan=\"2\" width=\"148\">1<\/td>\n<td class=\"et2\" style=\"height: 24px; width: 25.1904%;\" width=\"139\" height=\"21\">Alkol Direnci<\/td>\n<td class=\"et2\" style=\"height: 24px; width: 24.2009%; text-align: center;\" width=\"157\" height=\"21\">5<\/td>\n<\/tr>\n<tr style=\"height: 24px;\">\n<td style=\"width: 24.277%; height: 24px;\" width=\"139\">Kal\u0131nt\u0131 (325 mesh) \u2264<\/td>\n<td style=\"width: 25.114%; text-align: center; height: 24px;\" colspan=\"2\" width=\"148\">0.3<\/td>\n<td class=\"et2\" style=\"height: 24px; width: 25.1904%;\" width=\"139\" height=\"21\">Yo\u011funluk (mg\/100g)<\/td>\n<td class=\"et2\" style=\"height: 24px; width: 24.2009%; text-align: center;\" width=\"157\" height=\"21\">5.20-5.80<\/td>\n<\/tr>\n<tr style=\"height: 24px;\">\n<td style=\"width: 24.277%; height: 24px;\" width=\"139\">PH de\u011feri<\/td>\n<td style=\"width: 25.114%; text-align: center; height: 24px;\" colspan=\"2\" width=\"148\">5.0-7.5<\/td>\n<td style=\"width: 25.1904%; height: 24px;\" width=\"184\"><\/td>\n<td style=\"width: 24.2009%; height: 24px;\" width=\"148\"><\/td>\n<\/tr>\n<tr style=\"height: 24px;\">\n<td style=\"width: 24.277%; height: 24px;\" width=\"139\">Ya\u011f Emme (%)\u2264<\/td>\n<td style=\"width: 25.114%; text-align: center; height: 24px;\" colspan=\"2\" width=\"148\">22<\/td>\n<td class=\"et2\" style=\"height: 24px; width: 25.1904%;\" height=\"26\"><\/td>\n<td class=\"et4\" style=\"width: 24.2009%; text-align: center; height: 24px;\"><\/td>\n<\/tr>\n<tr style=\"height: 48px;\">\n<td style=\"width: 98.7823%; background-color: #ababab; height: 10px;\" colspan=\"5\" width=\"125\"><span style=\"font-size: 14pt;\"><strong>Paketleme<\/strong><\/span><\/td>\n<\/tr>\n<tr style=\"height: 48px;\">\n<td style=\"width: 98.7823%; height: 10px;\" colspan=\"5\" width=\"125\">25kgs\/\u00e7anta 1000kgs\/Palet<\/td>\n<\/tr>\n<tr style=\"height: 24px;\">\n<td style=\"width: 98.7823%; height: 10px;\" colspan=\"5\" width=\"125\"><\/td>\n<\/tr>\n<tr style=\"height: 24px;\">\n<td style=\"width: 49.391%; background-color: #ababab; height: 10px;\" colspan=\"3\" width=\"125\"><span style=\"font-size: 14pt;\"><strong>Depolama<\/strong><\/span><\/td>\n<td style=\"width: 25.1904%; height: 10px;\" width=\"125\"><span style=\"font-size: 14pt;\"><strong>Raf \u00d6mr\u00fc<\/strong><\/span><\/td>\n<td style=\"width: 24.2009%; height: 10px;\" width=\"125\"><span style=\"font-size: 12pt;\">5 y\u0131l<\/span><\/td>\n<\/tr>\n<tr style=\"height: 24px;\">\n<td style=\"width: 98.7823%; height: 10px;\" colspan=\"5\" width=\"375\"><span style=\"font-size: 12pt;\">Serin, kuru ve havaland\u0131r\u0131lm\u0131\u015f bir yerde saklanmal\u0131d\u0131r.<\/span><\/td>\n<\/tr>\n<tr style=\"height: 24px;\">\n<td style=\"width: 98.7823%; height: 10px;\" colspan=\"5\" width=\"125\"><\/td>\n<\/tr>\n<tr style=\"height: 24px;\">\n<td style=\"width: 98.7823%; background-color: #ababab; height: 10px;\" colspan=\"5\" width=\"125\"><span style=\"font-size: 14pt;\"><strong>ULA\u015eIM<\/strong><\/span><\/td>\n<\/tr>\n<tr style=\"height: 48px;\">\n<td style=\"width: 98.7823%; height: 10px;\" colspan=\"5\" width=\"375\"><span style=\"font-size: 12pt;\">Ters \u00e7evirme, g\u00fcne\u015f \u0131\u015f\u0131\u011f\u0131, nem ve \u00e7arpmalardan ka\u00e7\u0131n\u0131n. Pakete zarar vermekten ka\u00e7\u0131n\u0131n.<\/span><\/td>\n<\/tr>\n<\/tbody>\n<\/table>\n<ul>\n<li>I\u015f\u0131k hasl\u0131\u011f\u0131: I\u015f\u0131k hasl\u0131\u011f\u0131 derecesi, 1 = \u2018Zay\u0131f\u2019 ve 8 = \u2018M\u00fckemmel\u2019 olan 1 ila 8 Mavi Y\u00fcn \u00f6l\u00e7e\u011finde de\u011ferlendirilir.<\/li>\n<li>Is\u0131 Stabilitesi : Verilen \u0131s\u0131 stabilitesi de\u011ferleri, pigmentin tam g\u00f6lgede ve indirgemelerde 10 dakika boyunca g\u00f6lgede \u00f6nemli bir de\u011fi\u015fikli\u011fe u\u011framadan bekletilebilece\u011fi maksimum s\u0131cakl\u0131\u011f\u0131 g\u00f6sterir.<\/li>\n<li>Ya\u011f emilimi: Ya\u011f emilimi EN ISO 787-5'e g\u00f6re belirlenir ve 100 g pigment ba\u015f\u0131na g keten tohumu ya\u011f\u0131 olarak verilir.<\/li>\n<li>Solvent kanamas\u0131: \u00c7\u00f6z\u00fcc\u00fclerdeki kanama, toz kaliteleri ve 1 ila 5 Gri \u00f6l\u00e7ekte verilen g\u00f6rsel derecelendirme kullan\u0131larak test edilir.<br \/>\nburada 1 = \u2018A\u011f\u0131r kanama\u2019 ve 5 = \u2018Kanama yok\u201d<\/li>\n<\/ul>\n<p>Sorumluluk Reddi - Bu veri sayfas\u0131nda verilen bilgiler, mevcut bilgi birikimimize dayanmaktad\u0131r ve \u00fcr\u00fcnlerimizin ve olas\u0131 uygulamalar\u0131n\u0131n genel bir a\u00e7\u0131klamas\u0131 olarak tasarlanm\u0131\u015ft\u0131r. Form\u00fclasyonlar\u0131n, \u00fcretim ve uygulama ko\u015fullar\u0131n\u0131n \u00e7oklu\u011fu nedeniyle, yukar\u0131da belirtilen t\u00fcm veriler i\u015fleyicinin ko\u015fullar\u0131na g\u00f6re ayarlanmal\u0131d\u0131r. Patent haklar\u0131 da dahil olmak \u00fczere, bireysel durumlar i\u00e7in bu durumdan hi\u00e7bir y\u00fck\u00fcml\u00fcl\u00fck \u00e7\u0131kar\u0131lamaz. Bu \u00fcr\u00fcn\u00fcn &lt; 0,1 \u03bcm partik\u00fcller i\u00e7erdi\u011fi g\u00f6z ard\u0131 edilemez. Bu \u00fcr\u00fcn\u00fcn herhangi bir kullan\u0131c\u0131s\u0131, Sudarshan \u00fcr\u00fcnlerinin kendi \u00f6zel uygulamas\u0131 i\u00e7in uygunlu\u011funu belirlemekten ve herhangi bir m\u00fclkiyet hakk\u0131 ve mevcut yasa ve mevzuata uyulmas\u0131n\u0131 sa\u011flamaktan sorumludur.<\/p>","protected":false},"excerpt":{"rendered":"<p>C.I.NO: PR104<\/p>\n<p>Avantaj:<\/p>\n<p>\u00d6nerilen Ana Uygulama: Plastikler, Kaplamalar<\/p>","protected":false},"featured_media":3745,"template":"","meta":[],"product_brand":[],"product_cat":[65,57],"product_tag":[],"class_list":{"0":"post-3747","1":"product","2":"type-product","3":"status-publish","4":"has-post-thumbnail","6":"product_cat-chrome-pigments","7":"product_cat-inorganic-pigments","9":"first","10":"instock","11":"shipping-taxable","12":"product-type-simple"},"_links":{"self":[{"href":"https:\/\/www.honorpigment.com\/tr\/wp-json\/wp\/v2\/product\/3747","targetHints":{"allow":["GET"]}}],"collection":[{"href":"https:\/\/www.honorpigment.com\/tr\/wp-json\/wp\/v2\/product"}],"about":[{"href":"https:\/\/www.honorpigment.com\/tr\/wp-json\/wp\/v2\/types\/product"}],"version-history":[{"count":0,"href":"https:\/\/www.honorpigment.com\/tr\/wp-json\/wp\/v2\/product\/3747\/revisions"}],"wp:featuredmedia":[{"embeddable":true,"href":"https:\/\/www.honorpigment.com\/tr\/wp-json\/wp\/v2\/media\/3745"}],"wp:attachment":[{"href":"https:\/\/www.honorpigment.com\/tr\/wp-json\/wp\/v2\/media?parent=3747"}],"wp:term":[{"taxonomy":"product_brand","embeddable":true,"href":"https:\/\/www.honorpigment.com\/tr\/wp-json\/wp\/v2\/product_brand?post=3747"},{"taxonomy":"product_cat","embeddable":true,"href":"https:\/\/www.honorpigment.com\/tr\/wp-json\/wp\/v2\/product_cat?post=3747"},{"taxonomy":"product_tag","embeddable":true,"href":"https:\/\/www.honorpigment.com\/tr\/wp-json\/wp\/v2\/product_tag?post=3747"}],"curies":[{"name":"wp","href":"https:\/\/api.w.org\/{rel}","templated":true}]}}