{"id":3746,"date":"2025-09-24T16:45:52","date_gmt":"2025-09-24T08:45:52","guid":{"rendered":"https:\/\/www.honorpigments.com\/?post_type=product&#038;p=3746"},"modified":"2026-05-02T16:40:14","modified_gmt":"2026-05-02T08:40:14","slug":"molybdate-chrome-orange-411-pigment-red-104-2","status":"publish","type":"product","link":"https:\/\/www.honorpigment.com\/tr\/urun\/molybdate-chrome-orange-411-pigment-red-104-2\/","title":{"rendered":"PIGMENT KIRMIZISI 104\/ MOLIBDAT KIRMIZISI 401D"},"content":{"rendered":"<h2><strong>Product Description &#8211; PIGMENTRED104<\/strong><\/h2>\n<p>MOLYBDATE RED 401D (PIGMENT RED 104) offers bright red to orange hues with high tinting strength and strong hiding power. It features excellent resistance to solvents, water, and wax, along with good lightfastness and easy dispersion in coatings, plastics, and inks. Additionally, it provides cost-effectiveness and maintains stability in moderate-temperature applications.<\/p>\n<h2><strong>\u00d6nerilen Uygulama<\/strong><\/h2>\n<p>Kaplamalar: oto boyalar\u0131, y\u00fcksek kaliteli f\u0131r\u0131n boyalar\u0131<br \/>\nPlastikler: PE, PP, PC, PBT, PVC, PU, POM, PS, PET, EVA, ABS<\/p>\n<h2><strong>Teknik Veriler<\/strong><\/h2>\n<table style=\"height: 338px;width: 95%;border-color: #050505\" width=\"95%\">\n<tbody>\n<tr style=\"height: 28px\">\n<td style=\"width: 98.7823%;background-color: #ababab;height: 10px\" colspan=\"5\" width=\"125\"><span style=\"font-size: 14pt\"><strong>\u00dcr\u00fcn Bilgileri<\/strong><\/span><\/td>\n<\/tr>\n<tr style=\"height: 24px\">\n<td style=\"width: 24.277%;height: 10px\" width=\"125\"><span style=\"font-size: 12pt\">Kimyasal Tip<\/span><\/td>\n<td style=\"width: 25.114%;height: 10px;text-align: center\" colspan=\"2\" width=\"125\"><\/td>\n<td style=\"width: 25.1904%;height: 10px\" width=\"125\"><span style=\"font-size: 12pt\">CAS NO.<\/span><\/td>\n<td class=\"et3\" style=\"height: 10px;width: 24.2009%;text-align: center\" width=\"148\" height=\"26\">12656-85-8<\/td>\n<\/tr>\n<tr style=\"height: 48px\">\n<td style=\"width: 24.277%;height: 10px\" width=\"125\"><span style=\"font-size: 12pt\">C. I. \u0130sim<\/span><\/td>\n<td style=\"width: 25.114%;height: 10px;text-align: center\" colspan=\"2\" width=\"125\">Pigment K\u0131rm\u0131z\u0131 104<\/td>\n<td style=\"width: 25.1904%;height: 10px\" width=\"125\"><span style=\"font-size: 12pt\">EINECS \/ ELINCS NO.<\/span><\/td>\n<td class=\"et2\" style=\"height: 10px;width: 24.2009%;text-align: center\" height=\"26\">235-759-9<\/td>\n<\/tr>\n<tr style=\"height: 48px\">\n<td style=\"width: 24.277%;height: 10px\" width=\"125\"><span style=\"font-size: 12pt\">C. I. Anayasa No.<\/span><\/td>\n<td style=\"width: 25.114%;height: 10px;text-align: center\" colspan=\"2\" width=\"125\">77605<\/td>\n<td style=\"width: 25.1904%;height: 10px\" width=\"125\"><span style=\"font-size: 12pt\">Kimyasal Form\u00fcl<\/span><\/td>\n<td class=\"et5\" style=\"height: 10px;width: 24.2009%;text-align: center\" width=\"148\" height=\"53\"><\/td>\n<\/tr>\n<tr style=\"height: 24px\">\n<td style=\"width: 98.7823%;height: 10px\" colspan=\"5\" width=\"125\"><\/td>\n<\/tr>\n<tr style=\"height: 28px\">\n<td style=\"width: 98.7823%;background-color: #ababab;height: 10px\" colspan=\"5\" width=\"125\"><span style=\"font-size: 14pt\"><strong>Teknik Performans<\/strong><\/span><\/td>\n<\/tr>\n<tr style=\"height: 24px\">\n<td style=\"width: 24.277%;height: 10px\" width=\"125\"><\/td>\n<td style=\"width: 12.4048%;height: 10px;text-align: center\" width=\"125\"><span style=\"font-size: 12pt\">Tam G\u00f6lge<\/span><\/td>\n<td style=\"width: 12.7092%;height: 10px;text-align: center\" width=\"125\"><span style=\"font-size: 12pt\">Renk Tonu<\/span><\/td>\n<td style=\"width: 25.1904%;height: 10px\" width=\"125\"><\/td>\n<td style=\"width: 24.2009%;height: 10px\" width=\"125\"><\/td>\n<\/tr>\n<tr style=\"height: 48px\">\n<td style=\"width: 24.277%;height: 10px\" width=\"125\"><span style=\"font-size: 12pt\">Hava Ko\u015fullar\u0131na Dayan\u0131kl\u0131l\u0131k<\/span><\/td>\n<td class=\"et3\" style=\"height: 10px;width: 12.4048%;text-align: center\" width=\"148\" height=\"26\">5<\/td>\n<td class=\"et4\" style=\"width: 12.7092%;height: 10px;text-align: center\" width=\"113\">5<\/td>\n<td style=\"width: 25.1904%;height: 10px\" width=\"125\">Is\u0131 direnci (\u2103)<\/td>\n<td style=\"width: 24.2009%;height: 10px;text-align: center\" width=\"125\">220\u2103<\/td>\n<\/tr>\n<tr style=\"height: 24px\">\n<td style=\"width: 24.277%;height: 10px\" width=\"125\"><span style=\"font-size: 12pt\">I\u015f\u0131k Hasl\u0131\u011f\u0131<\/span><\/td>\n<td class=\"et5\" style=\"height: 10px;width: 12.4048%;text-align: center\" height=\"26\">7-8<\/td>\n<td class=\"et4\" style=\"width: 12.7092%;height: 10px;text-align: center\">7-8<\/td>\n<td style=\"width: 25.1904%;height: 10px\" width=\"125\"><\/td>\n<td style=\"width: 24.2009%;height: 10px\" width=\"125\"><\/td>\n<\/tr>\n<tr style=\"height: 24px\">\n<td style=\"width: 98.7823%;height: 10px\" colspan=\"5\" width=\"125\"><\/td>\n<\/tr>\n<tr style=\"height: 24px\">\n<td style=\"width: 98.7823%;background-color: #ababab;height: 10px\" colspan=\"5\" width=\"125\"><span style=\"font-size: 14pt\"><strong>Fiziksel \u00d6zellikler<\/strong><\/span><\/td>\n<\/tr>\n<tr style=\"height: 48px\">\n<td style=\"width: 24.277%;height: 10px\" width=\"125\"><span style=\"font-size: 12pt\">Fiziksel Bi\u00e7im<\/span><\/td>\n<td style=\"width: 25.114%;height: 10px;text-align: center\" colspan=\"2\" width=\"125\"><span style=\"font-size: 12pt\">Toz<\/span><\/td>\n<td class=\"et2\" style=\"height: 10px;width: 25.1904%\" width=\"139\" height=\"21\">Suya Dayan\u0131kl\u0131l\u0131k<\/td>\n<td class=\"et2\" style=\"height: 10px;width: 24.2009%;text-align: center\" width=\"157\" height=\"21\">5<\/td>\n<\/tr>\n<tr style=\"height: 18px\">\n<td style=\"width: 24.277%;height: 18px\" width=\"139\">G\u00fc\u00e7 (%)<\/td>\n<td style=\"width: 25.114%;text-align: center;height: 18px\" colspan=\"2\" width=\"148\">100\u00b13<\/td>\n<td class=\"et2\" style=\"height: 18px;width: 25.1904%\" width=\"139\" height=\"21\">Asit Direnci<\/td>\n<td class=\"et2\" style=\"height: 18px;width: 24.2009%;text-align: center\" width=\"157\" height=\"21\">4<\/td>\n<\/tr>\n<tr style=\"height: 24px\">\n<td style=\"width: 24.277%;height: 24px\" width=\"139\">Su (%) \u2264<\/td>\n<td style=\"width: 25.114%;text-align: center;height: 24px\" colspan=\"2\" width=\"148\">1<\/td>\n<td class=\"et2\" style=\"height: 24px;width: 25.1904%\" width=\"139\" height=\"21\">Alkali Direnci<\/td>\n<td class=\"et2\" style=\"height: 24px;width: 24.2009%;text-align: center\" width=\"157\" height=\"21\">4<\/td>\n<\/tr>\n<tr style=\"height: 24px\">\n<td style=\"width: 24.277%;height: 24px\" width=\"139\">Suda \u00c7\u00f6z\u00fcn\u00fcr (%) \u2264<\/td>\n<td style=\"width: 25.114%;text-align: center;height: 24px\" colspan=\"2\" width=\"148\">1<\/td>\n<td class=\"et2\" style=\"height: 24px;width: 25.1904%\" width=\"139\" height=\"21\">Alkol Direnci<\/td>\n<td class=\"et2\" style=\"height: 24px;width: 24.2009%;text-align: center\" width=\"157\" height=\"21\">5<\/td>\n<\/tr>\n<tr style=\"height: 24px\">\n<td style=\"width: 24.277%;height: 24px\" width=\"139\">Kal\u0131nt\u0131 (325 mesh) \u2264<\/td>\n<td style=\"width: 25.114%;text-align: center;height: 24px\" colspan=\"2\" width=\"148\">0.3<\/td>\n<td class=\"et2\" style=\"height: 24px;width: 25.1904%\" width=\"139\" height=\"21\">Yo\u011funluk (mg\/100g)<\/td>\n<td class=\"et2\" style=\"height: 24px;width: 24.2009%;text-align: center\" width=\"157\" height=\"21\">5.20-5.80<\/td>\n<\/tr>\n<tr style=\"height: 24px\">\n<td style=\"width: 24.277%;height: 24px\" width=\"139\">PH de\u011feri<\/td>\n<td style=\"width: 25.114%;text-align: center;height: 24px\" colspan=\"2\" width=\"148\">5.0-7.5<\/td>\n<td style=\"width: 25.1904%;height: 24px\" width=\"184\"><\/td>\n<td style=\"width: 24.2009%;height: 24px\" width=\"148\"><\/td>\n<\/tr>\n<tr style=\"height: 24px\">\n<td style=\"width: 24.277%;height: 24px\" width=\"139\">Ya\u011f Emme (%)\u2264<\/td>\n<td style=\"width: 25.114%;text-align: center;height: 24px\" colspan=\"2\" width=\"148\">22<\/td>\n<td class=\"et2\" style=\"height: 24px;width: 25.1904%\" height=\"26\"><\/td>\n<td class=\"et4\" style=\"width: 24.2009%;text-align: center;height: 24px\"><\/td>\n<\/tr>\n<tr style=\"height: 48px\">\n<td style=\"width: 98.7823%;background-color: #ababab;height: 10px\" colspan=\"5\" width=\"125\"><span style=\"font-size: 14pt\"><strong>Paketleme<\/strong><\/span><\/td>\n<\/tr>\n<tr style=\"height: 48px\">\n<td style=\"width: 98.7823%;height: 10px\" colspan=\"5\" width=\"125\">25kgs\/\u00e7anta 1000kgs\/Palet<\/td>\n<\/tr>\n<tr style=\"height: 24px\">\n<td style=\"width: 98.7823%;height: 10px\" colspan=\"5\" width=\"125\"><\/td>\n<\/tr>\n<tr style=\"height: 24px\">\n<td style=\"width: 49.391%;background-color: #ababab;height: 10px\" colspan=\"3\" width=\"125\"><span style=\"font-size: 14pt\"><strong>Depolama<\/strong><\/span><\/td>\n<td style=\"width: 25.1904%;height: 10px\" width=\"125\"><span style=\"font-size: 14pt\"><strong>Raf \u00d6mr\u00fc<\/strong><\/span><\/td>\n<td style=\"width: 24.2009%;height: 10px\" width=\"125\"><span style=\"font-size: 12pt\">5 y\u0131l<\/span><\/td>\n<\/tr>\n<tr style=\"height: 24px\">\n<td style=\"width: 98.7823%;height: 10px\" colspan=\"5\" width=\"375\"><span style=\"font-size: 12pt\">Serin, kuru ve havaland\u0131r\u0131lm\u0131\u015f bir yerde saklanmal\u0131d\u0131r.<\/span><\/td>\n<\/tr>\n<tr style=\"height: 24px\">\n<td style=\"width: 98.7823%;height: 10px\" colspan=\"5\" width=\"125\"><\/td>\n<\/tr>\n<tr style=\"height: 24px\">\n<td style=\"width: 98.7823%;background-color: #ababab;height: 10px\" colspan=\"5\" width=\"125\"><span style=\"font-size: 14pt\"><strong>ULA\u015eIM<\/strong><\/span><\/td>\n<\/tr>\n<tr style=\"height: 48px\">\n<td style=\"width: 98.7823%;height: 10px\" colspan=\"5\" width=\"375\"><span style=\"font-size: 12pt\">Ters \u00e7evirme, g\u00fcne\u015f \u0131\u015f\u0131\u011f\u0131, nem ve \u00e7arpmalardan ka\u00e7\u0131n\u0131n. Pakete zarar vermekten ka\u00e7\u0131n\u0131n.<\/span><\/td>\n<\/tr>\n<\/tbody>\n<\/table>\n<ul>\n<li>I\u015f\u0131k hasl\u0131\u011f\u0131: I\u015f\u0131k hasl\u0131\u011f\u0131 derecesi, 1 = \u2018Zay\u0131f\u2019 ve 8 = \u2018M\u00fckemmel\u2019 olan 1 ila 8 Mavi Y\u00fcn \u00f6l\u00e7e\u011finde de\u011ferlendirilir.<\/li>\n<li>Is\u0131 Stabilitesi : Verilen \u0131s\u0131 stabilitesi de\u011ferleri, pigmentin tam g\u00f6lgede ve indirgemelerde 10 dakika boyunca g\u00f6lgede \u00f6nemli bir de\u011fi\u015fikli\u011fe u\u011framadan bekletilebilece\u011fi maksimum s\u0131cakl\u0131\u011f\u0131 g\u00f6sterir.<\/li>\n<li>Ya\u011f emilimi: Ya\u011f emilimi EN ISO 787-5'e g\u00f6re belirlenir ve 100 g pigment ba\u015f\u0131na g keten tohumu ya\u011f\u0131 olarak verilir.<\/li>\n<li>Solvent kanamas\u0131: \u00c7\u00f6z\u00fcc\u00fclerdeki kanama, toz kaliteleri ve 1 ila 5 Gri \u00f6l\u00e7ekte verilen g\u00f6rsel derecelendirme kullan\u0131larak test edilir.<br \/>\nburada 1 = \u2018A\u011f\u0131r kanama\u2019 ve 5 = \u2018Kanama yok\u201d<\/li>\n<\/ul>\n<p>Disclaimer \u2013 The information given in this data sheet is based on the present state of our knowledge &amp; is intended as a general description of our products &amp; their possible applications. Due to the multitude of formulations, production &amp; application conditions, all the above mentioned data have to be adjusted to the circumstances of the processor. No liabilities, including those for patent rights, can be derived from this fact for individual cases. It cannot be ruled out that this product contains particles &lt; 0.1 \u03bcm. Any user of this product is responsible for determining the suitability of Honor Pigments\u2019s products for its particular application &amp; to ensure that any proprietary rights &amp; existing laws &amp; legislation are observed.<\/p>\n<div class=\"honor-product-overview\" style=\"margin-top:40px;border-top:2px solid #f6c405;padding-top:30px\">\n<h3>Why Choose Honor Pigments?<\/h3>\n<ul>\n<li>\ud83c\udf0d <strong>Global Export Expertise<\/strong> \u2014 Trusted by customers in 40+ countries for consistent quality and reliable supply<\/li>\n<li>\u2705 <strong>Strict Quality Control<\/strong> \u2014 ISO 9001 certified with batch-to-batch consistency and zero-defect policy<\/li>\n<li>\ud83d\udcb0 <strong>OEM Production Advantage<\/strong> \u2014 Competitive pricing without compromising pigment performance<\/li>\n<li>\ud83e\uddea <strong>Technical Support<\/strong> \u2014 Free color matching, formulation advice and sample testing before bulk order<\/li>\n<\/ul>\n<div style=\"background:#f8f9fa;padding:20px;border-left:4px solid #f6c405;margin:20px 0\">\n<p><strong>\ud83d\udce9 Need more details?<\/strong><\/p>\n<p>Request TDS, SDS, or a free sample for testing.<\/p>\n<\/div>\n<\/div>","protected":false},"excerpt":{"rendered":"<p>C.I.NO: PR104<\/p>\n<p>Avantaj:<\/p>\n<p>\u00d6nerilen Ana Uygulama: Plastikler, Kaplamalar<\/p>","protected":false},"featured_media":3745,"template":"","meta":{"rank_math_focus_keyword":"PIGMENT RED 104","rank_math_description":"MOLYBDATE RED 401D (PIGMENT RED 104): bright hues, strong resistances, easy dispersion; cost-effective for coatings, plastics, inks with good lightfastness.","rank_math_robots":null,"_rank_math_focus_keyword":"pigment red 104","rank_math_seo_score":"75"},"product_brand":[],"product_cat":[65,57],"product_tag":[365],"class_list":{"0":"post-3746","1":"product","2":"type-product","3":"status-publish","4":"has-post-thumbnail","6":"product_cat-chrome-pigments","7":"product_cat-inorganic-pigments","8":"product_tag-pr104","9":"stm_brands-honor-pigments","11":"first","12":"instock","13":"shipping-taxable","14":"product-type-simple"},"_links":{"self":[{"href":"https:\/\/www.honorpigment.com\/tr\/wp-json\/wp\/v2\/product\/3746","targetHints":{"allow":["GET"]}}],"collection":[{"href":"https:\/\/www.honorpigment.com\/tr\/wp-json\/wp\/v2\/product"}],"about":[{"href":"https:\/\/www.honorpigment.com\/tr\/wp-json\/wp\/v2\/types\/product"}],"version-history":[{"count":6,"href":"https:\/\/www.honorpigment.com\/tr\/wp-json\/wp\/v2\/product\/3746\/revisions"}],"predecessor-version":[{"id":8902,"href":"https:\/\/www.honorpigment.com\/tr\/wp-json\/wp\/v2\/product\/3746\/revisions\/8902"}],"wp:featuredmedia":[{"embeddable":true,"href":"https:\/\/www.honorpigment.com\/tr\/wp-json\/wp\/v2\/media\/3745"}],"wp:attachment":[{"href":"https:\/\/www.honorpigment.com\/tr\/wp-json\/wp\/v2\/media?parent=3746"}],"wp:term":[{"taxonomy":"product_brand","embeddable":true,"href":"https:\/\/www.honorpigment.com\/tr\/wp-json\/wp\/v2\/product_brand?post=3746"},{"taxonomy":"product_cat","embeddable":true,"href":"https:\/\/www.honorpigment.com\/tr\/wp-json\/wp\/v2\/product_cat?post=3746"},{"taxonomy":"product_tag","embeddable":true,"href":"https:\/\/www.honorpigment.com\/tr\/wp-json\/wp\/v2\/product_tag?post=3746"}],"curies":[{"name":"wp","href":"https:\/\/api.w.org\/{rel}","templated":true}]}}