{"id":3722,"date":"2025-09-23T15:56:39","date_gmt":"2025-09-23T07:56:39","guid":{"rendered":"https:\/\/www.honorpigments.com\/?post_type=product&#038;p=3722"},"modified":"2026-05-02T16:40:39","modified_gmt":"2026-05-02T08:40:39","slug":"iron-oxide-green-835","status":"publish","type":"product","link":"https:\/\/www.honorpigment.com\/tr\/urun\/iron-oxide-green-835\/","title":{"rendered":"DEMIR OKSIT YE\u015eILI 835"},"content":{"rendered":"<h3><strong>\u00d6zellikler:<\/strong><\/h3>\n<p align=\"left\">IRON OXIDE GREEN 835 has excellent light and weather fastness, retaining stable green without fading. It is co IRON OXIDE GREEN 835 is formulated to meet the rigorous demands of various industrial applications. Its superior performance in color stability and resistance to environmental factors makes it an ideal choice for manufacturers seeking reliability. The pigment&#8217;s versatility allows for seamless integration into diverse formulations, ensuring optimal results across multiple substrates. Thus, it stands as a preferred option for enhancing the quality and longevity of products. mpatible with coatings, plastics and other systems, with good hiding power and low usage.<\/p>\n<h3><strong>\u00d6nerilen Uygulama<\/strong><strong>\uff1a<\/strong><\/h3>\n<p>duvar tu\u011flalar\u0131, \u00e7imentolar, kald\u0131r\u0131m tu\u011flalar\u0131, boyalar, kaplamalar, plastikler, kau\u00e7uk vb.<\/p>\n<h3><strong>Teknik Veriler:<\/strong><\/h3>\n<table style=\"height: 343px;width: 95%;border-color: #050505\" width=\"95%\">\n<tbody>\n<tr style=\"height: 28px\">\n<td style=\"width: 98.7062%;background-color: #ababab;height: 10px\" colspan=\"5\" width=\"125\"><span style=\"font-size: 14pt\"><strong>\u00dcr\u00fcn Bilgileri<\/strong><\/span><\/td>\n<\/tr>\n<tr style=\"height: 24px\">\n<td style=\"width: 24.277%;height: 10px\" width=\"125\"><span style=\"font-size: 12pt\">Kimyasal Tip<\/span><\/td>\n<td style=\"width: 25.114%;height: 10px;text-align: center\" colspan=\"2\" width=\"125\"><\/td>\n<td style=\"width: 25.1904%;height: 10px\" width=\"125\"><span style=\"font-size: 12pt\">CAS NO.<\/span><\/td>\n<td class=\"et3\" style=\"height: 10px;width: 24.1248%;text-align: center\" width=\"148\" height=\"26\">51274-00-1, 147-14-8<\/td>\n<\/tr>\n<tr style=\"height: 48px\">\n<td style=\"width: 24.277%;height: 10px\" width=\"125\"><span style=\"font-size: 12pt\">C. I. \u0130sim<\/span><\/td>\n<td style=\"width: 25.114%;height: 10px;text-align: center\" colspan=\"2\" width=\"125\">The mixture of PY42 and PB15:3<\/td>\n<td style=\"width: 25.1904%;height: 10px\" width=\"125\"><span style=\"font-size: 12pt\">EINECS \/ ELINCS NO.<\/span><\/td>\n<td class=\"et3\" style=\"height: 10px;width: 24.1248%;text-align: center\" width=\"148\" height=\"26\">257-098-5, 205-685-1<\/td>\n<\/tr>\n<tr style=\"height: 48px\">\n<td style=\"width: 24.277%;height: 10px\" width=\"125\"><span style=\"font-size: 12pt\">C. I. Anayasa No.<\/span><\/td>\n<td style=\"width: 25.114%;height: 10px;text-align: center\" colspan=\"2\" width=\"125\"><\/td>\n<td style=\"width: 25.1904%;height: 10px\" width=\"125\"><span style=\"font-size: 12pt\">Kimyasal Form\u00fcl<\/span><\/td>\n<td class=\"et3\" style=\"height: 10px;width: 24.1248%;text-align: center\" width=\"148\" height=\"26\"><\/td>\n<\/tr>\n<tr style=\"height: 24px\">\n<td style=\"width: 98.7062%;height: 10px\" colspan=\"5\" width=\"125\"><\/td>\n<\/tr>\n<tr style=\"height: 28px\">\n<td style=\"width: 98.7062%;background-color: #ababab;height: 10px\" colspan=\"5\" width=\"125\"><span style=\"font-size: 14pt\"><strong>Teknik Performans<\/strong><\/span><\/td>\n<\/tr>\n<tr style=\"height: 24px\">\n<td style=\"width: 24.277%;height: 10px\" width=\"125\"><\/td>\n<td style=\"width: 12.4809%;height: 10px;text-align: center\" width=\"125\"><span style=\"font-size: 12pt\">Tam G\u00f6lge<\/span><\/td>\n<td style=\"width: 12.6331%;height: 10px;text-align: center\" width=\"125\"><span style=\"font-size: 12pt\">Renk Tonu<\/span><\/td>\n<td style=\"width: 25.1904%;height: 10px\" width=\"125\"><\/td>\n<td style=\"width: 24.1248%;height: 10px\" width=\"125\"><\/td>\n<\/tr>\n<tr style=\"height: 48px\">\n<td style=\"width: 24.277%;height: 10px\" width=\"125\"><span style=\"font-size: 12pt\">Hava Ko\u015fullar\u0131na Dayan\u0131kl\u0131l\u0131k<\/span><\/td>\n<td class=\"et3\" style=\"height: 10px;width: 12.4809%;text-align: center\" width=\"148\" height=\"26\">5<\/td>\n<td class=\"et4\" style=\"width: 12.6331%;height: 10px;text-align: center\" width=\"113\">5<\/td>\n<td style=\"width: 25.1904%;height: 10px\" width=\"125\"><\/td>\n<td style=\"width: 24.1248%;height: 10px;text-align: center\" width=\"125\"><\/td>\n<\/tr>\n<tr style=\"height: 24px\">\n<td style=\"width: 24.277%;height: 10px\" width=\"125\"><span style=\"font-size: 12pt\">I\u015f\u0131k Hasl\u0131\u011f\u0131<\/span><\/td>\n<td class=\"et5\" style=\"height: 10px;width: 12.4809%;text-align: center\" height=\"26\">8<\/td>\n<td class=\"et4\" style=\"width: 12.6331%;height: 10px;text-align: center\">8<\/td>\n<td style=\"width: 25.1904%;height: 10px\" width=\"125\"><\/td>\n<td style=\"width: 24.1248%;height: 10px\" width=\"125\"><\/td>\n<\/tr>\n<tr style=\"height: 24px\">\n<td style=\"width: 98.7062%;height: 10px\" colspan=\"5\" width=\"125\"><\/td>\n<\/tr>\n<tr style=\"height: 24px\">\n<td style=\"width: 98.7062%;background-color: #ababab;height: 10px\" colspan=\"5\" width=\"125\"><span style=\"font-size: 14pt\"><strong>Fiziksel \u00d6zellikler<\/strong><\/span><\/td>\n<\/tr>\n<tr style=\"height: 48px\">\n<td style=\"width: 24.277%;height: 10px\" width=\"125\"><span style=\"font-size: 12pt\">Fiziksel Bi\u00e7im<\/span><\/td>\n<td style=\"width: 25.114%;height: 10px;text-align: center\" colspan=\"2\" width=\"125\"><span style=\"font-size: 12pt\">Toz<\/span><\/td>\n<td style=\"width: 25.1904%\" width=\"139\">Nem \uff1a<\/td>\n<td style=\"width: 24.1248%;text-align: center\" width=\"157\">\u22641.0%<\/td>\n<\/tr>\n<tr style=\"height: 13.50pt\">\n<td class=\"et2\" style=\"height: 13.5pt;width: 24.277%\" width=\"225\" height=\"18\">Content<span class=\"font2\">\uff08<\/span><span class=\"font1\">Fe3O4<\/span><span class=\"font2\">\uff09\uff1a<\/span><\/td>\n<td style=\"width: 25.114%;text-align: center\" colspan=\"2\" width=\"157\"><\/td>\n<td style=\"width: 25.1904%\" width=\"139\">PH De\u011feri:<\/td>\n<td style=\"width: 24.1248%;text-align: center\" width=\"157\">6-9<\/td>\n<\/tr>\n<tr style=\"height: 13.50pt\">\n<td class=\"et3\" style=\"height: 13.5pt;width: 24.277%\" width=\"225\" height=\"18\">Ya\u011f Emme:<\/td>\n<td style=\"width: 25.114%;text-align: center\" colspan=\"2\" width=\"157\">25-35 ml\/100g<\/td>\n<td style=\"width: 25.1904%\" width=\"139\">Yo\u011funluk\uff1a<\/td>\n<td style=\"width: 24.1248%;text-align: center\" width=\"157\">0.4-1.8<span style=\"font-family: inherit;font-size: inherit\">g\/cm3<\/span><\/td>\n<\/tr>\n<tr style=\"height: 13.50pt\">\n<td class=\"et3\" style=\"height: 13.5pt;width: 24.277%\" width=\"225\" height=\"18\">Residue on Sieve(90 sieve)<span class=\"font2\">\uff1a<\/span><\/td>\n<td style=\"width: 25.114%;text-align: center\" colspan=\"2\" width=\"157\">\u22640,3%<\/td>\n<td style=\"width: 25.1904%\" width=\"139\">par\u00e7ac\u0131k \u015fekli\uff1a<\/td>\n<td style=\"width: 24.1248%;text-align: center\" width=\"157\">irregular shape<\/td>\n<\/tr>\n<tr style=\"height: 13.50pt\">\n<td class=\"et3\" style=\"height: 13.5pt;width: 24.277%\" width=\"225\" height=\"18\">Water soluble content<span class=\"font2\">\uff1a<\/span><\/td>\n<td style=\"width: 25.114%;text-align: center\" colspan=\"2\" width=\"157\">\u22643.0%<\/td>\n<td style=\"width: 25.1904%\" width=\"139\">\u00a0Renk g\u00fcc\u00fc:<\/td>\n<td style=\"width: 24.1248%;text-align: center\" width=\"157\">95%~105%<\/td>\n<\/tr>\n<tr style=\"height: 27.75pt\">\n<td class=\"et3\" style=\"height: 27.75pt;width: 24.277%\" width=\"225\" height=\"37\"><\/td>\n<td style=\"width: 25.114%;text-align: center;height: 24px\" colspan=\"2\" width=\"148\"><\/td>\n<td style=\"width: 25.1904%\" width=\"139\">Kromatik sapma \u25b3E:<\/td>\n<td style=\"width: 24.1248%;text-align: center\" width=\"157\">\u22641.0<\/td>\n<\/tr>\n<tr style=\"height: 48px\">\n<td style=\"width: 98.7062%;background-color: #ababab;height: 10px\" colspan=\"5\" width=\"125\"><span style=\"font-size: 14pt\"><strong>Paketleme<\/strong><\/span><\/td>\n<\/tr>\n<tr style=\"height: 48px\">\n<td style=\"width: 98.7062%;height: 10px\" colspan=\"5\" width=\"125\">25kgs\/\u00e7anta 1000kgs\/Palet<\/td>\n<\/tr>\n<tr style=\"height: 24px\">\n<td style=\"width: 98.7062%;height: 10px\" colspan=\"5\" width=\"125\"><\/td>\n<\/tr>\n<tr style=\"height: 24px\">\n<td style=\"width: 49.391%;background-color: #ababab;height: 10px\" colspan=\"3\" width=\"125\"><span style=\"font-size: 14pt\"><strong>Depolama<\/strong><\/span><\/td>\n<td style=\"width: 25.1904%;height: 10px\" width=\"125\"><span style=\"font-size: 14pt\"><strong>Raf \u00d6mr\u00fc<\/strong><\/span><\/td>\n<td style=\"width: 24.1248%;height: 10px\" width=\"125\"><span style=\"font-size: 12pt\">5 y\u0131l<\/span><\/td>\n<\/tr>\n<tr style=\"height: 24px\">\n<td style=\"width: 98.7062%;height: 10px\" colspan=\"5\" width=\"375\"><span style=\"font-size: 12pt\">Serin, kuru ve havaland\u0131r\u0131lm\u0131\u015f bir yerde saklanmal\u0131d\u0131r.<\/span><\/td>\n<\/tr>\n<tr style=\"height: 24px\">\n<td style=\"width: 98.7062%;height: 10px\" colspan=\"5\" width=\"125\"><\/td>\n<\/tr>\n<tr style=\"height: 24px\">\n<td style=\"width: 98.7062%;background-color: #ababab;height: 10px\" colspan=\"5\" width=\"125\"><span style=\"font-size: 14pt\"><strong>ULA\u015eIM<\/strong><\/span><\/td>\n<\/tr>\n<tr style=\"height: 48px\">\n<td style=\"width: 98.7062%;height: 10px\" colspan=\"5\" width=\"375\"><span style=\"font-size: 12pt\">Ters \u00e7evirme, g\u00fcne\u015f \u0131\u015f\u0131\u011f\u0131, nem ve \u00e7arpmalardan ka\u00e7\u0131n\u0131n. Pakete zarar vermekten ka\u00e7\u0131n\u0131n.<\/span><\/td>\n<\/tr>\n<\/tbody>\n<\/table>\n<p>&nbsp;<\/p>\n<div class=\"honor-product-overview\" style=\"margin-top:40px;border-top:2px solid #f6c405;padding-top:30px\">\n<h3>Why Choose Honor Pigments?<\/h3>\n<ul>\n<li>\ud83c\udf0d <strong>Global Export Expertise<\/strong> \u2014 Trusted by customers in 40+ countries for consistent quality and reliable supply<\/li>\n<li>\u2705 <strong>Strict Quality Control<\/strong> \u2014 ISO 9001 certified with batch-to-batch consistency and zero-defect policy<\/li>\n<li>\ud83d\udcb0 <strong>OEM Production Advantage<\/strong> \u2014 Competitive pricing without compromising pigment performance<\/li>\n<li>\ud83e\uddea <strong>Technical Support<\/strong> \u2014 Free color matching, formulation advice and sample testing before bulk order<\/li>\n<\/ul>\n<div style=\"background:#f8f9fa;padding:20px;border-left:4px solid #f6c405;margin:20px 0\">\n<p><strong>\ud83d\udce9 Need more details?<\/strong><\/p>\n<p>Request TDS, SDS, or a free sample for testing.<\/p>\n<\/div>\n<\/div>","protected":false},"excerpt":{"rendered":"<p>C.I.NO:<\/p>\n<p>Avantaj:<\/p>\n<p>\u00d6nerilen Ana Uygulama: Kaplamalar, Plastikler<\/p>","protected":false},"featured_media":3723,"template":"","meta":{"rank_math_focus_keyword":"IRON OXIDE GREEN 835,IRON GREEN","rank_math_description":"Discover the benefits of IRON OXIDE GREEN 835 for coatings and plastics, featuring excellent fastness and strong hiding power.","rank_math_robots":null,"_rank_math_focus_keyword":"iron oxide green 835","rank_math_seo_score":"81"},"product_brand":[],"product_cat":[57,66],"product_tag":[367],"class_list":{"0":"post-3722","1":"product","2":"type-product","3":"status-publish","4":"has-post-thumbnail","6":"product_cat-inorganic-pigments","7":"product_cat-iron-oxide-pigments","8":"product_tag-iron-oxide-green","9":"stm_brands-honor-pigments","11":"first","12":"instock","13":"shipping-taxable","14":"product-type-simple"},"_links":{"self":[{"href":"https:\/\/www.honorpigment.com\/tr\/wp-json\/wp\/v2\/product\/3722","targetHints":{"allow":["GET"]}}],"collection":[{"href":"https:\/\/www.honorpigment.com\/tr\/wp-json\/wp\/v2\/product"}],"about":[{"href":"https:\/\/www.honorpigment.com\/tr\/wp-json\/wp\/v2\/types\/product"}],"version-history":[{"count":1,"href":"https:\/\/www.honorpigment.com\/tr\/wp-json\/wp\/v2\/product\/3722\/revisions"}],"predecessor-version":[{"id":8532,"href":"https:\/\/www.honorpigment.com\/tr\/wp-json\/wp\/v2\/product\/3722\/revisions\/8532"}],"wp:featuredmedia":[{"embeddable":true,"href":"https:\/\/www.honorpigment.com\/tr\/wp-json\/wp\/v2\/media\/3723"}],"wp:attachment":[{"href":"https:\/\/www.honorpigment.com\/tr\/wp-json\/wp\/v2\/media?parent=3722"}],"wp:term":[{"taxonomy":"product_brand","embeddable":true,"href":"https:\/\/www.honorpigment.com\/tr\/wp-json\/wp\/v2\/product_brand?post=3722"},{"taxonomy":"product_cat","embeddable":true,"href":"https:\/\/www.honorpigment.com\/tr\/wp-json\/wp\/v2\/product_cat?post=3722"},{"taxonomy":"product_tag","embeddable":true,"href":"https:\/\/www.honorpigment.com\/tr\/wp-json\/wp\/v2\/product_tag?post=3722"}],"curies":[{"name":"wp","href":"https:\/\/api.w.org\/{rel}","templated":true}]}}