{"id":3643,"date":"2025-09-19T10:29:48","date_gmt":"2025-09-19T02:29:48","guid":{"rendered":"https:\/\/www.honorpigments.com\/?post_type=product&#038;p=3643"},"modified":"2026-05-03T09:21:58","modified_gmt":"2026-05-03T01:21:58","slug":"solvent-violet-36-dyes-key-applications-benefits","status":"publish","type":"product","link":"https:\/\/www.honorpigment.com\/tr\/urun\/solvent-violet-36-dyes-key-applications-benefits\/","title":{"rendered":"Solvent Violet 36 Dyes &#8211; SV36 Solvent Dyes"},"content":{"rendered":"<h3 data-rm-block-id=\"block-1\"><strong><b>D<\/b><\/strong><strong><b>escription &#8211; SV36<\/b><\/strong><\/h3>\n<p data-rm-block-id=\"block-2\">Solvent Violet 36 is a reddish violet transparent oil solvent dye.<\/p>\n<p data-rm-block-id=\"block-3\">It has excellent heat resistance and light resistance, good migration resistance and high tinting strength with wide application.<\/p>\n<p data-rm-block-id=\"block-4\">Solvent Violet 36 is used for coloring for plastics, PS, ABS, PMMA, PC, PET, polymer, fiber. polyester fiber, inks including inkjet ink.<\/p>\n<h3 data-rm-block-id=\"block-5\"><strong><b>Kimlik Bilgileri:<\/b><\/strong><\/h3>\n<p data-rm-block-id=\"block-6\">Color Index: Solvent Violet 36<\/p>\n<p data-rm-block-id=\"block-7\">CAS No.: 61951-89-1<\/p>\n<p data-rm-block-id=\"block-8\">Molek\u00fcler form\u00fcl: C<sub>26<\/sub>H<sub>18<\/sub>N<sub>4<\/sub>O<sub>2<\/sub><\/p>\n<p data-rm-block-id=\"block-9\">Chemical\u00a0Family Anthraquinone Series<\/p>\n<h3 data-rm-block-id=\"block-10\"><strong><b>\u00dcr\u00fcn<\/b><\/strong><strong><b>\u00a0<\/b><\/strong><strong><b>spesifikasyon<\/b><\/strong><\/h3>\n<p data-rm-block-id=\"block-11\">Appearance Violet\u00a0powder<\/p>\n<p data-rm-block-id=\"block-12\">Renklendirme G\u00fcc\u00fc 100\u00b13%<\/p>\n<p data-rm-block-id=\"block-13\">G\u00f6lge Rengi Standarda benzer,<\/p>\n<p data-rm-block-id=\"block-14\">Ash \u2264\u00a01.0%<\/p>\n<p data-rm-block-id=\"block-15\">Moisture \u2264\u00a01.0%<\/p>\n<p data-rm-block-id=\"block-16\">Renk Diferansiyel De\u011feri\u0394E \u2264 0,8<\/p>\n<p data-rm-block-id=\"block-17\">Density g\/cm3 \u00a0\u00a0\u00a0\u00a0\u00a0\u00a0\u00a0\u00a0\u00a0\u00a0\u00a0\u00a0\u00a0\u00a0\u00a0\u00a0\u00a0\u00a0\u00a0\u00a0\u00a0\u00a0\u00a0\u00a0\u00a0\u00a0\u00a0\u00a0\u00a0\u00a0\u00a0\u00a0\u00a0\u00a0\u00a0\u00a0\u00a0\u00a0\u00a0\u00a0\u00a0\u00a0\u00a0\u00a0\u00a0\u00a0\u00a0\u00a0\u00a0\u00a0\u00a0\u00a0\u00a0\u00a0\u00a0\u00a0\u00a0\u00a0\u00a0\u00a0\u00a0\u00a0\u00a0\u00a0\u00a0\u00a0\u00a0\u00a0\u00a0\u00a0\u00a0\u00a0\u00a0\u00a0\u00a0\u00a0\u00a0\u00a01.45<\/p>\n<p data-rm-block-id=\"block-18\">Melting Point \u2103 \u00a0\u00a0\u00a0\u00a0\u00a0\u00a0\u00a0\u00a0\u00a0\u00a0\u00a0\u00a0\u00a0\u00a0\u00a0\u00a0\u00a0\u00a0\u00a0\u00a0\u00a0\u00a0\u00a0\u00a0\u00a0\u00a0\u00a0\u00a0\u00a0\u00a0\u00a0\u00a0\u00a0\u00a0\u00a0\u00a0\u00a0\u00a0\u00a0\u00a0\u00a0\u00a0\u00a0\u00a0\u00a0\u00a0\u00a0\u00a0\u00a0\u00a0\u00a0\u00a0\u00a0\u00a0\u00a0\u00a0\u00a0\u00a0\u00a0\u00a0\u00a0\u00a0\u00a0\u00a0\u00a0\u00a0\u00a0\u00a0\u00a0\u00a0\u00a0\u00a0\u00a0\u00a0\u00a0\u00a0213<\/p>\n<h3 data-rm-block-id=\"block-19\"><strong><b>Teknik Veriler<\/b><\/strong><\/h3>\n<table>\n<tbody>\n<tr>\n<td width=\"307\" data-rm-block-id=\"block-20\"><strong>Test<\/strong><strong>\u00a0<\/strong><strong>E\u015fyalar<\/strong><\/td>\n<td width=\"58\" data-rm-block-id=\"block-21\"><strong>PS<\/strong><\/td>\n<td width=\"58\" data-rm-block-id=\"block-22\"><strong>ABS<\/strong><\/td>\n<td width=\"58\" data-rm-block-id=\"block-23\"><strong>SAN<\/strong><\/td>\n<td width=\"58\" data-rm-block-id=\"block-24\"><strong>PMMA<\/strong><\/td>\n<td width=\"58\" data-rm-block-id=\"block-25\"><strong>PC<\/strong><\/td>\n<td width=\"58\" data-rm-block-id=\"block-26\"><strong>R-<\/strong><strong>PVC<\/strong><\/td>\n<td width=\"58\" data-rm-block-id=\"block-27\"><strong>PA6<\/strong><\/td>\n<td width=\"58\" data-rm-block-id=\"block-28\"><strong>PET<\/strong><\/td>\n<\/tr>\n<tr>\n<td width=\"307\">\n<p data-rm-block-id=\"block-29\">Is\u0131 direnci s\u0131cakl\u0131\u011f\u0131, \u2103<\/p>\n<p data-rm-block-id=\"block-30\">(0.05% boyalar, \u015feffaf)<\/p>\n<\/td>\n<td width=\"58\" data-rm-block-id=\"block-31\">300<\/td>\n<td width=\"58\" data-rm-block-id=\"block-32\">290<\/td>\n<td width=\"58\" data-rm-block-id=\"block-33\">300<\/td>\n<td width=\"58\" data-rm-block-id=\"block-34\">300<\/td>\n<td width=\"58\" data-rm-block-id=\"block-35\">310<\/td>\n<td width=\"58\" data-rm-block-id=\"block-36\">-<\/td>\n<td width=\"58\" data-rm-block-id=\"block-37\">-<\/td>\n<td width=\"58\" data-rm-block-id=\"block-38\">290<\/td>\n<\/tr>\n<tr>\n<td width=\"307\">\n<p data-rm-block-id=\"block-39\">Is\u0131 direnci s\u0131cakl\u0131\u011f\u0131, \u2103<\/p>\n<p data-rm-block-id=\"block-40\">(0.05% boya + 1.0% Titanyum dioksit)<\/p>\n<\/td>\n<td width=\"58\" data-rm-block-id=\"block-41\">280<\/td>\n<td width=\"58\" data-rm-block-id=\"block-42\">270<\/td>\n<td width=\"58\" data-rm-block-id=\"block-43\">280<\/td>\n<td width=\"58\" data-rm-block-id=\"block-44\">280<\/td>\n<td width=\"58\" data-rm-block-id=\"block-45\">290<\/td>\n<td width=\"58\" data-rm-block-id=\"block-46\">-<\/td>\n<td width=\"58\" data-rm-block-id=\"block-47\">-<\/td>\n<td width=\"58\" data-rm-block-id=\"block-48\">270<\/td>\n<\/tr>\n<tr>\n<td width=\"307\" data-rm-block-id=\"block-49\">G\u00f6\u00e7 direnci<\/td>\n<td width=\"58\" data-rm-block-id=\"block-50\">-<\/td>\n<td width=\"58\" data-rm-block-id=\"block-51\">-<\/td>\n<td width=\"58\" data-rm-block-id=\"block-52\">-<\/td>\n<td width=\"58\" data-rm-block-id=\"block-53\">-<\/td>\n<td width=\"58\" data-rm-block-id=\"block-54\">-<\/td>\n<td width=\"58\" data-rm-block-id=\"block-55\">-<\/td>\n<td width=\"58\" data-rm-block-id=\"block-56\">-<\/td>\n<td width=\"58\" data-rm-block-id=\"block-57\">-<\/td>\n<\/tr>\n<tr>\n<td width=\"307\" data-rm-block-id=\"block-58\">I\u015f\u0131k hasl\u0131\u011f\u0131 (0.05% boyalar, \u015feffaf)<\/td>\n<td width=\"58\" data-rm-block-id=\"block-59\"><strong><b>7-8<\/b><\/strong><\/td>\n<td width=\"58\" data-rm-block-id=\"block-60\">-<\/td>\n<td width=\"58\" data-rm-block-id=\"block-61\">-<\/td>\n<td width=\"58\" data-rm-block-id=\"block-62\">-<\/td>\n<td width=\"58\" data-rm-block-id=\"block-63\">-<\/td>\n<td width=\"58\" data-rm-block-id=\"block-64\">-<\/td>\n<td width=\"58\" data-rm-block-id=\"block-65\">-<\/td>\n<td width=\"58\" data-rm-block-id=\"block-66\">-<\/td>\n<\/tr>\n<tr>\n<td width=\"307\" data-rm-block-id=\"block-67\">Hava ko\u015fullar\u0131na dayan\u0131kl\u0131l\u0131k<\/td>\n<td width=\"58\" data-rm-block-id=\"block-68\">-<\/td>\n<td width=\"58\" data-rm-block-id=\"block-69\">-<\/td>\n<td width=\"58\" data-rm-block-id=\"block-70\">-<\/td>\n<td width=\"58\" data-rm-block-id=\"block-71\">-<\/td>\n<td width=\"58\" data-rm-block-id=\"block-72\">-<\/td>\n<td width=\"58\" data-rm-block-id=\"block-73\">-<\/td>\n<td width=\"58\" data-rm-block-id=\"block-74\">-<\/td>\n<td width=\"58\" data-rm-block-id=\"block-75\">-<\/td>\n<\/tr>\n<tr>\n<td width=\"307\" data-rm-block-id=\"block-76\">Asit direnci (5% hidroklorik asit \u00e7\u00f6zeltisinde)<\/td>\n<td width=\"58\" data-rm-block-id=\"block-77\">4<\/td>\n<td width=\"58\" data-rm-block-id=\"block-78\">4<\/td>\n<td width=\"58\" data-rm-block-id=\"block-79\">4<\/td>\n<td width=\"58\" data-rm-block-id=\"block-80\">4<\/td>\n<td width=\"58\" data-rm-block-id=\"block-81\">4<\/td>\n<td width=\"58\" data-rm-block-id=\"block-82\">4<\/td>\n<td width=\"58\" data-rm-block-id=\"block-83\">-<\/td>\n<td width=\"58\" data-rm-block-id=\"block-84\">-<\/td>\n<\/tr>\n<tr>\n<td width=\"307\" data-rm-block-id=\"block-85\">Alkali direnci (5% kostik soda \u00e7\u00f6zeltisinde)<\/td>\n<td width=\"58\" data-rm-block-id=\"block-86\">4<\/td>\n<td width=\"58\" data-rm-block-id=\"block-87\">4<\/td>\n<td width=\"58\" data-rm-block-id=\"block-88\">4<\/td>\n<td width=\"58\" data-rm-block-id=\"block-89\">4<\/td>\n<td width=\"58\" data-rm-block-id=\"block-90\">4<\/td>\n<td width=\"58\" data-rm-block-id=\"block-91\">4<\/td>\n<td width=\"58\" data-rm-block-id=\"block-92\">-<\/td>\n<td width=\"58\" data-rm-block-id=\"block-93\">-<\/td>\n<\/tr>\n<\/tbody>\n<\/table>\n<p data-rm-block-id=\"block-94\">\n<h3 data-rm-block-id=\"block-95\"><strong><b>\u00c7\u00f6z\u00fcc\u00fc <\/b><\/strong><strong><b>Violet 3<\/b><\/strong><strong><b>1<\/b><\/strong><strong><b>\u00a020\u2103'de organik \u00e7\u00f6z\u00fcc\u00fcde \u00e7\u00f6z\u00fcn\u00fcrl\u00fck (g\/l)<\/b><\/strong><\/h3>\n<table>\n<tbody>\n<tr>\n<td width=\"140\" data-rm-block-id=\"block-96\"><strong><b>Aseton<\/b><\/strong><\/td>\n<td width=\"140\" data-rm-block-id=\"block-97\"><strong><b>Butil Asetat<\/b><\/strong><\/td>\n<td width=\"140\" data-rm-block-id=\"block-98\"><strong><b>Metilbenzen<\/b><\/strong><\/td>\n<td width=\"140\" data-rm-block-id=\"block-99\"><strong><b>Diklorometan<\/b><\/strong><\/td>\n<td width=\"140\" data-rm-block-id=\"block-100\"><strong><b>Etilalkol<\/b><\/strong><\/td>\n<\/tr>\n<tr>\n<td width=\"140\" data-rm-block-id=\"block-101\">2.0<\/td>\n<td width=\"140\" data-rm-block-id=\"block-102\">2.9<\/td>\n<td width=\"140\" data-rm-block-id=\"block-103\">2<\/td>\n<td width=\"140\" data-rm-block-id=\"block-104\">20<\/td>\n<td width=\"140\" data-rm-block-id=\"block-105\">0.2<\/td>\n<\/tr>\n<\/tbody>\n<\/table>\n<h3 data-rm-block-id=\"block-106\"><strong><b>Uygulama<\/b><\/strong><strong>\u00a0<\/strong><\/h3>\n<table>\n<tbody>\n<tr>\n<td width=\"129\" data-rm-block-id=\"block-107\"><strong>PS<\/strong><\/td>\n<td width=\"129\" data-rm-block-id=\"block-108\">\u25cf<\/td>\n<td width=\"129\" data-rm-block-id=\"block-109\"><strong>PET<\/strong><\/td>\n<td width=\"129\" data-rm-block-id=\"block-110\">\u25cf<\/td>\n<td width=\"129\" data-rm-block-id=\"block-111\"><strong>PC<\/strong><\/td>\n<td width=\"129\" data-rm-block-id=\"block-112\">\u25cf<\/td>\n<\/tr>\n<tr>\n<td width=\"129\" data-rm-block-id=\"block-113\"><strong>AS<\/strong><\/td>\n<td width=\"129\" data-rm-block-id=\"block-114\">\u25cf<\/td>\n<td width=\"129\" data-rm-block-id=\"block-115\"><strong>PVC-<\/strong><strong>\u00a0<\/strong><strong>R<\/strong><\/td>\n<td width=\"129\" data-rm-block-id=\"block-116\">\u25cf<\/td>\n<td width=\"129\" data-rm-block-id=\"block-117\"><strong>SAN<\/strong><\/td>\n<td width=\"129\" data-rm-block-id=\"block-118\">\u25cf<\/td>\n<\/tr>\n<tr>\n<td width=\"129\" data-rm-block-id=\"block-119\"><strong>ABS<\/strong><\/td>\n<td width=\"129\" data-rm-block-id=\"block-120\">\u25cf<\/td>\n<td width=\"129\" data-rm-block-id=\"block-121\"><strong>PVC-U<\/strong><\/td>\n<td width=\"129\" data-rm-block-id=\"block-122\">\u25cf<\/td>\n<td width=\"129\" data-rm-block-id=\"block-123\"><strong>HIPS<\/strong><\/td>\n<td width=\"129\" data-rm-block-id=\"block-124\">\u25cf<\/td>\n<\/tr>\n<tr>\n<td width=\"129\" data-rm-block-id=\"block-125\"><strong>PMMA<\/strong><\/td>\n<td width=\"129\" data-rm-block-id=\"block-126\">\u25cf<\/td>\n<td width=\"129\" data-rm-block-id=\"block-127\"><strong>PA6<\/strong><\/td>\n<td width=\"129\" data-rm-block-id=\"block-128\">-<\/td>\n<td width=\"129\" data-rm-block-id=\"block-129\"><\/td>\n<td width=\"129\" data-rm-block-id=\"block-130\"><\/td>\n<\/tr>\n<\/tbody>\n<\/table>\n<p data-rm-block-id=\"block-131\"><strong><b>Not:<\/b><\/strong><strong><b>\u00a0\u00a0\u00a0\u00a0<\/b><\/strong>\u25cf = tavsiye edilir \u25cb = potansiyel kullan\u0131m - = tavsiye edilmez<\/p>\n<h3 data-rm-block-id=\"block-132\"><strong>Tavsiye edilir<\/strong><strong>\u00a0Dozaj<\/strong><\/h3>\n<p data-rm-block-id=\"block-133\">\u015eeffaf: 0,025<\/p>\n<p data-rm-block-id=\"block-134\">\u015eeffaf olmayan: 0,05<\/p>\n<h3 data-rm-block-id=\"block-135\"><strong>Paketleme:<\/strong><\/h3>\n<p data-rm-block-id=\"block-136\">Normal Ambalaj 25kgs ka\u011f\u0131t bidon, 450kgs\/Palet \u015feklindedir.<\/p>\n<h3 data-rm-block-id=\"block-137\">Exceptional Properties for Reliable Performance<\/h3>\n<p data-rm-block-id=\"block-138\">Solvent Violet 36 is a cutting-edge reddish violet transparent oil-solvent dye designed to meet diverse industrial requirements. Its standout features include excellent heat resistance and light resistance, ensuring durability and longevity in multiple applications. Additionally, this dye offers high migration resistance and superior tinting strength, making it ideal for precision coloring of plastics, fibers, and inks.<\/p>\n<h3 data-rm-block-id=\"block-139\">Wide Application Range Across Industries<\/h3>\n<p data-rm-block-id=\"block-140\">Solvent Violet 36 (SV36) is renowned for its adaptability and effectiveness in various applications. It seamlessly integrates into materials like plastics (PS, ABS, PMMA, PC, PET), polymers, polyester fibers, and inks, including advanced inkjet inks, delivering consistent and vibrant colors. Whether you&#8217;re working on rigid polymers or soft fibers, this dye enhances aesthetic appeal without compromising functionality.<\/p>\n<h3 data-rm-block-id=\"block-141\">Advanced Performance in Professional Solutions<\/h3>\n<p data-rm-block-id=\"block-142\">Engineered for superior results, SV36 ensures optimal performance under challenging conditions. Its high tinting strength allows precise control over coloration, while its resistance properties minimize fading or migration, providing stable color quality over time. This dye is the preferred choice of professionals seeking reliability and effectiveness in their projects.<\/p>\n<div class=\"honor-product-overview\" style=\"margin-top:40px;border-top:2px solid #f6c405;padding-top:30px\">\n<h3>Why Choose Honor Pigments?<\/h3>\n<ul>\n<li>\ud83c\udf0d <strong>Global Export Expertise<\/strong> \u2014 Trusted by customers in 40+ countries for consistent quality and reliable supply<\/li>\n<li>\u2705 <strong>Strict Quality Control<\/strong> \u2014 ISO 9001 certified with batch-to-batch consistency and zero-defect policy<\/li>\n<li>\ud83d\udcb0 <strong>OEM Production Advantage<\/strong> \u2014 Competitive pricing without compromising pigment performance<\/li>\n<li>\ud83e\uddea <strong>Technical Support<\/strong> \u2014 Free color matching, formulation advice and sample testing before bulk order<\/li>\n<\/ul>\n<div style=\"background:#f8f9fa;padding:20px;border-left:4px solid #f6c405;margin:20px 0\">\n<p><strong>\ud83d\udce9 Need more details?<\/strong><\/p>\n<p>Request TDS, SDS, or a free sample for testing.<\/p>\n<\/div>\n<\/div>","protected":false},"excerpt":{"rendered":"<p>CAS No.: 61951-89-1<\/p>\n<p>Molek\u00fcler form\u00fcl: C<sub>26<\/sub>H<sub>18<\/sub>N<sub>4<\/sub>O<sub>2<\/sub><\/p>\n<p>Feature :Excellent heat resistance and light resistance, good migration resistance and high tinting strength with wide application.<\/p>\n<p>Application: Used for coloring for plastics, PS, ABS, PMMA, PC, PET, polymer, fiber. polyester fiber, inks including inkjet ink.<\/p>","protected":false},"featured_media":3644,"template":"","meta":{"rank_math_focus_keyword":"solvent violet 36 dyes,SV36","rank_math_description":"Discover the advantages of Solvent Violet 36 dyes (SV36) for coloring plastics, inks, and fibers with exceptional performance.","rank_math_robots":null,"_rank_math_focus_keyword":"sovent violet 36 \/ solvent dyes","rank_math_seo_score":"68"},"product_brand":[],"product_cat":[58,68],"product_tag":[391],"class_list":{"0":"post-3643","1":"product","2":"type-product","3":"status-publish","4":"has-post-thumbnail","6":"product_cat-dyestuffs","7":"product_cat-solvent-dyes","8":"product_tag-sv36","9":"stm_brands-honor-dyes","11":"first","12":"instock","13":"shipping-taxable","14":"product-type-simple"},"_links":{"self":[{"href":"https:\/\/www.honorpigment.com\/tr\/wp-json\/wp\/v2\/product\/3643","targetHints":{"allow":["GET"]}}],"collection":[{"href":"https:\/\/www.honorpigment.com\/tr\/wp-json\/wp\/v2\/product"}],"about":[{"href":"https:\/\/www.honorpigment.com\/tr\/wp-json\/wp\/v2\/types\/product"}],"version-history":[{"count":2,"href":"https:\/\/www.honorpigment.com\/tr\/wp-json\/wp\/v2\/product\/3643\/revisions"}],"predecessor-version":[{"id":9346,"href":"https:\/\/www.honorpigment.com\/tr\/wp-json\/wp\/v2\/product\/3643\/revisions\/9346"}],"wp:featuredmedia":[{"embeddable":true,"href":"https:\/\/www.honorpigment.com\/tr\/wp-json\/wp\/v2\/media\/3644"}],"wp:attachment":[{"href":"https:\/\/www.honorpigment.com\/tr\/wp-json\/wp\/v2\/media?parent=3643"}],"wp:term":[{"taxonomy":"product_brand","embeddable":true,"href":"https:\/\/www.honorpigment.com\/tr\/wp-json\/wp\/v2\/product_brand?post=3643"},{"taxonomy":"product_cat","embeddable":true,"href":"https:\/\/www.honorpigment.com\/tr\/wp-json\/wp\/v2\/product_cat?post=3643"},{"taxonomy":"product_tag","embeddable":true,"href":"https:\/\/www.honorpigment.com\/tr\/wp-json\/wp\/v2\/product_tag?post=3643"}],"curies":[{"name":"wp","href":"https:\/\/api.w.org\/{rel}","templated":true}]}}