{"id":3593,"date":"2025-09-15T21:16:19","date_gmt":"2025-09-15T13:16:19","guid":{"rendered":"https:\/\/www.honorpigments.com\/?post_type=product&#038;p=3593"},"modified":"2026-04-13T22:48:06","modified_gmt":"2026-04-13T14:48:06","slug":"solvent-turuncu-60-solvent-boyalar","status":"publish","type":"product","link":"https:\/\/www.honorpigment.com\/tr\/urun\/solvent-turuncu-60-solvent-boyalar\/","title":{"rendered":"Solvent Turuncu 60 \/ Solvent Boyalar"},"content":{"rendered":"<h3><strong><b>A\u00e7\u0131klama <\/b><\/strong><\/h3>\n<p>Solvent Orange 60, \u00e7ok iyi \u0131\u015f\u0131k hasl\u0131\u011f\u0131na ve m\u00fckemmel \u0131s\u0131 direncine, iyi migrasyon direncine ve geni\u015f uygulama alan\u0131na sahip y\u00fcksek renklendirme g\u00fcc\u00fcne sahip parlak bir turuncudur. Solvent Orange 60, plastik, PS, ABS, PMMA, PC, PET, polimer, elyaf renklendirmek i\u00e7in kullan\u0131l\u0131r.<\/p>\n<h3><strong><b>Kimlik Bilgileri:<\/b><\/strong><\/h3>\n<p>Renk \u0130ndeksi: Solvent Turuncu 60<\/p>\n<p>Molek\u00fcler form\u00fcl: C<sub>18<\/sub>H<sub>10<\/sub>N<sub>2<\/sub>O<\/p>\n<p>CAS No: 6925-69-5<\/p>\n<h3><strong><b>\u00dcr\u00fcn<\/b><\/strong><strong><b>\u00a0<\/b><\/strong><strong><b>spesifikasyon<\/b><\/strong><\/h3>\n<p>G\u00f6r\u00fcn\u00fcm Mavi toz<\/p>\n<p>Renklendirme G\u00fcc\u00fc 100\u00b13%<\/p>\n<p>G\u00f6lge Rengi Standarda benzer,<\/p>\n<p>K\u00fcl \u2264 0,1%<\/p>\n<p>Nem \u2264 0,2%<\/p>\n<p>Renk Diferansiyel De\u011feri\u0394E \u2264 0,8<\/p>\n<p>Yo\u011funluk g\/cm3 1,42<\/p>\n<p>Erime Noktas\u0131 \u2103 230<\/p>\n<h3><strong><b>Teknik Veriler<\/b><\/strong><\/h3>\n<table>\n<tbody>\n<tr>\n<td width=\"307\"><strong>Test<\/strong><strong>\u00a0<\/strong><strong>E\u015fyalar<\/strong><\/td>\n<td width=\"58\"><strong>PS<\/strong><\/td>\n<td width=\"58\"><strong>ABS<\/strong><\/td>\n<td width=\"58\"><strong>SAN<\/strong><\/td>\n<td width=\"58\"><strong>PMMA<\/strong><\/td>\n<td width=\"58\"><strong>PC<\/strong><\/td>\n<td width=\"58\"><strong>R-<\/strong><strong>PVC<\/strong><\/td>\n<td width=\"58\"><strong>PA6<\/strong><\/td>\n<td width=\"58\"><strong>PET<\/strong><\/td>\n<\/tr>\n<tr>\n<td width=\"307\">Is\u0131 direnci s\u0131cakl\u0131\u011f\u0131, \u2103<\/p>\n<p>(0.05% boyalar, \u015feffaf)<\/td>\n<td width=\"58\">300<\/td>\n<td width=\"58\">300<\/td>\n<td width=\"58\">300<\/td>\n<td width=\"58\">300<\/td>\n<td width=\"58\">300<\/td>\n<td width=\"58\">-<\/td>\n<td width=\"58\">-<\/td>\n<td width=\"58\">-<\/td>\n<\/tr>\n<tr>\n<td width=\"307\">Is\u0131 direnci s\u0131cakl\u0131\u011f\u0131, \u2103<\/p>\n<p>(0.05% boya + 1.0% Titanyum dioksit)<\/td>\n<td width=\"58\">300<\/td>\n<td width=\"58\">300<\/td>\n<td width=\"58\">300<\/td>\n<td width=\"58\">300<\/td>\n<td width=\"58\">300<\/td>\n<td width=\"58\">-<\/td>\n<td width=\"58\">-<\/td>\n<td width=\"58\">-<\/td>\n<\/tr>\n<tr>\n<td width=\"307\">G\u00f6\u00e7 direnci<\/td>\n<td width=\"58\">5<\/td>\n<td width=\"58\">5<\/td>\n<td width=\"58\">5<\/td>\n<td width=\"58\">5<\/td>\n<td width=\"58\">5<\/td>\n<td width=\"58\">5<\/td>\n<td width=\"58\">5<\/td>\n<td width=\"58\">5<\/td>\n<\/tr>\n<tr>\n<td width=\"307\">I\u015f\u0131k hasl\u0131\u011f\u0131 (0.05% boyalar, \u015feffaf)<\/td>\n<td width=\"58\">7-8<\/td>\n<td width=\"58\">7-8<\/td>\n<td width=\"58\">-<\/td>\n<td width=\"58\">-<\/td>\n<td width=\"58\">-<\/td>\n<td width=\"58\">7-8<\/td>\n<td width=\"58\"><\/td>\n<td width=\"58\">-<\/td>\n<\/tr>\n<tr>\n<td width=\"307\">Hava ko\u015fullar\u0131na dayan\u0131kl\u0131l\u0131k<\/td>\n<td width=\"58\">-<\/td>\n<td width=\"58\">-<\/td>\n<td width=\"58\">-<\/td>\n<td width=\"58\">-<\/td>\n<td width=\"58\">-<\/td>\n<td width=\"58\">-<\/td>\n<td width=\"58\">-<\/td>\n<td width=\"58\">-<\/td>\n<\/tr>\n<tr>\n<td width=\"307\">Asit direnci (5% hidroklorik asit \u00e7\u00f6zeltisinde)<\/td>\n<td width=\"58\">-<\/td>\n<td width=\"58\">-<\/td>\n<td width=\"58\">-<\/td>\n<td width=\"58\">-<\/td>\n<td width=\"58\">-<\/td>\n<td width=\"58\">5<\/td>\n<td width=\"58\">-<\/td>\n<td width=\"58\">-<\/td>\n<\/tr>\n<tr>\n<td width=\"307\">Alkali direnci (5% kostik soda \u00e7\u00f6zeltisinde)<\/td>\n<td width=\"58\">-<\/td>\n<td width=\"58\">-<\/td>\n<td width=\"58\">-<\/td>\n<td width=\"58\">-<\/td>\n<td width=\"58\">-<\/td>\n<td width=\"58\">5<\/td>\n<td width=\"58\">-<\/td>\n<td width=\"58\">-<\/td>\n<\/tr>\n<\/tbody>\n<\/table>\n<p>&nbsp;<\/p>\n<h3><strong><b>Solvent Turuncu 60<\/b><\/strong><strong><b>\u00a020\u2103'de organik \u00e7\u00f6z\u00fcc\u00fcde \u00e7\u00f6z\u00fcn\u00fcrl\u00fck (g\/l)<\/b><\/strong><\/h3>\n<table>\n<tbody>\n<tr>\n<td width=\"140\"><strong><b>Aseton<\/b><\/strong><\/td>\n<td width=\"140\"><strong><b>Butil Asetat<\/b><\/strong><\/td>\n<td width=\"140\"><strong><b>Metilbenzen<\/b><\/strong><\/td>\n<td width=\"140\"><strong><b>Diklorometan<\/b><\/strong><\/td>\n<td width=\"140\"><strong><b>Etilalkol<\/b><\/strong><\/td>\n<\/tr>\n<tr>\n<td width=\"140\">3.0<\/td>\n<td width=\"140\">8.0<\/td>\n<td width=\"140\">-<\/td>\n<td width=\"140\">240.0<\/td>\n<td width=\"140\">0.1<\/td>\n<\/tr>\n<\/tbody>\n<\/table>\n<h3><strong><b>\u00a0<\/b><\/strong><strong><b>Uygulama<\/b><\/strong><strong><b>\u00a0<\/b><\/strong><strong><b>Profil<\/b><\/strong><strong>\u00a0<\/strong><\/h3>\n<table>\n<tbody>\n<tr>\n<td width=\"129\"><strong>PS<\/strong><\/td>\n<td width=\"129\">\u25cf<\/td>\n<td width=\"129\"><strong>PET<\/strong><\/td>\n<td width=\"129\">\u25cf<\/td>\n<td width=\"129\"><strong>PC<\/strong><\/td>\n<td width=\"129\">\u25cf<\/td>\n<\/tr>\n<tr>\n<td width=\"129\"><strong>AS<\/strong><\/td>\n<td width=\"129\">\u25cf<\/td>\n<td width=\"129\"><strong>PVC- R<\/strong><\/td>\n<td width=\"129\">\u25cf<\/td>\n<td width=\"129\"><strong>SAN<\/strong><\/td>\n<td width=\"129\">\u25cf<\/td>\n<\/tr>\n<tr>\n<td width=\"129\"><strong>ABS<\/strong><\/td>\n<td width=\"129\">\u25cf<\/td>\n<td width=\"129\"><strong>PVC-U<\/strong><\/td>\n<td width=\"129\">\u25cf<\/td>\n<td width=\"129\"><strong>PBT<\/strong><\/td>\n<td width=\"129\">\u25cf<\/td>\n<\/tr>\n<tr>\n<td width=\"129\"><strong>PMMA<\/strong><\/td>\n<td width=\"129\">\u25cf<\/td>\n<td width=\"129\"><strong>PET<\/strong><\/td>\n<td width=\"129\">\u25cf<\/td>\n<td width=\"129\"><strong>PA6<\/strong><\/td>\n<td width=\"129\">\u25cb<\/td>\n<\/tr>\n<\/tbody>\n<\/table>\n<p><strong>\u00a0<\/strong><strong><b>Not:<\/b><\/strong><strong><b>\u00a0\u00a0\u00a0\u00a0<\/b><\/strong>\u25cf = tavsiye edilir \u25cb = potansiyel kullan\u0131m - = tavsiye edilmez<\/p>\n<h3><strong>Tavsiye edilir<\/strong><strong>\u00a0Dozaj<\/strong><\/h3>\n<p>\u015eeffaf: 0,025<\/p>\n<p>\u015eeffaf olmayan: 0,05<\/p>\n<h3><strong>Paketleme:<\/strong><\/h3>\n<p>Normal Ambalaj 20 kg'l\u0131k ka\u011f\u0131t Kutuda, palet ba\u015f\u0131na 360 kg'd\u0131r.<\/p>\n<h3>\u00c7ok Y\u00f6nl\u00fc Uygulamalarla Parlak Turuncu Renk Tonu<\/h3>\n<p>Solvent Orange 60, \u00e7arp\u0131c\u0131 turuncu rengi ve bir dizi i\u015flevsel faydas\u0131yla bilinen \u00fcst\u00fcn bir boyad\u0131r. \u0130ster plastiklere ister polimerlere canl\u0131 bir estetik katmak isteyin, bu \u00fcr\u00fcn her seferinde ola\u011fan\u00fcst\u00fc sonu\u00e7lar verecek \u015fekilde tasarlanm\u0131\u015ft\u0131r. Ola\u011fan\u00fcst\u00fc \u0131\u015f\u0131k hasl\u0131\u011f\u0131na sahip olan Solvent Orange 60, \u00fcr\u00fcnlerinizin \u0131\u015f\u0131\u011fa veya UV \u0131\u015f\u0131nlar\u0131na maruz kald\u0131\u011f\u0131nda uzun s\u00fcre parlak turuncu tonunu korumas\u0131n\u0131 sa\u011flar.<\/p>\n<h3>E\u015fsiz Is\u0131 ve Migrasyon Direnci<\/h3>\n<p>Solvent Orange 60'\u0131n \u00f6ne \u00e7\u0131kan \u00f6zelliklerinden biri m\u00fckemmel \u0131s\u0131 direncidir. Bu da onu y\u00fcksek s\u0131cakl\u0131kta i\u015fleme veya ko\u015fullar i\u00e7eren uygulamalar i\u00e7in ideal hale getirir. Ayr\u0131ca, g\u00fc\u00e7l\u00fc migrasyon direnci renk akmas\u0131n\u0131 \u00f6nleyerek malzemelerinizin b\u00fct\u00fcnl\u00fc\u011f\u00fcn\u00fc sa\u011flar. Boya, PS, ABS, PMMA, PC, PET, polimerler ve elyaflar dahil olmak \u00fczere \u00e7ok \u00e7e\u015fitli alt tabakalarla uyumludur, bu da onu \u00e7e\u015fitli end\u00fcstriler i\u00e7in tercih edilen bir \u00e7\u00f6z\u00fcm haline getirir.<\/p>\n<h3>Canl\u0131l\u0131k i\u00e7in Ola\u011fan\u00fcst\u00fc Renklendirme G\u00fcc\u00fc<\/h3>\n<p>Solvent Orange 60, y\u00fcksek renklendirme g\u00fcc\u00fc ile kreasyonlar\u0131n\u0131z\u0131n g\u00f6rsel \u00e7ekicili\u011fini art\u0131rarak zengin, canl\u0131 tonlar elde etmenizi sa\u011flar. \u0130ster end\u00fcstriyel kullan\u0131m ister t\u00fcketim mallar\u0131 i\u00e7in plastik \u00fcretiyor olun, bu boya \u00fcr\u00fcnlerinizin \u00f6ne \u00e7\u0131kmas\u0131n\u0131 sa\u011flar. \u00c7ok y\u00f6nl\u00fcl\u00fc\u011f\u00fc, tutarl\u0131 ve y\u00fcksek kaliteli performans\u0131 korurken \u00e7e\u015fitli \u00fcretim s\u00fcre\u00e7lerine sorunsuz entegrasyon sa\u011flar.<\/p>\n<h3>Birden Fazla Sekt\u00f6rde Uygulamalar<\/h3>\n<p>Solvent Orange 60, PS (Polistiren), ABS (Akrilonitril B\u00fctadien Stiren), PMMA (Polimetil Metakrilat), PC (Polikarbonat), PET (Polietilen Tereftalat) ve \u00e7ok \u00e7e\u015fitli di\u011fer malzemeler gibi plastiklerin ve polimerlerin renklendirilmesinde yayg\u0131n olarak kullan\u0131lmaktad\u0131r. \u00c7e\u015fitli uygulama gereksinimlerine uyum sa\u011flama yetene\u011fi, onu polimer, elyaf ve plastik end\u00fcstrilerindeki profesyoneller i\u00e7in g\u00fcvenilir bir se\u00e7im haline getirir.<\/p>\n<h3>Neden Solvent Orange 60?<\/h3>\n<p>Parlak renklendirmeden e\u015fsiz diren\u00e7 \u00f6zelliklerine kadar Solvent Orange 60, renklendirme s\u00fcre\u00e7lerinde tutarl\u0131l\u0131k, dayan\u0131kl\u0131l\u0131k ve verimlilik arayanlar i\u00e7in m\u00fckemmel bir boyad\u0131r. Bu ola\u011fan\u00fcst\u00fc \u00fcr\u00fcnle \u00fcretim kapasitenizi geli\u015ftirin ve \u00fcst\u00fcn sonu\u00e7lar elde edin.s<\/p>\n<div class=\"honor-product-overview\" style=\"margin-top:40px;border-top:2px solid #f6c405;padding-top:30px\">\n<h3>Why Choose Honor Pigments?<\/h3>\n<ul>\n<li>\ud83c\udf0d <strong>Global Export Expertise<\/strong> \u2014 Trusted by customers in 40+ countries for consistent quality and reliable supply<\/li>\n<li>\u2705 <strong>Strict Quality Control<\/strong> \u2014 ISO 9001 certified with batch-to-batch consistency and zero-defect policy<\/li>\n<li>\ud83d\udcb0 <strong>OEM Production Advantage<\/strong> \u2014 Competitive pricing without compromising pigment performance<\/li>\n<li>\ud83e\uddea <strong>Technical Support<\/strong> \u2014 Free color matching, formulation advice and sample testing before bulk order<\/li>\n<\/ul>\n<div style=\"background:#f8f9fa;padding:20px;border-left:4px solid #f6c405;margin:20px 0\">\n<p><strong>\ud83d\udce9 Need more details?<\/strong><\/p>\n<p>Request TDS, SDS, or a free sample for testing.<\/p>\n<\/div>\n<\/div>","protected":false},"excerpt":{"rendered":"<p>CAS No: 6925-69-5<\/p>\n<p>Molek\u00fcler form\u00fcl: C<sub>18<\/sub>H<sub>10<\/sub>N<sub>2<\/sub>O<\/p>\n<p>Avantaj: \u0130yi \u0131\u015f\u0131k hasl\u0131\u011f\u0131 ve m\u00fckemmel \u0131s\u0131 direnci, iyi migrasyon direnci ve geni\u015f uygulama ile y\u00fcksek renklendirme g\u00fcc\u00fc.<\/p>\n<p>Uygulama: Plastik, PS, ABS, PMMA, PC, PET, polimer, fiber i\u00e7in renklendirme i\u00e7in kullan\u0131l\u0131r.<\/p>\n<p>&nbsp;<\/p>","protected":false},"featured_media":3594,"template":"","meta":[],"product_brand":[],"product_cat":[58,68],"product_tag":[],"class_list":{"0":"post-3593","1":"product","2":"type-product","3":"status-publish","4":"has-post-thumbnail","6":"product_cat-dyestuffs","7":"product_cat-solvent-dyes","8":"stm_brands-honor-dyes","10":"first","11":"instock","12":"shipping-taxable","13":"product-type-simple"},"_links":{"self":[{"href":"https:\/\/www.honorpigment.com\/tr\/wp-json\/wp\/v2\/product\/3593","targetHints":{"allow":["GET"]}}],"collection":[{"href":"https:\/\/www.honorpigment.com\/tr\/wp-json\/wp\/v2\/product"}],"about":[{"href":"https:\/\/www.honorpigment.com\/tr\/wp-json\/wp\/v2\/types\/product"}],"version-history":[{"count":1,"href":"https:\/\/www.honorpigment.com\/tr\/wp-json\/wp\/v2\/product\/3593\/revisions"}],"predecessor-version":[{"id":8577,"href":"https:\/\/www.honorpigment.com\/tr\/wp-json\/wp\/v2\/product\/3593\/revisions\/8577"}],"wp:featuredmedia":[{"embeddable":true,"href":"https:\/\/www.honorpigment.com\/tr\/wp-json\/wp\/v2\/media\/3594"}],"wp:attachment":[{"href":"https:\/\/www.honorpigment.com\/tr\/wp-json\/wp\/v2\/media?parent=3593"}],"wp:term":[{"taxonomy":"product_brand","embeddable":true,"href":"https:\/\/www.honorpigment.com\/tr\/wp-json\/wp\/v2\/product_brand?post=3593"},{"taxonomy":"product_cat","embeddable":true,"href":"https:\/\/www.honorpigment.com\/tr\/wp-json\/wp\/v2\/product_cat?post=3593"},{"taxonomy":"product_tag","embeddable":true,"href":"https:\/\/www.honorpigment.com\/tr\/wp-json\/wp\/v2\/product_tag?post=3593"}],"curies":[{"name":"wp","href":"https:\/\/api.w.org\/{rel}","templated":true}]}}