{"id":3575,"date":"2025-09-12T16:32:46","date_gmt":"2025-09-12T08:32:46","guid":{"rendered":"https:\/\/www.honorpigments.com\/?post_type=product&#038;p=3575"},"modified":"2026-03-23T20:46:32","modified_gmt":"2026-03-23T12:46:32","slug":"hp-violet-6374-pigment-violet-23","status":"publish","type":"product","link":"https:\/\/www.honorpigment.com\/tr\/urun\/hp-violet-6374-pigment-violet-23\/","title":{"rendered":"PIGMENT VIOLET 23\/ HP VIOLET 6374"},"content":{"rendered":"<h3><strong>Product Description &#8211; PV23<\/strong><\/h3>\n<p>HP VIOLET 6374 (PIGMENT VIOLET 23) is a reddish violet dioxazine class pigment. It has high color intensity and good dispersibility. It is suitable for high loading masterbatch applications.<\/p>\n<h3><strong>\u00d6nerilen Uygulama<\/strong><strong>\uff1a<\/strong><\/h3>\n<p>Plastics: PP, PE, PVC, PS\/SAN, ABS, PA, Rubber\/TPV, SBC, TPO, TPU<br \/>\nBask\u0131 m\u00fcrekkepleri: ofset m\u00fcrekkepleri, solvent bazl\u0131 m\u00fcrekkepler, su bazl\u0131 m\u00fcrekkepler<\/p>\n<h3><strong>Teknik Veriler:<\/strong><\/h3>\n<table style=\"height: 260px; width: 95%; border-color: #050505;\" width=\"95%\">\n<tbody>\n<tr style=\"height: 28px;\">\n<td style=\"width: 98.7823%; background-color: #ababab; height: 10px;\" colspan=\"5\" width=\"125\"><span style=\"font-size: 14pt;\"><strong>\u00dcr\u00fcn Bilgileri<\/strong><\/span><\/td>\n<\/tr>\n<tr style=\"height: 24px;\">\n<td style=\"width: 24.277%; height: 10px;\" width=\"125\"><span style=\"font-size: 12pt;\">Kimyasal Tip<\/span><\/td>\n<td style=\"width: 25.114%; height: 10px; text-align: center;\" colspan=\"2\" width=\"125\">Dioxaxine<\/td>\n<td style=\"width: 25.1904%; height: 10px;\" width=\"125\"><span style=\"font-size: 12pt;\">CAS NO.<\/span><\/td>\n<td class=\"et3\" style=\"height: 19.95pt; width: 24.2009%; text-align: center;\" width=\"148\" height=\"26\">6358-30-1<\/td>\n<\/tr>\n<tr style=\"height: 48px;\">\n<td style=\"width: 24.277%; height: 10px;\" width=\"125\"><span style=\"font-size: 12pt;\">C. I. \u0130sim<\/span><\/td>\n<td style=\"width: 25.114%; height: 10px; text-align: center;\" colspan=\"2\" width=\"125\">Pigment Violet 23<\/td>\n<td style=\"width: 25.1904%; height: 10px;\" width=\"125\"><span style=\"font-size: 12pt;\">EINECS \/ ELINCS NO.<\/span><\/td>\n<td class=\"et3\" style=\"height: 19.95pt; width: 24.2009%; text-align: center;\" width=\"148\" height=\"26\">228-767-9<\/td>\n<\/tr>\n<tr style=\"height: 48px;\">\n<td style=\"width: 24.277%; height: 10px;\" width=\"125\"><span style=\"font-size: 12pt;\">C. I. Anayasa No.<\/span><\/td>\n<td style=\"width: 25.114%; height: 10px; text-align: center;\" colspan=\"2\" width=\"125\">51319<\/td>\n<td style=\"width: 25.1904%; height: 10px;\" width=\"125\"><span style=\"font-size: 12pt;\">Kimyasal Form\u00fcl<\/span><\/td>\n<td class=\"et3\" style=\"height: 19.95pt; width: 24.2009%; text-align: center;\" width=\"148\" height=\"26\">C34H22Cl2N4O2<\/td>\n<\/tr>\n<tr style=\"height: 24px;\">\n<td style=\"width: 98.7823%; height: 10px;\" colspan=\"5\" width=\"125\"><\/td>\n<\/tr>\n<tr style=\"height: 28px;\">\n<td style=\"width: 98.7823%; background-color: #ababab; height: 10px;\" colspan=\"5\" width=\"125\"><span style=\"font-size: 14pt;\"><strong>Teknik Performans<\/strong><\/span><\/td>\n<\/tr>\n<tr style=\"height: 24px;\">\n<td style=\"width: 24.277%; height: 10px;\" width=\"125\"><\/td>\n<td style=\"width: 12.4048%; height: 10px; text-align: center;\" width=\"125\"><span style=\"font-size: 12pt;\">Tam G\u00f6lge<\/span><\/td>\n<td style=\"width: 12.7092%; height: 10px; text-align: center;\" width=\"125\"><span style=\"font-size: 12pt;\">Renk Tonu<\/span><\/td>\n<td style=\"width: 25.1904%; height: 10px;\" width=\"125\"><\/td>\n<td style=\"width: 24.2009%; height: 10px;\" width=\"125\"><\/td>\n<\/tr>\n<tr style=\"height: 48px;\">\n<td style=\"width: 24.277%; height: 10px;\" width=\"125\"><span style=\"font-size: 12pt;\">Hava Ko\u015fullar\u0131na Dayan\u0131kl\u0131l\u0131k<\/span><\/td>\n<td class=\"et3\" style=\"height: 10px; width: 12.4048%; text-align: center;\" width=\"116\" height=\"26\">5<\/td>\n<td class=\"et4\" style=\"width: 12.7092%; text-align: center; height: 10px;\" width=\"110\">5<\/td>\n<td style=\"width: 25.1904%; height: 10px;\" width=\"125\"><span style=\"font-size: 12pt;\">Is\u0131 Kararl\u0131l\u0131\u011f\u0131 \u00b0C<\/span><\/td>\n<td style=\"width: 24.2009%; height: 10px; text-align: center;\" width=\"125\"><span style=\"font-size: 12pt;\">280\u00b0C<\/span><\/td>\n<\/tr>\n<tr style=\"height: 24px;\">\n<td style=\"width: 24.277%; height: 10px;\" width=\"125\"><span style=\"font-size: 12pt;\">I\u015f\u0131k Hasl\u0131\u011f\u0131<\/span><\/td>\n<td class=\"et4\" style=\"height: 10px; width: 12.4048%; text-align: center;\" height=\"26\">8<\/td>\n<td class=\"et4\" style=\"width: 12.7092%; text-align: center; height: 10px;\">8<\/td>\n<td style=\"width: 25.1904%; height: 10px;\" width=\"125\"><\/td>\n<td style=\"width: 24.2009%; height: 10px;\" width=\"125\"><\/td>\n<\/tr>\n<tr style=\"height: 24px;\">\n<td style=\"width: 98.7823%; height: 10px;\" colspan=\"5\" width=\"125\"><\/td>\n<\/tr>\n<tr style=\"height: 24px;\">\n<td style=\"width: 98.7823%; background-color: #ababab; height: 10px;\" colspan=\"5\" width=\"125\"><span style=\"font-size: 14pt;\"><strong>Fiziksel \u00d6zellikler<\/strong><\/span><\/td>\n<\/tr>\n<tr style=\"height: 48px;\">\n<td style=\"width: 24.277%; height: 10px;\" width=\"125\"><span style=\"font-size: 12pt;\">Fiziksel Bi\u00e7im<\/span><\/td>\n<td style=\"width: 25.114%; height: 10px; text-align: center;\" colspan=\"2\" width=\"125\"><span style=\"font-size: 12pt;\">Toz<\/span><\/td>\n<td class=\"et3\" style=\"height: 19.95pt; width: 25.1904%;\" width=\"166\" height=\"26\"><span class=\"font1\">Aside Kar\u015f\u0131 Diren\u00e7<\/span><\/td>\n<td class=\"et4\" style=\"width: 24.2009%; text-align: center;\" width=\"148\">5<\/td>\n<\/tr>\n<tr style=\"height: 48px;\">\n<td style=\"width: 24.277%; height: 10px;\" width=\"125\"><span style=\"font-size: 12pt;\">\u00d6zg\u00fcl Yo\u011funluk (g\/cm3):<\/span><\/td>\n<td style=\"width: 25.114%; height: 10px; text-align: center;\" colspan=\"2\" width=\"125\">1.45 \u00b1 0.1<\/td>\n<td class=\"et3\" style=\"height: 19.95pt; width: 25.1904%;\" width=\"166\" height=\"26\"><span class=\"font1\">Alkali Direnci<\/span><\/td>\n<td class=\"et4\" style=\"width: 24.2009%; text-align: center;\">5<\/td>\n<\/tr>\n<tr style=\"height: 48px;\">\n<td style=\"width: 24.277%; height: 10px;\" width=\"125\"><span style=\"font-size: 12pt;\">\u00d6zg\u00fcl Y\u00fczey (\u33a1\/g):<\/span><\/td>\n<td style=\"width: 25.114%; height: 10px; text-align: center;\" colspan=\"2\" width=\"125\">85<\/td>\n<td class=\"et3\" style=\"height: 19.95pt; width: 25.1904%;\" width=\"166\" height=\"26\">Migrasyon direnci PVC<\/td>\n<td class=\"et5\" style=\"width: 24.2009%; text-align: center;\">5<\/td>\n<\/tr>\n<tr style=\"height: 24px;\">\n<td style=\"width: 24.277%; height: 10px;\" width=\"125\"><span style=\"font-size: 12pt;\">Ya\u011f Emme<\/span><\/td>\n<td style=\"width: 25.114%; height: 10px; text-align: center;\" colspan=\"2\" width=\"125\">78 \u00b1 10<\/td>\n<td class=\"et3\" style=\"height: 19.95pt; width: 25.1904%;\" width=\"166\" height=\"26\">D\u00fc\u015f\u00fck \u00e7\u00f6zg\u00fc uygulamalar\u0131<\/td>\n<td class=\"et5\" style=\"width: 24.2009%; text-align: center;\">Uygun<\/td>\n<\/tr>\n<tr style=\"height: 24px;\">\n<td style=\"width: 24.277%; height: 10px;\" width=\"125\"><span style=\"font-size: 12pt;\">pH De\u011feri<\/span><\/td>\n<td style=\"width: 25.114%; height: 10px; text-align: center;\" colspan=\"2\" width=\"125\">4.5 &#8211; 7.5<\/td>\n<td class=\"et3\" style=\"height: 19.95pt; width: 25.1904%;\" width=\"166\" height=\"26\"><\/td>\n<td class=\"et4\" style=\"width: 24.2009%; text-align: center;\"><\/td>\n<\/tr>\n<tr style=\"height: 24px;\">\n<td style=\"width: 24.277%; height: 10px;\" width=\"125\"><span style=\"font-size: 12pt;\">U\u00e7ucu Madde<\/span><\/td>\n<td style=\"width: 25.114%; height: 10px; text-align: center;\" colspan=\"2\" width=\"125\"><span style=\"font-size: 12pt;\">1% maks.<\/span><\/td>\n<td class=\"et3\" style=\"height: 19.95pt; width: 25.1904%;\" width=\"166\" height=\"26\"><\/td>\n<td class=\"et4\" style=\"width: 24.2009%; text-align: center;\"><\/td>\n<\/tr>\n<tr style=\"height: 24px;\">\n<td style=\"width: 24.277%; height: 10px;\" width=\"125\"><\/td>\n<td style=\"width: 25.114%; height: 10px;\" colspan=\"2\"><\/td>\n<td class=\"et3\" style=\"height: 19.95pt; width: 25.1904%;\" width=\"166\" height=\"26\"><\/td>\n<td class=\"et4\" style=\"width: 24.2009%; text-align: center;\"><\/td>\n<\/tr>\n<tr style=\"height: 48px;\">\n<td style=\"width: 98.7823%; background-color: #ababab; height: 10px;\" colspan=\"5\" width=\"125\"><span style=\"font-size: 14pt;\"><strong>Paketleme<\/strong><\/span><\/td>\n<\/tr>\n<tr style=\"height: 48px;\">\n<td style=\"width: 98.7823%; height: 10px;\" colspan=\"5\" width=\"125\">25kgs\/\u00e7anta 400kgs\/Palet<\/td>\n<\/tr>\n<tr style=\"height: 24px;\">\n<td style=\"width: 98.7823%; height: 10px;\" colspan=\"5\" width=\"125\"><\/td>\n<\/tr>\n<tr style=\"height: 24px;\">\n<td style=\"width: 49.391%; background-color: #ababab; height: 10px;\" colspan=\"3\" width=\"125\"><span style=\"font-size: 14pt;\"><strong>Depolama<\/strong><\/span><\/td>\n<td style=\"width: 25.1904%; height: 10px;\" width=\"125\"><span style=\"font-size: 14pt;\"><strong>Raf \u00d6mr\u00fc<\/strong><\/span><\/td>\n<td style=\"width: 24.2009%; height: 10px;\" width=\"125\"><span style=\"font-size: 12pt;\">5 y\u0131l<\/span><\/td>\n<\/tr>\n<tr style=\"height: 24px;\">\n<td style=\"width: 98.7823%; height: 10px;\" colspan=\"5\" width=\"375\"><span style=\"font-size: 12pt;\">Serin, kuru ve havaland\u0131r\u0131lm\u0131\u015f bir yerde saklanmal\u0131d\u0131r.<\/span><\/td>\n<\/tr>\n<tr style=\"height: 24px;\">\n<td style=\"width: 98.7823%; height: 10px;\" colspan=\"5\" width=\"125\"><\/td>\n<\/tr>\n<tr style=\"height: 24px;\">\n<td style=\"width: 98.7823%; background-color: #ababab; height: 10px;\" colspan=\"5\" width=\"125\"><span style=\"font-size: 14pt;\"><strong>ULA\u015eIM<\/strong><\/span><\/td>\n<\/tr>\n<tr style=\"height: 48px;\">\n<td style=\"width: 98.7823%; height: 10px;\" colspan=\"5\" width=\"375\"><span style=\"font-size: 12pt;\">Ters \u00e7evirme, g\u00fcne\u015f \u0131\u015f\u0131\u011f\u0131, nem ve \u00e7arpmalardan ka\u00e7\u0131n\u0131n. Pakete zarar vermekten ka\u00e7\u0131n\u0131n.<\/span><\/td>\n<\/tr>\n<\/tbody>\n<\/table>\n<ul>\n<li>I\u015f\u0131k hasl\u0131\u011f\u0131: I\u015f\u0131k hasl\u0131\u011f\u0131 derecesi, 1 = \u2018Zay\u0131f\u2019 ve 8 = \u2018M\u00fckemmel\u2019 olan 1 ila 8 Mavi Y\u00fcn \u00f6l\u00e7e\u011finde de\u011ferlendirilir.<\/li>\n<li>Is\u0131 Stabilitesi : Verilen \u0131s\u0131 stabilitesi de\u011ferleri, pigmentin tam g\u00f6lgede ve indirgemelerde 10 dakika boyunca g\u00f6lgede \u00f6nemli bir de\u011fi\u015fikli\u011fe u\u011framadan bekletilebilece\u011fi maksimum s\u0131cakl\u0131\u011f\u0131 g\u00f6sterir.<\/li>\n<li>Ya\u011f emilimi: Ya\u011f emilimi EN ISO 787-5'e g\u00f6re belirlenir ve 100 g pigment ba\u015f\u0131na g keten tohumu ya\u011f\u0131 olarak verilir.<\/li>\n<li>Solvent kanamas\u0131: \u00c7\u00f6z\u00fcc\u00fclerdeki kanama, toz kaliteleri ve 1 ila 5 Gri \u00f6l\u00e7ekte verilen g\u00f6rsel derecelendirme kullan\u0131larak test edilir.<br \/>\nburada 1 = \u2018A\u011f\u0131r kanama\u2019 ve 5 = \u2018Kanama yok\u201d<\/li>\n<\/ul>\n<p>Sorumluluk Reddi - Bu veri sayfas\u0131nda verilen bilgiler, mevcut bilgi birikimimize dayanmaktad\u0131r ve \u00fcr\u00fcnlerimizin ve olas\u0131 uygulamalar\u0131n\u0131n genel bir a\u00e7\u0131klamas\u0131 olarak tasarlanm\u0131\u015ft\u0131r. Form\u00fclasyonlar\u0131n, \u00fcretim ve uygulama ko\u015fullar\u0131n\u0131n \u00e7oklu\u011fu nedeniyle, yukar\u0131da belirtilen t\u00fcm veriler i\u015fleyicinin ko\u015fullar\u0131na g\u00f6re ayarlanmal\u0131d\u0131r. Patent haklar\u0131 da dahil olmak \u00fczere, bireysel durumlar i\u00e7in bu durumdan hi\u00e7bir y\u00fck\u00fcml\u00fcl\u00fck \u00e7\u0131kar\u0131lamaz. Bu \u00fcr\u00fcn\u00fcn &lt; 0,1 \u03bcm partik\u00fcller i\u00e7erdi\u011fi g\u00f6z ard\u0131 edilemez. Bu \u00fcr\u00fcn\u00fcn herhangi bir kullan\u0131c\u0131s\u0131, Sudarshan \u00fcr\u00fcnlerinin kendi \u00f6zel uygulamas\u0131 i\u00e7in uygunlu\u011funu belirlemekten ve herhangi bir m\u00fclkiyet hakk\u0131 ve mevcut yasa ve mevzuata uyulmas\u0131n\u0131 sa\u011flamaktan sorumludur.<\/p>","protected":false},"excerpt":{"rendered":"<p>C.I.NO: PV23<\/p>\n<p>Avantaj:<\/p>\n<p>\u00d6nerilen Ana Uygulama: Plastikler<\/p>","protected":false},"featured_media":3476,"template":"","meta":[],"product_brand":[],"product_cat":[15,75,62,63,76,77],"product_tag":[],"class_list":{"0":"post-3575","1":"product","2":"type-product","3":"status-publish","4":"has-post-thumbnail","6":"product_cat-organic-pigments","7":"product_cat-pigments-for-offset-inks","8":"product_cat-pigments-for-plasticsampmasterbatch","9":"product_cat-pigments-for-printing-inks","10":"product_cat-pigments-for-sovlent-based-inks","11":"product_cat-pigments-for-water-based-inks","12":"stm_brands-honor-pigments","13":"stm_brands-hot-products","15":"first","16":"instock","17":"shipping-taxable","18":"product-type-simple"},"_links":{"self":[{"href":"https:\/\/www.honorpigment.com\/tr\/wp-json\/wp\/v2\/product\/3575","targetHints":{"allow":["GET"]}}],"collection":[{"href":"https:\/\/www.honorpigment.com\/tr\/wp-json\/wp\/v2\/product"}],"about":[{"href":"https:\/\/www.honorpigment.com\/tr\/wp-json\/wp\/v2\/types\/product"}],"version-history":[{"count":0,"href":"https:\/\/www.honorpigment.com\/tr\/wp-json\/wp\/v2\/product\/3575\/revisions"}],"wp:featuredmedia":[{"embeddable":true,"href":"https:\/\/www.honorpigment.com\/tr\/wp-json\/wp\/v2\/media\/3476"}],"wp:attachment":[{"href":"https:\/\/www.honorpigment.com\/tr\/wp-json\/wp\/v2\/media?parent=3575"}],"wp:term":[{"taxonomy":"product_brand","embeddable":true,"href":"https:\/\/www.honorpigment.com\/tr\/wp-json\/wp\/v2\/product_brand?post=3575"},{"taxonomy":"product_cat","embeddable":true,"href":"https:\/\/www.honorpigment.com\/tr\/wp-json\/wp\/v2\/product_cat?post=3575"},{"taxonomy":"product_tag","embeddable":true,"href":"https:\/\/www.honorpigment.com\/tr\/wp-json\/wp\/v2\/product_tag?post=3575"}],"curies":[{"name":"wp","href":"https:\/\/api.w.org\/{rel}","templated":true}]}}