{"id":3419,"date":"2025-09-09T15:34:13","date_gmt":"2025-09-09T07:34:13","guid":{"rendered":"https:\/\/www.honorpigments.com\/?post_type=product&#038;p=3419"},"modified":"2026-05-02T20:47:50","modified_gmt":"2026-05-02T12:47:50","slug":"hp-blue-4467-pigment-blue-150","status":"publish","type":"product","link":"https:\/\/www.honorpigment.com\/tr\/urun\/hp-blue-4467-pigment-blue-150\/","title":{"rendered":"PIGMENT MAVI 15:0\/ HP MAVI 4467"},"content":{"rendered":"<h3><strong>Product Description &#8211; PB15:0<\/strong><\/h3>\n<p>HP BLUE 4467 (PIGMENT BLUE 15:0) is a phase-stabilized a-copper phthalocyanine blue. It shows very redddish shade and good resistance to organic solvents, excellent lightfastness and weatherfastness, superior migaration fastness. It is mainly used in water based inks, paints and stationery.<\/p>\n<h3><strong>\u00d6nerilen Uygulama<\/strong><strong>\uff1a<\/strong><\/h3>\n<p>Coatings: water based paints, auto paints, industrial coatings<br \/>\nPrinting inks: offset inks,\u00a0 water based inks<\/p>\n<h3><strong>Teknik Veriler:<\/strong><\/h3>\n<table style=\"height: 260px;width: 95%;border-color: #050505\" width=\"95%\">\n<tbody>\n<tr style=\"height: 28px\">\n<td style=\"width: 98.4779%;background-color: #ababab;height: 10px\" colspan=\"5\" width=\"125\"><span style=\"font-size: 14pt\"><strong>\u00dcr\u00fcn Bilgileri<\/strong><\/span><\/td>\n<\/tr>\n<tr style=\"height: 24px\">\n<td style=\"width: 24.277%;height: 10px\" width=\"125\"><span style=\"font-size: 12pt\">Kimyasal Tip<\/span><\/td>\n<td style=\"width: 25.114%;height: 10px;text-align: center\" colspan=\"2\" width=\"125\">Phtlao<\/td>\n<td style=\"width: 25.1904%;height: 10px\" width=\"125\"><span style=\"font-size: 12pt\">CAS NO.<\/span><\/td>\n<td style=\"width: 23.8965%;text-align: center\" width=\"148\">147-14-8<\/td>\n<\/tr>\n<tr style=\"height: 48px\">\n<td style=\"width: 24.277%;height: 10px\" width=\"125\"><span style=\"font-size: 12pt\">C. I. \u0130sim<\/span><\/td>\n<td style=\"width: 25.114%;height: 10px;text-align: center\" colspan=\"2\" width=\"125\">Pigment Blue 15:0<\/td>\n<td style=\"width: 25.1904%;height: 10px\" width=\"125\"><span style=\"font-size: 12pt\">EINECS \/ ELINCS NO.<\/span><\/td>\n<td style=\"width: 23.8965%;text-align: center\" width=\"148\">205-685-1<\/td>\n<\/tr>\n<tr style=\"height: 48px\">\n<td style=\"width: 24.277%;height: 10px\" width=\"125\"><span style=\"font-size: 12pt\">C. I. Anayasa No.<\/span><\/td>\n<td style=\"width: 25.114%;height: 10px;text-align: center\" colspan=\"2\" width=\"125\">74160<\/td>\n<td style=\"width: 25.1904%;height: 10px\" width=\"125\"><span style=\"font-size: 12pt\">Kimyasal Form\u00fcl<\/span><\/td>\n<td style=\"width: 23.8965%;text-align: center\" width=\"148\">C32H16CuN8<\/td>\n<\/tr>\n<tr style=\"height: 24px\">\n<td style=\"width: 98.4779%;height: 10px\" colspan=\"5\" width=\"125\"><\/td>\n<\/tr>\n<tr style=\"height: 28px\">\n<td style=\"width: 98.4779%;background-color: #ababab;height: 10px\" colspan=\"5\" width=\"125\"><span style=\"font-size: 14pt\"><strong>Teknik Performans<\/strong><\/span><\/td>\n<\/tr>\n<tr style=\"height: 24px\">\n<td style=\"width: 24.277%;height: 10px\" width=\"125\"><\/td>\n<td style=\"width: 12.4048%;height: 10px;text-align: center\" width=\"125\"><span style=\"font-size: 12pt\">Tam G\u00f6lge<\/span><\/td>\n<td style=\"width: 12.7092%;height: 10px;text-align: center\" width=\"125\"><span style=\"font-size: 12pt\">Renk Tonu<\/span><\/td>\n<td style=\"width: 25.1904%;height: 10px\" width=\"125\"><\/td>\n<td style=\"width: 23.8965%;height: 10px\" width=\"125\"><\/td>\n<\/tr>\n<tr style=\"height: 48px\">\n<td style=\"width: 24.277%;height: 10px\" width=\"125\"><span style=\"font-size: 12pt\">Hava Ko\u015fullar\u0131na Dayan\u0131kl\u0131l\u0131k<\/span><\/td>\n<td class=\"et3\" style=\"height: 19.95pt;width: 12.4048%;text-align: center\" width=\"116\" height=\"26\">5<\/td>\n<td class=\"et4\" style=\"width: 12.7092%;text-align: center\" width=\"110\">4~5<\/td>\n<td style=\"width: 25.1904%;height: 10px\" width=\"125\"><span style=\"font-size: 12pt\">Is\u0131 Kararl\u0131l\u0131\u011f\u0131 \u00b0C<\/span><\/td>\n<td style=\"width: 23.8965%;height: 10px;text-align: center\" width=\"125\"><span style=\"font-size: 12pt\">240\u00b0C<\/span><\/td>\n<\/tr>\n<tr style=\"height: 24px\">\n<td style=\"width: 24.277%;height: 10px\" width=\"125\"><span style=\"font-size: 12pt\">I\u015f\u0131k Hasl\u0131\u011f\u0131<\/span><\/td>\n<td class=\"et4\" style=\"height: 19.95pt;width: 12.4048%;text-align: center\" height=\"26\">8<\/td>\n<td class=\"et4\" style=\"width: 12.7092%;text-align: center\">7<\/td>\n<td style=\"width: 25.1904%;height: 10px\" width=\"125\"><\/td>\n<td style=\"width: 23.8965%;height: 10px\" width=\"125\"><\/td>\n<\/tr>\n<tr style=\"height: 24px\">\n<td style=\"width: 98.4779%;height: 10px\" colspan=\"5\" width=\"125\"><\/td>\n<\/tr>\n<tr style=\"height: 24px\">\n<td style=\"width: 98.4779%;background-color: #ababab;height: 10px\" colspan=\"5\" width=\"125\"><span style=\"font-size: 14pt\"><strong>Fiziksel \u00d6zellikler<\/strong><\/span><\/td>\n<\/tr>\n<tr style=\"height: 48px\">\n<td style=\"width: 24.277%;height: 10px\" width=\"125\"><span style=\"font-size: 12pt\">Fiziksel Bi\u00e7im<\/span><\/td>\n<td style=\"width: 25.114%;height: 10px;text-align: center\" colspan=\"2\" width=\"125\"><span style=\"font-size: 12pt\">Toz<\/span><\/td>\n<td class=\"et3\" style=\"height: 19.95pt;width: 25.1904%\" width=\"166\" height=\"26\"><span class=\"font1\">Ksilende Kanama<\/span><\/td>\n<td class=\"et4\" style=\"width: 23.8965%;text-align: center\" width=\"148\">4<\/td>\n<\/tr>\n<tr style=\"height: 48px\">\n<td style=\"width: 24.277%;height: 10px\" width=\"125\"><span style=\"font-size: 12pt\">\u00d6zg\u00fcl Yo\u011funluk (g\/cm3):<\/span><\/td>\n<td style=\"width: 25.114%;height: 10px;text-align: center\" colspan=\"2\" width=\"125\">1.55 \u00b1 0.1<\/td>\n<td class=\"et3\" style=\"height: 19.95pt;width: 25.1904%\" width=\"166\" height=\"26\"><span class=\"font1\">Metil Etil Ketonda Kanama<\/span><\/td>\n<td class=\"et4\" style=\"width: 23.8965%;text-align: center\">4<\/td>\n<\/tr>\n<tr style=\"height: 48px\">\n<td style=\"width: 24.277%;height: 10px\" width=\"125\"><span style=\"font-size: 12pt\">\u00d6zg\u00fcl Y\u00fczey (\u33a1\/g):<\/span><\/td>\n<td style=\"width: 25.114%;height: 10px;text-align: center\" colspan=\"2\" width=\"125\">55 \u00b1 10<\/td>\n<td class=\"et3\" style=\"height: 19.95pt;width: 25.1904%\" width=\"166\" height=\"26\"><span class=\"font1\">Etil Asetatta Kanama<\/span><\/td>\n<td class=\"et4\" style=\"width: 23.8965%;text-align: center\">5<\/td>\n<\/tr>\n<tr style=\"height: 24px\">\n<td style=\"width: 24.277%;height: 10px\" width=\"125\"><span style=\"font-size: 12pt\">Ya\u011f Emme<\/span><\/td>\n<td style=\"width: 25.114%;height: 10px;text-align: center\" colspan=\"2\" width=\"125\">55 \u00b1 10<\/td>\n<td class=\"et3\" style=\"height: 19.95pt;width: 25.1904%\" width=\"166\" height=\"26\"><span class=\"font1\">Cellosolve'de Kanama<\/span><\/td>\n<td class=\"et4\" style=\"width: 23.8965%;text-align: center\">5<\/td>\n<\/tr>\n<tr style=\"height: 24px\">\n<td style=\"width: 24.277%;height: 10px\" width=\"125\"><span style=\"font-size: 12pt\">pH De\u011feri<\/span><\/td>\n<td style=\"width: 25.114%;height: 10px;text-align: center\" colspan=\"2\" width=\"125\">6.0-8.0<\/td>\n<td class=\"et3\" style=\"height: 19.95pt;width: 25.1904%\" width=\"166\" height=\"26\"><span class=\"font1\">Mineral Terebentinde Kanama<\/span><\/td>\n<td class=\"et4\" style=\"width: 23.8965%;text-align: center\">5<\/td>\n<\/tr>\n<tr style=\"height: 24px\">\n<td style=\"width: 24.277%;height: 10px\" width=\"125\"><span style=\"font-size: 12pt\">U\u00e7ucu Madde<\/span><\/td>\n<td style=\"width: 25.114%;height: 10px;text-align: center\" colspan=\"2\" width=\"125\"><span style=\"font-size: 12pt\">1% maks.<\/span><\/td>\n<td class=\"et3\" style=\"height: 19.95pt;width: 25.1904%\" width=\"166\" height=\"26\"><span class=\"font1\">Aside Kar\u015f\u0131 Diren\u00e7<\/span><\/td>\n<td class=\"et4\" style=\"width: 23.8965%;text-align: center\">5<\/td>\n<\/tr>\n<tr style=\"height: 24px\">\n<td style=\"width: 24.277%;height: 10px\" width=\"125\"><\/td>\n<td style=\"width: 25.114%;height: 10px\" colspan=\"2\"><\/td>\n<td class=\"et3\" style=\"height: 19.95pt;width: 25.1904%\" width=\"166\" height=\"26\"><span class=\"font1\">Alkali Direnci<\/span><\/td>\n<td class=\"et4\" style=\"width: 23.8965%;text-align: center\">5<\/td>\n<\/tr>\n<tr style=\"height: 48px\">\n<td style=\"width: 98.4779%;background-color: #ababab;height: 10px\" colspan=\"5\" width=\"125\"><span style=\"font-size: 14pt\"><strong>Paketleme<\/strong><\/span><\/td>\n<\/tr>\n<tr style=\"height: 48px\">\n<td style=\"width: 98.4779%;height: 10px\" colspan=\"5\" width=\"125\">25kgs\/Bag 400kgs\/Pallet<\/td>\n<\/tr>\n<tr style=\"height: 24px\">\n<td style=\"width: 98.4779%;height: 10px\" colspan=\"5\" width=\"125\"><\/td>\n<\/tr>\n<tr style=\"height: 24px\">\n<td style=\"width: 49.391%;background-color: #ababab;height: 10px\" colspan=\"3\" width=\"125\"><span style=\"font-size: 14pt\"><strong>Depolama<\/strong><\/span><\/td>\n<td style=\"width: 25.1904%;height: 10px\" width=\"125\"><span style=\"font-size: 14pt\"><strong>Raf \u00d6mr\u00fc<\/strong><\/span><\/td>\n<td style=\"width: 23.8965%;height: 10px\" width=\"125\"><span style=\"font-size: 12pt\">5 y\u0131l<\/span><\/td>\n<\/tr>\n<tr style=\"height: 24px\">\n<td style=\"width: 98.4779%;height: 10px\" colspan=\"5\" width=\"375\"><span style=\"font-size: 12pt\">Serin, kuru ve havaland\u0131r\u0131lm\u0131\u015f bir yerde saklanmal\u0131d\u0131r.<\/span><\/td>\n<\/tr>\n<tr style=\"height: 24px\">\n<td style=\"width: 98.4779%;height: 10px\" colspan=\"5\" width=\"125\"><\/td>\n<\/tr>\n<tr style=\"height: 24px\">\n<td style=\"width: 98.4779%;background-color: #ababab;height: 10px\" colspan=\"5\" width=\"125\"><span style=\"font-size: 14pt\"><strong>ULA\u015eIM<\/strong><\/span><\/td>\n<\/tr>\n<tr style=\"height: 48px\">\n<td style=\"width: 98.4779%;height: 10px\" colspan=\"5\" width=\"375\"><span style=\"font-size: 12pt\">Ters \u00e7evirme, g\u00fcne\u015f \u0131\u015f\u0131\u011f\u0131, nem ve \u00e7arpmalardan ka\u00e7\u0131n\u0131n. Pakete zarar vermekten ka\u00e7\u0131n\u0131n.<\/span><\/td>\n<\/tr>\n<\/tbody>\n<\/table>\n<ul>\n<li>I\u015f\u0131k hasl\u0131\u011f\u0131: I\u015f\u0131k hasl\u0131\u011f\u0131 derecesi, 1 = \u2018Zay\u0131f\u2019 ve 8 = \u2018M\u00fckemmel\u2019 olan 1 ila 8 Mavi Y\u00fcn \u00f6l\u00e7e\u011finde de\u011ferlendirilir.<\/li>\n<li>Is\u0131 Stabilitesi : Verilen \u0131s\u0131 stabilitesi de\u011ferleri, pigmentin tam g\u00f6lgede ve indirgemelerde 10 dakika boyunca g\u00f6lgede \u00f6nemli bir de\u011fi\u015fikli\u011fe u\u011framadan bekletilebilece\u011fi maksimum s\u0131cakl\u0131\u011f\u0131 g\u00f6sterir.<\/li>\n<li>Ya\u011f emilimi: Ya\u011f emilimi EN ISO 787-5'e g\u00f6re belirlenir ve 100 g pigment ba\u015f\u0131na g keten tohumu ya\u011f\u0131 olarak verilir.<\/li>\n<li>Solvent kanamas\u0131: \u00c7\u00f6z\u00fcc\u00fclerdeki kanama, toz kaliteleri ve 1 ila 5 Gri \u00f6l\u00e7ekte verilen g\u00f6rsel derecelendirme kullan\u0131larak test edilir.<br \/>\nburada 1 = \u2018A\u011f\u0131r kanama\u2019 ve 5 = \u2018Kanama yok\u201d<\/li>\n<\/ul>\n<p>Disclaimer \u2013 The information given in this data sheet is based on the present state of our knowledge &amp; is intended as a general description of our products &amp; their possible applications. Due to the multitude of formulations, production &amp; application conditions, all the above mentioned data have to be adjusted to the circumstances of the processor. No liabilities, including those for patent rights, can be derived from this fact for individual cases. It cannot be ruled out that this product contains particles &lt; 0.1 \u03bcm. Any user of this product is responsible for determining the suitability of Honor Pigments\u2019s products for its particular application &amp; to ensure that any proprietary rights &amp; existing laws &amp; legislation are observed.<\/p>\n<div class=\"honor-product-overview\" style=\"margin-top:40px;border-top:2px solid #f6c405;padding-top:30px\">\n<h3>Why Choose Honor Pigments?<\/h3>\n<ul>\n<li>\ud83c\udf0d <strong>Global Export Expertise<\/strong> \u2014 Trusted by customers in 40+ countries for consistent quality and reliable supply<\/li>\n<li>\u2705 <strong>Strict Quality Control<\/strong> \u2014 ISO 9001 certified with batch-to-batch consistency and zero-defect policy<\/li>\n<li>\ud83d\udcb0 <strong>OEM Production Advantage<\/strong> \u2014 Competitive pricing without compromising pigment performance<\/li>\n<li>\ud83e\uddea <strong>Technical Support<\/strong> \u2014 Free color matching, formulation advice and sample testing before bulk order<\/li>\n<\/ul>\n<div style=\"background:#f8f9fa;padding:20px;border-left:4px solid #f6c405;margin:20px 0\">\n<p><strong>\ud83d\udce9 Need more details?<\/strong><\/p>\n<p>Request TDS, SDS, or a free sample for testing.<\/p>\n<\/div>\n<\/div>","protected":false},"excerpt":{"rendered":"<p>C.I.NO: PB15:0<\/p>\n<p>Advantage: Bright color, High color strength<\/p>\n<p>Main Application Recommended: Water based inks<\/p>","protected":false},"featured_media":3423,"template":"","meta":{"rank_math_focus_keyword":"PIGMENT BLUE 15:0","rank_math_description":"HP BLUE 4467 (PB15:0): \u03b1-copper phthalo (phase-stabilized). Reddish, solvent-resistant; excellent fastness\u2014used in water inks, paints, stationery.","rank_math_robots":null,"_rank_math_focus_keyword":"pigment blue 15:0","rank_math_seo_score":"78"},"product_brand":[],"product_cat":[15,74,61,73,75,62,63,92,77],"product_tag":[434,435,436,438,440],"class_list":{"0":"post-3419","1":"product","2":"type-product","3":"status-publish","4":"has-post-thumbnail","6":"product_cat-organic-pigments","7":"product_cat-pigments-for-auto-paints","8":"product_cat-pigments-for-coatings-paints","9":"product_cat-pigments-for-industrial-coatings","10":"product_cat-pigments-for-offset-inks","11":"product_cat-pigments-for-plasticsampmasterbatch","12":"product_cat-pigments-for-printing-inks","13":"product_cat-pigments-for-water-based-coatings","14":"product_cat-pigments-for-water-based-inks","15":"product_tag-organic-pigments","16":"product_tag-pigments-for-auto-paints","17":"product_tag-pigments-for-coatingspaints","18":"product_tag-pigments-for-industrial-coatings","19":"product_tag-pigments-for-offset-inks","20":"stm_brands-honor-pigments","22":"first","23":"instock","24":"shipping-taxable","25":"product-type-simple"},"_links":{"self":[{"href":"https:\/\/www.honorpigment.com\/tr\/wp-json\/wp\/v2\/product\/3419","targetHints":{"allow":["GET"]}}],"collection":[{"href":"https:\/\/www.honorpigment.com\/tr\/wp-json\/wp\/v2\/product"}],"about":[{"href":"https:\/\/www.honorpigment.com\/tr\/wp-json\/wp\/v2\/types\/product"}],"version-history":[{"count":2,"href":"https:\/\/www.honorpigment.com\/tr\/wp-json\/wp\/v2\/product\/3419\/revisions"}],"predecessor-version":[{"id":8792,"href":"https:\/\/www.honorpigment.com\/tr\/wp-json\/wp\/v2\/product\/3419\/revisions\/8792"}],"wp:featuredmedia":[{"embeddable":true,"href":"https:\/\/www.honorpigment.com\/tr\/wp-json\/wp\/v2\/media\/3423"}],"wp:attachment":[{"href":"https:\/\/www.honorpigment.com\/tr\/wp-json\/wp\/v2\/media?parent=3419"}],"wp:term":[{"taxonomy":"product_brand","embeddable":true,"href":"https:\/\/www.honorpigment.com\/tr\/wp-json\/wp\/v2\/product_brand?post=3419"},{"taxonomy":"product_cat","embeddable":true,"href":"https:\/\/www.honorpigment.com\/tr\/wp-json\/wp\/v2\/product_cat?post=3419"},{"taxonomy":"product_tag","embeddable":true,"href":"https:\/\/www.honorpigment.com\/tr\/wp-json\/wp\/v2\/product_tag?post=3419"}],"curies":[{"name":"wp","href":"https:\/\/api.w.org\/{rel}","templated":true}]}}