{"id":3341,"date":"2025-09-02T16:43:08","date_gmt":"2025-09-02T08:43:08","guid":{"rendered":"https:\/\/www.honorpigments.com\/?post_type=product&#038;p=3341"},"modified":"2026-05-02T16:47:05","modified_gmt":"2026-05-02T08:47:05","slug":"hp-yellow-1619-pigment-yellow-154","status":"publish","type":"product","link":"https:\/\/www.honorpigment.com\/tr\/urun\/hp-yellow-1619-pigment-yellow-154\/","title":{"rendered":"PIGMENT SARI 154\/ HP SARI 1619"},"content":{"rendered":"<h3><strong>Product Description &#8211; PY154<\/strong><\/h3>\n<p align=\"left\">HP YELLOW 1619 (PIGMENT YELLOW 154) affords a somewhat greenish yellow shade of very high lightfastness and weatherfastness. IT is completely or at least almost completely resistant to the major organic solvents. The list includes alcohols, esters, such as butylacetate, aliphatic and aromatic hydrocarbons, such as mineral spirits or xylene, and dibutyl phthalate. It is mainly used in paints industries. some times in plastics and inks industries.<\/p>\n<h3><strong>\u00d6nerilen Uygulama<\/strong><strong>\uff1a<\/strong><\/h3>\n<p>Coatings: solvent based paints, water based paints, industrial coatings, powder coatings, coil coatings, auto paints, wood coatings<br \/>\nPlastics: PP, PE, PVC, PS\/SAN, ABS, PET, PBT, Rubber\/TPV, SBC, TPO, TPU<br \/>\nBask\u0131 m\u00fcrekkepleri: ofset m\u00fcrekkepleri, solvent bazl\u0131 m\u00fcrekkepler, su bazl\u0131 m\u00fcrekkepler<\/p>\n<h3><strong>Teknik Veriler:<\/strong><\/h3>\n<table style=\"height: 260px;width: 95%;border-color: #050505\" width=\"95%\">\n<tbody>\n<tr style=\"height: 28px\">\n<td style=\"width: 99.3832%;background-color: #ababab;height: 10px\" colspan=\"5\" width=\"125\"><span style=\"font-size: 14pt\"><strong>\u00dcr\u00fcn Bilgileri<\/strong><\/span><\/td>\n<\/tr>\n<tr style=\"height: 24px\">\n<td style=\"width: 24.277%;height: 10px\" width=\"125\"><span style=\"font-size: 12pt\">Kimyasal Tip<\/span><\/td>\n<td style=\"width: 25.114%;height: 10px;text-align: center\" colspan=\"2\" width=\"125\">Benzimidazolon<\/td>\n<td style=\"width: 25.1904%;height: 10px\" width=\"125\"><span style=\"font-size: 12pt\">CAS NO.<\/span><\/td>\n<td class=\"et3\" style=\"height: 19.95pt;width: 24.8018%;text-align: center\" width=\"166\" height=\"26\">68134-22-5<\/td>\n<\/tr>\n<tr style=\"height: 48px\">\n<td style=\"width: 24.277%;height: 10px\" width=\"125\"><span style=\"font-size: 12pt\">C. I. \u0130sim<\/span><\/td>\n<td style=\"width: 25.114%;height: 10px;text-align: center\" colspan=\"2\" width=\"125\">Pigment Yellow 154<\/td>\n<td style=\"width: 25.1904%;height: 10px\" width=\"125\"><span style=\"font-size: 12pt\">EINECS \/ ELINCS NO.<\/span><\/td>\n<td class=\"et3\" style=\"height: 19.95pt;width: 24.8018%;text-align: center\" width=\"166\" height=\"26\">268-734-6<\/td>\n<\/tr>\n<tr style=\"height: 48px\">\n<td style=\"width: 24.277%;height: 10px\" width=\"125\"><span style=\"font-size: 12pt\">C. I. Anayasa No.<\/span><\/td>\n<td style=\"width: 25.114%;height: 10px;text-align: center\" colspan=\"2\" width=\"125\">11781<\/td>\n<td style=\"width: 25.1904%;height: 10px\" width=\"125\"><span style=\"font-size: 12pt\">Kimyasal Form\u00fcl<\/span><\/td>\n<td class=\"et3\" style=\"height: 19.95pt;width: 24.8018%;text-align: center\" width=\"166\" height=\"26\">C18H14F3N5O3<\/td>\n<\/tr>\n<tr style=\"height: 24px\">\n<td style=\"width: 99.3832%;height: 10px\" colspan=\"5\" width=\"125\"><\/td>\n<\/tr>\n<tr style=\"height: 28px\">\n<td style=\"width: 99.3832%;background-color: #ababab;height: 10px\" colspan=\"5\" width=\"125\"><span style=\"font-size: 14pt\"><strong>Teknik Performans<\/strong><\/span><\/td>\n<\/tr>\n<tr style=\"height: 24px\">\n<td style=\"width: 24.277%;height: 10px\" width=\"125\"><\/td>\n<td style=\"width: 12.4048%;height: 10px;text-align: center\" width=\"125\"><span style=\"font-size: 12pt\">Tam G\u00f6lge<\/span><\/td>\n<td style=\"width: 12.7092%;height: 10px;text-align: center\" width=\"125\"><span style=\"font-size: 12pt\">Renk Tonu<\/span><\/td>\n<td style=\"width: 25.1904%;height: 10px\" width=\"125\"><\/td>\n<td style=\"width: 24.8018%;height: 10px\" width=\"125\"><\/td>\n<\/tr>\n<tr style=\"height: 48px\">\n<td style=\"width: 24.277%;height: 10px\" width=\"125\"><span style=\"font-size: 12pt\">Hava Ko\u015fullar\u0131na Dayan\u0131kl\u0131l\u0131k<\/span><\/td>\n<td class=\"et3\" style=\"height: 10px;width: 12.4048%;text-align: center\" width=\"116\" height=\"26\">5<\/td>\n<td class=\"et4\" style=\"width: 12.7092%;text-align: center;height: 10px\" width=\"110\">5<\/td>\n<td style=\"width: 25.1904%;height: 10px\" width=\"125\"><span style=\"font-size: 12pt\">Is\u0131 Kararl\u0131l\u0131\u011f\u0131 \u00b0C<\/span><\/td>\n<td style=\"width: 24.8018%;height: 10px;text-align: center\" width=\"125\"><span style=\"font-size: 12pt\">250\u00b0C<\/span><\/td>\n<\/tr>\n<tr style=\"height: 24px\">\n<td style=\"width: 24.277%;height: 10px\" width=\"125\"><span style=\"font-size: 12pt\">I\u015f\u0131k Hasl\u0131\u011f\u0131<\/span><\/td>\n<td class=\"et4\" style=\"height: 10px;width: 12.4048%;text-align: center\" height=\"26\">8<\/td>\n<td class=\"et4\" style=\"width: 12.7092%;text-align: center;height: 10px\">8<\/td>\n<td style=\"width: 25.1904%;height: 10px\" width=\"125\"><\/td>\n<td style=\"width: 24.8018%;height: 10px\" width=\"125\"><\/td>\n<\/tr>\n<tr style=\"height: 24px\">\n<td style=\"width: 99.3832%;height: 10px\" colspan=\"5\" width=\"125\"><\/td>\n<\/tr>\n<tr style=\"height: 24px\">\n<td style=\"width: 99.3832%;background-color: #ababab;height: 10px\" colspan=\"5\" width=\"125\"><span style=\"font-size: 14pt\"><strong>Fiziksel \u00d6zellikler<\/strong><\/span><\/td>\n<\/tr>\n<tr style=\"height: 48px\">\n<td style=\"width: 24.277%;height: 10px\" width=\"125\"><span style=\"font-size: 12pt\">Fiziksel Bi\u00e7im<\/span><\/td>\n<td style=\"width: 25.114%;height: 10px;text-align: center\" colspan=\"2\" width=\"125\"><span style=\"font-size: 12pt\">Toz<\/span><\/td>\n<td class=\"et3\" style=\"height: 19.95pt;width: 25.1904%\" width=\"166\" height=\"26\"><span class=\"font1\">Aside Kar\u015f\u0131 Diren\u00e7<\/span><\/td>\n<td class=\"et4\" style=\"width: 24.8018%;text-align: center\" width=\"166\">5<\/td>\n<\/tr>\n<tr style=\"height: 48px\">\n<td style=\"width: 24.277%;height: 10px\" width=\"125\"><span style=\"font-size: 12pt\">\u00d6zg\u00fcl Yo\u011funluk (g\/cm3):<\/span><\/td>\n<td style=\"width: 25.114%;height: 10px;text-align: center\" colspan=\"2\" width=\"125\">1.55 \u00b1 0.1<\/td>\n<td class=\"et3\" style=\"height: 19.95pt;width: 25.1904%\" width=\"166\" height=\"26\"><span class=\"font1\">Alkali Direnci<\/span><\/td>\n<td class=\"et4\" style=\"width: 24.8018%;text-align: center\">5<\/td>\n<\/tr>\n<tr style=\"height: 48px\">\n<td style=\"width: 24.277%;height: 10px\" width=\"125\"><span style=\"font-size: 12pt\">\u00d6zg\u00fcl Y\u00fczey (\u33a1\/g):<\/span><\/td>\n<td style=\"width: 25.114%;height: 10px;text-align: center\" colspan=\"2\" width=\"125\">25<\/td>\n<td class=\"et3\" style=\"height: 19.95pt;width: 25.1904%\" width=\"166\" height=\"26\">D\u00fc\u015f\u00fck \u00e7\u00f6zg\u00fc uygulamalar\u0131<\/td>\n<td class=\"et5\" style=\"width: 24.8018%;text-align: center\">Uygun<\/td>\n<\/tr>\n<tr style=\"height: 24px\">\n<td style=\"width: 24.277%;height: 10px\" width=\"125\"><span style=\"font-size: 12pt\">Ya\u011f Emme<\/span><\/td>\n<td style=\"width: 25.114%;height: 10px;text-align: center\" colspan=\"2\" width=\"125\">54<\/td>\n<td class=\"et3\" style=\"height: 19.95pt;width: 25.1904%\" width=\"166\" height=\"26\"><\/td>\n<td class=\"et5\" style=\"width: 24.8018%;text-align: center\"><\/td>\n<\/tr>\n<tr style=\"height: 24px\">\n<td style=\"width: 24.277%;height: 10px\" width=\"125\"><span style=\"font-size: 12pt\">pH De\u011feri<\/span><\/td>\n<td style=\"width: 25.114%;height: 10px;text-align: center\" colspan=\"2\" width=\"125\">6.5 ~8.5<\/td>\n<td class=\"et3\" style=\"height: 10px;width: 25.1904%\" width=\"166\" height=\"26\"><\/td>\n<td class=\"et4\" style=\"width: 24.8018%;text-align: center;height: 10px\"><\/td>\n<\/tr>\n<tr style=\"height: 24px\">\n<td style=\"width: 24.277%;height: 10px\" width=\"125\"><span style=\"font-size: 12pt\">U\u00e7ucu Madde<\/span><\/td>\n<td style=\"width: 25.114%;height: 10px;text-align: center\" colspan=\"2\" width=\"125\"><span style=\"font-size: 12pt\">1% maks.<\/span><\/td>\n<td class=\"et3\" style=\"height: 10px;width: 25.1904%\" width=\"166\" height=\"26\"><\/td>\n<td class=\"et4\" style=\"width: 24.8018%;text-align: center;height: 10px\"><\/td>\n<\/tr>\n<tr style=\"height: 24px\">\n<td style=\"width: 24.277%;height: 10px\" width=\"125\"><\/td>\n<td style=\"width: 25.114%;height: 10px\" colspan=\"2\"><\/td>\n<td class=\"et3\" style=\"height: 10px;width: 25.1904%\" width=\"166\" height=\"26\"><\/td>\n<td class=\"et4\" style=\"width: 24.8018%;text-align: center;height: 10px\"><\/td>\n<\/tr>\n<tr style=\"height: 48px\">\n<td style=\"width: 99.3832%;background-color: #ababab;height: 10px\" colspan=\"5\" width=\"125\"><span style=\"font-size: 14pt\"><strong>Paketleme<\/strong><\/span><\/td>\n<\/tr>\n<tr style=\"height: 48px\">\n<td style=\"width: 99.3832%;height: 10px\" colspan=\"5\" width=\"125\">20 or 25kgs\/bag\u00a0 400kgs\/Pallet<\/td>\n<\/tr>\n<tr style=\"height: 24px\">\n<td style=\"width: 99.3832%;height: 10px\" colspan=\"5\" width=\"125\"><\/td>\n<\/tr>\n<tr style=\"height: 24px\">\n<td style=\"width: 49.391%;background-color: #ababab;height: 10px\" colspan=\"3\" width=\"125\"><span style=\"font-size: 14pt\"><strong>Depolama<\/strong><\/span><\/td>\n<td style=\"width: 25.1904%;height: 10px\" width=\"125\"><span style=\"font-size: 14pt\"><strong>Raf \u00d6mr\u00fc<\/strong><\/span><\/td>\n<td style=\"width: 24.8018%;height: 10px\" width=\"125\"><span style=\"font-size: 12pt\">5 y\u0131l<\/span><\/td>\n<\/tr>\n<tr style=\"height: 24px\">\n<td style=\"width: 99.3832%;height: 10px\" colspan=\"5\" width=\"375\"><span style=\"font-size: 12pt\">Serin, kuru ve havaland\u0131r\u0131lm\u0131\u015f bir yerde saklanmal\u0131d\u0131r.<\/span><\/td>\n<\/tr>\n<tr style=\"height: 24px\">\n<td style=\"width: 99.3832%;height: 10px\" colspan=\"5\" width=\"125\"><\/td>\n<\/tr>\n<tr style=\"height: 24px\">\n<td style=\"width: 99.3832%;background-color: #ababab;height: 10px\" colspan=\"5\" width=\"125\"><span style=\"font-size: 14pt\"><strong>ULA\u015eIM<\/strong><\/span><\/td>\n<\/tr>\n<tr style=\"height: 48px\">\n<td style=\"width: 99.3832%;height: 10px\" colspan=\"5\" width=\"375\"><span style=\"font-size: 12pt\">Ters \u00e7evirme, g\u00fcne\u015f \u0131\u015f\u0131\u011f\u0131, nem ve \u00e7arpmalardan ka\u00e7\u0131n\u0131n. Pakete zarar vermekten ka\u00e7\u0131n\u0131n.<\/span><\/td>\n<\/tr>\n<\/tbody>\n<\/table>\n<ul>\n<li>I\u015f\u0131k hasl\u0131\u011f\u0131: I\u015f\u0131k hasl\u0131\u011f\u0131 derecesi, 1 = \u2018Zay\u0131f\u2019 ve 8 = \u2018M\u00fckemmel\u2019 olan 1 ila 8 Mavi Y\u00fcn \u00f6l\u00e7e\u011finde de\u011ferlendirilir.<\/li>\n<li>Is\u0131 Stabilitesi : Verilen \u0131s\u0131 stabilitesi de\u011ferleri, pigmentin tam g\u00f6lgede ve indirgemelerde 10 dakika boyunca g\u00f6lgede \u00f6nemli bir de\u011fi\u015fikli\u011fe u\u011framadan bekletilebilece\u011fi maksimum s\u0131cakl\u0131\u011f\u0131 g\u00f6sterir.<\/li>\n<li>Ya\u011f emilimi: Ya\u011f emilimi EN ISO 787-5'e g\u00f6re belirlenir ve 100 g pigment ba\u015f\u0131na g keten tohumu ya\u011f\u0131 olarak verilir.<\/li>\n<li>Solvent kanamas\u0131: \u00c7\u00f6z\u00fcc\u00fclerdeki kanama, toz kaliteleri ve 1 ila 5 Gri \u00f6l\u00e7ekte verilen g\u00f6rsel derecelendirme kullan\u0131larak test edilir.<br \/>\nburada 1 = \u2018A\u011f\u0131r kanama\u2019 ve 5 = \u2018Kanama yok\u201d<\/li>\n<\/ul>\n<p>Disclaimer \u2013 The information given in this data sheet is based on the present state of our knowledge &amp; is intended as a general description of our products &amp; their possible applications. Due to the multitude of formulations, production &amp; application conditions, all the above mentioned data have to be adjusted to the circumstances of the processor. No liabilities, including those for patent rights, can be derived from this fact for individual cases. It cannot be ruled out that this product contains particles &lt; 0.1 \u03bcm. Any user of this product is responsible for determining the suitability of Honor Pigments\u2019s products for its particular application &amp; to ensure that any proprietary rights &amp; existing laws &amp; legislation are observed.<\/p>\n<div class=\"honor-product-overview\" style=\"margin-top:40px;border-top:2px solid #f6c405;padding-top:30px\">\n<h3>Why Choose Honor Pigments?<\/h3>\n<ul>\n<li>\ud83c\udf0d <strong>Global Export Expertise<\/strong> \u2014 Trusted by customers in 40+ countries for consistent quality and reliable supply<\/li>\n<li>\u2705 <strong>Strict Quality Control<\/strong> \u2014 ISO 9001 certified with batch-to-batch consistency and zero-defect policy<\/li>\n<li>\ud83d\udcb0 <strong>OEM Production Advantage<\/strong> \u2014 Competitive pricing without compromising pigment performance<\/li>\n<li>\ud83e\uddea <strong>Technical Support<\/strong> \u2014 Free color matching, formulation advice and sample testing before bulk order<\/li>\n<\/ul>\n<div style=\"background:#f8f9fa;padding:20px;border-left:4px solid #f6c405;margin:20px 0\">\n<p><strong>\ud83d\udce9 Need more details?<\/strong><\/p>\n<p>Request TDS, SDS, or a free sample for testing.<\/p>\n<\/div>\n<\/div>","protected":false},"excerpt":{"rendered":"<p>C.I.NO.: PY154<\/p>\n<p>Avantaj:<\/p>\n<p>\u00d6nerilen Ana Uygulama: Kaplamalar<\/p>","protected":false},"featured_media":3758,"template":"","meta":{"rank_math_focus_keyword":"PIGMENT YELLOW 154,py154","rank_math_description":"HP YELLOW 1619 (PIGMENT YELLOW 154): Greenish yellow. High light\/weather fastness, solvent-resistant\u2014mainly for paints, sometimes plastics\/inks.","rank_math_robots":null,"_rank_math_focus_keyword":"pigment yellow 154","rank_math_seo_score":"82"},"product_brand":[],"product_cat":[15,74,61,72,73,75,62,95,63,91,76,92,77,71],"product_tag":[363,364],"class_list":{"0":"post-3341","1":"product","2":"type-product","3":"status-publish","4":"has-post-thumbnail","6":"product_cat-organic-pigments","7":"product_cat-pigments-for-auto-paints","8":"product_cat-pigments-for-coatings-paints","9":"product_cat-pigments-for-coil-coatings","10":"product_cat-pigments-for-industrial-coatings","11":"product_cat-pigments-for-offset-inks","12":"product_cat-pigments-for-plasticsampmasterbatch","13":"product_cat-pigments-for-powder-coatings","14":"product_cat-pigments-for-printing-inks","15":"product_cat-pigments-for-solvent-based-coatings","16":"product_cat-pigments-for-sovlent-based-inks","17":"product_cat-pigments-for-water-based-coatings","18":"product_cat-pigments-for-water-based-inks","19":"product_cat-pigments-for-wood-coatings","20":"product_tag-py154","21":"product_tag-yellow-3g","22":"stm_brands-honor-pigments","24":"first","25":"instock","26":"shipping-taxable","27":"product-type-simple"},"_links":{"self":[{"href":"https:\/\/www.honorpigment.com\/tr\/wp-json\/wp\/v2\/product\/3341","targetHints":{"allow":["GET"]}}],"collection":[{"href":"https:\/\/www.honorpigment.com\/tr\/wp-json\/wp\/v2\/product"}],"about":[{"href":"https:\/\/www.honorpigment.com\/tr\/wp-json\/wp\/v2\/types\/product"}],"version-history":[{"count":2,"href":"https:\/\/www.honorpigment.com\/tr\/wp-json\/wp\/v2\/product\/3341\/revisions"}],"predecessor-version":[{"id":8820,"href":"https:\/\/www.honorpigment.com\/tr\/wp-json\/wp\/v2\/product\/3341\/revisions\/8820"}],"wp:featuredmedia":[{"embeddable":true,"href":"https:\/\/www.honorpigment.com\/tr\/wp-json\/wp\/v2\/media\/3758"}],"wp:attachment":[{"href":"https:\/\/www.honorpigment.com\/tr\/wp-json\/wp\/v2\/media?parent=3341"}],"wp:term":[{"taxonomy":"product_brand","embeddable":true,"href":"https:\/\/www.honorpigment.com\/tr\/wp-json\/wp\/v2\/product_brand?post=3341"},{"taxonomy":"product_cat","embeddable":true,"href":"https:\/\/www.honorpigment.com\/tr\/wp-json\/wp\/v2\/product_cat?post=3341"},{"taxonomy":"product_tag","embeddable":true,"href":"https:\/\/www.honorpigment.com\/tr\/wp-json\/wp\/v2\/product_tag?post=3341"}],"curies":[{"name":"wp","href":"https:\/\/api.w.org\/{rel}","templated":true}]}}