{"id":3713,"date":"2025-09-22T16:16:40","date_gmt":"2025-09-22T08:16:40","guid":{"rendered":"https:\/\/www.honorpigments.com\/?post_type=product&#038;p=3713"},"modified":"2026-04-13T23:16:41","modified_gmt":"2026-04-13T15:16:41","slug":"iron-oxide-yellow-313-pigment-yellow-42","status":"publish","type":"product","link":"https:\/\/www.honorpigment.com\/sq\/produkt\/iron-oxide-yellow-313-pigment-yellow-42\/","title":{"rendered":"PIGMENT YELLOW 42\/ IRON OXIDE YELLOW 313"},"content":{"rendered":"<h3><strong>Product Description &#8211; PY42<\/strong><\/h3>\n<p align=\"left\">IRON OXIDE YELLOW 313 (PIGMENT YELLOW 42) offers excellent light and weather fastness, ensuring long-lasting color stability in outdoor applications. It also features good chemical resistance and low cost, making it a cost-effective choice for coatings, plastics, and construction materials.<\/p>\n<h3><strong>Aplikim i rekomanduar<\/strong><\/h3>\n<p>tulla muri, \u00e7imento, tulla p\u00ebr shtruarje, piktura, veshje, plastika, goma dhe k\u00ebshtu me radh\u00eb<\/p>\n<h3><strong>T\u00eb dh\u00ebna teknike<\/strong><\/h3>\n<table style=\"height: 343px;width: 95%;border-color: #050505\" width=\"95%\">\n<tbody>\n<tr style=\"height: 28px\">\n<td style=\"width: 98.7062%;background-color: #ababab;height: 10px\" colspan=\"5\" width=\"125\"><span style=\"font-size: 14pt\"><strong>Informacion p\u00ebr produktin<\/strong><\/span><\/td>\n<\/tr>\n<tr style=\"height: 24px\">\n<td style=\"width: 24.277%;height: 10px\" width=\"125\"><span style=\"font-size: 12pt\">Lloji kimik<\/span><\/td>\n<td style=\"width: 25.114%;height: 10px;text-align: center\" colspan=\"2\" width=\"125\"><\/td>\n<td style=\"width: 25.1904%;height: 10px\" width=\"125\"><span style=\"font-size: 12pt\">CAS NO.<\/span><\/td>\n<td class=\"et3\" style=\"height: 10px;width: 24.1248%;text-align: center\" width=\"148\" height=\"26\">51274-00-1<\/td>\n<\/tr>\n<tr style=\"height: 48px\">\n<td style=\"width: 24.277%;height: 10px\" width=\"125\"><span style=\"font-size: 12pt\">C. I. Emri<\/span><\/td>\n<td style=\"width: 25.114%;height: 10px;text-align: center\" colspan=\"2\" width=\"125\">Pigmenti i verdh\u00eb 42<\/td>\n<td style=\"width: 25.1904%;height: 10px\" width=\"125\"><span style=\"font-size: 12pt\">EINECS \/ ELINCS Nr.<\/span><\/td>\n<td class=\"et3\" style=\"height: 10px;width: 24.1248%;text-align: center\" width=\"148\" height=\"26\">257-098-5<\/td>\n<\/tr>\n<tr style=\"height: 48px\">\n<td style=\"width: 24.277%;height: 10px\" width=\"125\"><span style=\"font-size: 12pt\">C. I. Kushtetuta Nr.<\/span><\/td>\n<td style=\"width: 25.114%;height: 10px;text-align: center\" colspan=\"2\" width=\"125\">77492<\/td>\n<td style=\"width: 25.1904%;height: 10px\" width=\"125\"><span style=\"font-size: 12pt\">Formula kimike<\/span><\/td>\n<td class=\"et3\" style=\"height: 10px;width: 24.1248%;text-align: center\" width=\"148\" height=\"26\"><\/td>\n<\/tr>\n<tr style=\"height: 24px\">\n<td style=\"width: 98.7062%;height: 10px\" colspan=\"5\" width=\"125\"><\/td>\n<\/tr>\n<tr style=\"height: 28px\">\n<td style=\"width: 98.7062%;background-color: #ababab;height: 10px\" colspan=\"5\" width=\"125\"><span style=\"font-size: 14pt\"><strong>Performanc\u00eb teknike<\/strong><\/span><\/td>\n<\/tr>\n<tr style=\"height: 24px\">\n<td style=\"width: 24.277%;height: 10px\" width=\"125\"><\/td>\n<td style=\"width: 12.4809%;height: 10px;text-align: center\" width=\"125\"><span style=\"font-size: 12pt\">Hije e plot\u00eb<\/span><\/td>\n<td style=\"width: 12.6331%;height: 10px;text-align: center\" width=\"125\"><span style=\"font-size: 12pt\">Ngjyrim<\/span><\/td>\n<td style=\"width: 25.1904%;height: 10px\" width=\"125\"><\/td>\n<td style=\"width: 24.1248%;height: 10px\" width=\"125\"><\/td>\n<\/tr>\n<tr style=\"height: 48px\">\n<td style=\"width: 24.277%;height: 10px\" width=\"125\"><span style=\"font-size: 12pt\">Rezistenca ndaj motit<\/span><\/td>\n<td class=\"et3\" style=\"height: 10px;width: 12.4809%;text-align: center\" width=\"148\" height=\"26\">5<\/td>\n<td class=\"et4\" style=\"width: 12.6331%;height: 10px;text-align: center\" width=\"113\">5<\/td>\n<td style=\"width: 25.1904%;height: 10px\" width=\"125\"><span style=\"font-size: 12pt\">Stabiliteti n\u00eb nxeht\u00ebsi \u00b0C<\/span><\/td>\n<td style=\"width: 24.1248%;height: 10px;text-align: center\" width=\"125\"><span style=\"font-size: 12pt\">200\u00b0C<\/span><\/td>\n<\/tr>\n<tr style=\"height: 24px\">\n<td style=\"width: 24.277%;height: 10px\" width=\"125\"><span style=\"font-size: 12pt\">Q\u00ebndrueshm\u00ebria ndaj drit\u00ebs<\/span><\/td>\n<td class=\"et5\" style=\"height: 10px;width: 12.4809%;text-align: center\" height=\"26\">8<\/td>\n<td class=\"et4\" style=\"width: 12.6331%;height: 10px;text-align: center\">8<\/td>\n<td style=\"width: 25.1904%;height: 10px\" width=\"125\"><\/td>\n<td style=\"width: 24.1248%;height: 10px\" width=\"125\"><\/td>\n<\/tr>\n<tr style=\"height: 24px\">\n<td style=\"width: 98.7062%;height: 10px\" colspan=\"5\" width=\"125\"><\/td>\n<\/tr>\n<tr style=\"height: 24px\">\n<td style=\"width: 98.7062%;background-color: #ababab;height: 10px\" colspan=\"5\" width=\"125\"><span style=\"font-size: 14pt\"><strong>Pronat fizike<\/strong><\/span><\/td>\n<\/tr>\n<tr style=\"height: 48px\">\n<td style=\"width: 24.277%;height: 10px\" width=\"125\"><span style=\"font-size: 12pt\">Forma fizike<\/span><\/td>\n<td style=\"width: 25.114%;height: 10px;text-align: center\" colspan=\"2\" width=\"125\"><span style=\"font-size: 12pt\">Pluhur<\/span><\/td>\n<td style=\"width: 25.1904%\" width=\"139\">Ull\u00ebsia:<\/td>\n<td style=\"width: 24.1248%;text-align: center\" width=\"157\">\u22641.0%<\/td>\n<\/tr>\n<tr>\n<td style=\"width: 24.277%\" width=\"139\">Content\uff08\u03b1-FeOOH\uff09\uff1a<\/td>\n<td style=\"width: 25.114%;text-align: center\" colspan=\"2\" width=\"157\">\u226586.0%<\/td>\n<td style=\"width: 25.1904%\" width=\"139\">Vlera pH:<\/td>\n<td style=\"width: 24.1248%;text-align: center\" width=\"157\">3-7<\/td>\n<\/tr>\n<tr>\n<td style=\"width: 24.277%\" width=\"139\">Thithja e vajit:<\/td>\n<td style=\"width: 25.114%;text-align: center\" colspan=\"2\" width=\"157\">25-35\u00a0ml\/100g<\/td>\n<td style=\"width: 25.1904%\" width=\"139\">Dend\u00ebsia:<\/td>\n<td style=\"width: 24.1248%;text-align: center\" width=\"157\">0.4-0.6g\/cm3<\/td>\n<\/tr>\n<tr>\n<td style=\"width: 24.277%\" width=\"139\">Mbetje n\u00eb sit\u00eb (sit\u00eb 90):<\/td>\n<td style=\"width: 25.114%;text-align: center\" colspan=\"2\" width=\"157\">\u22640.3%<\/td>\n<td style=\"width: 25.1904%\" width=\"139\">forma e grimc\u00ebs:<\/td>\n<td style=\"width: 24.1248%;text-align: center\" width=\"157\">Needle\u00a0type<\/td>\n<\/tr>\n<tr>\n<td style=\"width: 24.277%\" width=\"139\">P\u00ebrmbajtja e tretshme n\u00eb uj\u00eb:<\/td>\n<td style=\"width: 25.114%;text-align: center\" colspan=\"2\" width=\"157\">\u22640.3%<\/td>\n<td style=\"width: 25.1904%\" width=\"139\">\u00a0Forca e ngjyr\u00ebs:<\/td>\n<td style=\"width: 24.1248%;text-align: center\" width=\"157\">95%~105%<\/td>\n<\/tr>\n<tr style=\"height: 24px\">\n<td style=\"width: 24.277%;height: 24px\"><\/td>\n<td style=\"width: 25.114%;text-align: center;height: 24px\" colspan=\"2\" width=\"148\"><\/td>\n<td style=\"width: 25.1904%\" width=\"139\">Abberacioni kromatik \u0394E:<\/td>\n<td style=\"width: 24.1248%;text-align: center\" width=\"157\">\u22641.0<\/td>\n<\/tr>\n<tr style=\"height: 48px\">\n<td style=\"width: 98.7062%;background-color: #ababab;height: 10px\" colspan=\"5\" width=\"125\"><span style=\"font-size: 14pt\"><strong>Paketim<\/strong><\/span><\/td>\n<\/tr>\n<tr style=\"height: 48px\">\n<td style=\"width: 98.7062%;height: 10px\" colspan=\"5\" width=\"125\">25 kg\/qese 1000 kg\/palet\u00eb<\/td>\n<\/tr>\n<tr style=\"height: 24px\">\n<td style=\"width: 98.7062%;height: 10px\" colspan=\"5\" width=\"125\"><\/td>\n<\/tr>\n<tr style=\"height: 24px\">\n<td style=\"width: 49.391%;background-color: #ababab;height: 10px\" colspan=\"3\" width=\"125\"><span style=\"font-size: 14pt\"><strong>Depozitim<\/strong><\/span><\/td>\n<td style=\"width: 25.1904%;height: 10px\" width=\"125\"><span style=\"font-size: 14pt\"><strong>Afati i p\u00ebrdorimit<\/strong><\/span><\/td>\n<td style=\"width: 24.1248%;height: 10px\" width=\"125\"><span style=\"font-size: 12pt\">5 vjet<\/span><\/td>\n<\/tr>\n<tr style=\"height: 24px\">\n<td style=\"width: 98.7062%;height: 10px\" colspan=\"5\" width=\"375\"><span style=\"font-size: 12pt\">Duhet t\u00eb ruhet n\u00eb nj\u00eb vend t\u00eb fresk\u00ebt, t\u00eb that\u00eb dhe t\u00eb ajrosur.<\/span><\/td>\n<\/tr>\n<tr style=\"height: 24px\">\n<td style=\"width: 98.7062%;height: 10px\" colspan=\"5\" width=\"125\"><\/td>\n<\/tr>\n<tr style=\"height: 24px\">\n<td style=\"width: 98.7062%;background-color: #ababab;height: 10px\" colspan=\"5\" width=\"125\"><span style=\"font-size: 14pt\"><strong>TRANSPORT<\/strong><\/span><\/td>\n<\/tr>\n<tr style=\"height: 48px\">\n<td style=\"width: 98.7062%;height: 10px\" colspan=\"5\" width=\"375\"><span style=\"font-size: 12pt\">Shmangni inversionin, rrezet e diellit, lag\u00ebshtin\u00eb dhe goditjet. Mos d\u00ebmtoni paketimin.<\/span><\/td>\n<\/tr>\n<\/tbody>\n<\/table>\n<ul>\n<li>Q\u00ebndrueshm\u00ebria ndaj drit\u00ebs: Vler\u00ebsimi i q\u00ebndrueshm\u00ebris\u00eb ndaj drit\u00ebs b\u00ebhet n\u00eb shkall\u00ebn Blue Wool nga 1 deri n\u00eb 8, ku 1 = \u2018E dob\u00ebt\u2019 dhe 8 = \u2018E shk\u00eblqyer\u2019.<\/li>\n<li>Stabiliteti ndaj nxeht\u00ebsis\u00eb: Vlerat e stabilitetit ndaj nxeht\u00ebsis\u00eb t\u00eb dh\u00ebna tregojn\u00eb temperatur\u00ebn maksimale n\u00eb t\u00eb cil\u00ebn pigmenti mund t\u00eb ngrohet p\u00ebr 10 minuta n\u00eb hijen e plot\u00eb dhe n\u00eb reduktime pa p\u00ebsuar ndonj\u00eb ndryshim t\u00eb r\u00ebnd\u00ebsish\u00ebm n\u00eb hije.<\/li>\n<li>Thithja e vajit: Thithja e vajit p\u00ebrcaktohet n\u00eb baz\u00eb t\u00eb EN ISO 787-5 dhe shprehet n\u00eb g vaj liri p\u00ebr 100 g pigment.<\/li>\n<li>Gjakderdhja n\u00eb tret\u00ebs: Gjakderdhja n\u00eb tret\u00ebs testohet duke p\u00ebrdorur gradat e pluhurit dhe vler\u00ebsimin vizual t\u00eb dh\u00ebn\u00eb n\u00eb shkall\u00ebn gri nga 1 deri n\u00eb 5.<br \/>\nku 1 = \u2018Gjakderdhje e r\u00ebnd\u00eb\u2019 dhe 5 = \u2018Pa gjakderdhje\u201d<\/li>\n<\/ul>\n<p>Disclaimer \u2013 The information given in this data sheet is based on the present state of our knowledge &amp; is intended as a general description of our products &amp; their possible applications. Due to the multitude of formulations, production &amp; application conditions, all the above mentioned data have to be adjusted to the circumstances of the processor. No liabilities, including those for patent rights, can be derived from this fact for individual cases. It cannot be ruled out that this product contains particles &lt; 0.1 \u03bcm. Any user of this product is responsible for determining the suitability of Honor Pigments\u2019s products for its particular application &amp; to ensure that any proprietary rights &amp; existing laws &amp; legislation are observed.<\/p>\n<div class=\"honor-product-overview\" style=\"margin-top:40px;border-top:2px solid #f6c405;padding-top:30px\">\n<h3>Why Choose Honor Pigments?<\/h3>\n<ul>\n<li>\ud83c\udf0d <strong>Global Export Expertise<\/strong> \u2014 Trusted by customers in 40+ countries for consistent quality and reliable supply<\/li>\n<li>\u2705 <strong>Strict Quality Control<\/strong> \u2014 ISO 9001 certified with batch-to-batch consistency and zero-defect policy<\/li>\n<li>\ud83d\udcb0 <strong>OEM Production Advantage<\/strong> \u2014 Competitive pricing without compromising pigment performance<\/li>\n<li>\ud83e\uddea <strong>Technical Support<\/strong> \u2014 Free color matching, formulation advice and sample testing before bulk order<\/li>\n<\/ul>\n<div style=\"background:#f8f9fa;padding:20px;border-left:4px solid #f6c405;margin:20px 0\">\n<p><strong>\ud83d\udce9 Need more details?<\/strong><\/p>\n<p>Request TDS, SDS, or a free sample for testing.<\/p>\n<\/div>\n<\/div>","protected":false},"excerpt":{"rendered":"<p>C.I.NO.: PY42<\/p>\n<p>Avantazhi:<\/p>\n<p>Aplikimi kryesor i rekomanduar: Mbulesa, Plastika<\/p>","protected":false},"featured_media":3714,"template":"","meta":[],"product_brand":[],"product_cat":[57,66],"product_tag":[379],"class_list":{"0":"post-3713","1":"product","2":"type-product","3":"status-publish","4":"has-post-thumbnail","6":"product_cat-inorganic-pigments","7":"product_cat-iron-oxide-pigments","8":"product_tag-iron-oxide-yellow","9":"stm_brands-honor-pigments","11":"first","12":"instock","13":"shipping-taxable","14":"product-type-simple"},"_links":{"self":[{"href":"https:\/\/www.honorpigment.com\/sq\/wp-json\/wp\/v2\/product\/3713","targetHints":{"allow":["GET"]}}],"collection":[{"href":"https:\/\/www.honorpigment.com\/sq\/wp-json\/wp\/v2\/product"}],"about":[{"href":"https:\/\/www.honorpigment.com\/sq\/wp-json\/wp\/v2\/types\/product"}],"version-history":[{"count":2,"href":"https:\/\/www.honorpigment.com\/sq\/wp-json\/wp\/v2\/product\/3713\/revisions"}],"predecessor-version":[{"id":8720,"href":"https:\/\/www.honorpigment.com\/sq\/wp-json\/wp\/v2\/product\/3713\/revisions\/8720"}],"wp:featuredmedia":[{"embeddable":true,"href":"https:\/\/www.honorpigment.com\/sq\/wp-json\/wp\/v2\/media\/3714"}],"wp:attachment":[{"href":"https:\/\/www.honorpigment.com\/sq\/wp-json\/wp\/v2\/media?parent=3713"}],"wp:term":[{"taxonomy":"product_brand","embeddable":true,"href":"https:\/\/www.honorpigment.com\/sq\/wp-json\/wp\/v2\/product_brand?post=3713"},{"taxonomy":"product_cat","embeddable":true,"href":"https:\/\/www.honorpigment.com\/sq\/wp-json\/wp\/v2\/product_cat?post=3713"},{"taxonomy":"product_tag","embeddable":true,"href":"https:\/\/www.honorpigment.com\/sq\/wp-json\/wp\/v2\/product_tag?post=3713"}],"curies":[{"name":"wp","href":"https:\/\/api.w.org\/{rel}","templated":true}]}}