{"id":3597,"date":"2025-09-16T15:48:44","date_gmt":"2025-09-16T07:48:44","guid":{"rendered":"https:\/\/www.honorpigments.com\/?post_type=product&#038;p=3597"},"modified":"2026-03-23T20:39:36","modified_gmt":"2026-03-23T12:39:36","slug":"hp-orange-3633-pigment-orange-36","status":"publish","type":"product","link":"https:\/\/www.honorpigment.com\/sq\/produkt\/hp-orange-3633-pigment-orange-36\/","title":{"rendered":"PIGMENT ORANGE 36\/ HP ORANGE 3633"},"content":{"rendered":"<h2><strong>Products Description &#8211; PO36<\/strong><\/h2>\n<p>HP ORANGE 3633 (Pigment orange 36) is red shade orange, an Benzimidazolone Pigments, with excellent light fastness, weather fastness, solvent fastness, and opaque organic pigments, used for industrial and automotive coatings, packaging inks, metal inks.<\/p>\n<h3><strong>Aplikim i rekomanduar<\/strong><strong>\uff1a<\/strong><\/h3>\n<p>Coatings: solvent based coatings, water based coatings, auto paint, industrial coatings, powder coatings, wood coatings, coil coatings<br \/>\nPrinting inks: offset inks, water based inks<\/p>\n<h3><strong>T\u00eb dh\u00ebna teknike:<\/strong><\/h3>\n<table style=\"height: 260px; width: 95%; border-color: #050505;\" width=\"95%\">\n<tbody>\n<tr style=\"height: 28px;\">\n<td style=\"width: 98.7823%; background-color: #ababab; height: 10px;\" colspan=\"5\" width=\"125\"><span style=\"font-size: 14pt;\"><strong>Informacion p\u00ebr produktin<\/strong><\/span><\/td>\n<\/tr>\n<tr style=\"height: 24px;\">\n<td style=\"width: 24.277%; height: 10px;\" width=\"125\"><span style=\"font-size: 12pt;\">Lloji kimik<\/span><\/td>\n<td style=\"width: 25.114%; height: 10px; text-align: center;\" colspan=\"2\" width=\"125\">Benzimidazolone<\/td>\n<td style=\"width: 25.1904%; height: 10px;\" width=\"125\"><span style=\"font-size: 12pt;\">CAS NO.<\/span><\/td>\n<td class=\"et3\" style=\"height: 10px; width: 24.2009%; text-align: center;\" width=\"148\" height=\"26\">12236-62-3<\/td>\n<\/tr>\n<tr style=\"height: 48px;\">\n<td style=\"width: 24.277%; height: 10px;\" width=\"125\"><span style=\"font-size: 12pt;\">C. I. Emri<\/span><\/td>\n<td style=\"width: 25.114%; height: 10px; text-align: center;\" colspan=\"2\" width=\"125\">Pigment Orange 36<\/td>\n<td style=\"width: 25.1904%; height: 10px;\" width=\"125\"><span style=\"font-size: 12pt;\">EINECS \/ ELINCS Nr.<\/span><\/td>\n<td class=\"et3\" style=\"height: 10px; width: 24.2009%; text-align: center;\" width=\"148\" height=\"26\">235-562-4<\/td>\n<\/tr>\n<tr style=\"height: 48px;\">\n<td style=\"width: 24.277%; height: 10px;\" width=\"125\"><span style=\"font-size: 12pt;\">C. I. Kushtetuta Nr.<\/span><\/td>\n<td style=\"width: 25.114%; height: 10px; text-align: center;\" colspan=\"2\" width=\"125\">11780<\/td>\n<td style=\"width: 25.1904%; height: 10px;\" width=\"125\"><span style=\"font-size: 12pt;\">Formula kimike<\/span><\/td>\n<td class=\"et3\" style=\"height: 10px; width: 24.2009%; text-align: center;\" width=\"148\" height=\"26\"><span class=\"container-rkuXQi math-inline\" data-custom-copy-text=\"\\(C_{17}H_{13}ClN_{6}O_{5}\\)\"><span class=\"katex\"><span class=\"katex-html\" aria-hidden=\"true\"><span class=\"base\"><span class=\"mord\"><span class=\"mord mathnormal\">C<\/span><span class=\"msupsub\"><span class=\"vlist-t vlist-t2\"><span class=\"vlist-r\"><span class=\"vlist\"><span class=\"sizing reset-size6 size3 mtight\"><span class=\"mord mtight\">17<\/span><\/span><\/span><span class=\"vlist-s\">\u200b<\/span><\/span><\/span><\/span><\/span><span class=\"mord\"><span class=\"mord mathnormal\">H<\/span><span class=\"msupsub\"><span class=\"vlist-t vlist-t2\"><span class=\"vlist-r\"><span class=\"vlist\"><span class=\"sizing reset-size6 size3 mtight\"><span class=\"mord mtight\">13<\/span><\/span><\/span><span class=\"vlist-s\">\u200b<\/span><\/span><\/span><\/span><\/span><span class=\"mord mathnormal\">Cl<\/span><span class=\"mord\"><span class=\"mord mathnormal\">N<\/span><span class=\"msupsub\"><span class=\"vlist-t vlist-t2\"><span class=\"vlist-r\"><span class=\"vlist\"><span class=\"sizing reset-size6 size3 mtight\"><span class=\"mord mtight\">6<\/span><\/span><\/span><span class=\"vlist-s\">\u200b<\/span><\/span><\/span><\/span><\/span><span class=\"mord\"><span class=\"mord mathnormal\">O<\/span><span class=\"msupsub\"><span class=\"vlist-t vlist-t2\"><span class=\"vlist-r\"><span class=\"vlist\"><span class=\"sizing reset-size6 size3 mtight\"><span class=\"mord mtight\">5<\/span><\/span><\/span><span class=\"vlist-s\">\u200b<\/span><\/span><\/span><\/span><\/span><\/span><\/span><\/span><\/span><\/td>\n<\/tr>\n<tr style=\"height: 24px;\">\n<td style=\"width: 98.7823%; height: 10px;\" colspan=\"5\" width=\"125\"><\/td>\n<\/tr>\n<tr style=\"height: 28px;\">\n<td style=\"width: 98.7823%; background-color: #ababab; height: 10px;\" colspan=\"5\" width=\"125\"><span style=\"font-size: 14pt;\"><strong>Performanc\u00eb teknike<\/strong><\/span><\/td>\n<\/tr>\n<tr style=\"height: 24px;\">\n<td style=\"width: 24.277%; height: 10px;\" width=\"125\"><\/td>\n<td style=\"width: 12.4048%; height: 10px; text-align: center;\" width=\"125\"><span style=\"font-size: 12pt;\">Hije e plot\u00eb<\/span><\/td>\n<td style=\"width: 12.7092%; height: 10px; text-align: center;\" width=\"125\"><span style=\"font-size: 12pt;\">Ngjyrim<\/span><\/td>\n<td style=\"width: 25.1904%; height: 10px;\" width=\"125\"><\/td>\n<td style=\"width: 24.2009%; height: 10px;\" width=\"125\"><\/td>\n<\/tr>\n<tr style=\"height: 48px;\">\n<td style=\"width: 24.277%; height: 10px;\" width=\"125\"><span style=\"font-size: 12pt;\">Rezistenca ndaj motit<\/span><\/td>\n<td class=\"et3\" style=\"height: 10px; width: 12.4048%; text-align: center;\" width=\"116\" height=\"26\">5<\/td>\n<td class=\"et4\" style=\"width: 12.7092%; height: 10px; text-align: center;\" width=\"110\">5<\/td>\n<td style=\"width: 25.1904%; height: 10px;\" width=\"125\"><span style=\"font-size: 12pt;\">Stabiliteti n\u00eb nxeht\u00ebsi \u00b0C<\/span><\/td>\n<td style=\"width: 24.2009%; height: 10px; text-align: center;\" width=\"125\"><span style=\"font-size: 12pt;\">200\u00b0C<\/span><\/td>\n<\/tr>\n<tr style=\"height: 24px;\">\n<td style=\"width: 24.277%; height: 10px;\" width=\"125\"><span style=\"font-size: 12pt;\">Q\u00ebndrueshm\u00ebria ndaj drit\u00ebs<\/span><\/td>\n<td class=\"et4\" style=\"height: 10px; width: 12.4048%; text-align: center;\" height=\"26\">8<\/td>\n<td class=\"et4\" style=\"width: 12.7092%; height: 10px; text-align: center;\">8<\/td>\n<td style=\"width: 25.1904%; height: 10px;\" width=\"125\"><\/td>\n<td style=\"width: 24.2009%; height: 10px;\" width=\"125\"><\/td>\n<\/tr>\n<tr style=\"height: 24px;\">\n<td style=\"width: 98.7823%; height: 10px;\" colspan=\"5\" width=\"125\"><\/td>\n<\/tr>\n<tr style=\"height: 24px;\">\n<td style=\"width: 98.7823%; background-color: #ababab; height: 10px;\" colspan=\"5\" width=\"125\"><span style=\"font-size: 14pt;\"><strong>Pronat fizike<\/strong><\/span><\/td>\n<\/tr>\n<tr style=\"height: 48px;\">\n<td style=\"width: 24.277%; height: 10px;\" width=\"125\"><span style=\"font-size: 12pt;\">Forma fizike<\/span><\/td>\n<td style=\"width: 25.114%; height: 10px; text-align: center;\" colspan=\"2\" width=\"125\"><span style=\"font-size: 12pt;\">Pluhur<\/span><\/td>\n<td class=\"et3\" style=\"height: 10px; width: 25.1904%;\" width=\"166\" height=\"26\"><span class=\"font1\">Rezistenca ndaj acidit<\/span><\/td>\n<td class=\"et4\" style=\"width: 24.2009%; text-align: center; height: 10px;\" width=\"148\">5<\/td>\n<\/tr>\n<tr style=\"height: 48px;\">\n<td style=\"width: 24.277%; height: 10px;\" width=\"125\"><span style=\"font-size: 12pt;\">Dend\u00ebsia specifike (g\/cm3):<\/span><\/td>\n<td style=\"width: 25.114%; height: 10px; text-align: center;\" colspan=\"2\" width=\"125\">1.70 \u00b1 0.1<\/td>\n<td class=\"et3\" style=\"height: 10px; width: 25.1904%;\" width=\"166\" height=\"26\"><span class=\"font1\">Rezistenca ndaj alkalineve<\/span><\/td>\n<td class=\"et4\" style=\"width: 24.2009%; text-align: center; height: 10px;\">5<\/td>\n<\/tr>\n<tr style=\"height: 48px;\">\n<td style=\"width: 24.277%; height: 10px;\" width=\"125\"><span style=\"font-size: 12pt;\">Sip\u00ebrfaqe specifike (m\u00b2\/g):<\/span><\/td>\n<td style=\"width: 25.114%; height: 10px; text-align: center;\" colspan=\"2\" width=\"125\">30<\/td>\n<td class=\"et3\" style=\"height: 10px; width: 25.1904%;\" width=\"166\" height=\"26\"><\/td>\n<td class=\"et5\" style=\"width: 24.2009%; text-align: center; height: 10px;\"><\/td>\n<\/tr>\n<tr style=\"height: 24px;\">\n<td style=\"width: 24.277%; height: 10px;\" width=\"125\"><span style=\"font-size: 12pt;\">Thithja e vajit<\/span><\/td>\n<td style=\"width: 25.114%; height: 10px; text-align: center;\" colspan=\"2\" width=\"125\">65<\/td>\n<td class=\"et3\" style=\"height: 10px; width: 25.1904%;\" width=\"166\" height=\"26\"><\/td>\n<td class=\"et5\" style=\"width: 24.2009%; text-align: center; height: 10px;\"><\/td>\n<\/tr>\n<tr style=\"height: 24px;\">\n<td style=\"width: 24.277%; height: 10px;\" width=\"125\"><span style=\"font-size: 12pt;\">Vlera e pH-s\u00eb<\/span><\/td>\n<td style=\"width: 25.114%; height: 10px; text-align: center;\" colspan=\"2\" width=\"125\">6.0 &#8211; 8.0<\/td>\n<td class=\"et3\" style=\"height: 10px; width: 25.1904%;\" width=\"166\" height=\"26\"><\/td>\n<td class=\"et4\" style=\"width: 24.2009%; text-align: center; height: 10px;\"><\/td>\n<\/tr>\n<tr style=\"height: 24px;\">\n<td style=\"width: 24.277%; height: 10px;\" width=\"125\"><span style=\"font-size: 12pt;\">Substanc\u00eb e avullueshme<\/span><\/td>\n<td style=\"width: 25.114%; height: 10px; text-align: center;\" colspan=\"2\" width=\"125\"><span style=\"font-size: 12pt;\">1% maks<\/span><\/td>\n<td class=\"et3\" style=\"height: 10px; width: 25.1904%;\" width=\"166\" height=\"26\"><\/td>\n<td class=\"et4\" style=\"width: 24.2009%; text-align: center; height: 10px;\"><\/td>\n<\/tr>\n<tr style=\"height: 24px;\">\n<td style=\"width: 24.277%; height: 10px;\" width=\"125\"><\/td>\n<td style=\"width: 25.114%; height: 10px;\" colspan=\"2\"><\/td>\n<td class=\"et3\" style=\"height: 10px; width: 25.1904%;\" width=\"166\" height=\"26\"><\/td>\n<td class=\"et4\" style=\"width: 24.2009%; text-align: center; height: 10px;\"><\/td>\n<\/tr>\n<tr style=\"height: 48px;\">\n<td style=\"width: 98.7823%; background-color: #ababab; height: 10px;\" colspan=\"5\" width=\"125\"><span style=\"font-size: 14pt;\"><strong>Paketim<\/strong><\/span><\/td>\n<\/tr>\n<tr style=\"height: 48px;\">\n<td style=\"width: 98.7823%; height: 10px;\" colspan=\"5\" width=\"125\">20\/25kgs\/bag 400kgs\/Pallet<\/td>\n<\/tr>\n<tr style=\"height: 24px;\">\n<td style=\"width: 98.7823%; height: 10px;\" colspan=\"5\" width=\"125\"><\/td>\n<\/tr>\n<tr style=\"height: 24px;\">\n<td style=\"width: 49.391%; background-color: #ababab; height: 10px;\" colspan=\"3\" width=\"125\"><span style=\"font-size: 14pt;\"><strong>Depozitim<\/strong><\/span><\/td>\n<td style=\"width: 25.1904%; height: 10px;\" width=\"125\"><span style=\"font-size: 14pt;\"><strong>Afati i p\u00ebrdorimit<\/strong><\/span><\/td>\n<td style=\"width: 24.2009%; height: 10px;\" width=\"125\"><span style=\"font-size: 12pt;\">5 vjet<\/span><\/td>\n<\/tr>\n<tr style=\"height: 24px;\">\n<td style=\"width: 98.7823%; height: 10px;\" colspan=\"5\" width=\"375\"><span style=\"font-size: 12pt;\">Duhet t\u00eb ruhet n\u00eb nj\u00eb vend t\u00eb fresk\u00ebt, t\u00eb that\u00eb dhe t\u00eb ajrosur.<\/span><\/td>\n<\/tr>\n<tr style=\"height: 24px;\">\n<td style=\"width: 98.7823%; height: 10px;\" colspan=\"5\" width=\"125\"><\/td>\n<\/tr>\n<tr style=\"height: 24px;\">\n<td style=\"width: 98.7823%; background-color: #ababab; height: 10px;\" colspan=\"5\" width=\"125\"><span style=\"font-size: 14pt;\"><strong>TRANSPORT<\/strong><\/span><\/td>\n<\/tr>\n<tr style=\"height: 48px;\">\n<td style=\"width: 98.7823%; height: 10px;\" colspan=\"5\" width=\"375\"><span style=\"font-size: 12pt;\">Shmangni inversionin, rrezet e diellit, lag\u00ebshtin\u00eb dhe goditjet. Mos d\u00ebmtoni paketimin.<\/span><\/td>\n<\/tr>\n<\/tbody>\n<\/table>\n<ul>\n<li><strong>Q\u00ebndrueshm\u00ebria ndaj drit\u00ebs:<\/strong> Vler\u00ebsimi i q\u00ebndrueshm\u00ebris\u00eb ndaj drit\u00ebs matet n\u00eb shkall\u00ebn Blue Wool nga 1 deri n\u00eb 8, ku 1 = \u2018E dob\u00ebt\u2019 dhe 8 = \u2018E shk\u00eblqyer\u2019.<\/li>\n<li><strong>Stabiliteti ndaj nxeht\u00ebsis\u00eb:<\/strong> Vlerat e stabilitetit termik t\u00eb dh\u00ebna tregojn\u00eb temperatur\u00ebn maksimale n\u00eb t\u00eb cil\u00ebn pigmenti mund t\u00eb ngrohet p\u00ebr 10 minuta n\u00eb hijen e plot\u00eb dhe n\u00eb reduktime pa p\u00ebsuar ndonj\u00eb ndryshim t\u00eb r\u00ebnd\u00ebsish\u00ebm t\u00eb hijes.<\/li>\n<li><strong>Thithja e vajit:<\/strong> Thithja e vajit p\u00ebrcaktohet n\u00eb baz\u00eb t\u00eb EN ISO 787-5 dhe shprehet n\u00eb g vaj liri p\u00ebr 100 g pigment.<\/li>\n<li><strong>Gjakderdhja e tret\u00ebsit:<\/strong> Gjakderdhja n\u00eb tret\u00ebs teston p\u00ebrdorimin e gradave t\u00eb pluhurit dhe vler\u00ebsimin vizual t\u00eb dh\u00ebn\u00eb n\u00eb shkall\u00ebn gri nga 1 deri n\u00eb 5.<br \/>\nku 1 = \u2018Gjakderdhje e r\u00ebnd\u00eb\u2019 dhe 5 = \u2018Pa gjakderdhje\u201d<\/li>\n<\/ul>\n<p>Sh\u00ebnim paralajm\u00ebrues \u2013 Informacioni i dh\u00ebn\u00eb n\u00eb k\u00ebt\u00eb flet\u00eb t\u00eb dh\u00ebnash bazohet n\u00eb gjendjen aktuale t\u00eb njohurive tona dhe ka p\u00ebr q\u00ebllim nj\u00eb p\u00ebrshkrim t\u00eb p\u00ebrgjithsh\u00ebm t\u00eb produkteve tona dhe aplikimeve t\u00eb tyre t\u00eb mundshme. P\u00ebr shkak t\u00eb shum\u00ebllojshm\u00ebris\u00eb s\u00eb formulimeve, kushteve t\u00eb prodhimit dhe aplikimit, t\u00eb gjitha t\u00eb dh\u00ebnat e p\u00ebrmendura m\u00eb sip\u00ebr duhet t\u00eb p\u00ebrshtaten me rrethanat e p\u00ebrpunuesit. Nga ky fakt nuk mund t\u00eb rrjedhin asnj\u00eb p\u00ebrgjegj\u00ebsi, p\u00ebrfshir\u00eb ato p\u00ebr t\u00eb drejtat e patent\u00ebs, n\u00eb raste individuale. Nuk mund t\u00eb p\u00ebrjashtohet q\u00eb ky produkt t\u00eb p\u00ebrmbaj\u00eb grimca &lt; 0.1 \u03bcm. \u00c7do p\u00ebrdorues i k\u00ebtij produkti \u00ebsht\u00eb p\u00ebrgjegj\u00ebs p\u00ebr p\u00ebrcaktimin e p\u00ebrshtatshm\u00ebris\u00eb s\u00eb produkteve t\u00eb Sudarshan p\u00ebr aplikimin e tij t\u00eb ve\u00e7ant\u00eb dhe p\u00ebr t&#039;u siguruar q\u00eb \u00e7do e drejt\u00eb pron\u00ebsore dhe ligjet ekzistuese t\u00eb respektohen.<\/p>","protected":false},"excerpt":{"rendered":"<p>C.I.NO.: PO36<\/p>\n<p>Advantage: Bright color, Excellent fastness<\/p>\n<p>Main Application Recommended: Industrial paints, Auto paints<\/p>","protected":false},"featured_media":3598,"template":"","meta":[],"product_brand":[],"product_cat":[15,74,61,72,73,75,63,91,92,77,71],"product_tag":[],"class_list":{"0":"post-3597","1":"product","2":"type-product","3":"status-publish","4":"has-post-thumbnail","6":"product_cat-organic-pigments","7":"product_cat-pigments-for-auto-paints","8":"product_cat-pigments-for-coatings-paints","9":"product_cat-pigments-for-coil-coatings","10":"product_cat-pigments-for-industrial-coatings","11":"product_cat-pigments-for-offset-inks","12":"product_cat-pigments-for-printing-inks","13":"product_cat-pigments-for-solvent-based-coatings","14":"product_cat-pigments-for-water-based-coatings","15":"product_cat-pigments-for-water-based-inks","16":"product_cat-pigments-for-wood-coatings","17":"stm_brands-honor-pigments","19":"first","20":"instock","21":"shipping-taxable","22":"product-type-simple"},"_links":{"self":[{"href":"https:\/\/www.honorpigment.com\/sq\/wp-json\/wp\/v2\/product\/3597","targetHints":{"allow":["GET"]}}],"collection":[{"href":"https:\/\/www.honorpigment.com\/sq\/wp-json\/wp\/v2\/product"}],"about":[{"href":"https:\/\/www.honorpigment.com\/sq\/wp-json\/wp\/v2\/types\/product"}],"version-history":[{"count":0,"href":"https:\/\/www.honorpigment.com\/sq\/wp-json\/wp\/v2\/product\/3597\/revisions"}],"wp:featuredmedia":[{"embeddable":true,"href":"https:\/\/www.honorpigment.com\/sq\/wp-json\/wp\/v2\/media\/3598"}],"wp:attachment":[{"href":"https:\/\/www.honorpigment.com\/sq\/wp-json\/wp\/v2\/media?parent=3597"}],"wp:term":[{"taxonomy":"product_brand","embeddable":true,"href":"https:\/\/www.honorpigment.com\/sq\/wp-json\/wp\/v2\/product_brand?post=3597"},{"taxonomy":"product_cat","embeddable":true,"href":"https:\/\/www.honorpigment.com\/sq\/wp-json\/wp\/v2\/product_cat?post=3597"},{"taxonomy":"product_tag","embeddable":true,"href":"https:\/\/www.honorpigment.com\/sq\/wp-json\/wp\/v2\/product_tag?post=3597"}],"curies":[{"name":"wp","href":"https:\/\/api.w.org\/{rel}","templated":true}]}}