{"id":3393,"date":"2025-09-08T15:53:16","date_gmt":"2025-09-08T07:53:16","guid":{"rendered":"https:\/\/www.honorpigments.com\/?post_type=product&#038;p=3393"},"modified":"2026-03-23T21:13:11","modified_gmt":"2026-03-23T13:13:11","slug":"hp-yellow-2262-pigment-red-146","status":"publish","type":"product","link":"https:\/\/www.honorpigment.com\/sq\/produkt\/hp-yellow-2262-pigment-red-146\/","title":{"rendered":"PIGMENT RED 146\/ HP RED 2262"},"content":{"rendered":"<h3><strong>Product Description &#8211; PR146<\/strong><\/h3>\n<p align=\"left\">HP RED 2262 (PIGMENT RED 146) is bluish red pigment with very good solvent resistance, primarily used in water based printing inks, coatings and paints. It is somewhat yellower than PR57:1, with good perfoamnce in inks. And also very good light fastness in textile printings. is primarily applied in emulsiion and architectural paints as well, and also used in general industrial paints where durability is not important.<\/p>\n<h3><strong>Aplikim i rekomanduar<\/strong><strong>\uff1a<\/strong><\/h3>\n<p>Coatings: water based paints, industrial paints<br \/>\nPrinting inks: offset inks, water based inks<\/p>\n<h3><strong>T\u00eb dh\u00ebna teknike:<\/strong><\/h3>\n<table style=\"height: 260px; width: 95%; border-color: #050505;\" width=\"95%\">\n<tbody>\n<tr style=\"height: 28px;\">\n<td style=\"width: 98.4018%; background-color: #ababab; height: 10px;\" colspan=\"5\" width=\"125\"><span style=\"font-size: 14pt;\"><strong>Informacion p\u00ebr produktin<\/strong><\/span><\/td>\n<\/tr>\n<tr style=\"height: 24px;\">\n<td style=\"width: 24.277%; height: 10px;\" width=\"125\"><span style=\"font-size: 12pt;\">Lloji kimik<\/span><\/td>\n<td style=\"width: 25.114%; height: 10px; text-align: center;\" colspan=\"2\" width=\"125\">Naphthol<\/td>\n<td style=\"width: 25.1904%; height: 10px;\" width=\"125\"><span style=\"font-size: 12pt;\">CAS NO.<\/span><\/td>\n<td class=\"et3\" style=\"height: 19.95pt; width: 23.8204%; text-align: center;\" width=\"148\" height=\"26\">5280-68-2<\/td>\n<\/tr>\n<tr style=\"height: 48px;\">\n<td style=\"width: 24.277%; height: 10px;\" width=\"125\"><span style=\"font-size: 12pt;\">C. I. Emri<\/span><\/td>\n<td style=\"width: 25.114%; height: 10px; text-align: center;\" colspan=\"2\" width=\"125\">Pigment Red 146<\/td>\n<td style=\"width: 25.1904%; height: 10px;\" width=\"125\"><span style=\"font-size: 12pt;\">EINECS \/ ELINCS Nr.<\/span><\/td>\n<td class=\"et3\" style=\"height: 19.95pt; width: 23.8204%; text-align: center;\" width=\"148\" height=\"26\">226-103-2<\/td>\n<\/tr>\n<tr style=\"height: 48px;\">\n<td style=\"width: 24.277%; height: 10px;\" width=\"125\"><span style=\"font-size: 12pt;\">C. I. Kushtetuta Nr.<\/span><\/td>\n<td style=\"width: 25.114%; height: 10px; text-align: center;\" colspan=\"2\" width=\"125\">12485<\/td>\n<td style=\"width: 25.1904%; height: 10px;\" width=\"125\"><span style=\"font-size: 12pt;\">Formula kimike<\/span><\/td>\n<td class=\"et4\" style=\"height: 19.95pt; width: 23.8204%; text-align: center;\" width=\"148\" height=\"26\"><span class=\"mord\"><span class=\"mord mathnormal\">C<\/span><span class=\"msupsub\"><span class=\"vlist-t vlist-t2\"><span class=\"vlist-r\"><span class=\"vlist\"><span class=\"sizing reset-size6 size3 mtight\"><span class=\"mord mtight\">32<\/span><\/span><\/span><span class=\"vlist-s\">\u200b<\/span><\/span><\/span><\/span><\/span><span class=\"mord\"><span class=\"mord mathnormal\">H<\/span><span class=\"msupsub\"><span class=\"vlist-t vlist-t2\"><span class=\"vlist-r\"><span class=\"vlist\"><span class=\"sizing reset-size6 size3 mtight\"><span class=\"mord mtight\">22<\/span><\/span><\/span><span class=\"vlist-s\">\u200b<\/span><\/span><\/span><\/span><\/span><span class=\"mord mathnormal\">C<\/span><span class=\"mord\"><span class=\"mord mathnormal\">l<\/span><span class=\"msupsub\"><span class=\"vlist-t vlist-t2\"><span class=\"vlist-r\"><span class=\"vlist\"><span class=\"sizing reset-size6 size3 mtight\"><span class=\"mord mtight\">2<\/span><\/span><\/span><span class=\"vlist-s\">\u200b<\/span><\/span><\/span><\/span><\/span><span class=\"mord\"><span class=\"mord mathnormal\">N<\/span><span class=\"msupsub\"><span class=\"vlist-t vlist-t2\"><span class=\"vlist-r\"><span class=\"vlist\"><span class=\"sizing reset-size6 size3 mtight\"><span class=\"mord mtight\">6<\/span><\/span><\/span><span class=\"vlist-s\">\u200b<\/span><\/span><\/span><\/span><\/span><span class=\"mord\"><span class=\"mord mathnormal\">O<\/span><span class=\"msupsub\"><span class=\"vlist-t vlist-t2\"><span class=\"vlist-r\"><span class=\"vlist\"><span class=\"sizing reset-size6 size3 mtight\"><span class=\"mord mtight\">4<\/span><\/span><\/span><\/span><\/span><\/span><\/span><\/td>\n<\/tr>\n<tr style=\"height: 24px;\">\n<td style=\"width: 98.4018%; height: 10px;\" colspan=\"5\" width=\"125\"><\/td>\n<\/tr>\n<tr style=\"height: 28px;\">\n<td style=\"width: 98.4018%; background-color: #ababab; height: 10px;\" colspan=\"5\" width=\"125\"><span style=\"font-size: 14pt;\"><strong>Performanc\u00eb teknike<\/strong><\/span><\/td>\n<\/tr>\n<tr style=\"height: 24px;\">\n<td style=\"width: 24.277%; height: 10px;\" width=\"125\"><\/td>\n<td style=\"width: 12.4048%; height: 10px; text-align: center;\" width=\"125\"><span style=\"font-size: 12pt;\">Hije e plot\u00eb<\/span><\/td>\n<td style=\"width: 12.7092%; height: 10px; text-align: center;\" width=\"125\"><span style=\"font-size: 12pt;\">Ngjyrim<\/span><\/td>\n<td style=\"width: 25.1904%; height: 10px;\" width=\"125\"><\/td>\n<td style=\"width: 23.8204%; height: 10px;\" width=\"125\"><\/td>\n<\/tr>\n<tr style=\"height: 48px;\">\n<td style=\"width: 24.277%; height: 10px;\" width=\"125\"><span style=\"font-size: 12pt;\">Rezistenca ndaj motit<\/span><\/td>\n<td class=\"et3\" style=\"height: 19.95pt; width: 12.4048%; text-align: center;\" width=\"116\" height=\"26\"><span class=\"font1\">4-5<\/span><\/td>\n<td class=\"et4\" style=\"width: 12.7092%; text-align: center;\" width=\"110\">4<\/td>\n<td style=\"width: 25.1904%; height: 10px;\" width=\"125\"><span style=\"font-size: 12pt;\">Stabiliteti n\u00eb nxeht\u00ebsi \u00b0C<\/span><\/td>\n<td style=\"width: 23.8204%; height: 10px; text-align: center;\" width=\"125\"><span style=\"font-size: 12pt;\">200\u00b0C<\/span><\/td>\n<\/tr>\n<tr style=\"height: 24px;\">\n<td style=\"width: 24.277%; height: 10px;\" width=\"125\"><span style=\"font-size: 12pt;\">Q\u00ebndrueshm\u00ebria ndaj drit\u00ebs<\/span><\/td>\n<td class=\"et4\" style=\"height: 19.95pt; width: 12.4048%; text-align: center;\" height=\"26\">7<\/td>\n<td class=\"et4\" style=\"width: 12.7092%; text-align: center;\">6<\/td>\n<td style=\"width: 25.1904%; height: 10px;\" width=\"125\"><\/td>\n<td style=\"width: 23.8204%; height: 10px;\" width=\"125\"><\/td>\n<\/tr>\n<tr style=\"height: 24px;\">\n<td style=\"width: 98.4018%; height: 10px;\" colspan=\"5\" width=\"125\"><\/td>\n<\/tr>\n<tr style=\"height: 24px;\">\n<td style=\"width: 98.4018%; background-color: #ababab; height: 10px;\" colspan=\"5\" width=\"125\"><span style=\"font-size: 14pt;\"><strong>Pronat fizike<\/strong><\/span><\/td>\n<\/tr>\n<tr style=\"height: 48px;\">\n<td style=\"width: 24.277%; height: 10px;\" width=\"125\"><span style=\"font-size: 12pt;\">Forma fizike<\/span><\/td>\n<td style=\"width: 25.114%; height: 10px; text-align: center;\" colspan=\"2\" width=\"125\"><span style=\"font-size: 12pt;\">Pluhur<\/span><\/td>\n<td class=\"et3\" style=\"height: 19.95pt; width: 25.1904%;\" width=\"166\" height=\"26\"><span class=\"font1\">Gjakderdhje n\u00eb ksilol<\/span><\/td>\n<td class=\"et4\" style=\"width: 23.8204%; text-align: center;\" width=\"116\">5<\/td>\n<\/tr>\n<tr style=\"height: 48px;\">\n<td style=\"width: 24.277%; height: 10px;\" width=\"125\"><span style=\"font-size: 12pt;\">Dend\u00ebsia specifike (g\/cm3):<\/span><\/td>\n<td style=\"width: 25.114%; height: 10px; text-align: center;\" colspan=\"2\" width=\"125\">1.50 \u00b1 0.1<\/td>\n<td class=\"et3\" style=\"height: 19.95pt; width: 25.1904%;\" width=\"166\" height=\"26\"><span class=\"font1\">Gjakderdhje n\u00eb metil etil keton\u00eb<\/span><\/td>\n<td class=\"et4\" style=\"width: 23.8204%; text-align: center;\">5<\/td>\n<\/tr>\n<tr style=\"height: 48px;\">\n<td style=\"width: 24.277%; height: 10px;\" width=\"125\"><span style=\"font-size: 12pt;\">Sip\u00ebrfaqe specifike (m\u00b2\/g):<\/span><\/td>\n<td style=\"width: 25.114%; height: 10px; text-align: center;\" colspan=\"2\" width=\"125\">36-40<\/td>\n<td class=\"et3\" style=\"height: 19.95pt; width: 25.1904%;\" width=\"166\" height=\"26\"><span class=\"font1\">Gjakderdhje n\u00eb etilacetat<\/span><\/td>\n<td class=\"et4\" style=\"width: 23.8204%; text-align: center;\">5<\/td>\n<\/tr>\n<tr style=\"height: 24px;\">\n<td style=\"width: 24.277%; height: 10px;\" width=\"125\"><span style=\"font-size: 12pt;\">Thithja e vajit<\/span><\/td>\n<td style=\"width: 25.114%; height: 10px; text-align: center;\" colspan=\"2\" width=\"125\">65 \u00b1 10<\/td>\n<td class=\"et3\" style=\"height: 19.95pt; width: 25.1904%;\" width=\"166\" height=\"26\"><span class=\"font1\">Gjakderdhje n\u00eb Cellosolve<\/span><\/td>\n<td class=\"et4\" style=\"width: 23.8204%; text-align: center;\">5<\/td>\n<\/tr>\n<tr style=\"height: 24px;\">\n<td style=\"width: 24.277%; height: 10px;\" width=\"125\"><span style=\"font-size: 12pt;\">Vlera e pH-s\u00eb<\/span><\/td>\n<td style=\"width: 25.114%; height: 10px; text-align: center;\" colspan=\"2\" width=\"125\">4 \u2013 7<\/td>\n<td class=\"et3\" style=\"height: 19.95pt; width: 25.1904%;\" width=\"166\" height=\"26\"><span class=\"font1\">Gjakderdhje n\u00eb turpentin mineral<\/span><\/td>\n<td class=\"et4\" style=\"width: 23.8204%; text-align: center;\">5<\/td>\n<\/tr>\n<tr style=\"height: 24px;\">\n<td style=\"width: 24.277%; height: 10px;\" width=\"125\"><span style=\"font-size: 12pt;\">Substanc\u00eb e avullueshme<\/span><\/td>\n<td style=\"width: 25.114%; height: 10px; text-align: center;\" colspan=\"2\" width=\"125\"><span style=\"font-size: 12pt;\">1% maks<\/span><\/td>\n<td class=\"et3\" style=\"height: 19.95pt; width: 25.1904%;\" width=\"166\" height=\"26\"><span class=\"font1\">Rezistenca ndaj acidit<\/span><\/td>\n<td class=\"et4\" style=\"width: 23.8204%; text-align: center;\">4<\/td>\n<\/tr>\n<tr style=\"height: 24px;\">\n<td style=\"width: 24.277%; height: 10px;\" width=\"125\"><\/td>\n<td style=\"width: 25.114%; height: 10px;\" colspan=\"2\"><\/td>\n<td class=\"et3\" style=\"height: 19.95pt; width: 25.1904%;\" width=\"166\" height=\"26\"><span class=\"font1\">Rezistenca ndaj alkalineve<\/span><\/td>\n<td class=\"et4\" style=\"width: 23.8204%; text-align: center;\">4<\/td>\n<\/tr>\n<tr style=\"height: 48px;\">\n<td style=\"width: 98.4018%; background-color: #ababab; height: 10px;\" colspan=\"5\" width=\"125\"><span style=\"font-size: 14pt;\"><strong>Paketim<\/strong><\/span><\/td>\n<\/tr>\n<tr style=\"height: 48px;\">\n<td style=\"width: 98.4018%; height: 10px;\" colspan=\"5\" width=\"125\">25kgs\/bag 400kgs\/Pallet<\/td>\n<\/tr>\n<tr style=\"height: 24px;\">\n<td style=\"width: 98.4018%; height: 10px;\" colspan=\"5\" width=\"125\"><\/td>\n<\/tr>\n<tr style=\"height: 24px;\">\n<td style=\"width: 49.391%; background-color: #ababab; height: 10px;\" colspan=\"3\" width=\"125\"><span style=\"font-size: 14pt;\"><strong>Depozitim<\/strong><\/span><\/td>\n<td style=\"width: 25.1904%; height: 10px;\" width=\"125\"><span style=\"font-size: 14pt;\"><strong>Afati i p\u00ebrdorimit<\/strong><\/span><\/td>\n<td style=\"width: 23.8204%; height: 10px;\" width=\"125\"><span style=\"font-size: 12pt;\">5 vjet<\/span><\/td>\n<\/tr>\n<tr style=\"height: 24px;\">\n<td style=\"width: 98.4018%; height: 10px;\" colspan=\"5\" width=\"375\"><span style=\"font-size: 12pt;\">Duhet t\u00eb ruhet n\u00eb nj\u00eb vend t\u00eb fresk\u00ebt, t\u00eb that\u00eb dhe t\u00eb ajrosur.<\/span><\/td>\n<\/tr>\n<tr style=\"height: 24px;\">\n<td style=\"width: 98.4018%; height: 10px;\" colspan=\"5\" width=\"125\"><\/td>\n<\/tr>\n<tr style=\"height: 24px;\">\n<td style=\"width: 98.4018%; background-color: #ababab; height: 10px;\" colspan=\"5\" width=\"125\"><span style=\"font-size: 14pt;\"><strong>TRANSPORT<\/strong><\/span><\/td>\n<\/tr>\n<tr style=\"height: 48px;\">\n<td style=\"width: 98.4018%; height: 10px;\" colspan=\"5\" width=\"375\"><span style=\"font-size: 12pt;\">Shmangni inversionin, rrezet e diellit, lag\u00ebshtin\u00eb dhe goditjet. Mos d\u00ebmtoni paketimin.<\/span><\/td>\n<\/tr>\n<\/tbody>\n<\/table>\n<ul>\n<li>Q\u00ebndrueshm\u00ebria ndaj drit\u00ebs: Vler\u00ebsimi i q\u00ebndrueshm\u00ebris\u00eb ndaj drit\u00ebs b\u00ebhet n\u00eb shkall\u00ebn Blue Wool nga 1 deri n\u00eb 8, ku 1 = \u2018E dob\u00ebt\u2019 dhe 8 = \u2018E shk\u00eblqyer\u2019.<\/li>\n<li>Stabiliteti ndaj nxeht\u00ebsis\u00eb: Vlerat e stabilitetit ndaj nxeht\u00ebsis\u00eb t\u00eb dh\u00ebna tregojn\u00eb temperatur\u00ebn maksimale n\u00eb t\u00eb cil\u00ebn pigmenti mund t\u00eb ngrohet p\u00ebr 10 minuta n\u00eb hijen e plot\u00eb dhe n\u00eb reduktime pa p\u00ebsuar ndonj\u00eb ndryshim t\u00eb r\u00ebnd\u00ebsish\u00ebm n\u00eb hije.<\/li>\n<li>Thithja e vajit: Thithja e vajit p\u00ebrcaktohet n\u00eb baz\u00eb t\u00eb EN ISO 787-5 dhe shprehet n\u00eb g vaj liri p\u00ebr 100 g pigment.<\/li>\n<li>Gjakderdhja n\u00eb tret\u00ebs: Gjakderdhja n\u00eb tret\u00ebs testohet duke p\u00ebrdorur gradat e pluhurit dhe vler\u00ebsimin vizual t\u00eb dh\u00ebn\u00eb n\u00eb shkall\u00ebn gri nga 1 deri n\u00eb 5.<br \/>\nku 1 = \u2018Gjakderdhje e r\u00ebnd\u00eb\u2019 dhe 5 = \u2018Pa gjakderdhje\u201d<\/li>\n<\/ul>\n<p>Sh\u00ebnim paralajm\u00ebrues \u2013 Informacioni i dh\u00ebn\u00eb n\u00eb k\u00ebt\u00eb flet\u00eb t\u00eb dh\u00ebnash bazohet n\u00eb gjendjen aktuale t\u00eb njohurive tona dhe ka p\u00ebr q\u00ebllim nj\u00eb p\u00ebrshkrim t\u00eb p\u00ebrgjithsh\u00ebm t\u00eb produkteve tona dhe aplikimeve t\u00eb tyre t\u00eb mundshme. P\u00ebr shkak t\u00eb shum\u00ebllojshm\u00ebris\u00eb s\u00eb formulimeve, kushteve t\u00eb prodhimit dhe aplikimit, t\u00eb gjitha t\u00eb dh\u00ebnat e p\u00ebrmendura m\u00eb sip\u00ebr duhet t\u00eb p\u00ebrshtaten me rrethanat e p\u00ebrpunuesit. Nga ky fakt nuk mund t\u00eb rrjedhin asnj\u00eb p\u00ebrgjegj\u00ebsi, p\u00ebrfshir\u00eb ato p\u00ebr t\u00eb drejtat e patent\u00ebs, n\u00eb raste individuale. Nuk mund t\u00eb p\u00ebrjashtohet q\u00eb ky produkt t\u00eb p\u00ebrmbaj\u00eb grimca &lt; 0.1 \u03bcm. \u00c7do p\u00ebrdorues i k\u00ebtij produkti \u00ebsht\u00eb p\u00ebrgjegj\u00ebs p\u00ebr p\u00ebrcaktimin e p\u00ebrshtatshm\u00ebris\u00eb s\u00eb produkteve t\u00eb Sudarshan p\u00ebr aplikimin e tij t\u00eb ve\u00e7ant\u00eb dhe p\u00ebr t&#039;u siguruar q\u00eb \u00e7do e drejt\u00eb pron\u00ebsore dhe ligjet ekzistuese t\u00eb respektohen.<\/p>","protected":false},"excerpt":{"rendered":"<p>C.I.NO.: PR146<\/p>\n<p>Avantazhi:<\/p>\n<p>Aplikimi kryesor i rekomanduar: boja me baz\u00eb uji<\/p>","protected":false},"featured_media":3394,"template":"","meta":[],"product_brand":[],"product_cat":[15,61,75,63,92,77],"product_tag":[],"class_list":{"0":"post-3393","1":"product","2":"type-product","3":"status-publish","4":"has-post-thumbnail","6":"product_cat-organic-pigments","7":"product_cat-pigments-for-coatings-paints","8":"product_cat-pigments-for-offset-inks","9":"product_cat-pigments-for-printing-inks","10":"product_cat-pigments-for-water-based-coatings","11":"product_cat-pigments-for-water-based-inks","12":"stm_brands-honor-pigments","14":"first","15":"instock","16":"shipping-taxable","17":"product-type-simple"},"_links":{"self":[{"href":"https:\/\/www.honorpigment.com\/sq\/wp-json\/wp\/v2\/product\/3393","targetHints":{"allow":["GET"]}}],"collection":[{"href":"https:\/\/www.honorpigment.com\/sq\/wp-json\/wp\/v2\/product"}],"about":[{"href":"https:\/\/www.honorpigment.com\/sq\/wp-json\/wp\/v2\/types\/product"}],"version-history":[{"count":0,"href":"https:\/\/www.honorpigment.com\/sq\/wp-json\/wp\/v2\/product\/3393\/revisions"}],"wp:featuredmedia":[{"embeddable":true,"href":"https:\/\/www.honorpigment.com\/sq\/wp-json\/wp\/v2\/media\/3394"}],"wp:attachment":[{"href":"https:\/\/www.honorpigment.com\/sq\/wp-json\/wp\/v2\/media?parent=3393"}],"wp:term":[{"taxonomy":"product_brand","embeddable":true,"href":"https:\/\/www.honorpigment.com\/sq\/wp-json\/wp\/v2\/product_brand?post=3393"},{"taxonomy":"product_cat","embeddable":true,"href":"https:\/\/www.honorpigment.com\/sq\/wp-json\/wp\/v2\/product_cat?post=3393"},{"taxonomy":"product_tag","embeddable":true,"href":"https:\/\/www.honorpigment.com\/sq\/wp-json\/wp\/v2\/product_tag?post=3393"}],"curies":[{"name":"wp","href":"https:\/\/api.w.org\/{rel}","templated":true}]}}