{"id":3347,"date":"2025-09-03T15:43:56","date_gmt":"2025-09-03T07:43:56","guid":{"rendered":"https:\/\/www.honorpigments.com\/?post_type=product&#038;p=3347"},"modified":"2026-04-13T23:19:59","modified_gmt":"2026-04-13T15:19:59","slug":"hp-e-verdhe-2433-pigment-i-kuq-2","status":"publish","type":"product","link":"https:\/\/www.honorpigment.com\/sq\/produkt\/hp-e-verdhe-2433-pigment-i-kuq-2\/","title":{"rendered":"PIGMENT KUQ 2\/ HP KUQ 2433"},"content":{"rendered":"<h3><strong>P\u00ebrshkrimi i produktit \u2013 PR2<\/strong><\/h3>\n<p align=\"left\">HP RED 2433 (PIGMENT RED 2) ofron nj\u00eb nuanc\u00eb t\u00eb kuqe mesatare, q\u00eb \u00ebsht\u00eb disi m\u00eb e verdh\u00eb se PR112, dhe tregon shk\u00eblqim t\u00eb mir\u00eb n\u00eb printime. Ai rekomandohet p\u00ebr boja paste dhe boja me baz\u00eb uji, boja p\u00ebr gravur\u00eb paketimi dhe boja fleksografike, si dhe n\u00eb disa aplikime n\u00eb industrin\u00eb e boj\u00ebrave.<\/p>\n<h3><strong>Aplikim i rekomanduar<\/strong><strong>\uff1a<\/strong><\/h3>\n<p>Mbulime: boja me baz\u00eb tret\u00ebs, boja me baz\u00eb uji, mbulime industriale,<br \/>\nBoja p\u00ebr shtypje: boja me baz\u00eb tret\u00ebs, boja me baz\u00eb uji<\/p>\n<h3><strong>T\u00eb dh\u00ebna teknike:<\/strong><\/h3>\n<table style=\"height: 260px;width: 95%;border-color: #050505\" width=\"95%\">\n<tbody>\n<tr style=\"height: 28px\">\n<td style=\"width: 99.3832%;background-color: #ababab;height: 10px\" colspan=\"5\" width=\"125\"><span style=\"font-size: 14pt\"><strong>Informacion p\u00ebr produktin<\/strong><\/span><\/td>\n<\/tr>\n<tr style=\"height: 24px\">\n<td style=\"width: 24.277%;height: 10px\" width=\"125\"><span style=\"font-size: 12pt\">Lloji kimik<\/span><\/td>\n<td style=\"width: 25.114%;height: 10px;text-align: center\" colspan=\"2\" width=\"125\">Monoazo<\/td>\n<td style=\"width: 25.1904%;height: 10px\" width=\"125\"><span style=\"font-size: 12pt\">CAS NO.<\/span><\/td>\n<td class=\"et3\" style=\"height: 19.95pt;width: 24.8018%;text-align: center\" width=\"148\" height=\"26\">6041-94-7<\/td>\n<\/tr>\n<tr style=\"height: 48px\">\n<td style=\"width: 24.277%;height: 10px\" width=\"125\"><span style=\"font-size: 12pt\">C. I. Emri<\/span><\/td>\n<td style=\"width: 25.114%;height: 10px;text-align: center\" colspan=\"2\" width=\"125\">Pigmenti i kuq 2<\/td>\n<td style=\"width: 25.1904%;height: 10px\" width=\"125\"><span style=\"font-size: 12pt\">EINECS \/ ELINCS Nr.<\/span><\/td>\n<td class=\"et3\" style=\"height: 19.95pt;width: 24.8018%;text-align: center\" width=\"148\" height=\"26\">227-930-1<\/td>\n<\/tr>\n<tr style=\"height: 48px\">\n<td style=\"width: 24.277%;height: 10px\" width=\"125\"><span style=\"font-size: 12pt\">C. I. Kushtetuta Nr.<\/span><\/td>\n<td style=\"width: 25.114%;height: 10px;text-align: center\" colspan=\"2\" width=\"125\">12310<\/td>\n<td style=\"width: 25.1904%;height: 10px\" width=\"125\"><span style=\"font-size: 12pt\">Formula kimike<\/span><\/td>\n<td class=\"et3\" style=\"height: 19.95pt;width: 24.8018%;text-align: center\" width=\"148\" height=\"26\">C23H15Cl2N3O2<\/td>\n<\/tr>\n<tr style=\"height: 24px\">\n<td style=\"width: 99.3832%;height: 10px\" colspan=\"5\" width=\"125\"><\/td>\n<\/tr>\n<tr style=\"height: 28px\">\n<td style=\"width: 99.3832%;background-color: #ababab;height: 10px\" colspan=\"5\" width=\"125\"><span style=\"font-size: 14pt\"><strong>Performanc\u00eb teknike<\/strong><\/span><\/td>\n<\/tr>\n<tr style=\"height: 24px\">\n<td style=\"width: 24.277%;height: 10px\" width=\"125\"><\/td>\n<td style=\"width: 12.4048%;height: 10px;text-align: center\" width=\"125\"><span style=\"font-size: 12pt\">Hije e plot\u00eb<\/span><\/td>\n<td style=\"width: 12.7092%;height: 10px;text-align: center\" width=\"125\"><span style=\"font-size: 12pt\">Ngjyrim<\/span><\/td>\n<td style=\"width: 25.1904%;height: 10px\" width=\"125\"><\/td>\n<td style=\"width: 24.8018%;height: 10px\" width=\"125\"><\/td>\n<\/tr>\n<tr style=\"height: 48px\">\n<td style=\"width: 24.277%;height: 10px\" width=\"125\"><span style=\"font-size: 12pt\">Rezistenca ndaj motit<\/span><\/td>\n<td class=\"et3\" style=\"height: 19.95pt;width: 12.4048%;text-align: center\" width=\"116\" height=\"26\">4<\/td>\n<td class=\"et4\" style=\"width: 12.7092%;text-align: center\" width=\"110\">3~4<\/td>\n<td style=\"width: 25.1904%;height: 10px\" width=\"125\"><span style=\"font-size: 12pt\">Stabiliteti n\u00eb nxeht\u00ebsi \u00b0C<\/span><\/td>\n<td style=\"width: 24.8018%;height: 10px;text-align: center\" width=\"125\"><span style=\"font-size: 12pt\">180\u00b0C<\/span><\/td>\n<\/tr>\n<tr style=\"height: 24px\">\n<td style=\"width: 24.277%;height: 10px\" width=\"125\"><span style=\"font-size: 12pt\">Q\u00ebndrueshm\u00ebria ndaj drit\u00ebs<\/span><\/td>\n<td class=\"et4\" style=\"height: 19.95pt;width: 12.4048%;text-align: center\" height=\"26\">7<\/td>\n<td class=\"et4\" style=\"width: 12.7092%;text-align: center\">5 ~ 6<\/td>\n<td style=\"width: 25.1904%;height: 10px\" width=\"125\"><\/td>\n<td style=\"width: 24.8018%;height: 10px\" width=\"125\"><\/td>\n<\/tr>\n<tr style=\"height: 24px\">\n<td style=\"width: 99.3832%;height: 10px\" colspan=\"5\" width=\"125\"><\/td>\n<\/tr>\n<tr style=\"height: 24px\">\n<td style=\"width: 99.3832%;background-color: #ababab;height: 10px\" colspan=\"5\" width=\"125\"><span style=\"font-size: 14pt\"><strong>Pronat fizike<\/strong><\/span><\/td>\n<\/tr>\n<tr style=\"height: 48px\">\n<td style=\"width: 24.277%;height: 10px\" width=\"125\"><span style=\"font-size: 12pt\">Forma fizike<\/span><\/td>\n<td style=\"width: 25.114%;height: 10px;text-align: center\" colspan=\"2\" width=\"125\"><span style=\"font-size: 12pt\">Pluhur<\/span><\/td>\n<td class=\"et3\" style=\"height: 19.95pt;width: 25.1904%\" width=\"166\" height=\"26\"><span class=\"font1\">Gjakderdhje n\u00eb ksilol<\/span><\/td>\n<td class=\"et4\" style=\"width: 24.8018%;text-align: center\" width=\"148\">4<\/td>\n<\/tr>\n<tr style=\"height: 48px\">\n<td style=\"width: 24.277%;height: 10px\" width=\"125\"><span style=\"font-size: 12pt\">Dend\u00ebsia specifike (g\/cm3):<\/span><\/td>\n<td style=\"width: 25.114%;height: 10px;text-align: center\" colspan=\"2\" width=\"125\">1.40 \u00b1 0.1<\/td>\n<td class=\"et3\" style=\"height: 19.95pt;width: 25.1904%\" width=\"166\" height=\"26\"><span class=\"font1\">Gjakderdhje n\u00eb metil etil keton\u00eb<\/span><\/td>\n<td class=\"et4\" style=\"width: 24.8018%;text-align: center\">4<\/td>\n<\/tr>\n<tr style=\"height: 48px\">\n<td style=\"width: 24.277%;height: 10px\" width=\"125\"><span style=\"font-size: 12pt\">Sip\u00ebrfaqe specifike (m\u00b2\/g):<\/span><\/td>\n<td style=\"width: 25.114%;height: 10px;text-align: center\" colspan=\"2\" width=\"125\">43<\/td>\n<td class=\"et3\" style=\"height: 19.95pt;width: 25.1904%\" width=\"166\" height=\"26\"><span class=\"font1\">Gjakderdhje n\u00eb etilacetat<\/span><\/td>\n<td class=\"et5\" style=\"width: 24.8018%;text-align: center\" width=\"148\"><span class=\"font1\">4-5<\/span><\/td>\n<\/tr>\n<tr style=\"height: 24px\">\n<td style=\"width: 24.277%;height: 10px\" width=\"125\"><span style=\"font-size: 12pt\">Thithja e vajit<\/span><\/td>\n<td style=\"width: 25.114%;height: 10px;text-align: center\" colspan=\"2\" width=\"125\">50<\/td>\n<td class=\"et3\" style=\"height: 19.95pt;width: 25.1904%\" width=\"166\" height=\"26\"><span class=\"font1\">Gjakderdhje n\u00eb Cellosolve<\/span><\/td>\n<td class=\"et5\" style=\"width: 24.8018%;text-align: center\" width=\"148\"><span class=\"font1\">4-5<\/span><\/td>\n<\/tr>\n<tr style=\"height: 24px\">\n<td style=\"width: 24.277%;height: 10px\" width=\"125\"><span style=\"font-size: 12pt\">Vlera e pH-s\u00eb<\/span><\/td>\n<td style=\"width: 25.114%;height: 10px;text-align: center\" colspan=\"2\" width=\"125\">6.0 \u2013 7.5<\/td>\n<td class=\"et3\" style=\"height: 19.95pt;width: 25.1904%\" width=\"166\" height=\"26\"><span class=\"font1\">Gjakderdhje n\u00eb turpentin mineral<\/span><\/td>\n<td class=\"et5\" style=\"width: 24.8018%;text-align: center\" width=\"148\"><span class=\"font1\">4-5<\/span><\/td>\n<\/tr>\n<tr style=\"height: 24px\">\n<td style=\"width: 24.277%;height: 10px\" width=\"125\"><span style=\"font-size: 12pt\">Substanc\u00eb e avullueshme<\/span><\/td>\n<td style=\"width: 25.114%;height: 10px;text-align: center\" colspan=\"2\" width=\"125\"><span style=\"font-size: 12pt\">1% maks<\/span><\/td>\n<td class=\"et3\" style=\"height: 19.95pt;width: 25.1904%\" width=\"166\" height=\"26\"><span class=\"font1\">Rezistenca ndaj acidit<\/span><\/td>\n<td class=\"et5\" style=\"width: 24.8018%;text-align: center\" width=\"148\">4<\/td>\n<\/tr>\n<tr style=\"height: 24px\">\n<td style=\"width: 24.277%;height: 10px\" width=\"125\"><\/td>\n<td style=\"width: 25.114%;height: 10px\" colspan=\"2\"><\/td>\n<td class=\"et3\" style=\"height: 19.95pt;width: 25.1904%\" width=\"166\" height=\"26\"><span class=\"font1\">Rezistenca ndaj alkalineve<\/span><\/td>\n<td class=\"et4\" style=\"width: 24.8018%;text-align: center\">4<\/td>\n<\/tr>\n<tr style=\"height: 48px\">\n<td style=\"width: 99.3832%;background-color: #ababab;height: 10px\" colspan=\"5\" width=\"125\"><span style=\"font-size: 14pt\"><strong>Paketim<\/strong><\/span><\/td>\n<\/tr>\n<tr style=\"height: 48px\">\n<td style=\"width: 99.3832%;height: 10px\" colspan=\"5\" width=\"125\">25 kg\/qese 400 kg\/palet\u00eb<\/td>\n<\/tr>\n<tr style=\"height: 24px\">\n<td style=\"width: 99.3832%;height: 10px\" colspan=\"5\" width=\"125\"><\/td>\n<\/tr>\n<tr style=\"height: 24px\">\n<td style=\"width: 49.391%;background-color: #ababab;height: 10px\" colspan=\"3\" width=\"125\"><span style=\"font-size: 14pt\"><strong>Depozitim<\/strong><\/span><\/td>\n<td style=\"width: 25.1904%;height: 10px\" width=\"125\"><span style=\"font-size: 14pt\"><strong>Afati i p\u00ebrdorimit<\/strong><\/span><\/td>\n<td style=\"width: 24.8018%;height: 10px\" width=\"125\"><span style=\"font-size: 12pt\">5 vjet<\/span><\/td>\n<\/tr>\n<tr style=\"height: 24px\">\n<td style=\"width: 99.3832%;height: 10px\" colspan=\"5\" width=\"375\"><span style=\"font-size: 12pt\">Duhet t\u00eb ruhet n\u00eb nj\u00eb vend t\u00eb fresk\u00ebt, t\u00eb that\u00eb dhe t\u00eb ajrosur.<\/span><\/td>\n<\/tr>\n<tr style=\"height: 24px\">\n<td style=\"width: 99.3832%;height: 10px\" colspan=\"5\" width=\"125\"><\/td>\n<\/tr>\n<tr style=\"height: 24px\">\n<td style=\"width: 99.3832%;background-color: #ababab;height: 10px\" colspan=\"5\" width=\"125\"><span style=\"font-size: 14pt\"><strong>TRANSPORT<\/strong><\/span><\/td>\n<\/tr>\n<tr style=\"height: 48px\">\n<td style=\"width: 99.3832%;height: 10px\" colspan=\"5\" width=\"375\"><span style=\"font-size: 12pt\">Shmangni inversionin, rrezet e diellit, lag\u00ebshtin\u00eb dhe goditjet. Mos d\u00ebmtoni paketimin.<\/span><\/td>\n<\/tr>\n<\/tbody>\n<\/table>\n<ul>\n<li>Q\u00ebndrueshm\u00ebria ndaj drit\u00ebs: Vler\u00ebsimi i q\u00ebndrueshm\u00ebris\u00eb ndaj drit\u00ebs b\u00ebhet n\u00eb shkall\u00ebn Blue Wool nga 1 deri n\u00eb 8, ku 1 = \u2018E dob\u00ebt\u2019 dhe 8 = \u2018E shk\u00eblqyer\u2019.<\/li>\n<li>Stabiliteti ndaj nxeht\u00ebsis\u00eb: Vlerat e stabilitetit ndaj nxeht\u00ebsis\u00eb t\u00eb dh\u00ebna tregojn\u00eb temperatur\u00ebn maksimale n\u00eb t\u00eb cil\u00ebn pigmenti mund t\u00eb ngrohet p\u00ebr 10 minuta n\u00eb hijen e plot\u00eb dhe n\u00eb reduktime pa p\u00ebsuar ndonj\u00eb ndryshim t\u00eb r\u00ebnd\u00ebsish\u00ebm n\u00eb hije.<\/li>\n<li>Thithja e vajit: Thithja e vajit p\u00ebrcaktohet n\u00eb baz\u00eb t\u00eb EN ISO 787-5 dhe shprehet n\u00eb g vaj liri p\u00ebr 100 g pigment.<\/li>\n<li>Gjakderdhja n\u00eb tret\u00ebs: Gjakderdhja n\u00eb tret\u00ebs testohet duke p\u00ebrdorur gradat e pluhurit dhe vler\u00ebsimin vizual t\u00eb dh\u00ebn\u00eb n\u00eb shkall\u00ebn gri nga 1 deri n\u00eb 5.<br \/>\nku 1 = \u2018Gjakderdhje e r\u00ebnd\u00eb\u2019 dhe 5 = \u2018Pa gjakderdhje\u201d<\/li>\n<\/ul>\n<p>Disclaimer \u2013 The information given in this data sheet is based on the present state of our knowledge &amp; is intended as a general description of our products &amp; their possible applications. Due to the multitude of formulations, production &amp; application conditions, all the above mentioned data have to be adjusted to the circumstances of the processor. No liabilities, including those for patent rights, can be derived from this fact for individual cases. It cannot be ruled out that this product contains particles &lt; 0.1 \u03bcm. Any user of this product is responsible for determining the suitability of Honor Pigments\u2019s products for its particular application &amp; to ensure that any proprietary rights &amp; existing laws &amp; legislation are observed.<\/p>\n<div class=\"honor-product-overview\" style=\"margin-top:40px;border-top:2px solid #f6c405;padding-top:30px\">\n<h3>Why Choose Honor Pigments?<\/h3>\n<ul>\n<li>\ud83c\udf0d <strong>Global Export Expertise<\/strong> \u2014 Trusted by customers in 40+ countries for consistent quality and reliable supply<\/li>\n<li>\u2705 <strong>Strict Quality Control<\/strong> \u2014 ISO 9001 certified with batch-to-batch consistency and zero-defect policy<\/li>\n<li>\ud83d\udcb0 <strong>OEM Production Advantage<\/strong> \u2014 Competitive pricing without compromising pigment performance<\/li>\n<li>\ud83e\uddea <strong>Technical Support<\/strong> \u2014 Free color matching, formulation advice and sample testing before bulk order<\/li>\n<\/ul>\n<div style=\"background:#f8f9fa;padding:20px;border-left:4px solid #f6c405;margin:20px 0\">\n<p><strong>\ud83d\udce9 Need more details?<\/strong><\/p>\n<p>Request TDS, SDS, or a free sample for testing.<\/p>\n<\/div>\n<\/div>","protected":false},"excerpt":{"rendered":"<p>C.I.NO.: PR2<\/p>\n<p>Avantazhi: Forc\u00eb e lart\u00eb<\/p>\n<p>Aplikimi kryesor i rekomanduar: boja me baz\u00eb uji<\/p>","protected":false},"featured_media":3348,"template":"","meta":[],"product_brand":[],"product_cat":[15,61,73,63,91,76,92,77],"product_tag":[],"class_list":{"0":"post-3347","1":"product","2":"type-product","3":"status-publish","4":"has-post-thumbnail","6":"product_cat-organic-pigments","7":"product_cat-pigments-for-coatings-paints","8":"product_cat-pigments-for-industrial-coatings","9":"product_cat-pigments-for-printing-inks","10":"product_cat-pigments-for-solvent-based-coatings","11":"product_cat-pigments-for-sovlent-based-inks","12":"product_cat-pigments-for-water-based-coatings","13":"product_cat-pigments-for-water-based-inks","14":"stm_brands-honor-pigments","16":"first","17":"instock","18":"shipping-taxable","19":"product-type-simple"},"_links":{"self":[{"href":"https:\/\/www.honorpigment.com\/sq\/wp-json\/wp\/v2\/product\/3347","targetHints":{"allow":["GET"]}}],"collection":[{"href":"https:\/\/www.honorpigment.com\/sq\/wp-json\/wp\/v2\/product"}],"about":[{"href":"https:\/\/www.honorpigment.com\/sq\/wp-json\/wp\/v2\/types\/product"}],"version-history":[{"count":2,"href":"https:\/\/www.honorpigment.com\/sq\/wp-json\/wp\/v2\/product\/3347\/revisions"}],"predecessor-version":[{"id":8817,"href":"https:\/\/www.honorpigment.com\/sq\/wp-json\/wp\/v2\/product\/3347\/revisions\/8817"}],"wp:featuredmedia":[{"embeddable":true,"href":"https:\/\/www.honorpigment.com\/sq\/wp-json\/wp\/v2\/media\/3348"}],"wp:attachment":[{"href":"https:\/\/www.honorpigment.com\/sq\/wp-json\/wp\/v2\/media?parent=3347"}],"wp:term":[{"taxonomy":"product_brand","embeddable":true,"href":"https:\/\/www.honorpigment.com\/sq\/wp-json\/wp\/v2\/product_brand?post=3347"},{"taxonomy":"product_cat","embeddable":true,"href":"https:\/\/www.honorpigment.com\/sq\/wp-json\/wp\/v2\/product_cat?post=3347"},{"taxonomy":"product_tag","embeddable":true,"href":"https:\/\/www.honorpigment.com\/sq\/wp-json\/wp\/v2\/product_tag?post=3347"}],"curies":[{"name":"wp","href":"https:\/\/api.w.org\/{rel}","templated":true}]}}