{"id":3341,"date":"2025-09-02T16:43:08","date_gmt":"2025-09-02T08:43:08","guid":{"rendered":"https:\/\/www.honorpigments.com\/?post_type=product&#038;p=3341"},"modified":"2026-03-23T21:20:17","modified_gmt":"2026-03-23T13:20:17","slug":"hp-yellow-1619-pigment-yellow-154","status":"publish","type":"product","link":"https:\/\/www.honorpigment.com\/sq\/produkt\/hp-yellow-1619-pigment-yellow-154\/","title":{"rendered":"PIGMENT YELLOW 154\/ HP YELLOW 1619"},"content":{"rendered":"<h3><strong>Product Description &#8211; PY154<\/strong><\/h3>\n<p align=\"left\">HP YELLOW 1619 (PIGMENT YELLOW 154) affords a somewhat greenish yellow shade of very high lightfastness and weatherfastness. IT is completely or at least almost completely resistant to the major organic solvents. The list includes alcohols, esters, such as butylacetate, aliphatic and aromatic hydrocarbons, such as mineral spirits or xylene, and dibutyl phthalate. It is mainly used in paints industries. some times in plastics and inks industries.<\/p>\n<h3><strong>Aplikim i rekomanduar<\/strong><strong>\uff1a<\/strong><\/h3>\n<p>Coatings: solvent based paints, water based paints, industrial coatings, powder coatings, coil coatings, auto paints, wood coatings<br \/>\nPlastics: PP, PE, PVC, PS\/SAN, ABS, PET, PBT, Rubber\/TPV, SBC, TPO, TPU<br \/>\nBoja p\u00ebr shtypje: boja offset, boja me baz\u00eb tret\u00ebs, boja me baz\u00eb uji<\/p>\n<h3><strong>T\u00eb dh\u00ebna teknike:<\/strong><\/h3>\n<table style=\"height: 260px; width: 95%; border-color: #050505;\" width=\"95%\">\n<tbody>\n<tr style=\"height: 28px;\">\n<td style=\"width: 99.3832%; background-color: #ababab; height: 10px;\" colspan=\"5\" width=\"125\"><span style=\"font-size: 14pt;\"><strong>Informacion p\u00ebr produktin<\/strong><\/span><\/td>\n<\/tr>\n<tr style=\"height: 24px;\">\n<td style=\"width: 24.277%; height: 10px;\" width=\"125\"><span style=\"font-size: 12pt;\">Lloji kimik<\/span><\/td>\n<td style=\"width: 25.114%; height: 10px; text-align: center;\" colspan=\"2\" width=\"125\">Benzimidazolone<\/td>\n<td style=\"width: 25.1904%; height: 10px;\" width=\"125\"><span style=\"font-size: 12pt;\">CAS NO.<\/span><\/td>\n<td class=\"et3\" style=\"height: 19.95pt; width: 24.8018%; text-align: center;\" width=\"166\" height=\"26\">68134-22-5<\/td>\n<\/tr>\n<tr style=\"height: 48px;\">\n<td style=\"width: 24.277%; height: 10px;\" width=\"125\"><span style=\"font-size: 12pt;\">C. I. Emri<\/span><\/td>\n<td style=\"width: 25.114%; height: 10px; text-align: center;\" colspan=\"2\" width=\"125\">Pigment Yellow 154<\/td>\n<td style=\"width: 25.1904%; height: 10px;\" width=\"125\"><span style=\"font-size: 12pt;\">EINECS \/ ELINCS Nr.<\/span><\/td>\n<td class=\"et3\" style=\"height: 19.95pt; width: 24.8018%; text-align: center;\" width=\"166\" height=\"26\">268-734-6<\/td>\n<\/tr>\n<tr style=\"height: 48px;\">\n<td style=\"width: 24.277%; height: 10px;\" width=\"125\"><span style=\"font-size: 12pt;\">C. I. Kushtetuta Nr.<\/span><\/td>\n<td style=\"width: 25.114%; height: 10px; text-align: center;\" colspan=\"2\" width=\"125\">11781<\/td>\n<td style=\"width: 25.1904%; height: 10px;\" width=\"125\"><span style=\"font-size: 12pt;\">Formula kimike<\/span><\/td>\n<td class=\"et3\" style=\"height: 19.95pt; width: 24.8018%; text-align: center;\" width=\"166\" height=\"26\">C18H14F3N5O3<\/td>\n<\/tr>\n<tr style=\"height: 24px;\">\n<td style=\"width: 99.3832%; height: 10px;\" colspan=\"5\" width=\"125\"><\/td>\n<\/tr>\n<tr style=\"height: 28px;\">\n<td style=\"width: 99.3832%; background-color: #ababab; height: 10px;\" colspan=\"5\" width=\"125\"><span style=\"font-size: 14pt;\"><strong>Performanc\u00eb teknike<\/strong><\/span><\/td>\n<\/tr>\n<tr style=\"height: 24px;\">\n<td style=\"width: 24.277%; height: 10px;\" width=\"125\"><\/td>\n<td style=\"width: 12.4048%; height: 10px; text-align: center;\" width=\"125\"><span style=\"font-size: 12pt;\">Hije e plot\u00eb<\/span><\/td>\n<td style=\"width: 12.7092%; height: 10px; text-align: center;\" width=\"125\"><span style=\"font-size: 12pt;\">Ngjyrim<\/span><\/td>\n<td style=\"width: 25.1904%; height: 10px;\" width=\"125\"><\/td>\n<td style=\"width: 24.8018%; height: 10px;\" width=\"125\"><\/td>\n<\/tr>\n<tr style=\"height: 48px;\">\n<td style=\"width: 24.277%; height: 10px;\" width=\"125\"><span style=\"font-size: 12pt;\">Rezistenca ndaj motit<\/span><\/td>\n<td class=\"et3\" style=\"height: 10px; width: 12.4048%; text-align: center;\" width=\"116\" height=\"26\">5<\/td>\n<td class=\"et4\" style=\"width: 12.7092%; text-align: center; height: 10px;\" width=\"110\">5<\/td>\n<td style=\"width: 25.1904%; height: 10px;\" width=\"125\"><span style=\"font-size: 12pt;\">Stabiliteti n\u00eb nxeht\u00ebsi \u00b0C<\/span><\/td>\n<td style=\"width: 24.8018%; height: 10px; text-align: center;\" width=\"125\"><span style=\"font-size: 12pt;\">250\u00b0C<\/span><\/td>\n<\/tr>\n<tr style=\"height: 24px;\">\n<td style=\"width: 24.277%; height: 10px;\" width=\"125\"><span style=\"font-size: 12pt;\">Q\u00ebndrueshm\u00ebria ndaj drit\u00ebs<\/span><\/td>\n<td class=\"et4\" style=\"height: 10px; width: 12.4048%; text-align: center;\" height=\"26\">8<\/td>\n<td class=\"et4\" style=\"width: 12.7092%; text-align: center; height: 10px;\">8<\/td>\n<td style=\"width: 25.1904%; height: 10px;\" width=\"125\"><\/td>\n<td style=\"width: 24.8018%; height: 10px;\" width=\"125\"><\/td>\n<\/tr>\n<tr style=\"height: 24px;\">\n<td style=\"width: 99.3832%; height: 10px;\" colspan=\"5\" width=\"125\"><\/td>\n<\/tr>\n<tr style=\"height: 24px;\">\n<td style=\"width: 99.3832%; background-color: #ababab; height: 10px;\" colspan=\"5\" width=\"125\"><span style=\"font-size: 14pt;\"><strong>Pronat fizike<\/strong><\/span><\/td>\n<\/tr>\n<tr style=\"height: 48px;\">\n<td style=\"width: 24.277%; height: 10px;\" width=\"125\"><span style=\"font-size: 12pt;\">Forma fizike<\/span><\/td>\n<td style=\"width: 25.114%; height: 10px; text-align: center;\" colspan=\"2\" width=\"125\"><span style=\"font-size: 12pt;\">Pluhur<\/span><\/td>\n<td class=\"et3\" style=\"height: 19.95pt; width: 25.1904%;\" width=\"166\" height=\"26\"><span class=\"font1\">Rezistenca ndaj acidit<\/span><\/td>\n<td class=\"et4\" style=\"width: 24.8018%; text-align: center;\" width=\"166\">5<\/td>\n<\/tr>\n<tr style=\"height: 48px;\">\n<td style=\"width: 24.277%; height: 10px;\" width=\"125\"><span style=\"font-size: 12pt;\">Dend\u00ebsia specifike (g\/cm3):<\/span><\/td>\n<td style=\"width: 25.114%; height: 10px; text-align: center;\" colspan=\"2\" width=\"125\">1.55 \u00b1 0.1<\/td>\n<td class=\"et3\" style=\"height: 19.95pt; width: 25.1904%;\" width=\"166\" height=\"26\"><span class=\"font1\">Rezistenca ndaj alkalineve<\/span><\/td>\n<td class=\"et4\" style=\"width: 24.8018%; text-align: center;\">5<\/td>\n<\/tr>\n<tr style=\"height: 48px;\">\n<td style=\"width: 24.277%; height: 10px;\" width=\"125\"><span style=\"font-size: 12pt;\">Sip\u00ebrfaqe specifike (m\u00b2\/g):<\/span><\/td>\n<td style=\"width: 25.114%; height: 10px; text-align: center;\" colspan=\"2\" width=\"125\">25<\/td>\n<td class=\"et3\" style=\"height: 19.95pt; width: 25.1904%;\" width=\"166\" height=\"26\">Low warping applications<\/td>\n<td class=\"et5\" style=\"width: 24.8018%; text-align: center;\">Suitable<\/td>\n<\/tr>\n<tr style=\"height: 24px;\">\n<td style=\"width: 24.277%; height: 10px;\" width=\"125\"><span style=\"font-size: 12pt;\">Thithja e vajit<\/span><\/td>\n<td style=\"width: 25.114%; height: 10px; text-align: center;\" colspan=\"2\" width=\"125\">54<\/td>\n<td class=\"et3\" style=\"height: 19.95pt; width: 25.1904%;\" width=\"166\" height=\"26\"><\/td>\n<td class=\"et5\" style=\"width: 24.8018%; text-align: center;\"><\/td>\n<\/tr>\n<tr style=\"height: 24px;\">\n<td style=\"width: 24.277%; height: 10px;\" width=\"125\"><span style=\"font-size: 12pt;\">Vlera e pH-s\u00eb<\/span><\/td>\n<td style=\"width: 25.114%; height: 10px; text-align: center;\" colspan=\"2\" width=\"125\">6.5 ~8.5<\/td>\n<td class=\"et3\" style=\"height: 10px; width: 25.1904%;\" width=\"166\" height=\"26\"><\/td>\n<td class=\"et4\" style=\"width: 24.8018%; text-align: center; height: 10px;\"><\/td>\n<\/tr>\n<tr style=\"height: 24px;\">\n<td style=\"width: 24.277%; height: 10px;\" width=\"125\"><span style=\"font-size: 12pt;\">Substanc\u00eb e avullueshme<\/span><\/td>\n<td style=\"width: 25.114%; height: 10px; text-align: center;\" colspan=\"2\" width=\"125\"><span style=\"font-size: 12pt;\">1% maks<\/span><\/td>\n<td class=\"et3\" style=\"height: 10px; width: 25.1904%;\" width=\"166\" height=\"26\"><\/td>\n<td class=\"et4\" style=\"width: 24.8018%; text-align: center; height: 10px;\"><\/td>\n<\/tr>\n<tr style=\"height: 24px;\">\n<td style=\"width: 24.277%; height: 10px;\" width=\"125\"><\/td>\n<td style=\"width: 25.114%; height: 10px;\" colspan=\"2\"><\/td>\n<td class=\"et3\" style=\"height: 10px; width: 25.1904%;\" width=\"166\" height=\"26\"><\/td>\n<td class=\"et4\" style=\"width: 24.8018%; text-align: center; height: 10px;\"><\/td>\n<\/tr>\n<tr style=\"height: 48px;\">\n<td style=\"width: 99.3832%; background-color: #ababab; height: 10px;\" colspan=\"5\" width=\"125\"><span style=\"font-size: 14pt;\"><strong>Paketim<\/strong><\/span><\/td>\n<\/tr>\n<tr style=\"height: 48px;\">\n<td style=\"width: 99.3832%; height: 10px;\" colspan=\"5\" width=\"125\">20 or 25kgs\/bag\u00a0 400kgs\/Pallet<\/td>\n<\/tr>\n<tr style=\"height: 24px;\">\n<td style=\"width: 99.3832%; height: 10px;\" colspan=\"5\" width=\"125\"><\/td>\n<\/tr>\n<tr style=\"height: 24px;\">\n<td style=\"width: 49.391%; background-color: #ababab; height: 10px;\" colspan=\"3\" width=\"125\"><span style=\"font-size: 14pt;\"><strong>Depozitim<\/strong><\/span><\/td>\n<td style=\"width: 25.1904%; height: 10px;\" width=\"125\"><span style=\"font-size: 14pt;\"><strong>Afati i p\u00ebrdorimit<\/strong><\/span><\/td>\n<td style=\"width: 24.8018%; height: 10px;\" width=\"125\"><span style=\"font-size: 12pt;\">5 vjet<\/span><\/td>\n<\/tr>\n<tr style=\"height: 24px;\">\n<td style=\"width: 99.3832%; height: 10px;\" colspan=\"5\" width=\"375\"><span style=\"font-size: 12pt;\">Duhet t\u00eb ruhet n\u00eb nj\u00eb vend t\u00eb fresk\u00ebt, t\u00eb that\u00eb dhe t\u00eb ajrosur.<\/span><\/td>\n<\/tr>\n<tr style=\"height: 24px;\">\n<td style=\"width: 99.3832%; height: 10px;\" colspan=\"5\" width=\"125\"><\/td>\n<\/tr>\n<tr style=\"height: 24px;\">\n<td style=\"width: 99.3832%; background-color: #ababab; height: 10px;\" colspan=\"5\" width=\"125\"><span style=\"font-size: 14pt;\"><strong>TRANSPORT<\/strong><\/span><\/td>\n<\/tr>\n<tr style=\"height: 48px;\">\n<td style=\"width: 99.3832%; height: 10px;\" colspan=\"5\" width=\"375\"><span style=\"font-size: 12pt;\">Shmangni inversionin, rrezet e diellit, lag\u00ebshtin\u00eb dhe goditjet. Mos d\u00ebmtoni paketimin.<\/span><\/td>\n<\/tr>\n<\/tbody>\n<\/table>\n<ul>\n<li>Q\u00ebndrueshm\u00ebria ndaj drit\u00ebs: Vler\u00ebsimi i q\u00ebndrueshm\u00ebris\u00eb ndaj drit\u00ebs b\u00ebhet n\u00eb shkall\u00ebn Blue Wool nga 1 deri n\u00eb 8, ku 1 = \u2018E dob\u00ebt\u2019 dhe 8 = \u2018E shk\u00eblqyer\u2019.<\/li>\n<li>Stabiliteti ndaj nxeht\u00ebsis\u00eb: Vlerat e stabilitetit ndaj nxeht\u00ebsis\u00eb t\u00eb dh\u00ebna tregojn\u00eb temperatur\u00ebn maksimale n\u00eb t\u00eb cil\u00ebn pigmenti mund t\u00eb ngrohet p\u00ebr 10 minuta n\u00eb hijen e plot\u00eb dhe n\u00eb reduktime pa p\u00ebsuar ndonj\u00eb ndryshim t\u00eb r\u00ebnd\u00ebsish\u00ebm n\u00eb hije.<\/li>\n<li>Thithja e vajit: Thithja e vajit p\u00ebrcaktohet n\u00eb baz\u00eb t\u00eb EN ISO 787-5 dhe shprehet n\u00eb g vaj liri p\u00ebr 100 g pigment.<\/li>\n<li>Gjakderdhja n\u00eb tret\u00ebs: Gjakderdhja n\u00eb tret\u00ebs testohet duke p\u00ebrdorur gradat e pluhurit dhe vler\u00ebsimin vizual t\u00eb dh\u00ebn\u00eb n\u00eb shkall\u00ebn gri nga 1 deri n\u00eb 5.<br \/>\nku 1 = \u2018Gjakderdhje e r\u00ebnd\u00eb\u2019 dhe 5 = \u2018Pa gjakderdhje\u201d<\/li>\n<\/ul>\n<p>Sh\u00ebnim paralajm\u00ebrues \u2013 Informacioni i dh\u00ebn\u00eb n\u00eb k\u00ebt\u00eb flet\u00eb t\u00eb dh\u00ebnash bazohet n\u00eb gjendjen aktuale t\u00eb njohurive tona dhe ka p\u00ebr q\u00ebllim nj\u00eb p\u00ebrshkrim t\u00eb p\u00ebrgjithsh\u00ebm t\u00eb produkteve tona dhe aplikimeve t\u00eb tyre t\u00eb mundshme. P\u00ebr shkak t\u00eb shum\u00ebllojshm\u00ebris\u00eb s\u00eb formulimeve, kushteve t\u00eb prodhimit dhe aplikimit, t\u00eb gjitha t\u00eb dh\u00ebnat e p\u00ebrmendura m\u00eb sip\u00ebr duhet t\u00eb p\u00ebrshtaten me rrethanat e p\u00ebrpunuesit. Nga ky fakt nuk mund t\u00eb rrjedhin asnj\u00eb p\u00ebrgjegj\u00ebsi, p\u00ebrfshir\u00eb ato p\u00ebr t\u00eb drejtat e patent\u00ebs, n\u00eb raste individuale. Nuk mund t\u00eb p\u00ebrjashtohet q\u00eb ky produkt t\u00eb p\u00ebrmbaj\u00eb grimca &lt; 0.1 \u03bcm. \u00c7do p\u00ebrdorues i k\u00ebtij produkti \u00ebsht\u00eb p\u00ebrgjegj\u00ebs p\u00ebr p\u00ebrcaktimin e p\u00ebrshtatshm\u00ebris\u00eb s\u00eb produkteve t\u00eb Sudarshan p\u00ebr aplikimin e tij t\u00eb ve\u00e7ant\u00eb dhe p\u00ebr t&#039;u siguruar q\u00eb \u00e7do e drejt\u00eb pron\u00ebsore dhe ligjet ekzistuese t\u00eb respektohen.<\/p>","protected":false},"excerpt":{"rendered":"<p>C.I.NO.: PY154<\/p>\n<p>Avantazhi:<\/p>\n<p>Aplikimi kryesor i rekomanduar: Mbulesa<\/p>","protected":false},"featured_media":3758,"template":"","meta":[],"product_brand":[],"product_cat":[15,74,61,72,73,75,62,95,63,91,76,92,77,71],"product_tag":[363,364],"class_list":{"0":"post-3341","1":"product","2":"type-product","3":"status-publish","4":"has-post-thumbnail","6":"product_cat-organic-pigments","7":"product_cat-pigments-for-auto-paints","8":"product_cat-pigments-for-coatings-paints","9":"product_cat-pigments-for-coil-coatings","10":"product_cat-pigments-for-industrial-coatings","11":"product_cat-pigments-for-offset-inks","12":"product_cat-pigments-for-plasticsampmasterbatch","13":"product_cat-pigments-for-powder-coatings","14":"product_cat-pigments-for-printing-inks","15":"product_cat-pigments-for-solvent-based-coatings","16":"product_cat-pigments-for-sovlent-based-inks","17":"product_cat-pigments-for-water-based-coatings","18":"product_cat-pigments-for-water-based-inks","19":"product_cat-pigments-for-wood-coatings","20":"product_tag-py154","21":"product_tag-yellow-3g","22":"stm_brands-honor-pigments","24":"first","25":"instock","26":"shipping-taxable","27":"product-type-simple"},"_links":{"self":[{"href":"https:\/\/www.honorpigment.com\/sq\/wp-json\/wp\/v2\/product\/3341","targetHints":{"allow":["GET"]}}],"collection":[{"href":"https:\/\/www.honorpigment.com\/sq\/wp-json\/wp\/v2\/product"}],"about":[{"href":"https:\/\/www.honorpigment.com\/sq\/wp-json\/wp\/v2\/types\/product"}],"version-history":[{"count":0,"href":"https:\/\/www.honorpigment.com\/sq\/wp-json\/wp\/v2\/product\/3341\/revisions"}],"wp:featuredmedia":[{"embeddable":true,"href":"https:\/\/www.honorpigment.com\/sq\/wp-json\/wp\/v2\/media\/3758"}],"wp:attachment":[{"href":"https:\/\/www.honorpigment.com\/sq\/wp-json\/wp\/v2\/media?parent=3341"}],"wp:term":[{"taxonomy":"product_brand","embeddable":true,"href":"https:\/\/www.honorpigment.com\/sq\/wp-json\/wp\/v2\/product_brand?post=3341"},{"taxonomy":"product_cat","embeddable":true,"href":"https:\/\/www.honorpigment.com\/sq\/wp-json\/wp\/v2\/product_cat?post=3341"},{"taxonomy":"product_tag","embeddable":true,"href":"https:\/\/www.honorpigment.com\/sq\/wp-json\/wp\/v2\/product_tag?post=3341"}],"curies":[{"name":"wp","href":"https:\/\/api.w.org\/{rel}","templated":true}]}}