{"id":346,"date":"2018-07-28T16:07:17","date_gmt":"2018-07-28T16:07:17","guid":{"rendered":"http:\/\/manufacturer.stylemixthemes.com\/?page_id=346"},"modified":"2026-04-20T09:10:42","modified_gmt":"2026-04-20T01:10:42","slug":"furnizuesit-kryesore-te-pigmenteve-furnizuesit-e-pigmenteve","status":"publish","type":"page","link":"https:\/\/www.honorpigment.com\/sq\/furnizuesit-kryesore-te-pigmenteve-furnizuesit-e-pigmenteve\/","title":{"rendered":"Rreth nesh"},"content":{"rendered":"<div data-elementor-type=\"wp-post\" data-elementor-id=\"346\" class=\"elementor elementor-346\" data-elementor-post-type=\"page\">\n\t\t\t\t\t\t<section class=\"elementor-section elementor-top-section elementor-element elementor-element-30e1922 elementor-section-boxed elementor-section-height-default elementor-section-height-default\" data-id=\"30e1922\" data-element_type=\"section\" data-e-type=\"section\" data-settings=\"{&quot;background_background&quot;:&quot;classic&quot;}\">\n\t\t\t\t\t\t<div class=\"elementor-container elementor-column-gap-default\">\n\t\t\t\t\t<div class=\"elementor-column elementor-col-100 elementor-top-column elementor-element elementor-element-8a23eb7\" data-id=\"8a23eb7\" data-element_type=\"column\" data-e-type=\"column\">\n\t\t\t<div class=\"elementor-widget-wrap elementor-element-populated\">\n\t\t\t\t\t\t<div class=\"elementor-element elementor-element-684555a elementor-widget elementor-widget-heading\" data-id=\"684555a\" data-element_type=\"widget\" data-e-type=\"widget\" data-widget_type=\"heading.default\">\n\t\t\t\t<div class=\"elementor-widget-container\">\n\t\t\t\t\t<h2 class=\"elementor-heading-title elementor-size-default elementor-heading-title\">Rreth nesh<\/h2>\t\t\t\t<\/div>\n\t\t\t\t<\/div>\n\t\t\t\t\t<\/div>\n\t\t<\/div>\n\t\t\t\t\t<\/div>\n\t\t<\/section>\n\t\t\t\t<section class=\"elementor-section elementor-top-section elementor-element elementor-element-6c3c861 elementor-section-boxed elementor-section-height-default elementor-section-height-default\" data-id=\"6c3c861\" data-element_type=\"section\" data-e-type=\"section\" data-settings=\"{&quot;background_background&quot;:&quot;classic&quot;}\">\n\t\t\t\t\t\t<div class=\"elementor-container elementor-column-gap-default\">\n\t\t\t\t\t<div class=\"elementor-column elementor-col-100 elementor-top-column elementor-element elementor-element-4a638c5\" data-id=\"4a638c5\" data-element_type=\"column\" data-e-type=\"column\">\n\t\t\t<div class=\"elementor-widget-wrap elementor-element-populated\">\n\t\t\t\t\t\t<div class=\"elementor-element elementor-element-9f35ed7 elementor-widget elementor-widget-woocommerce-breadcrumb\" data-id=\"9f35ed7\" data-element_type=\"widget\" data-e-type=\"widget\" data-widget_type=\"woocommerce-breadcrumb.default\">\n\t\t\t\t<div class=\"elementor-widget-container\">\n\t\t\t\t\t<nav class=\"woocommerce-breadcrumb\" aria-label=\"Breadcrumb\" data-no-translation=\"\" data-trp-gettext=\"\">Kreu<\/nav>\t\t\t\t<\/div>\n\t\t\t\t<\/div>\n\t\t\t\t\t<\/div>\n\t\t<\/div>\n\t\t\t\t\t<\/div>\n\t\t<\/section>\n\t\t\t\t<section class=\"elementor-section elementor-top-section elementor-element elementor-element-885ab4f elementor-section-boxed elementor-section-height-default elementor-section-height-default\" data-id=\"885ab4f\" data-element_type=\"section\" data-e-type=\"section\">\n\t\t\t\t\t\t<div class=\"elementor-container elementor-column-gap-default\">\n\t\t\t\t\t<div class=\"elementor-column elementor-col-100 elementor-top-column elementor-element elementor-element-ce5d11a\" data-id=\"ce5d11a\" data-element_type=\"column\" data-e-type=\"column\">\n\t\t\t<div class=\"elementor-widget-wrap elementor-element-populated\">\n\t\t\t\t\t\t<section class=\"elementor-section elementor-inner-section elementor-element elementor-element-8df0ace elementor-section-boxed elementor-section-height-default elementor-section-height-default\" data-id=\"8df0ace\" data-element_type=\"section\" data-e-type=\"section\">\n\t\t\t\t\t\t<div class=\"elementor-container elementor-column-gap-default\">\n\t\t\t\t\t<div class=\"elementor-column elementor-col-50 elementor-inner-column elementor-element elementor-element-cef855b\" data-id=\"cef855b\" data-element_type=\"column\" data-e-type=\"column\">\n\t\t\t<div class=\"elementor-widget-wrap elementor-element-populated\">\n\t\t\t\t\t\t<div class=\"elementor-element elementor-element-99d49f9 elementor-widget elementor-widget-image\" data-id=\"99d49f9\" data-element_type=\"widget\" data-e-type=\"widget\" data-widget_type=\"image.default\">\n\t\t\t\t<div class=\"elementor-widget-container\">\n\t\t\t\t\t\t\t\t\t\t\t\t\t\t\t<img fetchpriority=\"high\" decoding=\"async\" width=\"470\" height=\"482\" src=\"https:\/\/www.honorpigment.com\/wp-content\/uploads\/2025\/08\/about.webp\" class=\"attachment-large size-large wp-image-2926\" alt=\"\" \/>\t\t\t\t\t\t\t\t\t\t\t\t\t\t\t<\/div>\n\t\t\t\t<\/div>\n\t\t\t\t\t<\/div>\n\t\t<\/div>\n\t\t\t\t<div class=\"elementor-column elementor-col-50 elementor-inner-column elementor-element elementor-element-cb7898f\" data-id=\"cb7898f\" data-element_type=\"column\" data-e-type=\"column\">\n\t\t\t<div class=\"elementor-widget-wrap elementor-element-populated\">\n\t\t\t\t\t\t<div class=\"elementor-element elementor-element-01186f1 elementor-widget elementor-widget-heading\" data-id=\"01186f1\" data-element_type=\"widget\" data-e-type=\"widget\" data-widget_type=\"heading.default\">\n\t\t\t\t<div class=\"elementor-widget-container\">\n\t\t\t\t\t<h2 class=\"elementor-heading-title elementor-size-default elementor-heading-title\">SHANGHAI HONOR INDUSTRIAL CO.,LTD.<\/h2>\t\t\t\t<\/div>\n\t\t\t\t<\/div>\n\t\t\t\t<div class=\"elementor-element elementor-element-4b56b5e elementor-widget elementor-widget-text-editor\" data-id=\"4b56b5e\" data-element_type=\"widget\" data-e-type=\"widget\" data-widget_type=\"text-editor.default\">\n\t\t\t\t<div class=\"elementor-widget-container\">\n\t\t\t\t\t\t\t\t\t<p>E themeluar n\u00eb vitin 2009, ne jemi furnizues me ngjyrues\/pigment\u00eb me performanc\u00eb t\u00eb lart\u00eb. Ne furnizojm\u00eb tregun me pigment\u00eb organik\u00eb dhe kimikate p\u00ebrkat\u00ebse me cil\u00ebsi t\u00eb lart\u00eb p\u00ebr aplikime n\u00eb boja\/mbulesa, plastika dhe boj\u00ebra. Ve\u00e7an\u00ebrisht p\u00ebr boj\u00ebrat inkjet (shtyp\u00ebsit inkjet) dhe toner\u00ebt me ngjyra p\u00ebr shtyp\u00ebsit me lazer.<\/p><p><br \/>Me shum\u00eb aplikime nga klient\u00ebt, ekipi yn\u00eb i QC-s\u00eb mund t\u00eb zgjedh\u00eb zgjidhjen m\u00eb t\u00eb p\u00ebrshtatshme t\u00eb ngjyr\u00ebs p\u00ebr t'iu p\u00ebrshtatur k\u00ebrkesave t\u00eb cil\u00ebsis\u00eb s\u00eb klient\u00ebve tan\u00eb t\u00eb nderuar. Dhe metodat e ndryshme t\u00eb testimit p\u00ebr t'iu p\u00ebrgjigjur klient\u00ebve t\u00eb ndrysh\u00ebm dhe aplikimeve t\u00eb ndryshme. Pajisjet e laboratorit ton\u00eb p\u00ebrmir\u00ebsojn\u00eb produktet tona, duke siguruar cil\u00ebsi t\u00eb q\u00ebndrueshme para d\u00ebrges\u00ebs.<\/p><p><br \/>Ekipi yn\u00eb profesional logjistik garanton dor\u00ebzimin n\u00eb koh\u00eb tek klienti yn\u00eb sipas k\u00ebrkes\u00ebs. K\u00ebshtu mund t\u00eb sigurohet q\u00eb mallrat tona t'u dor\u00ebzohen klient\u00ebve tan\u00eb n\u00eb koh\u00eb.<\/p><p><br \/>Q\u00ebllimi yn\u00eb \u00ebsht\u00eb t\u00eb jemi vija m\u00eb e shkurt\u00ebr e furnizimit p\u00ebr klient\u00ebt tan\u00eb, duke ofruar produkte q\u00eb lidhen me pigmente dhe kimikate t\u00eb tjera n\u00eb industrin\u00eb e boj\u00ebrave, shtypjes dhe paketimit. Ne d\u00ebshirojm\u00eb t\u00eb zhvillohemi s\u00eb bashku me klient\u00ebt dhe miqt\u00eb tan\u00eb n\u00eb mbar\u00eb bot\u00ebn.<\/p>\t\t\t\t\t\t\t\t<\/div>\n\t\t\t\t<\/div>\n\t\t\t\t\t<\/div>\n\t\t<\/div>\n\t\t\t\t\t<\/div>\n\t\t<\/section>\n\t\t\t\t<section class=\"elementor-section elementor-inner-section elementor-element elementor-element-71674a0 elementor-section-boxed elementor-section-height-default elementor-section-height-default\" data-id=\"71674a0\" data-element_type=\"section\" data-e-type=\"section\">\n\t\t\t\t\t\t<div class=\"elementor-container elementor-column-gap-default\">\n\t\t\t\t\t<div class=\"elementor-column elementor-col-33 elementor-inner-column elementor-element elementor-element-4f74e7a\" data-id=\"4f74e7a\" data-element_type=\"column\" data-e-type=\"column\">\n\t\t\t<div class=\"elementor-widget-wrap elementor-element-populated\">\n\t\t\t\t\t\t<div class=\"elementor-element elementor-element-cdfeb29 elementor-widget elementor-widget-image-box\" data-id=\"cdfeb29\" data-element_type=\"widget\" data-e-type=\"widget\" data-widget_type=\"image-box.default\">\n\t\t\t\t<div class=\"elementor-widget-container\">\n\t\t\t\t\t<div class=\"elementor-image-box-wrapper\"><div class=\"elementor-image-box-content\"><h3 class=\"elementor-image-box-title\">Teknik\u00eb profesionist\u00eb<\/h3><p class=\"elementor-image-box-description\">Ne kemi staf teknik me p\u00ebrvoj\u00eb p\u00ebr t\u00eb kryer testimin sipas formul\u00ebs s\u00eb klientit para d\u00ebrges\u00ebs. Ne investojm\u00eb n\u00eb pajisje p\u00ebr t'u siguruar klient\u00ebve tan\u00eb cil\u00ebsin\u00eb e duhur sipas standardit t\u00eb duhur.<\/p><\/div><\/div>\t\t\t\t<\/div>\n\t\t\t\t<\/div>\n\t\t\t\t\t<\/div>\n\t\t<\/div>\n\t\t\t\t<div class=\"elementor-column elementor-col-33 elementor-inner-column elementor-element elementor-element-9aed64d\" data-id=\"9aed64d\" data-element_type=\"column\" data-e-type=\"column\">\n\t\t\t<div class=\"elementor-widget-wrap elementor-element-populated\">\n\t\t\t\t\t\t<div class=\"elementor-element elementor-element-f0c3311 elementor-widget elementor-widget-image-box\" data-id=\"f0c3311\" data-element_type=\"widget\" data-e-type=\"widget\" data-widget_type=\"image-box.default\">\n\t\t\t\t<div class=\"elementor-widget-container\">\n\t\t\t\t\t<div class=\"elementor-image-box-wrapper\"><div class=\"elementor-image-box-content\"><h3 class=\"elementor-image-box-title\">CIL\u00cbSI E SHK\u00cbLQYER E PRODUKTIT<\/h3><p class=\"elementor-image-box-description\">Si eksportues profesionist i pigmenteve, ne promovojm\u00eb pigmente cil\u00ebsore p\u00ebr t\u00eb p\u00ebrmbushur k\u00ebrkesat e cil\u00ebsis\u00eb s\u00eb klient\u00ebve t\u00eb ndrysh\u00ebm.<\/p><\/div><\/div>\t\t\t\t<\/div>\n\t\t\t\t<\/div>\n\t\t\t\t\t<\/div>\n\t\t<\/div>\n\t\t\t\t<div class=\"elementor-column elementor-col-33 elementor-inner-column elementor-element elementor-element-de74e8d\" data-id=\"de74e8d\" data-element_type=\"column\" data-e-type=\"column\">\n\t\t\t<div class=\"elementor-widget-wrap elementor-element-populated\">\n\t\t\t\t\t\t<div class=\"elementor-element elementor-element-1ab8acf elementor-widget elementor-widget-image-box\" data-id=\"1ab8acf\" data-element_type=\"widget\" data-e-type=\"widget\" data-widget_type=\"image-box.default\">\n\t\t\t\t<div class=\"elementor-widget-container\">\n\t\t\t\t\t<div class=\"elementor-image-box-wrapper\"><div class=\"elementor-image-box-content\"><h3 class=\"elementor-image-box-title\">Shitje n\u00eb mbar\u00eb bot\u00ebn<\/h3><p class=\"elementor-image-box-description\">Q\u00ebllimi yn\u00eb \u00ebsht\u00eb t\u00eb jemi vija m\u00eb e shkurt\u00ebr e furnizimit p\u00ebr klient\u00ebt tan\u00eb, duke ofruar produkte q\u00eb lidhen me pigmente dhe kimikate t\u00eb tjera n\u00eb industrin\u00eb e boj\u00ebrave, shtypjes dhe paketimit. <\/p><\/div><\/div>\t\t\t\t<\/div>\n\t\t\t\t<\/div>\n\t\t\t\t\t<\/div>\n\t\t<\/div>\n\t\t\t\t\t<\/div>\n\t\t<\/section>\n\t\t\t\t\t<\/div>\n\t\t<\/div>\n\t\t\t\t\t<\/div>\n\t\t<\/section>\n\t\t\t\t<section class=\"elementor-section elementor-top-section elementor-element elementor-element-49d9a45 elementor-section-full_width elementor-section-height-default elementor-section-height-default\" data-id=\"49d9a45\" data-element_type=\"section\" data-e-type=\"section\" data-settings=\"{&quot;background_background&quot;:&quot;classic&quot;}\">\n\t\t\t\t\t\t<div class=\"elementor-container elementor-column-gap-default\">\n\t\t\t\t\t<div class=\"elementor-column elementor-col-50 elementor-top-column elementor-element elementor-element-767b10d\" data-id=\"767b10d\" data-element_type=\"column\" data-e-type=\"column\">\n\t\t\t<div class=\"elementor-widget-wrap elementor-element-populated\">\n\t\t\t\t\t\t<div class=\"elementor-element elementor-element-1e07452 elementor-widget elementor-widget-image\" data-id=\"1e07452\" data-element_type=\"widget\" data-e-type=\"widget\" data-widget_type=\"image.default\">\n\t\t\t\t<div class=\"elementor-widget-container\">\n\t\t\t\t\t\t\t\t\t\t\t\t\t\t\t<img decoding=\"async\" width=\"1197\" height=\"549\" src=\"https:\/\/www.honorpigment.com\/wp-content\/uploads\/2025\/08\/about-1.webp\" class=\"attachment-full size-full wp-image-2930\" alt=\"\" \/>\t\t\t\t\t\t\t\t\t\t\t\t\t\t\t<\/div>\n\t\t\t\t<\/div>\n\t\t\t\t\t<\/div>\n\t\t<\/div>\n\t\t\t\t<div class=\"elementor-column elementor-col-50 elementor-top-column elementor-element elementor-element-31e1a50\" data-id=\"31e1a50\" data-element_type=\"column\" data-e-type=\"column\">\n\t\t\t<div class=\"elementor-widget-wrap elementor-element-populated\">\n\t\t\t\t\t\t<div class=\"elementor-element elementor-element-8ae0602 elementor-widget elementor-widget-heading\" data-id=\"8ae0602\" data-element_type=\"widget\" data-e-type=\"widget\" data-widget_type=\"heading.default\">\n\t\t\t\t<div class=\"elementor-widget-container\">\n\t\t\t\t\t<h2 class=\"elementor-heading-title elementor-size-default elementor-heading-title\">Zgjidhni pigmente t\u00eb klasit bot\u00ebror nga ne<\/h2>\t\t\t\t<\/div>\n\t\t\t\t<\/div>\n\t\t\t\t<div class=\"elementor-element elementor-element-bc9fd84 elementor-widget elementor-widget-text-editor\" data-id=\"bc9fd84\" data-element_type=\"widget\" data-e-type=\"widget\" data-widget_type=\"text-editor.default\">\n\t\t\t\t<div class=\"elementor-widget-container\">\n\t\t\t\t\t\t\t\t\t<p><strong>\u2014<\/strong>\u00a0\u00c7do klient i yn\u00eb pret rezultatin m\u00eb t\u00eb mir\u00eb dhe ne mund t\u00eb ofrojm\u00eb nj\u00eb pamje luksoze p\u00ebr nevojat tuaja t\u00eb pigmenteve. Ekipi i Honor Pigment ka nd\u00ebrtuar nj\u00eb reputacion t\u00eb fort\u00eb p\u00ebr ofrimin e sh\u00ebrbimeve m\u00eb t\u00eb mira bot\u00ebrore t\u00eb piktur\u00ebs, boj\u00ebrave tekstile, boj\u00ebrave p\u00ebr inkjet e k\u00ebshtu me radh\u00eb p\u00ebrgjithmon\u00eb. P\u00ebr m\u00eb tep\u00ebr, ne p\u00ebrdorim pigmente t\u00eb bazuara n\u00eb teknologji moderne dhe krijojm\u00eb nj\u00eb vend ikonik n\u00eb industri.\u00a0<\/p><p><strong>\u2014<\/strong>\u00a0Klient\u00ebt tan\u00eb jan\u00eb shum\u00eb t\u00eb k\u00ebnaqur kur shohin sh\u00ebrbime kaq cil\u00ebsore dhe unike nga ne. Prandaj, ekipi yn\u00eb p\u00ebrzgjedh pigmente t\u00eb klasit bot\u00ebror p\u00ebr t\u00eb arritur rezultatet m\u00eb t\u00eb mira. Duke ofruar pun\u00eb q\u00eb siguron k\u00ebnaq\u00ebsin\u00eb m\u00eb t\u00eb lart\u00eb, ne arrijm\u00eb vendin kryesor n\u00eb k\u00ebt\u00eb sh\u00ebrbim dhe ruajm\u00eb marr\u00ebdh\u00ebnie miq\u00ebsore me \u00e7do klient. Puna jon\u00eb me cil\u00ebsi t\u00eb lart\u00eb pranohet gjithmon\u00eb nga t\u00eb gjith\u00eb dhe ne fitojm\u00eb gjithnj\u00eb e m\u00eb shum\u00eb klient\u00eb dit\u00eb pas dite.<\/p>\t\t\t\t\t\t\t\t<\/div>\n\t\t\t\t<\/div>\n\t\t\t\t\t<\/div>\n\t\t<\/div>\n\t\t\t\t\t<\/div>\n\t\t<\/section>\n\t\t\t\t<section class=\"elementor-section elementor-top-section elementor-element elementor-element-86546c6 elementor-section-full_width elementor-section-height-default elementor-section-height-default\" data-id=\"86546c6\" data-element_type=\"section\" data-e-type=\"section\" data-settings=\"{&quot;background_background&quot;:&quot;classic&quot;}\">\n\t\t\t\t\t\t<div class=\"elementor-container elementor-column-gap-default\">\n\t\t\t\t\t<div class=\"elementor-column elementor-col-50 elementor-top-column elementor-element elementor-element-e2e4ea1\" data-id=\"e2e4ea1\" data-element_type=\"column\" data-e-type=\"column\">\n\t\t\t<div class=\"elementor-widget-wrap elementor-element-populated\">\n\t\t\t\t\t\t<div class=\"elementor-element elementor-element-d43dc54 elementor-widget elementor-widget-heading\" data-id=\"d43dc54\" data-element_type=\"widget\" data-e-type=\"widget\" data-widget_type=\"heading.default\">\n\t\t\t\t<div class=\"elementor-widget-container\">\n\t\t\t\t\t<h2 class=\"elementor-heading-title elementor-size-default elementor-heading-title\">Zgjidhni pigmente t\u00eb klasit bot\u00ebror nga ne<\/h2>\t\t\t\t<\/div>\n\t\t\t\t<\/div>\n\t\t\t\t<div class=\"elementor-element elementor-element-3aecd61 elementor-widget elementor-widget-text-editor\" data-id=\"3aecd61\" data-element_type=\"widget\" data-e-type=\"widget\" data-widget_type=\"text-editor.default\">\n\t\t\t\t<div class=\"elementor-widget-container\">\n\t\t\t\t\t\t\t\t\t<p><strong>\u2014<\/strong>\u00a0\u00c7do klient i yn\u00eb pret rezultatin m\u00eb t\u00eb mir\u00eb dhe ne mund t\u00eb ofrojm\u00eb nj\u00eb pamje luksoze p\u00ebr nevojat tuaja t\u00eb pigmenteve. Ekipi i Honor Pigment ka nd\u00ebrtuar nj\u00eb reputacion t\u00eb fort\u00eb p\u00ebr ofrimin e sh\u00ebrbimeve m\u00eb t\u00eb mira bot\u00ebrore t\u00eb piktur\u00ebs, boj\u00ebrave tekstile, boj\u00ebrave p\u00ebr inkjet e k\u00ebshtu me radh\u00eb p\u00ebrgjithmon\u00eb. P\u00ebr m\u00eb tep\u00ebr, ne p\u00ebrdorim pigmente t\u00eb bazuara n\u00eb teknologji moderne dhe krijojm\u00eb nj\u00eb vend ikonik n\u00eb industri.\u00a0<\/p><p><strong>\u2014<\/strong>\u00a0Klient\u00ebt tan\u00eb jan\u00eb shum\u00eb t\u00eb k\u00ebnaqur kur shohin sh\u00ebrbime kaq cil\u00ebsore dhe unike nga ne. Prandaj, ekipi yn\u00eb p\u00ebrzgjedh pigmente t\u00eb klasit bot\u00ebror p\u00ebr t\u00eb arritur rezultatet m\u00eb t\u00eb mira. Duke ofruar pun\u00eb q\u00eb siguron k\u00ebnaq\u00ebsin\u00eb m\u00eb t\u00eb lart\u00eb, ne arrijm\u00eb vendin kryesor n\u00eb k\u00ebt\u00eb sh\u00ebrbim dhe ruajm\u00eb marr\u00ebdh\u00ebnie miq\u00ebsore me \u00e7do klient. Puna jon\u00eb me cil\u00ebsi t\u00eb lart\u00eb pranohet gjithmon\u00eb nga t\u00eb gjith\u00eb dhe ne fitojm\u00eb gjithnj\u00eb e m\u00eb shum\u00eb klient\u00eb dit\u00eb pas dite.<\/p>\t\t\t\t\t\t\t\t<\/div>\n\t\t\t\t<\/div>\n\t\t\t\t\t<\/div>\n\t\t<\/div>\n\t\t\t\t<div class=\"elementor-column elementor-col-50 elementor-top-column elementor-element elementor-element-7c6892e\" data-id=\"7c6892e\" data-element_type=\"column\" data-e-type=\"column\">\n\t\t\t<div class=\"elementor-widget-wrap elementor-element-populated\">\n\t\t\t\t\t\t<div class=\"elementor-element elementor-element-922022d elementor-widget elementor-widget-image\" data-id=\"922022d\" data-element_type=\"widget\" data-e-type=\"widget\" data-widget_type=\"image.default\">\n\t\t\t\t<div class=\"elementor-widget-container\">\n\t\t\t\t\t\t\t\t\t\t\t\t\t\t\t<img decoding=\"async\" width=\"1197\" height=\"549\" src=\"https:\/\/www.honorpigment.com\/wp-content\/uploads\/2025\/08\/news.webp\" class=\"attachment-full size-full wp-image-2931\" alt=\"\" \/>\t\t\t\t\t\t\t\t\t\t\t\t\t\t\t<\/div>\n\t\t\t\t<\/div>\n\t\t\t\t\t<\/div>\n\t\t<\/div>\n\t\t\t\t\t<\/div>\n\t\t<\/section>\n\t\t\t\t<section class=\"elementor-section elementor-top-section elementor-element elementor-element-6c7a4e2 elementor-section-boxed elementor-section-height-default elementor-section-height-default\" data-id=\"6c7a4e2\" data-element_type=\"section\" data-e-type=\"section\">\n\t\t\t\t\t\t<div class=\"elementor-container elementor-column-gap-default\">\n\t\t\t\t\t<div class=\"elementor-column elementor-col-100 elementor-top-column elementor-element elementor-element-07d2cbd\" data-id=\"07d2cbd\" data-element_type=\"column\" data-e-type=\"column\">\n\t\t\t<div class=\"elementor-widget-wrap elementor-element-populated\">\n\t\t\t\t\t\t<div class=\"elementor-element elementor-element-40e0585 elementor-widget elementor-widget-heading\" data-id=\"40e0585\" data-element_type=\"widget\" data-e-type=\"widget\" data-widget_type=\"heading.default\">\n\t\t\t\t<div class=\"elementor-widget-container\">\n\t\t\t\t\t<h1 class=\"elementor-heading-title elementor-size-default elementor-heading-title elementor-align-after-center\">About Honor Pigments - Leading Pigment Supplier<\/h1>\t\t\t\t<\/div>\n\t\t\t\t<\/div>\n\t\t\t\t\t<\/div>\n\t\t<\/div>\n\t\t\t\t\t<\/div>\n\t\t<\/section>\n\t\t\t\t<\/div>","protected":false},"excerpt":{"rendered":"<p>ABOUT US SHANGHAI HONOR INDUSTRIAL CO.,LTD. Founded in 2009, Is high performance colorants \/pigments supplier, we supply to the market with high quality organic pigments\/relative chemicals for Paints\/Coatings, Plastics and Inks applications. Especially for inkjet inks (inkjet printers) and Color Toner of laser printers. With plenty of customer application, our QC team can choose our [&hellip;]<\/p>\n","protected":false},"author":1,"featured_media":0,"parent":0,"menu_order":0,"comment_status":"closed","ping_status":"closed","template":"elementor_header_footer","meta":{"footnotes":""},"class_list":["post-346","page","type-page","status-publish","hentry"],"_links":{"self":[{"href":"https:\/\/www.honorpigment.com\/sq\/wp-json\/wp\/v2\/pages\/346","targetHints":{"allow":["GET"]}}],"collection":[{"href":"https:\/\/www.honorpigment.com\/sq\/wp-json\/wp\/v2\/pages"}],"about":[{"href":"https:\/\/www.honorpigment.com\/sq\/wp-json\/wp\/v2\/types\/page"}],"author":[{"embeddable":true,"href":"https:\/\/www.honorpigment.com\/sq\/wp-json\/wp\/v2\/users\/1"}],"replies":[{"embeddable":true,"href":"https:\/\/www.honorpigment.com\/sq\/wp-json\/wp\/v2\/comments?post=346"}],"version-history":[{"count":5,"href":"https:\/\/www.honorpigment.com\/sq\/wp-json\/wp\/v2\/pages\/346\/revisions"}],"predecessor-version":[{"id":8962,"href":"https:\/\/www.honorpigment.com\/sq\/wp-json\/wp\/v2\/pages\/346\/revisions\/8962"}],"wp:attachment":[{"href":"https:\/\/www.honorpigment.com\/sq\/wp-json\/wp\/v2\/media?parent=346"}],"curies":[{"name":"wp","href":"https:\/\/api.w.org\/{rel}","templated":true}]}}