{"id":3740,"date":"2025-09-24T16:15:39","date_gmt":"2025-09-24T08:15:39","guid":{"rendered":"https:\/\/www.honorpigments.com\/?post_type=product&#038;p=3740"},"modified":"2026-04-13T23:57:03","modified_gmt":"2026-04-13T15:57:03","slug":"carbon-black-140p-pigment-black-7","status":"publish","type":"product","link":"https:\/\/www.honorpigment.com\/ro\/produs\/carbon-black-140p-pigment-black-7\/","title":{"rendered":"PIGMENT BLACK 7\/ Carbon Black 140P"},"content":{"rendered":"<h2>&gt;<strong>Product Description &#8211; PBk7<\/strong><\/h2>\n<p>&gt;<\/p>\n<p align=\"left\">Carbon Black 140P (PIGMENT BLACK 7), Copper chrome black, delivers exceptional blackness, high tinting strength, and strong hiding power . It features grade 8 light resistance, excellent weather resistance, and good dispersibility in various systems .<\/p>\n<h2>&gt;<strong>Aplica\u021bie recomandat\u0103<\/strong><\/h2>\n<p>&gt;<\/p>\n<p>Coatings: solvent based paints, water based paints, industrial coatings, powder coatings, wood coatings, coil coatings<br \/>\nPlastics: PE, PP, PBT, PVC, PET, EVA, ABS<\/p>\n<h2>&gt;<strong>Technical Data<\/strong><\/h2>\n<p>&gt;<\/p>\n<table style=\"height: 316px;width: 95%;border-color: #050505\" width=\"95%\">\n<tbody>\n<tr style=\"height: 28px\">\n<td style=\"width: 98.7823%;background-color: #ababab;height: 10px\" colspan=\"5\" width=\"125\"><span style=\"font-size: 14pt\"><strong>Informa\u021bii despre produs<\/strong><\/span><\/td>\n<\/tr>\n<tr style=\"height: 24px\">\n<td style=\"width: 24.277%;height: 10px\" width=\"125\"><span style=\"font-size: 12pt\">Tip chimic<\/span><\/td>\n<td style=\"width: 25.114%;height: 10px;text-align: center\" colspan=\"2\" width=\"125\"><\/td>\n<td style=\"width: 25.1904%;height: 10px\" width=\"125\"><span style=\"font-size: 12pt\">CAS NO.<\/span><\/td>\n<td class=\"et3\" style=\"height: 10px;width: 24.2009%;text-align: center\" width=\"148\" height=\"26\">1333-86-4<\/td>\n<\/tr>\n<tr style=\"height: 48px\">\n<td style=\"width: 24.277%;height: 10px\" width=\"125\"><span style=\"font-size: 12pt\">C. I. Nume<\/span><\/td>\n<td style=\"width: 25.114%;height: 10px;text-align: center\" colspan=\"2\" width=\"125\">Pigment Black 7<\/td>\n<td style=\"width: 25.1904%;height: 10px\" width=\"125\"><span style=\"font-size: 12pt\">EINECS \/ ELINCS NR.<\/span><\/td>\n<td class=\"et3\" style=\"height: 10px;width: 24.2009%;text-align: center\" width=\"148\" height=\"26\">215-609-9<\/td>\n<\/tr>\n<tr style=\"height: 48px\">\n<td style=\"width: 24.277%;height: 10px\" width=\"125\"><span style=\"font-size: 12pt\">C. I. Constitu\u021bia nr.<\/span><\/td>\n<td class=\"et4\" style=\"height: 10px;width: 25.114%;text-align: center\" colspan=\"2\" width=\"172\" height=\"21\"><\/td>\n<td style=\"width: 25.1904%;height: 10px\" width=\"125\"><span style=\"font-size: 12pt\">Formula chimic\u0103<\/span><\/td>\n<td class=\"et3\" style=\"height: 10px;width: 24.2009%;text-align: center\" width=\"148\" height=\"26\"><\/td>\n<\/tr>\n<tr style=\"height: 24px\">\n<td style=\"width: 98.7823%;height: 10px\" colspan=\"5\" width=\"125\"><\/td>\n<\/tr>\n<tr style=\"height: 24px\">\n<td style=\"width: 98.7823%;background-color: #ababab;height: 10px\" colspan=\"5\" width=\"125\"><span style=\"font-size: 14pt\"><strong>Propriet\u0103\u021bi fizice<\/strong><\/span><\/td>\n<\/tr>\n<tr style=\"height: 26px\">\n<td style=\"width: 24.277%;height: 26px\" width=\"192\">Physical Form :<\/td>\n<td style=\"width: 25.114%;height: 26px;text-align: center\" colspan=\"2\" width=\"172\">Pulbere<\/td>\n<td class=\"et3\" style=\"height: 26px;width: 25.1904%\" width=\"166\" height=\"26\">Tinctorial Strength (%)<\/td>\n<td class=\"et4\" style=\"width: 24.2009%;text-align: center;height: 26px\" width=\"148\">135<\/td>\n<\/tr>\n<tr style=\"height: 26px\">\n<td style=\"width: 24.277%;height: 26px\" width=\"193\">Particle Size (nm)<\/td>\n<td style=\"width: 25.114%;text-align: center;height: 26px\" colspan=\"2\" width=\"138\">22<\/td>\n<td class=\"et3\" style=\"height: 26px;width: 25.1904%\" width=\"166\" height=\"26\">Fluidity (\u33a1\/kg)<\/td>\n<td class=\"et4\" style=\"width: 24.2009%;text-align: center;height: 26px\">30<\/td>\n<\/tr>\n<tr style=\"height: 26px\">\n<td style=\"width: 24.277%;height: 26px\" width=\"193\">Specific Surface Area (BET, \u33a1\/g)<\/td>\n<td style=\"width: 25.114%;text-align: center;height: 26px\" colspan=\"2\" width=\"138\">220<\/td>\n<td class=\"et3\" style=\"height: 26px;width: 25.1904%\" width=\"166\" height=\"26\">PH Value<\/td>\n<td class=\"et5\" style=\"width: 24.2009%;text-align: center;height: 26px\">2.5<\/td>\n<\/tr>\n<tr style=\"height: 26px\">\n<td style=\"width: 24.277%;height: 26px\" width=\"193\">DBP Absorption Number (cm\u00b3\/g)<\/td>\n<td style=\"width: 25.114%;text-align: center;height: 26px\" colspan=\"2\" width=\"138\">90<\/td>\n<td class=\"et3\" style=\"height: 26px;width: 25.1904%\" width=\"166\" height=\"26\">45\u03bcm Residue Of Sieve (mg\/kg)<\/td>\n<td class=\"et5\" style=\"width: 24.2009%;text-align: center;height: 26px\">19<\/td>\n<\/tr>\n<tr style=\"height: 24px\">\n<td style=\"width: 24.277%;height: 24px\" width=\"193\">Heating Reduction (%)<\/td>\n<td style=\"width: 25.114%;text-align: center;height: 24px\" colspan=\"2\" width=\"138\">1.5<\/td>\n<td style=\"width: 25.1904%;height: 24px\" width=\"230\">Blackness (Reflectivity)<\/td>\n<td style=\"width: 24.2009%;text-align: center;height: 24px\" width=\"219\">35<\/td>\n<\/tr>\n<tr style=\"height: 24px\">\n<td style=\"width: 24.277%;height: 24px\" width=\"185\">Volatile Matter (Vdaf, %)<\/td>\n<td style=\"width: 25.114%;text-align: center;height: 24px\" colspan=\"2\" width=\"148\">7.5<\/td>\n<td style=\"width: 25.1904%;height: 24px\" width=\"184\"><\/td>\n<td style=\"width: 24.2009%;height: 24px\" width=\"148\"><\/td>\n<\/tr>\n<tr style=\"height: 24px\">\n<td style=\"width: 24.277%;height: 24px\"><\/td>\n<td style=\"width: 25.114%;text-align: center;height: 24px\" colspan=\"2\" width=\"148\"><\/td>\n<td class=\"et2\" style=\"height: 24px;width: 25.1904%\" height=\"26\"><\/td>\n<td class=\"et4\" style=\"width: 24.2009%;text-align: center;height: 24px\"><\/td>\n<\/tr>\n<tr style=\"height: 48px\">\n<td style=\"width: 98.7823%;background-color: #ababab;height: 10px\" colspan=\"5\" width=\"125\"><span style=\"font-size: 14pt\"><strong>Ambalaje<\/strong><\/span><\/td>\n<\/tr>\n<tr style=\"height: 48px\">\n<td style=\"width: 98.7823%;height: 10px\" colspan=\"5\" width=\"125\">10kgs\/bag<\/td>\n<\/tr>\n<tr style=\"height: 24px\">\n<td style=\"width: 98.7823%;height: 10px\" colspan=\"5\" width=\"125\"><\/td>\n<\/tr>\n<tr style=\"height: 24px\">\n<td style=\"width: 49.391%;background-color: #ababab;height: 10px\" colspan=\"3\" width=\"125\"><span style=\"font-size: 14pt\"><strong>Depozitare<\/strong><\/span><\/td>\n<td style=\"width: 25.1904%;height: 10px\" width=\"125\"><span style=\"font-size: 14pt\"><strong>Perioada de valabilitate<\/strong><\/span><\/td>\n<td style=\"width: 24.2009%;height: 10px\" width=\"125\"><span style=\"font-size: 12pt\">5 ani<\/span><\/td>\n<\/tr>\n<tr style=\"height: 24px\">\n<td style=\"width: 98.7823%;height: 10px\" colspan=\"5\" width=\"375\"><span style=\"font-size: 12pt\">Trebuie depozitat \u00eentr-un loc r\u0103coros, uscat \u0219i aerisit.<\/span><\/td>\n<\/tr>\n<tr style=\"height: 24px\">\n<td style=\"width: 98.7823%;height: 10px\" colspan=\"5\" width=\"125\"><\/td>\n<\/tr>\n<tr style=\"height: 24px\">\n<td style=\"width: 98.7823%;background-color: #ababab;height: 10px\" colspan=\"5\" width=\"125\"><span style=\"font-size: 14pt\"><strong>TRANSPORT<\/strong><\/span><\/td>\n<\/tr>\n<tr style=\"height: 48px\">\n<td style=\"width: 98.7823%;height: 10px\" colspan=\"5\" width=\"375\"><span style=\"font-size: 12pt\">Evita\u021bi inversarea, lumina soarelui, umiditatea \u0219i pr\u0103bu\u0219irea. Evita\u021bi deteriorarea ambalajului.<\/span><\/td>\n<\/tr>\n<\/tbody>\n<\/table>\n<ul>\n<li>Rezisten\u021ba la lumin\u0103: Rezisten\u021ba la lumin\u0103 este evaluat\u0103 pe o scar\u0103 de la 1 la 8 Blue Wool, unde 1 = \u2018slab\u2019 \u0219i 8 = \u2018excelent\u2019.<\/li>\n<li>Stabilitatea la c\u0103ldur\u0103: Valorile de stabilitate la c\u0103ldur\u0103 indicate indic\u0103 temperatura maxim\u0103 la care pigmentul poate fi stocat timp de 10 min. pe \u00eentreaga nuan\u021b\u0103 \u0219i \u00een reduceri, f\u0103r\u0103 a suferi nicio modificare semnificativ\u0103 a nuan\u021bei.<\/li>\n<li>Absorb\u021bia de ulei: Absorb\u021bia de ulei este determinat\u0103 pe baza standardului EN ISO 787-5 \u0219i este exprimat\u0103 \u00een g de ulei de in la 100 g de pigment.<\/li>\n<li>S\u00e2ngerarea \u00een solven\u021bi: S\u00e2ngerarea \u00een solven\u021bi este testat\u0103 folosind tipurile de pudr\u0103, iar evaluarea vizual\u0103 se face pe o scal\u0103 gri de la 1 la 5<br \/>\nunde 1 = \u2018S\u00e2ngerare abundent\u0103\u2019 \u0219i 5 = \u2018F\u0103r\u0103 s\u00e2ngerare\u201d<\/li>\n<\/ul>\n<p>Disclaimer \u2013 The information given in this data sheet is based on the present state of our knowledge &amp; is intended as a general description of our products &amp; their possible applications. Due to the multitude of formulations, production &amp; application conditions, all the above mentioned data have to be adjusted to the circumstances of the processor. No liabilities, including those for patent rights, can be derived from this fact for individual cases. It cannot be ruled out that this product contains particles &lt; 0.1 \u03bcm. Any user of this product is responsible for determining the suitability of Honor Pigments\u2019s products for its particular application &amp; to ensure that any proprietary rights &amp; existing laws &amp; legislation are observed.<\/p>\n<div class=\"honor-product-overview\" style=\"margin-top:40px;border-top:2px solid #f6c405;padding-top:30px\">\n<h3>Why Choose Honor Pigments?<\/h3>\n<ul>\n<li>\ud83c\udf0d <strong>Global Export Expertise<\/strong> \u2014 Trusted by customers in 40+ countries for consistent quality and reliable supply<\/li>\n<li>\u2705 <strong>Strict Quality Control<\/strong> \u2014 ISO 9001 certified with batch-to-batch consistency and zero-defect policy<\/li>\n<li>\ud83d\udcb0 <strong>OEM Production Advantage<\/strong> \u2014 Competitive pricing without compromising pigment performance<\/li>\n<li>\ud83e\uddea <strong>Technical Support<\/strong> \u2014 Free color matching, formulation advice and sample testing before bulk order<\/li>\n<\/ul>\n<div style=\"background:#f8f9fa;padding:20px;border-left:4px solid #f6c405;margin:20px 0\">\n<p><strong>\ud83d\udce9 Need more details?<\/strong><\/p>\n<p>Request TDS, SDS, or a free sample for testing.<\/p>\n<\/div>\n<\/div>","protected":false},"excerpt":{"rendered":"<p>C.I.NO.: PB28<\/p>\n<p>Advantage: Excellent chemical resistance, outdoor durability, light resistance, thermal stability, non bleeding and non migration characteristics.<\/p>\n<p>Main Application Recommended: Plastics, Coatings<\/p>","protected":false},"featured_media":3743,"template":"","meta":[],"product_brand":[],"product_cat":[65,57],"product_tag":[],"class_list":{"0":"post-3740","1":"product","2":"type-product","3":"status-publish","4":"has-post-thumbnail","6":"product_cat-chrome-pigments","7":"product_cat-inorganic-pigments","8":"stm_brands-honor-pigments","10":"first","11":"instock","12":"shipping-taxable","13":"product-type-simple"},"_links":{"self":[{"href":"https:\/\/www.honorpigment.com\/ro\/wp-json\/wp\/v2\/product\/3740","targetHints":{"allow":["GET"]}}],"collection":[{"href":"https:\/\/www.honorpigment.com\/ro\/wp-json\/wp\/v2\/product"}],"about":[{"href":"https:\/\/www.honorpigment.com\/ro\/wp-json\/wp\/v2\/types\/product"}],"version-history":[{"count":3,"href":"https:\/\/www.honorpigment.com\/ro\/wp-json\/wp\/v2\/product\/3740\/revisions"}],"predecessor-version":[{"id":8910,"href":"https:\/\/www.honorpigment.com\/ro\/wp-json\/wp\/v2\/product\/3740\/revisions\/8910"}],"wp:featuredmedia":[{"embeddable":true,"href":"https:\/\/www.honorpigment.com\/ro\/wp-json\/wp\/v2\/media\/3743"}],"wp:attachment":[{"href":"https:\/\/www.honorpigment.com\/ro\/wp-json\/wp\/v2\/media?parent=3740"}],"wp:term":[{"taxonomy":"product_brand","embeddable":true,"href":"https:\/\/www.honorpigment.com\/ro\/wp-json\/wp\/v2\/product_brand?post=3740"},{"taxonomy":"product_cat","embeddable":true,"href":"https:\/\/www.honorpigment.com\/ro\/wp-json\/wp\/v2\/product_cat?post=3740"},{"taxonomy":"product_tag","embeddable":true,"href":"https:\/\/www.honorpigment.com\/ro\/wp-json\/wp\/v2\/product_tag?post=3740"}],"curies":[{"name":"wp","href":"https:\/\/api.w.org\/{rel}","templated":true}]}}