{"id":3606,"date":"2025-09-17T15:36:45","date_gmt":"2025-09-17T07:36:45","guid":{"rendered":"https:\/\/www.honorpigments.com\/?post_type=product&#038;p=3606"},"modified":"2026-03-23T20:39:06","modified_gmt":"2026-03-23T12:39:06","slug":"hp-blue-4452j-pigment-blue-153-2","status":"publish","type":"product","link":"https:\/\/www.honorpigment.com\/ro\/produs\/hp-blue-4452j-pigment-blue-153-2\/","title":{"rendered":"PIGMENT ALBASTRU 15:3\/ ALBASTRU HP 4452J"},"content":{"rendered":"<h3><strong>Products description -PB15:3<\/strong><\/h3>\n<p>HP BLUE 4452J (PIGMENT BLUE 15:3) is a phthalo pigments with greenish shade. It has outstanding properties for light fastness, weather fastness and acid alkali fastness. it is mainly designed for inkjet inks application, and also suitable for other high grade printing inks.<\/p>\n<h3><strong>Aplica\u021bie recomandat\u0103<\/strong><strong>\uff1a<\/strong><\/h3>\n<p>Coatings: solvent based coatings, water based coatings, industrial coatings, powder coatings, wood coatings<br \/>\nPrinting inks: offset inks, solvent based inks, water based inks, inkjet inks, toners<\/p>\n<h3><strong>Date tehnice:<\/strong><\/h3>\n<table style=\"height: 260px; width: 95%; border-color: #050505;\" width=\"95%\">\n<tbody>\n<tr style=\"height: 28px;\">\n<td style=\"width: 98.554%; background-color: #ababab; height: 10px;\" colspan=\"5\" width=\"125\"><span style=\"font-size: 14pt;\"><strong>Informa\u021bii despre produs<\/strong><\/span><\/td>\n<\/tr>\n<tr style=\"height: 24px;\">\n<td style=\"width: 24.277%; height: 10px;\" width=\"125\"><span style=\"font-size: 12pt;\">Tip chimic<\/span><\/td>\n<td style=\"width: 25.114%; height: 10px; text-align: center;\" colspan=\"2\" width=\"125\">Ftalocianin\u0103<\/td>\n<td style=\"width: 25.1904%; height: 10px;\" width=\"125\"><span style=\"font-size: 12pt;\">CAS NO.<\/span><\/td>\n<td style=\"width: 23.9726%; text-align: center;\" width=\"148\">147-14-8<\/td>\n<\/tr>\n<tr style=\"height: 48px;\">\n<td style=\"width: 24.277%; height: 10px;\" width=\"125\"><span style=\"font-size: 12pt;\">C. I. Nume<\/span><\/td>\n<td style=\"width: 25.114%; height: 10px; text-align: center;\" colspan=\"2\" width=\"125\">Pigment Blue 15:3<\/td>\n<td style=\"width: 25.1904%; height: 10px;\" width=\"125\"><span style=\"font-size: 12pt;\">EINECS \/ ELINCS NR.<\/span><\/td>\n<td style=\"width: 23.9726%; text-align: center;\" width=\"148\">205-685-1<\/td>\n<\/tr>\n<tr style=\"height: 48px;\">\n<td style=\"width: 24.277%; height: 10px;\" width=\"125\"><span style=\"font-size: 12pt;\">C. I. Constitu\u021bia nr.<\/span><\/td>\n<td style=\"width: 25.114%; height: 10px; text-align: center;\" colspan=\"2\" width=\"125\">74160<\/td>\n<td style=\"width: 25.1904%; height: 10px;\" width=\"125\"><span style=\"font-size: 12pt;\">Formula chimic\u0103<\/span><\/td>\n<td style=\"width: 23.9726%; text-align: center;\" width=\"148\">C32H16CuN8<\/td>\n<\/tr>\n<tr style=\"height: 24px;\">\n<td style=\"width: 98.554%; height: 10px;\" colspan=\"5\" width=\"125\"><\/td>\n<\/tr>\n<tr style=\"height: 28px;\">\n<td style=\"width: 98.554%; background-color: #ababab; height: 10px;\" colspan=\"5\" width=\"125\"><span style=\"font-size: 14pt;\"><strong>Performan\u021b\u0103 tehnic\u0103<\/strong><\/span><\/td>\n<\/tr>\n<tr style=\"height: 24px;\">\n<td style=\"width: 24.277%; height: 10px;\" width=\"125\"><\/td>\n<td style=\"width: 12.4048%; height: 10px; text-align: center;\" width=\"125\"><span style=\"font-size: 12pt;\">Umbr\u0103 complet\u0103<\/span><\/td>\n<td style=\"width: 12.7092%; height: 10px; text-align: center;\" width=\"125\"><span style=\"font-size: 12pt;\">Tent\u0103<\/span><\/td>\n<td style=\"width: 25.1904%; height: 10px;\" width=\"125\"><\/td>\n<td style=\"width: 23.9726%; height: 10px;\" width=\"125\"><\/td>\n<\/tr>\n<tr style=\"height: 48px;\">\n<td style=\"width: 24.277%; height: 10px;\" width=\"125\"><span style=\"font-size: 12pt;\">Rezisten\u021b\u0103 la intemperii<\/span><\/td>\n<td class=\"et3\" style=\"height: 19.95pt; width: 12.4048%; text-align: center;\" width=\"116\" height=\"26\"><span class=\"font1\">4-5<\/span><\/td>\n<td class=\"et4\" style=\"width: 12.7092%; text-align: center;\" width=\"110\">4<\/td>\n<td style=\"width: 25.1904%; height: 10px;\" width=\"125\"><span style=\"font-size: 12pt;\">Stabilitate la c\u0103ldur\u0103 \u00b0C<\/span><\/td>\n<td style=\"width: 23.9726%; height: 10px; text-align: center;\" width=\"125\"><span style=\"font-size: 12pt;\">280\u00b0C<\/span><\/td>\n<\/tr>\n<tr style=\"height: 24px;\">\n<td style=\"width: 24.277%; height: 10px;\" width=\"125\"><span style=\"font-size: 12pt;\">Rezisten\u021ba la lumin\u0103<\/span><\/td>\n<td class=\"et4\" style=\"height: 19.95pt; width: 12.4048%; text-align: center;\" height=\"26\">8<\/td>\n<td class=\"et4\" style=\"width: 12.7092%; text-align: center;\">7<\/td>\n<td style=\"width: 25.1904%; height: 10px;\" width=\"125\"><\/td>\n<td style=\"width: 23.9726%; height: 10px;\" width=\"125\"><\/td>\n<\/tr>\n<tr style=\"height: 24px;\">\n<td style=\"width: 98.554%; height: 10px;\" colspan=\"5\" width=\"125\"><\/td>\n<\/tr>\n<tr style=\"height: 24px;\">\n<td style=\"width: 98.554%; background-color: #ababab; height: 10px;\" colspan=\"5\" width=\"125\"><span style=\"font-size: 14pt;\"><strong>Propriet\u0103\u021bi fizice<\/strong><\/span><\/td>\n<\/tr>\n<tr style=\"height: 48px;\">\n<td style=\"width: 24.277%; height: 10px;\" width=\"125\"><span style=\"font-size: 12pt;\">Forma fizic\u0103<\/span><\/td>\n<td style=\"width: 25.114%; height: 10px; text-align: center;\" colspan=\"2\" width=\"125\"><span style=\"font-size: 12pt;\">Pulbere<\/span><\/td>\n<td class=\"et3\" style=\"height: 19.95pt; width: 25.1904%;\" width=\"166\" height=\"26\"><span class=\"font1\">Bleeding in Xylene<\/span><\/td>\n<td class=\"et4\" style=\"width: 23.9726%; text-align: center;\" width=\"148\">5<\/td>\n<\/tr>\n<tr style=\"height: 48px;\">\n<td style=\"width: 24.277%; height: 10px;\" width=\"125\"><span style=\"font-size: 12pt;\">Densitate specific\u0103 (g\/cm3):<\/span><\/td>\n<td style=\"width: 25.114%; height: 10px; text-align: center;\" colspan=\"2\" width=\"125\">1.60 \u00b1 0.1<\/td>\n<td class=\"et3\" style=\"height: 19.95pt; width: 25.1904%;\" width=\"166\" height=\"26\"><span class=\"font1\">Bleeding in Methyl Ethyl Ketone<\/span><\/td>\n<td class=\"et4\" style=\"width: 23.9726%; text-align: center;\">5<\/td>\n<\/tr>\n<tr style=\"height: 48px;\">\n<td style=\"width: 24.277%; height: 10px;\" width=\"125\"><span style=\"font-size: 12pt;\">Suprafa\u021ba specific\u0103 (\u33a1\/g):<\/span><\/td>\n<td style=\"width: 25.114%; height: 10px; text-align: center;\" colspan=\"2\" width=\"125\">33 ~63<\/td>\n<td class=\"et3\" style=\"height: 19.95pt; width: 25.1904%;\" width=\"166\" height=\"26\"><span class=\"font1\">Bleeding in Ethyl Acetate<\/span><\/td>\n<td class=\"et4\" style=\"width: 23.9726%; text-align: center;\">5<\/td>\n<\/tr>\n<tr style=\"height: 24px;\">\n<td style=\"width: 24.277%; height: 10px;\" width=\"125\"><span style=\"font-size: 12pt;\">Absorb\u021bia uleiului<\/span><\/td>\n<td style=\"width: 25.114%; height: 10px; text-align: center;\" colspan=\"2\" width=\"125\">40-60<\/td>\n<td class=\"et3\" style=\"height: 19.95pt; width: 25.1904%;\" width=\"166\" height=\"26\"><span class=\"font1\">Bleeding in Cellosolve<\/span><\/td>\n<td class=\"et4\" style=\"width: 23.9726%; text-align: center;\">5<\/td>\n<\/tr>\n<tr style=\"height: 24px;\">\n<td style=\"width: 24.277%; height: 10px;\" width=\"125\"><span style=\"font-size: 12pt;\">Valoarea pH-ului<\/span><\/td>\n<td style=\"width: 25.114%; height: 10px; text-align: center;\" colspan=\"2\" width=\"125\">5.5-8.5<\/td>\n<td class=\"et3\" style=\"height: 19.95pt; width: 25.1904%;\" width=\"166\" height=\"26\"><span class=\"font1\">Bleeding in Mineral Turpentine<\/span><\/td>\n<td class=\"et4\" style=\"width: 23.9726%; text-align: center;\">5<\/td>\n<\/tr>\n<tr style=\"height: 24px;\">\n<td style=\"width: 24.277%; height: 10px;\" width=\"125\"><span style=\"font-size: 12pt;\">Materie volatil\u0103<\/span><\/td>\n<td style=\"width: 25.114%; height: 10px; text-align: center;\" colspan=\"2\" width=\"125\"><span style=\"font-size: 12pt;\">1% max<\/span><\/td>\n<td class=\"et3\" style=\"height: 19.95pt; width: 25.1904%;\" width=\"166\" height=\"26\"><span class=\"font1\">Rezisten\u021b\u0103 la acid<\/span><\/td>\n<td class=\"et4\" style=\"width: 23.9726%; text-align: center;\">5<\/td>\n<\/tr>\n<tr style=\"height: 24px;\">\n<td style=\"width: 24.277%; height: 10px;\" width=\"125\"><\/td>\n<td style=\"width: 25.114%; height: 10px;\" colspan=\"2\"><\/td>\n<td class=\"et3\" style=\"height: 19.95pt; width: 25.1904%;\" width=\"166\" height=\"26\"><span class=\"font1\">Rezisten\u021b\u0103 la alcali<\/span><\/td>\n<td class=\"et4\" style=\"width: 23.9726%; text-align: center;\">5<\/td>\n<\/tr>\n<tr style=\"height: 48px;\">\n<td style=\"width: 98.554%; background-color: #ababab; height: 10px;\" colspan=\"5\" width=\"125\"><span style=\"font-size: 14pt;\"><strong>Ambalaje<\/strong><\/span><\/td>\n<\/tr>\n<tr style=\"height: 48px;\">\n<td style=\"width: 98.554%; height: 10px;\" colspan=\"5\" width=\"125\">25kgs\/bag 400kgs or 500kgs\/Pallet<\/td>\n<\/tr>\n<tr style=\"height: 24px;\">\n<td style=\"width: 98.554%; height: 10px;\" colspan=\"5\" width=\"125\"><\/td>\n<\/tr>\n<tr style=\"height: 24px;\">\n<td style=\"width: 49.391%; background-color: #ababab; height: 10px;\" colspan=\"3\" width=\"125\"><span style=\"font-size: 14pt;\"><strong>Depozitare<\/strong><\/span><\/td>\n<td style=\"width: 25.1904%; height: 10px;\" width=\"125\"><span style=\"font-size: 14pt;\"><strong>Perioada de valabilitate<\/strong><\/span><\/td>\n<td style=\"width: 23.9726%; height: 10px;\" width=\"125\"><span style=\"font-size: 12pt;\">5 ani<\/span><\/td>\n<\/tr>\n<tr style=\"height: 24px;\">\n<td style=\"width: 98.554%; height: 10px;\" colspan=\"5\" width=\"375\"><span style=\"font-size: 12pt;\">Trebuie depozitat \u00eentr-un loc r\u0103coros, uscat \u0219i aerisit.<\/span><\/td>\n<\/tr>\n<tr style=\"height: 24px;\">\n<td style=\"width: 98.554%; height: 10px;\" colspan=\"5\" width=\"125\"><\/td>\n<\/tr>\n<tr style=\"height: 24px;\">\n<td style=\"width: 98.554%; background-color: #ababab; height: 10px;\" colspan=\"5\" width=\"125\"><span style=\"font-size: 14pt;\"><strong>TRANSPORT<\/strong><\/span><\/td>\n<\/tr>\n<tr style=\"height: 48px;\">\n<td style=\"width: 98.554%; height: 10px;\" colspan=\"5\" width=\"375\"><span style=\"font-size: 12pt;\">Evita\u021bi inversarea, lumina soarelui, umiditatea \u0219i pr\u0103bu\u0219irea. Evita\u021bi deteriorarea ambalajului.<\/span><\/td>\n<\/tr>\n<\/tbody>\n<\/table>\n<ul>\n<li><strong>Rezisten\u021ba la lumin\u0103:<\/strong> Rezisten\u021ba la lumin\u0103 este evaluat\u0103 pe o scar\u0103 de la 1 la 8 Blue Wool, unde 1 = \u2018slab\u2019 \u0219i 8 = \u2018excelent\u2019.<\/li>\n<li><strong>Stabilitatea la c\u0103ldur\u0103:<\/strong> Valorile de stabilitate la c\u0103ldur\u0103 indicate indic\u0103 temperatura maxim\u0103 la care pigmentul poate fi stocat timp de 10 minute pe umbra complet\u0103 \u0219i \u00een reduceri, f\u0103r\u0103 a suferi nicio modificare semnificativ\u0103 a nuan\u021bei.<\/li>\n<li><strong>Absorb\u021bia uleiului:<\/strong> Absorb\u021bia de ulei este determinat\u0103 pe baza standardului EN ISO 787-5 \u0219i este exprimat\u0103 \u00een g de ulei de in la 100 g de pigment.<\/li>\n<li><strong>Solvent s\u00e2ngerare:<\/strong> S\u00e2ngerarea \u00een solven\u021bi este testat\u0103 cu ajutorul claselor de pulbere, iar evaluarea vizual\u0103 se face pe o scar\u0103 gri de la 1 la 5<br \/>\nunde 1 = \u2018S\u00e2ngerare abundent\u0103\u2019 \u0219i 5 = \u2018F\u0103r\u0103 s\u00e2ngerare\u201d<\/li>\n<\/ul>\n<p>Disclaimer - Informa\u021biile prezentate \u00een aceast\u0103 fi\u0219\u0103 tehnic\u0103 se bazeaz\u0103 pe stadiul actual al cuno\u0219tin\u021belor noastre \u0219i sunt destinate unei descrieri generale a produselor noastre \u0219i a posibilelor lor aplica\u021bii. Datorit\u0103 multitudinii de formul\u0103ri, condi\u021bii de produc\u021bie \u0219i de aplicare, toate datele men\u021bionate mai sus trebuie s\u0103 fie adaptate la circumstan\u021bele procesatorului. Din acest fapt nu poate fi dedus\u0103 nicio r\u0103spundere, inclusiv pentru drepturile de brevet, pentru cazuri individuale. Nu se poate exclude faptul c\u0103 acest produs con\u021bine particule &lt; 0,1 \u03bcm. Orice utilizator al acestui produs este responsabil pentru determinarea adecv\u0103rii produselor Sudarshan pentru aplica\u021bia sa particular\u0103 \u0219i pentru a se asigura c\u0103 sunt respectate drepturile de proprietate \u0219i legile \u0219i legisla\u021bia \u00een vigoare.<\/p>","protected":false},"excerpt":{"rendered":"<p>C.I.NO: PB15:3<\/p>\n<p>Avantaj: Culoare proasp\u0103t\u0103, rezisten\u021b\u0103 excelent\u0103. rezisten\u021b\u0103 ridicat\u0103 a culorii.<\/p>\n<p>Aplica\u021bie principal\u0103 recomandat\u0103: Cerneluri inkjet, Cerneluri pe baz\u0103 de solven\u021bi, Cerneluri pe baz\u0103 de ap\u0103<\/p>","protected":false},"featured_media":3428,"template":"","meta":[],"product_brand":[],"product_cat":[15,61,72,73,64,75,95,63,91,76,92,77,71],"product_tag":[],"class_list":{"0":"post-3606","1":"product","2":"type-product","3":"status-publish","4":"has-post-thumbnail","6":"product_cat-organic-pigments","7":"product_cat-pigments-for-coatings-paints","8":"product_cat-pigments-for-coil-coatings","9":"product_cat-pigments-for-industrial-coatings","10":"product_cat-pigments-for-inkjet-inksamptoners","11":"product_cat-pigments-for-offset-inks","12":"product_cat-pigments-for-powder-coatings","13":"product_cat-pigments-for-printing-inks","14":"product_cat-pigments-for-solvent-based-coatings","15":"product_cat-pigments-for-sovlent-based-inks","16":"product_cat-pigments-for-water-based-coatings","17":"product_cat-pigments-for-water-based-inks","18":"product_cat-pigments-for-wood-coatings","20":"first","21":"instock","22":"shipping-taxable","23":"product-type-simple"},"_links":{"self":[{"href":"https:\/\/www.honorpigment.com\/ro\/wp-json\/wp\/v2\/product\/3606","targetHints":{"allow":["GET"]}}],"collection":[{"href":"https:\/\/www.honorpigment.com\/ro\/wp-json\/wp\/v2\/product"}],"about":[{"href":"https:\/\/www.honorpigment.com\/ro\/wp-json\/wp\/v2\/types\/product"}],"version-history":[{"count":0,"href":"https:\/\/www.honorpigment.com\/ro\/wp-json\/wp\/v2\/product\/3606\/revisions"}],"wp:featuredmedia":[{"embeddable":true,"href":"https:\/\/www.honorpigment.com\/ro\/wp-json\/wp\/v2\/media\/3428"}],"wp:attachment":[{"href":"https:\/\/www.honorpigment.com\/ro\/wp-json\/wp\/v2\/media?parent=3606"}],"wp:term":[{"taxonomy":"product_brand","embeddable":true,"href":"https:\/\/www.honorpigment.com\/ro\/wp-json\/wp\/v2\/product_brand?post=3606"},{"taxonomy":"product_cat","embeddable":true,"href":"https:\/\/www.honorpigment.com\/ro\/wp-json\/wp\/v2\/product_cat?post=3606"},{"taxonomy":"product_tag","embeddable":true,"href":"https:\/\/www.honorpigment.com\/ro\/wp-json\/wp\/v2\/product_tag?post=3606"}],"curies":[{"name":"wp","href":"https:\/\/api.w.org\/{rel}","templated":true}]}}