{"id":3582,"date":"2025-09-15T15:19:27","date_gmt":"2025-09-15T07:19:27","guid":{"rendered":"https:\/\/www.honorpigments.com\/?post_type=product&#038;p=3582"},"modified":"2026-04-13T23:17:35","modified_gmt":"2026-04-13T15:17:35","slug":"hp-yellow-1659-pigment-yellow-74","status":"publish","type":"product","link":"https:\/\/www.honorpigment.com\/ro\/produs\/hp-yellow-1659-pigment-yellow-74\/","title":{"rendered":"GALBEN PIGMENT 74\/ GALBEN HP 1659"},"content":{"rendered":"<h3><strong>Products description &#8211; PY74<\/strong><\/h3>\n<p align=\"left\">HP YELLOW 1659 (PIGMENT YELLOW 74) is Greenish shade,it provide brilliant prints, which are brighter and more opaque than those of other monoazo yellow pigments. It is recommended used for printing inks, paints indusries.<\/p>\n<h3><strong>Aplica\u021bie recomandat\u0103<\/strong><\/h3>\n<p>Coatings: solvent based paints, water based paints, industrial coatings, powder coatings<br \/>\nCerneluri de imprimare: cerneluri offset, cerneluri pe baz\u0103 de solvent, cerneluri pe baz\u0103 de ap\u0103<\/p>\n<h3><strong>Technical Data<\/strong><\/h3>\n<table width=\"95%\">\n<tbody>\n<tr>\n<td colspan=\"5\" width=\"125\"><strong>Informa\u021bii despre produs<\/strong><\/td>\n<\/tr>\n<tr>\n<td width=\"125\">Tip chimic<\/td>\n<td colspan=\"2\" width=\"125\">MonoAzo<\/td>\n<td width=\"125\">CAS NO.<\/td>\n<td style=\"text-align: center\" width=\"148\">6358-31-2<\/td>\n<\/tr>\n<tr>\n<td width=\"125\">C. I. Nume<\/td>\n<td colspan=\"2\" width=\"125\">Pigment Yellow 74<\/td>\n<td width=\"125\">EINECS \/ ELINCS NR.<\/td>\n<td style=\"text-align: center\" width=\"148\">228-768-4<\/td>\n<\/tr>\n<tr>\n<td width=\"125\">C. I. Constitu\u021bia nr.<\/td>\n<td colspan=\"2\" width=\"125\">11741<\/td>\n<td width=\"125\">Formula chimic\u0103<\/td>\n<td style=\"text-align: center\" width=\"148\">C18H18N4O6<\/td>\n<\/tr>\n<tr>\n<td colspan=\"5\" width=\"125\"><\/td>\n<\/tr>\n<tr>\n<td colspan=\"5\" width=\"125\"><strong>Performan\u021b\u0103 tehnic\u0103<\/strong><\/td>\n<\/tr>\n<tr>\n<td width=\"125\"><\/td>\n<td width=\"125\">Umbr\u0103 complet\u0103<\/td>\n<td width=\"125\">Tent\u0103<\/td>\n<td width=\"125\"><\/td>\n<td width=\"125\"><\/td>\n<\/tr>\n<tr>\n<td width=\"125\">Rezisten\u021b\u0103 la intemperii<\/td>\n<td class=\"et3\" width=\"116\" height=\"26\"><span class=\"font1\">4-5<\/span><\/td>\n<td class=\"et4\" width=\"110\">4<\/td>\n<td width=\"125\">Stabilitate la c\u0103ldur\u0103 \u00b0C<\/td>\n<td width=\"125\">160\u00b0C<\/td>\n<\/tr>\n<tr>\n<td width=\"125\">Rezisten\u021ba la lumin\u0103<\/td>\n<td class=\"et4\" height=\"26\">7<\/td>\n<td class=\"et4\">7<\/td>\n<td width=\"125\"><\/td>\n<td width=\"125\"><\/td>\n<\/tr>\n<tr>\n<td colspan=\"5\" width=\"125\"><\/td>\n<\/tr>\n<tr>\n<td colspan=\"5\" width=\"125\"><strong>Propriet\u0103\u021bi fizice<\/strong><\/td>\n<\/tr>\n<tr>\n<td width=\"125\">Forma fizic\u0103<\/td>\n<td colspan=\"2\" width=\"125\">Pulbere<\/td>\n<td class=\"et3\" width=\"166\" height=\"26\"><span class=\"font1\">Bleeding in Xylene<\/span><\/td>\n<td class=\"et4\" width=\"148\">4<\/td>\n<\/tr>\n<tr>\n<td width=\"125\">Densitate specific\u0103 (g\/cm3):<\/td>\n<td colspan=\"2\" width=\"125\">1.40 \u00b1 0.1<\/td>\n<td class=\"et3\" width=\"166\" height=\"26\"><span class=\"font1\">Bleeding in Methyl Ethyl Ketone<\/span><\/td>\n<td class=\"et4\">4<\/td>\n<\/tr>\n<tr>\n<td width=\"125\">Suprafa\u021ba specific\u0103 (\u33a1\/g):<\/td>\n<td colspan=\"2\" width=\"125\">30-70<\/td>\n<td class=\"et3\" width=\"166\" height=\"26\"><span class=\"font1\">Bleeding in Ethyl Acetate<\/span><\/td>\n<td class=\"et4\">4~5<\/td>\n<\/tr>\n<tr>\n<td width=\"125\">Absorb\u021bia uleiului<\/td>\n<td colspan=\"2\" width=\"125\">30 \u00b1 10<\/td>\n<td class=\"et3\" width=\"166\" height=\"26\"><span class=\"font1\">Bleeding in Cellosolve<\/span><\/td>\n<td class=\"et4\">4~5<\/td>\n<\/tr>\n<tr>\n<td width=\"125\">Valoarea pH-ului<\/td>\n<td colspan=\"2\" width=\"125\">5.0 - 7.5<\/td>\n<td class=\"et3\" width=\"166\" height=\"26\"><span class=\"font1\">Bleeding in Mineral Turpentine<\/span><\/td>\n<td class=\"et4\">4~5<\/td>\n<\/tr>\n<tr>\n<td width=\"125\">Materie volatil\u0103<\/td>\n<td colspan=\"2\" width=\"125\">1% max<\/td>\n<td class=\"et3\" width=\"166\" height=\"26\"><span class=\"font1\">Rezisten\u021b\u0103 la acid<\/span><\/td>\n<td class=\"et4\">4~5<\/td>\n<\/tr>\n<tr>\n<td width=\"125\"><\/td>\n<td colspan=\"2\"><\/td>\n<td class=\"et3\" width=\"166\" height=\"26\"><span class=\"font1\">Rezisten\u021b\u0103 la alcali<\/span><\/td>\n<td class=\"et4\">4~5<\/td>\n<\/tr>\n<tr>\n<td colspan=\"5\" width=\"125\"><strong>Ambalaje<\/strong><\/td>\n<\/tr>\n<tr>\n<td colspan=\"5\" width=\"125\">25kgs\/sac 400kgs\/Palet<\/td>\n<\/tr>\n<tr>\n<td colspan=\"5\" width=\"125\"><\/td>\n<\/tr>\n<tr>\n<td colspan=\"3\" width=\"125\"><strong>Depozitare<\/strong><\/td>\n<td width=\"125\"><strong>Perioada de valabilitate<\/strong><\/td>\n<td width=\"125\">5 ani<\/td>\n<\/tr>\n<tr>\n<td colspan=\"5\" width=\"375\">Trebuie depozitat \u00eentr-un loc r\u0103coros, uscat \u0219i aerisit.<\/td>\n<\/tr>\n<tr>\n<td colspan=\"5\" width=\"125\"><\/td>\n<\/tr>\n<tr>\n<td colspan=\"5\" width=\"125\"><strong>TRANSPORT<\/strong><\/td>\n<\/tr>\n<tr>\n<td colspan=\"5\" width=\"375\">Evita\u021bi inversarea, lumina soarelui, umiditatea \u0219i pr\u0103bu\u0219irea. Evita\u021bi deteriorarea ambalajului.<\/td>\n<\/tr>\n<\/tbody>\n<\/table>\n<ul>\n<li>Rezisten\u021ba la lumin\u0103: Rezisten\u021ba la lumin\u0103 este evaluat\u0103 pe o scar\u0103 de la 1 la 8 Blue Wool, unde 1 = \u2018slab\u2019 \u0219i 8 = \u2018excelent\u2019.<\/li>\n<li>Stabilitatea la c\u0103ldur\u0103: Valorile de stabilitate la c\u0103ldur\u0103 indicate indic\u0103 temperatura maxim\u0103 la care pigmentul poate fi stocat timp de 10 min. pe \u00eentreaga nuan\u021b\u0103 \u0219i \u00een reduceri, f\u0103r\u0103 a suferi nicio modificare semnificativ\u0103 a nuan\u021bei.<\/li>\n<li>Absorb\u021bia de ulei: Absorb\u021bia de ulei este determinat\u0103 pe baza standardului EN ISO 787-5 \u0219i este exprimat\u0103 \u00een g de ulei de in la 100 g de pigment.<\/li>\n<li>S\u00e2ngerarea \u00een solven\u021bi: S\u00e2ngerarea \u00een solven\u021bi este testat\u0103 folosind tipurile de pudr\u0103, iar evaluarea vizual\u0103 se face pe o scal\u0103 gri de la 1 la 5<br \/>\nunde 1 = \u2018S\u00e2ngerare abundent\u0103\u2019 \u0219i 5 = \u2018F\u0103r\u0103 s\u00e2ngerare\u201d<\/li>\n<\/ul>\n<p>Disclaimer \u2013 The information given in this data sheet is based on the present state of our knowledge &amp; is intended as a general description of our products &amp; their possible applications. Due to the multitude of formulations, production &amp; application conditions, all the above mentioned data have to be adjusted to the circumstances of the processor. No liabilities, including those for patent rights, can be derived from this fact for individual cases. It cannot be ruled out that this product contains particles &lt; 0.1 \u03bcm. Any user of this product is responsible for determining the suitability of Honor Pigments\u2019s products for its particular application &amp; to ensure that any proprietary rights &amp; existing laws &amp; legislation are observed.<\/p>\n<div class=\"honor-product-overview\" style=\"margin-top:40px;border-top:2px solid #f6c405;padding-top:30px\">\n<h3>Why Choose Honor Pigments?<\/h3>\n<ul>\n<li>\ud83c\udf0d <strong>Global Export Expertise<\/strong> \u2014 Trusted by customers in 40+ countries for consistent quality and reliable supply<\/li>\n<li>\u2705 <strong>Strict Quality Control<\/strong> \u2014 ISO 9001 certified with batch-to-batch consistency and zero-defect policy<\/li>\n<li>\ud83d\udcb0 <strong>OEM Production Advantage<\/strong> \u2014 Competitive pricing without compromising pigment performance<\/li>\n<li>\ud83e\uddea <strong>Technical Support<\/strong> \u2014 Free color matching, formulation advice and sample testing before bulk order<\/li>\n<\/ul>\n<div style=\"background:#f8f9fa;padding:20px;border-left:4px solid #f6c405;margin:20px 0\">\n<p><strong>\ud83d\udce9 Need more details?<\/strong><\/p>\n<p>Request TDS, SDS, or a free sample for testing.<\/p>\n<\/div>\n<\/div>","protected":false},"excerpt":{"rendered":"<p>C.I.NO.: PY74<\/p>\n<p>Avantaj: rezisten\u021b\u0103 ridicat\u0103 a culorii<\/p>\n<p>Aplica\u021bie principal\u0103 recomandat\u0103: Acoperiri<\/p>","protected":false},"featured_media":3314,"template":"","meta":[],"product_brand":[],"product_cat":[15,61,73,75,95,63,91,76,92,77],"product_tag":[],"class_list":{"0":"post-3582","1":"product","2":"type-product","3":"status-publish","4":"has-post-thumbnail","6":"product_cat-organic-pigments","7":"product_cat-pigments-for-coatings-paints","8":"product_cat-pigments-for-industrial-coatings","9":"product_cat-pigments-for-offset-inks","10":"product_cat-pigments-for-powder-coatings","11":"product_cat-pigments-for-printing-inks","12":"product_cat-pigments-for-solvent-based-coatings","13":"product_cat-pigments-for-sovlent-based-inks","14":"product_cat-pigments-for-water-based-coatings","15":"product_cat-pigments-for-water-based-inks","16":"stm_brands-honor-pigments","18":"first","19":"instock","20":"shipping-taxable","21":"product-type-simple"},"_links":{"self":[{"href":"https:\/\/www.honorpigment.com\/ro\/wp-json\/wp\/v2\/product\/3582","targetHints":{"allow":["GET"]}}],"collection":[{"href":"https:\/\/www.honorpigment.com\/ro\/wp-json\/wp\/v2\/product"}],"about":[{"href":"https:\/\/www.honorpigment.com\/ro\/wp-json\/wp\/v2\/types\/product"}],"version-history":[{"count":2,"href":"https:\/\/www.honorpigment.com\/ro\/wp-json\/wp\/v2\/product\/3582\/revisions"}],"predecessor-version":[{"id":8749,"href":"https:\/\/www.honorpigment.com\/ro\/wp-json\/wp\/v2\/product\/3582\/revisions\/8749"}],"wp:featuredmedia":[{"embeddable":true,"href":"https:\/\/www.honorpigment.com\/ro\/wp-json\/wp\/v2\/media\/3314"}],"wp:attachment":[{"href":"https:\/\/www.honorpigment.com\/ro\/wp-json\/wp\/v2\/media?parent=3582"}],"wp:term":[{"taxonomy":"product_brand","embeddable":true,"href":"https:\/\/www.honorpigment.com\/ro\/wp-json\/wp\/v2\/product_brand?post=3582"},{"taxonomy":"product_cat","embeddable":true,"href":"https:\/\/www.honorpigment.com\/ro\/wp-json\/wp\/v2\/product_cat?post=3582"},{"taxonomy":"product_tag","embeddable":true,"href":"https:\/\/www.honorpigment.com\/ro\/wp-json\/wp\/v2\/product_tag?post=3582"}],"curies":[{"name":"wp","href":"https:\/\/api.w.org\/{rel}","templated":true}]}}