{"id":3350,"date":"2025-09-03T15:50:46","date_gmt":"2025-09-03T07:50:46","guid":{"rendered":"https:\/\/www.honorpigments.com\/?post_type=product&#038;p=3350"},"modified":"2026-04-13T23:19:58","modified_gmt":"2026-04-13T15:19:58","slug":"hp-yellow-25191-pigment-red-481","status":"publish","type":"product","link":"https:\/\/www.honorpigment.com\/ro\/produs\/hp-yellow-25191-pigment-red-481\/","title":{"rendered":"RO\u0218U PIGMENT 48:1 \/ RO\u0218U HP 25191"},"content":{"rendered":"<h3><strong>Products description:<\/strong><\/h3>\n<p align=\"left\">Pigment red 48:1,HP RED 25191 is the barium salt, is a coloristically versatile product.it affords light yellowish to medium red shades. it is recommended for use in all types of printing inks, although it has lack fastness to sterilization and lack resistance to solvent mixtrures.<\/p>\n<h3><strong>Aplica\u021bie recomandat\u0103<\/strong><strong>\uff1a<\/strong><\/h3>\n<p>Plastics: PE, PVC, PC, Rubber\/TPV<br \/>\nCerneluri de imprimare: cerneluri offset, cerneluri pe baz\u0103 de solvent, cerneluri pe baz\u0103 de ap\u0103<\/p>\n<h3><strong>Date tehnice:<\/strong><\/h3>\n<table style=\"height: 260px;width: 95%;border-color: #050505\" width=\"95%\">\n<tbody>\n<tr style=\"height: 28px\">\n<td style=\"width: 99.3832%;background-color: #ababab;height: 10px\" colspan=\"5\" width=\"125\"><span style=\"font-size: 14pt\"><strong>Informa\u021bii despre produs<\/strong><\/span><\/td>\n<\/tr>\n<tr style=\"height: 24px\">\n<td style=\"width: 24.277%;height: 10px\" width=\"125\"><span style=\"font-size: 12pt\">Tip chimic<\/span><\/td>\n<td style=\"width: 25.114%;height: 10px;text-align: center\" colspan=\"2\" width=\"125\">Azo<\/td>\n<td style=\"width: 25.1904%;height: 10px\" width=\"125\"><span style=\"font-size: 12pt\">CAS NO.<\/span><\/td>\n<td class=\"et3\" style=\"height: 19.95pt;width: 24.8018%;text-align: center\" width=\"148\" height=\"26\">7585-41-3<\/td>\n<\/tr>\n<tr style=\"height: 48px\">\n<td style=\"width: 24.277%;height: 10px\" width=\"125\"><span style=\"font-size: 12pt\">C. I. Nume<\/span><\/td>\n<td style=\"width: 25.114%;height: 10px;text-align: center\" colspan=\"2\" width=\"125\">Pigment Red 48:1<\/td>\n<td style=\"width: 25.1904%;height: 10px\" width=\"125\"><span style=\"font-size: 12pt\">EINECS \/ ELINCS NR.<\/span><\/td>\n<td class=\"et3\" style=\"height: 19.95pt;width: 24.8018%;text-align: center\" width=\"148\" height=\"26\">231-494-8<\/td>\n<\/tr>\n<tr style=\"height: 48px\">\n<td style=\"width: 24.277%;height: 10px\" width=\"125\"><span style=\"font-size: 12pt\">C. I. Constitu\u021bia nr.<\/span><\/td>\n<td style=\"width: 25.114%;height: 10px;text-align: center\" colspan=\"2\" width=\"125\">15865:1<\/td>\n<td style=\"width: 25.1904%;height: 10px\" width=\"125\"><span style=\"font-size: 12pt\">Formula chimic\u0103<\/span><\/td>\n<td class=\"et3\" style=\"height: 19.95pt;width: 24.8018%;text-align: center\" width=\"148\" height=\"26\">C18H11ClN2O6SBa<\/td>\n<\/tr>\n<tr style=\"height: 24px\">\n<td style=\"width: 99.3832%;height: 10px\" colspan=\"5\" width=\"125\"><\/td>\n<\/tr>\n<tr style=\"height: 28px\">\n<td style=\"width: 99.3832%;background-color: #ababab;height: 10px\" colspan=\"5\" width=\"125\"><span style=\"font-size: 14pt\"><strong>Performan\u021b\u0103 tehnic\u0103<\/strong><\/span><\/td>\n<\/tr>\n<tr style=\"height: 24px\">\n<td style=\"width: 24.277%;height: 10px\" width=\"125\"><\/td>\n<td style=\"width: 12.4048%;height: 10px;text-align: center\" width=\"125\"><span style=\"font-size: 12pt\">Umbr\u0103 complet\u0103<\/span><\/td>\n<td style=\"width: 12.7092%;height: 10px;text-align: center\" width=\"125\"><span style=\"font-size: 12pt\">Tent\u0103<\/span><\/td>\n<td style=\"width: 25.1904%;height: 10px\" width=\"125\"><\/td>\n<td style=\"width: 24.8018%;height: 10px\" width=\"125\"><\/td>\n<\/tr>\n<tr style=\"height: 48px\">\n<td style=\"width: 24.277%;height: 10px\" width=\"125\"><span style=\"font-size: 12pt\">Rezisten\u021b\u0103 la intemperii<\/span><\/td>\n<td class=\"et3\" style=\"height: 19.95pt;width: 12.4048%;text-align: center\" width=\"116\" height=\"26\"><span class=\"font1\">4-5<\/span><\/td>\n<td class=\"et4\" style=\"width: 12.7092%;text-align: center\" width=\"110\">3~4<\/td>\n<td style=\"width: 25.1904%;height: 10px\" width=\"125\"><span style=\"font-size: 12pt\">Stabilitate la c\u0103ldur\u0103 \u00b0C<\/span><\/td>\n<td style=\"width: 24.8018%;height: 10px;text-align: center\" width=\"125\"><span style=\"font-size: 12pt\">180\u00b0C<\/span><\/td>\n<\/tr>\n<tr style=\"height: 24px\">\n<td style=\"width: 24.277%;height: 10px\" width=\"125\"><span style=\"font-size: 12pt\">Rezisten\u021ba la lumin\u0103<\/span><\/td>\n<td class=\"et4\" style=\"height: 19.95pt;width: 12.4048%;text-align: center\" height=\"26\">6<\/td>\n<td class=\"et4\" style=\"width: 12.7092%;text-align: center\">5<\/td>\n<td style=\"width: 25.1904%;height: 10px\" width=\"125\"><\/td>\n<td style=\"width: 24.8018%;height: 10px\" width=\"125\"><\/td>\n<\/tr>\n<tr style=\"height: 24px\">\n<td style=\"width: 99.3832%;height: 10px\" colspan=\"5\" width=\"125\"><\/td>\n<\/tr>\n<tr style=\"height: 24px\">\n<td style=\"width: 99.3832%;background-color: #ababab;height: 10px\" colspan=\"5\" width=\"125\"><span style=\"font-size: 14pt\"><strong>Propriet\u0103\u021bi fizice<\/strong><\/span><\/td>\n<\/tr>\n<tr style=\"height: 48px\">\n<td style=\"width: 24.277%;height: 10px\" width=\"125\"><span style=\"font-size: 12pt\">Forma fizic\u0103<\/span><\/td>\n<td style=\"width: 25.114%;height: 10px;text-align: center\" colspan=\"2\" width=\"125\"><span style=\"font-size: 12pt\">Pulbere<\/span><\/td>\n<td style=\"width: 25.1904%\" width=\"166\">Rezisten\u021b\u0103 la acid<\/td>\n<td style=\"width: 24.8018%;text-align: center\" width=\"148\">3~4<\/td>\n<\/tr>\n<tr style=\"height: 48px\">\n<td style=\"width: 24.277%;height: 10px\" width=\"125\"><span style=\"font-size: 12pt\">Densitate specific\u0103 (g\/cm3):<\/span><\/td>\n<td style=\"width: 25.114%;height: 10px;text-align: center\" colspan=\"2\" width=\"125\">1.80 \u00b1 0.1<\/td>\n<td style=\"width: 25.1904%\" width=\"166\">Rezisten\u021b\u0103 la alcali<\/td>\n<td style=\"width: 24.8018%;text-align: center\">3~4<\/td>\n<\/tr>\n<tr style=\"height: 48px\">\n<td style=\"width: 24.277%;height: 10px\" width=\"125\"><span style=\"font-size: 12pt\">Suprafa\u021ba specific\u0103 (\u33a1\/g):<\/span><\/td>\n<td style=\"width: 25.114%;height: 10px;text-align: center\" colspan=\"2\" width=\"125\">51<\/td>\n<td style=\"width: 25.1904%\" width=\"166\">Resistance to Soap<\/td>\n<td style=\"width: 24.8018%;text-align: center\">3~4<\/td>\n<\/tr>\n<tr style=\"height: 24px\">\n<td style=\"width: 24.277%;height: 10px\" width=\"125\"><span style=\"font-size: 12pt\">Absorb\u021bia uleiului<\/span><\/td>\n<td style=\"width: 25.114%;height: 10px;text-align: center\" colspan=\"2\" width=\"125\">35<\/td>\n<td style=\"width: 25.1904%\" width=\"166\">Resistance to Easters<\/td>\n<td style=\"width: 24.8018%;text-align: center\">5<\/td>\n<\/tr>\n<tr style=\"height: 24px\">\n<td style=\"width: 24.277%;height: 10px\" width=\"125\"><span style=\"font-size: 12pt\">Valoarea pH-ului<\/span><\/td>\n<td style=\"width: 25.114%;height: 10px;text-align: center\" colspan=\"2\" width=\"125\">6.5 -8.5<\/td>\n<td style=\"width: 25.1904%\" width=\"166\">Resistance to Ketones<\/td>\n<td style=\"width: 24.8018%;text-align: center\">5<\/td>\n<\/tr>\n<tr style=\"height: 24px\">\n<td style=\"width: 24.277%;height: 10px\" width=\"125\"><span style=\"font-size: 12pt\">Materie volatil\u0103<\/span><\/td>\n<td style=\"width: 25.114%;height: 10px;text-align: center\" colspan=\"2\" width=\"125\"><span style=\"font-size: 12pt\">1% max<\/span><\/td>\n<td style=\"width: 25.1904%\">Resistance to Aliphatic<\/td>\n<td style=\"width: 24.8018%;text-align: center\">5<\/td>\n<\/tr>\n<tr style=\"height: 24px\">\n<td style=\"width: 24.277%;height: 10px\" width=\"125\"><\/td>\n<td style=\"width: 25.114%;height: 10px\" colspan=\"2\"><\/td>\n<td style=\"width: 25.1904%\">Resistance to Aromatic Hyrocarbons<\/td>\n<td style=\"width: 24.8018%;text-align: center\">5<\/td>\n<\/tr>\n<tr style=\"height: 48px\">\n<td style=\"width: 99.3832%;background-color: #ababab;height: 10px\" colspan=\"5\" width=\"125\"><span style=\"font-size: 14pt\"><strong>Ambalaje<\/strong><\/span><\/td>\n<\/tr>\n<tr style=\"height: 48px\">\n<td style=\"width: 99.3832%;height: 10px\" colspan=\"5\" width=\"125\">25kgs\/bag\u00a0 500kgs\/Pallet<\/td>\n<\/tr>\n<tr style=\"height: 24px\">\n<td style=\"width: 99.3832%;height: 10px\" colspan=\"5\" width=\"125\"><\/td>\n<\/tr>\n<tr style=\"height: 24px\">\n<td style=\"width: 49.391%;background-color: #ababab;height: 10px\" colspan=\"3\" width=\"125\"><span style=\"font-size: 14pt\"><strong>Depozitare<\/strong><\/span><\/td>\n<td style=\"width: 25.1904%;height: 10px\" width=\"125\"><span style=\"font-size: 14pt\"><strong>Perioada de valabilitate<\/strong><\/span><\/td>\n<td style=\"width: 24.8018%;height: 10px\" width=\"125\"><span style=\"font-size: 12pt\">5 ani<\/span><\/td>\n<\/tr>\n<tr style=\"height: 24px\">\n<td style=\"width: 99.3832%;height: 10px\" colspan=\"5\" width=\"375\"><span style=\"font-size: 12pt\">Trebuie depozitat \u00eentr-un loc r\u0103coros, uscat \u0219i aerisit.<\/span><\/td>\n<\/tr>\n<tr style=\"height: 24px\">\n<td style=\"width: 99.3832%;height: 10px\" colspan=\"5\" width=\"125\"><\/td>\n<\/tr>\n<tr style=\"height: 24px\">\n<td style=\"width: 99.3832%;background-color: #ababab;height: 10px\" colspan=\"5\" width=\"125\"><span style=\"font-size: 14pt\"><strong>TRANSPORT<\/strong><\/span><\/td>\n<\/tr>\n<tr style=\"height: 48px\">\n<td style=\"width: 99.3832%;height: 10px\" colspan=\"5\" width=\"375\"><span style=\"font-size: 12pt\">Evita\u021bi inversarea, lumina soarelui, umiditatea \u0219i pr\u0103bu\u0219irea. Evita\u021bi deteriorarea ambalajului.<\/span><\/td>\n<\/tr>\n<\/tbody>\n<\/table>\n<p>\uf0fc Light fastness: Light fastness rating is assessed on 1 to 8 Blue Wool scale where 1 = \u2018Poor\u2019 and 8 = \u2018Excellent\u2019.<br \/>\n\uf0fc Heat Stability : Heat stability values given indicate the maximum temperature at which the pigment can be stoved for 10 min. on the full shade and in reductions without undergoing any significant change in shade.<br \/>\n\uf0fc Oil absorption: The oil absorption is determined on the basis of EN ISO 787-5 and given in g linseed oil per 100 gm. pigment.<br \/>\n\uf0fc Solvent bleeding: The bleeding in solvents is tested using the powder grades and the visual rating given on 1 to 5 Grey scale<br \/>\nwhere 1 = \u2018Heavy bleeding\u2019 and 5 = \u2018No bleeding<\/p>\n<p>Shanghai Honor Industrial Co.,Ltd. Disclaimer \u2013 The information given in this data sheet is based on the present state of our knowledge &amp; is intended as a general description of our products &amp; their possible applications. Due to the multitude of formulations, production &amp; application conditions, all the above mentioned data have to be adjusted to the circumstances of the processor. No liabilities, including those for patent rights, can be derived from this fact for individual cases. It cannot be ruled out that this product contains particles &lt; 0.1 \u03bcm. Any user of this product is responsible for determining the suitability of Honor Pigments\u2019s products for its particular application &amp; to ensure that any proprietary rights &amp; existing laws &amp; legislation are observed. www.honorpigments.com<\/p>\n<p>&nbsp;<\/p>\n<div class=\"honor-product-overview\" style=\"margin-top:40px;border-top:2px solid #f6c405;padding-top:30px\">\n<h3>Why Choose Honor Pigments?<\/h3>\n<ul>\n<li>\ud83c\udf0d <strong>Global Export Expertise<\/strong> \u2014 Trusted by customers in 40+ countries for consistent quality and reliable supply<\/li>\n<li>\u2705 <strong>Strict Quality Control<\/strong> \u2014 ISO 9001 certified with batch-to-batch consistency and zero-defect policy<\/li>\n<li>\ud83d\udcb0 <strong>OEM Production Advantage<\/strong> \u2014 Competitive pricing without compromising pigment performance<\/li>\n<li>\ud83e\uddea <strong>Technical Support<\/strong> \u2014 Free color matching, formulation advice and sample testing before bulk order<\/li>\n<\/ul>\n<div style=\"background:#f8f9fa;padding:20px;border-left:4px solid #f6c405;margin:20px 0\">\n<p><strong>\ud83d\udce9 Need more details?<\/strong><\/p>\n<p>Request TDS, SDS, or a free sample for testing.<\/p>\n<\/div>\n<\/div>","protected":false},"excerpt":{"rendered":"<p>C.I.NO.: PR48:1<\/p>\n<p>Avantaj: V\u00e2scozitate sc\u0103zut\u0103, dispersabilitate bun\u0103<\/p>\n<p>Main Application Recommended: Solvent based ink, Water based ink<\/p>","protected":false},"featured_media":3351,"template":"","meta":[],"product_brand":[],"product_cat":[15,75,62,63,76,77],"product_tag":[],"class_list":{"0":"post-3350","1":"product","2":"type-product","3":"status-publish","4":"has-post-thumbnail","6":"product_cat-organic-pigments","7":"product_cat-pigments-for-offset-inks","8":"product_cat-pigments-for-plasticsampmasterbatch","9":"product_cat-pigments-for-printing-inks","10":"product_cat-pigments-for-sovlent-based-inks","11":"product_cat-pigments-for-water-based-inks","12":"stm_brands-honor-pigments","13":"stm_brands-hot-products","15":"first","16":"instock","17":"shipping-taxable","18":"product-type-simple"},"_links":{"self":[{"href":"https:\/\/www.honorpigment.com\/ro\/wp-json\/wp\/v2\/product\/3350","targetHints":{"allow":["GET"]}}],"collection":[{"href":"https:\/\/www.honorpigment.com\/ro\/wp-json\/wp\/v2\/product"}],"about":[{"href":"https:\/\/www.honorpigment.com\/ro\/wp-json\/wp\/v2\/types\/product"}],"version-history":[{"count":2,"href":"https:\/\/www.honorpigment.com\/ro\/wp-json\/wp\/v2\/product\/3350\/revisions"}],"predecessor-version":[{"id":8816,"href":"https:\/\/www.honorpigment.com\/ro\/wp-json\/wp\/v2\/product\/3350\/revisions\/8816"}],"wp:featuredmedia":[{"embeddable":true,"href":"https:\/\/www.honorpigment.com\/ro\/wp-json\/wp\/v2\/media\/3351"}],"wp:attachment":[{"href":"https:\/\/www.honorpigment.com\/ro\/wp-json\/wp\/v2\/media?parent=3350"}],"wp:term":[{"taxonomy":"product_brand","embeddable":true,"href":"https:\/\/www.honorpigment.com\/ro\/wp-json\/wp\/v2\/product_brand?post=3350"},{"taxonomy":"product_cat","embeddable":true,"href":"https:\/\/www.honorpigment.com\/ro\/wp-json\/wp\/v2\/product_cat?post=3350"},{"taxonomy":"product_tag","embeddable":true,"href":"https:\/\/www.honorpigment.com\/ro\/wp-json\/wp\/v2\/product_tag?post=3350"}],"curies":[{"name":"wp","href":"https:\/\/api.w.org\/{rel}","templated":true}]}}