{"id":3259,"date":"2025-08-29T14:10:07","date_gmt":"2025-08-29T06:10:07","guid":{"rendered":"https:\/\/www.honorpigments.com\/?post_type=product&#038;p=3259"},"modified":"2025-10-17T16:34:53","modified_gmt":"2025-10-17T08:34:53","slug":"hp-yellow-1653-pigment-yellow-3","status":"publish","type":"product","link":"https:\/\/www.honorpigment.com\/ro\/produs\/hp-yellow-1653-pigment-yellow-3\/","title":{"rendered":"PIGMENT YELLOW 3\/ HP YELLOW 1653"},"content":{"rendered":"<h3><strong>Product Description &#8211; PY3<\/strong><\/h3>\n<p align=\"left\">HP YELLOW 1653 (PIGMENT YELLOW 3) is a strong greenish monoazo pigments which has good light and weather fastness, and very good rheological properites. It is recommmended for paste inks and water based packaging inks.<\/p>\n<h3><strong>Aplica\u021bie recomandat\u0103<\/strong><strong>\uff1a<\/strong><\/h3>\n<p>Coatings: water based paints, industrial paints<br \/>\nPrinting inks: offset ink, water based ink<\/p>\n<h3><strong>Date tehnice:<\/strong><\/h3>\n<table style=\"height: 260px; width: 95%; border-color: #050505;\" width=\"95%\">\n<tbody>\n<tr style=\"height: 28px;\">\n<td style=\"width: 99.3911%; background-color: #ababab; height: 10px;\" colspan=\"5\" width=\"125\"><span style=\"font-size: 14pt;\"><strong>Informa\u021bii despre produs<\/strong><\/span><\/td>\n<\/tr>\n<tr style=\"height: 24px;\">\n<td style=\"width: 24.277%; height: 10px;\" width=\"125\"><span style=\"font-size: 12pt;\">Tip chimic<\/span><\/td>\n<td style=\"width: 25.114%; height: 10px; text-align: center;\" colspan=\"2\" width=\"125\">Hansa Yellow<\/td>\n<td style=\"width: 25.1904%; height: 10px;\" width=\"125\"><span style=\"font-size: 12pt;\">CAS NO.<\/span><\/td>\n<td style=\"width: 24.8097%; height: 10px; text-align: center;\" width=\"148\">6486-23-3<\/td>\n<\/tr>\n<tr style=\"height: 48px;\">\n<td style=\"width: 24.277%; height: 10px;\" width=\"125\"><span style=\"font-size: 12pt;\">C. I. Nume<\/span><\/td>\n<td style=\"width: 25.114%; height: 10px; text-align: center;\" colspan=\"2\" width=\"125\"><span style=\"font-size: 12pt;\">Pigment Yellow 3<\/span><\/td>\n<td style=\"width: 25.1904%; height: 10px;\" width=\"125\"><span style=\"font-size: 12pt;\">EINECS \/ ELINCS NR.<\/span><\/td>\n<td style=\"width: 24.8097%; height: 10px; text-align: center;\" width=\"148\">229-355-1<\/td>\n<\/tr>\n<tr style=\"height: 48px;\">\n<td style=\"width: 24.277%; height: 10px;\" width=\"125\"><span style=\"font-size: 12pt;\">C. I. Constitu\u021bia nr.<\/span><\/td>\n<td style=\"width: 25.114%; height: 10px; text-align: center;\" colspan=\"2\" width=\"125\">11710<\/td>\n<td style=\"width: 25.1904%; height: 10px;\" width=\"125\"><span style=\"font-size: 12pt;\">Formula chimic\u0103<\/span><\/td>\n<td style=\"width: 24.8097%; height: 10px; text-align: center;\" width=\"148\">C16H12Cl2N4O4<\/td>\n<\/tr>\n<tr style=\"height: 24px;\">\n<td style=\"width: 99.3911%; height: 10px;\" colspan=\"5\" width=\"125\"><\/td>\n<\/tr>\n<tr style=\"height: 28px;\">\n<td style=\"width: 99.3911%; background-color: #ababab; height: 10px;\" colspan=\"5\" width=\"125\"><span style=\"font-size: 14pt;\"><strong>Performan\u021b\u0103 tehnic\u0103<\/strong><\/span><\/td>\n<\/tr>\n<tr style=\"height: 24px;\">\n<td style=\"width: 24.277%; height: 10px;\" width=\"125\"><\/td>\n<td style=\"width: 12.4048%; height: 10px; text-align: center;\" width=\"125\"><span style=\"font-size: 12pt;\">Umbr\u0103 complet\u0103<\/span><\/td>\n<td style=\"width: 12.7092%; height: 10px; text-align: center;\" width=\"125\"><span style=\"font-size: 12pt;\">Tent\u0103<\/span><\/td>\n<td style=\"width: 25.1904%; height: 10px;\" width=\"125\"><\/td>\n<td style=\"width: 24.8097%; height: 10px;\" width=\"125\"><\/td>\n<\/tr>\n<tr style=\"height: 48px;\">\n<td style=\"width: 24.277%; height: 10px;\" width=\"125\"><span style=\"font-size: 12pt;\">Rezisten\u021b\u0103 la intemperii<\/span><\/td>\n<td class=\"et3\" style=\"height: 10px; width: 12.4048%; text-align: center;\" width=\"116\" height=\"26\">4<\/td>\n<td class=\"et4\" style=\"width: 12.7092%; text-align: center; height: 10px;\" width=\"110\">3~4<\/td>\n<td style=\"width: 25.1904%; height: 10px;\" width=\"125\"><span style=\"font-size: 12pt;\">Stabilitate la c\u0103ldur\u0103 \u00b0C<\/span><\/td>\n<td style=\"width: 24.8097%; height: 10px; text-align: center;\" width=\"125\"><span style=\"font-size: 12pt;\">180\u00b0C<\/span><\/td>\n<\/tr>\n<tr style=\"height: 24px;\">\n<td style=\"width: 24.277%; height: 10px;\" width=\"125\"><span style=\"font-size: 12pt;\">Rezisten\u021ba la lumin\u0103<\/span><\/td>\n<td class=\"et4\" style=\"height: 10px; width: 12.4048%; text-align: center;\" height=\"26\">8<\/td>\n<td class=\"et4\" style=\"width: 12.7092%; text-align: center; height: 10px;\">7~8<\/td>\n<td style=\"width: 25.1904%; height: 10px;\" width=\"125\"><\/td>\n<td style=\"width: 24.8097%; height: 10px;\" width=\"125\"><\/td>\n<\/tr>\n<tr style=\"height: 24px;\">\n<td style=\"width: 99.3911%; height: 10px;\" colspan=\"5\" width=\"125\"><\/td>\n<\/tr>\n<tr style=\"height: 24px;\">\n<td style=\"width: 99.3911%; background-color: #ababab; height: 10px;\" colspan=\"5\" width=\"125\"><span style=\"font-size: 14pt;\"><strong>Propriet\u0103\u021bi fizice<\/strong><\/span><\/td>\n<\/tr>\n<tr style=\"height: 48px;\">\n<td style=\"width: 24.277%; height: 10px;\" width=\"125\"><span style=\"font-size: 12pt;\">Forma fizic\u0103<\/span><\/td>\n<td style=\"width: 25.114%; height: 10px; text-align: center;\" colspan=\"2\" width=\"125\"><span style=\"font-size: 12pt;\">Pulbere<\/span><\/td>\n<td class=\"et3\" style=\"height: 19.95pt; width: 25.1904%;\" width=\"166\" height=\"26\"><span class=\"font1\">Bleeding in Xylene<\/span><\/td>\n<td class=\"et3\" style=\"height: 19.95pt; width: 24.8097%; text-align: center;\" width=\"148\" height=\"26\">4<\/td>\n<\/tr>\n<tr style=\"height: 48px;\">\n<td style=\"width: 24.277%; height: 10px;\" width=\"125\"><span style=\"font-size: 12pt;\">Densitate specific\u0103 (g\/cm3):<\/span><\/td>\n<td style=\"width: 25.114%; height: 10px; text-align: center;\" colspan=\"2\" width=\"125\">1.60 \u00b1 0.1<\/td>\n<td class=\"et3\" style=\"height: 19.95pt; width: 25.1904%;\" width=\"166\" height=\"26\"><span class=\"font1\">Bleeding in Methyl Ethyl Ketone<\/span><\/td>\n<td class=\"et3\" style=\"height: 19.95pt; width: 24.8097%; text-align: center;\" height=\"26\">4<\/td>\n<\/tr>\n<tr style=\"height: 48px;\">\n<td style=\"width: 24.277%; height: 10px;\" width=\"125\"><span style=\"font-size: 12pt;\">Suprafa\u021ba specific\u0103 (\u33a1\/g):<\/span><\/td>\n<td style=\"width: 25.114%; height: 10px; text-align: center;\" colspan=\"2\" width=\"125\">12<\/td>\n<td class=\"et3\" style=\"height: 19.95pt; width: 25.1904%;\" width=\"166\" height=\"26\"><span class=\"font1\">Bleeding in Ethyl Acetate<\/span><\/td>\n<td class=\"et4\" style=\"height: 19.95pt; width: 24.8097%; text-align: center;\" width=\"148\" height=\"26\"><span class=\"font2\">4-5<\/span><\/td>\n<\/tr>\n<tr style=\"height: 24px;\">\n<td style=\"width: 24.277%; height: 10px;\" width=\"125\"><span style=\"font-size: 12pt;\">Absorb\u021bia uleiului<\/span><\/td>\n<td style=\"width: 25.114%; height: 10px; text-align: center;\" colspan=\"2\" width=\"125\"><span style=\"font-size: 12pt;\">40<\/span><\/td>\n<td class=\"et3\" style=\"height: 19.95pt; width: 25.1904%;\" width=\"166\" height=\"26\"><span class=\"font1\">Bleeding in Cellosolve<\/span><\/td>\n<td class=\"et4\" style=\"height: 19.95pt; width: 24.8097%; text-align: center;\" width=\"148\" height=\"26\"><span class=\"font2\">4-5<\/span><\/td>\n<\/tr>\n<tr style=\"height: 24px;\">\n<td style=\"width: 24.277%; height: 10px;\" width=\"125\"><span style=\"font-size: 12pt;\">Valoarea pH-ului<\/span><\/td>\n<td style=\"width: 25.114%; height: 10px; text-align: center;\" colspan=\"2\" width=\"125\">6.0 &#8211; 7.5<\/td>\n<td class=\"et3\" style=\"height: 19.95pt; width: 25.1904%;\" width=\"166\" height=\"26\"><span class=\"font1\">Bleeding in Mineral Turpentine<\/span><\/td>\n<td class=\"et4\" style=\"height: 19.95pt; width: 24.8097%; text-align: center;\" width=\"148\" height=\"26\"><span class=\"font2\">4-5<\/span><\/td>\n<\/tr>\n<tr style=\"height: 24px;\">\n<td style=\"width: 24.277%; height: 10px;\" width=\"125\"><span style=\"font-size: 12pt;\">Materie volatil\u0103<\/span><\/td>\n<td style=\"width: 25.114%; height: 10px; text-align: center;\" colspan=\"2\" width=\"125\"><span style=\"font-size: 12pt;\">1% max<\/span><\/td>\n<td class=\"et3\" style=\"height: 19.95pt; width: 25.1904%;\" width=\"166\" height=\"26\"><span class=\"font1\">Rezisten\u021b\u0103 la acid<\/span><\/td>\n<td class=\"et4\" style=\"height: 19.95pt; width: 24.8097%; text-align: center;\" width=\"148\" height=\"26\">5<\/td>\n<\/tr>\n<tr style=\"height: 24px;\">\n<td style=\"width: 24.277%; height: 10px;\" width=\"125\"><\/td>\n<td style=\"width: 25.114%;\" colspan=\"2\"><\/td>\n<td class=\"et3\" style=\"height: 19.95pt; width: 25.1904%;\" width=\"166\" height=\"26\"><span class=\"font1\">Rezisten\u021b\u0103 la alcali<\/span><\/td>\n<td class=\"et3\" style=\"height: 19.95pt; width: 24.8097%; text-align: center;\" height=\"26\">5<\/td>\n<\/tr>\n<tr style=\"height: 48px;\">\n<td style=\"width: 99.3911%; background-color: #ababab; height: 10px;\" colspan=\"5\" width=\"125\"><span style=\"font-size: 14pt;\"><strong>Ambalaje<\/strong><\/span><\/td>\n<\/tr>\n<tr style=\"height: 48px;\">\n<td style=\"width: 99.3911%; height: 10px;\" colspan=\"5\" width=\"125\"><span style=\"font-size: 12pt;\">25kgs\/bag\u00a0\u00a0 350kgs\/Pallet<\/span><\/td>\n<\/tr>\n<tr style=\"height: 24px;\">\n<td style=\"width: 99.3911%; height: 10px;\" colspan=\"5\" width=\"125\"><\/td>\n<\/tr>\n<tr style=\"height: 24px;\">\n<td style=\"width: 49.391%; background-color: #ababab; height: 10px;\" colspan=\"3\" width=\"125\"><span style=\"font-size: 14pt;\"><strong>Depozitare<\/strong><\/span><\/td>\n<td style=\"width: 25.1904%; height: 10px;\" width=\"125\"><span style=\"font-size: 14pt;\"><strong>Perioada de valabilitate<\/strong><\/span><\/td>\n<td style=\"width: 24.8097%; height: 10px;\" width=\"125\"><span style=\"font-size: 12pt;\">5 ani<\/span><\/td>\n<\/tr>\n<tr style=\"height: 24px;\">\n<td style=\"width: 99.3911%; height: 10px;\" colspan=\"5\" width=\"375\"><span style=\"font-size: 12pt;\">Trebuie depozitat \u00eentr-un loc r\u0103coros, uscat \u0219i aerisit.<\/span><\/td>\n<\/tr>\n<tr style=\"height: 24px;\">\n<td style=\"width: 99.3911%; height: 10px;\" colspan=\"5\" width=\"125\"><\/td>\n<\/tr>\n<tr style=\"height: 24px;\">\n<td style=\"width: 99.3911%; background-color: #ababab; height: 10px;\" colspan=\"5\" width=\"125\"><span style=\"font-size: 14pt;\"><strong>TRANSPORT<\/strong><\/span><\/td>\n<\/tr>\n<tr style=\"height: 48px;\">\n<td style=\"width: 99.3911%; height: 10px;\" colspan=\"5\" width=\"375\"><span style=\"font-size: 12pt;\">Evita\u021bi inversarea, lumina soarelui, umiditatea \u0219i pr\u0103bu\u0219irea. Evita\u021bi deteriorarea ambalajului.<\/span><\/td>\n<\/tr>\n<\/tbody>\n<\/table>\n<ul>\n<li>Rezisten\u021ba la lumin\u0103: Rezisten\u021ba la lumin\u0103 este evaluat\u0103 pe o scar\u0103 de la 1 la 8 Blue Wool, unde 1 = \u2018slab\u2019 \u0219i 8 = \u2018excelent\u2019.<\/li>\n<li>Stabilitatea la c\u0103ldur\u0103: Valorile de stabilitate la c\u0103ldur\u0103 indicate indic\u0103 temperatura maxim\u0103 la care pigmentul poate fi stocat timp de 10 min. pe \u00eentreaga nuan\u021b\u0103 \u0219i \u00een reduceri, f\u0103r\u0103 a suferi nicio modificare semnificativ\u0103 a nuan\u021bei.<\/li>\n<li>Absorb\u021bia de ulei: Absorb\u021bia de ulei este determinat\u0103 pe baza standardului EN ISO 787-5 \u0219i este exprimat\u0103 \u00een g de ulei de in la 100 g de pigment.<\/li>\n<li>S\u00e2ngerarea \u00een solven\u021bi: S\u00e2ngerarea \u00een solven\u021bi este testat\u0103 folosind tipurile de pudr\u0103, iar evaluarea vizual\u0103 se face pe o scal\u0103 gri de la 1 la 5<br \/>\nunde 1 = \u2018S\u00e2ngerare abundent\u0103\u2019 \u0219i 5 = \u2018F\u0103r\u0103 s\u00e2ngerare\u201d<\/li>\n<\/ul>\n<p>Disclaimer - Informa\u021biile prezentate \u00een aceast\u0103 fi\u0219\u0103 tehnic\u0103 se bazeaz\u0103 pe stadiul actual al cuno\u0219tin\u021belor noastre \u0219i sunt destinate unei descrieri generale a produselor noastre \u0219i a posibilelor lor aplica\u021bii. Datorit\u0103 multitudinii de formul\u0103ri, condi\u021bii de produc\u021bie \u0219i de aplicare, toate datele men\u021bionate mai sus trebuie s\u0103 fie adaptate la circumstan\u021bele procesatorului. Din acest fapt nu poate fi dedus\u0103 nicio r\u0103spundere, inclusiv pentru drepturile de brevet, pentru cazuri individuale. Nu se poate exclude faptul c\u0103 acest produs con\u021bine particule &lt; 0,1 \u03bcm. Orice utilizator al acestui produs este responsabil pentru determinarea adecv\u0103rii produselor Sudarshan pentru aplica\u021bia sa particular\u0103 \u0219i pentru a se asigura c\u0103 sunt respectate drepturile de proprietate \u0219i legile \u0219i legisla\u021bia \u00een vigoare.<\/p>","protected":false},"excerpt":{"rendered":"<p>C.I.NO.: PY3<\/p>\n<p>Advantage:\u00a0 High color strength<\/p>\n<p>Main Application Recommended: Offset inks, Water based inks, Water based coatings<\/p>","protected":false},"featured_media":3263,"template":"","meta":[],"product_brand":[],"product_cat":[15,61,73,75,92,77],"product_tag":[],"class_list":{"0":"post-3259","1":"product","2":"type-product","3":"status-publish","4":"has-post-thumbnail","6":"product_cat-organic-pigments","7":"product_cat-pigments-for-coatings-paints","8":"product_cat-pigments-for-industrial-coatings","9":"product_cat-pigments-for-offset-inks","10":"product_cat-pigments-for-water-based-coatings","11":"product_cat-pigments-for-water-based-inks","13":"first","14":"instock","15":"shipping-taxable","16":"product-type-simple"},"_links":{"self":[{"href":"https:\/\/www.honorpigment.com\/ro\/wp-json\/wp\/v2\/product\/3259","targetHints":{"allow":["GET"]}}],"collection":[{"href":"https:\/\/www.honorpigment.com\/ro\/wp-json\/wp\/v2\/product"}],"about":[{"href":"https:\/\/www.honorpigment.com\/ro\/wp-json\/wp\/v2\/types\/product"}],"version-history":[{"count":0,"href":"https:\/\/www.honorpigment.com\/ro\/wp-json\/wp\/v2\/product\/3259\/revisions"}],"wp:featuredmedia":[{"embeddable":true,"href":"https:\/\/www.honorpigment.com\/ro\/wp-json\/wp\/v2\/media\/3263"}],"wp:attachment":[{"href":"https:\/\/www.honorpigment.com\/ro\/wp-json\/wp\/v2\/media?parent=3259"}],"wp:term":[{"taxonomy":"product_brand","embeddable":true,"href":"https:\/\/www.honorpigment.com\/ro\/wp-json\/wp\/v2\/product_brand?post=3259"},{"taxonomy":"product_cat","embeddable":true,"href":"https:\/\/www.honorpigment.com\/ro\/wp-json\/wp\/v2\/product_cat?post=3259"},{"taxonomy":"product_tag","embeddable":true,"href":"https:\/\/www.honorpigment.com\/ro\/wp-json\/wp\/v2\/product_tag?post=3259"}],"curies":[{"name":"wp","href":"https:\/\/api.w.org\/{rel}","templated":true}]}}