{"id":3750,"date":"2025-09-25T15:32:22","date_gmt":"2025-09-25T07:32:22","guid":{"rendered":"https:\/\/www.honorpigments.com\/?post_type=product&#038;p=3750"},"modified":"2026-04-13T23:54:15","modified_gmt":"2026-04-13T15:54:15","slug":"iron-oxide-black-303t-pigment-black-11","status":"publish","type":"product","link":"https:\/\/www.honorpigment.com\/pt_br\/produto\/iron-oxide-black-303t-pigment-black-11\/","title":{"rendered":"PIGMENTO PRETO 11\/ \u00d3XIDO DE FERRO PRETO 303T"},"content":{"rendered":"<h2><strong>Product Description &#8211; <\/strong><\/h2>\n<p align=\"left\">IRON OXIDE BLACK 303T (Pigment Black 11) is a inorganic pigment with strong tinting strength, excellent hiding power, and great color\/UV\/heat\/water resistance for long-lasting use. It also has good dispersibility, is non-toxic and eco-friendly, ideal for paints, plastics and construction materials.<\/p>\n<h2><strong>Aplica\u00e7\u00e3o recomendada<\/strong><\/h2>\n<p>Coatings: Industrial paints<br \/>\nPlastics: PE, PP, PC, PBT, PVC, PU, POM, PS, PET, EVA, ABS<\/p>\n<h2><strong>Dados t\u00e9cnicos<\/strong><\/h2>\n<table style=\"height: 321px;width: 95%;border-color: #050505\" width=\"95%\">\n<tbody>\n<tr style=\"height: 28px\">\n<td style=\"width: 98.7062%;background-color: #ababab;height: 10px\" colspan=\"5\" width=\"125\"><span style=\"font-size: 14pt\"><strong>Informa\u00e7\u00f5es sobre o produto<\/strong><\/span><\/td>\n<\/tr>\n<tr style=\"height: 24px\">\n<td style=\"width: 24.277%;height: 10px\" width=\"125\"><span style=\"font-size: 12pt\">Tipo de produto qu\u00edmico<\/span><\/td>\n<td style=\"width: 25.114%;height: 10px;text-align: center\" colspan=\"2\" width=\"125\"><\/td>\n<td style=\"width: 25.1904%;height: 10px\" width=\"125\"><span style=\"font-size: 12pt\">CAS NO.<\/span><\/td>\n<td class=\"et3\" style=\"height: 10px;width: 24.1248%;text-align: center\" width=\"148\" height=\"26\">1317-61-9<\/td>\n<\/tr>\n<tr style=\"height: 48px\">\n<td style=\"width: 24.277%;height: 10px\" width=\"125\"><span style=\"font-size: 12pt\">C. I. Nome<\/span><\/td>\n<td style=\"width: 25.114%;height: 10px;text-align: center\" colspan=\"2\" width=\"125\">Pigmento Preto 11<\/td>\n<td style=\"width: 25.1904%;height: 10px\" width=\"125\"><span style=\"font-size: 12pt\">EINECS \/ ELINCS NO.<\/span><\/td>\n<td class=\"et3\" style=\"height: 10px;width: 24.1248%;text-align: center\" width=\"148\" height=\"26\">215-227-5<\/td>\n<\/tr>\n<tr style=\"height: 48px\">\n<td style=\"width: 24.277%;height: 10px\" width=\"125\"><span style=\"font-size: 12pt\">C. I. Constitui\u00e7\u00e3o n\u00ba.<\/span><\/td>\n<td style=\"width: 25.114%;height: 10px;text-align: center\" colspan=\"2\" width=\"125\">77499<\/td>\n<td style=\"width: 25.1904%;height: 10px\" width=\"125\"><span style=\"font-size: 12pt\">F\u00f3rmula qu\u00edmica<\/span><\/td>\n<td class=\"et3\" style=\"height: 10px;width: 24.1248%;text-align: center\" width=\"148\" height=\"26\"><\/td>\n<\/tr>\n<tr style=\"height: 24px\">\n<td style=\"width: 98.7062%;height: 10px\" colspan=\"5\" width=\"125\"><\/td>\n<\/tr>\n<tr style=\"height: 28px\">\n<td style=\"width: 98.7062%;background-color: #ababab;height: 10px\" colspan=\"5\" width=\"125\"><span style=\"font-size: 14pt\"><strong>Desempenho t\u00e9cnico<\/strong><\/span><\/td>\n<\/tr>\n<tr style=\"height: 24px\">\n<td style=\"width: 24.277%;height: 10px\" width=\"125\"><\/td>\n<td style=\"width: 12.4809%;height: 10px;text-align: center\" width=\"125\"><span style=\"font-size: 12pt\">Sombra total<\/span><\/td>\n<td style=\"width: 12.6331%;height: 10px;text-align: center\" width=\"125\"><span style=\"font-size: 12pt\">Tonalidade<\/span><\/td>\n<td style=\"width: 25.1904%;height: 10px\" width=\"125\"><\/td>\n<td style=\"width: 24.1248%;height: 10px\" width=\"125\"><\/td>\n<\/tr>\n<tr style=\"height: 48px\">\n<td style=\"width: 24.277%;height: 10px\" width=\"125\"><span style=\"font-size: 12pt\">Resist\u00eancia \u00e0s intemp\u00e9ries<\/span><\/td>\n<td class=\"et3\" style=\"height: 10px;width: 12.4809%;text-align: center\" width=\"148\" height=\"26\">5<\/td>\n<td class=\"et4\" style=\"width: 12.6331%;height: 10px;text-align: center\" width=\"113\">5<\/td>\n<td style=\"width: 25.1904%;height: 10px\" width=\"125\"><\/td>\n<td style=\"width: 24.1248%;height: 10px;text-align: center\" width=\"125\"><\/td>\n<\/tr>\n<tr style=\"height: 24px\">\n<td style=\"width: 24.277%;height: 10px\" width=\"125\"><span style=\"font-size: 12pt\">Solidez \u00e0 luz<\/span><\/td>\n<td class=\"et5\" style=\"height: 10px;width: 12.4809%;text-align: center\" height=\"26\">7<\/td>\n<td class=\"et4\" style=\"width: 12.6331%;height: 10px;text-align: center\">7<\/td>\n<td style=\"width: 25.1904%;height: 10px\" width=\"125\"><\/td>\n<td style=\"width: 24.1248%;height: 10px\" width=\"125\"><\/td>\n<\/tr>\n<tr style=\"height: 24px\">\n<td style=\"width: 98.7062%;height: 10px\" colspan=\"5\" width=\"125\"><\/td>\n<\/tr>\n<tr style=\"height: 24px\">\n<td style=\"width: 98.7062%;background-color: #ababab;height: 10px\" colspan=\"5\" width=\"125\"><span style=\"font-size: 14pt\"><strong>Propriedades f\u00edsicas<\/strong><\/span><\/td>\n<\/tr>\n<tr style=\"height: 48px\">\n<td style=\"width: 24.277%;height: 10px\" width=\"125\"><span style=\"font-size: 12pt\">Forma f\u00edsica<\/span><\/td>\n<td style=\"width: 25.114%;height: 10px;text-align: center\" colspan=\"2\" width=\"125\"><span style=\"font-size: 12pt\">P\u00f3<\/span><\/td>\n<td style=\"width: 25.1904%;height: 10px\" width=\"225\">PH Value:<\/td>\n<td style=\"width: 24.1248%;height: 10px\" width=\"284\">\u00a05.0 ~ 8.0<\/td>\n<\/tr>\n<tr style=\"height: 27px\">\n<td style=\"height: 27px;width: 24.277%\" width=\"225\" height=\"36\">Content %<\/td>\n<td style=\"width: 25.114%;text-align: center;height: 27px\" colspan=\"2\" width=\"157\">70 \u00b1 5<\/td>\n<td style=\"width: 25.1904%;height: 27px\">Sieve Residue (45 um %)<\/td>\n<td style=\"width: 24.1248%;height: 27px\">Max 0.3<\/td>\n<\/tr>\n<tr style=\"height: 13px\">\n<td style=\"height: 13px;width: 24.277%\" height=\"18\">Strength<\/td>\n<td style=\"width: 25.114%;text-align: center;height: 13px\" colspan=\"2\" width=\"157\">95-105<\/td>\n<td style=\"width: 25.1904%;height: 13px\">Oil Absorption(ml\/100g):<\/td>\n<td style=\"width: 24.1248%;height: 13px\">25<\/td>\n<\/tr>\n<tr style=\"height: 27px\">\n<td style=\"height: 27px;width: 24.277%\" height=\"36\">Moiscture %<\/td>\n<td style=\"width: 25.114%;text-align: center;height: 27px\" colspan=\"2\" width=\"157\">Max 1.50<\/td>\n<td style=\"width: 25.1904%;height: 27px\">Temperature Reistance<\/td>\n<td style=\"width: 24.1248%;height: 27px\">500\u2103<\/td>\n<\/tr>\n<tr style=\"height: 27px\">\n<td style=\"height: 27px;width: 24.277%\" height=\"36\">Water Soluble %<\/td>\n<td style=\"width: 25.114%;text-align: center;height: 27px\" colspan=\"2\" width=\"157\">Max 1.0<\/td>\n<td style=\"width: 25.1904%;height: 27px\" width=\"139\"><\/td>\n<td class=\"et4\" style=\"height: 27px;width: 24.1248%;text-align: center\" height=\"36\"><\/td>\n<\/tr>\n<tr style=\"height: 27.75pt\">\n<td class=\"et3\" style=\"height: 27px;width: 24.277%\" width=\"225\" height=\"37\"><\/td>\n<td style=\"width: 25.114%;text-align: center;height: 27px\" colspan=\"2\" width=\"148\"><\/td>\n<td style=\"width: 25.1904%;height: 27px\" width=\"139\"><\/td>\n<td class=\"et2\" style=\"height: 27px;width: 24.1248%;text-align: center\" height=\"36\"><\/td>\n<\/tr>\n<tr style=\"height: 48px\">\n<td style=\"width: 98.7062%;background-color: #ababab;height: 10px\" colspan=\"5\" width=\"125\"><span style=\"font-size: 14pt\"><strong>Embalagem<\/strong><\/span><\/td>\n<\/tr>\n<tr style=\"height: 48px\">\n<td style=\"width: 98.7062%;height: 10px\" colspan=\"5\" width=\"125\">25kgs\/bag 1000kgs\/Pallet<\/td>\n<\/tr>\n<tr style=\"height: 24px\">\n<td style=\"width: 98.7062%;height: 10px\" colspan=\"5\" width=\"125\"><\/td>\n<\/tr>\n<tr style=\"height: 24px\">\n<td style=\"width: 49.391%;background-color: #ababab;height: 10px\" colspan=\"3\" width=\"125\"><span style=\"font-size: 14pt\"><strong>Armazenamento<\/strong><\/span><\/td>\n<td style=\"width: 25.1904%;height: 10px\" width=\"125\"><span style=\"font-size: 14pt\"><strong>Prazo de validade<\/strong><\/span><\/td>\n<td style=\"width: 24.1248%;height: 10px\" width=\"125\"><span style=\"font-size: 12pt\">5 anos<\/span><\/td>\n<\/tr>\n<tr style=\"height: 24px\">\n<td style=\"width: 98.7062%;height: 10px\" colspan=\"5\" width=\"375\"><span style=\"font-size: 12pt\">Deve ser armazenado em local fresco, seco e ventilado.<\/span><\/td>\n<\/tr>\n<tr style=\"height: 24px\">\n<td style=\"width: 98.7062%;height: 10px\" colspan=\"5\" width=\"125\"><\/td>\n<\/tr>\n<tr style=\"height: 24px\">\n<td style=\"width: 98.7062%;background-color: #ababab;height: 10px\" colspan=\"5\" width=\"125\"><span style=\"font-size: 14pt\"><strong>TRANSPORTE<\/strong><\/span><\/td>\n<\/tr>\n<tr style=\"height: 48px\">\n<td style=\"width: 98.7062%;height: 10px\" colspan=\"5\" width=\"375\"><span style=\"font-size: 12pt\">Evite invers\u00e3o, luz solar, umidade e colis\u00f5es. Evite danificar a embalagem.<\/span><\/td>\n<\/tr>\n<\/tbody>\n<\/table>\n<ul>\n<li>Solidez \u00e0 luz: A classifica\u00e7\u00e3o da resist\u00eancia \u00e0 luz \u00e9 avaliada em uma escala de 1 a 8 de l\u00e3 azul, em que 1 = \u2018ruim\u2019 e 8 = \u2018excelente\u2019.<\/li>\n<li>Estabilidade t\u00e9rmica: os valores de estabilidade t\u00e9rmica fornecidos indicam a temperatura m\u00e1xima na qual o pigmento pode ser armazenado por 10 minutos na sombra total e em redu\u00e7\u00f5es sem sofrer nenhuma altera\u00e7\u00e3o significativa na sombra.<\/li>\n<li>Absor\u00e7\u00e3o de \u00f3leo: A absor\u00e7\u00e3o de \u00f3leo \u00e9 determinada com base na norma EN ISO 787-5 e dada em g de \u00f3leo de linha\u00e7a por 100 g de pigmento.<\/li>\n<li>Sangramento com solvente: O sangramento em solventes \u00e9 testado usando os graus de p\u00f3 e a classifica\u00e7\u00e3o visual \u00e9 dada em uma escala de 1 a 5 tons de cinza<br \/>\nem que 1 = \u2018Sangramento intenso\u2019 e 5 = \u2018Sem sangramento\u201d<\/li>\n<\/ul>\n<p>Disclaimer \u2013 The information given in this data sheet is based on the present state of our knowledge &amp; is intended as a general description of our products &amp; their possible applications. Due to the multitude of formulations, production &amp; application conditions, all the above mentioned data have to be adjusted to the circumstances of the processor. No liabilities, including those for patent rights, can be derived from this fact for individual cases. It cannot be ruled out that this product contains particles &lt; 0.1 \u03bcm. Any user of this product is responsible for determining the suitability of Honor Pigments\u2019s products for its particular application &amp; to ensure that any proprietary rights &amp; existing laws &amp; legislation are observed.<\/p>\n<div class=\"honor-product-overview\" style=\"margin-top:40px;border-top:2px solid #f6c405;padding-top:30px\">\n<h3>Why Choose Honor Pigments?<\/h3>\n<ul>\n<li>\ud83c\udf0d <strong>Global Export Expertise<\/strong> \u2014 Trusted by customers in 40+ countries for consistent quality and reliable supply<\/li>\n<li>\u2705 <strong>Strict Quality Control<\/strong> \u2014 ISO 9001 certified with batch-to-batch consistency and zero-defect policy<\/li>\n<li>\ud83d\udcb0 <strong>OEM Production Advantage<\/strong> \u2014 Competitive pricing without compromising pigment performance<\/li>\n<li>\ud83e\uddea <strong>Technical Support<\/strong> \u2014 Free color matching, formulation advice and sample testing before bulk order<\/li>\n<\/ul>\n<div style=\"background:#f8f9fa;padding:20px;border-left:4px solid #f6c405;margin:20px 0\">\n<p><strong>\ud83d\udce9 Need more details?<\/strong><\/p>\n<p>Request TDS, SDS, or a free sample for testing.<\/p>\n<\/div>\n<\/div>","protected":false},"excerpt":{"rendered":"<p>C.I.NO.:PBk11<\/p>\n<p>Vantagens:<\/p>\n<p>Main Application Recommended: Coatings, Plastics<\/p>","protected":false},"featured_media":3749,"template":"","meta":[],"product_brand":[],"product_cat":[57,66],"product_tag":[375],"class_list":{"0":"post-3750","1":"product","2":"type-product","3":"status-publish","4":"has-post-thumbnail","6":"product_cat-inorganic-pigments","7":"product_cat-iron-oxide-pigments","8":"product_tag-iron-oxide-black","9":"stm_brands-honor-pigments","11":"first","12":"instock","13":"shipping-taxable","14":"product-type-simple"},"_links":{"self":[{"href":"https:\/\/www.honorpigment.com\/pt_br\/wp-json\/wp\/v2\/product\/3750","targetHints":{"allow":["GET"]}}],"collection":[{"href":"https:\/\/www.honorpigment.com\/pt_br\/wp-json\/wp\/v2\/product"}],"about":[{"href":"https:\/\/www.honorpigment.com\/pt_br\/wp-json\/wp\/v2\/types\/product"}],"version-history":[{"count":3,"href":"https:\/\/www.honorpigment.com\/pt_br\/wp-json\/wp\/v2\/product\/3750\/revisions"}],"predecessor-version":[{"id":8909,"href":"https:\/\/www.honorpigment.com\/pt_br\/wp-json\/wp\/v2\/product\/3750\/revisions\/8909"}],"wp:featuredmedia":[{"embeddable":true,"href":"https:\/\/www.honorpigment.com\/pt_br\/wp-json\/wp\/v2\/media\/3749"}],"wp:attachment":[{"href":"https:\/\/www.honorpigment.com\/pt_br\/wp-json\/wp\/v2\/media?parent=3750"}],"wp:term":[{"taxonomy":"product_brand","embeddable":true,"href":"https:\/\/www.honorpigment.com\/pt_br\/wp-json\/wp\/v2\/product_brand?post=3750"},{"taxonomy":"product_cat","embeddable":true,"href":"https:\/\/www.honorpigment.com\/pt_br\/wp-json\/wp\/v2\/product_cat?post=3750"},{"taxonomy":"product_tag","embeddable":true,"href":"https:\/\/www.honorpigment.com\/pt_br\/wp-json\/wp\/v2\/product_tag?post=3750"}],"curies":[{"name":"wp","href":"https:\/\/api.w.org\/{rel}","templated":true}]}}