{"id":3720,"date":"2025-09-23T15:35:46","date_gmt":"2025-09-23T07:35:46","guid":{"rendered":"https:\/\/www.honorpigments.com\/?post_type=product&#038;p=3720"},"modified":"2026-03-23T19:56:44","modified_gmt":"2026-03-23T11:56:44","slug":"iron-oxide-orange-960","status":"publish","type":"product","link":"https:\/\/www.honorpigment.com\/pt_br\/produto\/iron-oxide-orange-960\/","title":{"rendered":"IRON OXIDE ORANGE 960"},"content":{"rendered":"<h3><strong>Features:<\/strong><\/h3>\n<p align=\"left\">IRON OXIDE ORANGE 960 boasts exceptional color stability, retaining its vivid orange hue without fading even under prolonged exposure to sunlight or harsh weather, offers strong compatibility with various application systems (e.g., coatings, plastics, construction materials) and delivers reliable hiding power to ensure uniform color coverage with minimal usage, and exhibits good heat resistance to maintain performance in high-temperature processing while being non-toxic to meet common environmental and safety standards for industrial use.<\/p>\n<h3><strong>Aplica\u00e7\u00e3o recomendada<\/strong><strong>\uff1a<\/strong><\/h3>\n<p>wall bricks, cements, paving bricks, paintings, coatings, plastics, rubber and so on<\/p>\n<h3><strong>Dados t\u00e9cnicos:<\/strong><\/h3>\n<table style=\"height: 343px; width: 95%; border-color: #050505;\" width=\"95%\">\n<tbody>\n<tr style=\"height: 28px;\">\n<td style=\"width: 98.7062%; background-color: #ababab; height: 10px;\" colspan=\"5\" width=\"125\"><span style=\"font-size: 14pt;\"><strong>Informa\u00e7\u00f5es sobre o produto<\/strong><\/span><\/td>\n<\/tr>\n<tr style=\"height: 24px;\">\n<td style=\"width: 24.277%; height: 10px;\" width=\"125\"><span style=\"font-size: 12pt;\">Tipo de produto qu\u00edmico<\/span><\/td>\n<td style=\"width: 25.114%; height: 10px; text-align: center;\" colspan=\"2\" width=\"125\"><\/td>\n<td style=\"width: 25.1904%; height: 10px;\" width=\"125\"><span style=\"font-size: 12pt;\">CAS NO.<\/span><\/td>\n<td class=\"et3\" style=\"height: 10px; width: 24.1248%; text-align: center;\" width=\"148\" height=\"26\">1309-37-1, 51274-001-1<\/td>\n<\/tr>\n<tr style=\"height: 48px;\">\n<td style=\"width: 24.277%; height: 10px;\" width=\"125\"><span style=\"font-size: 12pt;\">C. I. Nome<\/span><\/td>\n<td style=\"width: 25.114%; height: 10px; text-align: center;\" colspan=\"2\" width=\"125\">The mixture of PR101 AND PY42<\/td>\n<td style=\"width: 25.1904%; height: 10px;\" width=\"125\"><span style=\"font-size: 12pt;\">EINECS \/ ELINCS NO.<\/span><\/td>\n<td class=\"et3\" style=\"height: 10px; width: 24.1248%; text-align: center;\" width=\"148\" height=\"26\">215-168-2, 257-098-5<\/td>\n<\/tr>\n<tr style=\"height: 48px;\">\n<td style=\"width: 24.277%; height: 10px;\" width=\"125\"><span style=\"font-size: 12pt;\">C. I. Constitui\u00e7\u00e3o n\u00ba.<\/span><\/td>\n<td style=\"width: 25.114%; height: 10px; text-align: center;\" colspan=\"2\" width=\"125\"><\/td>\n<td style=\"width: 25.1904%; height: 10px;\" width=\"125\"><span style=\"font-size: 12pt;\">F\u00f3rmula qu\u00edmica<\/span><\/td>\n<td class=\"et3\" style=\"height: 10px; width: 24.1248%; text-align: center;\" width=\"148\" height=\"26\"><\/td>\n<\/tr>\n<tr style=\"height: 24px;\">\n<td style=\"width: 98.7062%; height: 10px;\" colspan=\"5\" width=\"125\"><\/td>\n<\/tr>\n<tr style=\"height: 28px;\">\n<td style=\"width: 98.7062%; background-color: #ababab; height: 10px;\" colspan=\"5\" width=\"125\"><span style=\"font-size: 14pt;\"><strong>Desempenho t\u00e9cnico<\/strong><\/span><\/td>\n<\/tr>\n<tr style=\"height: 24px;\">\n<td style=\"width: 24.277%; height: 10px;\" width=\"125\"><\/td>\n<td style=\"width: 12.4809%; height: 10px; text-align: center;\" width=\"125\"><span style=\"font-size: 12pt;\">Sombra total<\/span><\/td>\n<td style=\"width: 12.6331%; height: 10px; text-align: center;\" width=\"125\"><span style=\"font-size: 12pt;\">Tonalidade<\/span><\/td>\n<td style=\"width: 25.1904%; height: 10px;\" width=\"125\"><\/td>\n<td style=\"width: 24.1248%; height: 10px;\" width=\"125\"><\/td>\n<\/tr>\n<tr style=\"height: 48px;\">\n<td style=\"width: 24.277%; height: 10px;\" width=\"125\"><span style=\"font-size: 12pt;\">Resist\u00eancia \u00e0s intemp\u00e9ries<\/span><\/td>\n<td class=\"et3\" style=\"height: 10px; width: 12.4809%; text-align: center;\" width=\"148\" height=\"26\">5<\/td>\n<td class=\"et4\" style=\"width: 12.6331%; height: 10px; text-align: center;\" width=\"113\">5<\/td>\n<td style=\"width: 25.1904%; height: 10px;\" width=\"125\"><\/td>\n<td style=\"width: 24.1248%; height: 10px; text-align: center;\" width=\"125\"><\/td>\n<\/tr>\n<tr style=\"height: 24px;\">\n<td style=\"width: 24.277%; height: 10px;\" width=\"125\"><span style=\"font-size: 12pt;\">Solidez \u00e0 luz<\/span><\/td>\n<td class=\"et5\" style=\"height: 10px; width: 12.4809%; text-align: center;\" height=\"26\">8<\/td>\n<td class=\"et4\" style=\"width: 12.6331%; height: 10px; text-align: center;\">8<\/td>\n<td style=\"width: 25.1904%; height: 10px;\" width=\"125\"><\/td>\n<td style=\"width: 24.1248%; height: 10px;\" width=\"125\"><\/td>\n<\/tr>\n<tr style=\"height: 24px;\">\n<td style=\"width: 98.7062%; height: 10px;\" colspan=\"5\" width=\"125\"><\/td>\n<\/tr>\n<tr style=\"height: 24px;\">\n<td style=\"width: 98.7062%; background-color: #ababab; height: 10px;\" colspan=\"5\" width=\"125\"><span style=\"font-size: 14pt;\"><strong>Propriedades f\u00edsicas<\/strong><\/span><\/td>\n<\/tr>\n<tr style=\"height: 48px;\">\n<td style=\"width: 24.277%; height: 10px;\" width=\"125\"><span style=\"font-size: 12pt;\">Forma f\u00edsica<\/span><\/td>\n<td style=\"width: 25.114%; height: 10px; text-align: center;\" colspan=\"2\" width=\"125\"><span style=\"font-size: 12pt;\">P\u00f3<\/span><\/td>\n<td style=\"width: 25.1904%;\" width=\"139\">Moisture\uff1a<\/td>\n<td style=\"width: 24.1248%; text-align: center;\" width=\"157\">\u22641.0%<\/td>\n<\/tr>\n<tr style=\"height: 13.50pt;\">\n<td class=\"et2\" style=\"height: 13.5pt; width: 24.277%;\" width=\"225\" height=\"18\">Content<span class=\"font2\">\uff08<\/span><span class=\"font1\">Fe3O4<\/span><span class=\"font2\">\uff09\uff1a<\/span><\/td>\n<td style=\"width: 25.114%; text-align: center;\" colspan=\"2\" width=\"157\">\u226588.0%<\/td>\n<td style=\"width: 25.1904%;\" width=\"139\">PH Value:<\/td>\n<td style=\"width: 24.1248%; text-align: center;\" width=\"157\">3-7<\/td>\n<\/tr>\n<tr style=\"height: 13.50pt;\">\n<td class=\"et3\" style=\"height: 13.5pt; width: 24.277%;\" width=\"225\" height=\"18\">Oil Absorption:<\/td>\n<td style=\"width: 25.114%; text-align: center;\" colspan=\"2\" width=\"157\">20-30 ml\/100g<\/td>\n<td style=\"width: 25.1904%;\" width=\"139\">Density\uff1a<\/td>\n<td style=\"width: 24.1248%; text-align: center;\" width=\"157\">0.4-0.6 g\/cm3<\/td>\n<\/tr>\n<tr style=\"height: 13.50pt;\">\n<td class=\"et3\" style=\"height: 13.5pt; width: 24.277%;\" width=\"225\" height=\"18\">Residue on Sieve(90 sieve)<span class=\"font2\">\uff1a<\/span><\/td>\n<td style=\"width: 25.114%; text-align: center;\" colspan=\"2\" width=\"157\">\u22640.3%<\/td>\n<td style=\"width: 25.1904%;\" width=\"139\">particle shape\uff1a<\/td>\n<td style=\"width: 24.1248%; text-align: center;\" width=\"157\">irregular shape<\/td>\n<\/tr>\n<tr style=\"height: 13.50pt;\">\n<td class=\"et3\" style=\"height: 13.5pt; width: 24.277%;\" width=\"225\" height=\"18\">Water soluble content<span class=\"font2\">\uff1a<\/span><\/td>\n<td style=\"width: 25.114%; text-align: center;\" colspan=\"2\" width=\"157\">\u22640.3%<\/td>\n<td style=\"width: 25.1904%;\" width=\"139\">\u00a0Color strength:<\/td>\n<td style=\"width: 24.1248%; text-align: center;\" width=\"157\">95%~105%<\/td>\n<\/tr>\n<tr style=\"height: 27.75pt;\">\n<td class=\"et3\" style=\"height: 27.75pt; width: 24.277%;\" width=\"225\" height=\"37\"><\/td>\n<td style=\"width: 25.114%; text-align: center; height: 24px;\" colspan=\"2\" width=\"148\"><\/td>\n<td style=\"width: 25.1904%;\" width=\"139\">Chromatic aberration\u00a0\u25b3E:<\/td>\n<td style=\"width: 24.1248%; text-align: center;\" width=\"157\">\u22641.0<\/td>\n<\/tr>\n<tr style=\"height: 48px;\">\n<td style=\"width: 98.7062%; background-color: #ababab; height: 10px;\" colspan=\"5\" width=\"125\"><span style=\"font-size: 14pt;\"><strong>Embalagem<\/strong><\/span><\/td>\n<\/tr>\n<tr style=\"height: 48px;\">\n<td style=\"width: 98.7062%; height: 10px;\" colspan=\"5\" width=\"125\">25kgs\/bag 1000kgs\/Pallet<\/td>\n<\/tr>\n<tr style=\"height: 24px;\">\n<td style=\"width: 98.7062%; height: 10px;\" colspan=\"5\" width=\"125\"><\/td>\n<\/tr>\n<tr style=\"height: 24px;\">\n<td style=\"width: 49.391%; background-color: #ababab; height: 10px;\" colspan=\"3\" width=\"125\"><span style=\"font-size: 14pt;\"><strong>Armazenamento<\/strong><\/span><\/td>\n<td style=\"width: 25.1904%; height: 10px;\" width=\"125\"><span style=\"font-size: 14pt;\"><strong>Prazo de validade<\/strong><\/span><\/td>\n<td style=\"width: 24.1248%; height: 10px;\" width=\"125\"><span style=\"font-size: 12pt;\">5 anos<\/span><\/td>\n<\/tr>\n<tr style=\"height: 24px;\">\n<td style=\"width: 98.7062%; height: 10px;\" colspan=\"5\" width=\"375\"><span style=\"font-size: 12pt;\">Deve ser armazenado em local fresco, seco e ventilado.<\/span><\/td>\n<\/tr>\n<tr style=\"height: 24px;\">\n<td style=\"width: 98.7062%; height: 10px;\" colspan=\"5\" width=\"125\"><\/td>\n<\/tr>\n<tr style=\"height: 24px;\">\n<td style=\"width: 98.7062%; background-color: #ababab; height: 10px;\" colspan=\"5\" width=\"125\"><span style=\"font-size: 14pt;\"><strong>TRANSPORTE<\/strong><\/span><\/td>\n<\/tr>\n<tr style=\"height: 48px;\">\n<td style=\"width: 98.7062%; height: 10px;\" colspan=\"5\" width=\"375\"><span style=\"font-size: 12pt;\">Evite invers\u00e3o, luz solar, umidade e colis\u00f5es. Evite danificar a embalagem.<\/span><\/td>\n<\/tr>\n<\/tbody>\n<\/table>\n<p>&nbsp;<\/p>","protected":false},"excerpt":{"rendered":"<p>C.I.NO.:<\/p>\n<p>Vantagens:<\/p>\n<p>Main Application Recommended: Coatings, Plastics<\/p>","protected":false},"featured_media":3721,"template":"","meta":[],"product_brand":[],"product_cat":[57,66],"product_tag":[],"class_list":{"0":"post-3720","1":"product","2":"type-product","3":"status-publish","4":"has-post-thumbnail","6":"product_cat-inorganic-pigments","7":"product_cat-iron-oxide-pigments","9":"first","10":"instock","11":"shipping-taxable","12":"product-type-simple"},"_links":{"self":[{"href":"https:\/\/www.honorpigment.com\/pt_br\/wp-json\/wp\/v2\/product\/3720","targetHints":{"allow":["GET"]}}],"collection":[{"href":"https:\/\/www.honorpigment.com\/pt_br\/wp-json\/wp\/v2\/product"}],"about":[{"href":"https:\/\/www.honorpigment.com\/pt_br\/wp-json\/wp\/v2\/types\/product"}],"version-history":[{"count":0,"href":"https:\/\/www.honorpigment.com\/pt_br\/wp-json\/wp\/v2\/product\/3720\/revisions"}],"wp:featuredmedia":[{"embeddable":true,"href":"https:\/\/www.honorpigment.com\/pt_br\/wp-json\/wp\/v2\/media\/3721"}],"wp:attachment":[{"href":"https:\/\/www.honorpigment.com\/pt_br\/wp-json\/wp\/v2\/media?parent=3720"}],"wp:term":[{"taxonomy":"product_brand","embeddable":true,"href":"https:\/\/www.honorpigment.com\/pt_br\/wp-json\/wp\/v2\/product_brand?post=3720"},{"taxonomy":"product_cat","embeddable":true,"href":"https:\/\/www.honorpigment.com\/pt_br\/wp-json\/wp\/v2\/product_cat?post=3720"},{"taxonomy":"product_tag","embeddable":true,"href":"https:\/\/www.honorpigment.com\/pt_br\/wp-json\/wp\/v2\/product_tag?post=3720"}],"curies":[{"name":"wp","href":"https:\/\/api.w.org\/{rel}","templated":true}]}}