{"id":3678,"date":"2025-09-19T16:35:53","date_gmt":"2025-09-19T08:35:53","guid":{"rendered":"https:\/\/www.honorpigments.com\/?post_type=product&#038;p=3678"},"modified":"2026-03-23T20:06:38","modified_gmt":"2026-03-23T12:06:38","slug":"ultra-blue-ub465-pigment-blue-29","status":"publish","type":"product","link":"https:\/\/www.honorpigment.com\/pt_br\/produto\/ultra-blue-ub465-pigment-blue-29\/","title":{"rendered":"PIGMENT BLUE 29\/ ULTRA BLUE UB465"},"content":{"rendered":"<h3><strong>Product Description &#8211; PB29<\/strong><\/h3>\n<p align=\"left\">UB465 (PIGMENT BLUE 29) is a versatile inorganic blue pigment celebrated for its bright, fresh hue and excellent stability\u2014resisting alkali, high temperatures, and outdoor elements like sunlight and weathering. It also excels at neutralizing yellowish tints in white materials (e.g., coatings, papers) and offers good water dispersibility without bleeding or migration, making it ideal for diverse applications.<\/p>\n<h3><strong>Aplica\u00e7\u00e3o recomendada<\/strong><\/h3>\n<p>Coatings: solvent based paints, water based paints, auto paints, industrial coatings, powder coatings, wood coatings, coil coatings<br \/>\nPlastics: PE, PP, PBT, PVC, PET, EVA, ABS<\/p>\n<h3><strong>Dados t\u00e9cnicos<\/strong><\/h3>\n<table style=\"height: 345px; width: 95%; border-color: #050505;\" width=\"95%\">\n<tbody>\n<tr style=\"height: 28px;\">\n<td style=\"width: 98.7823%; background-color: #ababab; height: 10px;\" colspan=\"5\" width=\"125\"><span style=\"font-size: 14pt;\"><strong>Informa\u00e7\u00f5es sobre o produto<\/strong><\/span><\/td>\n<\/tr>\n<tr style=\"height: 24px;\">\n<td style=\"width: 24.277%; height: 10px;\" width=\"125\"><span style=\"font-size: 12pt;\">Tipo de produto qu\u00edmico<\/span><\/td>\n<td style=\"width: 25.114%; height: 10px; text-align: center;\" colspan=\"2\" width=\"125\"><\/td>\n<td style=\"width: 25.1904%; height: 10px;\" width=\"125\"><span style=\"font-size: 12pt;\">CAS NO.<\/span><\/td>\n<td class=\"et3\" style=\"height: 10px; width: 24.2009%; text-align: center;\" width=\"148\" height=\"26\">57455-37-5<\/td>\n<\/tr>\n<tr style=\"height: 48px;\">\n<td style=\"width: 24.277%; height: 10px;\" width=\"125\"><span style=\"font-size: 12pt;\">C. I. Nome<\/span><\/td>\n<td style=\"width: 25.114%; height: 10px; text-align: center;\" colspan=\"2\" width=\"125\">Pigment Blue 29<\/td>\n<td style=\"width: 25.1904%; height: 10px;\" width=\"125\"><span style=\"font-size: 12pt;\">EINECS \/ ELINCS NO.<\/span><\/td>\n<td class=\"et3\" style=\"height: 10px; width: 24.2009%; text-align: center;\" width=\"148\" height=\"26\">309 &#8211; 928 &#8211; 3<\/td>\n<\/tr>\n<tr style=\"height: 48px;\">\n<td style=\"width: 24.277%; height: 10px;\" width=\"125\"><span style=\"font-size: 12pt;\">C. I. Constitui\u00e7\u00e3o n\u00ba.<\/span><\/td>\n<td class=\"et4\" style=\"height: 10px; width: 25.114%; text-align: center;\" colspan=\"2\" width=\"172\" height=\"21\">77007<\/td>\n<td style=\"width: 25.1904%; height: 10px;\" width=\"125\"><span style=\"font-size: 12pt;\">F\u00f3rmula qu\u00edmica<\/span><\/td>\n<td class=\"et3\" style=\"height: 10px; width: 24.2009%; text-align: center;\" width=\"148\" height=\"26\">Al6Na8O24S3Si6<\/td>\n<\/tr>\n<tr style=\"height: 24px;\">\n<td style=\"width: 98.7823%; height: 10px;\" colspan=\"5\" width=\"125\"><\/td>\n<\/tr>\n<tr style=\"height: 28px;\">\n<td style=\"width: 98.7823%; background-color: #ababab; height: 10px;\" colspan=\"5\" width=\"125\"><span style=\"font-size: 14pt;\"><strong>Desempenho t\u00e9cnico<\/strong><\/span><\/td>\n<\/tr>\n<tr style=\"height: 24px;\">\n<td style=\"width: 24.277%; height: 10px;\" width=\"125\"><\/td>\n<td style=\"width: 12.4048%; height: 10px; text-align: center;\" width=\"125\"><span style=\"font-size: 12pt;\">Sombra total<\/span><\/td>\n<td style=\"width: 12.7092%; height: 10px; text-align: center;\" width=\"125\"><span style=\"font-size: 12pt;\">Tonalidade<\/span><\/td>\n<td style=\"width: 25.1904%; height: 10px;\" width=\"125\"><\/td>\n<td style=\"width: 24.2009%; height: 10px;\" width=\"125\"><\/td>\n<\/tr>\n<tr style=\"height: 48px;\">\n<td style=\"width: 24.277%; height: 10px;\" width=\"125\"><span style=\"font-size: 12pt;\">Resist\u00eancia \u00e0s intemp\u00e9ries<\/span><\/td>\n<td class=\"et3\" style=\"height: 10px; width: 12.4048%; text-align: center;\" width=\"148\" height=\"26\">5<\/td>\n<td class=\"et4\" style=\"width: 12.7092%; height: 10px; text-align: center;\" width=\"113\">5<\/td>\n<td style=\"width: 25.1904%; height: 10px;\" width=\"125\"><span style=\"font-size: 12pt;\">Estabilidade t\u00e9rmica \u00b0C<\/span><\/td>\n<td style=\"width: 24.2009%; height: 10px; text-align: center;\" width=\"125\"><span style=\"font-size: 12pt;\">800\u00b0C<\/span><\/td>\n<\/tr>\n<tr style=\"height: 24px;\">\n<td style=\"width: 24.277%; height: 10px;\" width=\"125\"><span style=\"font-size: 12pt;\">Solidez \u00e0 luz<\/span><\/td>\n<td class=\"et5\" style=\"height: 10px; width: 12.4048%; text-align: center;\" height=\"26\">7<\/td>\n<td class=\"et4\" style=\"width: 12.7092%; height: 10px; text-align: center;\">7<\/td>\n<td style=\"width: 25.1904%; height: 10px;\" width=\"125\"><\/td>\n<td style=\"width: 24.2009%; height: 10px;\" width=\"125\"><\/td>\n<\/tr>\n<tr style=\"height: 24px;\">\n<td style=\"width: 98.7823%; height: 10px;\" colspan=\"5\" width=\"125\"><\/td>\n<\/tr>\n<tr style=\"height: 24px;\">\n<td style=\"width: 98.7823%; background-color: #ababab; height: 10px;\" colspan=\"5\" width=\"125\"><span style=\"font-size: 14pt;\"><strong>Propriedades f\u00edsicas<\/strong><\/span><\/td>\n<\/tr>\n<tr style=\"height: 26px;\">\n<td style=\"width: 24.277%; height: 26px;\" width=\"192\">Physical Form :<\/td>\n<td style=\"width: 25.114%; height: 26px; text-align: center;\" colspan=\"2\" width=\"172\">P\u00f3<\/td>\n<td style=\"width: 25.1904%;\" width=\"192\">Free sulfur<\/td>\n<td class=\"et4\" style=\"width: 24.2009%; text-align: center; height: 10px;\" width=\"148\">500 ppm MAX<\/td>\n<\/tr>\n<tr style=\"height: 24px;\">\n<td style=\"width: 24.277%; height: 24px;\" width=\"192\">Strength<\/td>\n<td style=\"width: 25.114%; height: 24px; text-align: center;\" colspan=\"2\" width=\"172\">98-102<\/td>\n<td style=\"width: 25.1904%;\" width=\"192\">Residue (325 mesh)\u00a0 %<\/td>\n<td class=\"et4\" style=\"width: 24.2009%; text-align: center; height: 26px;\">max0.1%<\/td>\n<\/tr>\n<tr style=\"height: 23px;\">\n<td style=\"width: 24.277%; height: 23px;\" width=\"192\">Moiscture %<\/td>\n<td style=\"width: 25.114%; height: 23px; text-align: center;\" colspan=\"2\" width=\"85\">Max1.0<\/td>\n<td style=\"width: 25.1904%;\" width=\"192\">Fine Particle size D50<\/td>\n<td style=\"width: 24.2009%; text-align: center; height: 24px;\" width=\"219\">Max 0.9um<\/td>\n<\/tr>\n<tr style=\"height: 24px;\">\n<td style=\"width: 24.277%; height: 24px;\" width=\"192\">True Density (g\/cm3):<\/td>\n<td style=\"width: 25.114%; height: 24px; text-align: center;\" colspan=\"2\" width=\"172\">2.35<\/td>\n<td style=\"width: 25.1904%; height: 23px;\" width=\"230\"><\/td>\n<td style=\"width: 24.2009%; text-align: center; height: 23px;\" width=\"219\"><\/td>\n<\/tr>\n<tr style=\"height: 24px;\">\n<td style=\"width: 24.277%; height: 24px;\" width=\"192\"><\/td>\n<td style=\"width: 25.114%; height: 24px; text-align: center;\" colspan=\"2\" width=\"172\"><\/td>\n<td style=\"width: 25.1904%; height: 24px;\" width=\"230\"><\/td>\n<td style=\"width: 24.2009%; text-align: center; height: 24px;\" width=\"219\"><\/td>\n<\/tr>\n<tr style=\"height: 24px;\">\n<td style=\"width: 24.277%; height: 24px;\" width=\"185\"><\/td>\n<td style=\"width: 25.114%; text-align: center; height: 24px;\" colspan=\"2\" width=\"148\"><\/td>\n<td style=\"width: 25.1904%; height: 24px;\" width=\"184\"><\/td>\n<td style=\"width: 24.2009%; height: 24px;\" width=\"148\"><\/td>\n<\/tr>\n<tr style=\"height: 24px;\">\n<td style=\"width: 24.277%; height: 24px;\"><\/td>\n<td style=\"width: 25.114%; text-align: center; height: 24px;\" colspan=\"2\" width=\"148\"><\/td>\n<td class=\"et2\" style=\"height: 24px; width: 25.1904%;\" height=\"26\"><\/td>\n<td class=\"et4\" style=\"width: 24.2009%; text-align: center; height: 24px;\"><\/td>\n<\/tr>\n<tr style=\"height: 48px;\">\n<td style=\"width: 98.7823%; background-color: #ababab; height: 10px;\" colspan=\"5\" width=\"125\"><span style=\"font-size: 14pt;\"><strong>Embalagem<\/strong><\/span><\/td>\n<\/tr>\n<tr style=\"height: 48px;\">\n<td style=\"width: 98.7823%; height: 10px;\" colspan=\"5\" width=\"125\">25kgs\/bag 1000kgs\/Pallet<\/td>\n<\/tr>\n<tr style=\"height: 24px;\">\n<td style=\"width: 98.7823%; height: 10px;\" colspan=\"5\" width=\"125\"><\/td>\n<\/tr>\n<tr style=\"height: 24px;\">\n<td style=\"width: 49.391%; background-color: #ababab; height: 10px;\" colspan=\"3\" width=\"125\"><span style=\"font-size: 14pt;\"><strong>Armazenamento<\/strong><\/span><\/td>\n<td style=\"width: 25.1904%; height: 10px;\" width=\"125\"><span style=\"font-size: 14pt;\"><strong>Prazo de validade<\/strong><\/span><\/td>\n<td style=\"width: 24.2009%; height: 10px;\" width=\"125\"><span style=\"font-size: 12pt;\">5 anos<\/span><\/td>\n<\/tr>\n<tr style=\"height: 24px;\">\n<td style=\"width: 98.7823%; height: 10px;\" colspan=\"5\" width=\"375\"><span style=\"font-size: 12pt;\">Deve ser armazenado em local fresco, seco e ventilado.<\/span><\/td>\n<\/tr>\n<tr style=\"height: 24px;\">\n<td style=\"width: 98.7823%; height: 10px;\" colspan=\"5\" width=\"125\"><\/td>\n<\/tr>\n<tr style=\"height: 24px;\">\n<td style=\"width: 98.7823%; background-color: #ababab; height: 10px;\" colspan=\"5\" width=\"125\"><span style=\"font-size: 14pt;\"><strong>TRANSPORTE<\/strong><\/span><\/td>\n<\/tr>\n<tr style=\"height: 48px;\">\n<td style=\"width: 98.7823%; height: 10px;\" colspan=\"5\" width=\"375\"><span style=\"font-size: 12pt;\">Evite invers\u00e3o, luz solar, umidade e colis\u00f5es. Evite danificar a embalagem.<\/span><\/td>\n<\/tr>\n<\/tbody>\n<\/table>\n<ul>\n<li>Solidez \u00e0 luz: A classifica\u00e7\u00e3o da resist\u00eancia \u00e0 luz \u00e9 avaliada em uma escala de 1 a 8 de l\u00e3 azul, em que 1 = \u2018ruim\u2019 e 8 = \u2018excelente\u2019.<\/li>\n<li>Estabilidade t\u00e9rmica: os valores de estabilidade t\u00e9rmica fornecidos indicam a temperatura m\u00e1xima na qual o pigmento pode ser armazenado por 10 minutos na sombra total e em redu\u00e7\u00f5es sem sofrer nenhuma altera\u00e7\u00e3o significativa na sombra.<\/li>\n<li>Absor\u00e7\u00e3o de \u00f3leo: A absor\u00e7\u00e3o de \u00f3leo \u00e9 determinada com base na norma EN ISO 787-5 e dada em g de \u00f3leo de linha\u00e7a por 100 g de pigmento.<\/li>\n<li>Sangramento com solvente: O sangramento em solventes \u00e9 testado usando os graus de p\u00f3 e a classifica\u00e7\u00e3o visual \u00e9 dada em uma escala de 1 a 5 tons de cinza<br \/>\nem que 1 = \u2018Sangramento intenso\u2019 e 5 = \u2018Sem sangramento\u201d<\/li>\n<\/ul>\n<p>Isen\u00e7\u00e3o de responsabilidade - As informa\u00e7\u00f5es fornecidas nesta folha de dados baseiam-se no estado atual de nosso conhecimento e destinam-se a uma descri\u00e7\u00e3o geral de nossos produtos e suas poss\u00edveis aplica\u00e7\u00f5es. Devido \u00e0 grande variedade de formula\u00e7\u00f5es, condi\u00e7\u00f5es de produ\u00e7\u00e3o e aplica\u00e7\u00e3o, todos os dados mencionados acima devem ser ajustados \u00e0s circunst\u00e2ncias do processador. Nenhuma responsabilidade, inclusive em rela\u00e7\u00e3o aos direitos de patente, pode ser derivada desse fato para casos individuais. N\u00e3o se pode descartar a possibilidade de que este produto contenha part\u00edculas &lt; 0,1 \u03bcm. Qualquer usu\u00e1rio deste produto \u00e9 respons\u00e1vel por determinar a adequa\u00e7\u00e3o dos produtos da Sudarshan para sua aplica\u00e7\u00e3o espec\u00edfica e por garantir que quaisquer direitos de propriedade, leis e legisla\u00e7\u00e3o existentes sejam observados.<\/p>","protected":false},"excerpt":{"rendered":"<p>C.I.NO.: PB28<\/p>\n<p>Advantage: lasting brilliance and stability.<\/p>\n<p>Principal aplica\u00e7\u00e3o recomendada: Pl\u00e1sticos<\/p>","protected":false},"featured_media":3703,"template":"","meta":[],"product_brand":[],"product_cat":[65,57],"product_tag":[],"class_list":{"0":"post-3678","1":"product","2":"type-product","3":"status-publish","4":"has-post-thumbnail","6":"product_cat-chrome-pigments","7":"product_cat-inorganic-pigments","9":"first","10":"instock","11":"shipping-taxable","12":"product-type-simple"},"_links":{"self":[{"href":"https:\/\/www.honorpigment.com\/pt_br\/wp-json\/wp\/v2\/product\/3678","targetHints":{"allow":["GET"]}}],"collection":[{"href":"https:\/\/www.honorpigment.com\/pt_br\/wp-json\/wp\/v2\/product"}],"about":[{"href":"https:\/\/www.honorpigment.com\/pt_br\/wp-json\/wp\/v2\/types\/product"}],"version-history":[{"count":0,"href":"https:\/\/www.honorpigment.com\/pt_br\/wp-json\/wp\/v2\/product\/3678\/revisions"}],"wp:featuredmedia":[{"embeddable":true,"href":"https:\/\/www.honorpigment.com\/pt_br\/wp-json\/wp\/v2\/media\/3703"}],"wp:attachment":[{"href":"https:\/\/www.honorpigment.com\/pt_br\/wp-json\/wp\/v2\/media?parent=3678"}],"wp:term":[{"taxonomy":"product_brand","embeddable":true,"href":"https:\/\/www.honorpigment.com\/pt_br\/wp-json\/wp\/v2\/product_brand?post=3678"},{"taxonomy":"product_cat","embeddable":true,"href":"https:\/\/www.honorpigment.com\/pt_br\/wp-json\/wp\/v2\/product_cat?post=3678"},{"taxonomy":"product_tag","embeddable":true,"href":"https:\/\/www.honorpigment.com\/pt_br\/wp-json\/wp\/v2\/product_tag?post=3678"}],"curies":[{"name":"wp","href":"https:\/\/api.w.org\/{rel}","templated":true}]}}