{"id":3643,"date":"2025-09-19T10:29:48","date_gmt":"2025-09-19T02:29:48","guid":{"rendered":"https:\/\/www.honorpigments.com\/?post_type=product&#038;p=3643"},"modified":"2026-05-03T09:21:58","modified_gmt":"2026-05-03T01:21:58","slug":"solvent-violet-36-dyes-key-applications-benefits","status":"publish","type":"product","link":"https:\/\/www.honorpigment.com\/pt_br\/produto\/solvent-violet-36-dyes-key-applications-benefits\/","title":{"rendered":"Solvent Violet 36 Dyes &#8211; SV36 Solvent Dyes"},"content":{"rendered":"<h3 data-rm-block-id=\"block-1\"><strong><b>D<\/b><\/strong><strong><b>escription &#8211; SV36<\/b><\/strong><\/h3>\n<p data-rm-block-id=\"block-2\">Solvent Violet 36 is a reddish violet transparent oil solvent dye.<\/p>\n<p data-rm-block-id=\"block-3\">Ele tem excelente resist\u00eancia ao calor e \u00e0 luz, boa resist\u00eancia \u00e0 migra\u00e7\u00e3o e alto poder de tingimento, com ampla aplica\u00e7\u00e3o.<\/p>\n<p data-rm-block-id=\"block-4\">Solvent Violet 36 is used for coloring for plastics, PS, ABS, PMMA, PC, PET, polymer, fiber. polyester fiber, inks including inkjet ink.<\/p>\n<h3 data-rm-block-id=\"block-5\"><strong><b>Informa\u00e7\u00f5es de identifica\u00e7\u00e3o:<\/b><\/strong><\/h3>\n<p data-rm-block-id=\"block-6\">Color Index: Solvent Violet 36<\/p>\n<p data-rm-block-id=\"block-7\">CAS No.: 61951-89-1<\/p>\n<p data-rm-block-id=\"block-8\">F\u00f3rmula molecular: C<sub>26<\/sub>H<sub>18<\/sub>N<sub>4<\/sub>O<sub>2<\/sub><\/p>\n<p data-rm-block-id=\"block-9\">Fam\u00edlia qu\u00edmica S\u00e9rie antraquinona<\/p>\n<h3 data-rm-block-id=\"block-10\"><strong><b>Produto<\/b><\/strong><strong><b>\u00a0<\/b><\/strong><strong><b>especifica\u00e7\u00e3o<\/b><\/strong><\/h3>\n<p data-rm-block-id=\"block-11\">Apar\u00eancia P\u00f3 violeta<\/p>\n<p data-rm-block-id=\"block-12\">Intensidade da colora\u00e7\u00e3o 100\u00b13%<\/p>\n<p data-rm-block-id=\"block-13\">Cor da sombra Semelhante ao padr\u00e3o,<\/p>\n<p data-rm-block-id=\"block-14\">Cinza \u2264 1,0%<\/p>\n<p data-rm-block-id=\"block-15\">Umidade \u2264 1,0%<\/p>\n<p data-rm-block-id=\"block-16\">Valor diferencial de cor\u0394E \u2264 0,8<\/p>\n<p data-rm-block-id=\"block-17\">Density g\/cm3 \u00a0\u00a0\u00a0\u00a0\u00a0\u00a0\u00a0\u00a0\u00a0\u00a0\u00a0\u00a0\u00a0\u00a0\u00a0\u00a0\u00a0\u00a0\u00a0\u00a0\u00a0\u00a0\u00a0\u00a0\u00a0\u00a0\u00a0\u00a0\u00a0\u00a0\u00a0\u00a0\u00a0\u00a0\u00a0\u00a0\u00a0\u00a0\u00a0\u00a0\u00a0\u00a0\u00a0\u00a0\u00a0\u00a0\u00a0\u00a0\u00a0\u00a0\u00a0\u00a0\u00a0\u00a0\u00a0\u00a0\u00a0\u00a0\u00a0\u00a0\u00a0\u00a0\u00a0\u00a0\u00a0\u00a0\u00a0\u00a0\u00a0\u00a0\u00a0\u00a0\u00a0\u00a0\u00a0\u00a0\u00a0\u00a01.45<\/p>\n<p data-rm-block-id=\"block-18\">Melting Point \u2103 \u00a0\u00a0\u00a0\u00a0\u00a0\u00a0\u00a0\u00a0\u00a0\u00a0\u00a0\u00a0\u00a0\u00a0\u00a0\u00a0\u00a0\u00a0\u00a0\u00a0\u00a0\u00a0\u00a0\u00a0\u00a0\u00a0\u00a0\u00a0\u00a0\u00a0\u00a0\u00a0\u00a0\u00a0\u00a0\u00a0\u00a0\u00a0\u00a0\u00a0\u00a0\u00a0\u00a0\u00a0\u00a0\u00a0\u00a0\u00a0\u00a0\u00a0\u00a0\u00a0\u00a0\u00a0\u00a0\u00a0\u00a0\u00a0\u00a0\u00a0\u00a0\u00a0\u00a0\u00a0\u00a0\u00a0\u00a0\u00a0\u00a0\u00a0\u00a0\u00a0\u00a0\u00a0\u00a0\u00a0213<\/p>\n<h3 data-rm-block-id=\"block-19\"><strong><b>Dados t\u00e9cnicos<\/b><\/strong><\/h3>\n<table>\n<tbody>\n<tr>\n<td width=\"307\" data-rm-block-id=\"block-20\"><strong>Teste<\/strong><strong>\u00a0<\/strong><strong>Itens<\/strong><\/td>\n<td width=\"58\" data-rm-block-id=\"block-21\"><strong>PS<\/strong><\/td>\n<td width=\"58\" data-rm-block-id=\"block-22\"><strong>ABS<\/strong><\/td>\n<td width=\"58\" data-rm-block-id=\"block-23\"><strong>SAN<\/strong><\/td>\n<td width=\"58\" data-rm-block-id=\"block-24\"><strong>PMMA<\/strong><\/td>\n<td width=\"58\" data-rm-block-id=\"block-25\"><strong>PC<\/strong><\/td>\n<td width=\"58\" data-rm-block-id=\"block-26\"><strong>R-<\/strong><strong>PVC<\/strong><\/td>\n<td width=\"58\" data-rm-block-id=\"block-27\"><strong>PA6<\/strong><\/td>\n<td width=\"58\" data-rm-block-id=\"block-28\"><strong>PET<\/strong><\/td>\n<\/tr>\n<tr>\n<td width=\"307\">\n<p data-rm-block-id=\"block-29\">Temperatura de resist\u00eancia ao calor, \u2103<\/p>\n<p data-rm-block-id=\"block-30\">(0,05% corantes, transparente)<\/p>\n<\/td>\n<td width=\"58\" data-rm-block-id=\"block-31\">300<\/td>\n<td width=\"58\" data-rm-block-id=\"block-32\">290<\/td>\n<td width=\"58\" data-rm-block-id=\"block-33\">300<\/td>\n<td width=\"58\" data-rm-block-id=\"block-34\">300<\/td>\n<td width=\"58\" data-rm-block-id=\"block-35\">310<\/td>\n<td width=\"58\" data-rm-block-id=\"block-36\">-<\/td>\n<td width=\"58\" data-rm-block-id=\"block-37\">-<\/td>\n<td width=\"58\" data-rm-block-id=\"block-38\">290<\/td>\n<\/tr>\n<tr>\n<td width=\"307\">\n<p data-rm-block-id=\"block-39\">Temperatura de resist\u00eancia ao calor, \u2103<\/p>\n<p data-rm-block-id=\"block-40\">(0,05% de corantes + 1,0% de di\u00f3xido de tit\u00e2nio)<\/p>\n<\/td>\n<td width=\"58\" data-rm-block-id=\"block-41\">280<\/td>\n<td width=\"58\" data-rm-block-id=\"block-42\">270<\/td>\n<td width=\"58\" data-rm-block-id=\"block-43\">280<\/td>\n<td width=\"58\" data-rm-block-id=\"block-44\">280<\/td>\n<td width=\"58\" data-rm-block-id=\"block-45\">290<\/td>\n<td width=\"58\" data-rm-block-id=\"block-46\">-<\/td>\n<td width=\"58\" data-rm-block-id=\"block-47\">-<\/td>\n<td width=\"58\" data-rm-block-id=\"block-48\">270<\/td>\n<\/tr>\n<tr>\n<td width=\"307\" data-rm-block-id=\"block-49\">Resist\u00eancia \u00e0 migra\u00e7\u00e3o<\/td>\n<td width=\"58\" data-rm-block-id=\"block-50\">-<\/td>\n<td width=\"58\" data-rm-block-id=\"block-51\">-<\/td>\n<td width=\"58\" data-rm-block-id=\"block-52\">-<\/td>\n<td width=\"58\" data-rm-block-id=\"block-53\">-<\/td>\n<td width=\"58\" data-rm-block-id=\"block-54\">-<\/td>\n<td width=\"58\" data-rm-block-id=\"block-55\">-<\/td>\n<td width=\"58\" data-rm-block-id=\"block-56\">-<\/td>\n<td width=\"58\" data-rm-block-id=\"block-57\">-<\/td>\n<\/tr>\n<tr>\n<td width=\"307\" data-rm-block-id=\"block-58\">Solidez \u00e0 luz (corantes 0.05%, transparentes)<\/td>\n<td width=\"58\" data-rm-block-id=\"block-59\"><strong><b>7-8<\/b><\/strong><\/td>\n<td width=\"58\" data-rm-block-id=\"block-60\">-<\/td>\n<td width=\"58\" data-rm-block-id=\"block-61\">-<\/td>\n<td width=\"58\" data-rm-block-id=\"block-62\">-<\/td>\n<td width=\"58\" data-rm-block-id=\"block-63\">-<\/td>\n<td width=\"58\" data-rm-block-id=\"block-64\">-<\/td>\n<td width=\"58\" data-rm-block-id=\"block-65\">-<\/td>\n<td width=\"58\" data-rm-block-id=\"block-66\">-<\/td>\n<\/tr>\n<tr>\n<td width=\"307\" data-rm-block-id=\"block-67\">Resist\u00eancia \u00e0s intemp\u00e9ries<\/td>\n<td width=\"58\" data-rm-block-id=\"block-68\">-<\/td>\n<td width=\"58\" data-rm-block-id=\"block-69\">-<\/td>\n<td width=\"58\" data-rm-block-id=\"block-70\">-<\/td>\n<td width=\"58\" data-rm-block-id=\"block-71\">-<\/td>\n<td width=\"58\" data-rm-block-id=\"block-72\">-<\/td>\n<td width=\"58\" data-rm-block-id=\"block-73\">-<\/td>\n<td width=\"58\" data-rm-block-id=\"block-74\">-<\/td>\n<td width=\"58\" data-rm-block-id=\"block-75\">-<\/td>\n<\/tr>\n<tr>\n<td width=\"307\" data-rm-block-id=\"block-76\">Resist\u00eancia a \u00e1cidos (em solu\u00e7\u00e3o de \u00e1cido clor\u00eddrico 5%)<\/td>\n<td width=\"58\" data-rm-block-id=\"block-77\">4<\/td>\n<td width=\"58\" data-rm-block-id=\"block-78\">4<\/td>\n<td width=\"58\" data-rm-block-id=\"block-79\">4<\/td>\n<td width=\"58\" data-rm-block-id=\"block-80\">4<\/td>\n<td width=\"58\" data-rm-block-id=\"block-81\">4<\/td>\n<td width=\"58\" data-rm-block-id=\"block-82\">4<\/td>\n<td width=\"58\" data-rm-block-id=\"block-83\">-<\/td>\n<td width=\"58\" data-rm-block-id=\"block-84\">-<\/td>\n<\/tr>\n<tr>\n<td width=\"307\" data-rm-block-id=\"block-85\">Resist\u00eancia a \u00e1lcalis (em solu\u00e7\u00e3o de soda c\u00e1ustica 5%)<\/td>\n<td width=\"58\" data-rm-block-id=\"block-86\">4<\/td>\n<td width=\"58\" data-rm-block-id=\"block-87\">4<\/td>\n<td width=\"58\" data-rm-block-id=\"block-88\">4<\/td>\n<td width=\"58\" data-rm-block-id=\"block-89\">4<\/td>\n<td width=\"58\" data-rm-block-id=\"block-90\">4<\/td>\n<td width=\"58\" data-rm-block-id=\"block-91\">4<\/td>\n<td width=\"58\" data-rm-block-id=\"block-92\">-<\/td>\n<td width=\"58\" data-rm-block-id=\"block-93\">-<\/td>\n<\/tr>\n<\/tbody>\n<\/table>\n<p data-rm-block-id=\"block-94\">\n<h3 data-rm-block-id=\"block-95\"><strong><b>Solvente <\/b><\/strong><strong><b>Violeta 3<\/b><\/strong><strong><b>1<\/b><\/strong><strong><b>\u00a0solubilidade em solvente org\u00e2nico a 20\u2103 (g\/l)<\/b><\/strong><\/h3>\n<table>\n<tbody>\n<tr>\n<td width=\"140\" data-rm-block-id=\"block-96\"><strong><b>Acetona<\/b><\/strong><\/td>\n<td width=\"140\" data-rm-block-id=\"block-97\"><strong><b>Acetato de butila<\/b><\/strong><\/td>\n<td width=\"140\" data-rm-block-id=\"block-98\"><strong><b>Metilbenzeno<\/b><\/strong><\/td>\n<td width=\"140\" data-rm-block-id=\"block-99\"><strong><b>Diclorometano<\/b><\/strong><\/td>\n<td width=\"140\" data-rm-block-id=\"block-100\"><strong><b>\u00c1lcool et\u00edlico<\/b><\/strong><\/td>\n<\/tr>\n<tr>\n<td width=\"140\" data-rm-block-id=\"block-101\">2.0<\/td>\n<td width=\"140\" data-rm-block-id=\"block-102\">2.9<\/td>\n<td width=\"140\" data-rm-block-id=\"block-103\">2<\/td>\n<td width=\"140\" data-rm-block-id=\"block-104\">20<\/td>\n<td width=\"140\" data-rm-block-id=\"block-105\">0.2<\/td>\n<\/tr>\n<\/tbody>\n<\/table>\n<h3 data-rm-block-id=\"block-106\"><strong><b>Application<\/b><\/strong><strong>\u00a0<\/strong><\/h3>\n<table>\n<tbody>\n<tr>\n<td width=\"129\" data-rm-block-id=\"block-107\"><strong>PS<\/strong><\/td>\n<td width=\"129\" data-rm-block-id=\"block-108\">\u25cf<\/td>\n<td width=\"129\" data-rm-block-id=\"block-109\"><strong>PET<\/strong><\/td>\n<td width=\"129\" data-rm-block-id=\"block-110\">\u25cf<\/td>\n<td width=\"129\" data-rm-block-id=\"block-111\"><strong>PC<\/strong><\/td>\n<td width=\"129\" data-rm-block-id=\"block-112\">\u25cf<\/td>\n<\/tr>\n<tr>\n<td width=\"129\" data-rm-block-id=\"block-113\"><strong>AS<\/strong><\/td>\n<td width=\"129\" data-rm-block-id=\"block-114\">\u25cf<\/td>\n<td width=\"129\" data-rm-block-id=\"block-115\"><strong>PVC-<\/strong><strong>\u00a0<\/strong><strong>R<\/strong><\/td>\n<td width=\"129\" data-rm-block-id=\"block-116\">\u25cf<\/td>\n<td width=\"129\" data-rm-block-id=\"block-117\"><strong>SAN<\/strong><\/td>\n<td width=\"129\" data-rm-block-id=\"block-118\">\u25cf<\/td>\n<\/tr>\n<tr>\n<td width=\"129\" data-rm-block-id=\"block-119\"><strong>ABS<\/strong><\/td>\n<td width=\"129\" data-rm-block-id=\"block-120\">\u25cf<\/td>\n<td width=\"129\" data-rm-block-id=\"block-121\"><strong>PVC-U<\/strong><\/td>\n<td width=\"129\" data-rm-block-id=\"block-122\">\u25cf<\/td>\n<td width=\"129\" data-rm-block-id=\"block-123\"><strong>HIPS<\/strong><\/td>\n<td width=\"129\" data-rm-block-id=\"block-124\">\u25cf<\/td>\n<\/tr>\n<tr>\n<td width=\"129\" data-rm-block-id=\"block-125\"><strong>PMMA<\/strong><\/td>\n<td width=\"129\" data-rm-block-id=\"block-126\">\u25cf<\/td>\n<td width=\"129\" data-rm-block-id=\"block-127\"><strong>PA6<\/strong><\/td>\n<td width=\"129\" data-rm-block-id=\"block-128\">-<\/td>\n<td width=\"129\" data-rm-block-id=\"block-129\"><\/td>\n<td width=\"129\" data-rm-block-id=\"block-130\"><\/td>\n<\/tr>\n<\/tbody>\n<\/table>\n<p data-rm-block-id=\"block-131\"><strong><b>Observa\u00e7\u00e3o:<\/b><\/strong><strong><b>\u00a0\u00a0\u00a0\u00a0<\/b><\/strong>\u25cf = recomendado \u25cb = uso potencial - = n\u00e3o recomendado<\/p>\n<h3 data-rm-block-id=\"block-132\"><strong>Recomendado<\/strong><strong>\u00a0Dosagem<\/strong><\/h3>\n<p data-rm-block-id=\"block-133\">Transparente: 0,025<\/p>\n<p data-rm-block-id=\"block-134\">N\u00e3o transparente: 0,05<\/p>\n<h3 data-rm-block-id=\"block-135\"><strong>Embalagem:<\/strong><\/h3>\n<p data-rm-block-id=\"block-136\">A embalagem normal \u00e9 em tambor de papel de 25 kg, 450 kg\/Palete.<\/p>\n<h3 data-rm-block-id=\"block-137\">Exceptional Properties for Reliable Performance<\/h3>\n<p data-rm-block-id=\"block-138\">Solvent Violet 36 is a cutting-edge reddish violet transparent oil-solvent dye designed to meet diverse industrial requirements. Its standout features include excellent heat resistance and light resistance, ensuring durability and longevity in multiple applications. Additionally, this dye offers high migration resistance and superior tinting strength, making it ideal for precision coloring of plastics, fibers, and inks.<\/p>\n<h3 data-rm-block-id=\"block-139\">Wide Application Range Across Industries<\/h3>\n<p data-rm-block-id=\"block-140\">Solvent Violet 36 (SV36) is renowned for its adaptability and effectiveness in various applications. It seamlessly integrates into materials like plastics (PS, ABS, PMMA, PC, PET), polymers, polyester fibers, and inks, including advanced inkjet inks, delivering consistent and vibrant colors. Whether you&#8217;re working on rigid polymers or soft fibers, this dye enhances aesthetic appeal without compromising functionality.<\/p>\n<h3 data-rm-block-id=\"block-141\">Advanced Performance in Professional Solutions<\/h3>\n<p data-rm-block-id=\"block-142\">Engineered for superior results, SV36 ensures optimal performance under challenging conditions. Its high tinting strength allows precise control over coloration, while its resistance properties minimize fading or migration, providing stable color quality over time. This dye is the preferred choice of professionals seeking reliability and effectiveness in their projects.<\/p>\n<div class=\"honor-product-overview\" style=\"margin-top:40px;border-top:2px solid #f6c405;padding-top:30px\">\n<h3>Why Choose Honor Pigments?<\/h3>\n<ul>\n<li>\ud83c\udf0d <strong>Global Export Expertise<\/strong> \u2014 Trusted by customers in 40+ countries for consistent quality and reliable supply<\/li>\n<li>\u2705 <strong>Strict Quality Control<\/strong> \u2014 ISO 9001 certified with batch-to-batch consistency and zero-defect policy<\/li>\n<li>\ud83d\udcb0 <strong>OEM Production Advantage<\/strong> \u2014 Competitive pricing without compromising pigment performance<\/li>\n<li>\ud83e\uddea <strong>Technical Support<\/strong> \u2014 Free color matching, formulation advice and sample testing before bulk order<\/li>\n<\/ul>\n<div style=\"background:#f8f9fa;padding:20px;border-left:4px solid #f6c405;margin:20px 0\">\n<p><strong>\ud83d\udce9 Need more details?<\/strong><\/p>\n<p>Request TDS, SDS, or a free sample for testing.<\/p>\n<\/div>\n<\/div>","protected":false},"excerpt":{"rendered":"<p>CAS No.: 61951-89-1<\/p>\n<p>F\u00f3rmula molecular: C<sub>26<\/sub>H<sub>18<\/sub>N<sub>4<\/sub>O<sub>2<\/sub><\/p>\n<p>Feature :Excellent heat resistance and light resistance, good migration resistance and high tinting strength with wide application.<\/p>\n<p>Application: Used for coloring for plastics, PS, ABS, PMMA, PC, PET, polymer, fiber. polyester fiber, inks including inkjet ink.<\/p>","protected":false},"featured_media":3644,"template":"","meta":{"rank_math_focus_keyword":"solvent violet 36 dyes,SV36","rank_math_description":"Discover the advantages of Solvent Violet 36 dyes (SV36) for coloring plastics, inks, and fibers with exceptional performance.","rank_math_robots":null,"_rank_math_focus_keyword":"sovent violet 36 \/ solvent dyes","rank_math_seo_score":"68"},"product_brand":[],"product_cat":[58,68],"product_tag":[391],"class_list":{"0":"post-3643","1":"product","2":"type-product","3":"status-publish","4":"has-post-thumbnail","6":"product_cat-dyestuffs","7":"product_cat-solvent-dyes","8":"product_tag-sv36","9":"stm_brands-honor-dyes","11":"first","12":"instock","13":"shipping-taxable","14":"product-type-simple"},"_links":{"self":[{"href":"https:\/\/www.honorpigment.com\/pt_br\/wp-json\/wp\/v2\/product\/3643","targetHints":{"allow":["GET"]}}],"collection":[{"href":"https:\/\/www.honorpigment.com\/pt_br\/wp-json\/wp\/v2\/product"}],"about":[{"href":"https:\/\/www.honorpigment.com\/pt_br\/wp-json\/wp\/v2\/types\/product"}],"version-history":[{"count":2,"href":"https:\/\/www.honorpigment.com\/pt_br\/wp-json\/wp\/v2\/product\/3643\/revisions"}],"predecessor-version":[{"id":9346,"href":"https:\/\/www.honorpigment.com\/pt_br\/wp-json\/wp\/v2\/product\/3643\/revisions\/9346"}],"wp:featuredmedia":[{"embeddable":true,"href":"https:\/\/www.honorpigment.com\/pt_br\/wp-json\/wp\/v2\/media\/3644"}],"wp:attachment":[{"href":"https:\/\/www.honorpigment.com\/pt_br\/wp-json\/wp\/v2\/media?parent=3643"}],"wp:term":[{"taxonomy":"product_brand","embeddable":true,"href":"https:\/\/www.honorpigment.com\/pt_br\/wp-json\/wp\/v2\/product_brand?post=3643"},{"taxonomy":"product_cat","embeddable":true,"href":"https:\/\/www.honorpigment.com\/pt_br\/wp-json\/wp\/v2\/product_cat?post=3643"},{"taxonomy":"product_tag","embeddable":true,"href":"https:\/\/www.honorpigment.com\/pt_br\/wp-json\/wp\/v2\/product_tag?post=3643"}],"curies":[{"name":"wp","href":"https:\/\/api.w.org\/{rel}","templated":true}]}}