{"id":3639,"date":"2025-09-19T09:45:30","date_gmt":"2025-09-19T01:45:30","guid":{"rendered":"https:\/\/www.honorpigments.com\/?post_type=product&#038;p=3639"},"modified":"2026-03-23T20:29:45","modified_gmt":"2026-03-23T12:29:45","slug":"solvent-violet-13-solvent-dyes","status":"publish","type":"product","link":"https:\/\/www.honorpigment.com\/pt_br\/produto\/solvent-violet-13-solvent-dyes\/","title":{"rendered":"Solvent Violet 13 \/ Solvent Dyes"},"content":{"rendered":"<h3><strong><b>D<\/b><\/strong><strong><b>descri\u00e7\u00e3o <\/b><\/strong><\/h3>\n<p>Solvent Violet 13 is bluish violet oil solvent dye.<\/p>\n<p>It\u00a0has good fastness, good heat resistance and migration resistance with bright color.<\/p>\n<p>Solvent Violet 13 is recommended for PET, PC, ABS, plastics (polyolefin, polyester, polycarbonate). Also can be used in polyester fiber (PET fibber).<\/p>\n<h3><strong><b>Informa\u00e7\u00f5es de identifica\u00e7\u00e3o:<\/b><\/strong><\/h3>\n<p>Color Index: Solvent Violet 13<\/p>\n<p>F\u00f3rmula molecular: C<sub>21<\/sub>H<sub>15<\/sub>NO<sub>3<\/sub><\/p>\n<p>CAS No.: 81-48-1<\/p>\n<h3><strong><b>Produto<\/b><\/strong><strong><b>\u00a0<\/b><\/strong><strong><b>especifica\u00e7\u00e3o<\/b><\/strong><\/h3>\n<p>Apar\u00eancia P\u00f3 violeta<\/p>\n<p>Intensidade da colora\u00e7\u00e3o 100\u00b13%<\/p>\n<p>Cor da sombra Semelhante ao padr\u00e3o,<\/p>\n<p>Cinza \u2264 1,0%<\/p>\n<p>Umidade \u2264 1,0%<\/p>\n<p>Valor diferencial de cor\u0394E \u2264 0,8<\/p>\n<p>Density g\/cm3 \u00a0\u00a0\u00a0\u00a0\u00a0\u00a0\u00a0\u00a0\u00a0\u00a0\u00a0\u00a0\u00a0\u00a0\u00a0\u00a0\u00a0\u00a0\u00a0\u00a0\u00a0\u00a0\u00a0\u00a0\u00a0\u00a0\u00a0\u00a0\u00a0\u00a0\u00a0\u00a0\u00a0\u00a0\u00a0\u00a0\u00a0\u00a0\u00a0\u00a0\u00a0\u00a0\u00a0\u00a0\u00a0\u00a0\u00a0\u00a0\u00a0\u00a0\u00a0\u00a0\u00a0\u00a0\u00a0\u00a0\u00a0\u00a0\u00a0\u00a0\u00a0\u00a0\u00a0\u00a0\u00a0\u00a0\u00a0\u00a0\u00a0\u00a0\u00a0\u00a0\u00a0\u00a0\u00a0\u00a0\u00a0\u00a01.35<\/p>\n<p>Melting Point \u2103 \u00a0\u00a0\u00a0\u00a0\u00a0\u00a0\u00a0\u00a0\u00a0\u00a0\u00a0\u00a0\u00a0\u00a0\u00a0\u00a0\u00a0\u00a0\u00a0\u00a0\u00a0\u00a0\u00a0\u00a0\u00a0\u00a0\u00a0\u00a0\u00a0\u00a0\u00a0\u00a0\u00a0\u00a0\u00a0\u00a0\u00a0\u00a0\u00a0\u00a0\u00a0\u00a0\u00a0\u00a0\u00a0\u00a0\u00a0\u00a0\u00a0\u00a0\u00a0\u00a0\u00a0\u00a0\u00a0\u00a0\u00a0\u00a0\u00a0\u00a0\u00a0\u00a0\u00a0\u00a0\u00a0\u00a0\u00a0\u00a0\u00a0\u00a0\u00a0\u00a0\u00a0\u00a0\u00a0\u00a0189<\/p>\n<h3><strong><b>Dados t\u00e9cnicos<\/b><\/strong><\/h3>\n<table>\n<tbody>\n<tr>\n<td width=\"307\"><strong>Teste<\/strong><strong>\u00a0<\/strong><strong>Itens<\/strong><\/td>\n<td width=\"58\"><strong>PS<\/strong><\/td>\n<td width=\"58\"><strong>ABS<\/strong><\/td>\n<td width=\"58\"><strong>SAN<\/strong><\/td>\n<td width=\"58\"><strong>PMMA<\/strong><\/td>\n<td width=\"58\"><strong>PC<\/strong><\/td>\n<td width=\"58\"><strong>R-<\/strong><strong>PVC<\/strong><\/td>\n<td width=\"58\"><strong>PA6<\/strong><\/td>\n<td width=\"58\"><strong>PET<\/strong><\/td>\n<\/tr>\n<tr>\n<td width=\"307\">Temperatura de resist\u00eancia ao calor, \u2103<\/p>\n<p>(0,05% corantes, transparente)<\/td>\n<td width=\"58\">300<\/td>\n<td width=\"58\">290<\/td>\n<td width=\"58\">300<\/td>\n<td width=\"58\">300<\/td>\n<td width=\"58\">310<\/td>\n<td width=\"58\">-<\/td>\n<td width=\"58\">-<\/td>\n<td width=\"58\">290<\/td>\n<\/tr>\n<tr>\n<td width=\"307\">Temperatura de resist\u00eancia ao calor, \u2103<\/p>\n<p>(0,05% de corantes + 1,0% de di\u00f3xido de tit\u00e2nio)<\/td>\n<td width=\"58\">280<\/td>\n<td width=\"58\">270<\/td>\n<td width=\"58\">280<\/td>\n<td width=\"58\">280<\/td>\n<td width=\"58\">290<\/td>\n<td width=\"58\">-<\/td>\n<td width=\"58\">-<\/td>\n<td width=\"58\">270<\/td>\n<\/tr>\n<tr>\n<td width=\"307\">Resist\u00eancia \u00e0 migra\u00e7\u00e3o<\/td>\n<td width=\"58\">5<\/td>\n<td width=\"58\">5<\/td>\n<td width=\"58\">5<\/td>\n<td width=\"58\">5<\/td>\n<td width=\"58\">-<\/td>\n<td width=\"58\">-<\/td>\n<td width=\"58\">-<\/td>\n<td width=\"58\">-<\/td>\n<\/tr>\n<tr>\n<td width=\"307\">Solidez \u00e0 luz (corantes 0.05%, transparentes)<\/td>\n<td width=\"58\"><strong><b>7-8<\/b><\/strong><\/td>\n<td width=\"58\"><strong><b>6<\/b><\/strong><\/td>\n<td width=\"58\">-<\/td>\n<td width=\"58\">-<\/td>\n<td width=\"58\">8<\/td>\n<td width=\"58\">-<\/td>\n<td width=\"58\"><\/td>\n<td width=\"58\">8<\/td>\n<\/tr>\n<tr>\n<td width=\"307\">Resist\u00eancia \u00e0s intemp\u00e9ries<\/td>\n<td width=\"58\">-<\/td>\n<td width=\"58\">-<\/td>\n<td width=\"58\">-<\/td>\n<td width=\"58\">-<\/td>\n<td width=\"58\">-<\/td>\n<td width=\"58\">-<\/td>\n<td width=\"58\">-<\/td>\n<td width=\"58\">-<\/td>\n<\/tr>\n<tr>\n<td width=\"307\">Resist\u00eancia a \u00e1cidos (em solu\u00e7\u00e3o de \u00e1cido clor\u00eddrico 5%)<\/td>\n<td width=\"58\">5<\/td>\n<td width=\"58\">5<\/td>\n<td width=\"58\">5<\/td>\n<td width=\"58\">5<\/td>\n<td width=\"58\">5<\/td>\n<td width=\"58\">5<\/td>\n<td width=\"58\">-<\/td>\n<td width=\"58\">-<\/td>\n<\/tr>\n<tr>\n<td width=\"307\">Resist\u00eancia a \u00e1lcalis (em solu\u00e7\u00e3o de soda c\u00e1ustica 5%)<\/td>\n<td width=\"58\">5<\/td>\n<td width=\"58\">5<\/td>\n<td width=\"58\">5<\/td>\n<td width=\"58\">5<\/td>\n<td width=\"58\">5<\/td>\n<td width=\"58\">5<\/td>\n<td width=\"58\">-<\/td>\n<td width=\"58\">-<\/td>\n<\/tr>\n<\/tbody>\n<\/table>\n<p>&nbsp;<\/p>\n<h3><strong><b>Solvente <\/b><\/strong><strong><b>Violet 13<\/b><\/strong><strong><b>\u00a0solubilidade em solvente org\u00e2nico a 20\u2103 (g\/l)<\/b><\/strong><\/h3>\n<table>\n<tbody>\n<tr>\n<td width=\"140\"><strong><b>Acetona<\/b><\/strong><\/td>\n<td width=\"140\"><strong><b>Acetato de butila<\/b><\/strong><\/td>\n<td width=\"140\"><strong><b>Metilbenzeno<\/b><\/strong><\/td>\n<td width=\"140\"><strong><b>Diclorometano<\/b><\/strong><\/td>\n<td width=\"140\"><strong><b>\u00c1lcool et\u00edlico<\/b><\/strong><\/td>\n<\/tr>\n<tr>\n<td width=\"140\">1.30<\/td>\n<td width=\"140\">3.00<\/td>\n<td width=\"140\">7.00<\/td>\n<td width=\"140\">35.00<\/td>\n<td width=\"140\">0.20<\/td>\n<\/tr>\n<\/tbody>\n<\/table>\n<h3><strong><b>\u00a0<\/b><\/strong><strong><b>Application<\/b><\/strong><strong>\u00a0<\/strong><\/h3>\n<table>\n<tbody>\n<tr>\n<td width=\"129\"><strong>PS<\/strong><\/td>\n<td width=\"129\">\u25cf<\/td>\n<td width=\"129\"><strong>PET<\/strong><\/td>\n<td width=\"129\">\u25cb<\/td>\n<td width=\"129\"><strong>PC<\/strong><\/td>\n<td width=\"129\">\u25cf<\/td>\n<\/tr>\n<tr>\n<td width=\"129\"><strong>AS<\/strong><\/td>\n<td width=\"129\">\u25cf<\/td>\n<td width=\"129\"><strong>PVC-<\/strong><strong>\u00a0<\/strong><strong>R<\/strong><\/td>\n<td width=\"129\">\u25cf<\/td>\n<td width=\"129\"><strong>SAN<\/strong><\/td>\n<td width=\"129\">\u25cf<\/td>\n<\/tr>\n<tr>\n<td width=\"129\"><strong>ABS<\/strong><\/td>\n<td width=\"129\">\u25cf<\/td>\n<td width=\"129\"><strong>PVC-U<\/strong><\/td>\n<td width=\"129\">\u25cf<\/td>\n<td width=\"129\"><strong>HIPS<\/strong><\/td>\n<td width=\"129\">\u25cf<\/td>\n<\/tr>\n<tr>\n<td width=\"129\"><strong>PMMA<\/strong><\/td>\n<td width=\"129\">\u25cf<\/td>\n<td width=\"129\"><strong>PA6<\/strong><\/td>\n<td width=\"129\">-<\/td>\n<td width=\"129\"><\/td>\n<td width=\"129\"><\/td>\n<\/tr>\n<\/tbody>\n<\/table>\n<p><strong><b>Observa\u00e7\u00e3o:<\/b><\/strong><strong><b>\u00a0\u00a0\u00a0\u00a0<\/b><\/strong>\u25cf = recomendado \u25cb = uso potencial - = n\u00e3o recomendado<\/p>\n<h3><strong>Recomendado<\/strong><strong>\u00a0Dosagem<\/strong><\/h3>\n<p>Transparent: 0.02<\/p>\n<p>N\u00e3o transparente: 0,05<\/p>\n<h3><strong>Embalagem:<\/strong><\/h3>\n<p>A embalagem normal \u00e9 em tambor de papel de 25 kg, 450 kg\/Palete.<\/p>\n<h3>Unmatched Quality and Performance<\/h3>\n<p>Solvent Violet 13 is a bluish violet oil solvent dye renowned for its exceptional properties that make it the ideal choice for industrial applications. This dye stands out due to its bright and vibrant color, ensuring high visibility and superior aesthetics in your final product. With excellent fastness and heat resistance, Solvent Violet 13 delivers long-lasting performance even under challenging environmental conditions.<\/p>\n<h3>Ideal for Diverse Applications<\/h3>\n<p>One of the key strengths of Solvent Violet 13 is its versatility. It is recommended for use in various types of plastics, including PET, PC, ABS, and more. Whether you\u2019re working with polyolefins, polyesters, or polycarbonates, this dye integrates seamlessly to enhance the quality and color of the material. Furthermore, Solvent Violet 13 is also suitable for polyester fibers (PET fibers), offering consistent results and vibrant hues in textile applications.<\/p>\n<h3>Reliable Resistance for Every Need<\/h3>\n<p>Solvent Violet 13 ensures reliable performance with its exceptional migration resistance. This feature minimizes color bleeding and ensures the color remains intact, delivering durability and stability in finished products. Additionally, the dye boasts superior heat resistance, making it perfect for applications where high-temperature stability is crucial.<\/p>\n<p>Whether you\u2019re seeking a solution for plastics or textiles, Solvent Violet 13 is your trusted partner for delivering consistent, high-quality results with long-lasting vibrancy and resistance.V<\/p>","protected":false},"excerpt":{"rendered":"<p>CAS No.: 81-48-1<\/p>\n<p>F\u00f3rmula molecular: C<sub>21<\/sub>H<sub>15<\/sub>NO<sub>3<\/sub><\/p>\n<p>Feature: Good fastness, good heat resistance and migration resistance with bright color.<\/p>\n<p>Application: Used for PET, PC, ABS, plastics (polyolefin, polyester, polycarbonate). Also can be used in polyester fiber (PET fibber).<\/p>\n<p>&nbsp;<\/p>","protected":false},"featured_media":3640,"template":"","meta":[],"product_brand":[],"product_cat":[58,68],"product_tag":[393],"class_list":{"0":"post-3639","1":"product","2":"type-product","3":"status-publish","4":"has-post-thumbnail","6":"product_cat-dyestuffs","7":"product_cat-solvent-dyes","8":"product_tag-sv13","10":"first","11":"instock","12":"shipping-taxable","13":"product-type-simple"},"_links":{"self":[{"href":"https:\/\/www.honorpigment.com\/pt_br\/wp-json\/wp\/v2\/product\/3639","targetHints":{"allow":["GET"]}}],"collection":[{"href":"https:\/\/www.honorpigment.com\/pt_br\/wp-json\/wp\/v2\/product"}],"about":[{"href":"https:\/\/www.honorpigment.com\/pt_br\/wp-json\/wp\/v2\/types\/product"}],"version-history":[{"count":0,"href":"https:\/\/www.honorpigment.com\/pt_br\/wp-json\/wp\/v2\/product\/3639\/revisions"}],"wp:featuredmedia":[{"embeddable":true,"href":"https:\/\/www.honorpigment.com\/pt_br\/wp-json\/wp\/v2\/media\/3640"}],"wp:attachment":[{"href":"https:\/\/www.honorpigment.com\/pt_br\/wp-json\/wp\/v2\/media?parent=3639"}],"wp:term":[{"taxonomy":"product_brand","embeddable":true,"href":"https:\/\/www.honorpigment.com\/pt_br\/wp-json\/wp\/v2\/product_brand?post=3639"},{"taxonomy":"product_cat","embeddable":true,"href":"https:\/\/www.honorpigment.com\/pt_br\/wp-json\/wp\/v2\/product_cat?post=3639"},{"taxonomy":"product_tag","embeddable":true,"href":"https:\/\/www.honorpigment.com\/pt_br\/wp-json\/wp\/v2\/product_tag?post=3639"}],"curies":[{"name":"wp","href":"https:\/\/api.w.org\/{rel}","templated":true}]}}