{"id":3637,"date":"2025-09-19T09:13:56","date_gmt":"2025-09-19T01:13:56","guid":{"rendered":"https:\/\/www.honorpigments.com\/?post_type=product&#038;p=3637"},"modified":"2026-03-23T20:30:00","modified_gmt":"2026-03-23T12:30:00","slug":"solvent-red-195-solvent-dyes","status":"publish","type":"product","link":"https:\/\/www.honorpigment.com\/pt_br\/produto\/solvent-red-195-solvent-dyes\/","title":{"rendered":"Solvent Red 195 \/  Solvent Dyes"},"content":{"rendered":"<h3><strong><b>D<\/b><\/strong><strong><b>descri\u00e7\u00e3o <\/b><\/strong><\/h3>\n<p>Solvent Red 195 is a blue red transparent solvent dye.<\/p>\n<p>Ele tem excelente resist\u00eancia ao calor e \u00e0 luz, boa resist\u00eancia \u00e0 migra\u00e7\u00e3o e alto poder de tingimento, com ampla aplica\u00e7\u00e3o.<\/p>\n<p>Solvent Red 195 is used for coloring for plastics, PS, ABS, PMMA, PC, PET, polymer, fiber.<\/p>\n<h3><strong><b>Informa\u00e7\u00f5es de identifica\u00e7\u00e3o:<\/b><\/strong><\/h3>\n<p>Color Index: Solvent Red 195<\/p>\n<p>F\u00f3rmula molecular: C<sub>34<\/sub>H<sub>30<\/sub>Cl<sub>2<\/sub>N<sub>6<\/sub>O<sub>6<\/sub><\/p>\n<p>CAS No.: 164251-88-1<\/p>\n<h3><strong><b>Produto<\/b><\/strong><strong><b>\u00a0<\/b><\/strong><strong><b>especifica\u00e7\u00e3o<\/b><\/strong><\/h3>\n<p>Apar\u00eancia P\u00f3 vermelho<\/p>\n<p>Intensidade da colora\u00e7\u00e3o 100\u00b13%<\/p>\n<p>Cor da sombra Semelhante ao padr\u00e3o,<\/p>\n<p>Cinza \u2264 1,0%<\/p>\n<p>Umidade \u2264 1,0%<\/p>\n<p>Valor diferencial de cor\u0394E \u2264 0,8<\/p>\n<p>Bulk Density g\/cm3 \u00a0\u00a0\u00a0\u00a0\u00a0\u00a0\u00a0\u00a0\u00a0\u00a0\u00a0\u00a0\u00a0\u00a0\u00a0\u00a0\u00a0\u00a0\u00a0\u00a0\u00a0\u00a0\u00a0\u00a0\u00a0\u00a0\u00a0\u00a0\u00a0\u00a0\u00a0\u00a0\u00a0\u00a0\u00a0\u00a0\u00a0\u00a0\u00a0\u00a0\u00a0\u00a0\u00a0\u00a0\u00a0\u00a0\u00a0\u00a0\u00a0\u00a0\u00a0\u00a0\u00a0\u00a0\u00a0\u00a0\u00a0\u00a0\u00a0\u00a0\u00a0\u00a0\u00a0\u00a0\u00a0\u00a0\u00a0\u00a0\u00a0\u00a00.39<\/p>\n<p>Melting Point \u2103 \u00a0\u00a0\u00a0\u00a0\u00a0\u00a0\u00a0\u00a0\u00a0\u00a0\u00a0\u00a0\u00a0\u00a0\u00a0\u00a0\u00a0\u00a0\u00a0\u00a0\u00a0\u00a0\u00a0\u00a0\u00a0\u00a0\u00a0\u00a0\u00a0\u00a0\u00a0\u00a0\u00a0\u00a0\u00a0\u00a0\u00a0\u00a0\u00a0\u00a0\u00a0\u00a0\u00a0\u00a0\u00a0\u00a0\u00a0\u00a0\u00a0\u00a0\u00a0\u00a0\u00a0\u00a0\u00a0\u00a0\u00a0\u00a0\u00a0\u00a0\u00a0\u00a0\u00a0\u00a0\u00a0\u00a0\u00a0\u00a0\u00a0\u00a0\u00a0\u00a0\u00a0\u00a0\u00a0\u00a0216<\/p>\n<h3><strong><b>Dados t\u00e9cnicos<\/b><\/strong><\/h3>\n<table>\n<tbody>\n<tr>\n<td width=\"307\"><strong>Teste<\/strong><strong>\u00a0<\/strong><strong>Itens<\/strong><\/td>\n<td width=\"58\"><strong>PS<\/strong><\/td>\n<td width=\"58\"><strong>ABS<\/strong><\/td>\n<td width=\"58\"><strong>SAN<\/strong><\/td>\n<td width=\"58\"><strong>PMMA<\/strong><\/td>\n<td width=\"58\"><strong>PC<\/strong><\/td>\n<td width=\"58\"><strong>R-<\/strong><strong>PVC<\/strong><\/td>\n<td width=\"58\"><strong>PA6<\/strong><\/td>\n<td width=\"58\"><strong>PET<\/strong><\/td>\n<\/tr>\n<tr>\n<td width=\"307\">Temperatura de resist\u00eancia ao calor, \u2103<\/p>\n<p>(0,05% corantes, transparente)<\/td>\n<td width=\"58\">250<\/td>\n<td width=\"58\">250<\/td>\n<td width=\"58\">250<\/td>\n<td width=\"58\">250<\/td>\n<td width=\"58\">-<\/td>\n<td width=\"58\">-<\/td>\n<td width=\"58\">-<\/td>\n<td width=\"58\">-<\/td>\n<\/tr>\n<tr>\n<td width=\"307\">Temperatura de resist\u00eancia ao calor, \u2103<\/p>\n<p>(0,05% de corantes + 1,0% de di\u00f3xido de tit\u00e2nio)<\/td>\n<td width=\"58\">250<\/td>\n<td width=\"58\">250<\/td>\n<td width=\"58\">250<\/td>\n<td width=\"58\">250<\/td>\n<td width=\"58\">-<\/td>\n<td width=\"58\">-<\/td>\n<td width=\"58\">-<\/td>\n<td width=\"58\">-<\/td>\n<\/tr>\n<tr>\n<td width=\"307\">Resist\u00eancia \u00e0 migra\u00e7\u00e3o<\/td>\n<td width=\"58\">5<\/td>\n<td width=\"58\">5<\/td>\n<td width=\"58\">5<\/td>\n<td width=\"58\">5<\/td>\n<td width=\"58\">-<\/td>\n<td width=\"58\">5<\/td>\n<td width=\"58\">-<\/td>\n<td width=\"58\">-<\/td>\n<\/tr>\n<tr>\n<td width=\"307\">Solidez \u00e0 luz (corantes 0.05%, transparentes)<\/td>\n<td width=\"58\"><strong><b>8<\/b><\/strong><\/td>\n<td width=\"58\"><strong><b>8<\/b><\/strong><\/td>\n<td width=\"58\">-<\/td>\n<td width=\"58\">-<\/td>\n<td width=\"58\">-<\/td>\n<td width=\"58\"><strong><b>8<\/b><\/strong><\/td>\n<td width=\"58\"><\/td>\n<td width=\"58\">-<\/td>\n<\/tr>\n<tr>\n<td width=\"307\">Resist\u00eancia \u00e0s intemp\u00e9ries<\/td>\n<td width=\"58\">-<\/td>\n<td width=\"58\">-<\/td>\n<td width=\"58\">-<\/td>\n<td width=\"58\">-<\/td>\n<td width=\"58\">-<\/td>\n<td width=\"58\">-<\/td>\n<td width=\"58\">-<\/td>\n<td width=\"58\">-<\/td>\n<\/tr>\n<tr>\n<td width=\"307\">Resist\u00eancia a \u00e1cidos (em solu\u00e7\u00e3o de \u00e1cido clor\u00eddrico 5%)<\/td>\n<td width=\"58\">5<\/td>\n<td width=\"58\">5<\/td>\n<td width=\"58\">5<\/td>\n<td width=\"58\">5<\/td>\n<td width=\"58\">5<\/td>\n<td width=\"58\">5<\/td>\n<td width=\"58\">-<\/td>\n<td width=\"58\">-<\/td>\n<\/tr>\n<tr>\n<td width=\"307\">Resist\u00eancia a \u00e1lcalis (em solu\u00e7\u00e3o de soda c\u00e1ustica 5%)<\/td>\n<td width=\"58\">5<\/td>\n<td width=\"58\">5<\/td>\n<td width=\"58\">5<\/td>\n<td width=\"58\">5<\/td>\n<td width=\"58\">5<\/td>\n<td width=\"58\">5<\/td>\n<td width=\"58\">-<\/td>\n<td width=\"58\">-<\/td>\n<\/tr>\n<\/tbody>\n<\/table>\n<h3><strong><b>Solvente <\/b><\/strong><strong><b>Red <\/b><\/strong><strong><b>195<\/b><\/strong><strong><b>\u00a0solubilidade em solvente org\u00e2nico a 20\u2103 (g\/l)<\/b><\/strong><\/h3>\n<table>\n<tbody>\n<tr>\n<td width=\"140\"><strong><b>Acetona<\/b><\/strong><\/td>\n<td width=\"140\"><strong><b>Acetato de butila<\/b><\/strong><\/td>\n<td width=\"140\"><strong><b>Metilbenzeno<\/b><\/strong><\/td>\n<td width=\"140\"><strong><b>Diclorometano<\/b><\/strong><\/td>\n<td width=\"140\"><strong><b>\u00c1lcool et\u00edlico<\/b><\/strong><\/td>\n<\/tr>\n<tr>\n<td width=\"140\">1.40<\/td>\n<td width=\"140\">1.30<\/td>\n<td width=\"140\">2.70<\/td>\n<td width=\"140\">37.10<\/td>\n<td width=\"140\">0.80<\/td>\n<\/tr>\n<\/tbody>\n<\/table>\n<p><strong><b>\u00a0<\/b><\/strong><strong><b>Application<\/b><\/strong><strong>\u00a0<\/strong><\/p>\n<table>\n<tbody>\n<tr>\n<td width=\"129\"><strong>PS<\/strong><\/td>\n<td width=\"129\">\u25cf<\/td>\n<td width=\"129\"><strong>PET<\/strong><\/td>\n<td width=\"129\">\u25cb<\/td>\n<td width=\"129\"><strong>PC<\/strong><\/td>\n<td width=\"129\">\u25cf<\/td>\n<\/tr>\n<tr>\n<td width=\"129\"><strong>AS<\/strong><\/td>\n<td width=\"129\">\u25cf<\/td>\n<td width=\"129\"><strong>PVC-<\/strong><strong>\u00a0<\/strong><strong>R<\/strong><\/td>\n<td width=\"129\">\u25cf<\/td>\n<td width=\"129\"><strong>SAN<\/strong><\/td>\n<td width=\"129\">\u25cf<\/td>\n<\/tr>\n<tr>\n<td width=\"129\"><strong>ABS<\/strong><\/td>\n<td width=\"129\">\u25cf<\/td>\n<td width=\"129\"><strong>PVC-U<\/strong><\/td>\n<td width=\"129\">\u25cf<\/td>\n<td width=\"129\"><strong>HIPS<\/strong><\/td>\n<td width=\"129\">\u25cb<\/td>\n<\/tr>\n<tr>\n<td width=\"129\"><strong>PMMA<\/strong><\/td>\n<td width=\"129\">\u25cf<\/td>\n<td width=\"129\"><strong>PA6<\/strong><\/td>\n<td width=\"129\">\u25cb<\/td>\n<td width=\"129\"><\/td>\n<td width=\"129\"><\/td>\n<\/tr>\n<\/tbody>\n<\/table>\n<p><strong><b>Observa\u00e7\u00e3o:<\/b><\/strong><strong><b>\u00a0\u00a0\u00a0\u00a0<\/b><\/strong>\u25cf = recomendado \u25cb = uso potencial - = n\u00e3o recomendado<\/p>\n<p>&nbsp;<\/p>\n<h3><strong>Recomendado<\/strong><strong>\u00a0Dosagem<\/strong><\/h3>\n<p>Transparent: 0.03<\/p>\n<p>N\u00e3o transparente: 0,05<\/p>\n<h3><strong>Embalagem:<\/strong><\/h3>\n<p>A embalagem normal \u00e9 em tambor de papel de 25 kg, 450 kg\/Palete.<\/p>\n<h3>Why Choose Solvent Red 195?<\/h3>\n<p>Solvent Red 195 is an innovative, blue-red transparent solvent dye designed to meet the diverse coloring needs of industries. With its blend of excellent heat resistance, superior light resistance, and reliable migration resistance, this dye ensures durability and performance for your products. Its high tinting strength delivers vibrant and consistent results, catering to a wide range of applications. Whether you\u2019re coloring plastics, polymers, or fibers, Solvent Red 195 is tailored to perfection for your requirements.<\/p>\n<h3>Main Features and Benefits<\/h3>\n<p>One of the standout attributes of Solvent Red 195 is its exceptional heat and light resistance, making it ideal for applications that demand long-lasting color retention. It minimizes color migration, ensuring stability even in challenging environments. The high tinting strength provides the ability to achieve vivid and deep shades, creating visually striking products. Additionally, this versatile dye is compatible with multiple materials, including plastics such as PS (Polystyrene), ABS (Acrylonitrile Butadiene Styrene), PMMA (Poly(methyl methacrylate)), PC (Polycarbonate), and PET (Polyethylene Terephthalate).<\/p>\n<h3>Applications for Solvent Red 195<\/h3>\n<p>Solvent Red 195\u2019s effectiveness extends to a plethora of industrial applications. It is widely used in the coloring of plastics and polymers, offering unmatched consistency and quality. From PS and ABS to PMMA and PET, this dye works seamlessly across materials, delivering a vibrant hue that enhances the aesthetic appeal. It is also perfectly suited for fibers, making it a versatile choice for manufacturers seeking reliable, high-performance dye solutions. Whether for consumer goods or industrial products, Solvent Red 195 is an indispensable component in achieving striking visuals and functional excellence.<\/p>","protected":false},"excerpt":{"rendered":"<p>CAS No.: 164251-88-1<\/p>\n<p>F\u00f3rmula molecular: C<sub>34<\/sub>H<sub>30<\/sub>Cl<sub>2<\/sub>N<sub>6<\/sub>O<sub>6<\/sub><\/p>\n<p>Features:Excellent heat resistance and light resistance, good migration resistance and high tinting strength.<\/p>\n<p>Application:\u00a0Solvent Red 195 is used for coloring for plastics, PS, ABS, PMMA, PC, PET, polymer, fiber.<\/p>\n<p>&nbsp;<\/p>","protected":false},"featured_media":3638,"template":"","meta":[],"product_brand":[],"product_cat":[68,58],"product_tag":[394],"class_list":{"0":"post-3637","1":"product","2":"type-product","3":"status-publish","4":"has-post-thumbnail","6":"product_cat-solvent-dyes","7":"product_cat-dyestuffs","8":"product_tag-sr195","10":"first","11":"instock","12":"shipping-taxable","13":"product-type-simple"},"_links":{"self":[{"href":"https:\/\/www.honorpigment.com\/pt_br\/wp-json\/wp\/v2\/product\/3637","targetHints":{"allow":["GET"]}}],"collection":[{"href":"https:\/\/www.honorpigment.com\/pt_br\/wp-json\/wp\/v2\/product"}],"about":[{"href":"https:\/\/www.honorpigment.com\/pt_br\/wp-json\/wp\/v2\/types\/product"}],"version-history":[{"count":0,"href":"https:\/\/www.honorpigment.com\/pt_br\/wp-json\/wp\/v2\/product\/3637\/revisions"}],"wp:featuredmedia":[{"embeddable":true,"href":"https:\/\/www.honorpigment.com\/pt_br\/wp-json\/wp\/v2\/media\/3638"}],"wp:attachment":[{"href":"https:\/\/www.honorpigment.com\/pt_br\/wp-json\/wp\/v2\/media?parent=3637"}],"wp:term":[{"taxonomy":"product_brand","embeddable":true,"href":"https:\/\/www.honorpigment.com\/pt_br\/wp-json\/wp\/v2\/product_brand?post=3637"},{"taxonomy":"product_cat","embeddable":true,"href":"https:\/\/www.honorpigment.com\/pt_br\/wp-json\/wp\/v2\/product_cat?post=3637"},{"taxonomy":"product_tag","embeddable":true,"href":"https:\/\/www.honorpigment.com\/pt_br\/wp-json\/wp\/v2\/product_tag?post=3637"}],"curies":[{"name":"wp","href":"https:\/\/api.w.org\/{rel}","templated":true}]}}