{"id":3595,"date":"2025-09-16T14:38:36","date_gmt":"2025-09-16T06:38:36","guid":{"rendered":"https:\/\/www.honorpigments.com\/?post_type=product&#038;p=3595"},"modified":"2026-04-13T23:17:22","modified_gmt":"2026-04-13T15:17:22","slug":"hp-red-2634-pigment-red-254","status":"publish","type":"product","link":"https:\/\/www.honorpigment.com\/pt_br\/produto\/hp-red-2634-pigment-red-254\/","title":{"rendered":"PIGMENT RED 254\/ HP RED 2634"},"content":{"rendered":"<h2><strong>Products Description -PR254<\/strong><\/h2>\n<p>HP RED 2634 (PIGMENT RED 254) affords medium shades of red in full shades, while white reductions are somewhat bluish red.It shows high tinctorial strength and bleeding fastness. it recommended for high industrial paints, powder coatings and coil coatings.<\/p>\n<h3><strong>Aplica\u00e7\u00e3o recomendada<\/strong><strong>\uff1a<\/strong><\/h3>\n<p>Coatings: solvent based paints, water based paints, Auto Paints, industrial coatings, powder coatings, wood coatings, coil coatings<br \/>\nPlastics: PP, PE, PVC, PS\/SAN, ABS, POM, PBT, Rubber\/TPV, SBC, TPO, TPU<br \/>\nPrinting inks: offset inks, solvent based inks, water based inks<\/p>\n<h3><strong>Dados t\u00e9cnicos:<\/strong><\/h3>\n<table style=\"height: 260px;width: 95%;border-color: #050505\" width=\"95%\">\n<tbody>\n<tr style=\"height: 28px\">\n<td style=\"width: 98.4779%;background-color: #ababab;height: 10px\" colspan=\"5\" width=\"125\"><span style=\"font-size: 14pt\"><strong>Informa\u00e7\u00f5es sobre o produto<\/strong><\/span><\/td>\n<\/tr>\n<tr style=\"height: 24px\">\n<td style=\"width: 24.277%;height: 10px\" width=\"125\"><span style=\"font-size: 12pt\">Tipo de produto qu\u00edmico<\/span><\/td>\n<td style=\"width: 25.114%;height: 10px;text-align: center\" colspan=\"2\" width=\"125\">DPP<\/td>\n<td style=\"width: 25.1904%;height: 10px\" width=\"125\"><span style=\"font-size: 12pt\">CAS NO.<\/span><\/td>\n<td style=\"width: 23.8965%;text-align: center\" width=\"148\">84632-65-5<\/td>\n<\/tr>\n<tr style=\"height: 48px\">\n<td style=\"width: 24.277%;height: 10px\" width=\"125\"><span style=\"font-size: 12pt\">C. I. Nome<\/span><\/td>\n<td style=\"width: 25.114%;height: 10px;text-align: center\" colspan=\"2\" width=\"125\">Pigment Red 254<\/td>\n<td style=\"width: 25.1904%;height: 10px\" width=\"125\"><span style=\"font-size: 12pt\">EINECS \/ ELINCS NO.<\/span><\/td>\n<td style=\"width: 23.8965%;text-align: center\" width=\"148\">402-400-4<\/td>\n<\/tr>\n<tr style=\"height: 48px\">\n<td style=\"width: 24.277%;height: 10px\" width=\"125\"><span style=\"font-size: 12pt\">C. I. Constitui\u00e7\u00e3o n\u00ba.<\/span><\/td>\n<td style=\"width: 25.114%;height: 10px;text-align: center\" colspan=\"2\" width=\"125\">56110<\/td>\n<td style=\"width: 25.1904%;height: 10px\" width=\"125\"><span style=\"font-size: 12pt\">F\u00f3rmula qu\u00edmica<\/span><\/td>\n<td style=\"width: 23.8965%;text-align: center\" width=\"148\">C18H10Cl2N2O2<\/td>\n<\/tr>\n<tr style=\"height: 24px\">\n<td style=\"width: 98.4779%;height: 10px\" colspan=\"5\" width=\"125\"><\/td>\n<\/tr>\n<tr style=\"height: 28px\">\n<td style=\"width: 98.4779%;background-color: #ababab;height: 10px\" colspan=\"5\" width=\"125\"><span style=\"font-size: 14pt\"><strong>Desempenho t\u00e9cnico<\/strong><\/span><\/td>\n<\/tr>\n<tr style=\"height: 24px\">\n<td style=\"width: 24.277%;height: 10px\" width=\"125\"><\/td>\n<td style=\"width: 12.4048%;height: 10px;text-align: center\" width=\"125\"><span style=\"font-size: 12pt\">Sombra total<\/span><\/td>\n<td style=\"width: 12.7092%;height: 10px;text-align: center\" width=\"125\"><span style=\"font-size: 12pt\">Tonalidade<\/span><\/td>\n<td style=\"width: 25.1904%;height: 10px\" width=\"125\"><\/td>\n<td style=\"width: 23.8965%;height: 10px\" width=\"125\"><\/td>\n<\/tr>\n<tr style=\"height: 48px\">\n<td style=\"width: 24.277%;height: 10px\" width=\"125\"><span style=\"font-size: 12pt\">Resist\u00eancia \u00e0s intemp\u00e9ries<\/span><\/td>\n<td class=\"et3\" style=\"height: 19.95pt;width: 12.4048%;text-align: center\" width=\"116\" height=\"26\">5<\/td>\n<td class=\"et4\" style=\"width: 12.7092%;text-align: center\" width=\"110\">4-5<\/td>\n<td style=\"width: 25.1904%;height: 10px\" width=\"125\"><span style=\"font-size: 12pt\">Estabilidade t\u00e9rmica \u00b0C<\/span><\/td>\n<td style=\"width: 23.8965%;height: 10px;text-align: center\" width=\"125\"><span style=\"font-size: 12pt\">300\u00b0C<\/span><\/td>\n<\/tr>\n<tr style=\"height: 24px\">\n<td style=\"width: 24.277%;height: 10px\" width=\"125\"><span style=\"font-size: 12pt\">Solidez \u00e0 luz<\/span><\/td>\n<td class=\"et4\" style=\"height: 19.95pt;width: 12.4048%;text-align: center\" height=\"26\">8<\/td>\n<td class=\"et4\" style=\"width: 12.7092%;text-align: center\">7-8<\/td>\n<td style=\"width: 25.1904%;height: 10px\" width=\"125\"><\/td>\n<td style=\"width: 23.8965%;height: 10px\" width=\"125\"><\/td>\n<\/tr>\n<tr style=\"height: 24px\">\n<td style=\"width: 98.4779%;height: 10px\" colspan=\"5\" width=\"125\"><\/td>\n<\/tr>\n<tr style=\"height: 24px\">\n<td style=\"width: 98.4779%;background-color: #ababab;height: 10px\" colspan=\"5\" width=\"125\"><span style=\"font-size: 14pt\"><strong>Propriedades f\u00edsicas<\/strong><\/span><\/td>\n<\/tr>\n<tr style=\"height: 48px\">\n<td style=\"width: 24.277%;height: 10px\" width=\"125\"><span style=\"font-size: 12pt\">Forma f\u00edsica<\/span><\/td>\n<td style=\"width: 25.114%;height: 10px;text-align: center\" colspan=\"2\" width=\"125\"><span style=\"font-size: 12pt\">P\u00f3<\/span><\/td>\n<td class=\"et3\" style=\"height: 19.95pt;width: 25.1904%\" width=\"166\" height=\"26\"><span class=\"font1\">Resist\u00eancia a \u00e1cidos<\/span><\/td>\n<td class=\"et4\" style=\"width: 23.8965%;text-align: center\" width=\"148\">5<\/td>\n<\/tr>\n<tr style=\"height: 48px\">\n<td style=\"width: 24.277%;height: 10px\" width=\"125\"><span style=\"font-size: 12pt\">Densidade espec\u00edfica (g\/cm3):<\/span><\/td>\n<td style=\"width: 25.114%;height: 10px;text-align: center\" colspan=\"2\" width=\"125\">1.60 \u00b1 0.1<\/td>\n<td class=\"et3\" style=\"height: 19.95pt;width: 25.1904%\" width=\"166\" height=\"26\"><span class=\"font1\">Resist\u00eancia a \u00e1lcalis<\/span><\/td>\n<td class=\"et4\" style=\"width: 23.8965%;text-align: center\">5<\/td>\n<\/tr>\n<tr style=\"height: 48px\">\n<td style=\"width: 24.277%;height: 10px\" width=\"125\"><span style=\"font-size: 12pt\">Superf\u00edcie espec\u00edfica (\u33a1\/g):<\/span><\/td>\n<td style=\"width: 25.114%;height: 10px;text-align: center\" colspan=\"2\" width=\"125\">26<\/td>\n<td class=\"et3\" style=\"height: 19.95pt;width: 25.1904%\" width=\"166\" height=\"26\">Resist\u00eancia \u00e0 migra\u00e7\u00e3o PVC<\/td>\n<td class=\"et5\" style=\"width: 23.8965%;text-align: center\">5<\/td>\n<\/tr>\n<tr style=\"height: 24px\">\n<td style=\"width: 24.277%;height: 10px\" width=\"125\"><span style=\"font-size: 12pt\">Absor\u00e7\u00e3o de \u00f3leo<\/span><\/td>\n<td style=\"width: 25.114%;height: 10px;text-align: center\" colspan=\"2\" width=\"125\">40<\/td>\n<td class=\"et3\" style=\"height: 19.95pt;width: 25.1904%\" width=\"166\" height=\"26\">Aplica\u00e7\u00f5es com baixo empenamento<\/td>\n<td class=\"et5\" style=\"width: 23.8965%;text-align: center\">Adequado<\/td>\n<\/tr>\n<tr style=\"height: 24px\">\n<td style=\"width: 24.277%;height: 10px\" width=\"125\"><span style=\"font-size: 12pt\">Valor do pH<\/span><\/td>\n<td style=\"width: 25.114%;height: 10px;text-align: center\" colspan=\"2\" width=\"125\">6.0-8.0<\/td>\n<td class=\"et3\" style=\"height: 19.95pt;width: 25.1904%\" width=\"190\" height=\"26\"><\/td>\n<td class=\"et4\" style=\"width: 23.8965%;text-align: center\"><\/td>\n<\/tr>\n<tr style=\"height: 24px\">\n<td style=\"width: 24.277%;height: 10px\" width=\"125\"><span style=\"font-size: 12pt\">Mat\u00e9ria Vol\u00e1til<\/span><\/td>\n<td style=\"width: 25.114%;height: 10px;text-align: center\" colspan=\"2\" width=\"125\"><span style=\"font-size: 12pt\">1% m\u00e1ximo<\/span><\/td>\n<td class=\"et3\" style=\"height: 19.95pt;width: 25.1904%\" width=\"190\" height=\"26\"><\/td>\n<td class=\"et4\" style=\"width: 23.8965%;text-align: center\"><\/td>\n<\/tr>\n<tr style=\"height: 24px\">\n<td style=\"width: 24.277%;height: 10px\" width=\"125\"><\/td>\n<td style=\"width: 25.114%;height: 10px\" colspan=\"2\"><\/td>\n<td class=\"et3\" style=\"height: 19.95pt;width: 25.1904%\" width=\"190\" height=\"26\"><\/td>\n<td class=\"et4\" style=\"width: 23.8965%;text-align: center\"><\/td>\n<\/tr>\n<tr style=\"height: 48px\">\n<td style=\"width: 98.4779%;background-color: #ababab;height: 10px\" colspan=\"5\" width=\"125\"><span style=\"font-size: 14pt\"><strong>Embalagem<\/strong><\/span><\/td>\n<\/tr>\n<tr style=\"height: 48px\">\n<td style=\"width: 98.4779%;height: 10px\" colspan=\"5\" width=\"125\">10kgs\/Bag 400kgs\/Pallet<\/td>\n<\/tr>\n<tr style=\"height: 24px\">\n<td style=\"width: 98.4779%;height: 10px\" colspan=\"5\" width=\"125\"><\/td>\n<\/tr>\n<tr style=\"height: 24px\">\n<td style=\"width: 49.391%;background-color: #ababab;height: 10px\" colspan=\"3\" width=\"125\"><span style=\"font-size: 14pt\"><strong>Armazenamento<\/strong><\/span><\/td>\n<td style=\"width: 25.1904%;height: 10px\" width=\"125\"><span style=\"font-size: 14pt\"><strong>Prazo de validade<\/strong><\/span><\/td>\n<td style=\"width: 23.8965%;height: 10px\" width=\"125\"><span style=\"font-size: 12pt\">5 anos<\/span><\/td>\n<\/tr>\n<tr style=\"height: 24px\">\n<td style=\"width: 98.4779%;height: 10px\" colspan=\"5\" width=\"375\"><span style=\"font-size: 12pt\">Deve ser armazenado em local fresco, seco e ventilado.<\/span><\/td>\n<\/tr>\n<tr style=\"height: 24px\">\n<td style=\"width: 98.4779%;height: 10px\" colspan=\"5\" width=\"125\"><\/td>\n<\/tr>\n<tr style=\"height: 24px\">\n<td style=\"width: 98.4779%;background-color: #ababab;height: 10px\" colspan=\"5\" width=\"125\"><span style=\"font-size: 14pt\"><strong>TRANSPORTE<\/strong><\/span><\/td>\n<\/tr>\n<tr style=\"height: 48px\">\n<td style=\"width: 98.4779%;height: 10px\" colspan=\"5\" width=\"375\"><span style=\"font-size: 12pt\">Evite invers\u00e3o, luz solar, umidade e colis\u00f5es. Evite danificar a embalagem.<\/span><\/td>\n<\/tr>\n<\/tbody>\n<\/table>\n<ul>\n<li><strong>Light fastness:<\/strong> Light fastness rating is assessed on 1 to 8 Blue Wool scale where 1 = \u2018Poor\u2019 and 8 = \u2018Excellent\u2019.<\/li>\n<li><strong>Heat Stability:<\/strong> Heat stability values given indicate the maximum temperature at which the pigment can be stoved for 10 min. on the full shade and in reductions without undergoing any significant change in shade.<\/li>\n<li><strong>Oil absorption:<\/strong> The oil absorption is determined on the basis of EN ISO 787-5 and given in g linseed oil per 100 gm. pigment.<\/li>\n<li><strong>Solvent bleeding:<\/strong> The bleeding in solvents is tested using the powder grades and the visual rating given on 1 to 5 Grey scale<br \/>\nem que 1 = \u2018Sangramento intenso\u2019 e 5 = \u2018Sem sangramento\u201d<\/li>\n<\/ul>\n<p>Disclaimer \u2013 The information given in this data sheet is based on the present state of our knowledge &amp; is intended as a general description of our products &amp; their possible applications. Due to the multitude of formulations, production &amp; application conditions, all the above mentioned data have to be adjusted to the circumstances of the processor. No liabilities, including those for patent rights, can be derived from this fact for individual cases. It cannot be ruled out that this product contains particles &lt; 0.1 \u03bcm. Any user of this product is responsible for determining the suitability of Honor Pigments\u2019s products for its particular application &amp; to ensure that any proprietary rights &amp; existing laws &amp; legislation are observed.<\/p>\n<div class=\"honor-product-overview\" style=\"margin-top:40px;border-top:2px solid #f6c405;padding-top:30px\">\n<h3>Why Choose Honor Pigments?<\/h3>\n<ul>\n<li>\ud83c\udf0d <strong>Global Export Expertise<\/strong> \u2014 Trusted by customers in 40+ countries for consistent quality and reliable supply<\/li>\n<li>\u2705 <strong>Strict Quality Control<\/strong> \u2014 ISO 9001 certified with batch-to-batch consistency and zero-defect policy<\/li>\n<li>\ud83d\udcb0 <strong>OEM Production Advantage<\/strong> \u2014 Competitive pricing without compromising pigment performance<\/li>\n<li>\ud83e\uddea <strong>Technical Support<\/strong> \u2014 Free color matching, formulation advice and sample testing before bulk order<\/li>\n<\/ul>\n<div style=\"background:#f8f9fa;padding:20px;border-left:4px solid #f6c405;margin:20px 0\">\n<p><strong>\ud83d\udce9 Need more details?<\/strong><\/p>\n<p>Request TDS, SDS, or a free sample for testing.<\/p>\n<\/div>\n<\/div>","protected":false},"excerpt":{"rendered":"<p>C.I.NO: PR254<\/p>\n<p>Advantage: Covering powder, Low viscosit<\/p>\n<p>Main Application Recommended: Coil Coatings, Oil Based Paints, Powder Coatings, Industrial Paints<\/p>","protected":false},"featured_media":3417,"template":"","meta":[],"product_brand":[],"product_cat":[15,74,61,72,73,75,62,95,63,91,76,92,77,71],"product_tag":[],"class_list":{"0":"post-3595","1":"product","2":"type-product","3":"status-publish","4":"has-post-thumbnail","6":"product_cat-organic-pigments","7":"product_cat-pigments-for-auto-paints","8":"product_cat-pigments-for-coatings-paints","9":"product_cat-pigments-for-coil-coatings","10":"product_cat-pigments-for-industrial-coatings","11":"product_cat-pigments-for-offset-inks","12":"product_cat-pigments-for-plasticsampmasterbatch","13":"product_cat-pigments-for-powder-coatings","14":"product_cat-pigments-for-printing-inks","15":"product_cat-pigments-for-solvent-based-coatings","16":"product_cat-pigments-for-sovlent-based-inks","17":"product_cat-pigments-for-water-based-coatings","18":"product_cat-pigments-for-water-based-inks","19":"product_cat-pigments-for-wood-coatings","20":"stm_brands-honor-pigments","22":"first","23":"instock","24":"shipping-taxable","25":"product-type-simple"},"_links":{"self":[{"href":"https:\/\/www.honorpigment.com\/pt_br\/wp-json\/wp\/v2\/product\/3595","targetHints":{"allow":["GET"]}}],"collection":[{"href":"https:\/\/www.honorpigment.com\/pt_br\/wp-json\/wp\/v2\/product"}],"about":[{"href":"https:\/\/www.honorpigment.com\/pt_br\/wp-json\/wp\/v2\/types\/product"}],"version-history":[{"count":2,"href":"https:\/\/www.honorpigment.com\/pt_br\/wp-json\/wp\/v2\/product\/3595\/revisions"}],"predecessor-version":[{"id":8742,"href":"https:\/\/www.honorpigment.com\/pt_br\/wp-json\/wp\/v2\/product\/3595\/revisions\/8742"}],"wp:featuredmedia":[{"embeddable":true,"href":"https:\/\/www.honorpigment.com\/pt_br\/wp-json\/wp\/v2\/media\/3417"}],"wp:attachment":[{"href":"https:\/\/www.honorpigment.com\/pt_br\/wp-json\/wp\/v2\/media?parent=3595"}],"wp:term":[{"taxonomy":"product_brand","embeddable":true,"href":"https:\/\/www.honorpigment.com\/pt_br\/wp-json\/wp\/v2\/product_brand?post=3595"},{"taxonomy":"product_cat","embeddable":true,"href":"https:\/\/www.honorpigment.com\/pt_br\/wp-json\/wp\/v2\/product_cat?post=3595"},{"taxonomy":"product_tag","embeddable":true,"href":"https:\/\/www.honorpigment.com\/pt_br\/wp-json\/wp\/v2\/product_tag?post=3595"}],"curies":[{"name":"wp","href":"https:\/\/api.w.org\/{rel}","templated":true}]}}