{"id":3393,"date":"2025-09-08T15:53:16","date_gmt":"2025-09-08T07:53:16","guid":{"rendered":"https:\/\/www.honorpigments.com\/?post_type=product&#038;p=3393"},"modified":"2026-03-23T21:13:11","modified_gmt":"2026-03-23T13:13:11","slug":"hp-yellow-2262-pigment-red-146","status":"publish","type":"product","link":"https:\/\/www.honorpigment.com\/pt_br\/produto\/hp-yellow-2262-pigment-red-146\/","title":{"rendered":"VERMELHO PIGMENTO 146\/ VERMELHO HP 2262"},"content":{"rendered":"<h3><strong>Product Description &#8211; PR146<\/strong><\/h3>\n<p align=\"left\">HP RED 2262 (PIGMENT RED 146) is bluish red pigment with very good solvent resistance, primarily used in water based printing inks, coatings and paints. It is somewhat yellower than PR57:1, with good perfoamnce in inks. And also very good light fastness in textile printings. is primarily applied in emulsiion and architectural paints as well, and also used in general industrial paints where durability is not important.<\/p>\n<h3><strong>Aplica\u00e7\u00e3o recomendada<\/strong><strong>\uff1a<\/strong><\/h3>\n<p>Coatings: water based paints, industrial paints<br \/>\nPrinting inks: offset inks, water based inks<\/p>\n<h3><strong>Dados t\u00e9cnicos:<\/strong><\/h3>\n<table style=\"height: 260px; width: 95%; border-color: #050505;\" width=\"95%\">\n<tbody>\n<tr style=\"height: 28px;\">\n<td style=\"width: 98.4018%; background-color: #ababab; height: 10px;\" colspan=\"5\" width=\"125\"><span style=\"font-size: 14pt;\"><strong>Informa\u00e7\u00f5es sobre o produto<\/strong><\/span><\/td>\n<\/tr>\n<tr style=\"height: 24px;\">\n<td style=\"width: 24.277%; height: 10px;\" width=\"125\"><span style=\"font-size: 12pt;\">Tipo de produto qu\u00edmico<\/span><\/td>\n<td style=\"width: 25.114%; height: 10px; text-align: center;\" colspan=\"2\" width=\"125\">Naphthol<\/td>\n<td style=\"width: 25.1904%; height: 10px;\" width=\"125\"><span style=\"font-size: 12pt;\">CAS NO.<\/span><\/td>\n<td class=\"et3\" style=\"height: 19.95pt; width: 23.8204%; text-align: center;\" width=\"148\" height=\"26\">5280-68-2<\/td>\n<\/tr>\n<tr style=\"height: 48px;\">\n<td style=\"width: 24.277%; height: 10px;\" width=\"125\"><span style=\"font-size: 12pt;\">C. I. Nome<\/span><\/td>\n<td style=\"width: 25.114%; height: 10px; text-align: center;\" colspan=\"2\" width=\"125\">Pigment Red 146<\/td>\n<td style=\"width: 25.1904%; height: 10px;\" width=\"125\"><span style=\"font-size: 12pt;\">EINECS \/ ELINCS NO.<\/span><\/td>\n<td class=\"et3\" style=\"height: 19.95pt; width: 23.8204%; text-align: center;\" width=\"148\" height=\"26\">226-103-2<\/td>\n<\/tr>\n<tr style=\"height: 48px;\">\n<td style=\"width: 24.277%; height: 10px;\" width=\"125\"><span style=\"font-size: 12pt;\">C. I. Constitui\u00e7\u00e3o n\u00ba.<\/span><\/td>\n<td style=\"width: 25.114%; height: 10px; text-align: center;\" colspan=\"2\" width=\"125\">12485<\/td>\n<td style=\"width: 25.1904%; height: 10px;\" width=\"125\"><span style=\"font-size: 12pt;\">F\u00f3rmula qu\u00edmica<\/span><\/td>\n<td class=\"et4\" style=\"height: 19.95pt; width: 23.8204%; text-align: center;\" width=\"148\" height=\"26\"><span class=\"mord\"><span class=\"mord mathnormal\">C<\/span><span class=\"msupsub\"><span class=\"vlist-t vlist-t2\"><span class=\"vlist-r\"><span class=\"vlist\"><span class=\"sizing reset-size6 size3 mtight\"><span class=\"mord mtight\">32<\/span><\/span><\/span><span class=\"vlist-s\">\u200b<\/span><\/span><\/span><\/span><\/span><span class=\"mord\"><span class=\"mord mathnormal\">H<\/span><span class=\"msupsub\"><span class=\"vlist-t vlist-t2\"><span class=\"vlist-r\"><span class=\"vlist\"><span class=\"sizing reset-size6 size3 mtight\"><span class=\"mord mtight\">22<\/span><\/span><\/span><span class=\"vlist-s\">\u200b<\/span><\/span><\/span><\/span><\/span><span class=\"mord mathnormal\">C<\/span><span class=\"mord\"><span class=\"mord mathnormal\">l<\/span><span class=\"msupsub\"><span class=\"vlist-t vlist-t2\"><span class=\"vlist-r\"><span class=\"vlist\"><span class=\"sizing reset-size6 size3 mtight\"><span class=\"mord mtight\">2<\/span><\/span><\/span><span class=\"vlist-s\">\u200b<\/span><\/span><\/span><\/span><\/span><span class=\"mord\"><span class=\"mord mathnormal\">N<\/span><span class=\"msupsub\"><span class=\"vlist-t vlist-t2\"><span class=\"vlist-r\"><span class=\"vlist\"><span class=\"sizing reset-size6 size3 mtight\"><span class=\"mord mtight\">6<\/span><\/span><\/span><span class=\"vlist-s\">\u200b<\/span><\/span><\/span><\/span><\/span><span class=\"mord\"><span class=\"mord mathnormal\">O<\/span><span class=\"msupsub\"><span class=\"vlist-t vlist-t2\"><span class=\"vlist-r\"><span class=\"vlist\"><span class=\"sizing reset-size6 size3 mtight\"><span class=\"mord mtight\">4<\/span><\/span><\/span><\/span><\/span><\/span><\/span><\/td>\n<\/tr>\n<tr style=\"height: 24px;\">\n<td style=\"width: 98.4018%; height: 10px;\" colspan=\"5\" width=\"125\"><\/td>\n<\/tr>\n<tr style=\"height: 28px;\">\n<td style=\"width: 98.4018%; background-color: #ababab; height: 10px;\" colspan=\"5\" width=\"125\"><span style=\"font-size: 14pt;\"><strong>Desempenho t\u00e9cnico<\/strong><\/span><\/td>\n<\/tr>\n<tr style=\"height: 24px;\">\n<td style=\"width: 24.277%; height: 10px;\" width=\"125\"><\/td>\n<td style=\"width: 12.4048%; height: 10px; text-align: center;\" width=\"125\"><span style=\"font-size: 12pt;\">Sombra total<\/span><\/td>\n<td style=\"width: 12.7092%; height: 10px; text-align: center;\" width=\"125\"><span style=\"font-size: 12pt;\">Tonalidade<\/span><\/td>\n<td style=\"width: 25.1904%; height: 10px;\" width=\"125\"><\/td>\n<td style=\"width: 23.8204%; height: 10px;\" width=\"125\"><\/td>\n<\/tr>\n<tr style=\"height: 48px;\">\n<td style=\"width: 24.277%; height: 10px;\" width=\"125\"><span style=\"font-size: 12pt;\">Resist\u00eancia \u00e0s intemp\u00e9ries<\/span><\/td>\n<td class=\"et3\" style=\"height: 19.95pt; width: 12.4048%; text-align: center;\" width=\"116\" height=\"26\"><span class=\"font1\">4-5<\/span><\/td>\n<td class=\"et4\" style=\"width: 12.7092%; text-align: center;\" width=\"110\">4<\/td>\n<td style=\"width: 25.1904%; height: 10px;\" width=\"125\"><span style=\"font-size: 12pt;\">Estabilidade t\u00e9rmica \u00b0C<\/span><\/td>\n<td style=\"width: 23.8204%; height: 10px; text-align: center;\" width=\"125\"><span style=\"font-size: 12pt;\">200\u00b0C<\/span><\/td>\n<\/tr>\n<tr style=\"height: 24px;\">\n<td style=\"width: 24.277%; height: 10px;\" width=\"125\"><span style=\"font-size: 12pt;\">Solidez \u00e0 luz<\/span><\/td>\n<td class=\"et4\" style=\"height: 19.95pt; width: 12.4048%; text-align: center;\" height=\"26\">7<\/td>\n<td class=\"et4\" style=\"width: 12.7092%; text-align: center;\">6<\/td>\n<td style=\"width: 25.1904%; height: 10px;\" width=\"125\"><\/td>\n<td style=\"width: 23.8204%; height: 10px;\" width=\"125\"><\/td>\n<\/tr>\n<tr style=\"height: 24px;\">\n<td style=\"width: 98.4018%; height: 10px;\" colspan=\"5\" width=\"125\"><\/td>\n<\/tr>\n<tr style=\"height: 24px;\">\n<td style=\"width: 98.4018%; background-color: #ababab; height: 10px;\" colspan=\"5\" width=\"125\"><span style=\"font-size: 14pt;\"><strong>Propriedades f\u00edsicas<\/strong><\/span><\/td>\n<\/tr>\n<tr style=\"height: 48px;\">\n<td style=\"width: 24.277%; height: 10px;\" width=\"125\"><span style=\"font-size: 12pt;\">Forma f\u00edsica<\/span><\/td>\n<td style=\"width: 25.114%; height: 10px; text-align: center;\" colspan=\"2\" width=\"125\"><span style=\"font-size: 12pt;\">P\u00f3<\/span><\/td>\n<td class=\"et3\" style=\"height: 19.95pt; width: 25.1904%;\" width=\"166\" height=\"26\"><span class=\"font1\">Bleeding in Xylene<\/span><\/td>\n<td class=\"et4\" style=\"width: 23.8204%; text-align: center;\" width=\"116\">5<\/td>\n<\/tr>\n<tr style=\"height: 48px;\">\n<td style=\"width: 24.277%; height: 10px;\" width=\"125\"><span style=\"font-size: 12pt;\">Densidade espec\u00edfica (g\/cm3):<\/span><\/td>\n<td style=\"width: 25.114%; height: 10px; text-align: center;\" colspan=\"2\" width=\"125\">1.50 \u00b1 0.1<\/td>\n<td class=\"et3\" style=\"height: 19.95pt; width: 25.1904%;\" width=\"166\" height=\"26\"><span class=\"font1\">Bleeding in Methyl Ethyl Ketone<\/span><\/td>\n<td class=\"et4\" style=\"width: 23.8204%; text-align: center;\">5<\/td>\n<\/tr>\n<tr style=\"height: 48px;\">\n<td style=\"width: 24.277%; height: 10px;\" width=\"125\"><span style=\"font-size: 12pt;\">Superf\u00edcie espec\u00edfica (\u33a1\/g):<\/span><\/td>\n<td style=\"width: 25.114%; height: 10px; text-align: center;\" colspan=\"2\" width=\"125\">36-40<\/td>\n<td class=\"et3\" style=\"height: 19.95pt; width: 25.1904%;\" width=\"166\" height=\"26\"><span class=\"font1\">Bleeding in Ethyl Acetate<\/span><\/td>\n<td class=\"et4\" style=\"width: 23.8204%; text-align: center;\">5<\/td>\n<\/tr>\n<tr style=\"height: 24px;\">\n<td style=\"width: 24.277%; height: 10px;\" width=\"125\"><span style=\"font-size: 12pt;\">Absor\u00e7\u00e3o de \u00f3leo<\/span><\/td>\n<td style=\"width: 25.114%; height: 10px; text-align: center;\" colspan=\"2\" width=\"125\">65 \u00b1 10<\/td>\n<td class=\"et3\" style=\"height: 19.95pt; width: 25.1904%;\" width=\"166\" height=\"26\"><span class=\"font1\">Bleeding in Cellosolve<\/span><\/td>\n<td class=\"et4\" style=\"width: 23.8204%; text-align: center;\">5<\/td>\n<\/tr>\n<tr style=\"height: 24px;\">\n<td style=\"width: 24.277%; height: 10px;\" width=\"125\"><span style=\"font-size: 12pt;\">Valor do pH<\/span><\/td>\n<td style=\"width: 25.114%; height: 10px; text-align: center;\" colspan=\"2\" width=\"125\">4 &#8211; 7<\/td>\n<td class=\"et3\" style=\"height: 19.95pt; width: 25.1904%;\" width=\"166\" height=\"26\"><span class=\"font1\">Bleeding in Mineral Turpentine<\/span><\/td>\n<td class=\"et4\" style=\"width: 23.8204%; text-align: center;\">5<\/td>\n<\/tr>\n<tr style=\"height: 24px;\">\n<td style=\"width: 24.277%; height: 10px;\" width=\"125\"><span style=\"font-size: 12pt;\">Mat\u00e9ria Vol\u00e1til<\/span><\/td>\n<td style=\"width: 25.114%; height: 10px; text-align: center;\" colspan=\"2\" width=\"125\"><span style=\"font-size: 12pt;\">1% m\u00e1ximo<\/span><\/td>\n<td class=\"et3\" style=\"height: 19.95pt; width: 25.1904%;\" width=\"166\" height=\"26\"><span class=\"font1\">Resist\u00eancia a \u00e1cidos<\/span><\/td>\n<td class=\"et4\" style=\"width: 23.8204%; text-align: center;\">4<\/td>\n<\/tr>\n<tr style=\"height: 24px;\">\n<td style=\"width: 24.277%; height: 10px;\" width=\"125\"><\/td>\n<td style=\"width: 25.114%; height: 10px;\" colspan=\"2\"><\/td>\n<td class=\"et3\" style=\"height: 19.95pt; width: 25.1904%;\" width=\"166\" height=\"26\"><span class=\"font1\">Resist\u00eancia a \u00e1lcalis<\/span><\/td>\n<td class=\"et4\" style=\"width: 23.8204%; text-align: center;\">4<\/td>\n<\/tr>\n<tr style=\"height: 48px;\">\n<td style=\"width: 98.4018%; background-color: #ababab; height: 10px;\" colspan=\"5\" width=\"125\"><span style=\"font-size: 14pt;\"><strong>Embalagem<\/strong><\/span><\/td>\n<\/tr>\n<tr style=\"height: 48px;\">\n<td style=\"width: 98.4018%; height: 10px;\" colspan=\"5\" width=\"125\">25kgs\/bag 400kgs\/Pallet<\/td>\n<\/tr>\n<tr style=\"height: 24px;\">\n<td style=\"width: 98.4018%; height: 10px;\" colspan=\"5\" width=\"125\"><\/td>\n<\/tr>\n<tr style=\"height: 24px;\">\n<td style=\"width: 49.391%; background-color: #ababab; height: 10px;\" colspan=\"3\" width=\"125\"><span style=\"font-size: 14pt;\"><strong>Armazenamento<\/strong><\/span><\/td>\n<td style=\"width: 25.1904%; height: 10px;\" width=\"125\"><span style=\"font-size: 14pt;\"><strong>Prazo de validade<\/strong><\/span><\/td>\n<td style=\"width: 23.8204%; height: 10px;\" width=\"125\"><span style=\"font-size: 12pt;\">5 anos<\/span><\/td>\n<\/tr>\n<tr style=\"height: 24px;\">\n<td style=\"width: 98.4018%; height: 10px;\" colspan=\"5\" width=\"375\"><span style=\"font-size: 12pt;\">Deve ser armazenado em local fresco, seco e ventilado.<\/span><\/td>\n<\/tr>\n<tr style=\"height: 24px;\">\n<td style=\"width: 98.4018%; height: 10px;\" colspan=\"5\" width=\"125\"><\/td>\n<\/tr>\n<tr style=\"height: 24px;\">\n<td style=\"width: 98.4018%; background-color: #ababab; height: 10px;\" colspan=\"5\" width=\"125\"><span style=\"font-size: 14pt;\"><strong>TRANSPORTE<\/strong><\/span><\/td>\n<\/tr>\n<tr style=\"height: 48px;\">\n<td style=\"width: 98.4018%; height: 10px;\" colspan=\"5\" width=\"375\"><span style=\"font-size: 12pt;\">Evite invers\u00e3o, luz solar, umidade e colis\u00f5es. Evite danificar a embalagem.<\/span><\/td>\n<\/tr>\n<\/tbody>\n<\/table>\n<ul>\n<li>Solidez \u00e0 luz: A classifica\u00e7\u00e3o da resist\u00eancia \u00e0 luz \u00e9 avaliada em uma escala de 1 a 8 de l\u00e3 azul, em que 1 = \u2018ruim\u2019 e 8 = \u2018excelente\u2019.<\/li>\n<li>Estabilidade t\u00e9rmica: os valores de estabilidade t\u00e9rmica fornecidos indicam a temperatura m\u00e1xima na qual o pigmento pode ser armazenado por 10 minutos na sombra total e em redu\u00e7\u00f5es sem sofrer nenhuma altera\u00e7\u00e3o significativa na sombra.<\/li>\n<li>Absor\u00e7\u00e3o de \u00f3leo: A absor\u00e7\u00e3o de \u00f3leo \u00e9 determinada com base na norma EN ISO 787-5 e dada em g de \u00f3leo de linha\u00e7a por 100 g de pigmento.<\/li>\n<li>Sangramento com solvente: O sangramento em solventes \u00e9 testado usando os graus de p\u00f3 e a classifica\u00e7\u00e3o visual \u00e9 dada em uma escala de 1 a 5 tons de cinza<br \/>\nem que 1 = \u2018Sangramento intenso\u2019 e 5 = \u2018Sem sangramento\u201d<\/li>\n<\/ul>\n<p>Isen\u00e7\u00e3o de responsabilidade - As informa\u00e7\u00f5es fornecidas nesta folha de dados baseiam-se no estado atual de nosso conhecimento e destinam-se a uma descri\u00e7\u00e3o geral de nossos produtos e suas poss\u00edveis aplica\u00e7\u00f5es. Devido \u00e0 grande variedade de formula\u00e7\u00f5es, condi\u00e7\u00f5es de produ\u00e7\u00e3o e aplica\u00e7\u00e3o, todos os dados mencionados acima devem ser ajustados \u00e0s circunst\u00e2ncias do processador. Nenhuma responsabilidade, inclusive em rela\u00e7\u00e3o aos direitos de patente, pode ser derivada desse fato para casos individuais. N\u00e3o se pode descartar a possibilidade de que este produto contenha part\u00edculas &lt; 0,1 \u03bcm. Qualquer usu\u00e1rio deste produto \u00e9 respons\u00e1vel por determinar a adequa\u00e7\u00e3o dos produtos da Sudarshan para sua aplica\u00e7\u00e3o espec\u00edfica e por garantir que quaisquer direitos de propriedade, leis e legisla\u00e7\u00e3o existentes sejam observados.<\/p>","protected":false},"excerpt":{"rendered":"<p>C.I.NO: PR146<\/p>\n<p>Vantagens:<\/p>\n<p>Aplica\u00e7\u00e3o principal recomendada: Tintas \u00e0 base de \u00e1gua<\/p>","protected":false},"featured_media":3394,"template":"","meta":[],"product_brand":[],"product_cat":[15,61,75,63,92,77],"product_tag":[],"class_list":{"0":"post-3393","1":"product","2":"type-product","3":"status-publish","4":"has-post-thumbnail","6":"product_cat-organic-pigments","7":"product_cat-pigments-for-coatings-paints","8":"product_cat-pigments-for-offset-inks","9":"product_cat-pigments-for-printing-inks","10":"product_cat-pigments-for-water-based-coatings","11":"product_cat-pigments-for-water-based-inks","13":"first","14":"instock","15":"shipping-taxable","16":"product-type-simple"},"_links":{"self":[{"href":"https:\/\/www.honorpigment.com\/pt_br\/wp-json\/wp\/v2\/product\/3393","targetHints":{"allow":["GET"]}}],"collection":[{"href":"https:\/\/www.honorpigment.com\/pt_br\/wp-json\/wp\/v2\/product"}],"about":[{"href":"https:\/\/www.honorpigment.com\/pt_br\/wp-json\/wp\/v2\/types\/product"}],"version-history":[{"count":0,"href":"https:\/\/www.honorpigment.com\/pt_br\/wp-json\/wp\/v2\/product\/3393\/revisions"}],"wp:featuredmedia":[{"embeddable":true,"href":"https:\/\/www.honorpigment.com\/pt_br\/wp-json\/wp\/v2\/media\/3394"}],"wp:attachment":[{"href":"https:\/\/www.honorpigment.com\/pt_br\/wp-json\/wp\/v2\/media?parent=3393"}],"wp:term":[{"taxonomy":"product_brand","embeddable":true,"href":"https:\/\/www.honorpigment.com\/pt_br\/wp-json\/wp\/v2\/product_brand?post=3393"},{"taxonomy":"product_cat","embeddable":true,"href":"https:\/\/www.honorpigment.com\/pt_br\/wp-json\/wp\/v2\/product_cat?post=3393"},{"taxonomy":"product_tag","embeddable":true,"href":"https:\/\/www.honorpigment.com\/pt_br\/wp-json\/wp\/v2\/product_tag?post=3393"}],"curies":[{"name":"wp","href":"https:\/\/api.w.org\/{rel}","templated":true}]}}