{"id":3287,"date":"2025-08-31T17:31:17","date_gmt":"2025-08-31T09:31:17","guid":{"rendered":"https:\/\/www.honorpigments.com\/?post_type=product&#038;p=3287"},"modified":"2026-03-11T20:59:19","modified_gmt":"2026-03-11T12:59:19","slug":"solvent-red-179-solvent-dyes","status":"publish","type":"product","link":"https:\/\/www.honorpigment.com\/pt_br\/produto\/solvent-red-179-solvent-dyes\/","title":{"rendered":"Solvent Red 179 \/ Solvent Dyes"},"content":{"rendered":"<h3><strong><b>Description <\/b><\/strong><\/h3>\n<p>Solvent Red 179 is a yellowish transparent red oil solvent dye.<\/p>\n<p>It has good heat resistance and light fastness, good migration resistance and high tin Solvent Red 179 is widely recognized for its exceptional performance in various industrial applications. Its robust properties make it suitable for use in solvent-based systems where durability and color integrity are paramount. Additionally, the dye&#8217;s compatibility with different substrates enhances its versatility, allowing for effective formulation in coatings, inks, and plastics. Overall, Solvent Red 179 stands out as a reliable choice for achieving vibrant coloration in demanding environments. ting strength. Solvent Red 179&#8217;s equivalence is Red E2G.<\/p>\n<p>It is recommended for plastics, PS PET PA PC ABS (polyolefin, polyester,polycabonate, polyamide ) etc. Also allowed to be used in polyester fiber (PET).<\/p>\n<h3><strong><b>Informa\u00e7\u00f5es de identifica\u00e7\u00e3o:<\/b><\/strong><\/h3>\n<p>Color Index: Solvent red 179<\/p>\n<p>F\u00f3rmula molecular: C<sub>22<\/sub>H<sub>12<\/sub>N<sub>2<\/sub>O<\/p>\n<p>CAS No.: 89106-94-5<\/p>\n<h3><strong><b>Produto<\/b><\/strong><strong><b>\u00a0<\/b><\/strong><strong><b>especifica\u00e7\u00e3o<\/b><\/strong><\/h3>\n<p>Appearance red \u00a0powder<\/p>\n<p>Intensidade da colora\u00e7\u00e3o 100\u00b13%<\/p>\n<p>Cor da sombra Semelhante ao padr\u00e3o,<\/p>\n<p>Cinza \u2264 1,0%<\/p>\n<p>Umidade \u2264 1,0%<\/p>\n<p>Valor diferencial de cor\u0394E \u2264 0,8<\/p>\n<p>Density g\/cm3 \u00a0\u00a0\u00a0\u00a0\u00a0\u00a0\u00a0\u00a0\u00a0\u00a0\u00a0\u00a0\u00a0\u00a0\u00a0\u00a0\u00a0\u00a0\u00a0\u00a0\u00a0\u00a0\u00a0\u00a0\u00a0\u00a0\u00a0\u00a0\u00a0\u00a0\u00a0\u00a0\u00a0\u00a0\u00a0\u00a0\u00a0\u00a0\u00a0\u00a0\u00a0\u00a0\u00a0\u00a0\u00a0\u00a0\u00a0\u00a0\u00a0\u00a0\u00a0\u00a0\u00a0\u00a0\u00a0\u00a0\u00a0\u00a0\u00a0\u00a0\u00a0\u00a0\u00a0\u00a0\u00a0\u00a0\u00a0\u00a0\u00a0\u00a0\u00a0\u00a0\u00a0\u00a0\u00a0\u00a0\u00a0\u00a01.40<\/p>\n<p>Melting Point \u2103 \u00a0\u00a0\u00a0\u00a0\u00a0\u00a0\u00a0\u00a0\u00a0\u00a0\u00a0\u00a0\u00a0\u00a0\u00a0\u00a0\u00a0\u00a0\u00a0\u00a0\u00a0\u00a0\u00a0\u00a0\u00a0\u00a0\u00a0\u00a0\u00a0\u00a0\u00a0\u00a0\u00a0\u00a0\u00a0\u00a0\u00a0\u00a0\u00a0\u00a0\u00a0\u00a0\u00a0\u00a0\u00a0\u00a0\u00a0\u00a0\u00a0\u00a0\u00a0\u00a0\u00a0\u00a0\u00a0\u00a0\u00a0\u00a0\u00a0\u00a0\u00a0\u00a0\u00a0\u00a0\u00a0\u00a0\u00a0\u00a0\u00a0\u00a0\u00a0\u00a0\u00a0\u00a0\u00a0\u00a0255<\/p>\n<h3><strong><b>Dados t\u00e9cnicos<\/b><\/strong><\/h3>\n<table>\n<tbody>\n<tr>\n<td width=\"307\"><strong>Teste<\/strong><strong>\u00a0<\/strong><strong>Itens<\/strong><\/td>\n<td width=\"58\"><strong>PS<\/strong><\/td>\n<td width=\"58\"><strong>ABS<\/strong><\/td>\n<td width=\"58\"><strong>SAN<\/strong><\/td>\n<td width=\"58\"><strong>PMMA<\/strong><\/td>\n<td width=\"58\"><strong>PC<\/strong><\/td>\n<td width=\"58\"><strong>R-<\/strong><strong>PVC<\/strong><\/td>\n<td width=\"58\"><strong>PA6<\/strong><\/td>\n<td width=\"58\"><strong>PET<\/strong><\/td>\n<\/tr>\n<tr>\n<td width=\"307\">Temperatura de resist\u00eancia ao calor, \u2103<\/p>\n<p>(0,05% corantes, transparente)<\/td>\n<td width=\"58\">300<\/td>\n<td width=\"58\">300<\/td>\n<td width=\"58\">-<\/td>\n<td width=\"58\">-<\/td>\n<td width=\"58\">340<\/td>\n<td width=\"58\">-<\/td>\n<td width=\"58\">-<\/td>\n<td width=\"58\">320<\/td>\n<\/tr>\n<tr>\n<td width=\"307\">Temperatura de resist\u00eancia ao calor, \u2103<\/p>\n<p>(0,05% de corantes + 1,0% de di\u00f3xido de tit\u00e2nio)<\/td>\n<td width=\"58\">300<\/td>\n<td width=\"58\">300<\/td>\n<td width=\"58\">-<\/td>\n<td width=\"58\">-<\/td>\n<td width=\"58\">340<\/td>\n<td width=\"58\">-<\/td>\n<td width=\"58\">-<\/td>\n<td width=\"58\">320<\/td>\n<\/tr>\n<tr>\n<td width=\"307\">Resist\u00eancia \u00e0 migra\u00e7\u00e3o<\/td>\n<td width=\"58\">5<\/td>\n<td width=\"58\">5<\/td>\n<td width=\"58\">-<\/td>\n<td width=\"58\">-<\/td>\n<td width=\"58\">5<\/td>\n<td width=\"58\">5<\/td>\n<td width=\"58\">5<\/td>\n<td width=\"58\">5<\/td>\n<\/tr>\n<tr>\n<td width=\"307\">Solidez \u00e0 luz (corantes 0.05%, transparentes)<\/td>\n<td width=\"58\">7-8<\/td>\n<td width=\"58\">7-8<\/td>\n<td width=\"58\">-<\/td>\n<td width=\"58\">-<\/td>\n<td width=\"58\">-<\/td>\n<td width=\"58\">7-8<\/td>\n<td width=\"58\"><\/td>\n<td width=\"58\">-<\/td>\n<\/tr>\n<tr>\n<td width=\"307\">Resist\u00eancia \u00e0s intemp\u00e9ries<\/td>\n<td width=\"58\">-<\/td>\n<td width=\"58\">-<\/td>\n<td width=\"58\">-<\/td>\n<td width=\"58\">-<\/td>\n<td width=\"58\">-<\/td>\n<td width=\"58\">-<\/td>\n<td width=\"58\">-<\/td>\n<td width=\"58\">-<\/td>\n<\/tr>\n<tr>\n<td width=\"307\">Resist\u00eancia a \u00e1cidos (em solu\u00e7\u00e3o de \u00e1cido clor\u00eddrico 5%)<\/td>\n<td width=\"58\">-<\/td>\n<td width=\"58\">-<\/td>\n<td width=\"58\">-<\/td>\n<td width=\"58\">-<\/td>\n<td width=\"58\">-<\/td>\n<td width=\"58\">5<\/td>\n<td width=\"58\">-<\/td>\n<td width=\"58\">-<\/td>\n<\/tr>\n<tr>\n<td width=\"307\">Resist\u00eancia a \u00e1lcalis (em solu\u00e7\u00e3o de soda c\u00e1ustica 5%)<\/td>\n<td width=\"58\">-<\/td>\n<td width=\"58\">-<\/td>\n<td width=\"58\">-<\/td>\n<td width=\"58\">-<\/td>\n<td width=\"58\">-<\/td>\n<td width=\"58\">5<\/td>\n<td width=\"58\">-<\/td>\n<td width=\"58\">-<\/td>\n<\/tr>\n<\/tbody>\n<\/table>\n<h3><strong><b>Application<\/b><\/strong><strong><b>\u00a0<\/b><\/strong><strong><b>Profile<\/b><\/strong><strong>\u00a0<\/strong><\/h3>\n<table>\n<tbody>\n<tr>\n<td width=\"129\"><strong>PS<\/strong><\/td>\n<td width=\"129\">\u25cf<\/td>\n<td width=\"129\"><strong>PET<\/strong><\/td>\n<td width=\"129\">\u25cf<\/td>\n<td width=\"129\"><strong>PC<\/strong><\/td>\n<td width=\"129\">\u25cf<\/td>\n<\/tr>\n<tr>\n<td width=\"129\"><strong>AS<\/strong><\/td>\n<td width=\"129\">\u25cf<\/td>\n<td width=\"129\"><strong>PVC-<\/strong><strong>\u00a0<\/strong><strong>R<\/strong><\/td>\n<td width=\"129\">\u25cf<\/td>\n<td width=\"129\"><strong>SAN<\/strong><\/td>\n<td width=\"129\">\u25cf<\/td>\n<\/tr>\n<tr>\n<td width=\"129\"><strong>ABS<\/strong><\/td>\n<td width=\"129\">\u25cf<\/td>\n<td width=\"129\"><strong>PVC-U<\/strong><\/td>\n<td width=\"129\">\u25cf<\/td>\n<td width=\"129\"><strong>\u00a0<\/strong><\/td>\n<td width=\"129\"><\/td>\n<\/tr>\n<tr>\n<td width=\"129\"><strong>PMMA<\/strong><\/td>\n<td width=\"129\">\u25cf<\/td>\n<td width=\"129\"><\/td>\n<td width=\"129\"><\/td>\n<td width=\"129\"><\/td>\n<td width=\"129\"><\/td>\n<\/tr>\n<\/tbody>\n<\/table>\n<p><strong><b>Observa\u00e7\u00e3o:<\/b><\/strong><strong><b>\u00a0\u00a0\u00a0\u00a0<\/b><\/strong>\u25cf = recomendado \u25cb = uso potencial - = n\u00e3o recomendado<\/p>\n<h3>Solvent red 179 solubility in organic solvent at\u00a020\u2103(g\/l)<strong>\u00a0<\/strong><\/h3>\n<table>\n<tbody>\n<tr>\n<td width=\"154\"><strong>Acetona<\/strong><\/td>\n<td width=\"154\"><strong>Butyl Acetate<\/strong><\/td>\n<td width=\"154\"><strong>Metilbenzeno<\/strong><\/td>\n<td width=\"163\"><strong>Diclorometano<\/strong><\/td>\n<td width=\"145\"><strong>\u00c1lcool et\u00edlico<\/strong><\/td>\n<\/tr>\n<tr>\n<td width=\"154\"><strong>1.6<\/strong><\/td>\n<td width=\"154\"><strong>1.6<\/strong><\/td>\n<td width=\"154\"><strong>4.1<\/strong><\/td>\n<td width=\"163\"><strong>8<\/strong><\/td>\n<td width=\"145\"><strong>0.9<\/strong><\/td>\n<\/tr>\n<\/tbody>\n<\/table>\n<p><strong>\u00a0<\/strong><\/p>\n<p><strong>Recomendado<\/strong><strong>\u00a0Dosagem<\/strong><\/p>\n<p>Transparente: 0,05<\/p>\n<p>N\u00e3o transparente: 0,08<\/p>\n<h3><strong>Embalagem:<\/strong><\/h3>\n<p>A embalagem normal \u00e9 em tambor de papel de 25 kg, 450 kg\/Palete.<\/p>","protected":false},"excerpt":{"rendered":"<p>Color Index: Solvent red 179<\/p>\n<p>Molecular formula:\u00a0\u00a0\u00a0 C<sub>22<\/sub>H<sub>12<\/sub>N<sub>2<\/sub>O<\/p>\n<p>CAS No.: 89106-94-5<\/p>\n<p><strong>\u00a0<\/strong>A yellow shade red with very good lightfastness and excellent heat resistance.<\/p>","protected":false},"featured_media":3422,"template":"","meta":[],"product_brand":[],"product_cat":[68,58],"product_tag":[360,359],"class_list":{"0":"post-3287","1":"product","2":"type-product","3":"status-publish","4":"has-post-thumbnail","6":"product_cat-solvent-dyes","7":"product_cat-dyestuffs","8":"product_tag-solvent-dyes-red-179","9":"product_tag-sr179","11":"first","12":"instock","13":"shipping-taxable","14":"product-type-simple"},"_links":{"self":[{"href":"https:\/\/www.honorpigment.com\/pt_br\/wp-json\/wp\/v2\/product\/3287","targetHints":{"allow":["GET"]}}],"collection":[{"href":"https:\/\/www.honorpigment.com\/pt_br\/wp-json\/wp\/v2\/product"}],"about":[{"href":"https:\/\/www.honorpigment.com\/pt_br\/wp-json\/wp\/v2\/types\/product"}],"version-history":[{"count":0,"href":"https:\/\/www.honorpigment.com\/pt_br\/wp-json\/wp\/v2\/product\/3287\/revisions"}],"wp:featuredmedia":[{"embeddable":true,"href":"https:\/\/www.honorpigment.com\/pt_br\/wp-json\/wp\/v2\/media\/3422"}],"wp:attachment":[{"href":"https:\/\/www.honorpigment.com\/pt_br\/wp-json\/wp\/v2\/media?parent=3287"}],"wp:term":[{"taxonomy":"product_brand","embeddable":true,"href":"https:\/\/www.honorpigment.com\/pt_br\/wp-json\/wp\/v2\/product_brand?post=3287"},{"taxonomy":"product_cat","embeddable":true,"href":"https:\/\/www.honorpigment.com\/pt_br\/wp-json\/wp\/v2\/product_cat?post=3287"},{"taxonomy":"product_tag","embeddable":true,"href":"https:\/\/www.honorpigment.com\/pt_br\/wp-json\/wp\/v2\/product_tag?post=3287"}],"curies":[{"name":"wp","href":"https:\/\/api.w.org\/{rel}","templated":true}]}}