{"id":3746,"date":"2025-09-24T16:45:52","date_gmt":"2025-09-24T08:45:52","guid":{"rendered":"https:\/\/www.honorpigments.com\/?post_type=product&#038;p=3746"},"modified":"2026-03-23T20:25:59","modified_gmt":"2026-03-23T12:25:59","slug":"molybdate-chrome-orange-411-pigment-red-104-2","status":"publish","type":"product","link":"https:\/\/www.honorpigment.com\/pt\/produto\/molybdate-chrome-orange-411-pigment-red-104-2\/","title":{"rendered":"VERMELHO PIGMENTO 104\/ VERMELHO MOLIBDATO 401D"},"content":{"rendered":"<h3><strong>Product Description &#8211; PR104<\/strong><\/h3>\n<p>MOLYBDATE RED 401D (PIGMENT RED 104) offers bright red to orange hues with high tinting strength and strong hiding power. It features excellent resistance to solvents, water, and wax, along with good lightfastness and easy dispersion in coatings, plastics, and inks. Additionally, it provides cost-effectiveness and maintains stability in moderate-temperature applications.<\/p>\n<h3><strong>Aplica\u00e7\u00e3o recomendada<\/strong><\/h3>\n<p>Coatings: auto paints, high-quality baking finishes<br \/>\nPlastics: PE, PP, PC, PBT, PVC, PU, POM, PS, PET, EVA, ABS<\/p>\n<h3><strong>Dados t\u00e9cnicos<\/strong><\/h3>\n<table style=\"height: 338px; width: 95%; border-color: #050505;\" width=\"95%\">\n<tbody>\n<tr style=\"height: 28px;\">\n<td style=\"width: 98.7823%; background-color: #ababab; height: 10px;\" colspan=\"5\" width=\"125\"><span style=\"font-size: 14pt;\"><strong>Informa\u00e7\u00f5es sobre o produto<\/strong><\/span><\/td>\n<\/tr>\n<tr style=\"height: 24px;\">\n<td style=\"width: 24.277%; height: 10px;\" width=\"125\"><span style=\"font-size: 12pt;\">Tipo de produto qu\u00edmico<\/span><\/td>\n<td style=\"width: 25.114%; height: 10px; text-align: center;\" colspan=\"2\" width=\"125\"><\/td>\n<td style=\"width: 25.1904%; height: 10px;\" width=\"125\"><span style=\"font-size: 12pt;\">CAS NO.<\/span><\/td>\n<td class=\"et3\" style=\"height: 10px; width: 24.2009%; text-align: center;\" width=\"148\" height=\"26\">12656-85-8<\/td>\n<\/tr>\n<tr style=\"height: 48px;\">\n<td style=\"width: 24.277%; height: 10px;\" width=\"125\"><span style=\"font-size: 12pt;\">C. I. Nome<\/span><\/td>\n<td style=\"width: 25.114%; height: 10px; text-align: center;\" colspan=\"2\" width=\"125\">Pigment Red 104<\/td>\n<td style=\"width: 25.1904%; height: 10px;\" width=\"125\"><span style=\"font-size: 12pt;\">EINECS \/ ELINCS N.\u00ba.<\/span><\/td>\n<td class=\"et2\" style=\"height: 10px; width: 24.2009%; text-align: center;\" height=\"26\">235-759-9<\/td>\n<\/tr>\n<tr style=\"height: 48px;\">\n<td style=\"width: 24.277%; height: 10px;\" width=\"125\"><span style=\"font-size: 12pt;\">C. I. Constitui\u00e7\u00e3o n\u00ba.<\/span><\/td>\n<td style=\"width: 25.114%; height: 10px; text-align: center;\" colspan=\"2\" width=\"125\">77605<\/td>\n<td style=\"width: 25.1904%; height: 10px;\" width=\"125\"><span style=\"font-size: 12pt;\">F\u00f3rmula qu\u00edmica<\/span><\/td>\n<td class=\"et5\" style=\"height: 10px; width: 24.2009%; text-align: center;\" width=\"148\" height=\"53\"><\/td>\n<\/tr>\n<tr style=\"height: 24px;\">\n<td style=\"width: 98.7823%; height: 10px;\" colspan=\"5\" width=\"125\"><\/td>\n<\/tr>\n<tr style=\"height: 28px;\">\n<td style=\"width: 98.7823%; background-color: #ababab; height: 10px;\" colspan=\"5\" width=\"125\"><span style=\"font-size: 14pt;\"><strong>Desempenho t\u00e9cnico<\/strong><\/span><\/td>\n<\/tr>\n<tr style=\"height: 24px;\">\n<td style=\"width: 24.277%; height: 10px;\" width=\"125\"><\/td>\n<td style=\"width: 12.4048%; height: 10px; text-align: center;\" width=\"125\"><span style=\"font-size: 12pt;\">Sombra total<\/span><\/td>\n<td style=\"width: 12.7092%; height: 10px; text-align: center;\" width=\"125\"><span style=\"font-size: 12pt;\">Tonalidade<\/span><\/td>\n<td style=\"width: 25.1904%; height: 10px;\" width=\"125\"><\/td>\n<td style=\"width: 24.2009%; height: 10px;\" width=\"125\"><\/td>\n<\/tr>\n<tr style=\"height: 48px;\">\n<td style=\"width: 24.277%; height: 10px;\" width=\"125\"><span style=\"font-size: 12pt;\">Resist\u00eancia \u00e0s intemp\u00e9ries<\/span><\/td>\n<td class=\"et3\" style=\"height: 10px; width: 12.4048%; text-align: center;\" width=\"148\" height=\"26\">5<\/td>\n<td class=\"et4\" style=\"width: 12.7092%; height: 10px; text-align: center;\" width=\"113\">5<\/td>\n<td style=\"width: 25.1904%; height: 10px;\" width=\"125\">Heat resistance(\u2103)<\/td>\n<td style=\"width: 24.2009%; height: 10px; text-align: center;\" width=\"125\">220\u2103<\/td>\n<\/tr>\n<tr style=\"height: 24px;\">\n<td style=\"width: 24.277%; height: 10px;\" width=\"125\"><span style=\"font-size: 12pt;\">Solidez \u00e0 luz<\/span><\/td>\n<td class=\"et5\" style=\"height: 10px; width: 12.4048%; text-align: center;\" height=\"26\">7-8<\/td>\n<td class=\"et4\" style=\"width: 12.7092%; height: 10px; text-align: center;\">7-8<\/td>\n<td style=\"width: 25.1904%; height: 10px;\" width=\"125\"><\/td>\n<td style=\"width: 24.2009%; height: 10px;\" width=\"125\"><\/td>\n<\/tr>\n<tr style=\"height: 24px;\">\n<td style=\"width: 98.7823%; height: 10px;\" colspan=\"5\" width=\"125\"><\/td>\n<\/tr>\n<tr style=\"height: 24px;\">\n<td style=\"width: 98.7823%; background-color: #ababab; height: 10px;\" colspan=\"5\" width=\"125\"><span style=\"font-size: 14pt;\"><strong>Propriedades f\u00edsicas<\/strong><\/span><\/td>\n<\/tr>\n<tr style=\"height: 48px;\">\n<td style=\"width: 24.277%; height: 10px;\" width=\"125\"><span style=\"font-size: 12pt;\">Forma f\u00edsica<\/span><\/td>\n<td style=\"width: 25.114%; height: 10px; text-align: center;\" colspan=\"2\" width=\"125\"><span style=\"font-size: 12pt;\">P\u00f3<\/span><\/td>\n<td class=\"et2\" style=\"height: 10px; width: 25.1904%;\" width=\"139\" height=\"21\">Water Resistance<\/td>\n<td class=\"et2\" style=\"height: 10px; width: 24.2009%; text-align: center;\" width=\"157\" height=\"21\">5<\/td>\n<\/tr>\n<tr style=\"height: 18px;\">\n<td style=\"width: 24.277%; height: 18px;\" width=\"139\">Strength(%)<\/td>\n<td style=\"width: 25.114%; text-align: center; height: 18px;\" colspan=\"2\" width=\"148\">100\u00b13<\/td>\n<td class=\"et2\" style=\"height: 18px; width: 25.1904%;\" width=\"139\" height=\"21\">Acid Resistance<\/td>\n<td class=\"et2\" style=\"height: 18px; width: 24.2009%; text-align: center;\" width=\"157\" height=\"21\">4<\/td>\n<\/tr>\n<tr style=\"height: 24px;\">\n<td style=\"width: 24.277%; height: 24px;\" width=\"139\">Water (%)\u00a0\u2264<\/td>\n<td style=\"width: 25.114%; text-align: center; height: 24px;\" colspan=\"2\" width=\"148\">1<\/td>\n<td class=\"et2\" style=\"height: 24px; width: 25.1904%;\" width=\"139\" height=\"21\">Alkali Resistance<\/td>\n<td class=\"et2\" style=\"height: 24px; width: 24.2009%; text-align: center;\" width=\"157\" height=\"21\">4<\/td>\n<\/tr>\n<tr style=\"height: 24px;\">\n<td style=\"width: 24.277%; height: 24px;\" width=\"139\">Water Soluble (%)\u00a0\u2264<\/td>\n<td style=\"width: 25.114%; text-align: center; height: 24px;\" colspan=\"2\" width=\"148\">1<\/td>\n<td class=\"et2\" style=\"height: 24px; width: 25.1904%;\" width=\"139\" height=\"21\">Alcohol Resistance<\/td>\n<td class=\"et2\" style=\"height: 24px; width: 24.2009%; text-align: center;\" width=\"157\" height=\"21\">5<\/td>\n<\/tr>\n<tr style=\"height: 24px;\">\n<td style=\"width: 24.277%; height: 24px;\" width=\"139\">Residure (325 mesh)\u00a0\u2264<\/td>\n<td style=\"width: 25.114%; text-align: center; height: 24px;\" colspan=\"2\" width=\"148\">0.3<\/td>\n<td class=\"et2\" style=\"height: 24px; width: 25.1904%;\" width=\"139\" height=\"21\">Density (mg\/100g)<\/td>\n<td class=\"et2\" style=\"height: 24px; width: 24.2009%; text-align: center;\" width=\"157\" height=\"21\">5.20-5.80<\/td>\n<\/tr>\n<tr style=\"height: 24px;\">\n<td style=\"width: 24.277%; height: 24px;\" width=\"139\">PH value<\/td>\n<td style=\"width: 25.114%; text-align: center; height: 24px;\" colspan=\"2\" width=\"148\">5.0-7.5<\/td>\n<td style=\"width: 25.1904%; height: 24px;\" width=\"184\"><\/td>\n<td style=\"width: 24.2009%; height: 24px;\" width=\"148\"><\/td>\n<\/tr>\n<tr style=\"height: 24px;\">\n<td style=\"width: 24.277%; height: 24px;\" width=\"139\">Oil Absorption(%)\u2264<\/td>\n<td style=\"width: 25.114%; text-align: center; height: 24px;\" colspan=\"2\" width=\"148\">22<\/td>\n<td class=\"et2\" style=\"height: 24px; width: 25.1904%;\" height=\"26\"><\/td>\n<td class=\"et4\" style=\"width: 24.2009%; text-align: center; height: 24px;\"><\/td>\n<\/tr>\n<tr style=\"height: 48px;\">\n<td style=\"width: 98.7823%; background-color: #ababab; height: 10px;\" colspan=\"5\" width=\"125\"><span style=\"font-size: 14pt;\"><strong>Embalagem<\/strong><\/span><\/td>\n<\/tr>\n<tr style=\"height: 48px;\">\n<td style=\"width: 98.7823%; height: 10px;\" colspan=\"5\" width=\"125\">25kgs\/saco 1000kgs\/Palete<\/td>\n<\/tr>\n<tr style=\"height: 24px;\">\n<td style=\"width: 98.7823%; height: 10px;\" colspan=\"5\" width=\"125\"><\/td>\n<\/tr>\n<tr style=\"height: 24px;\">\n<td style=\"width: 49.391%; background-color: #ababab; height: 10px;\" colspan=\"3\" width=\"125\"><span style=\"font-size: 14pt;\"><strong>Armazenamento<\/strong><\/span><\/td>\n<td style=\"width: 25.1904%; height: 10px;\" width=\"125\"><span style=\"font-size: 14pt;\"><strong>Prazo de validade<\/strong><\/span><\/td>\n<td style=\"width: 24.2009%; height: 10px;\" width=\"125\"><span style=\"font-size: 12pt;\">5 anos<\/span><\/td>\n<\/tr>\n<tr style=\"height: 24px;\">\n<td style=\"width: 98.7823%; height: 10px;\" colspan=\"5\" width=\"375\"><span style=\"font-size: 12pt;\">Deve ser armazenado em local fresco, seco e ventilado.<\/span><\/td>\n<\/tr>\n<tr style=\"height: 24px;\">\n<td style=\"width: 98.7823%; height: 10px;\" colspan=\"5\" width=\"125\"><\/td>\n<\/tr>\n<tr style=\"height: 24px;\">\n<td style=\"width: 98.7823%; background-color: #ababab; height: 10px;\" colspan=\"5\" width=\"125\"><span style=\"font-size: 14pt;\"><strong>TRANSPORTE<\/strong><\/span><\/td>\n<\/tr>\n<tr style=\"height: 48px;\">\n<td style=\"width: 98.7823%; height: 10px;\" colspan=\"5\" width=\"375\"><span style=\"font-size: 12pt;\">Evitar a invers\u00e3o, a luz solar, a humidade e o choque. Evitar danificar a embalagem.<\/span><\/td>\n<\/tr>\n<\/tbody>\n<\/table>\n<ul>\n<li>Solidez \u00e0 luz: O grau de resist\u00eancia \u00e0 luz \u00e9 avaliado numa escala de 1 a 8 de l\u00e3 azul, em que 1 = \u2018med\u00edocre\u2019 e 8 = \u2018excelente\u2019.<\/li>\n<li>Estabilidade ao calor: Os valores de estabilidade ao calor indicados indicam a temperatura m\u00e1xima a que o pigmento pode ser armazenado durante 10 minutos na sombra total e em redu\u00e7\u00f5es sem sofrer qualquer altera\u00e7\u00e3o significativa da cor.<\/li>\n<li>Absor\u00e7\u00e3o de \u00f3leo: A absor\u00e7\u00e3o de \u00f3leo \u00e9 determinada com base na norma EN ISO 787-5 e indicada em g de \u00f3leo de linha\u00e7a por 100 g de pigmento.<\/li>\n<li>Sangramento em solventes: O sangramento em solventes \u00e9 testado utilizando os graus de p\u00f3 e a classifica\u00e7\u00e3o visual \u00e9 dada numa escala de 1 a 5 cinzentos<br \/>\nem que 1 = \u2018Hemorragia intensa\u2019 e 5 = \u2018Sem hemorragia\u201d<\/li>\n<\/ul>\n<p>Isen\u00e7\u00e3o de responsabilidade - As informa\u00e7\u00f5es fornecidas nesta folha de dados baseiam-se no estado atual dos nossos conhecimentos e destinam-se a uma descri\u00e7\u00e3o geral dos nossos produtos e das suas poss\u00edveis aplica\u00e7\u00f5es. Devido \u00e0 multiplicidade de formula\u00e7\u00f5es, condi\u00e7\u00f5es de produ\u00e7\u00e3o e aplica\u00e7\u00e3o, todos os dados acima mencionados t\u00eam de ser ajustados \u00e0s circunst\u00e2ncias do processador. Deste facto n\u00e3o podem ser retiradas quaisquer responsabilidades, incluindo as relativas a direitos de patente, para casos individuais. N\u00e3o se pode excluir que este produto contenha part\u00edculas &lt; 0,1 \u03bcm. Qualquer utilizador deste produto \u00e9 respons\u00e1vel por determinar a adequa\u00e7\u00e3o dos produtos Sudarshan \u00e0 sua aplica\u00e7\u00e3o espec\u00edfica e por garantir o cumprimento de quaisquer direitos de propriedade e das leis e legisla\u00e7\u00e3o existentes.<\/p>","protected":false},"excerpt":{"rendered":"<p>C.I.NO.: PR104<\/p>\n<p>Vantagem:<\/p>\n<p>Principais aplica\u00e7\u00f5es recomendadas: Pl\u00e1sticos, Revestimentos<\/p>","protected":false},"featured_media":3745,"template":"","meta":[],"product_brand":[],"product_cat":[65,57],"product_tag":[365],"class_list":{"0":"post-3746","1":"product","2":"type-product","3":"status-publish","4":"has-post-thumbnail","6":"product_cat-chrome-pigments","7":"product_cat-inorganic-pigments","8":"product_tag-pr104","10":"first","11":"instock","12":"shipping-taxable","13":"product-type-simple"},"_links":{"self":[{"href":"https:\/\/www.honorpigment.com\/pt\/wp-json\/wp\/v2\/product\/3746","targetHints":{"allow":["GET"]}}],"collection":[{"href":"https:\/\/www.honorpigment.com\/pt\/wp-json\/wp\/v2\/product"}],"about":[{"href":"https:\/\/www.honorpigment.com\/pt\/wp-json\/wp\/v2\/types\/product"}],"version-history":[{"count":0,"href":"https:\/\/www.honorpigment.com\/pt\/wp-json\/wp\/v2\/product\/3746\/revisions"}],"wp:featuredmedia":[{"embeddable":true,"href":"https:\/\/www.honorpigment.com\/pt\/wp-json\/wp\/v2\/media\/3745"}],"wp:attachment":[{"href":"https:\/\/www.honorpigment.com\/pt\/wp-json\/wp\/v2\/media?parent=3746"}],"wp:term":[{"taxonomy":"product_brand","embeddable":true,"href":"https:\/\/www.honorpigment.com\/pt\/wp-json\/wp\/v2\/product_brand?post=3746"},{"taxonomy":"product_cat","embeddable":true,"href":"https:\/\/www.honorpigment.com\/pt\/wp-json\/wp\/v2\/product_cat?post=3746"},{"taxonomy":"product_tag","embeddable":true,"href":"https:\/\/www.honorpigment.com\/pt\/wp-json\/wp\/v2\/product_tag?post=3746"}],"curies":[{"name":"wp","href":"https:\/\/api.w.org\/{rel}","templated":true}]}}