{"id":3739,"date":"2025-09-24T16:24:42","date_gmt":"2025-09-24T08:24:42","guid":{"rendered":"https:\/\/www.honorpigments.com\/?post_type=product&#038;p=3739"},"modified":"2026-04-13T22:46:35","modified_gmt":"2026-04-13T14:46:35","slug":"optical-brightener-ob-1","status":"publish","type":"product","link":"https:\/\/www.honorpigment.com\/pt\/produto\/optical-brightener-ob-1\/","title":{"rendered":"Abrilhantador \u00f3tico OB-1"},"content":{"rendered":"<p><strong><b>Optical<\/b><\/strong>\u00a0<strong><b>Brightener<\/b><\/strong>\u00a0<strong><b>OB<\/b><\/strong><strong><b>-<\/b><\/strong><strong><b>1<\/b><\/strong><\/p>\n<table>\n<tbody>\n<tr>\n<td width=\"194\"><strong><b>Produto<\/b><\/strong>\u00a0<strong><b>Nome<\/b><\/strong><\/td>\n<td width=\"500\"><strong><b>Optical<\/b><\/strong>\u00a0<strong><b>brightener<\/b><\/strong>\u00a0<strong><b>OB<\/b><\/strong><strong><b>-1(<\/b><\/strong><strong><b>C<\/b><\/strong><strong><b>.<\/b><\/strong><strong><b>I<\/b><\/strong><strong><b>.<\/b><\/strong>\u00a0<strong><b>393)<\/b><\/strong><\/td>\n<\/tr>\n<tr>\n<td width=\"194\">CAS\u00a0No.<\/td>\n<td width=\"500\">1533-45-5<\/td>\n<\/tr>\n<tr>\n<td width=\"194\">EINECS\u00a0No.<\/td>\n<td width=\"500\">216-245-3<\/td>\n<\/tr>\n<tr>\n<td width=\"194\">Other\u00a0Name<\/td>\n<td width=\"500\">4,4&#8242;-Bis(2-benzoxazolyl)stilbene<\/td>\n<\/tr>\n<tr>\n<td width=\"194\">Molecular Formula<\/td>\n<td width=\"500\">C28H18N2O2<\/td>\n<\/tr>\n<tr>\n<td width=\"194\">Apar\u00eancia<\/td>\n<td width=\"500\">Bright\u00a0yellow\u00a0\/ green\u00a0crystalline\u00a0powder<\/td>\n<\/tr>\n<tr>\n<td width=\"194\"><strong><b>Purit<\/b><\/strong><strong><b>y<\/b><\/strong><\/td>\n<td width=\"500\"><strong><b>\u226599<\/b><\/strong><strong><b>%<\/b><\/strong><\/td>\n<\/tr>\n<tr>\n<td width=\"194\"><strong><b>Melting<\/b><\/strong>\u00a0<strong><b>point<\/b><\/strong><\/td>\n<td width=\"500\"><strong><b>360~380<\/b><\/strong>\u00a0<strong><b>\u00b0<\/b><\/strong><strong><b>C<\/b><\/strong><\/td>\n<\/tr>\n<tr>\n<td width=\"194\">Volatile:<\/td>\n<td width=\"500\">&lt;0.5%<\/td>\n<\/tr>\n<tr>\n<td width=\"194\">Package<\/td>\n<td width=\"500\">20kg\u00a0per\u00a0carton, 25\/30kg\u00a0per\u00a0fiber\u00a0drum\u00a0with\u00a0PE\u00a0liner, or\u00a0as\u00a0per the\u00a0customers&#8217; requirements.<\/td>\n<\/tr>\n<tr>\n<td colspan=\"2\" width=\"694\">Aplica\u00e7\u00f5es:<\/p>\n<p>Mostly used in the brightening the products of synthetic fiber and plastics, it is widely used in plastic film, material of lamination moulding and injection moulding as well as preferable brightening efficiency on polyolefin, PVC, PVC foaming, TPR, EVA and PU foaming together with coating, natural lacquer, etc. It also has specially good effect\u00a0 on foaming plastics, especially EVA, PE foaming.<\/td>\n<\/tr>\n<tr>\n<td colspan=\"2\" width=\"694\">Properties:<\/p>\n<p>\u2022\u00a0\u00a0\u00a0\u00a0\u00a0Colors\u00a0appear\u00a0more\u00a0brilliant<\/p>\n<p>\u2022 \u00a0\u00a0\u00a0\u00a0Environmentally\u00a0friendly<\/p>\n<p>\u2022\u00a0\u00a0\u00a0\u00a0\u00a0Excellent\u00a0brightening\u00a0ability<\/p>\n<p>\u2022\u00a0\u00a0\u00a0\u00a0\u00a0Produce\u00a0a\u00a0bluish\u00a0tinge, masking\u00a0yellowness<\/p>\n<p>\u2022 \u00a0\u00a0\u00a0\u00a0Whiter-than-white\u00a0appearance.<\/td>\n<\/tr>\n<tr>\n<td colspan=\"2\" width=\"694\">Dosage:<\/p>\n<p>It is commonly used <strong><b>em<\/b><\/strong>\u00a0<strong><b>the<\/b><\/strong>\u00a0<strong><b>amount<\/b><\/strong>\u00a0<strong><b>of<\/b><\/strong>\u00a0<strong><b>0.02-0.05%<\/b><\/strong>,\u00a0 each 1 00kg of the materials, the optical brightener OB- 1 takes 20g-50g or can be adjusted acco rding to the requirements of the product or test.<\/td>\n<\/tr>\n<\/tbody>\n<\/table>\n<div class=\"honor-product-overview\" style=\"margin-top:40px;border-top:2px solid #f6c405;padding-top:30px\">\n<h3>Why Choose Honor Pigments?<\/h3>\n<ul>\n<li>\ud83c\udf0d <strong>Global Export Expertise<\/strong> \u2014 Trusted by customers in 40+ countries for consistent quality and reliable supply<\/li>\n<li>\u2705 <strong>Strict Quality Control<\/strong> \u2014 ISO 9001 certified with batch-to-batch consistency and zero-defect policy<\/li>\n<li>\ud83d\udcb0 <strong>OEM Production Advantage<\/strong> \u2014 Competitive pricing without compromising pigment performance<\/li>\n<li>\ud83e\uddea <strong>Technical Support<\/strong> \u2014 Free color matching, formulation advice and sample testing before bulk order<\/li>\n<\/ul>\n<div style=\"background:#f8f9fa;padding:20px;border-left:4px solid #f6c405;margin:20px 0\">\n<p><strong>\ud83d\udce9 Need more details?<\/strong><\/p>\n<p>Request TDS, SDS, or a free sample for testing.<\/p>\n<\/div>\n<\/div>","protected":false},"excerpt":{"rendered":"<p>N.\u00ba CAS: 1533-45-5<\/p>\n<p>F\u00f3rmula molecular:C28H18N2O2<\/p>\n<p>Aplica\u00e7\u00f5es:Principalmente utilizado no branqueamento de produtos de fibra sint\u00e9tica e pl\u00e1sticos, \u00e9 amplamente utilizado em pel\u00edcula pl\u00e1stica, material de moldagem por lamina\u00e7\u00e3o e moldagem por inje\u00e7\u00e3o, bem como efici\u00eancia de branqueamento prefer\u00edvel em poliolefina, PVC, espuma de PVC, TPR, EVA e espuma de PU juntamente com revestimento, laca natural, etc. Tem tamb\u00e9m um efeito especialmente bom na espuma\u00e7\u00e3o de pl\u00e1sticos, especialmente na espuma\u00e7\u00e3o de EVA e PE.<\/p>","protected":false},"featured_media":3741,"template":"","meta":[],"product_brand":[],"product_cat":[111],"product_tag":[376],"class_list":{"0":"post-3739","1":"product","2":"type-product","3":"status-publish","4":"has-post-thumbnail","6":"product_cat-ob","7":"product_tag-ob-1","8":"stm_brands-honor-additives","10":"first","11":"instock","12":"shipping-taxable","13":"product-type-simple"},"_links":{"self":[{"href":"https:\/\/www.honorpigment.com\/pt\/wp-json\/wp\/v2\/product\/3739","targetHints":{"allow":["GET"]}}],"collection":[{"href":"https:\/\/www.honorpigment.com\/pt\/wp-json\/wp\/v2\/product"}],"about":[{"href":"https:\/\/www.honorpigment.com\/pt\/wp-json\/wp\/v2\/types\/product"}],"version-history":[{"count":1,"href":"https:\/\/www.honorpigment.com\/pt\/wp-json\/wp\/v2\/product\/3739\/revisions"}],"predecessor-version":[{"id":8522,"href":"https:\/\/www.honorpigment.com\/pt\/wp-json\/wp\/v2\/product\/3739\/revisions\/8522"}],"wp:featuredmedia":[{"embeddable":true,"href":"https:\/\/www.honorpigment.com\/pt\/wp-json\/wp\/v2\/media\/3741"}],"wp:attachment":[{"href":"https:\/\/www.honorpigment.com\/pt\/wp-json\/wp\/v2\/media?parent=3739"}],"wp:term":[{"taxonomy":"product_brand","embeddable":true,"href":"https:\/\/www.honorpigment.com\/pt\/wp-json\/wp\/v2\/product_brand?post=3739"},{"taxonomy":"product_cat","embeddable":true,"href":"https:\/\/www.honorpigment.com\/pt\/wp-json\/wp\/v2\/product_cat?post=3739"},{"taxonomy":"product_tag","embeddable":true,"href":"https:\/\/www.honorpigment.com\/pt\/wp-json\/wp\/v2\/product_tag?post=3739"}],"curies":[{"name":"wp","href":"https:\/\/api.w.org\/{rel}","templated":true}]}}