{"id":3609,"date":"2025-09-17T16:11:21","date_gmt":"2025-09-17T08:11:21","guid":{"rendered":"https:\/\/www.honorpigments.com\/?post_type=product&#038;p=3609"},"modified":"2026-03-23T20:38:28","modified_gmt":"2026-03-23T12:38:28","slug":"hp-red-24147-2-pigment-red-269","status":"publish","type":"product","link":"https:\/\/www.honorpigment.com\/pt\/produto\/hp-red-24147-2-pigment-red-269\/","title":{"rendered":"PIGMENTO VERMELHO 269\/ HP VERMELHO 24147-2"},"content":{"rendered":"<h3><strong>Product description &#8211; PR269<\/strong><\/h3>\n<p align=\"left\">HP RED 24147-2 (PIGMENT RED 269) is a bluish-red pigment that comes in multiple formulations, including water-based color paste, toners, filter cake, powdered form, and acrylic resin color tablets.<\/p>\n<h3><strong>Aplica\u00e7\u00e3o recomendada<\/strong><strong>\uff1a<\/strong><\/h3>\n<p>Tintas de impress\u00e3o: tintas offset, tintas \u00e0 base de solventes, tintas \u00e0 base de \u00e1gua, toners<\/p>\n<h3><strong>Dados t\u00e9cnicos:<\/strong><\/h3>\n<table style=\"height: 260px; width: 95%; border-color: #050505;\" width=\"95%\">\n<tbody>\n<tr style=\"height: 28px;\">\n<td style=\"width: 98.554%; background-color: #ababab; height: 10px;\" colspan=\"5\" width=\"125\"><span style=\"font-size: 14pt;\"><strong>Informa\u00e7\u00f5es sobre o produto<\/strong><\/span><\/td>\n<\/tr>\n<tr style=\"height: 24px;\">\n<td style=\"width: 24.277%; height: 10px;\" width=\"125\"><span style=\"font-size: 12pt;\">Tipo de produto qu\u00edmico<\/span><\/td>\n<td style=\"width: 25.114%; height: 10px; text-align: center;\" colspan=\"2\" width=\"125\">Naftol<\/td>\n<td style=\"width: 25.1904%; height: 10px;\" width=\"125\"><span style=\"font-size: 12pt;\">CAS NO.<\/span><\/td>\n<td class=\"et3\" style=\"height: 19.95pt; width: 23.9726%; text-align: center;\" width=\"148\" height=\"26\">67990-05-0<\/td>\n<\/tr>\n<tr style=\"height: 48px;\">\n<td style=\"width: 24.277%; height: 10px;\" width=\"125\"><span style=\"font-size: 12pt;\">C. I. Nome<\/span><\/td>\n<td style=\"width: 25.114%; height: 10px; text-align: center;\" colspan=\"2\" width=\"125\">Pigment Red 269<\/td>\n<td style=\"width: 25.1904%; height: 10px;\" width=\"125\"><span style=\"font-size: 12pt;\">EINECS \/ ELINCS N.\u00ba.<\/span><\/td>\n<td class=\"et3\" style=\"height: 19.95pt; width: 23.9726%; text-align: center;\" width=\"148\" height=\"26\">268-028-8<\/td>\n<\/tr>\n<tr style=\"height: 48px;\">\n<td style=\"width: 24.277%; height: 10px;\" width=\"125\"><span style=\"font-size: 12pt;\">C. I. Constitui\u00e7\u00e3o n\u00ba.<\/span><\/td>\n<td style=\"width: 25.114%; height: 10px; text-align: center;\" colspan=\"2\" width=\"125\">12466<\/td>\n<td style=\"width: 25.1904%; height: 10px;\" width=\"125\"><span style=\"font-size: 12pt;\">F\u00f3rmula qu\u00edmica<\/span><\/td>\n<td class=\"et4\" style=\"height: 19.95pt; width: 23.9726%; text-align: center;\" width=\"148\" height=\"26\">C32H25ClN4O5<\/td>\n<\/tr>\n<tr style=\"height: 24px;\">\n<td style=\"width: 98.554%; height: 10px;\" colspan=\"5\" width=\"125\"><\/td>\n<\/tr>\n<tr style=\"height: 28px;\">\n<td style=\"width: 98.554%; background-color: #ababab; height: 10px;\" colspan=\"5\" width=\"125\"><span style=\"font-size: 14pt;\"><strong>Desempenho t\u00e9cnico<\/strong><\/span><\/td>\n<\/tr>\n<tr style=\"height: 24px;\">\n<td style=\"width: 24.277%; height: 10px;\" width=\"125\"><\/td>\n<td style=\"width: 12.4048%; height: 10px; text-align: center;\" width=\"125\"><span style=\"font-size: 12pt;\">Sombra total<\/span><\/td>\n<td style=\"width: 12.7092%; height: 10px; text-align: center;\" width=\"125\"><span style=\"font-size: 12pt;\">Tonalidade<\/span><\/td>\n<td style=\"width: 25.1904%; height: 10px;\" width=\"125\"><\/td>\n<td style=\"width: 23.9726%; height: 10px;\" width=\"125\"><\/td>\n<\/tr>\n<tr style=\"height: 48px;\">\n<td style=\"width: 24.277%; height: 10px;\" width=\"125\"><span style=\"font-size: 12pt;\">Resist\u00eancia \u00e0s intemp\u00e9ries<\/span><\/td>\n<td class=\"et3\" style=\"height: 19.95pt; width: 12.4048%; text-align: center;\" width=\"148\" height=\"26\">5<\/td>\n<td class=\"et4\" style=\"width: 12.7092%; text-align: center;\" width=\"76\">4<\/td>\n<td style=\"width: 25.1904%; height: 10px;\" width=\"125\"><span style=\"font-size: 12pt;\">Estabilidade t\u00e9rmica \u00b0C<\/span><\/td>\n<td style=\"width: 23.9726%; height: 10px; text-align: center;\" width=\"125\"><span style=\"font-size: 12pt;\">180\u00b0C<\/span><\/td>\n<\/tr>\n<tr style=\"height: 24px;\">\n<td style=\"width: 24.277%; height: 10px;\" width=\"125\"><span style=\"font-size: 12pt;\">Solidez \u00e0 luz<\/span><\/td>\n<td class=\"et4\" style=\"height: 19.95pt; width: 12.4048%; text-align: center;\" height=\"26\">5<\/td>\n<td class=\"et4\" style=\"width: 12.7092%; text-align: center;\">4<\/td>\n<td style=\"width: 25.1904%; height: 10px;\" width=\"125\"><\/td>\n<td style=\"width: 23.9726%; height: 10px;\" width=\"125\"><\/td>\n<\/tr>\n<tr style=\"height: 24px;\">\n<td style=\"width: 98.554%; height: 10px;\" colspan=\"5\" width=\"125\"><\/td>\n<\/tr>\n<tr style=\"height: 24px;\">\n<td style=\"width: 98.554%; background-color: #ababab; height: 10px;\" colspan=\"5\" width=\"125\"><span style=\"font-size: 14pt;\"><strong>Propriedades f\u00edsicas<\/strong><\/span><\/td>\n<\/tr>\n<tr style=\"height: 48px;\">\n<td style=\"width: 24.277%; height: 10px;\" width=\"125\"><span style=\"font-size: 12pt;\">Forma f\u00edsica<\/span><\/td>\n<td style=\"width: 25.114%; height: 10px; text-align: center;\" colspan=\"2\" width=\"125\"><span style=\"font-size: 12pt;\">P\u00f3<\/span><\/td>\n<td class=\"et3\" style=\"height: 19.95pt; width: 25.1904%;\" width=\"166\" height=\"26\"><span class=\"font1\">Hemorragia em xileno<\/span><\/td>\n<td class=\"et4\" style=\"width: 23.9726%; text-align: center;\" width=\"148\">4<\/td>\n<\/tr>\n<tr style=\"height: 48px;\">\n<td style=\"width: 24.277%; height: 10px;\" width=\"125\"><span style=\"font-size: 12pt;\">Densidade espec\u00edfica (g\/cm3):<\/span><\/td>\n<td style=\"width: 25.114%; height: 10px; text-align: center;\" colspan=\"2\" width=\"125\">1.60 \u00b1 0.1<\/td>\n<td class=\"et3\" style=\"height: 19.95pt; width: 25.1904%;\" width=\"166\" height=\"26\"><span class=\"font1\">Resist\u00eancia ao \u00e1cido<\/span><\/td>\n<td class=\"et4\" style=\"width: 23.9726%; text-align: center;\">5<\/td>\n<\/tr>\n<tr style=\"height: 48px;\">\n<td style=\"width: 24.277%; height: 10px;\" width=\"125\"><span style=\"font-size: 12pt;\">Superf\u00edcie espec\u00edfica (\u33a1\/g):<\/span><\/td>\n<td style=\"width: 25.114%; height: 10px; text-align: center;\" colspan=\"2\" width=\"125\">71<\/td>\n<td class=\"et3\" style=\"height: 19.95pt; width: 25.1904%;\" width=\"166\" height=\"26\"><span class=\"font1\">Resist\u00eancia aos \u00e1lcalis<\/span><\/td>\n<td class=\"et4\" style=\"width: 23.9726%; text-align: center;\">4<\/td>\n<\/tr>\n<tr style=\"height: 24px;\">\n<td style=\"width: 24.277%; height: 10px;\" width=\"125\"><span style=\"font-size: 12pt;\">Absor\u00e7\u00e3o de \u00f3leo<\/span><\/td>\n<td style=\"width: 25.114%; height: 10px; text-align: center;\" colspan=\"2\" width=\"125\">45<\/td>\n<td class=\"et3\" style=\"height: 19.95pt; width: 25.1904%;\" width=\"166\" height=\"26\">Resist\u00eancia ao \u00f3leo<\/td>\n<td class=\"et4\" style=\"width: 23.9726%; text-align: center;\">5<\/td>\n<\/tr>\n<tr style=\"height: 24px;\">\n<td style=\"width: 24.277%; height: 10px;\" width=\"125\"><span style=\"font-size: 12pt;\">Valor do pH<\/span><\/td>\n<td style=\"width: 25.114%; height: 10px; text-align: center;\" colspan=\"2\" width=\"125\">6.5-7.5<\/td>\n<td class=\"et3\" style=\"height: 19.95pt; width: 25.1904%;\" width=\"166\" height=\"26\"><\/td>\n<td class=\"et4\" style=\"width: 23.9726%; text-align: center;\"><\/td>\n<\/tr>\n<tr style=\"height: 24px;\">\n<td style=\"width: 24.277%; height: 10px;\" width=\"125\"><span style=\"font-size: 12pt;\">Mat\u00e9ria vol\u00e1til<\/span><\/td>\n<td style=\"width: 25.114%; height: 10px; text-align: center;\" colspan=\"2\" width=\"125\"><span style=\"font-size: 12pt;\">1% m\u00e1ximo<\/span><\/td>\n<td class=\"et3\" style=\"height: 19.95pt; width: 25.1904%;\" width=\"166\" height=\"26\"><\/td>\n<td class=\"et4\" style=\"width: 23.9726%; text-align: center;\"><\/td>\n<\/tr>\n<tr style=\"height: 24px;\">\n<td style=\"width: 24.277%; height: 10px;\" width=\"125\"><\/td>\n<td style=\"width: 25.114%; height: 10px;\" colspan=\"2\"><\/td>\n<td class=\"et3\" style=\"height: 19.95pt; width: 25.1904%;\" width=\"166\" height=\"26\"><\/td>\n<td class=\"et4\" style=\"width: 23.9726%; text-align: center;\"><\/td>\n<\/tr>\n<tr style=\"height: 48px;\">\n<td style=\"width: 98.554%; background-color: #ababab; height: 10px;\" colspan=\"5\" width=\"125\"><span style=\"font-size: 14pt;\"><strong>Embalagem<\/strong><\/span><\/td>\n<\/tr>\n<tr style=\"height: 48px;\">\n<td style=\"width: 98.554%; height: 10px;\" colspan=\"5\" width=\"125\">25kgs\/bag 300kgs\/Pallet<\/td>\n<\/tr>\n<tr style=\"height: 24px;\">\n<td style=\"width: 98.554%; height: 10px;\" colspan=\"5\" width=\"125\"><\/td>\n<\/tr>\n<tr style=\"height: 24px;\">\n<td style=\"width: 49.391%; background-color: #ababab; height: 10px;\" colspan=\"3\" width=\"125\"><span style=\"font-size: 14pt;\"><strong>Armazenamento<\/strong><\/span><\/td>\n<td style=\"width: 25.1904%; height: 10px;\" width=\"125\"><span style=\"font-size: 14pt;\"><strong>Prazo de validade<\/strong><\/span><\/td>\n<td style=\"width: 23.9726%; height: 10px;\" width=\"125\"><span style=\"font-size: 12pt;\">5 anos<\/span><\/td>\n<\/tr>\n<tr style=\"height: 24px;\">\n<td style=\"width: 98.554%; height: 10px;\" colspan=\"5\" width=\"375\"><span style=\"font-size: 12pt;\">Deve ser armazenado em local fresco, seco e ventilado.<\/span><\/td>\n<\/tr>\n<tr style=\"height: 24px;\">\n<td style=\"width: 98.554%; height: 10px;\" colspan=\"5\" width=\"125\"><\/td>\n<\/tr>\n<tr style=\"height: 24px;\">\n<td style=\"width: 98.554%; background-color: #ababab; height: 10px;\" colspan=\"5\" width=\"125\"><span style=\"font-size: 14pt;\"><strong>TRANSPORTE<\/strong><\/span><\/td>\n<\/tr>\n<tr style=\"height: 48px;\">\n<td style=\"width: 98.554%; height: 10px;\" colspan=\"5\" width=\"375\"><span style=\"font-size: 12pt;\">Evitar a invers\u00e3o, a luz solar, a humidade e o choque. Evitar danificar a embalagem.<\/span><\/td>\n<\/tr>\n<\/tbody>\n<\/table>\n<ul>\n<li><strong>Solidez \u00e0 luz:<\/strong> O grau de solidez \u00e0 luz \u00e9 avaliado numa escala de 1 a 8 de l\u00e3 azul, em que 1 = \u2018med\u00edocre\u2019 e 8 = \u2018excelente\u2019.<\/li>\n<li><strong>Estabilidade t\u00e9rmica:<\/strong> Os valores de estabilidade ao calor indicados indicam a temperatura m\u00e1xima a que o pigmento pode ser armazenado durante 10 min. na sombra total e em redu\u00e7\u00f5es sem sofrer qualquer altera\u00e7\u00e3o significativa da tonalidade.<\/li>\n<li><strong>Absor\u00e7\u00e3o de \u00f3leo:<\/strong> A absor\u00e7\u00e3o de \u00f3leo \u00e9 determinada com base na norma EN ISO 787-5 e indicada em g de \u00f3leo de linha\u00e7a por 100 g de pigmento.<\/li>\n<li><strong>Sangramento com solvente:<\/strong> O sangramento em solventes \u00e9 testado utilizando os graus de p\u00f3 e a classifica\u00e7\u00e3o visual \u00e9 dada numa escala de 1 a 5 cinzentos<br \/>\nem que 1 = \u2018Hemorragia intensa\u2019 e 5 = \u2018Sem hemorragia\u201d<\/li>\n<\/ul>\n<p>Isen\u00e7\u00e3o de responsabilidade - As informa\u00e7\u00f5es fornecidas nesta folha de dados baseiam-se no estado atual dos nossos conhecimentos e destinam-se a uma descri\u00e7\u00e3o geral dos nossos produtos e das suas poss\u00edveis aplica\u00e7\u00f5es. Devido \u00e0 multiplicidade de formula\u00e7\u00f5es, condi\u00e7\u00f5es de produ\u00e7\u00e3o e aplica\u00e7\u00e3o, todos os dados acima mencionados t\u00eam de ser ajustados \u00e0s circunst\u00e2ncias do processador. Deste facto n\u00e3o podem ser retiradas quaisquer responsabilidades, incluindo as relativas a direitos de patente, para casos individuais. N\u00e3o se pode excluir que este produto contenha part\u00edculas &lt; 0,1 \u03bcm. Qualquer utilizador deste produto \u00e9 respons\u00e1vel por determinar a adequa\u00e7\u00e3o dos produtos Sudarshan \u00e0 sua aplica\u00e7\u00e3o espec\u00edfica e por garantir o cumprimento de quaisquer direitos de propriedade e das leis e legisla\u00e7\u00e3o existentes.<\/p>","protected":false},"excerpt":{"rendered":"<p>C.I.NO.: PR269<\/p>\n<p>Vantagens: Cor fresca, elevada intensidade de cor<\/p>\n<p>Aplica\u00e7\u00e3o principal recomendada: Toners<\/p>","protected":false},"featured_media":3610,"template":"","meta":[],"product_brand":[],"product_cat":[15,64,75,63,76,77],"product_tag":[398],"class_list":{"0":"post-3609","1":"product","2":"type-product","3":"status-publish","4":"has-post-thumbnail","6":"product_cat-organic-pigments","7":"product_cat-pigments-for-inkjet-inksamptoners","8":"product_cat-pigments-for-offset-inks","9":"product_cat-pigments-for-printing-inks","10":"product_cat-pigments-for-sovlent-based-inks","11":"product_cat-pigments-for-water-based-inks","12":"product_tag-pr269","14":"first","15":"instock","16":"shipping-taxable","17":"product-type-simple"},"_links":{"self":[{"href":"https:\/\/www.honorpigment.com\/pt\/wp-json\/wp\/v2\/product\/3609","targetHints":{"allow":["GET"]}}],"collection":[{"href":"https:\/\/www.honorpigment.com\/pt\/wp-json\/wp\/v2\/product"}],"about":[{"href":"https:\/\/www.honorpigment.com\/pt\/wp-json\/wp\/v2\/types\/product"}],"version-history":[{"count":0,"href":"https:\/\/www.honorpigment.com\/pt\/wp-json\/wp\/v2\/product\/3609\/revisions"}],"wp:featuredmedia":[{"embeddable":true,"href":"https:\/\/www.honorpigment.com\/pt\/wp-json\/wp\/v2\/media\/3610"}],"wp:attachment":[{"href":"https:\/\/www.honorpigment.com\/pt\/wp-json\/wp\/v2\/media?parent=3609"}],"wp:term":[{"taxonomy":"product_brand","embeddable":true,"href":"https:\/\/www.honorpigment.com\/pt\/wp-json\/wp\/v2\/product_brand?post=3609"},{"taxonomy":"product_cat","embeddable":true,"href":"https:\/\/www.honorpigment.com\/pt\/wp-json\/wp\/v2\/product_cat?post=3609"},{"taxonomy":"product_tag","embeddable":true,"href":"https:\/\/www.honorpigment.com\/pt\/wp-json\/wp\/v2\/product_tag?post=3609"}],"curies":[{"name":"wp","href":"https:\/\/api.w.org\/{rel}","templated":true}]}}