{"id":3604,"date":"2025-09-16T16:35:52","date_gmt":"2025-09-16T08:35:52","guid":{"rendered":"https:\/\/www.honorpigments.com\/?post_type=product&#038;p=3604"},"modified":"2026-04-13T23:17:12","modified_gmt":"2026-04-13T15:17:12","slug":"hp-yellow-1541j-pigment-yellow-150","status":"publish","type":"product","link":"https:\/\/www.honorpigment.com\/pt\/produto\/hp-yellow-1541j-pigment-yellow-150\/","title":{"rendered":"AMARELO PIGMENTADO 150\/ AMARELO HP 1541J"},"content":{"rendered":"<h3><strong>Product description &#8211; PY150<\/strong><\/h3>\n<p align=\"left\">HP YELLOW 1541J (PIGMENT YELLOW 150) is mainly used in water based inkjet inks. It exhibits good heat stability and also good lightfastness and weatherfastness.<\/p>\n<h3><strong>Aplica\u00e7\u00e3o recomendada<\/strong><strong>\uff1a<\/strong><\/h3>\n<p>Revestimentos: tintas \u00e0 base de solventes, tintas \u00e0 base de \u00e1gua, revestimentos industriais, revestimentos em p\u00f3, revestimentos para bobinas, tintas para autom\u00f3veis, revestimentos para madeira<br \/>\nPl\u00e1sticos: PP, PE, PVC, PET<br \/>\nTintas de impress\u00e3o: tintas \u00e0 base de solventes, tintas \u00e0 base de \u00e1gua, tintas para jato de tinta<\/p>\n<h3><strong>Dados t\u00e9cnicos:<\/strong><\/h3>\n<table style=\"height: 260px;width: 95%;border-color: #050505\" width=\"95%\">\n<tbody>\n<tr style=\"height: 28px\">\n<td style=\"width: 99.3832%;background-color: #ababab;height: 10px\" colspan=\"5\" width=\"125\"><span style=\"font-size: 14pt\"><strong>Informa\u00e7\u00f5es sobre o produto<\/strong><\/span><\/td>\n<\/tr>\n<tr style=\"height: 24px\">\n<td style=\"width: 24.277%;height: 10px\" width=\"125\"><span style=\"font-size: 12pt\">Tipo de produto qu\u00edmico<\/span><\/td>\n<td style=\"width: 25.114%;height: 10px;text-align: center\" colspan=\"2\" width=\"125\">Complexo azo\/n\u00edquel<\/td>\n<td style=\"width: 25.1904%;height: 10px\" width=\"125\"><span style=\"font-size: 12pt\">CAS NO.<\/span><\/td>\n<td class=\"et3\" style=\"height: 10px;width: 24.8018%;text-align: center\" width=\"148\" height=\"26\">68511-62-6<\/td>\n<\/tr>\n<tr style=\"height: 48px\">\n<td style=\"width: 24.277%;height: 10px\" width=\"125\"><span style=\"font-size: 12pt\">C. I. Nome<\/span><\/td>\n<td style=\"width: 25.114%;height: 10px;text-align: center\" colspan=\"2\" width=\"125\">Pigmento Amarelo 150<\/td>\n<td style=\"width: 25.1904%;height: 10px\" width=\"125\"><span style=\"font-size: 12pt\">EINECS \/ ELINCS N.\u00ba.<\/span><\/td>\n<td class=\"et3\" style=\"height: 10px;width: 24.8018%;text-align: center\" width=\"148\" height=\"26\">270-944-8<\/td>\n<\/tr>\n<tr style=\"height: 48px\">\n<td style=\"width: 24.277%;height: 10px\" width=\"125\"><span style=\"font-size: 12pt\">C. I. Constitui\u00e7\u00e3o n\u00ba.<\/span><\/td>\n<td style=\"width: 25.114%;height: 10px;text-align: center\" colspan=\"2\" width=\"125\">12764<\/td>\n<td style=\"width: 25.1904%;height: 10px\" width=\"125\"><span style=\"font-size: 12pt\">F\u00f3rmula qu\u00edmica<\/span><\/td>\n<td class=\"et3\" style=\"height: 10px;width: 24.8018%;text-align: center\" width=\"148\" height=\"26\">C8H6N6O6Ni<\/td>\n<\/tr>\n<tr style=\"height: 24px\">\n<td style=\"width: 99.3832%;height: 10px\" colspan=\"5\" width=\"125\"><\/td>\n<\/tr>\n<tr style=\"height: 28px\">\n<td style=\"width: 99.3832%;background-color: #ababab;height: 10px\" colspan=\"5\" width=\"125\"><span style=\"font-size: 14pt\"><strong>Desempenho t\u00e9cnico<\/strong><\/span><\/td>\n<\/tr>\n<tr style=\"height: 24px\">\n<td style=\"width: 24.277%;height: 10px\" width=\"125\"><\/td>\n<td style=\"width: 12.4048%;height: 10px;text-align: center\" width=\"125\"><span style=\"font-size: 12pt\">Sombra total<\/span><\/td>\n<td style=\"width: 12.7092%;height: 10px;text-align: center\" width=\"125\"><span style=\"font-size: 12pt\">Tonalidade<\/span><\/td>\n<td style=\"width: 25.1904%;height: 10px\" width=\"125\"><\/td>\n<td style=\"width: 24.8018%;height: 10px\" width=\"125\"><\/td>\n<\/tr>\n<tr style=\"height: 48px\">\n<td style=\"width: 24.277%;height: 10px\" width=\"125\"><span style=\"font-size: 12pt\">Resist\u00eancia \u00e0s intemp\u00e9ries<\/span><\/td>\n<td class=\"et3\" style=\"height: 10px;width: 12.4048%;text-align: center\" width=\"116\" height=\"26\">5<\/td>\n<td class=\"et4\" style=\"width: 12.7092%;text-align: center;height: 10px\" width=\"110\">5<\/td>\n<td style=\"width: 25.1904%;height: 10px\" width=\"125\"><span style=\"font-size: 12pt\">Estabilidade t\u00e9rmica \u00b0C<\/span><\/td>\n<td style=\"width: 24.8018%;height: 10px;text-align: center\" width=\"125\"><span style=\"font-size: 12pt\">200\u00b0C<\/span><\/td>\n<\/tr>\n<tr style=\"height: 24px\">\n<td style=\"width: 24.277%;height: 10px\" width=\"125\"><span style=\"font-size: 12pt\">Solidez \u00e0 luz<\/span><\/td>\n<td class=\"et4\" style=\"height: 10px;width: 12.4048%;text-align: center\" height=\"26\">8<\/td>\n<td class=\"et4\" style=\"width: 12.7092%;text-align: center;height: 10px\">8<\/td>\n<td style=\"width: 25.1904%;height: 10px\" width=\"125\"><\/td>\n<td style=\"width: 24.8018%;height: 10px\" width=\"125\"><\/td>\n<\/tr>\n<tr style=\"height: 24px\">\n<td style=\"width: 99.3832%;height: 10px\" colspan=\"5\" width=\"125\"><\/td>\n<\/tr>\n<tr style=\"height: 24px\">\n<td style=\"width: 99.3832%;background-color: #ababab;height: 10px\" colspan=\"5\" width=\"125\"><span style=\"font-size: 14pt\"><strong>Propriedades f\u00edsicas<\/strong><\/span><\/td>\n<\/tr>\n<tr style=\"height: 48px\">\n<td style=\"width: 24.277%;height: 10px\" width=\"125\"><span style=\"font-size: 12pt\">Forma f\u00edsica<\/span><\/td>\n<td style=\"width: 25.114%;height: 10px;text-align: center\" colspan=\"2\" width=\"125\"><span style=\"font-size: 12pt\">P\u00f3<\/span><\/td>\n<td class=\"et3\" style=\"height: 10px;width: 25.1904%\" width=\"166\" height=\"26\"><span class=\"font1\">Hemorragia em xileno<\/span><\/td>\n<td class=\"et4\" style=\"width: 24.8018%;text-align: center;height: 10px\" width=\"116\">5<\/td>\n<\/tr>\n<tr style=\"height: 48px\">\n<td style=\"width: 24.277%;height: 10px\" width=\"125\"><span style=\"font-size: 12pt\">Densidade espec\u00edfica (g\/cm3):<\/span><\/td>\n<td style=\"width: 25.114%;height: 10px;text-align: center\" colspan=\"2\" width=\"125\">1.70 \u00b1 0.1<\/td>\n<td class=\"et3\" style=\"height: 10px;width: 25.1904%\" width=\"166\" height=\"26\"><span class=\"font1\">Hemorragia na Metiletilcetona<\/span><\/td>\n<td class=\"et4\" style=\"width: 24.8018%;text-align: center;height: 10px\">5<\/td>\n<\/tr>\n<tr style=\"height: 48px\">\n<td style=\"width: 24.277%;height: 10px\" width=\"125\"><span style=\"font-size: 12pt\">Superf\u00edcie espec\u00edfica (\u33a1\/g):<\/span><\/td>\n<td style=\"width: 25.114%;height: 10px;text-align: center\" colspan=\"2\" width=\"125\">70<\/td>\n<td class=\"et3\" style=\"height: 10px;width: 25.1904%\" width=\"166\" height=\"26\"><span class=\"font1\">Hemorragia em acetato de etilo<\/span><\/td>\n<td class=\"et4\" style=\"width: 24.8018%;text-align: center;height: 10px\">5<\/td>\n<\/tr>\n<tr style=\"height: 24px\">\n<td style=\"width: 24.277%;height: 10px\" width=\"125\"><span style=\"font-size: 12pt\">Absor\u00e7\u00e3o de \u00f3leo<\/span><\/td>\n<td style=\"width: 25.114%;height: 10px;text-align: center\" colspan=\"2\" width=\"125\">50 \u00b1 10<\/td>\n<td class=\"et3\" style=\"height: 10px;width: 25.1904%\" width=\"166\" height=\"26\"><span class=\"font1\">Hemorragia no Cellosolve<\/span><\/td>\n<td class=\"et4\" style=\"width: 24.8018%;text-align: center;height: 10px\">5<\/td>\n<\/tr>\n<tr style=\"height: 24px\">\n<td style=\"width: 24.277%;height: 10px\" width=\"125\"><span style=\"font-size: 12pt\">Valor do pH<\/span><\/td>\n<td style=\"width: 25.114%;height: 10px;text-align: center\" colspan=\"2\" width=\"125\">6.0 -8.0<\/td>\n<td class=\"et3\" style=\"height: 10px;width: 25.1904%\" width=\"166\" height=\"26\"><span class=\"font1\">Sangramento em terebintina mineral<\/span><\/td>\n<td class=\"et4\" style=\"width: 24.8018%;text-align: center;height: 10px\">5<\/td>\n<\/tr>\n<tr style=\"height: 24px\">\n<td style=\"width: 24.277%;height: 10px\" width=\"125\"><span style=\"font-size: 12pt\">Mat\u00e9ria vol\u00e1til<\/span><\/td>\n<td style=\"width: 25.114%;height: 10px;text-align: center\" colspan=\"2\" width=\"125\"><span style=\"font-size: 12pt\">1% m\u00e1ximo<\/span><\/td>\n<td class=\"et3\" style=\"height: 10px;width: 25.1904%\" width=\"166\" height=\"26\"><span class=\"font1\">Resist\u00eancia ao \u00e1cido<\/span><\/td>\n<td class=\"et4\" style=\"width: 24.8018%;text-align: center;height: 10px\">5<\/td>\n<\/tr>\n<tr style=\"height: 24px\">\n<td style=\"width: 24.277%;height: 10px\" width=\"125\"><\/td>\n<td style=\"width: 25.114%;height: 10px\" colspan=\"2\"><\/td>\n<td class=\"et3\" style=\"height: 10px;width: 25.1904%\" width=\"166\" height=\"26\"><span class=\"font1\">Resist\u00eancia aos \u00e1lcalis<\/span><\/td>\n<td class=\"et4\" style=\"width: 24.8018%;text-align: center;height: 10px\">5<\/td>\n<\/tr>\n<tr style=\"height: 48px\">\n<td style=\"width: 99.3832%;background-color: #ababab;height: 10px\" colspan=\"5\" width=\"125\"><span style=\"font-size: 14pt\"><strong>Embalagem<\/strong><\/span><\/td>\n<\/tr>\n<tr style=\"height: 48px\">\n<td style=\"width: 99.3832%;height: 10px\" colspan=\"5\" width=\"125\"><span style=\"font-size: 12pt\">25kgs\/saco 500kgs\/palete<\/span><\/td>\n<\/tr>\n<tr style=\"height: 24px\">\n<td style=\"width: 99.3832%;height: 10px\" colspan=\"5\" width=\"125\"><\/td>\n<\/tr>\n<tr style=\"height: 24px\">\n<td style=\"width: 49.391%;background-color: #ababab;height: 10px\" colspan=\"3\" width=\"125\"><span style=\"font-size: 14pt\"><strong>Armazenamento<\/strong><\/span><\/td>\n<td style=\"width: 25.1904%;height: 10px\" width=\"125\"><span style=\"font-size: 14pt\"><strong>Prazo de validade<\/strong><\/span><\/td>\n<td style=\"width: 24.8018%;height: 10px\" width=\"125\"><span style=\"font-size: 12pt\">5 anos<\/span><\/td>\n<\/tr>\n<tr style=\"height: 24px\">\n<td style=\"width: 99.3832%;height: 10px\" colspan=\"5\" width=\"375\"><span style=\"font-size: 12pt\">Deve ser armazenado em local fresco, seco e ventilado.<\/span><\/td>\n<\/tr>\n<tr style=\"height: 24px\">\n<td style=\"width: 99.3832%;height: 10px\" colspan=\"5\" width=\"125\"><\/td>\n<\/tr>\n<tr style=\"height: 24px\">\n<td style=\"width: 99.3832%;background-color: #ababab;height: 10px\" colspan=\"5\" width=\"125\"><span style=\"font-size: 14pt\"><strong>TRANSPORTE<\/strong><\/span><\/td>\n<\/tr>\n<tr style=\"height: 48px\">\n<td style=\"width: 99.3832%;height: 10px\" colspan=\"5\" width=\"375\"><span style=\"font-size: 12pt\">Evitar a invers\u00e3o, a luz solar, a humidade e o choque. Evitar danificar a embalagem.<\/span><\/td>\n<\/tr>\n<\/tbody>\n<\/table>\n<ul>\n<li><strong>Solidez \u00e0 luz:<\/strong> O grau de solidez \u00e0 luz \u00e9 avaliado numa escala de 1 a 8 de l\u00e3 azul, em que 1 = \u2018med\u00edocre\u2019 e 8 = \u2018excelente\u2019.<\/li>\n<li><strong>Estabilidade t\u00e9rmica:<\/strong> Os valores de estabilidade ao calor indicados indicam a temperatura m\u00e1xima a que o pigmento pode ser armazenado durante 10 min. na sombra total e em redu\u00e7\u00f5es sem sofrer qualquer altera\u00e7\u00e3o significativa da tonalidade.<\/li>\n<li><strong>Absor\u00e7\u00e3o de \u00f3leo:<\/strong> A absor\u00e7\u00e3o de \u00f3leo \u00e9 determinada com base na norma EN ISO 787-5 e indicada em g de \u00f3leo de linha\u00e7a por 100 g de pigmento.<\/li>\n<li><strong>Sangramento com solvente:<\/strong> O sangramento em solventes \u00e9 testado utilizando os graus de p\u00f3 e a classifica\u00e7\u00e3o visual \u00e9 dada numa escala de 1 a 5 cinzentos<br \/>\nem que 1 = \u2018Hemorragia intensa\u2019 e 5 = \u2018Sem hemorragia\u201d<\/li>\n<\/ul>\n<p>Disclaimer \u2013 The information given in this data sheet is based on the present state of our knowledge &amp; is intended as a general description of our products &amp; their possible applications. Due to the multitude of formulations, production &amp; application conditions, all the above mentioned data have to be adjusted to the circumstances of the processor. No liabilities, including those for patent rights, can be derived from this fact for individual cases. It cannot be ruled out that this product contains particles &lt; 0.1 \u03bcm. Any user of this product is responsible for determining the suitability of Honor Pigments\u2019s products for its particular application &amp; to ensure that any proprietary rights &amp; existing laws &amp; legislation are observed.<\/p>\n<div class=\"honor-product-overview\" style=\"margin-top:40px;border-top:2px solid #f6c405;padding-top:30px\">\n<h3>Why Choose Honor Pigments?<\/h3>\n<ul>\n<li>\ud83c\udf0d <strong>Global Export Expertise<\/strong> \u2014 Trusted by customers in 40+ countries for consistent quality and reliable supply<\/li>\n<li>\u2705 <strong>Strict Quality Control<\/strong> \u2014 ISO 9001 certified with batch-to-batch consistency and zero-defect policy<\/li>\n<li>\ud83d\udcb0 <strong>OEM Production Advantage<\/strong> \u2014 Competitive pricing without compromising pigment performance<\/li>\n<li>\ud83e\uddea <strong>Technical Support<\/strong> \u2014 Free color matching, formulation advice and sample testing before bulk order<\/li>\n<\/ul>\n<div style=\"background:#f8f9fa;padding:20px;border-left:4px solid #f6c405;margin:20px 0\">\n<p><strong>\ud83d\udce9 Need more details?<\/strong><\/p>\n<p>Request TDS, SDS, or a free sample for testing.<\/p>\n<\/div>\n<\/div>","protected":false},"excerpt":{"rendered":"<p>C.I.NO.: PY150<\/p>\n<p>Vantagens: Boa estabilidade t\u00e9rmica e tamb\u00e9m boa resist\u00eancia \u00e0 luz e \u00e0s intemp\u00e9ries.<\/p>\n<p>Aplica\u00e7\u00e3o principal recomendada: Tintas de jato de tinta \u00e0 base de \u00e1gua<\/p>","protected":false},"featured_media":3336,"template":"","meta":[],"product_brand":[],"product_cat":[15,74,61,72,73,64,62,95,63,91,76,92,77,71],"product_tag":[],"class_list":{"0":"post-3604","1":"product","2":"type-product","3":"status-publish","4":"has-post-thumbnail","6":"product_cat-organic-pigments","7":"product_cat-pigments-for-auto-paints","8":"product_cat-pigments-for-coatings-paints","9":"product_cat-pigments-for-coil-coatings","10":"product_cat-pigments-for-industrial-coatings","11":"product_cat-pigments-for-inkjet-inksamptoners","12":"product_cat-pigments-for-plasticsampmasterbatch","13":"product_cat-pigments-for-powder-coatings","14":"product_cat-pigments-for-printing-inks","15":"product_cat-pigments-for-solvent-based-coatings","16":"product_cat-pigments-for-sovlent-based-inks","17":"product_cat-pigments-for-water-based-coatings","18":"product_cat-pigments-for-water-based-inks","19":"product_cat-pigments-for-wood-coatings","20":"stm_brands-honor-pigments","21":"stm_brands-hot-products","23":"first","24":"instock","25":"shipping-taxable","26":"product-type-simple"},"_links":{"self":[{"href":"https:\/\/www.honorpigment.com\/pt\/wp-json\/wp\/v2\/product\/3604","targetHints":{"allow":["GET"]}}],"collection":[{"href":"https:\/\/www.honorpigment.com\/pt\/wp-json\/wp\/v2\/product"}],"about":[{"href":"https:\/\/www.honorpigment.com\/pt\/wp-json\/wp\/v2\/types\/product"}],"version-history":[{"count":2,"href":"https:\/\/www.honorpigment.com\/pt\/wp-json\/wp\/v2\/product\/3604\/revisions"}],"predecessor-version":[{"id":8736,"href":"https:\/\/www.honorpigment.com\/pt\/wp-json\/wp\/v2\/product\/3604\/revisions\/8736"}],"wp:featuredmedia":[{"embeddable":true,"href":"https:\/\/www.honorpigment.com\/pt\/wp-json\/wp\/v2\/media\/3336"}],"wp:attachment":[{"href":"https:\/\/www.honorpigment.com\/pt\/wp-json\/wp\/v2\/media?parent=3604"}],"wp:term":[{"taxonomy":"product_brand","embeddable":true,"href":"https:\/\/www.honorpigment.com\/pt\/wp-json\/wp\/v2\/product_brand?post=3604"},{"taxonomy":"product_cat","embeddable":true,"href":"https:\/\/www.honorpigment.com\/pt\/wp-json\/wp\/v2\/product_cat?post=3604"},{"taxonomy":"product_tag","embeddable":true,"href":"https:\/\/www.honorpigment.com\/pt\/wp-json\/wp\/v2\/product_tag?post=3604"}],"curies":[{"name":"wp","href":"https:\/\/api.w.org\/{rel}","templated":true}]}}