{"id":3588,"date":"2025-09-15T16:15:07","date_gmt":"2025-09-15T08:15:07","guid":{"rendered":"https:\/\/www.honorpigments.com\/?post_type=product&#038;p=3588"},"modified":"2026-04-13T23:17:28","modified_gmt":"2026-04-13T15:17:28","slug":"hp-yellow-1696-pigment-yellow-139","status":"publish","type":"product","link":"https:\/\/www.honorpigment.com\/pt\/produto\/hp-yellow-1696-pigment-yellow-139\/","title":{"rendered":"AMARELO PIGMENTO 139\/ AMARELO HP 1696"},"content":{"rendered":"<h2 data-rm-block-id=\"block-1\"><strong>Product Description -PY139<\/strong><\/h2>\n<p align=\"left\" data-rm-block-id=\"block-2\">HP YELLOW 1696 (PIGMENT YELLOW 139,py139) is a reddish &#8211; yellow pigment. It is widely used in paints and printing inks. It exhibits a wide variety of particle &#8211; size distributions and, accordingly, demonstrates highly diverse coloristic properties, especially in terms of hiding power. It is an opaque version and allows for an increase in pigment concentration without negatively affecting the gloss of the products.<\/p>\n<h3 data-rm-block-id=\"block-3\"><strong>Aplica\u00e7\u00e3o recomendada<\/strong><strong>\uff1a<\/strong><\/h3>\n<p data-rm-block-id=\"block-4\">Coatings: solvent based coatings, water based coatings, auto paints, industrial coatings, powder coatings, coil coatings, wood coatings<br \/>\nTintas de impress\u00e3o: tintas offset, tintas \u00e0 base de solventes, tintas \u00e0 base de \u00e1gua<\/p>\n<h3 data-rm-block-id=\"block-5\"><strong>Dados t\u00e9cnicos:<\/strong><\/h3>\n<table style=\"height: 260px;width: 95%;border-color: #050505\" width=\"95%\">\n<tbody>\n<tr style=\"height: 28px\">\n<td style=\"width: 99.3832%;background-color: #ababab;height: 10px\" colspan=\"5\" width=\"125\" data-rm-block-id=\"block-6\"><span style=\"font-size: 14pt\"><strong>Informa\u00e7\u00f5es sobre o produto<\/strong><\/span><\/td>\n<\/tr>\n<tr style=\"height: 24px\">\n<td style=\"width: 24.277%;height: 10px\" width=\"125\" data-rm-block-id=\"block-7\"><span style=\"font-size: 12pt\">Tipo de produto qu\u00edmico<\/span><\/td>\n<td style=\"width: 25.114%;height: 10px;text-align: center\" colspan=\"2\" width=\"125\" data-rm-block-id=\"block-8\">Isoindoline<\/td>\n<td style=\"width: 25.1904%;height: 10px\" width=\"125\" data-rm-block-id=\"block-9\"><span style=\"font-size: 12pt\">CAS NO.<\/span><\/td>\n<td class=\"et3\" style=\"height: 19.95pt;width: 24.8018%;text-align: center\" width=\"148\" height=\"26\" data-rm-block-id=\"block-10\">36888-99-0<\/td>\n<\/tr>\n<tr style=\"height: 48px\">\n<td style=\"width: 24.277%;height: 10px\" width=\"125\" data-rm-block-id=\"block-11\"><span style=\"font-size: 12pt\">C. I. Nome<\/span><\/td>\n<td style=\"width: 25.114%;height: 10px;text-align: center\" colspan=\"2\" width=\"125\" data-rm-block-id=\"block-12\">Pigment Yellow 139<\/td>\n<td style=\"width: 25.1904%;height: 10px\" width=\"125\" data-rm-block-id=\"block-13\"><span style=\"font-size: 12pt\">EINECS \/ ELINCS N.\u00ba.<\/span><\/td>\n<td class=\"et3\" style=\"height: 19.95pt;width: 24.8018%;text-align: center\" width=\"148\" height=\"26\" data-rm-block-id=\"block-14\">253-256-2<\/td>\n<\/tr>\n<tr style=\"height: 48px\">\n<td style=\"width: 24.277%;height: 10px\" width=\"125\" data-rm-block-id=\"block-15\"><span style=\"font-size: 12pt\">C. I. Constitui\u00e7\u00e3o n\u00ba.<\/span><\/td>\n<td style=\"width: 25.114%;height: 10px;text-align: center\" colspan=\"2\" width=\"125\" data-rm-block-id=\"block-16\">56298<\/td>\n<td style=\"width: 25.1904%;height: 10px\" width=\"125\" data-rm-block-id=\"block-17\"><span style=\"font-size: 12pt\">F\u00f3rmula qu\u00edmica<\/span><\/td>\n<td class=\"et3\" style=\"height: 19.95pt;width: 24.8018%;text-align: center\" width=\"148\" height=\"26\" data-rm-block-id=\"block-18\">C16H9N5O6<\/td>\n<\/tr>\n<tr style=\"height: 24px\">\n<td style=\"width: 99.3832%;height: 10px\" colspan=\"5\" width=\"125\" data-rm-block-id=\"block-19\"><\/td>\n<\/tr>\n<tr style=\"height: 28px\">\n<td style=\"width: 99.3832%;background-color: #ababab;height: 10px\" colspan=\"5\" width=\"125\" data-rm-block-id=\"block-20\"><span style=\"font-size: 14pt\"><strong>Desempenho t\u00e9cnico<\/strong><\/span><\/td>\n<\/tr>\n<tr style=\"height: 24px\">\n<td style=\"width: 24.277%;height: 10px\" width=\"125\" data-rm-block-id=\"block-21\"><\/td>\n<td style=\"width: 12.4048%;height: 10px;text-align: center\" width=\"125\" data-rm-block-id=\"block-22\"><span style=\"font-size: 12pt\">Sombra total<\/span><\/td>\n<td style=\"width: 12.7092%;height: 10px;text-align: center\" width=\"125\" data-rm-block-id=\"block-23\"><span style=\"font-size: 12pt\">Tonalidade<\/span><\/td>\n<td style=\"width: 25.1904%;height: 10px\" width=\"125\" data-rm-block-id=\"block-24\"><\/td>\n<td style=\"width: 24.8018%;height: 10px\" width=\"125\" data-rm-block-id=\"block-25\"><\/td>\n<\/tr>\n<tr style=\"height: 48px\">\n<td style=\"width: 24.277%;height: 10px\" width=\"125\" data-rm-block-id=\"block-26\"><span style=\"font-size: 12pt\">Resist\u00eancia \u00e0s intemp\u00e9ries<\/span><\/td>\n<td class=\"et3\" style=\"height: 19.95pt;width: 12.4048%;text-align: center\" width=\"116\" height=\"26\" data-rm-block-id=\"block-27\">5<\/td>\n<td class=\"et4\" style=\"width: 12.7092%;text-align: center\" width=\"110\" data-rm-block-id=\"block-28\">5<\/td>\n<td style=\"width: 25.1904%;height: 10px\" width=\"125\" data-rm-block-id=\"block-29\"><span style=\"font-size: 12pt\">Estabilidade t\u00e9rmica \u00b0C<\/span><\/td>\n<td style=\"width: 24.8018%;height: 10px;text-align: center\" width=\"125\" data-rm-block-id=\"block-30\"><span style=\"font-size: 12pt\">250\u00b0C<\/span><\/td>\n<\/tr>\n<tr style=\"height: 24px\">\n<td style=\"width: 24.277%;height: 10px\" width=\"125\" data-rm-block-id=\"block-31\"><span style=\"font-size: 12pt\">Solidez \u00e0 luz<\/span><\/td>\n<td class=\"et4\" style=\"height: 19.95pt;width: 12.4048%;text-align: center\" height=\"26\" data-rm-block-id=\"block-32\">8<\/td>\n<td class=\"et4\" style=\"width: 12.7092%;text-align: center\" data-rm-block-id=\"block-33\">8<\/td>\n<td style=\"width: 25.1904%;height: 10px\" width=\"125\" data-rm-block-id=\"block-34\"><\/td>\n<td style=\"width: 24.8018%;height: 10px\" width=\"125\" data-rm-block-id=\"block-35\"><\/td>\n<\/tr>\n<tr style=\"height: 24px\">\n<td style=\"width: 99.3832%;height: 10px\" colspan=\"5\" width=\"125\" data-rm-block-id=\"block-36\"><\/td>\n<\/tr>\n<tr style=\"height: 24px\">\n<td style=\"width: 99.3832%;background-color: #ababab;height: 10px\" colspan=\"5\" width=\"125\" data-rm-block-id=\"block-37\"><span style=\"font-size: 14pt\"><strong>Propriedades f\u00edsicas<\/strong><\/span><\/td>\n<\/tr>\n<tr style=\"height: 48px\">\n<td style=\"width: 24.277%;height: 10px\" width=\"125\" data-rm-block-id=\"block-38\"><span style=\"font-size: 12pt\">Forma f\u00edsica<\/span><\/td>\n<td style=\"width: 25.114%;height: 10px;text-align: center\" colspan=\"2\" width=\"125\" data-rm-block-id=\"block-39\"><span style=\"font-size: 12pt\">P\u00f3<\/span><\/td>\n<td class=\"et3\" style=\"height: 10px;width: 25.1904%\" width=\"166\" height=\"26\" data-rm-block-id=\"block-40\"><span class=\"font1\">Resist\u00eancia ao \u00e1cido<\/span><\/td>\n<td class=\"et4\" style=\"width: 24.8018%;height: 10px;text-align: center\" width=\"148\" data-rm-block-id=\"block-41\">5<\/td>\n<\/tr>\n<tr style=\"height: 48px\">\n<td style=\"width: 24.277%;height: 10px\" width=\"125\" data-rm-block-id=\"block-42\"><span style=\"font-size: 12pt\">Densidade espec\u00edfica (g\/cm3):<\/span><\/td>\n<td style=\"width: 25.114%;height: 10px;text-align: center\" colspan=\"2\" width=\"125\" data-rm-block-id=\"block-43\">1.74 \u00b1 0.1<\/td>\n<td class=\"et3\" style=\"height: 10px;width: 25.1904%\" width=\"166\" height=\"26\" data-rm-block-id=\"block-44\"><span class=\"font1\">Resist\u00eancia aos \u00e1lcalis<\/span><\/td>\n<td class=\"et4\" style=\"width: 24.8018%;height: 10px;text-align: center\" data-rm-block-id=\"block-45\">4<\/td>\n<\/tr>\n<tr style=\"height: 48px\">\n<td style=\"width: 24.277%;height: 10px\" width=\"125\" data-rm-block-id=\"block-46\"><span style=\"font-size: 12pt\">Superf\u00edcie espec\u00edfica (\u33a1\/g):<\/span><\/td>\n<td style=\"width: 25.114%;height: 10px;text-align: center\" colspan=\"2\" width=\"125\" data-rm-block-id=\"block-47\">22<\/td>\n<td class=\"et3\" style=\"height: 10px;width: 25.1904%\" width=\"166\" height=\"26\" data-rm-block-id=\"block-48\"><\/td>\n<td class=\"et5\" style=\"width: 24.8018%;height: 10px;text-align: center\" data-rm-block-id=\"block-49\"><\/td>\n<\/tr>\n<tr style=\"height: 24px\">\n<td style=\"width: 24.277%;height: 10px\" width=\"125\" data-rm-block-id=\"block-50\"><span style=\"font-size: 12pt\">Absor\u00e7\u00e3o de \u00f3leo<\/span><\/td>\n<td style=\"width: 25.114%;height: 10px;text-align: center\" colspan=\"2\" width=\"125\" data-rm-block-id=\"block-51\">45 &#8211; 69<\/td>\n<td class=\"et3\" style=\"height: 10px;width: 25.1904%\" width=\"166\" height=\"26\" data-rm-block-id=\"block-52\"><\/td>\n<td class=\"et5\" style=\"width: 24.8018%;height: 10px;text-align: center\" data-rm-block-id=\"block-53\"><\/td>\n<\/tr>\n<tr style=\"height: 24px\">\n<td style=\"width: 24.277%;height: 10px\" width=\"125\" data-rm-block-id=\"block-54\"><span style=\"font-size: 12pt\">Valor do pH<\/span><\/td>\n<td style=\"width: 25.114%;height: 10px;text-align: center\" colspan=\"2\" width=\"125\" data-rm-block-id=\"block-55\">6.5 &#8211; 8.0<\/td>\n<td class=\"et3\" style=\"height: 10px;width: 25.1904%\" width=\"166\" height=\"26\" data-rm-block-id=\"block-56\"><\/td>\n<td class=\"et5\" style=\"width: 24.8018%;text-align: center;height: 10px\" width=\"116\" data-rm-block-id=\"block-57\"><\/td>\n<\/tr>\n<tr style=\"height: 24px\">\n<td style=\"width: 24.277%;height: 10px\" width=\"125\" data-rm-block-id=\"block-58\"><span style=\"font-size: 12pt\">Mat\u00e9ria vol\u00e1til<\/span><\/td>\n<td style=\"width: 25.114%;height: 10px;text-align: center\" colspan=\"2\" width=\"125\" data-rm-block-id=\"block-59\"><span style=\"font-size: 12pt\">1% m\u00e1ximo<\/span><\/td>\n<td class=\"et3\" style=\"height: 10px;width: 25.1904%\" width=\"166\" height=\"26\" data-rm-block-id=\"block-60\"><\/td>\n<td class=\"et5\" style=\"width: 24.8018%;text-align: center;height: 10px\" width=\"116\" data-rm-block-id=\"block-61\"><\/td>\n<\/tr>\n<tr style=\"height: 24px\">\n<td style=\"width: 24.277%;height: 10px\" width=\"125\" data-rm-block-id=\"block-62\"><\/td>\n<td style=\"width: 25.114%;height: 10px\" colspan=\"2\" data-rm-block-id=\"block-63\"><\/td>\n<td class=\"et3\" style=\"height: 10px;width: 25.1904%\" width=\"166\" height=\"26\" data-rm-block-id=\"block-64\"><\/td>\n<td class=\"et4\" style=\"width: 24.8018%;text-align: center;height: 10px\" data-rm-block-id=\"block-65\"><\/td>\n<\/tr>\n<tr style=\"height: 48px\">\n<td style=\"width: 99.3832%;background-color: #ababab;height: 10px\" colspan=\"5\" width=\"125\" data-rm-block-id=\"block-66\"><span style=\"font-size: 14pt\"><strong>Embalagem<\/strong><\/span><\/td>\n<\/tr>\n<tr style=\"height: 48px\">\n<td style=\"width: 99.3832%;height: 10px\" colspan=\"5\" width=\"125\" data-rm-block-id=\"block-67\"><span style=\"font-size: 12pt\">10kgs\/saco 300kgs\/Palete<\/span><\/td>\n<\/tr>\n<tr style=\"height: 24px\">\n<td style=\"width: 99.3832%;height: 10px\" colspan=\"5\" width=\"125\" data-rm-block-id=\"block-68\"><\/td>\n<\/tr>\n<tr style=\"height: 24px\">\n<td style=\"width: 49.391%;background-color: #ababab;height: 10px\" colspan=\"3\" width=\"125\" data-rm-block-id=\"block-69\"><span style=\"font-size: 14pt\"><strong>Armazenamento<\/strong><\/span><\/td>\n<td style=\"width: 25.1904%;height: 10px\" width=\"125\" data-rm-block-id=\"block-70\"><span style=\"font-size: 14pt\"><strong>Prazo de validade<\/strong><\/span><\/td>\n<td style=\"width: 24.8018%;height: 10px\" width=\"125\" data-rm-block-id=\"block-71\"><span style=\"font-size: 12pt\">5 anos<\/span><\/td>\n<\/tr>\n<tr style=\"height: 24px\">\n<td style=\"width: 99.3832%;height: 10px\" colspan=\"5\" width=\"375\" data-rm-block-id=\"block-72\"><span style=\"font-size: 12pt\">Deve ser armazenado em local fresco, seco e ventilado.<\/span><\/td>\n<\/tr>\n<tr style=\"height: 24px\">\n<td style=\"width: 99.3832%;height: 10px\" colspan=\"5\" width=\"125\" data-rm-block-id=\"block-73\"><\/td>\n<\/tr>\n<tr style=\"height: 24px\">\n<td style=\"width: 99.3832%;background-color: #ababab;height: 10px\" colspan=\"5\" width=\"125\" data-rm-block-id=\"block-74\"><span style=\"font-size: 14pt\"><strong>TRANSPORTE<\/strong><\/span><\/td>\n<\/tr>\n<tr style=\"height: 48px\">\n<td style=\"width: 99.3832%;height: 10px\" colspan=\"5\" width=\"375\" data-rm-block-id=\"block-75\"><span style=\"font-size: 12pt\">Evitar a invers\u00e3o, a luz solar, a humidade e o choque. Evitar danificar a embalagem.<\/span><\/td>\n<\/tr>\n<\/tbody>\n<\/table>\n<ul>\n<li data-rm-block-id=\"block-76\"><strong>Solidez \u00e0 luz:<\/strong> O grau de solidez \u00e0 luz \u00e9 avaliado numa escala de 1 a 8 de l\u00e3 azul, em que 1 = \u2018med\u00edocre\u2019 e 8 = \u2018excelente\u2019.<\/li>\n<li data-rm-block-id=\"block-77\"><strong>Estabilidade t\u00e9rmica:<\/strong> Os valores de estabilidade ao calor indicados indicam a temperatura m\u00e1xima a que o pigmento pode ser armazenado durante 10 min. na sombra total e em redu\u00e7\u00f5es sem sofrer qualquer altera\u00e7\u00e3o significativa da tonalidade.<\/li>\n<li data-rm-block-id=\"block-78\"><strong>Absor\u00e7\u00e3o de \u00f3leo:<\/strong> A absor\u00e7\u00e3o de \u00f3leo \u00e9 determinada com base na norma EN ISO 787-5 e indicada em g de \u00f3leo de linha\u00e7a por 100 g de pigmento.<\/li>\n<li data-rm-block-id=\"block-79\"><strong>Sangramento com solvente:<\/strong> O sangramento em solventes \u00e9 testado utilizando os graus de p\u00f3 e a classifica\u00e7\u00e3o visual \u00e9 dada numa escala de 1 a 5 cinzentos<br \/>\nem que 1 = \u2018Hemorragia intensa\u2019 e 5 = \u2018Sem hemorragia\u201d<\/li>\n<\/ul>\n<p data-rm-block-id=\"block-80\">Disclaimer \u2013 The information given in this data sheet is based on the present state of our knowledge &amp; is intended as a general description of our products &amp; their possible applications. Due to the multitude of formulations, production &amp; application conditions, all the above mentioned data have to be adjusted to the circumstances of the processor. No liabilities, including those for patent rights, can be derived from this fact for individual cases. It cannot be ruled out that this product contains particles &lt; 0.1 \u03bcm. Any user of this product is responsible for determining the suitability of Honor Pigments\u2019s products for its particular application &amp; to ensure that any proprietary rights &amp; existing laws &amp; legislation are observed.<\/p>\n<div class=\"honor-product-overview\" style=\"margin-top:40px;border-top:2px solid #f6c405;padding-top:30px\">\n<h3>Why Choose Honor Pigments?<\/h3>\n<ul>\n<li>\ud83c\udf0d <strong>Global Export Expertise<\/strong> \u2014 Trusted by customers in 40+ countries for consistent quality and reliable supply<\/li>\n<li>\u2705 <strong>Strict Quality Control<\/strong> \u2014 ISO 9001 certified with batch-to-batch consistency and zero-defect policy<\/li>\n<li>\ud83d\udcb0 <strong>OEM Production Advantage<\/strong> \u2014 Competitive pricing without compromising pigment performance<\/li>\n<li>\ud83e\uddea <strong>Technical Support<\/strong> \u2014 Free color matching, formulation advice and sample testing before bulk order<\/li>\n<\/ul>\n<div style=\"background:#f8f9fa;padding:20px;border-left:4px solid #f6c405;margin:20px 0\">\n<p><strong>\ud83d\udce9 Need more details?<\/strong><\/p>\n<p>Request TDS, SDS, or a free sample for testing.<\/p>\n<\/div>\n<\/div>","protected":false},"excerpt":{"rendered":"<p>C.I.NO: PY139<\/p>\n<p>Advantage: Excellent fastness, bright Color<\/p>\n<p>Aplica\u00e7\u00e3o principal recomendada: Revestimentos<\/p>","protected":false},"featured_media":3328,"template":"","meta":[],"product_brand":[],"product_cat":[15,74,61,72,73,75,95,63,91,76,92,77,71],"product_tag":[402],"class_list":{"0":"post-3588","1":"product","2":"type-product","3":"status-publish","4":"has-post-thumbnail","6":"product_cat-organic-pigments","7":"product_cat-pigments-for-auto-paints","8":"product_cat-pigments-for-coatings-paints","9":"product_cat-pigments-for-coil-coatings","10":"product_cat-pigments-for-industrial-coatings","11":"product_cat-pigments-for-offset-inks","12":"product_cat-pigments-for-powder-coatings","13":"product_cat-pigments-for-printing-inks","14":"product_cat-pigments-for-solvent-based-coatings","15":"product_cat-pigments-for-sovlent-based-inks","16":"product_cat-pigments-for-water-based-coatings","17":"product_cat-pigments-for-water-based-inks","18":"product_cat-pigments-for-wood-coatings","19":"product_tag-py139","20":"stm_brands-honor-pigments","22":"first","23":"instock","24":"shipping-taxable","25":"product-type-simple"},"_links":{"self":[{"href":"https:\/\/www.honorpigment.com\/pt\/wp-json\/wp\/v2\/product\/3588","targetHints":{"allow":["GET"]}}],"collection":[{"href":"https:\/\/www.honorpigment.com\/pt\/wp-json\/wp\/v2\/product"}],"about":[{"href":"https:\/\/www.honorpigment.com\/pt\/wp-json\/wp\/v2\/types\/product"}],"version-history":[{"count":2,"href":"https:\/\/www.honorpigment.com\/pt\/wp-json\/wp\/v2\/product\/3588\/revisions"}],"predecessor-version":[{"id":8745,"href":"https:\/\/www.honorpigment.com\/pt\/wp-json\/wp\/v2\/product\/3588\/revisions\/8745"}],"wp:featuredmedia":[{"embeddable":true,"href":"https:\/\/www.honorpigment.com\/pt\/wp-json\/wp\/v2\/media\/3328"}],"wp:attachment":[{"href":"https:\/\/www.honorpigment.com\/pt\/wp-json\/wp\/v2\/media?parent=3588"}],"wp:term":[{"taxonomy":"product_brand","embeddable":true,"href":"https:\/\/www.honorpigment.com\/pt\/wp-json\/wp\/v2\/product_brand?post=3588"},{"taxonomy":"product_cat","embeddable":true,"href":"https:\/\/www.honorpigment.com\/pt\/wp-json\/wp\/v2\/product_cat?post=3588"},{"taxonomy":"product_tag","embeddable":true,"href":"https:\/\/www.honorpigment.com\/pt\/wp-json\/wp\/v2\/product_tag?post=3588"}],"curies":[{"name":"wp","href":"https:\/\/api.w.org\/{rel}","templated":true}]}}