{"id":3582,"date":"2025-09-15T15:19:27","date_gmt":"2025-09-15T07:19:27","guid":{"rendered":"https:\/\/www.honorpigments.com\/?post_type=product&#038;p=3582"},"modified":"2026-04-13T23:17:35","modified_gmt":"2026-04-13T15:17:35","slug":"hp-yellow-1659-pigment-yellow-74","status":"publish","type":"product","link":"https:\/\/www.honorpigment.com\/pt\/produto\/hp-yellow-1659-pigment-yellow-74\/","title":{"rendered":"AMARELO PIGMENTO 74\/ AMARELO HP 1659"},"content":{"rendered":"<h3><strong>Products description &#8211; PY74<\/strong><\/h3>\n<p align=\"left\">HP YELLOW 1659 (PIGMENT YELLOW 74) is Greenish shade,it provide brilliant prints, which are brighter and more opaque than those of other monoazo yellow pigments. It is recommended used for printing inks, paints indusries.<\/p>\n<h3><strong>Aplica\u00e7\u00e3o recomendada<\/strong><\/h3>\n<p>Revestimentos: tintas \u00e0 base de solventes, tintas \u00e0 base de \u00e1gua, revestimentos industriais, revestimentos em p\u00f3<br \/>\nTintas de impress\u00e3o: tintas offset, tintas \u00e0 base de solventes, tintas \u00e0 base de \u00e1gua<\/p>\n<h3><strong>Dados t\u00e9cnicos<\/strong><\/h3>\n<table width=\"95%\">\n<tbody>\n<tr>\n<td colspan=\"5\" width=\"125\"><strong>Informa\u00e7\u00f5es sobre o produto<\/strong><\/td>\n<\/tr>\n<tr>\n<td width=\"125\">Tipo de produto qu\u00edmico<\/td>\n<td colspan=\"2\" width=\"125\">MonoAzo<\/td>\n<td width=\"125\">CAS NO.<\/td>\n<td style=\"text-align: center\" width=\"148\">6358-31-2<\/td>\n<\/tr>\n<tr>\n<td width=\"125\">C. I. Nome<\/td>\n<td colspan=\"2\" width=\"125\">Pigmento Amarelo 74<\/td>\n<td width=\"125\">EINECS \/ ELINCS N.\u00ba.<\/td>\n<td style=\"text-align: center\" width=\"148\">228-768-4<\/td>\n<\/tr>\n<tr>\n<td width=\"125\">C. I. Constitui\u00e7\u00e3o n\u00ba.<\/td>\n<td colspan=\"2\" width=\"125\">11741<\/td>\n<td width=\"125\">F\u00f3rmula qu\u00edmica<\/td>\n<td style=\"text-align: center\" width=\"148\">C18H18N4O6<\/td>\n<\/tr>\n<tr>\n<td colspan=\"5\" width=\"125\"><\/td>\n<\/tr>\n<tr>\n<td colspan=\"5\" width=\"125\"><strong>Desempenho t\u00e9cnico<\/strong><\/td>\n<\/tr>\n<tr>\n<td width=\"125\"><\/td>\n<td width=\"125\">Sombra total<\/td>\n<td width=\"125\">Tonalidade<\/td>\n<td width=\"125\"><\/td>\n<td width=\"125\"><\/td>\n<\/tr>\n<tr>\n<td width=\"125\">Resist\u00eancia \u00e0s intemp\u00e9ries<\/td>\n<td class=\"et3\" width=\"116\" height=\"26\"><span class=\"font1\">4-5<\/span><\/td>\n<td class=\"et4\" width=\"110\">4<\/td>\n<td width=\"125\">Estabilidade t\u00e9rmica \u00b0C<\/td>\n<td width=\"125\">160\u00b0C<\/td>\n<\/tr>\n<tr>\n<td width=\"125\">Solidez \u00e0 luz<\/td>\n<td class=\"et4\" height=\"26\">7<\/td>\n<td class=\"et4\">7<\/td>\n<td width=\"125\"><\/td>\n<td width=\"125\"><\/td>\n<\/tr>\n<tr>\n<td colspan=\"5\" width=\"125\"><\/td>\n<\/tr>\n<tr>\n<td colspan=\"5\" width=\"125\"><strong>Propriedades f\u00edsicas<\/strong><\/td>\n<\/tr>\n<tr>\n<td width=\"125\">Forma f\u00edsica<\/td>\n<td colspan=\"2\" width=\"125\">P\u00f3<\/td>\n<td class=\"et3\" width=\"166\" height=\"26\"><span class=\"font1\">Hemorragia em xileno<\/span><\/td>\n<td class=\"et4\" width=\"148\">4<\/td>\n<\/tr>\n<tr>\n<td width=\"125\">Densidade espec\u00edfica (g\/cm3):<\/td>\n<td colspan=\"2\" width=\"125\">1.40 \u00b1 0.1<\/td>\n<td class=\"et3\" width=\"166\" height=\"26\"><span class=\"font1\">Hemorragia na Metiletilcetona<\/span><\/td>\n<td class=\"et4\">4<\/td>\n<\/tr>\n<tr>\n<td width=\"125\">Superf\u00edcie espec\u00edfica (\u33a1\/g):<\/td>\n<td colspan=\"2\" width=\"125\">30-70<\/td>\n<td class=\"et3\" width=\"166\" height=\"26\"><span class=\"font1\">Hemorragia em acetato de etilo<\/span><\/td>\n<td class=\"et4\">4~5<\/td>\n<\/tr>\n<tr>\n<td width=\"125\">Absor\u00e7\u00e3o de \u00f3leo<\/td>\n<td colspan=\"2\" width=\"125\">30 \u00b1 10<\/td>\n<td class=\"et3\" width=\"166\" height=\"26\"><span class=\"font1\">Hemorragia no Cellosolve<\/span><\/td>\n<td class=\"et4\">4~5<\/td>\n<\/tr>\n<tr>\n<td width=\"125\">Valor do pH<\/td>\n<td colspan=\"2\" width=\"125\">5.0 - 7.5<\/td>\n<td class=\"et3\" width=\"166\" height=\"26\"><span class=\"font1\">Sangramento em terebintina mineral<\/span><\/td>\n<td class=\"et4\">4~5<\/td>\n<\/tr>\n<tr>\n<td width=\"125\">Mat\u00e9ria vol\u00e1til<\/td>\n<td colspan=\"2\" width=\"125\">1% m\u00e1ximo<\/td>\n<td class=\"et3\" width=\"166\" height=\"26\"><span class=\"font1\">Resist\u00eancia ao \u00e1cido<\/span><\/td>\n<td class=\"et4\">4~5<\/td>\n<\/tr>\n<tr>\n<td width=\"125\"><\/td>\n<td colspan=\"2\"><\/td>\n<td class=\"et3\" width=\"166\" height=\"26\"><span class=\"font1\">Resist\u00eancia aos \u00e1lcalis<\/span><\/td>\n<td class=\"et4\">4~5<\/td>\n<\/tr>\n<tr>\n<td colspan=\"5\" width=\"125\"><strong>Embalagem<\/strong><\/td>\n<\/tr>\n<tr>\n<td colspan=\"5\" width=\"125\">25kgs\/saco 400kgs\/Palete<\/td>\n<\/tr>\n<tr>\n<td colspan=\"5\" width=\"125\"><\/td>\n<\/tr>\n<tr>\n<td colspan=\"3\" width=\"125\"><strong>Armazenamento<\/strong><\/td>\n<td width=\"125\"><strong>Prazo de validade<\/strong><\/td>\n<td width=\"125\">5 anos<\/td>\n<\/tr>\n<tr>\n<td colspan=\"5\" width=\"375\">Deve ser armazenado em local fresco, seco e ventilado.<\/td>\n<\/tr>\n<tr>\n<td colspan=\"5\" width=\"125\"><\/td>\n<\/tr>\n<tr>\n<td colspan=\"5\" width=\"125\"><strong>TRANSPORTE<\/strong><\/td>\n<\/tr>\n<tr>\n<td colspan=\"5\" width=\"375\">Evitar a invers\u00e3o, a luz solar, a humidade e o choque. Evitar danificar a embalagem.<\/td>\n<\/tr>\n<\/tbody>\n<\/table>\n<ul>\n<li>Solidez \u00e0 luz: O grau de resist\u00eancia \u00e0 luz \u00e9 avaliado numa escala de 1 a 8 de l\u00e3 azul, em que 1 = \u2018med\u00edocre\u2019 e 8 = \u2018excelente\u2019.<\/li>\n<li>Estabilidade ao calor: Os valores de estabilidade ao calor indicados indicam a temperatura m\u00e1xima a que o pigmento pode ser armazenado durante 10 minutos na sombra total e em redu\u00e7\u00f5es sem sofrer qualquer altera\u00e7\u00e3o significativa da cor.<\/li>\n<li>Absor\u00e7\u00e3o de \u00f3leo: A absor\u00e7\u00e3o de \u00f3leo \u00e9 determinada com base na norma EN ISO 787-5 e indicada em g de \u00f3leo de linha\u00e7a por 100 g de pigmento.<\/li>\n<li>Sangramento em solventes: O sangramento em solventes \u00e9 testado utilizando os graus de p\u00f3 e a classifica\u00e7\u00e3o visual \u00e9 dada numa escala de 1 a 5 cinzentos<br \/>\nem que 1 = \u2018Hemorragia intensa\u2019 e 5 = \u2018Sem hemorragia\u201d<\/li>\n<\/ul>\n<p>Disclaimer \u2013 The information given in this data sheet is based on the present state of our knowledge &amp; is intended as a general description of our products &amp; their possible applications. Due to the multitude of formulations, production &amp; application conditions, all the above mentioned data have to be adjusted to the circumstances of the processor. No liabilities, including those for patent rights, can be derived from this fact for individual cases. It cannot be ruled out that this product contains particles &lt; 0.1 \u03bcm. Any user of this product is responsible for determining the suitability of Honor Pigments\u2019s products for its particular application &amp; to ensure that any proprietary rights &amp; existing laws &amp; legislation are observed.<\/p>\n<div class=\"honor-product-overview\" style=\"margin-top:40px;border-top:2px solid #f6c405;padding-top:30px\">\n<h3>Why Choose Honor Pigments?<\/h3>\n<ul>\n<li>\ud83c\udf0d <strong>Global Export Expertise<\/strong> \u2014 Trusted by customers in 40+ countries for consistent quality and reliable supply<\/li>\n<li>\u2705 <strong>Strict Quality Control<\/strong> \u2014 ISO 9001 certified with batch-to-batch consistency and zero-defect policy<\/li>\n<li>\ud83d\udcb0 <strong>OEM Production Advantage<\/strong> \u2014 Competitive pricing without compromising pigment performance<\/li>\n<li>\ud83e\uddea <strong>Technical Support<\/strong> \u2014 Free color matching, formulation advice and sample testing before bulk order<\/li>\n<\/ul>\n<div style=\"background:#f8f9fa;padding:20px;border-left:4px solid #f6c405;margin:20px 0\">\n<p><strong>\ud83d\udce9 Need more details?<\/strong><\/p>\n<p>Request TDS, SDS, or a free sample for testing.<\/p>\n<\/div>\n<\/div>","protected":false},"excerpt":{"rendered":"<p>C.I.NO.: PY74<\/p>\n<p>Vantagem: Elevada resist\u00eancia da cor<\/p>\n<p>Aplica\u00e7\u00e3o principal recomendada: Revestimentos<\/p>","protected":false},"featured_media":3314,"template":"","meta":[],"product_brand":[],"product_cat":[15,61,73,75,95,63,91,76,92,77],"product_tag":[],"class_list":{"0":"post-3582","1":"product","2":"type-product","3":"status-publish","4":"has-post-thumbnail","6":"product_cat-organic-pigments","7":"product_cat-pigments-for-coatings-paints","8":"product_cat-pigments-for-industrial-coatings","9":"product_cat-pigments-for-offset-inks","10":"product_cat-pigments-for-powder-coatings","11":"product_cat-pigments-for-printing-inks","12":"product_cat-pigments-for-solvent-based-coatings","13":"product_cat-pigments-for-sovlent-based-inks","14":"product_cat-pigments-for-water-based-coatings","15":"product_cat-pigments-for-water-based-inks","16":"stm_brands-honor-pigments","18":"first","19":"instock","20":"shipping-taxable","21":"product-type-simple"},"_links":{"self":[{"href":"https:\/\/www.honorpigment.com\/pt\/wp-json\/wp\/v2\/product\/3582","targetHints":{"allow":["GET"]}}],"collection":[{"href":"https:\/\/www.honorpigment.com\/pt\/wp-json\/wp\/v2\/product"}],"about":[{"href":"https:\/\/www.honorpigment.com\/pt\/wp-json\/wp\/v2\/types\/product"}],"version-history":[{"count":2,"href":"https:\/\/www.honorpigment.com\/pt\/wp-json\/wp\/v2\/product\/3582\/revisions"}],"predecessor-version":[{"id":8749,"href":"https:\/\/www.honorpigment.com\/pt\/wp-json\/wp\/v2\/product\/3582\/revisions\/8749"}],"wp:featuredmedia":[{"embeddable":true,"href":"https:\/\/www.honorpigment.com\/pt\/wp-json\/wp\/v2\/media\/3314"}],"wp:attachment":[{"href":"https:\/\/www.honorpigment.com\/pt\/wp-json\/wp\/v2\/media?parent=3582"}],"wp:term":[{"taxonomy":"product_brand","embeddable":true,"href":"https:\/\/www.honorpigment.com\/pt\/wp-json\/wp\/v2\/product_brand?post=3582"},{"taxonomy":"product_cat","embeddable":true,"href":"https:\/\/www.honorpigment.com\/pt\/wp-json\/wp\/v2\/product_cat?post=3582"},{"taxonomy":"product_tag","embeddable":true,"href":"https:\/\/www.honorpigment.com\/pt\/wp-json\/wp\/v2\/product_tag?post=3582"}],"curies":[{"name":"wp","href":"https:\/\/api.w.org\/{rel}","templated":true}]}}