{"id":3358,"date":"2025-09-03T16:21:10","date_gmt":"2025-09-03T08:21:10","guid":{"rendered":"https:\/\/www.honorpigments.com\/?post_type=product&#038;p=3358"},"modified":"2026-03-23T21:19:50","modified_gmt":"2026-03-23T13:19:50","slug":"hp-yellow-24169-pigment-red-491","status":"publish","type":"product","link":"https:\/\/www.honorpigment.com\/pt\/produto\/hp-yellow-24169-pigment-red-491\/","title":{"rendered":"PIGMENTO VERMELHO 49:1\/ HP VERMELHO 24169"},"content":{"rendered":"<h3><strong>Product Description &#8211; PR49:1<\/strong><\/h3>\n<p align=\"left\">HP red 24169 (Pigment Red 49:1) is a barium lake pigment that imparts a neutral red shade. Due to its limited heat resistance and stability, its application in plastics is restricted. It is primarily employed for coloring printing inks, particularly in publication gravure inks, where resin-treated formulations can mitigate the coppering effect. Specialized variants are well-suited for water-based inks. As an economical pigment option, it is widely used in inks, as well as in cultural and educational supplies such as watercolors and oil paints, and can also be applied in coatings.<\/p>\n<h3><strong>Aplica\u00e7\u00e3o recomendada<\/strong><strong>\uff1a<\/strong><\/h3>\n<p>Printing inks: offset inks, water based inks<\/p>\n<h3><strong>Dados t\u00e9cnicos:<\/strong><\/h3>\n<table style=\"height: 260px; width: 95%; border-color: #050505;\" width=\"95%\">\n<tbody>\n<tr style=\"height: 28px;\">\n<td style=\"width: 99.2389%; background-color: #ababab; height: 10px;\" colspan=\"5\" width=\"125\"><span style=\"font-size: 14pt;\"><strong>Informa\u00e7\u00f5es sobre o produto<\/strong><\/span><\/td>\n<\/tr>\n<tr style=\"height: 24px;\">\n<td style=\"width: 24.277%; height: 10px;\" width=\"125\"><span style=\"font-size: 12pt;\">Tipo de produto qu\u00edmico<\/span><\/td>\n<td style=\"width: 25.114%; height: 10px; text-align: center;\" colspan=\"2\" width=\"125\">Azo<\/td>\n<td style=\"width: 25.1904%; height: 10px;\" width=\"125\"><span style=\"font-size: 12pt;\">CAS NO.<\/span><\/td>\n<td class=\"et3\" style=\"height: 19.95pt; width: 24.6575%; text-align: center;\" width=\"148\" height=\"26\">1103-38-4<\/td>\n<\/tr>\n<tr style=\"height: 48px;\">\n<td style=\"width: 24.277%; height: 10px;\" width=\"125\"><span style=\"font-size: 12pt;\">C. I. Nome<\/span><\/td>\n<td style=\"width: 25.114%; height: 10px; text-align: center;\" colspan=\"2\" width=\"125\">Pigmento Vermelho 49:1<\/td>\n<td style=\"width: 25.1904%; height: 10px;\" width=\"125\"><span style=\"font-size: 12pt;\">EINECS \/ ELINCS N.\u00ba.<\/span><\/td>\n<td class=\"et4\" style=\"height: 19.95pt; width: 24.6575%; text-align: center;\" width=\"148\" height=\"26\">214-160-6<\/td>\n<\/tr>\n<tr style=\"height: 48px;\">\n<td style=\"width: 24.277%; height: 10px;\" width=\"125\"><span style=\"font-size: 12pt;\">C. I. Constitui\u00e7\u00e3o n\u00ba.<\/span><\/td>\n<td style=\"width: 25.114%; height: 10px; text-align: center;\" colspan=\"2\" width=\"125\">15630:1<\/td>\n<td style=\"width: 25.1904%; height: 10px;\" width=\"125\"><span style=\"font-size: 12pt;\">F\u00f3rmula qu\u00edmica<\/span><\/td>\n<td class=\"et4\" style=\"height: 19.95pt; width: 24.6575%; text-align: center;\" width=\"148\" height=\"26\">C40H26N4O8S2 1\/2Ba<\/td>\n<\/tr>\n<tr style=\"height: 24px;\">\n<td style=\"width: 99.2389%; height: 10px;\" colspan=\"5\" width=\"125\"><\/td>\n<\/tr>\n<tr style=\"height: 28px;\">\n<td style=\"width: 99.2389%; background-color: #ababab; height: 10px;\" colspan=\"5\" width=\"125\"><span style=\"font-size: 14pt;\"><strong>Desempenho t\u00e9cnico<\/strong><\/span><\/td>\n<\/tr>\n<tr style=\"height: 24px;\">\n<td style=\"width: 24.277%; height: 10px;\" width=\"125\"><\/td>\n<td style=\"width: 12.4048%; height: 10px; text-align: center;\" width=\"125\"><span style=\"font-size: 12pt;\">Sombra total<\/span><\/td>\n<td style=\"width: 12.7092%; height: 10px; text-align: center;\" width=\"125\"><span style=\"font-size: 12pt;\">Tonalidade<\/span><\/td>\n<td style=\"width: 25.1904%; height: 10px;\" width=\"125\"><\/td>\n<td style=\"width: 24.6575%; height: 10px;\" width=\"125\"><\/td>\n<\/tr>\n<tr style=\"height: 48px;\">\n<td style=\"width: 24.277%; height: 10px;\" width=\"125\"><span style=\"font-size: 12pt;\">Resist\u00eancia \u00e0s intemp\u00e9ries<\/span><\/td>\n<td class=\"et3\" style=\"height: 19.95pt; width: 12.4048%; text-align: center;\" width=\"116\" height=\"26\"><span class=\"font1\">4-5<\/span><\/td>\n<td class=\"et4\" style=\"width: 12.7092%; text-align: center;\" width=\"110\">3<\/td>\n<td style=\"width: 25.1904%; height: 10px;\" width=\"125\"><span style=\"font-size: 12pt;\">Estabilidade t\u00e9rmica \u00b0C<\/span><\/td>\n<td style=\"width: 24.6575%; height: 10px; text-align: center;\" width=\"125\"><span style=\"font-size: 12pt;\">160\u00b0C<\/span><\/td>\n<\/tr>\n<tr style=\"height: 24px;\">\n<td style=\"width: 24.277%; height: 10px;\" width=\"125\"><span style=\"font-size: 12pt;\">Solidez \u00e0 luz<\/span><\/td>\n<td class=\"et4\" style=\"height: 19.95pt; width: 12.4048%; text-align: center;\" height=\"26\">4<\/td>\n<td class=\"et4\" style=\"width: 12.7092%; text-align: center;\">3~4<\/td>\n<td style=\"width: 25.1904%; height: 10px;\" width=\"125\"><\/td>\n<td style=\"width: 24.6575%; height: 10px;\" width=\"125\"><\/td>\n<\/tr>\n<tr style=\"height: 24px;\">\n<td style=\"width: 99.2389%; height: 10px;\" colspan=\"5\" width=\"125\"><\/td>\n<\/tr>\n<tr style=\"height: 24px;\">\n<td style=\"width: 99.2389%; background-color: #ababab; height: 10px;\" colspan=\"5\" width=\"125\"><span style=\"font-size: 14pt;\"><strong>Propriedades f\u00edsicas<\/strong><\/span><\/td>\n<\/tr>\n<tr style=\"height: 48px;\">\n<td style=\"width: 24.277%; height: 10px;\" width=\"125\"><span style=\"font-size: 12pt;\">Forma f\u00edsica<\/span><\/td>\n<td style=\"width: 25.114%; height: 10px; text-align: center;\" colspan=\"2\" width=\"125\"><span style=\"font-size: 12pt;\">P\u00f3<\/span><\/td>\n<td class=\"et3\" style=\"height: 19.95pt; width: 25.1904%;\" width=\"166\" height=\"26\"><span class=\"font1\">Resist\u00eancia ao \u00e1cido<\/span><\/td>\n<td class=\"et4\" style=\"width: 24.6575%; text-align: center;\" width=\"148\">3~4<\/td>\n<\/tr>\n<tr style=\"height: 48px;\">\n<td style=\"width: 24.277%; height: 10px;\" width=\"125\"><span style=\"font-size: 12pt;\">Densidade espec\u00edfica (g\/cm3):<\/span><\/td>\n<td style=\"width: 25.114%; height: 10px; text-align: center;\" colspan=\"2\" width=\"125\">1.80 \u00b1 0.1<\/td>\n<td class=\"et3\" style=\"height: 19.95pt; width: 25.1904%;\" width=\"166\" height=\"26\"><span class=\"font1\">Resist\u00eancia aos \u00e1lcalis<\/span><\/td>\n<td class=\"et4\" style=\"width: 24.6575%; text-align: center;\">3~4<\/td>\n<\/tr>\n<tr style=\"height: 48px;\">\n<td style=\"width: 24.277%; height: 10px;\" width=\"125\"><span style=\"font-size: 12pt;\">Superf\u00edcie espec\u00edfica (\u33a1\/g):<\/span><\/td>\n<td style=\"width: 25.114%; height: 10px; text-align: center;\" colspan=\"2\" width=\"125\">57<\/td>\n<td class=\"et3\" style=\"height: 19.95pt; width: 25.1904%;\" width=\"166\" height=\"26\">Resist\u00eancia \u00e0 \u00e1gua<\/td>\n<td class=\"et4\" style=\"width: 24.6575%; text-align: center;\">3~4<\/td>\n<\/tr>\n<tr style=\"height: 24px;\">\n<td style=\"width: 24.277%; height: 10px;\" width=\"125\"><span style=\"font-size: 12pt;\">Absor\u00e7\u00e3o de \u00f3leo<\/span><\/td>\n<td style=\"width: 25.114%; height: 10px; text-align: center;\" colspan=\"2\" width=\"125\">45<\/td>\n<td class=\"et3\" style=\"height: 19.95pt; width: 25.1904%;\" width=\"166\" height=\"26\">Resist\u00eancia ao \u00f3leo<\/td>\n<td class=\"et4\" style=\"width: 24.6575%; text-align: center;\">3~4<\/td>\n<\/tr>\n<tr style=\"height: 24px;\">\n<td style=\"width: 24.277%; height: 10px;\" width=\"125\"><span style=\"font-size: 12pt;\">Valor do pH<\/span><\/td>\n<td style=\"width: 25.114%; height: 10px; text-align: center;\" colspan=\"2\" width=\"125\">6.5 -8.5<\/td>\n<td class=\"et3\" style=\"height: 19.95pt; width: 25.1904%;\" width=\"166\" height=\"26\"><\/td>\n<td class=\"et4\" style=\"width: 24.6575%; text-align: center;\"><\/td>\n<\/tr>\n<tr style=\"height: 24px;\">\n<td style=\"width: 24.277%; height: 10px;\" width=\"125\"><span style=\"font-size: 12pt;\">Mat\u00e9ria vol\u00e1til<\/span><\/td>\n<td style=\"width: 25.114%; height: 10px; text-align: center;\" colspan=\"2\" width=\"125\"><span style=\"font-size: 12pt;\">1% m\u00e1ximo<\/span><\/td>\n<td class=\"et3\" style=\"height: 19.95pt; width: 25.1904%;\" width=\"166\" height=\"26\"><\/td>\n<td class=\"et4\" style=\"width: 24.6575%; text-align: center;\"><\/td>\n<\/tr>\n<tr style=\"height: 24px;\">\n<td style=\"width: 24.277%; height: 10px;\" width=\"125\"><\/td>\n<td style=\"width: 25.114%; height: 10px;\" colspan=\"2\"><\/td>\n<td class=\"et3\" style=\"height: 19.95pt; width: 25.1904%;\" width=\"166\" height=\"26\"><\/td>\n<td class=\"et4\" style=\"width: 24.6575%; text-align: center;\"><\/td>\n<\/tr>\n<tr style=\"height: 48px;\">\n<td style=\"width: 99.2389%; background-color: #ababab; height: 10px;\" colspan=\"5\" width=\"125\"><span style=\"font-size: 14pt;\"><strong>Embalagem<\/strong><\/span><\/td>\n<\/tr>\n<tr style=\"height: 48px;\">\n<td style=\"width: 99.2389%; height: 10px;\" colspan=\"5\" width=\"125\">25kgs\/saco 400kgs\/Palete<\/td>\n<\/tr>\n<tr style=\"height: 24px;\">\n<td style=\"width: 99.2389%; height: 10px;\" colspan=\"5\" width=\"125\"><\/td>\n<\/tr>\n<tr style=\"height: 24px;\">\n<td style=\"width: 49.391%; background-color: #ababab; height: 10px;\" colspan=\"3\" width=\"125\"><span style=\"font-size: 14pt;\"><strong>Armazenamento<\/strong><\/span><\/td>\n<td style=\"width: 25.1904%; height: 10px;\" width=\"125\"><span style=\"font-size: 14pt;\"><strong>Prazo de validade<\/strong><\/span><\/td>\n<td style=\"width: 24.6575%; height: 10px;\" width=\"125\"><span style=\"font-size: 12pt;\">5 anos<\/span><\/td>\n<\/tr>\n<tr style=\"height: 24px;\">\n<td style=\"width: 99.2389%; height: 10px;\" colspan=\"5\" width=\"375\"><span style=\"font-size: 12pt;\">Deve ser armazenado em local fresco, seco e ventilado.<\/span><\/td>\n<\/tr>\n<tr style=\"height: 24px;\">\n<td style=\"width: 99.2389%; height: 10px;\" colspan=\"5\" width=\"125\"><\/td>\n<\/tr>\n<tr style=\"height: 24px;\">\n<td style=\"width: 99.2389%; background-color: #ababab; height: 10px;\" colspan=\"5\" width=\"125\"><span style=\"font-size: 14pt;\"><strong>TRANSPORTE<\/strong><\/span><\/td>\n<\/tr>\n<tr style=\"height: 48px;\">\n<td style=\"width: 99.2389%; height: 10px;\" colspan=\"5\" width=\"375\"><span style=\"font-size: 12pt;\">Avoid inversion, sunlight, moisture and crash. Avoid damage the package.\u00a0 info@honorpigment.com\u00a0<\/span><\/td>\n<\/tr>\n<\/tbody>\n<\/table>\n<ul>\n<li>Solidez \u00e0 luz: O grau de resist\u00eancia \u00e0 luz \u00e9 avaliado numa escala de 1 a 8 de l\u00e3 azul, em que 1 = \u2018med\u00edocre\u2019 e 8 = \u2018excelente\u2019.<\/li>\n<li>Estabilidade ao calor: Os valores de estabilidade ao calor indicados indicam a temperatura m\u00e1xima a que o pigmento pode ser armazenado durante 10 minutos na sombra total e em redu\u00e7\u00f5es sem sofrer qualquer altera\u00e7\u00e3o significativa da cor.<\/li>\n<li>Absor\u00e7\u00e3o de \u00f3leo: A absor\u00e7\u00e3o de \u00f3leo \u00e9 determinada com base na norma EN ISO 787-5 e indicada em g de \u00f3leo de linha\u00e7a por 100 g de pigmento.<\/li>\n<li>Sangramento em solventes: O sangramento em solventes \u00e9 testado utilizando os graus de p\u00f3 e a classifica\u00e7\u00e3o visual \u00e9 dada numa escala de 1 a 5 cinzentos<br \/>\nem que 1 = \u2018Hemorragia intensa\u2019 e 5 = \u2018Sem hemorragia\u201d<\/li>\n<\/ul>\n<p>Isen\u00e7\u00e3o de responsabilidade - As informa\u00e7\u00f5es fornecidas nesta folha de dados baseiam-se no estado atual dos nossos conhecimentos e destinam-se a uma descri\u00e7\u00e3o geral dos nossos produtos e das suas poss\u00edveis aplica\u00e7\u00f5es. Devido \u00e0 multiplicidade de formula\u00e7\u00f5es, condi\u00e7\u00f5es de produ\u00e7\u00e3o e aplica\u00e7\u00e3o, todos os dados acima mencionados t\u00eam de ser ajustados \u00e0s circunst\u00e2ncias do processador. Deste facto n\u00e3o podem ser retiradas quaisquer responsabilidades, incluindo as relativas a direitos de patente, para casos individuais. N\u00e3o se pode excluir que este produto contenha part\u00edculas &lt; 0,1 \u03bcm. Qualquer utilizador deste produto \u00e9 respons\u00e1vel por determinar a adequa\u00e7\u00e3o dos produtos Sudarshan \u00e0 sua aplica\u00e7\u00e3o espec\u00edfica e por garantir o cumprimento de quaisquer direitos de propriedade e das leis e legisla\u00e7\u00e3o existentes.<\/p>","protected":false},"excerpt":{"rendered":"<p>C.I.NO: PR49:1<\/p>\n<p>Vantagem: Elevada resist\u00eancia da cor<\/p>\n<p>Aplica\u00e7\u00e3o principal recomendada: Tinta \u00e0 base de \u00e1gua, Impress\u00e3o t\u00eaxtil<\/p>","protected":false},"featured_media":3359,"template":"","meta":[],"product_brand":[],"product_cat":[15,75,63,77],"product_tag":[116,117,118],"class_list":{"0":"post-3358","1":"product","2":"type-product","3":"status-publish","4":"has-post-thumbnail","6":"product_cat-organic-pigments","7":"product_cat-pigments-for-offset-inks","8":"product_cat-pigments-for-printing-inks","9":"product_cat-pigments-for-water-based-inks","10":"product_tag-1-naphthalenesulfonic-acid","11":"product_tag-2-2-hydroxy-1-naphthalenylazo","12":"product_tag-barium-salt-21-1883-red-barium-lithol-ci-pigment-red-49","14":"first","15":"instock","16":"shipping-taxable","17":"product-type-simple"},"_links":{"self":[{"href":"https:\/\/www.honorpigment.com\/pt\/wp-json\/wp\/v2\/product\/3358","targetHints":{"allow":["GET"]}}],"collection":[{"href":"https:\/\/www.honorpigment.com\/pt\/wp-json\/wp\/v2\/product"}],"about":[{"href":"https:\/\/www.honorpigment.com\/pt\/wp-json\/wp\/v2\/types\/product"}],"version-history":[{"count":0,"href":"https:\/\/www.honorpigment.com\/pt\/wp-json\/wp\/v2\/product\/3358\/revisions"}],"wp:featuredmedia":[{"embeddable":true,"href":"https:\/\/www.honorpigment.com\/pt\/wp-json\/wp\/v2\/media\/3359"}],"wp:attachment":[{"href":"https:\/\/www.honorpigment.com\/pt\/wp-json\/wp\/v2\/media?parent=3358"}],"wp:term":[{"taxonomy":"product_brand","embeddable":true,"href":"https:\/\/www.honorpigment.com\/pt\/wp-json\/wp\/v2\/product_brand?post=3358"},{"taxonomy":"product_cat","embeddable":true,"href":"https:\/\/www.honorpigment.com\/pt\/wp-json\/wp\/v2\/product_cat?post=3358"},{"taxonomy":"product_tag","embeddable":true,"href":"https:\/\/www.honorpigment.com\/pt\/wp-json\/wp\/v2\/product_tag?post=3358"}],"curies":[{"name":"wp","href":"https:\/\/api.w.org\/{rel}","templated":true}]}}