{"id":3287,"date":"2025-08-31T17:31:17","date_gmt":"2025-08-31T09:31:17","guid":{"rendered":"https:\/\/www.honorpigments.com\/?post_type=product&#038;p=3287"},"modified":"2026-04-27T22:32:20","modified_gmt":"2026-04-27T14:32:20","slug":"solvent-red-179-solvent-dyes","status":"publish","type":"product","link":"https:\/\/www.honorpigment.com\/pt\/produto\/solvent-red-179-solvent-dyes\/","title":{"rendered":"Vermelho Solvente 179 \/ Corantes Solventes"},"content":{"rendered":"<h3><strong><b>Descri\u00e7\u00e3o <\/b><\/strong><\/h3>\n<p>Solvent Red 179 is a yellowish transparent red oil solvent dye.<\/p>\n<p>It has good heat resistance and light fastness, good migration resistance and high tin Solvent Red 179 is widely recognized for its exceptional performance in various industrial applications. Its robust properties make it suitable for use in solvent-based systems where durability and color integrity are paramount. Additionally, the dye&#8217;s compatibility with different substrates enhances its versatility, allowing for effective formulation in coatings, inks, and plastics. Overall, Solvent Red 179 stands out as a reliable choice for achieving vibrant coloration in demanding environments. ting strength. Solvent Red 179&#8217;s equivalence is Red E2G.<\/p>\n<p>It is recommended for plastics, PS PET PA PC ABS (polyolefin, polyester,polycabonate, polyamide ) etc. Also allowed to be used in polyester fiber (PET).<\/p>\n<h3><strong><b>Informa\u00e7\u00f5es de identifica\u00e7\u00e3o:<\/b><\/strong><\/h3>\n<p>\u00cdndice de cor: Vermelho solvente 179<\/p>\n<p>F\u00f3rmula molecular: C<sub>22<\/sub>H<sub>12<\/sub>N<sub>2<\/sub>O<\/p>\n<p>N.\u00ba CAS: 89106-94-5<\/p>\n<h3><strong><b>Produto<\/b><\/strong><strong><b>\u00a0<\/b><\/strong><strong><b>especifica\u00e7\u00e3o<\/b><\/strong><\/h3>\n<p>Appearance red \u00a0powder<\/p>\n<p>Poder de tingimento 100\u00b13%<\/p>\n<p>Cor da sombra Semelhante ao padr\u00e3o,<\/p>\n<p>Cinza \u2264 1.0%<\/p>\n<p>Humidade \u2264 1.0%<\/p>\n<p>Valor diferencial de cor\u0394E \u2264 0,8<\/p>\n<p>Density g\/cm3 \u00a0\u00a0\u00a0\u00a0\u00a0\u00a0\u00a0\u00a0\u00a0\u00a0\u00a0\u00a0\u00a0\u00a0\u00a0\u00a0\u00a0\u00a0\u00a0\u00a0\u00a0\u00a0\u00a0\u00a0\u00a0\u00a0\u00a0\u00a0\u00a0\u00a0\u00a0\u00a0\u00a0\u00a0\u00a0\u00a0\u00a0\u00a0\u00a0\u00a0\u00a0\u00a0\u00a0\u00a0\u00a0\u00a0\u00a0\u00a0\u00a0\u00a0\u00a0\u00a0\u00a0\u00a0\u00a0\u00a0\u00a0\u00a0\u00a0\u00a0\u00a0\u00a0\u00a0\u00a0\u00a0\u00a0\u00a0\u00a0\u00a0\u00a0\u00a0\u00a0\u00a0\u00a0\u00a0\u00a0\u00a0\u00a01.40<\/p>\n<p>Melting Point \u2103 \u00a0\u00a0\u00a0\u00a0\u00a0\u00a0\u00a0\u00a0\u00a0\u00a0\u00a0\u00a0\u00a0\u00a0\u00a0\u00a0\u00a0\u00a0\u00a0\u00a0\u00a0\u00a0\u00a0\u00a0\u00a0\u00a0\u00a0\u00a0\u00a0\u00a0\u00a0\u00a0\u00a0\u00a0\u00a0\u00a0\u00a0\u00a0\u00a0\u00a0\u00a0\u00a0\u00a0\u00a0\u00a0\u00a0\u00a0\u00a0\u00a0\u00a0\u00a0\u00a0\u00a0\u00a0\u00a0\u00a0\u00a0\u00a0\u00a0\u00a0\u00a0\u00a0\u00a0\u00a0\u00a0\u00a0\u00a0\u00a0\u00a0\u00a0\u00a0\u00a0\u00a0\u00a0\u00a0\u00a0255<\/p>\n<h3><strong><b>Dados t\u00e9cnicos<\/b><\/strong><\/h3>\n<table>\n<tbody>\n<tr>\n<td width=\"307\"><strong>Teste<\/strong><strong>\u00a0<\/strong><strong>Artigos<\/strong><\/td>\n<td width=\"58\"><strong>PS<\/strong><\/td>\n<td width=\"58\"><strong>ABS<\/strong><\/td>\n<td width=\"58\"><strong>SAN<\/strong><\/td>\n<td width=\"58\"><strong>PMMA<\/strong><\/td>\n<td width=\"58\"><strong>PC<\/strong><\/td>\n<td width=\"58\"><strong>R-<\/strong><strong>PVC<\/strong><\/td>\n<td width=\"58\"><strong>PA6<\/strong><\/td>\n<td width=\"58\"><strong>PET<\/strong><\/td>\n<\/tr>\n<tr>\n<td width=\"307\">Temperatura de resist\u00eancia ao calor, \u2103<\/p>\n<p>(0,05% corantes, transparentes)<\/td>\n<td width=\"58\">300<\/td>\n<td width=\"58\">300<\/td>\n<td width=\"58\">-<\/td>\n<td width=\"58\">-<\/td>\n<td width=\"58\">340<\/td>\n<td width=\"58\">-<\/td>\n<td width=\"58\">-<\/td>\n<td width=\"58\">320<\/td>\n<\/tr>\n<tr>\n<td width=\"307\">Temperatura de resist\u00eancia ao calor, \u2103<\/p>\n<p>(0,05% de corantes + 1,0% de di\u00f3xido de tit\u00e2nio)<\/td>\n<td width=\"58\">300<\/td>\n<td width=\"58\">300<\/td>\n<td width=\"58\">-<\/td>\n<td width=\"58\">-<\/td>\n<td width=\"58\">340<\/td>\n<td width=\"58\">-<\/td>\n<td width=\"58\">-<\/td>\n<td width=\"58\">320<\/td>\n<\/tr>\n<tr>\n<td width=\"307\">Resist\u00eancia \u00e0 migra\u00e7\u00e3o<\/td>\n<td width=\"58\">5<\/td>\n<td width=\"58\">5<\/td>\n<td width=\"58\">-<\/td>\n<td width=\"58\">-<\/td>\n<td width=\"58\">5<\/td>\n<td width=\"58\">5<\/td>\n<td width=\"58\">5<\/td>\n<td width=\"58\">5<\/td>\n<\/tr>\n<tr>\n<td width=\"307\">Solidez \u00e0 luz (corantes 0.05%, transparentes)<\/td>\n<td width=\"58\">7-8<\/td>\n<td width=\"58\">7-8<\/td>\n<td width=\"58\">-<\/td>\n<td width=\"58\">-<\/td>\n<td width=\"58\">-<\/td>\n<td width=\"58\">7-8<\/td>\n<td width=\"58\"><\/td>\n<td width=\"58\">-<\/td>\n<\/tr>\n<tr>\n<td width=\"307\">Resist\u00eancia \u00e0s intemp\u00e9ries<\/td>\n<td width=\"58\">-<\/td>\n<td width=\"58\">-<\/td>\n<td width=\"58\">-<\/td>\n<td width=\"58\">-<\/td>\n<td width=\"58\">-<\/td>\n<td width=\"58\">-<\/td>\n<td width=\"58\">-<\/td>\n<td width=\"58\">-<\/td>\n<\/tr>\n<tr>\n<td width=\"307\">Resist\u00eancia a \u00e1cidos (em solu\u00e7\u00e3o de \u00e1cido clor\u00eddrico 5%)<\/td>\n<td width=\"58\">-<\/td>\n<td width=\"58\">-<\/td>\n<td width=\"58\">-<\/td>\n<td width=\"58\">-<\/td>\n<td width=\"58\">-<\/td>\n<td width=\"58\">5<\/td>\n<td width=\"58\">-<\/td>\n<td width=\"58\">-<\/td>\n<\/tr>\n<tr>\n<td width=\"307\">Resist\u00eancia aos \u00e1lcalis (em solu\u00e7\u00e3o de soda c\u00e1ustica 5%)<\/td>\n<td width=\"58\">-<\/td>\n<td width=\"58\">-<\/td>\n<td width=\"58\">-<\/td>\n<td width=\"58\">-<\/td>\n<td width=\"58\">-<\/td>\n<td width=\"58\">5<\/td>\n<td width=\"58\">-<\/td>\n<td width=\"58\">-<\/td>\n<\/tr>\n<\/tbody>\n<\/table>\n<h3><strong><b>Aplica\u00e7\u00e3o<\/b><\/strong><strong><b>\u00a0<\/b><\/strong><strong><b>Perfil<\/b><\/strong><strong>\u00a0<\/strong><\/h3>\n<table>\n<tbody>\n<tr>\n<td width=\"129\"><strong>PS<\/strong><\/td>\n<td width=\"129\">\u25cf<\/td>\n<td width=\"129\"><strong>PET<\/strong><\/td>\n<td width=\"129\">\u25cf<\/td>\n<td width=\"129\"><strong>PC<\/strong><\/td>\n<td width=\"129\">\u25cf<\/td>\n<\/tr>\n<tr>\n<td width=\"129\"><strong>AS<\/strong><\/td>\n<td width=\"129\">\u25cf<\/td>\n<td width=\"129\"><strong>PVC-<\/strong><strong>\u00a0<\/strong><strong>R<\/strong><\/td>\n<td width=\"129\">\u25cf<\/td>\n<td width=\"129\"><strong>SAN<\/strong><\/td>\n<td width=\"129\">\u25cf<\/td>\n<\/tr>\n<tr>\n<td width=\"129\"><strong>ABS<\/strong><\/td>\n<td width=\"129\">\u25cf<\/td>\n<td width=\"129\"><strong>PVC-U<\/strong><\/td>\n<td width=\"129\">\u25cf<\/td>\n<td width=\"129\"><strong>\u00a0<\/strong><\/td>\n<td width=\"129\"><\/td>\n<\/tr>\n<tr>\n<td width=\"129\"><strong>PMMA<\/strong><\/td>\n<td width=\"129\">\u25cf<\/td>\n<td width=\"129\"><\/td>\n<td width=\"129\"><\/td>\n<td width=\"129\"><\/td>\n<td width=\"129\"><\/td>\n<\/tr>\n<\/tbody>\n<\/table>\n<p><strong><b>Nota:<\/b><\/strong><strong><b>\u00a0\u00a0\u00a0\u00a0<\/b><\/strong>\u25cf = recomendado \u25cb = utiliza\u00e7\u00e3o potencial - = n\u00e3o recomendado<\/p>\n<h3>Solvent red 179 solubility in organic solvent at\u00a020\u2103(g\/l)<strong>\u00a0<\/strong><\/h3>\n<table>\n<tbody>\n<tr>\n<td width=\"154\"><strong>Acetona<\/strong><\/td>\n<td width=\"154\"><strong>Butyl Acetate<\/strong><\/td>\n<td width=\"154\"><strong>Metilbenzeno<\/strong><\/td>\n<td width=\"163\"><strong>Diclorometano<\/strong><\/td>\n<td width=\"145\"><strong>\u00c1lcool et\u00edlico<\/strong><\/td>\n<\/tr>\n<tr>\n<td width=\"154\"><strong>1.6<\/strong><\/td>\n<td width=\"154\"><strong>1.6<\/strong><\/td>\n<td width=\"154\"><strong>4.1<\/strong><\/td>\n<td width=\"163\"><strong>8<\/strong><\/td>\n<td width=\"145\"><strong>0.9<\/strong><\/td>\n<\/tr>\n<\/tbody>\n<\/table>\n<p><strong>\u00a0<\/strong><\/p>\n<p><strong>Recomendado<\/strong><strong>\u00a0Dosagem<\/strong><\/p>\n<p>Transparente: 0,05<\/p>\n<p>N\u00e3o transparente: 0,08<\/p>\n<h3><strong>Embalagem:<\/strong><\/h3>\n<p>A embalagem normal \u00e9 em tambor de papel de 25kgs, 450kgs\/Palete.<\/p>\n<div class=\"honor-product-overview\" style=\"margin-top:40px;border-top:2px solid #f6c405;padding-top:30px\">\n<h3>Why Choose Honor Pigments?<\/h3>\n<ul>\n<li>\ud83c\udf0d <strong>Global Export Expertise<\/strong> \u2014 Trusted by customers in 40+ countries for consistent quality and reliable supply<\/li>\n<li>\u2705 <strong>Strict Quality Control<\/strong> \u2014 ISO 9001 certified with batch-to-batch consistency and zero-defect policy<\/li>\n<li>\ud83d\udcb0 <strong>OEM Production Advantage<\/strong> \u2014 Competitive pricing without compromising pigment performance<\/li>\n<li>\ud83e\uddea <strong>Technical Support<\/strong> \u2014 Free color matching, formulation advice and sample testing before bulk order<\/li>\n<\/ul>\n<div style=\"background:#f8f9fa;padding:20px;border-left:4px solid #f6c405;margin:20px 0\">\n<p><strong>\ud83d\udce9 Need more details?<\/strong><\/p>\n<p>Request TDS, SDS, or a free sample for testing.<\/p>\n<\/div>\n<\/div>","protected":false},"excerpt":{"rendered":"<p>\u00cdndice de cor: Vermelho solvente 179<\/p>\n<p>F\u00f3rmula molecular:    C<sub>22<\/sub>H<sub>12<\/sub>N<sub>2<\/sub>O<\/p>\n<p>N.\u00ba CAS: 89106-94-5<\/p>\n<p><strong>\u00a0<\/strong>Um vermelho de tonalidade amarela com muito boa resist\u00eancia \u00e0 luz e excelente resist\u00eancia ao calor.<\/p>","protected":false},"featured_media":3422,"template":"","meta":[],"product_brand":[],"product_cat":[68,58],"product_tag":[360,359],"class_list":{"0":"post-3287","1":"product","2":"type-product","3":"status-publish","4":"has-post-thumbnail","6":"product_cat-solvent-dyes","7":"product_cat-dyestuffs","8":"product_tag-solvent-dyes-red-179","9":"product_tag-sr179","10":"stm_brands-honor-dyes","12":"first","13":"instock","14":"shipping-taxable","15":"product-type-simple"},"_links":{"self":[{"href":"https:\/\/www.honorpigment.com\/pt\/wp-json\/wp\/v2\/product\/3287","targetHints":{"allow":["GET"]}}],"collection":[{"href":"https:\/\/www.honorpigment.com\/pt\/wp-json\/wp\/v2\/product"}],"about":[{"href":"https:\/\/www.honorpigment.com\/pt\/wp-json\/wp\/v2\/types\/product"}],"version-history":[{"count":1,"href":"https:\/\/www.honorpigment.com\/pt\/wp-json\/wp\/v2\/product\/3287\/revisions"}],"predecessor-version":[{"id":8675,"href":"https:\/\/www.honorpigment.com\/pt\/wp-json\/wp\/v2\/product\/3287\/revisions\/8675"}],"wp:featuredmedia":[{"embeddable":true,"href":"https:\/\/www.honorpigment.com\/pt\/wp-json\/wp\/v2\/media\/3422"}],"wp:attachment":[{"href":"https:\/\/www.honorpigment.com\/pt\/wp-json\/wp\/v2\/media?parent=3287"}],"wp:term":[{"taxonomy":"product_brand","embeddable":true,"href":"https:\/\/www.honorpigment.com\/pt\/wp-json\/wp\/v2\/product_brand?post=3287"},{"taxonomy":"product_cat","embeddable":true,"href":"https:\/\/www.honorpigment.com\/pt\/wp-json\/wp\/v2\/product_cat?post=3287"},{"taxonomy":"product_tag","embeddable":true,"href":"https:\/\/www.honorpigment.com\/pt\/wp-json\/wp\/v2\/product_tag?post=3287"}],"curies":[{"name":"wp","href":"https:\/\/api.w.org\/{rel}","templated":true}]}}