{"id":3203,"date":"2025-08-28T15:34:46","date_gmt":"2025-08-28T07:34:46","guid":{"rendered":"https:\/\/www.honorpigments.com\/?post_type=product&#038;p=3203"},"modified":"2026-05-02T22:30:10","modified_gmt":"2026-05-02T14:30:10","slug":"1-3-dibromopropano","status":"publish","type":"product","link":"https:\/\/www.honorpigment.com\/pt\/produto\/1-3-dibromopropano\/","title":{"rendered":"1,3-Dibromopropano \uff08N\u00daMERO DE CASO: 109-64-8\uff09"},"content":{"rendered":"<h3 dir=\"auto\">Revis\u00e3o de produtos<\/h3>\n<p dir=\"auto\">O 1,3-Dibromopropano, n\u00famero CAS 109-64-8, \u00e9 um composto alcano dihalogenado. Tem a f\u00f3rmula molecular C\u2083H\u2086Br\u2082 e um peso molecular de 201,89 g\/mol. Os sin\u00f3nimos comuns incluem dibrometo de trimetileno, dibrometo de 1,3-propileno e \u03c9, \u03c9\u2019-dibromopropano.<\/p>\n<h3 dir=\"auto\">Propriedades f\u00edsicas e qu\u00edmicas<\/h3>\n<ul dir=\"auto\">\n<li><strong>Apar\u00eancia<\/strong>: L\u00edquido incolor a ligeiramente amarelo com um odor doce.<\/li>\n<li><strong>Ponto de fus\u00e3o<\/strong>: -34.4 \u00b0C.<\/li>\n<li><strong>Ponto de ebuli\u00e7\u00e3o<\/strong>: Aproximadamente 165-167 \u00b0C \u00e0 press\u00e3o atmosf\u00e9rica; mais baixa sob press\u00e3o reduzida (por exemplo, 63-63,5 \u00b0C a 26 mmHg, 76-77 \u00b0C a 40 mmHg).<\/li>\n<li><strong>Densidade<\/strong>: 1,977 g\/cm\u00b3 a 20 \u00b0C.<\/li>\n<li><strong>\u00cdndice de refra\u00e7\u00e3o<\/strong>: 1.522.<\/li>\n<li><strong>Solubilidade<\/strong>: Sol\u00favel em solventes org\u00e2nicos tais como \u00e9ter, acetona e clorof\u00f3rmio; insol\u00favel em \u00e1gua.<\/li>\n<li><strong>Estabilidade e Reatividade<\/strong>: Decomp\u00f5e-se ap\u00f3s um aquecimento prolongado, convertendo-se parcialmente em 1,2-dibromopropano; a ebuli\u00e7\u00e3o com \u00e1gua produz propilenoglicol. Pode libertar fumos t\u00f3xicos e corrosivos quando decomposto.<\/li>\n<\/ul>\n<h3 dir=\"auto\">Utiliza\u00e7\u00f5es<\/h3>\n<p dir=\"auto\">Este composto serve principalmente como um intermedi\u00e1rio na s\u00edntese org\u00e2nica. \u00c9 utilizado para formar compostos com pontes C\u2083 atrav\u00e9s de reac\u00e7\u00f5es como o acoplamento C-N. As aplica\u00e7\u00f5es espec\u00edficas incluem:<\/p>\n<ul dir=\"auto\">\n<li>Produ\u00e7\u00e3o de corantes, produtos farmac\u00eauticos e ciclopropano.<\/li>\n<li>Como herbicida em alguns contextos.<\/li>\n<li>Na prepara\u00e7\u00e3o de compostos especializados, tais como l\u00edquidos i\u00f3nicos geminados quirais e 1,3-bis(1-7-cloro-4-quinolil-4-piperazinil)propano. Destina-se normalmente a fins de investiga\u00e7\u00e3o e desenvolvimento e n\u00e3o a utiliza\u00e7\u00f5es medicinais, dom\u00e9sticas ou outras utiliza\u00e7\u00f5es que n\u00e3o sejam de I&amp;D.<\/li>\n<\/ul>\n<h3 dir=\"auto\">Seguran\u00e7a e perigos<\/h3>\n<p dir=\"auto\">O 1,3-Dibromopropano \u00e9 classificado como um l\u00edquido inflam\u00e1vel e apresenta riscos para a sa\u00fade. Os principais perigos incluem:<\/p>\n<ul dir=\"auto\">\n<li><strong>Toxicidade<\/strong>: T\u00f3xico por ingest\u00e3o; nocivo em contacto com a pele ou por inala\u00e7\u00e3o. Pode causar inflama\u00e7\u00e3o da pele e pode agravar dermatites pr\u00e9-existentes.<\/li>\n<li><strong>Irrita\u00e7\u00e3o<\/strong>: Provoca irrita\u00e7\u00e3o cut\u00e2nea, irrita\u00e7\u00e3o ocular grave e potencial irrita\u00e7\u00e3o respirat\u00f3ria.<\/li>\n<li><strong>Carcinogenicidade<\/strong>: N\u00e3o identificado como um carcinog\u00e9neo humano prov\u00e1vel, poss\u00edvel ou confirmado pelo IARC (em n\u00edveis \u22650,1%). No entanto, algumas fontes indicam potenciais riscos de toxicidade reprodutiva ou de cancro ao abrigo de determinados regulamentos (por exemplo, a Proposta 65 na Calif\u00f3rnia).<\/li>\n<li><strong>Precau\u00e7\u00f5es de manuseamento<\/strong>: Evitar o contacto com a pele, os olhos e o vestu\u00e1rio; n\u00e3o inalar vapores ou n\u00e9voas; manter afastado de fontes de igni\u00e7\u00e3o - n\u00e3o fumar. Lavar cuidadosamente ap\u00f3s manuseamento e n\u00e3o comer, beber ou fumar durante a utiliza\u00e7\u00e3o. Utilizar numa \u00e1rea bem ventilada com equipamento de prote\u00e7\u00e3o individual adequado (por exemplo, luvas, prote\u00e7\u00e3o ocular). Em caso de exposi\u00e7\u00e3o, ir para uma zona ao ar livre se for inalado, lavar a pele ou os olhos com \u00e1gua e procurar assist\u00eancia m\u00e9dica, mostrando a ficha de dados de seguran\u00e7a.<\/li>\n<li><strong>Notas regulamentares<\/strong>: Listado na TSCA, mas nem todos os aspectos est\u00e3o totalmente regulamentados; verificar os regulamentos locais para manuseamento e elimina\u00e7\u00e3o.<\/li>\n<\/ul>\n<div class=\"honor-product-overview\" style=\"margin-top:40px;border-top:2px solid #f6c405;padding-top:30px\">\n<h3>Why Choose Honor Pigments?<\/h3>\n<ul>\n<li>\ud83c\udf0d <strong>Global Export Expertise<\/strong> \u2014 Trusted by customers in 40+ countries for consistent quality and reliable supply<\/li>\n<li>\u2705 <strong>Strict Quality Control<\/strong> \u2014 ISO 9001 certified with batch-to-batch consistency and zero-defect policy<\/li>\n<li>\ud83d\udcb0 <strong>OEM Production Advantage<\/strong> \u2014 Competitive pricing without compromising pigment performance<\/li>\n<li>\ud83e\uddea <strong>Technical Support<\/strong> \u2014 Free color matching, formulation advice and sample testing before bulk order<\/li>\n<\/ul>\n<div style=\"background:#f8f9fa;padding:20px;border-left:4px solid #f6c405;margin:20px 0\">\n<p><strong>\ud83d\udce9 Need more details?<\/strong><\/p>\n<p>Request TDS, SDS, or a free sample for testing.<\/p>\n<\/div>\n<\/div>","protected":false},"excerpt":{"rendered":"<p>N.\u00ba CAS: 109-64-8<\/p>\n<p>Conte\u00fado:99.00%<\/p>\n<p>Aplica\u00e7\u00f5es: Produ\u00e7\u00e3o de corantes, produtos farmac\u00eauticos e ciclopropano. e como herbicida em alguns contextos.<\/p>","protected":false},"featured_media":3204,"template":"","meta":{"rank_math_focus_keyword":"1,3-Dibromopropane \uff08CAS NO.: 109-64-8\uff09","rank_math_description":"1,3-Dibromopropane,\u00a0 CAS number 109-64-8, is a dihalogenated alkane compound. It has the molecular formula C\u2083H\u2086Br\u2082 and a molecular weight of 201.89 g\/mol. Common synonyms include trimethylene dibromide, 1,3-propylene dibromide, and \u03c9,\u03c9'-dibromopropa","rank_math_robots":null,"_rank_math_focus_keyword":"1,3-dibromopropane \uff08cas no.: 109-64-8\uff09","rank_math_seo_score":"25"},"product_brand":[],"product_cat":[86],"product_tag":[110,109],"class_list":{"0":"post-3203","1":"product","2":"type-product","3":"status-publish","4":"has-post-thumbnail","6":"product_cat-brominated-compounds-and-derivatives","7":"product_tag-1-3-dibromopropane","8":"product_tag-cas-number-109-64-8","9":"stm_brands-honor-intermediates","11":"first","12":"instock","13":"shipping-taxable","14":"product-type-simple"},"_links":{"self":[{"href":"https:\/\/www.honorpigment.com\/pt\/wp-json\/wp\/v2\/product\/3203","targetHints":{"allow":["GET"]}}],"collection":[{"href":"https:\/\/www.honorpigment.com\/pt\/wp-json\/wp\/v2\/product"}],"about":[{"href":"https:\/\/www.honorpigment.com\/pt\/wp-json\/wp\/v2\/types\/product"}],"version-history":[{"count":1,"href":"https:\/\/www.honorpigment.com\/pt\/wp-json\/wp\/v2\/product\/3203\/revisions"}],"predecessor-version":[{"id":8692,"href":"https:\/\/www.honorpigment.com\/pt\/wp-json\/wp\/v2\/product\/3203\/revisions\/8692"}],"wp:featuredmedia":[{"embeddable":true,"href":"https:\/\/www.honorpigment.com\/pt\/wp-json\/wp\/v2\/media\/3204"}],"wp:attachment":[{"href":"https:\/\/www.honorpigment.com\/pt\/wp-json\/wp\/v2\/media?parent=3203"}],"wp:term":[{"taxonomy":"product_brand","embeddable":true,"href":"https:\/\/www.honorpigment.com\/pt\/wp-json\/wp\/v2\/product_brand?post=3203"},{"taxonomy":"product_cat","embeddable":true,"href":"https:\/\/www.honorpigment.com\/pt\/wp-json\/wp\/v2\/product_cat?post=3203"},{"taxonomy":"product_tag","embeddable":true,"href":"https:\/\/www.honorpigment.com\/pt\/wp-json\/wp\/v2\/product_tag?post=3203"}],"curies":[{"name":"wp","href":"https:\/\/api.w.org\/{rel}","templated":true}]}}