{"id":346,"date":"2018-07-28T16:07:17","date_gmt":"2018-07-28T16:07:17","guid":{"rendered":"http:\/\/manufacturer.stylemixthemes.com\/?page_id=346"},"modified":"2026-05-02T22:32:19","modified_gmt":"2026-05-02T14:32:19","slug":"sobre-nos-2","status":"publish","type":"page","link":"https:\/\/www.honorpigment.com\/pt\/sobre-nos-2\/","title":{"rendered":"Sobre n\u00f3s"},"content":{"rendered":"<div data-elementor-type=\"wp-post\" data-elementor-id=\"346\" class=\"elementor elementor-346\" data-elementor-post-type=\"page\">\n\t\t\t\t\t\t<section class=\"elementor-section elementor-top-section elementor-element elementor-element-30e1922 elementor-section-boxed elementor-section-height-default elementor-section-height-default\" data-id=\"30e1922\" data-element_type=\"section\" data-e-type=\"section\" data-settings=\"{&quot;background_background&quot;:&quot;classic&quot;}\">\n\t\t\t\t\t\t<div class=\"elementor-container elementor-column-gap-default\">\n\t\t\t\t\t<div class=\"elementor-column elementor-col-100 elementor-top-column elementor-element elementor-element-8a23eb7\" data-id=\"8a23eb7\" data-element_type=\"column\" data-e-type=\"column\">\n\t\t\t<div class=\"elementor-widget-wrap elementor-element-populated\">\n\t\t\t\t\t\t<div class=\"elementor-element elementor-element-684555a elementor-widget elementor-widget-heading\" data-id=\"684555a\" data-element_type=\"widget\" data-e-type=\"widget\" data-widget_type=\"heading.default\">\n\t\t\t\t<div class=\"elementor-widget-container\">\n\t\t\t\t\t<h2 class=\"elementor-heading-title elementor-size-default elementor-heading-title\">SOBRE N\u00d3S<\/h2>\t\t\t\t<\/div>\n\t\t\t\t<\/div>\n\t\t\t\t\t<\/div>\n\t\t<\/div>\n\t\t\t\t\t<\/div>\n\t\t<\/section>\n\t\t\t\t<section class=\"elementor-section elementor-top-section elementor-element elementor-element-6c3c861 elementor-section-boxed elementor-section-height-default elementor-section-height-default\" data-id=\"6c3c861\" data-element_type=\"section\" data-e-type=\"section\" data-settings=\"{&quot;background_background&quot;:&quot;classic&quot;}\">\n\t\t\t\t\t\t<div class=\"elementor-container elementor-column-gap-default\">\n\t\t\t\t\t<div class=\"elementor-column elementor-col-100 elementor-top-column elementor-element elementor-element-4a638c5\" data-id=\"4a638c5\" data-element_type=\"column\" data-e-type=\"column\">\n\t\t\t<div class=\"elementor-widget-wrap elementor-element-populated\">\n\t\t\t\t\t\t<div class=\"elementor-element elementor-element-9f35ed7 elementor-widget elementor-widget-woocommerce-breadcrumb\" data-id=\"9f35ed7\" data-element_type=\"widget\" data-e-type=\"widget\" data-widget_type=\"woocommerce-breadcrumb.default\">\n\t\t\t\t<div class=\"elementor-widget-container\">\n\t\t\t\t\t<nav class=\"woocommerce-breadcrumb\" aria-label=\"Breadcrumb\" data-no-translation=\"\" data-trp-gettext=\"\">In\u00edcio<\/nav>\t\t\t\t<\/div>\n\t\t\t\t<\/div>\n\t\t\t\t\t<\/div>\n\t\t<\/div>\n\t\t\t\t\t<\/div>\n\t\t<\/section>\n\t\t\t\t<section class=\"elementor-section elementor-top-section elementor-element elementor-element-885ab4f elementor-section-boxed elementor-section-height-default elementor-section-height-default\" data-id=\"885ab4f\" data-element_type=\"section\" data-e-type=\"section\">\n\t\t\t\t\t\t<div class=\"elementor-container elementor-column-gap-default\">\n\t\t\t\t\t<div class=\"elementor-column elementor-col-100 elementor-top-column elementor-element elementor-element-ce5d11a\" data-id=\"ce5d11a\" data-element_type=\"column\" data-e-type=\"column\">\n\t\t\t<div class=\"elementor-widget-wrap elementor-element-populated\">\n\t\t\t\t\t\t<section class=\"elementor-section elementor-inner-section elementor-element elementor-element-8df0ace elementor-section-boxed elementor-section-height-default elementor-section-height-default\" data-id=\"8df0ace\" data-element_type=\"section\" data-e-type=\"section\">\n\t\t\t\t\t\t<div class=\"elementor-container elementor-column-gap-default\">\n\t\t\t\t\t<div class=\"elementor-column elementor-col-50 elementor-inner-column elementor-element elementor-element-cef855b\" data-id=\"cef855b\" data-element_type=\"column\" data-e-type=\"column\">\n\t\t\t<div class=\"elementor-widget-wrap elementor-element-populated\">\n\t\t\t\t\t\t<div class=\"elementor-element elementor-element-99d49f9 elementor-widget elementor-widget-image\" data-id=\"99d49f9\" data-element_type=\"widget\" data-e-type=\"widget\" data-widget_type=\"image.default\">\n\t\t\t\t<div class=\"elementor-widget-container\">\n\t\t\t\t\t\t\t\t\t\t\t\t\t\t\t<img fetchpriority=\"high\" decoding=\"async\" width=\"470\" height=\"482\" src=\"https:\/\/www.honorpigment.com\/wp-content\/uploads\/2025\/08\/about.webp\" class=\"attachment-large size-large wp-image-2926\" alt=\"About Honor Pigments - Organic Pigment Manufacturer\" \/>\t\t\t\t\t\t\t\t\t\t\t\t\t\t\t<\/div>\n\t\t\t\t<\/div>\n\t\t\t\t\t<\/div>\n\t\t<\/div>\n\t\t\t\t<div class=\"elementor-column elementor-col-50 elementor-inner-column elementor-element elementor-element-cb7898f\" data-id=\"cb7898f\" data-element_type=\"column\" data-e-type=\"column\">\n\t\t\t<div class=\"elementor-widget-wrap elementor-element-populated\">\n\t\t\t\t\t\t<div class=\"elementor-element elementor-element-01186f1 elementor-widget elementor-widget-heading\" data-id=\"01186f1\" data-element_type=\"widget\" data-e-type=\"widget\" data-widget_type=\"heading.default\">\n\t\t\t\t<div class=\"elementor-widget-container\">\n\t\t\t\t\t<h2 class=\"elementor-heading-title elementor-size-default elementor-heading-title\">SHANGHAI HONOR INDUSTRIAL CO.,LTD.<\/h2>\t\t\t\t<\/div>\n\t\t\t\t<\/div>\n\t\t\t\t<div class=\"elementor-element elementor-element-4b56b5e elementor-widget elementor-widget-text-editor\" data-id=\"4b56b5e\" data-element_type=\"widget\" data-e-type=\"widget\" data-widget_type=\"text-editor.default\">\n\t\t\t\t<div class=\"elementor-widget-container\">\n\t\t\t\t\t\t\t\t\t<p>Fundada em 2009, \u00e9 um fornecedor de pigmentos\/corantes de alto desempenho, fornecemos ao mercado pigmentos\/relativos qu\u00edmicos org\u00e2nicos de alta qualidade para aplica\u00e7\u00f5es em Tintas\/Revestimentos, Pl\u00e1sticos e Tintas. Especialmente para tintas de jato de tinta (impressoras de jato de tinta) e Toner de cor de impressoras laser.<\/p><p><br \/>Com muitas aplica\u00e7\u00f5es dos clientes, a nossa equipa de controlo de qualidade pode escolher a solu\u00e7\u00e3o de cor mais adequada para que os nossos clientes cumpram os requisitos de qualidade dos nossos estimados clientes. E o m\u00e9todo de teste diferente para atender diferentes clientes e diferentes aplica\u00e7\u00f5es. O nosso equipamento de laborat\u00f3rio melhorou a qualidade consistente dos nossos produtos antes do envio.<\/p><p><br \/>A nossa equipa de log\u00edstica profissional garante a entrega atempada ao nosso cliente, conforme solicitado. Assim, pode assegurar-se que os nossos produtos s\u00e3o entregues aos nossos clientes atempadamente.<\/p><p><br \/>O nosso objetivo \u00e9 ser a linha de fornecimento mais curta para os nossos clientes com base nos nossos produtos relacionados com pigmentos e outros produtos qu\u00edmicos nas ind\u00fastrias de tintas, impress\u00e3o e embalagem. Gostar\u00edamos de desenvolver em conjunto com os nossos clientes e amigos em todo o mundo.<\/p>\t\t\t\t\t\t\t\t<\/div>\n\t\t\t\t<\/div>\n\t\t\t\t\t<\/div>\n\t\t<\/div>\n\t\t\t\t\t<\/div>\n\t\t<\/section>\n\t\t\t\t<section class=\"elementor-section elementor-inner-section elementor-element elementor-element-71674a0 elementor-section-boxed elementor-section-height-default elementor-section-height-default\" data-id=\"71674a0\" data-element_type=\"section\" data-e-type=\"section\">\n\t\t\t\t\t\t<div class=\"elementor-container elementor-column-gap-default\">\n\t\t\t\t\t<div class=\"elementor-column elementor-col-33 elementor-inner-column elementor-element elementor-element-4f74e7a\" data-id=\"4f74e7a\" data-element_type=\"column\" data-e-type=\"column\">\n\t\t\t<div class=\"elementor-widget-wrap elementor-element-populated\">\n\t\t\t\t\t\t<div class=\"elementor-element elementor-element-cdfeb29 elementor-widget elementor-widget-image-box\" data-id=\"cdfeb29\" data-element_type=\"widget\" data-e-type=\"widget\" data-widget_type=\"image-box.default\">\n\t\t\t\t<div class=\"elementor-widget-container\">\n\t\t\t\t\t<div class=\"elementor-image-box-wrapper\"><div class=\"elementor-image-box-content\"><h3 class=\"elementor-image-box-title\">T\u00c9CNICOS PROFISSIONAIS<\/h3><p class=\"elementor-image-box-description\">Dispomos de pessoal t\u00e9cnico experiente para efetuar os testes com a f\u00f3rmula do cliente antes do envio. Investimos o equipamento para que os nossos clientes obtenham a qualidade certa com o padr\u00e3o certo.<\/p><\/div><\/div>\t\t\t\t<\/div>\n\t\t\t\t<\/div>\n\t\t\t\t\t<\/div>\n\t\t<\/div>\n\t\t\t\t<div class=\"elementor-column elementor-col-33 elementor-inner-column elementor-element elementor-element-9aed64d\" data-id=\"9aed64d\" data-element_type=\"column\" data-e-type=\"column\">\n\t\t\t<div class=\"elementor-widget-wrap elementor-element-populated\">\n\t\t\t\t\t\t<div class=\"elementor-element elementor-element-f0c3311 elementor-widget elementor-widget-image-box\" data-id=\"f0c3311\" data-element_type=\"widget\" data-e-type=\"widget\" data-widget_type=\"image-box.default\">\n\t\t\t\t<div class=\"elementor-widget-container\">\n\t\t\t\t\t<div class=\"elementor-image-box-wrapper\"><div class=\"elementor-image-box-content\"><h3 class=\"elementor-image-box-title\">EXCELENTE QUALIDADE DO PRODUTO<\/h3><p class=\"elementor-image-box-description\">Como exportador profissional de pigmentos, promovemos pigmentos de qualidade para satisfazer os requisitos de qualidade de diferentes clientes.<\/p><\/div><\/div>\t\t\t\t<\/div>\n\t\t\t\t<\/div>\n\t\t\t\t\t<\/div>\n\t\t<\/div>\n\t\t\t\t<div class=\"elementor-column elementor-col-33 elementor-inner-column elementor-element elementor-element-de74e8d\" data-id=\"de74e8d\" data-element_type=\"column\" data-e-type=\"column\">\n\t\t\t<div class=\"elementor-widget-wrap elementor-element-populated\">\n\t\t\t\t\t\t<div class=\"elementor-element elementor-element-1ab8acf elementor-widget elementor-widget-image-box\" data-id=\"1ab8acf\" data-element_type=\"widget\" data-e-type=\"widget\" data-widget_type=\"image-box.default\">\n\t\t\t\t<div class=\"elementor-widget-container\">\n\t\t\t\t\t<div class=\"elementor-image-box-wrapper\"><div class=\"elementor-image-box-content\"><h3 class=\"elementor-image-box-title\">VENDAS PARA TODO O MUNDO<\/h3><p class=\"elementor-image-box-description\">O nosso objetivo \u00e9 ser a linha de fornecimento mais curta para os nossos clientes com base nos nossos produtos relacionados com pigmentos e outros produtos qu\u00edmicos nas ind\u00fastrias de tintas, impress\u00e3o e embalagem. <\/p><\/div><\/div>\t\t\t\t<\/div>\n\t\t\t\t<\/div>\n\t\t\t\t\t<\/div>\n\t\t<\/div>\n\t\t\t\t\t<\/div>\n\t\t<\/section>\n\t\t\t\t\t<\/div>\n\t\t<\/div>\n\t\t\t\t\t<\/div>\n\t\t<\/section>\n\t\t\t\t<section class=\"elementor-section elementor-top-section elementor-element elementor-element-49d9a45 elementor-section-full_width elementor-section-height-default elementor-section-height-default\" data-id=\"49d9a45\" data-element_type=\"section\" data-e-type=\"section\" data-settings=\"{&quot;background_background&quot;:&quot;classic&quot;}\">\n\t\t\t\t\t\t<div class=\"elementor-container elementor-column-gap-default\">\n\t\t\t\t\t<div class=\"elementor-column elementor-col-50 elementor-top-column elementor-element elementor-element-767b10d\" data-id=\"767b10d\" data-element_type=\"column\" data-e-type=\"column\">\n\t\t\t<div class=\"elementor-widget-wrap elementor-element-populated\">\n\t\t\t\t\t\t<div class=\"elementor-element elementor-element-1e07452 elementor-widget elementor-widget-image\" data-id=\"1e07452\" data-element_type=\"widget\" data-e-type=\"widget\" data-widget_type=\"image.default\">\n\t\t\t\t<div class=\"elementor-widget-container\">\n\t\t\t\t\t\t\t\t\t\t\t\t\t\t\t<img decoding=\"async\" width=\"1197\" height=\"549\" src=\"https:\/\/www.honorpigment.com\/wp-content\/uploads\/2025\/08\/about-1.webp\" class=\"attachment-full size-full wp-image-2930\" alt=\"\" \/>\t\t\t\t\t\t\t\t\t\t\t\t\t\t\t<\/div>\n\t\t\t\t<\/div>\n\t\t\t\t\t<\/div>\n\t\t<\/div>\n\t\t\t\t<div class=\"elementor-column elementor-col-50 elementor-top-column elementor-element elementor-element-31e1a50\" data-id=\"31e1a50\" data-element_type=\"column\" data-e-type=\"column\">\n\t\t\t<div class=\"elementor-widget-wrap elementor-element-populated\">\n\t\t\t\t\t\t<div class=\"elementor-element elementor-element-8ae0602 elementor-widget elementor-widget-heading\" data-id=\"8ae0602\" data-element_type=\"widget\" data-e-type=\"widget\" data-widget_type=\"heading.default\">\n\t\t\t\t<div class=\"elementor-widget-container\">\n\t\t\t\t\t<h2 class=\"elementor-heading-title elementor-size-default elementor-heading-title\">Escolha os nossos pigmentos de classe mundial<\/h2>\t\t\t\t<\/div>\n\t\t\t\t<\/div>\n\t\t\t\t<div class=\"elementor-element elementor-element-bc9fd84 elementor-widget elementor-widget-text-editor\" data-id=\"bc9fd84\" data-element_type=\"widget\" data-e-type=\"widget\" data-widget_type=\"text-editor.default\">\n\t\t\t\t<div class=\"elementor-widget-container\">\n\t\t\t\t\t\t\t\t\t<p><strong>-<\/strong>\u00a0Todos os nossos clientes esperam o melhor resultado e podem oferecer um aspeto luxuoso \u00e0s suas necessidades de pigmentos. A equipa da Honor Pigment construiu uma forte reputa\u00e7\u00e3o por oferecer os melhores servi\u00e7os de pintura do mundo, tintas t\u00eaxteis, tintas para jato de tinta e assim por diante. Al\u00e9m disso, utilizamos pigmentos baseados em tecnologia moderna e criamos um lugar ic\u00f3nico na ind\u00fastria.\u00a0<\/p><p><strong>-<\/strong>\u00a0Os nossos clientes est\u00e3o muito satisfeitos por verem uma qualidade t\u00e3o elevada, bem como servi\u00e7os \u00fanicos da nossa parte. Por isso, \u00e9 necess\u00e1rio que a nossa equipa obtenha os melhores resultados, escolhendo pigmentos de classe mundial para resultados variados. Ao ver o nosso trabalho de maior satisfa\u00e7\u00e3o, alcan\u00e7amos o maior lugar no servi\u00e7o e precisamos de estabelecer a nossa rela\u00e7\u00e3o amig\u00e1vel com cada cliente. O nosso trabalho de qualidade superior \u00e9 sempre aceite por todos e conseguimos cada vez mais clientes de dia para dia.<\/p>\t\t\t\t\t\t\t\t<\/div>\n\t\t\t\t<\/div>\n\t\t\t\t\t<\/div>\n\t\t<\/div>\n\t\t\t\t\t<\/div>\n\t\t<\/section>\n\t\t\t\t<section class=\"elementor-section elementor-top-section elementor-element elementor-element-86546c6 elementor-section-full_width elementor-section-height-default elementor-section-height-default\" data-id=\"86546c6\" data-element_type=\"section\" data-e-type=\"section\" data-settings=\"{&quot;background_background&quot;:&quot;classic&quot;}\">\n\t\t\t\t\t\t<div class=\"elementor-container elementor-column-gap-default\">\n\t\t\t\t\t<div class=\"elementor-column elementor-col-50 elementor-top-column elementor-element elementor-element-e2e4ea1\" data-id=\"e2e4ea1\" data-element_type=\"column\" data-e-type=\"column\">\n\t\t\t<div class=\"elementor-widget-wrap elementor-element-populated\">\n\t\t\t\t\t\t<div class=\"elementor-element elementor-element-d43dc54 elementor-widget elementor-widget-heading\" data-id=\"d43dc54\" data-element_type=\"widget\" data-e-type=\"widget\" data-widget_type=\"heading.default\">\n\t\t\t\t<div class=\"elementor-widget-container\">\n\t\t\t\t\t<h2 class=\"elementor-heading-title elementor-size-default elementor-heading-title\">Escolha os nossos pigmentos de classe mundial<\/h2>\t\t\t\t<\/div>\n\t\t\t\t<\/div>\n\t\t\t\t<div class=\"elementor-element elementor-element-3aecd61 elementor-widget elementor-widget-text-editor\" data-id=\"3aecd61\" data-element_type=\"widget\" data-e-type=\"widget\" data-widget_type=\"text-editor.default\">\n\t\t\t\t<div class=\"elementor-widget-container\">\n\t\t\t\t\t\t\t\t\t<p><strong>-<\/strong>\u00a0Todos os nossos clientes esperam o melhor resultado e podem oferecer um aspeto luxuoso \u00e0s suas necessidades de pigmentos. A equipa da Honor Pigment construiu uma forte reputa\u00e7\u00e3o por oferecer os melhores servi\u00e7os de pintura do mundo, tintas t\u00eaxteis, tintas para jato de tinta e assim por diante. Al\u00e9m disso, utilizamos pigmentos baseados em tecnologia moderna e criamos um lugar ic\u00f3nico na ind\u00fastria.\u00a0<\/p><p><strong>-<\/strong>\u00a0Os nossos clientes est\u00e3o muito satisfeitos por verem uma qualidade t\u00e3o elevada, bem como servi\u00e7os \u00fanicos da nossa parte. Por isso, \u00e9 necess\u00e1rio que a nossa equipa obtenha os melhores resultados, escolhendo pigmentos de classe mundial para resultados variados. Ao ver o nosso trabalho de maior satisfa\u00e7\u00e3o, alcan\u00e7amos o maior lugar no servi\u00e7o e precisamos de estabelecer a nossa rela\u00e7\u00e3o amig\u00e1vel com cada cliente. O nosso trabalho de qualidade superior \u00e9 sempre aceite por todos e conseguimos cada vez mais clientes de dia para dia.<\/p>\t\t\t\t\t\t\t\t<\/div>\n\t\t\t\t<\/div>\n\t\t\t\t\t<\/div>\n\t\t<\/div>\n\t\t\t\t<div class=\"elementor-column elementor-col-50 elementor-top-column elementor-element elementor-element-7c6892e\" data-id=\"7c6892e\" data-element_type=\"column\" data-e-type=\"column\">\n\t\t\t<div class=\"elementor-widget-wrap elementor-element-populated\">\n\t\t\t\t\t\t<div class=\"elementor-element elementor-element-922022d elementor-widget elementor-widget-image\" data-id=\"922022d\" data-element_type=\"widget\" data-e-type=\"widget\" data-widget_type=\"image.default\">\n\t\t\t\t<div class=\"elementor-widget-container\">\n\t\t\t\t\t\t\t\t\t\t\t\t\t\t\t<img decoding=\"async\" width=\"1197\" height=\"549\" src=\"https:\/\/www.honorpigment.com\/wp-content\/uploads\/2025\/08\/news.webp\" class=\"attachment-full size-full wp-image-2931\" alt=\"\" \/>\t\t\t\t\t\t\t\t\t\t\t\t\t\t\t<\/div>\n\t\t\t\t<\/div>\n\t\t\t\t\t<\/div>\n\t\t<\/div>\n\t\t\t\t\t<\/div>\n\t\t<\/section>\n\t\t\t\t<section class=\"elementor-section elementor-top-section elementor-element elementor-element-6c7a4e2 elementor-section-boxed elementor-section-height-default elementor-section-height-default\" data-id=\"6c7a4e2\" data-element_type=\"section\" data-e-type=\"section\">\n\t\t\t\t\t\t<div class=\"elementor-container elementor-column-gap-default\">\n\t\t\t\t\t<div class=\"elementor-column elementor-col-100 elementor-top-column elementor-element elementor-element-07d2cbd\" data-id=\"07d2cbd\" data-element_type=\"column\" data-e-type=\"column\">\n\t\t\t<div class=\"elementor-widget-wrap elementor-element-populated\">\n\t\t\t\t\t\t<div class=\"elementor-element elementor-element-40e0585 elementor-widget elementor-widget-heading\" data-id=\"40e0585\" data-element_type=\"widget\" data-e-type=\"widget\" data-widget_type=\"heading.default\">\n\t\t\t\t<div class=\"elementor-widget-container\">\n\t\t\t\t\t<h1 class=\"elementor-heading-title elementor-size-default elementor-heading-title elementor-align-after-center\">About Honor Pigments - Leading Pigment Supplier<\/h1>\t\t\t\t<\/div>\n\t\t\t\t<\/div>\n\t\t\t\t\t<\/div>\n\t\t<\/div>\n\t\t\t\t\t<\/div>\n\t\t<\/section>\n\t\t\t\t<\/div>","protected":false},"excerpt":{"rendered":"<p>ABOUT US SHANGHAI HONOR INDUSTRIAL CO.,LTD. Founded in 2009, Is high performance colorants \/pigments supplier, we supply to the market with high quality organic pigments\/relative chemicals for Paints\/Coatings, Plastics and Inks applications. Especially for inkjet inks (inkjet printers) and Color Toner of laser printers. With plenty of customer application, our QC team can choose our [&hellip;]<\/p>\n","protected":false},"author":1,"featured_media":0,"parent":0,"menu_order":0,"comment_status":"closed","ping_status":"closed","template":"elementor_header_footer","meta":{"rank_math_focus_keyword":"About Us","rank_math_description":"Discover Honor Pigments, your trusted suppliers of organic and inorganic pigments. We are among the leading pigments suppliers in the industry.","rank_math_robots":null,"_rank_math_focus_keyword":"","rank_math_seo_score":"57","footnotes":""},"class_list":["post-346","page","type-page","status-publish","hentry"],"_links":{"self":[{"href":"https:\/\/www.honorpigment.com\/pt\/wp-json\/wp\/v2\/pages\/346","targetHints":{"allow":["GET"]}}],"collection":[{"href":"https:\/\/www.honorpigment.com\/pt\/wp-json\/wp\/v2\/pages"}],"about":[{"href":"https:\/\/www.honorpigment.com\/pt\/wp-json\/wp\/v2\/types\/page"}],"author":[{"embeddable":true,"href":"https:\/\/www.honorpigment.com\/pt\/wp-json\/wp\/v2\/users\/1"}],"replies":[{"embeddable":true,"href":"https:\/\/www.honorpigment.com\/pt\/wp-json\/wp\/v2\/comments?post=346"}],"version-history":[{"count":6,"href":"https:\/\/www.honorpigment.com\/pt\/wp-json\/wp\/v2\/pages\/346\/revisions"}],"predecessor-version":[{"id":9140,"href":"https:\/\/www.honorpigment.com\/pt\/wp-json\/wp\/v2\/pages\/346\/revisions\/9140"}],"wp:attachment":[{"href":"https:\/\/www.honorpigment.com\/pt\/wp-json\/wp\/v2\/media?parent=346"}],"curies":[{"name":"wp","href":"https:\/\/api.w.org\/{rel}","templated":true}]}}