{"id":3752,"date":"2025-09-25T15:52:31","date_gmt":"2025-09-25T07:52:31","guid":{"rendered":"https:\/\/www.honorpigments.com\/?post_type=product&#038;p=3752"},"modified":"2026-04-11T21:02:36","modified_gmt":"2026-04-11T13:02:36","slug":"pigment-yellow-42-transparent","status":"publish","type":"product","link":"https:\/\/www.honorpigment.com\/it\/prodotto\/pigment-yellow-42-transparent\/","title":{"rendered":"GIALLO PIGMENTO 42\/ GIALLO TRASPARENTE 91176"},"content":{"rendered":"<h3><strong>Product Description &#8211; PY42<\/strong><\/h3>\n<p align=\"left\">TRANSPARENT YELLOW 91176 (Pigment Yellow 42) features excellent transparency, enabling vivid, clear yellow hues without masking base layers, ideal for coatings and inks. It offers strong light fastness, good chemical resistance, and easy dispersibility, paired with stable tinting power for consistent performance in various applications.<\/p>\n<h3><strong>Applicazione consigliata<\/strong><\/h3>\n<p>Inks: printing inks<br \/>\nPaints: auto paints, wood paints, architecture paints, powder coatings, industry coatings,<br \/>\nPlastics: Rubber<\/p>\n<h3><strong>Dati tecnici<\/strong><\/h3>\n<table style=\"height: 343px; width: 95%; border-color: #050505;\" width=\"95%\">\n<tbody>\n<tr style=\"height: 28px;\">\n<td style=\"width: 98.7062%; background-color: #ababab; height: 10px;\" colspan=\"5\" width=\"125\"><span style=\"font-size: 14pt;\"><strong>Informazioni sul prodotto<\/strong><\/span><\/td>\n<\/tr>\n<tr style=\"height: 24px;\">\n<td style=\"width: 24.277%; height: 10px;\" width=\"125\"><span style=\"font-size: 12pt;\">Tipo chimico<\/span><\/td>\n<td style=\"width: 25.114%; height: 10px; text-align: center;\" colspan=\"2\" width=\"125\"><\/td>\n<td style=\"width: 25.1904%; height: 10px;\" width=\"125\"><span style=\"font-size: 12pt;\">CAS NO.<\/span><\/td>\n<td class=\"et3\" style=\"height: 10px; width: 24.1248%; text-align: center;\" width=\"148\" height=\"26\">51274-00-1<\/td>\n<\/tr>\n<tr style=\"height: 48px;\">\n<td style=\"width: 24.277%; height: 10px;\" width=\"125\"><span style=\"font-size: 12pt;\">C. I. Nome<\/span><\/td>\n<td style=\"width: 25.114%; height: 10px; text-align: center;\" colspan=\"2\" width=\"125\">Giallo pigmento 42<\/td>\n<td style=\"width: 25.1904%; height: 10px;\" width=\"125\"><span style=\"font-size: 12pt;\">EINECS \/ ELINCS N.<\/span><\/td>\n<td class=\"et3\" style=\"height: 10px; width: 24.1248%; text-align: center;\" width=\"148\" height=\"26\">257-098-5<\/td>\n<\/tr>\n<tr style=\"height: 48px;\">\n<td style=\"width: 24.277%; height: 10px;\" width=\"125\"><span style=\"font-size: 12pt;\">C. I. Costituzione n.<\/span><\/td>\n<td style=\"width: 25.114%; height: 10px; text-align: center;\" colspan=\"2\" width=\"125\">77492<\/td>\n<td style=\"width: 25.1904%; height: 10px;\" width=\"125\"><span style=\"font-size: 12pt;\">Formula chimica<\/span><\/td>\n<td class=\"et3\" style=\"height: 10px; width: 24.1248%; text-align: center;\" width=\"148\" height=\"26\"><\/td>\n<\/tr>\n<tr style=\"height: 24px;\">\n<td style=\"width: 98.7062%; height: 10px;\" colspan=\"5\" width=\"125\"><\/td>\n<\/tr>\n<tr style=\"height: 28px;\">\n<td style=\"width: 98.7062%; background-color: #ababab; height: 10px;\" colspan=\"5\" width=\"125\"><span style=\"font-size: 14pt;\"><strong>Prestazioni tecniche<\/strong><\/span><\/td>\n<\/tr>\n<tr style=\"height: 24px;\">\n<td style=\"width: 24.277%; height: 10px;\" width=\"125\"><\/td>\n<td style=\"width: 12.4809%; height: 10px; text-align: center;\" width=\"125\"><span style=\"font-size: 12pt;\">Ombra piena<\/span><\/td>\n<td style=\"width: 12.6331%; height: 10px; text-align: center;\" width=\"125\"><span style=\"font-size: 12pt;\">Tinta<\/span><\/td>\n<td style=\"width: 25.1904%; height: 10px;\" width=\"125\"><\/td>\n<td style=\"width: 24.1248%; height: 10px;\" width=\"125\"><\/td>\n<\/tr>\n<tr style=\"height: 48px;\">\n<td style=\"width: 24.277%; height: 10px;\" width=\"125\"><span style=\"font-size: 12pt;\">Resistenza agli agenti atmosferici<\/span><\/td>\n<td class=\"et3\" style=\"height: 10px; width: 12.4809%; text-align: center;\" width=\"148\" height=\"26\">5<\/td>\n<td class=\"et4\" style=\"width: 12.6331%; height: 10px; text-align: center;\" width=\"113\">5<\/td>\n<td style=\"width: 25.1904%; height: 10px;\" width=\"125\"><span style=\"font-size: 12pt;\">Stabilit\u00e0 al calore \u00b0C<\/span><\/td>\n<td style=\"width: 24.1248%; height: 10px; text-align: center;\" width=\"125\"><span style=\"font-size: 12pt;\">200\u00b0C<\/span><\/td>\n<\/tr>\n<tr style=\"height: 24px;\">\n<td style=\"width: 24.277%; height: 10px;\" width=\"125\"><span style=\"font-size: 12pt;\">Resistenza alla luce<\/span><\/td>\n<td class=\"et5\" style=\"height: 10px; width: 12.4809%; text-align: center;\" height=\"26\">8<\/td>\n<td class=\"et4\" style=\"width: 12.6331%; height: 10px; text-align: center;\">8<\/td>\n<td style=\"width: 25.1904%; height: 10px;\" width=\"125\"><\/td>\n<td style=\"width: 24.1248%; height: 10px;\" width=\"125\"><\/td>\n<\/tr>\n<tr style=\"height: 24px;\">\n<td style=\"width: 98.7062%; height: 10px;\" colspan=\"5\" width=\"125\"><\/td>\n<\/tr>\n<tr style=\"height: 24px;\">\n<td style=\"width: 98.7062%; background-color: #ababab; height: 10px;\" colspan=\"5\" width=\"125\"><span style=\"font-size: 14pt;\"><strong>Propriet\u00e0 fisiche<\/strong><\/span><\/td>\n<\/tr>\n<tr style=\"height: 48px;\">\n<td style=\"width: 24.277%; height: 10px;\" width=\"125\"><span style=\"font-size: 12pt;\">Forma fisica<\/span><\/td>\n<td style=\"width: 25.114%; height: 10px; text-align: center;\" colspan=\"2\" width=\"125\"><span style=\"font-size: 12pt;\">Polvere<\/span><\/td>\n<td style=\"height: 13.5pt; width: 25.1904%;\" width=\"225\" height=\"18\">UV Absorption<\/td>\n<td style=\"width: 24.1248%; text-align: center;\" width=\"284\">\u2265 95%<\/td>\n<\/tr>\n<tr style=\"height: 27.00pt;\">\n<td style=\"height: 27pt; width: 24.277%;\" width=\"225\" height=\"36\">Specific Density<\/td>\n<td style=\"width: 25.114%; text-align: center;\" colspan=\"2\" width=\"157\">1.2 g\/cm\u00b3<\/td>\n<td style=\"height: 13.5pt; width: 25.1904%;\" height=\"18\">Solid Content<\/td>\n<td style=\"width: 24.1248%; text-align: center;\">97\u00b12%<\/td>\n<\/tr>\n<tr style=\"height: 13.50pt;\">\n<td style=\"height: 13.5pt; width: 24.277%;\" height=\"18\">PH Value<\/td>\n<td style=\"width: 25.114%; text-align: center;\" colspan=\"2\" width=\"157\">5-8<\/td>\n<td style=\"height: 13.5pt; width: 25.1904%;\" height=\"18\">105\u00b0C Moisture<\/td>\n<td style=\"width: 24.1248%; text-align: center;\">\u2264 3.0%<\/td>\n<\/tr>\n<tr style=\"height: 27.00pt;\">\n<td style=\"height: 27pt; width: 24.277%;\" height=\"36\">Fe\u2082O\u2083 Content<\/td>\n<td style=\"width: 25.114%; text-align: center;\" colspan=\"2\" width=\"157\">\u2265 84%<\/td>\n<td style=\"width: 25.1904%;\" width=\"139\"><\/td>\n<td style=\"width: 24.1248%; text-align: center;\" width=\"157\"><\/td>\n<\/tr>\n<tr style=\"height: 27.00pt;\">\n<td style=\"height: 27pt; width: 24.277%;\" height=\"36\">Residue (45 \u03bcm mesh)<\/td>\n<td style=\"width: 25.114%; text-align: center;\" colspan=\"2\" width=\"157\">\u2264 0.1%<\/td>\n<td style=\"width: 25.1904%;\" width=\"139\"><\/td>\n<td style=\"width: 24.1248%; text-align: center;\" width=\"157\"><\/td>\n<\/tr>\n<tr style=\"height: 24px;\">\n<td style=\"width: 24.277%; height: 24px;\"><\/td>\n<td style=\"width: 25.114%; text-align: center; height: 24px;\" colspan=\"2\" width=\"148\"><\/td>\n<td style=\"width: 25.1904%;\" width=\"139\"><\/td>\n<td style=\"width: 24.1248%; text-align: center;\" width=\"157\"><\/td>\n<\/tr>\n<tr style=\"height: 48px;\">\n<td style=\"width: 98.7062%; background-color: #ababab; height: 10px;\" colspan=\"5\" width=\"125\"><span style=\"font-size: 14pt;\"><strong>Imballaggio<\/strong><\/span><\/td>\n<\/tr>\n<tr style=\"height: 48px;\">\n<td style=\"width: 98.7062%; height: 10px;\" colspan=\"5\" width=\"125\">25kgs\/bag 1000kgs\/Pallet<\/td>\n<\/tr>\n<tr style=\"height: 24px;\">\n<td style=\"width: 98.7062%; height: 10px;\" colspan=\"5\" width=\"125\"><\/td>\n<\/tr>\n<tr style=\"height: 24px;\">\n<td style=\"width: 49.391%; background-color: #ababab; height: 10px;\" colspan=\"3\" width=\"125\"><span style=\"font-size: 14pt;\"><strong>Immagazzinamento<\/strong><\/span><\/td>\n<td style=\"width: 25.1904%; height: 10px;\" width=\"125\"><span style=\"font-size: 14pt;\"><strong>Durata di conservazione<\/strong><\/span><\/td>\n<td style=\"width: 24.1248%; height: 10px;\" width=\"125\"><span style=\"font-size: 12pt;\">5 anni<\/span><\/td>\n<\/tr>\n<tr style=\"height: 24px;\">\n<td style=\"width: 98.7062%; height: 10px;\" colspan=\"5\" width=\"375\"><span style=\"font-size: 12pt;\">Conservare in luogo fresco, asciutto e ventilato.<\/span><\/td>\n<\/tr>\n<tr style=\"height: 24px;\">\n<td style=\"width: 98.7062%; height: 10px;\" colspan=\"5\" width=\"125\"><\/td>\n<\/tr>\n<tr style=\"height: 24px;\">\n<td style=\"width: 98.7062%; background-color: #ababab; height: 10px;\" colspan=\"5\" width=\"125\"><span style=\"font-size: 14pt;\"><strong>TRASPORTI<\/strong><\/span><\/td>\n<\/tr>\n<tr style=\"height: 48px;\">\n<td style=\"width: 98.7062%; height: 10px;\" colspan=\"5\" width=\"375\"><span style=\"font-size: 12pt;\">Evitare l'inversione, la luce solare, l'umidit\u00e0 e gli urti. Evitare di danneggiare la confezione.<\/span><\/td>\n<\/tr>\n<\/tbody>\n<\/table>\n<ul>\n<li>Solidit\u00e0 alla luce: La solidit\u00e0 alla luce \u00e8 valutata su una scala da 1 a 8 Blue Wool, dove 1 = \u2018Scarso\u2019 e 8 = \u2018Eccellente\u2019.<\/li>\n<li>Stabilit\u00e0 al calore: i valori di stabilit\u00e0 al calore indicati indicano la temperatura massima alla quale il pigmento pu\u00f2 essere mantenuto per 10 minuti in ombra e in riduzione senza subire variazioni significative della tonalit\u00e0.<\/li>\n<li>Assorbimento di olio: L'assorbimento di olio \u00e8 determinato sulla base della norma EN ISO 787-5 e indicato in g di olio di lino per 100 g di pigmento.<\/li>\n<li>Sanguinamento con solventi: Il sanguinamento nei solventi viene testato utilizzando i gradi di polvere e la valutazione visiva viene data su una scala da 1 a 5 grigi.<br \/>\ndove 1 = \u2018Forte sanguinamento\u2019 e 5 = \u2018Nessun sanguinamento\u201d.\u201d<\/li>\n<\/ul>\n<p>Disclaimer - Le informazioni fornite in questa scheda tecnica si basano sullo stato attuale delle nostre conoscenze e sono intese come una descrizione generale dei nostri prodotti e delle loro possibili applicazioni. A causa della molteplicit\u00e0 delle formulazioni, delle condizioni di produzione e di applicazione, tutti i dati sopra riportati devono essere adattati alle circostanze del trasformatore. Da questo fatto non possono derivare responsabilit\u00e0, comprese quelle relative ai diritti di brevetto, per i singoli casi. Non si pu\u00f2 escludere che questo prodotto contenga particelle &lt; 0,1 \u03bcm. Ogni utilizzatore di questo prodotto \u00e8 responsabile di determinare l&#039;idoneit\u00e0 dei prodotti Sudarshan per la sua particolare applicazione e di garantire il rispetto di tutti i diritti di propriet\u00e0 e delle leggi e normative esistenti.<\/p>","protected":false},"excerpt":{"rendered":"<p>C.I.NO.: PY42<\/p>\n<p>Vantaggio:<\/p>\n<p>Main Application Recommended: Coatings, Plastics<\/p>","protected":false},"featured_media":3714,"template":"","meta":[],"product_brand":[],"product_cat":[57,66],"product_tag":[351,352],"class_list":{"0":"post-3752","1":"product","2":"type-product","3":"status-publish","4":"has-post-thumbnail","6":"product_cat-inorganic-pigments","7":"product_cat-iron-oxide-pigments","8":"product_tag-iron-oxide-yellow-313","9":"product_tag-py42","11":"first","12":"instock","13":"shipping-taxable","14":"product-type-simple"},"_links":{"self":[{"href":"https:\/\/www.honorpigment.com\/it\/wp-json\/wp\/v2\/product\/3752","targetHints":{"allow":["GET"]}}],"collection":[{"href":"https:\/\/www.honorpigment.com\/it\/wp-json\/wp\/v2\/product"}],"about":[{"href":"https:\/\/www.honorpigment.com\/it\/wp-json\/wp\/v2\/types\/product"}],"version-history":[{"count":1,"href":"https:\/\/www.honorpigment.com\/it\/wp-json\/wp\/v2\/product\/3752\/revisions"}],"predecessor-version":[{"id":8523,"href":"https:\/\/www.honorpigment.com\/it\/wp-json\/wp\/v2\/product\/3752\/revisions\/8523"}],"wp:featuredmedia":[{"embeddable":true,"href":"https:\/\/www.honorpigment.com\/it\/wp-json\/wp\/v2\/media\/3714"}],"wp:attachment":[{"href":"https:\/\/www.honorpigment.com\/it\/wp-json\/wp\/v2\/media?parent=3752"}],"wp:term":[{"taxonomy":"product_brand","embeddable":true,"href":"https:\/\/www.honorpigment.com\/it\/wp-json\/wp\/v2\/product_brand?post=3752"},{"taxonomy":"product_cat","embeddable":true,"href":"https:\/\/www.honorpigment.com\/it\/wp-json\/wp\/v2\/product_cat?post=3752"},{"taxonomy":"product_tag","embeddable":true,"href":"https:\/\/www.honorpigment.com\/it\/wp-json\/wp\/v2\/product_tag?post=3752"}],"curies":[{"name":"wp","href":"https:\/\/api.w.org\/{rel}","templated":true}]}}