{"id":3744,"date":"2025-09-24T16:35:56","date_gmt":"2025-09-24T08:35:56","guid":{"rendered":"https:\/\/www.honorpigments.com\/?post_type=product&#038;p=3744"},"modified":"2026-04-13T23:50:14","modified_gmt":"2026-04-13T15:50:14","slug":"molybdate-chrome-orange-411-pigment-red-104","status":"publish","type":"product","link":"https:\/\/www.honorpigment.com\/it\/prodotto\/molybdate-chrome-orange-411-pigment-red-104\/","title":{"rendered":"PIGMENT RED 104\/ MOLYBDATE CHROME ORANGE 411"},"content":{"rendered":"<h2><strong>Product Description &#8211; PR104<\/strong><\/h2>\n<p align=\"left\">MOLYBDATE CHROME ORANGE 411 (PIGMENT RED 104) offers bright red to orange hues with high tinting strength and strong hiding power. It features excellent resistance to solvents, water, and wax, along with good lightfastness and easy dispersion in coatings, plastics, and inks. Additionally, it provides cost-effectiveness and maintains stability in moderate-temperature applications.<\/p>\n<h2><strong>Applicazione consigliata<\/strong><\/h2>\n<p>Coatings: auto paints, high-quality baking finishes<br \/>\nPlastics: PE, PP, PC, PBT, PVC, PU, POM, PS, PET, EVA, ABS<\/p>\n<h2><strong>Dati tecnici<\/strong><\/h2>\n<table style=\"height: 338px;width: 95%;border-color: #050505\" width=\"95%\">\n<tbody>\n<tr style=\"height: 28px\">\n<td style=\"width: 98.7823%;background-color: #ababab;height: 10px\" colspan=\"5\" width=\"125\"><span style=\"font-size: 14pt\"><strong>Informazioni sul prodotto<\/strong><\/span><\/td>\n<\/tr>\n<tr style=\"height: 24px\">\n<td style=\"width: 24.277%;height: 10px\" width=\"125\"><span style=\"font-size: 12pt\">Tipo chimico<\/span><\/td>\n<td style=\"width: 25.114%;height: 10px;text-align: center\" colspan=\"2\" width=\"125\"><\/td>\n<td style=\"width: 25.1904%;height: 10px\" width=\"125\"><span style=\"font-size: 12pt\">CAS NO.<\/span><\/td>\n<td class=\"et3\" style=\"height: 10px;width: 24.2009%;text-align: center\" width=\"148\" height=\"26\">12656-85-8<\/td>\n<\/tr>\n<tr style=\"height: 48px\">\n<td style=\"width: 24.277%;height: 10px\" width=\"125\"><span style=\"font-size: 12pt\">C. I. Nome<\/span><\/td>\n<td style=\"width: 25.114%;height: 10px;text-align: center\" colspan=\"2\" width=\"125\">Pigment Red 104<\/td>\n<td style=\"width: 25.1904%;height: 10px\" width=\"125\"><span style=\"font-size: 12pt\">EINECS \/ ELINCS N.<\/span><\/td>\n<td class=\"et2\" style=\"height: 10px;width: 24.2009%;text-align: center\" height=\"26\">235-759-9<\/td>\n<\/tr>\n<tr style=\"height: 48px\">\n<td style=\"width: 24.277%;height: 10px\" width=\"125\"><span style=\"font-size: 12pt\">C. I. Costituzione n.<\/span><\/td>\n<td style=\"width: 25.114%;height: 10px;text-align: center\" colspan=\"2\" width=\"125\">77605<\/td>\n<td style=\"width: 25.1904%;height: 10px\" width=\"125\"><span style=\"font-size: 12pt\">Formula chimica<\/span><\/td>\n<td class=\"et5\" style=\"height: 10px;width: 24.2009%;text-align: center\" width=\"148\" height=\"53\"><\/td>\n<\/tr>\n<tr style=\"height: 24px\">\n<td style=\"width: 98.7823%;height: 10px\" colspan=\"5\" width=\"125\"><\/td>\n<\/tr>\n<tr style=\"height: 28px\">\n<td style=\"width: 98.7823%;background-color: #ababab;height: 10px\" colspan=\"5\" width=\"125\"><span style=\"font-size: 14pt\"><strong>Prestazioni tecniche<\/strong><\/span><\/td>\n<\/tr>\n<tr style=\"height: 24px\">\n<td style=\"width: 24.277%;height: 10px\" width=\"125\"><\/td>\n<td style=\"width: 12.4048%;height: 10px;text-align: center\" width=\"125\"><span style=\"font-size: 12pt\">Ombra piena<\/span><\/td>\n<td style=\"width: 12.7092%;height: 10px;text-align: center\" width=\"125\"><span style=\"font-size: 12pt\">Tinta<\/span><\/td>\n<td style=\"width: 25.1904%;height: 10px\" width=\"125\"><\/td>\n<td style=\"width: 24.2009%;height: 10px\" width=\"125\"><\/td>\n<\/tr>\n<tr style=\"height: 48px\">\n<td style=\"width: 24.277%;height: 10px\" width=\"125\"><span style=\"font-size: 12pt\">Resistenza agli agenti atmosferici<\/span><\/td>\n<td class=\"et3\" style=\"height: 10px;width: 12.4048%;text-align: center\" width=\"148\" height=\"26\">5<\/td>\n<td class=\"et4\" style=\"width: 12.7092%;height: 10px;text-align: center\" width=\"113\">5<\/td>\n<td style=\"width: 25.1904%;height: 10px\" width=\"125\">Heat resistance(\u2103)<\/td>\n<td style=\"width: 24.2009%;height: 10px;text-align: center\" width=\"125\">200\u2103<\/td>\n<\/tr>\n<tr style=\"height: 24px\">\n<td style=\"width: 24.277%;height: 10px\" width=\"125\"><span style=\"font-size: 12pt\">Resistenza alla luce<\/span><\/td>\n<td class=\"et5\" style=\"height: 10px;width: 12.4048%;text-align: center\" height=\"26\">4-5<\/td>\n<td class=\"et4\" style=\"width: 12.7092%;height: 10px;text-align: center\">4-5<\/td>\n<td style=\"width: 25.1904%;height: 10px\" width=\"125\"><\/td>\n<td style=\"width: 24.2009%;height: 10px\" width=\"125\"><\/td>\n<\/tr>\n<tr style=\"height: 24px\">\n<td style=\"width: 98.7823%;height: 10px\" colspan=\"5\" width=\"125\"><\/td>\n<\/tr>\n<tr style=\"height: 24px\">\n<td style=\"width: 98.7823%;background-color: #ababab;height: 10px\" colspan=\"5\" width=\"125\"><span style=\"font-size: 14pt\"><strong>Propriet\u00e0 fisiche<\/strong><\/span><\/td>\n<\/tr>\n<tr style=\"height: 48px\">\n<td style=\"width: 24.277%;height: 10px\" width=\"125\"><span style=\"font-size: 12pt\">Forma fisica<\/span><\/td>\n<td style=\"width: 25.114%;height: 10px;text-align: center\" colspan=\"2\" width=\"125\"><span style=\"font-size: 12pt\">Polvere<\/span><\/td>\n<td class=\"et2\" style=\"height: 10px;width: 25.1904%\" width=\"139\" height=\"21\">Water Resistance<\/td>\n<td class=\"et2\" style=\"height: 10px;width: 24.2009%;text-align: center\" width=\"157\" height=\"21\">5<\/td>\n<\/tr>\n<tr style=\"height: 18px\">\n<td style=\"width: 24.277%;height: 18px\" width=\"139\">Strength(%)<\/td>\n<td style=\"width: 25.114%;text-align: center;height: 18px\" colspan=\"2\" width=\"148\">100\u00b13<\/td>\n<td class=\"et2\" style=\"height: 18px;width: 25.1904%\" width=\"139\" height=\"21\">Acid Resistance<\/td>\n<td class=\"et2\" style=\"height: 18px;width: 24.2009%;text-align: center\" width=\"157\" height=\"21\">3<\/td>\n<\/tr>\n<tr style=\"height: 24px\">\n<td style=\"width: 24.277%;height: 24px\" width=\"139\">Water (%)\u00a0\u2264<\/td>\n<td style=\"width: 25.114%;text-align: center;height: 24px\" colspan=\"2\" width=\"148\">1<\/td>\n<td class=\"et2\" style=\"height: 24px;width: 25.1904%\" width=\"139\" height=\"21\">Alkali Resistance<\/td>\n<td class=\"et2\" style=\"height: 24px;width: 24.2009%;text-align: center\" width=\"157\" height=\"21\">3<\/td>\n<\/tr>\n<tr style=\"height: 24px\">\n<td style=\"width: 24.277%;height: 24px\" width=\"139\">Water Soluble (%)\u00a0\u2264<\/td>\n<td style=\"width: 25.114%;text-align: center;height: 24px\" colspan=\"2\" width=\"148\">1<\/td>\n<td class=\"et2\" style=\"height: 24px;width: 25.1904%\" width=\"139\" height=\"21\">Alcohol Resistance<\/td>\n<td class=\"et2\" style=\"height: 24px;width: 24.2009%;text-align: center\" width=\"157\" height=\"21\">5<\/td>\n<\/tr>\n<tr style=\"height: 24px\">\n<td style=\"width: 24.277%;height: 24px\" width=\"139\">Residure (325 mesh)\u00a0\u2264<\/td>\n<td style=\"width: 25.114%;text-align: center;height: 24px\" colspan=\"2\" width=\"148\">0.3<\/td>\n<td class=\"et2\" style=\"height: 24px;width: 25.1904%\" width=\"139\" height=\"21\">Density (mg\/100g)<\/td>\n<td class=\"et2\" style=\"height: 24px;width: 24.2009%;text-align: center\" width=\"157\" height=\"21\">5.20-5.80<\/td>\n<\/tr>\n<tr style=\"height: 24px\">\n<td style=\"width: 24.277%;height: 24px\" width=\"139\">PH value<\/td>\n<td style=\"width: 25.114%;text-align: center;height: 24px\" colspan=\"2\" width=\"148\">5.0-7.5<\/td>\n<td style=\"width: 25.1904%;height: 24px\" width=\"184\"><\/td>\n<td style=\"width: 24.2009%;height: 24px\" width=\"148\"><\/td>\n<\/tr>\n<tr style=\"height: 24px\">\n<td style=\"width: 24.277%;height: 24px\" width=\"139\">Oil Absorption(%)\u2264<\/td>\n<td style=\"width: 25.114%;text-align: center;height: 24px\" colspan=\"2\" width=\"148\">22<\/td>\n<td class=\"et2\" style=\"height: 24px;width: 25.1904%\" height=\"26\"><\/td>\n<td class=\"et4\" style=\"width: 24.2009%;text-align: center;height: 24px\"><\/td>\n<\/tr>\n<tr style=\"height: 48px\">\n<td style=\"width: 98.7823%;background-color: #ababab;height: 10px\" colspan=\"5\" width=\"125\"><span style=\"font-size: 14pt\"><strong>Imballaggio<\/strong><\/span><\/td>\n<\/tr>\n<tr style=\"height: 48px\">\n<td style=\"width: 98.7823%;height: 10px\" colspan=\"5\" width=\"125\">25kgs\/bag 1000kgs\/Pallet<\/td>\n<\/tr>\n<tr style=\"height: 24px\">\n<td style=\"width: 98.7823%;height: 10px\" colspan=\"5\" width=\"125\"><\/td>\n<\/tr>\n<tr style=\"height: 24px\">\n<td style=\"width: 49.391%;background-color: #ababab;height: 10px\" colspan=\"3\" width=\"125\"><span style=\"font-size: 14pt\"><strong>Immagazzinamento<\/strong><\/span><\/td>\n<td style=\"width: 25.1904%;height: 10px\" width=\"125\"><span style=\"font-size: 14pt\"><strong>Durata di conservazione<\/strong><\/span><\/td>\n<td style=\"width: 24.2009%;height: 10px\" width=\"125\"><span style=\"font-size: 12pt\">5 anni<\/span><\/td>\n<\/tr>\n<tr style=\"height: 24px\">\n<td style=\"width: 98.7823%;height: 10px\" colspan=\"5\" width=\"375\"><span style=\"font-size: 12pt\">Conservare in luogo fresco, asciutto e ventilato.<\/span><\/td>\n<\/tr>\n<tr style=\"height: 24px\">\n<td style=\"width: 98.7823%;height: 10px\" colspan=\"5\" width=\"125\"><\/td>\n<\/tr>\n<tr style=\"height: 24px\">\n<td style=\"width: 98.7823%;background-color: #ababab;height: 10px\" colspan=\"5\" width=\"125\"><span style=\"font-size: 14pt\"><strong>TRASPORTI<\/strong><\/span><\/td>\n<\/tr>\n<tr style=\"height: 48px\">\n<td style=\"width: 98.7823%;height: 10px\" colspan=\"5\" width=\"375\"><span style=\"font-size: 12pt\">Evitare l'inversione, la luce solare, l'umidit\u00e0 e gli urti. Evitare di danneggiare la confezione.<\/span><\/td>\n<\/tr>\n<\/tbody>\n<\/table>\n<ul>\n<li>Solidit\u00e0 alla luce: La solidit\u00e0 alla luce \u00e8 valutata su una scala da 1 a 8 Blue Wool, dove 1 = \u2018Scarso\u2019 e 8 = \u2018Eccellente\u2019.<\/li>\n<li>Stabilit\u00e0 al calore: i valori di stabilit\u00e0 al calore indicati indicano la temperatura massima alla quale il pigmento pu\u00f2 essere mantenuto per 10 minuti in ombra e in riduzione senza subire variazioni significative della tonalit\u00e0.<\/li>\n<li>Assorbimento di olio: L'assorbimento di olio \u00e8 determinato sulla base della norma EN ISO 787-5 e indicato in g di olio di lino per 100 g di pigmento.<\/li>\n<li>Sanguinamento con solventi: Il sanguinamento nei solventi viene testato utilizzando i gradi di polvere e la valutazione visiva viene data su una scala da 1 a 5 grigi.<br \/>\ndove 1 = \u2018Forte sanguinamento\u2019 e 5 = \u2018Nessun sanguinamento\u201d.\u201d<\/li>\n<\/ul>\n<p>Disclaimer \u2013 The information given in this data sheet is based on the present state of our knowledge &amp; is intended as a general description of our products &amp; their possible applications. Due to the multitude of formulations, production &amp; application conditions, all the above mentioned data have to be adjusted to the circumstances of the processor. No liabilities, including those for patent rights, can be derived from this fact for individual cases. It cannot be ruled out that this product contains particles &lt; 0.1 \u03bcm. Any user of this product is responsible for determining the suitability of Honor Pigments\u2019s products for its particular application &amp; to ensure that any proprietary rights &amp; existing laws &amp; legislation are observed.<\/p>\n<div class=\"honor-product-overview\" style=\"margin-top:40px;border-top:2px solid #f6c405;padding-top:30px\">\n<h3>Why Choose Honor Pigments?<\/h3>\n<ul>\n<li>\ud83c\udf0d <strong>Global Export Expertise<\/strong> \u2014 Trusted by customers in 40+ countries for consistent quality and reliable supply<\/li>\n<li>\u2705 <strong>Strict Quality Control<\/strong> \u2014 ISO 9001 certified with batch-to-batch consistency and zero-defect policy<\/li>\n<li>\ud83d\udcb0 <strong>OEM Production Advantage<\/strong> \u2014 Competitive pricing without compromising pigment performance<\/li>\n<li>\ud83e\uddea <strong>Technical Support<\/strong> \u2014 Free color matching, formulation advice and sample testing before bulk order<\/li>\n<\/ul>\n<div style=\"background:#f8f9fa;padding:20px;border-left:4px solid #f6c405;margin:20px 0\">\n<p><strong>\ud83d\udce9 Need more details?<\/strong><\/p>\n<p>Request TDS, SDS, or a free sample for testing.<\/p>\n<\/div>\n<\/div>","protected":false},"excerpt":{"rendered":"<p>C.I.NO.: PR104<\/p>\n<p>Vantaggio:<\/p>\n<p>Main Application Recommended: Plastics, Coatings<\/p>","protected":false},"featured_media":3745,"template":"","meta":[],"product_brand":[],"product_cat":[65,57],"product_tag":[365],"class_list":{"0":"post-3744","1":"product","2":"type-product","3":"status-publish","4":"has-post-thumbnail","6":"product_cat-chrome-pigments","7":"product_cat-inorganic-pigments","8":"product_tag-pr104","9":"stm_brands-honor-pigments","11":"first","12":"instock","13":"shipping-taxable","14":"product-type-simple"},"_links":{"self":[{"href":"https:\/\/www.honorpigment.com\/it\/wp-json\/wp\/v2\/product\/3744","targetHints":{"allow":["GET"]}}],"collection":[{"href":"https:\/\/www.honorpigment.com\/it\/wp-json\/wp\/v2\/product"}],"about":[{"href":"https:\/\/www.honorpigment.com\/it\/wp-json\/wp\/v2\/types\/product"}],"version-history":[{"count":4,"href":"https:\/\/www.honorpigment.com\/it\/wp-json\/wp\/v2\/product\/3744\/revisions"}],"predecessor-version":[{"id":8904,"href":"https:\/\/www.honorpigment.com\/it\/wp-json\/wp\/v2\/product\/3744\/revisions\/8904"}],"wp:featuredmedia":[{"embeddable":true,"href":"https:\/\/www.honorpigment.com\/it\/wp-json\/wp\/v2\/media\/3745"}],"wp:attachment":[{"href":"https:\/\/www.honorpigment.com\/it\/wp-json\/wp\/v2\/media?parent=3744"}],"wp:term":[{"taxonomy":"product_brand","embeddable":true,"href":"https:\/\/www.honorpigment.com\/it\/wp-json\/wp\/v2\/product_brand?post=3744"},{"taxonomy":"product_cat","embeddable":true,"href":"https:\/\/www.honorpigment.com\/it\/wp-json\/wp\/v2\/product_cat?post=3744"},{"taxonomy":"product_tag","embeddable":true,"href":"https:\/\/www.honorpigment.com\/it\/wp-json\/wp\/v2\/product_tag?post=3744"}],"curies":[{"name":"wp","href":"https:\/\/api.w.org\/{rel}","templated":true}]}}