{"id":3582,"date":"2025-09-15T15:19:27","date_gmt":"2025-09-15T07:19:27","guid":{"rendered":"https:\/\/www.honorpigments.com\/?post_type=product&#038;p=3582"},"modified":"2026-04-13T23:17:35","modified_gmt":"2026-04-13T15:17:35","slug":"hp-yellow-1659-pigment-yellow-74","status":"publish","type":"product","link":"https:\/\/www.honorpigment.com\/it\/prodotto\/hp-yellow-1659-pigment-yellow-74\/","title":{"rendered":"PIGMENT YELLOW 74\/ HP YELLOW 1659"},"content":{"rendered":"<h3><strong>Products description &#8211; PY74<\/strong><\/h3>\n<p align=\"left\">HP YELLOW 1659 (PIGMENT YELLOW 74) is Greenish shade,it provide brilliant prints, which are brighter and more opaque than those of other monoazo yellow pigments. It is recommended used for printing inks, paints indusries.<\/p>\n<h3><strong>Applicazione consigliata<\/strong><\/h3>\n<p>Coatings: solvent based paints, water based paints, industrial coatings, powder coatings<br \/>\nInchiostri da stampa: inchiostri offset, inchiostri a base solvente, inchiostri a base acqua<\/p>\n<h3><strong>Dati tecnici<\/strong><\/h3>\n<table width=\"95%\">\n<tbody>\n<tr>\n<td colspan=\"5\" width=\"125\"><strong>Informazioni sul prodotto<\/strong><\/td>\n<\/tr>\n<tr>\n<td width=\"125\">Tipo chimico<\/td>\n<td colspan=\"2\" width=\"125\">MonoAzo<\/td>\n<td width=\"125\">CAS NO.<\/td>\n<td style=\"text-align: center\" width=\"148\">6358-31-2<\/td>\n<\/tr>\n<tr>\n<td width=\"125\">C. I. Nome<\/td>\n<td colspan=\"2\" width=\"125\">Pigment Yellow 74<\/td>\n<td width=\"125\">EINECS \/ ELINCS N.<\/td>\n<td style=\"text-align: center\" width=\"148\">228-768-4<\/td>\n<\/tr>\n<tr>\n<td width=\"125\">C. I. Costituzione n.<\/td>\n<td colspan=\"2\" width=\"125\">11741<\/td>\n<td width=\"125\">Formula chimica<\/td>\n<td style=\"text-align: center\" width=\"148\">C18H18N4O6<\/td>\n<\/tr>\n<tr>\n<td colspan=\"5\" width=\"125\"><\/td>\n<\/tr>\n<tr>\n<td colspan=\"5\" width=\"125\"><strong>Prestazioni tecniche<\/strong><\/td>\n<\/tr>\n<tr>\n<td width=\"125\"><\/td>\n<td width=\"125\">Ombra piena<\/td>\n<td width=\"125\">Tinta<\/td>\n<td width=\"125\"><\/td>\n<td width=\"125\"><\/td>\n<\/tr>\n<tr>\n<td width=\"125\">Resistenza agli agenti atmosferici<\/td>\n<td class=\"et3\" width=\"116\" height=\"26\"><span class=\"font1\">4-5<\/span><\/td>\n<td class=\"et4\" width=\"110\">4<\/td>\n<td width=\"125\">Stabilit\u00e0 al calore \u00b0C<\/td>\n<td width=\"125\">160\u00b0C<\/td>\n<\/tr>\n<tr>\n<td width=\"125\">Resistenza alla luce<\/td>\n<td class=\"et4\" height=\"26\">7<\/td>\n<td class=\"et4\">7<\/td>\n<td width=\"125\"><\/td>\n<td width=\"125\"><\/td>\n<\/tr>\n<tr>\n<td colspan=\"5\" width=\"125\"><\/td>\n<\/tr>\n<tr>\n<td colspan=\"5\" width=\"125\"><strong>Propriet\u00e0 fisiche<\/strong><\/td>\n<\/tr>\n<tr>\n<td width=\"125\">Forma fisica<\/td>\n<td colspan=\"2\" width=\"125\">Polvere<\/td>\n<td class=\"et3\" width=\"166\" height=\"26\"><span class=\"font1\">Sanguinamento in Xilene<\/span><\/td>\n<td class=\"et4\" width=\"148\">4<\/td>\n<\/tr>\n<tr>\n<td width=\"125\">Densit\u00e0 specifica (g\/cm3):<\/td>\n<td colspan=\"2\" width=\"125\">1.40 \u00b1 0.1<\/td>\n<td class=\"et3\" width=\"166\" height=\"26\"><span class=\"font1\">Emorragia in metiletilchetone<\/span><\/td>\n<td class=\"et4\">4<\/td>\n<\/tr>\n<tr>\n<td width=\"125\">Superficie specifica (\u33a1\/g):<\/td>\n<td colspan=\"2\" width=\"125\">30-70<\/td>\n<td class=\"et3\" width=\"166\" height=\"26\"><span class=\"font1\">Emorragia in acetato di etile<\/span><\/td>\n<td class=\"et4\">4~5<\/td>\n<\/tr>\n<tr>\n<td width=\"125\">Assorbimento dell'olio<\/td>\n<td colspan=\"2\" width=\"125\">30 \u00b1 10<\/td>\n<td class=\"et3\" width=\"166\" height=\"26\"><span class=\"font1\">Sanguinamento in Cellosolve<\/span><\/td>\n<td class=\"et4\">4~5<\/td>\n<\/tr>\n<tr>\n<td width=\"125\">Valore del pH<\/td>\n<td colspan=\"2\" width=\"125\">5.0 &#8211; 7.5<\/td>\n<td class=\"et3\" width=\"166\" height=\"26\"><span class=\"font1\">Sanguinamento in acquaragia minerale<\/span><\/td>\n<td class=\"et4\">4~5<\/td>\n<\/tr>\n<tr>\n<td width=\"125\">Materia volatile<\/td>\n<td colspan=\"2\" width=\"125\">1% max<\/td>\n<td class=\"et3\" width=\"166\" height=\"26\"><span class=\"font1\">Resistenza all'acido<\/span><\/td>\n<td class=\"et4\">4~5<\/td>\n<\/tr>\n<tr>\n<td width=\"125\"><\/td>\n<td colspan=\"2\"><\/td>\n<td class=\"et3\" width=\"166\" height=\"26\"><span class=\"font1\">Resistenza agli alcali<\/span><\/td>\n<td class=\"et4\">4~5<\/td>\n<\/tr>\n<tr>\n<td colspan=\"5\" width=\"125\"><strong>Imballaggio<\/strong><\/td>\n<\/tr>\n<tr>\n<td colspan=\"5\" width=\"125\">25kgs\/bag\u00a0 \u00a0400kgs\/Pallet<\/td>\n<\/tr>\n<tr>\n<td colspan=\"5\" width=\"125\"><\/td>\n<\/tr>\n<tr>\n<td colspan=\"3\" width=\"125\"><strong>Immagazzinamento<\/strong><\/td>\n<td width=\"125\"><strong>Durata di conservazione<\/strong><\/td>\n<td width=\"125\">5 anni<\/td>\n<\/tr>\n<tr>\n<td colspan=\"5\" width=\"375\">Conservare in luogo fresco, asciutto e ventilato.<\/td>\n<\/tr>\n<tr>\n<td colspan=\"5\" width=\"125\"><\/td>\n<\/tr>\n<tr>\n<td colspan=\"5\" width=\"125\"><strong>TRASPORTI<\/strong><\/td>\n<\/tr>\n<tr>\n<td colspan=\"5\" width=\"375\">Evitare l'inversione, la luce solare, l'umidit\u00e0 e gli urti. Evitare di danneggiare la confezione.<\/td>\n<\/tr>\n<\/tbody>\n<\/table>\n<ul>\n<li>Solidit\u00e0 alla luce: La solidit\u00e0 alla luce \u00e8 valutata su una scala da 1 a 8 Blue Wool, dove 1 = \u2018Scarso\u2019 e 8 = \u2018Eccellente\u2019.<\/li>\n<li>Stabilit\u00e0 al calore: i valori di stabilit\u00e0 al calore indicati indicano la temperatura massima alla quale il pigmento pu\u00f2 essere mantenuto per 10 minuti in ombra e in riduzione senza subire variazioni significative della tonalit\u00e0.<\/li>\n<li>Assorbimento di olio: L'assorbimento di olio \u00e8 determinato sulla base della norma EN ISO 787-5 e indicato in g di olio di lino per 100 g di pigmento.<\/li>\n<li>Sanguinamento con solventi: Il sanguinamento nei solventi viene testato utilizzando i gradi di polvere e la valutazione visiva viene data su una scala da 1 a 5 grigi.<br \/>\ndove 1 = \u2018Forte sanguinamento\u2019 e 5 = \u2018Nessun sanguinamento\u201d.\u201d<\/li>\n<\/ul>\n<p>Disclaimer \u2013 The information given in this data sheet is based on the present state of our knowledge &amp; is intended as a general description of our products &amp; their possible applications. Due to the multitude of formulations, production &amp; application conditions, all the above mentioned data have to be adjusted to the circumstances of the processor. No liabilities, including those for patent rights, can be derived from this fact for individual cases. It cannot be ruled out that this product contains particles &lt; 0.1 \u03bcm. Any user of this product is responsible for determining the suitability of Honor Pigments\u2019s products for its particular application &amp; to ensure that any proprietary rights &amp; existing laws &amp; legislation are observed.<\/p>\n<div class=\"honor-product-overview\" style=\"margin-top:40px;border-top:2px solid #f6c405;padding-top:30px\">\n<h3>Why Choose Honor Pigments?<\/h3>\n<ul>\n<li>\ud83c\udf0d <strong>Global Export Expertise<\/strong> \u2014 Trusted by customers in 40+ countries for consistent quality and reliable supply<\/li>\n<li>\u2705 <strong>Strict Quality Control<\/strong> \u2014 ISO 9001 certified with batch-to-batch consistency and zero-defect policy<\/li>\n<li>\ud83d\udcb0 <strong>OEM Production Advantage<\/strong> \u2014 Competitive pricing without compromising pigment performance<\/li>\n<li>\ud83e\uddea <strong>Technical Support<\/strong> \u2014 Free color matching, formulation advice and sample testing before bulk order<\/li>\n<\/ul>\n<div style=\"background:#f8f9fa;padding:20px;border-left:4px solid #f6c405;margin:20px 0\">\n<p><strong>\ud83d\udce9 Need more details?<\/strong><\/p>\n<p>Request TDS, SDS, or a free sample for testing.<\/p>\n<\/div>\n<\/div>","protected":false},"excerpt":{"rendered":"<p>C.I.NO.: PY74<\/p>\n<p>Vantaggio: elevata resistenza del colore<\/p>\n<p>Principali applicazioni consigliate: Rivestimenti<\/p>","protected":false},"featured_media":3314,"template":"","meta":[],"product_brand":[],"product_cat":[15,61,73,75,95,63,91,76,92,77],"product_tag":[],"class_list":{"0":"post-3582","1":"product","2":"type-product","3":"status-publish","4":"has-post-thumbnail","6":"product_cat-organic-pigments","7":"product_cat-pigments-for-coatings-paints","8":"product_cat-pigments-for-industrial-coatings","9":"product_cat-pigments-for-offset-inks","10":"product_cat-pigments-for-powder-coatings","11":"product_cat-pigments-for-printing-inks","12":"product_cat-pigments-for-solvent-based-coatings","13":"product_cat-pigments-for-sovlent-based-inks","14":"product_cat-pigments-for-water-based-coatings","15":"product_cat-pigments-for-water-based-inks","16":"stm_brands-honor-pigments","18":"first","19":"instock","20":"shipping-taxable","21":"product-type-simple"},"_links":{"self":[{"href":"https:\/\/www.honorpigment.com\/it\/wp-json\/wp\/v2\/product\/3582","targetHints":{"allow":["GET"]}}],"collection":[{"href":"https:\/\/www.honorpigment.com\/it\/wp-json\/wp\/v2\/product"}],"about":[{"href":"https:\/\/www.honorpigment.com\/it\/wp-json\/wp\/v2\/types\/product"}],"version-history":[{"count":2,"href":"https:\/\/www.honorpigment.com\/it\/wp-json\/wp\/v2\/product\/3582\/revisions"}],"predecessor-version":[{"id":8749,"href":"https:\/\/www.honorpigment.com\/it\/wp-json\/wp\/v2\/product\/3582\/revisions\/8749"}],"wp:featuredmedia":[{"embeddable":true,"href":"https:\/\/www.honorpigment.com\/it\/wp-json\/wp\/v2\/media\/3314"}],"wp:attachment":[{"href":"https:\/\/www.honorpigment.com\/it\/wp-json\/wp\/v2\/media?parent=3582"}],"wp:term":[{"taxonomy":"product_brand","embeddable":true,"href":"https:\/\/www.honorpigment.com\/it\/wp-json\/wp\/v2\/product_brand?post=3582"},{"taxonomy":"product_cat","embeddable":true,"href":"https:\/\/www.honorpigment.com\/it\/wp-json\/wp\/v2\/product_cat?post=3582"},{"taxonomy":"product_tag","embeddable":true,"href":"https:\/\/www.honorpigment.com\/it\/wp-json\/wp\/v2\/product_tag?post=3582"}],"curies":[{"name":"wp","href":"https:\/\/api.w.org\/{rel}","templated":true}]}}