{"id":3358,"date":"2025-09-03T16:21:10","date_gmt":"2025-09-03T08:21:10","guid":{"rendered":"https:\/\/www.honorpigments.com\/?post_type=product&#038;p=3358"},"modified":"2026-03-23T21:19:50","modified_gmt":"2026-03-23T13:19:50","slug":"hp-yellow-24169-pigment-red-491","status":"publish","type":"product","link":"https:\/\/www.honorpigment.com\/it\/prodotto\/hp-yellow-24169-pigment-red-491\/","title":{"rendered":"ROSSO PIGMENTO 49:1\/ ROSSO HP 24169"},"content":{"rendered":"<h3><strong>Product Description &#8211; PR49:1<\/strong><\/h3>\n<p align=\"left\">HP red 24169 (Pigment Red 49:1) is a barium lake pigment that imparts a neutral red shade. Due to its limited heat resistance and stability, its application in plastics is restricted. It is primarily employed for coloring printing inks, particularly in publication gravure inks, where resin-treated formulations can mitigate the coppering effect. Specialized variants are well-suited for water-based inks. As an economical pigment option, it is widely used in inks, as well as in cultural and educational supplies such as watercolors and oil paints, and can also be applied in coatings.<\/p>\n<h3><strong>Applicazione consigliata<\/strong><strong>\uff1a<\/strong><\/h3>\n<p>Printing inks: offset inks, water based inks<\/p>\n<h3><strong>Dati tecnici:<\/strong><\/h3>\n<table style=\"height: 260px; width: 95%; border-color: #050505;\" width=\"95%\">\n<tbody>\n<tr style=\"height: 28px;\">\n<td style=\"width: 99.2389%; background-color: #ababab; height: 10px;\" colspan=\"5\" width=\"125\"><span style=\"font-size: 14pt;\"><strong>Informazioni sul prodotto<\/strong><\/span><\/td>\n<\/tr>\n<tr style=\"height: 24px;\">\n<td style=\"width: 24.277%; height: 10px;\" width=\"125\"><span style=\"font-size: 12pt;\">Tipo chimico<\/span><\/td>\n<td style=\"width: 25.114%; height: 10px; text-align: center;\" colspan=\"2\" width=\"125\">Azo<\/td>\n<td style=\"width: 25.1904%; height: 10px;\" width=\"125\"><span style=\"font-size: 12pt;\">CAS NO.<\/span><\/td>\n<td class=\"et3\" style=\"height: 19.95pt; width: 24.6575%; text-align: center;\" width=\"148\" height=\"26\">1103-38-4<\/td>\n<\/tr>\n<tr style=\"height: 48px;\">\n<td style=\"width: 24.277%; height: 10px;\" width=\"125\"><span style=\"font-size: 12pt;\">C. I. Nome<\/span><\/td>\n<td style=\"width: 25.114%; height: 10px; text-align: center;\" colspan=\"2\" width=\"125\">Rosso pigmento 49:1<\/td>\n<td style=\"width: 25.1904%; height: 10px;\" width=\"125\"><span style=\"font-size: 12pt;\">EINECS \/ ELINCS N.<\/span><\/td>\n<td class=\"et4\" style=\"height: 19.95pt; width: 24.6575%; text-align: center;\" width=\"148\" height=\"26\">214-160-6<\/td>\n<\/tr>\n<tr style=\"height: 48px;\">\n<td style=\"width: 24.277%; height: 10px;\" width=\"125\"><span style=\"font-size: 12pt;\">C. I. Costituzione n.<\/span><\/td>\n<td style=\"width: 25.114%; height: 10px; text-align: center;\" colspan=\"2\" width=\"125\">15630:1<\/td>\n<td style=\"width: 25.1904%; height: 10px;\" width=\"125\"><span style=\"font-size: 12pt;\">Formula chimica<\/span><\/td>\n<td class=\"et4\" style=\"height: 19.95pt; width: 24.6575%; text-align: center;\" width=\"148\" height=\"26\">C40H26N4O8S2 1\/2Ba<\/td>\n<\/tr>\n<tr style=\"height: 24px;\">\n<td style=\"width: 99.2389%; height: 10px;\" colspan=\"5\" width=\"125\"><\/td>\n<\/tr>\n<tr style=\"height: 28px;\">\n<td style=\"width: 99.2389%; background-color: #ababab; height: 10px;\" colspan=\"5\" width=\"125\"><span style=\"font-size: 14pt;\"><strong>Prestazioni tecniche<\/strong><\/span><\/td>\n<\/tr>\n<tr style=\"height: 24px;\">\n<td style=\"width: 24.277%; height: 10px;\" width=\"125\"><\/td>\n<td style=\"width: 12.4048%; height: 10px; text-align: center;\" width=\"125\"><span style=\"font-size: 12pt;\">Ombra piena<\/span><\/td>\n<td style=\"width: 12.7092%; height: 10px; text-align: center;\" width=\"125\"><span style=\"font-size: 12pt;\">Tinta<\/span><\/td>\n<td style=\"width: 25.1904%; height: 10px;\" width=\"125\"><\/td>\n<td style=\"width: 24.6575%; height: 10px;\" width=\"125\"><\/td>\n<\/tr>\n<tr style=\"height: 48px;\">\n<td style=\"width: 24.277%; height: 10px;\" width=\"125\"><span style=\"font-size: 12pt;\">Resistenza agli agenti atmosferici<\/span><\/td>\n<td class=\"et3\" style=\"height: 19.95pt; width: 12.4048%; text-align: center;\" width=\"116\" height=\"26\"><span class=\"font1\">4-5<\/span><\/td>\n<td class=\"et4\" style=\"width: 12.7092%; text-align: center;\" width=\"110\">3<\/td>\n<td style=\"width: 25.1904%; height: 10px;\" width=\"125\"><span style=\"font-size: 12pt;\">Stabilit\u00e0 al calore \u00b0C<\/span><\/td>\n<td style=\"width: 24.6575%; height: 10px; text-align: center;\" width=\"125\"><span style=\"font-size: 12pt;\">160\u00b0C<\/span><\/td>\n<\/tr>\n<tr style=\"height: 24px;\">\n<td style=\"width: 24.277%; height: 10px;\" width=\"125\"><span style=\"font-size: 12pt;\">Resistenza alla luce<\/span><\/td>\n<td class=\"et4\" style=\"height: 19.95pt; width: 12.4048%; text-align: center;\" height=\"26\">4<\/td>\n<td class=\"et4\" style=\"width: 12.7092%; text-align: center;\">3~4<\/td>\n<td style=\"width: 25.1904%; height: 10px;\" width=\"125\"><\/td>\n<td style=\"width: 24.6575%; height: 10px;\" width=\"125\"><\/td>\n<\/tr>\n<tr style=\"height: 24px;\">\n<td style=\"width: 99.2389%; height: 10px;\" colspan=\"5\" width=\"125\"><\/td>\n<\/tr>\n<tr style=\"height: 24px;\">\n<td style=\"width: 99.2389%; background-color: #ababab; height: 10px;\" colspan=\"5\" width=\"125\"><span style=\"font-size: 14pt;\"><strong>Propriet\u00e0 fisiche<\/strong><\/span><\/td>\n<\/tr>\n<tr style=\"height: 48px;\">\n<td style=\"width: 24.277%; height: 10px;\" width=\"125\"><span style=\"font-size: 12pt;\">Forma fisica<\/span><\/td>\n<td style=\"width: 25.114%; height: 10px; text-align: center;\" colspan=\"2\" width=\"125\"><span style=\"font-size: 12pt;\">Polvere<\/span><\/td>\n<td class=\"et3\" style=\"height: 19.95pt; width: 25.1904%;\" width=\"166\" height=\"26\"><span class=\"font1\">Resistenza all'acido<\/span><\/td>\n<td class=\"et4\" style=\"width: 24.6575%; text-align: center;\" width=\"148\">3~4<\/td>\n<\/tr>\n<tr style=\"height: 48px;\">\n<td style=\"width: 24.277%; height: 10px;\" width=\"125\"><span style=\"font-size: 12pt;\">Densit\u00e0 specifica (g\/cm3):<\/span><\/td>\n<td style=\"width: 25.114%; height: 10px; text-align: center;\" colspan=\"2\" width=\"125\">1.80 \u00b1 0.1<\/td>\n<td class=\"et3\" style=\"height: 19.95pt; width: 25.1904%;\" width=\"166\" height=\"26\"><span class=\"font1\">Resistenza agli alcali<\/span><\/td>\n<td class=\"et4\" style=\"width: 24.6575%; text-align: center;\">3~4<\/td>\n<\/tr>\n<tr style=\"height: 48px;\">\n<td style=\"width: 24.277%; height: 10px;\" width=\"125\"><span style=\"font-size: 12pt;\">Superficie specifica (\u33a1\/g):<\/span><\/td>\n<td style=\"width: 25.114%; height: 10px; text-align: center;\" colspan=\"2\" width=\"125\">57<\/td>\n<td class=\"et3\" style=\"height: 19.95pt; width: 25.1904%;\" width=\"166\" height=\"26\">Resistance to Water<\/td>\n<td class=\"et4\" style=\"width: 24.6575%; text-align: center;\">3~4<\/td>\n<\/tr>\n<tr style=\"height: 24px;\">\n<td style=\"width: 24.277%; height: 10px;\" width=\"125\"><span style=\"font-size: 12pt;\">Assorbimento dell'olio<\/span><\/td>\n<td style=\"width: 25.114%; height: 10px; text-align: center;\" colspan=\"2\" width=\"125\">45<\/td>\n<td class=\"et3\" style=\"height: 19.95pt; width: 25.1904%;\" width=\"166\" height=\"26\">Resistance to Oil<\/td>\n<td class=\"et4\" style=\"width: 24.6575%; text-align: center;\">3~4<\/td>\n<\/tr>\n<tr style=\"height: 24px;\">\n<td style=\"width: 24.277%; height: 10px;\" width=\"125\"><span style=\"font-size: 12pt;\">Valore del pH<\/span><\/td>\n<td style=\"width: 25.114%; height: 10px; text-align: center;\" colspan=\"2\" width=\"125\">6.5 -8.5<\/td>\n<td class=\"et3\" style=\"height: 19.95pt; width: 25.1904%;\" width=\"166\" height=\"26\"><\/td>\n<td class=\"et4\" style=\"width: 24.6575%; text-align: center;\"><\/td>\n<\/tr>\n<tr style=\"height: 24px;\">\n<td style=\"width: 24.277%; height: 10px;\" width=\"125\"><span style=\"font-size: 12pt;\">Materia volatile<\/span><\/td>\n<td style=\"width: 25.114%; height: 10px; text-align: center;\" colspan=\"2\" width=\"125\"><span style=\"font-size: 12pt;\">1% max<\/span><\/td>\n<td class=\"et3\" style=\"height: 19.95pt; width: 25.1904%;\" width=\"166\" height=\"26\"><\/td>\n<td class=\"et4\" style=\"width: 24.6575%; text-align: center;\"><\/td>\n<\/tr>\n<tr style=\"height: 24px;\">\n<td style=\"width: 24.277%; height: 10px;\" width=\"125\"><\/td>\n<td style=\"width: 25.114%; height: 10px;\" colspan=\"2\"><\/td>\n<td class=\"et3\" style=\"height: 19.95pt; width: 25.1904%;\" width=\"166\" height=\"26\"><\/td>\n<td class=\"et4\" style=\"width: 24.6575%; text-align: center;\"><\/td>\n<\/tr>\n<tr style=\"height: 48px;\">\n<td style=\"width: 99.2389%; background-color: #ababab; height: 10px;\" colspan=\"5\" width=\"125\"><span style=\"font-size: 14pt;\"><strong>Imballaggio<\/strong><\/span><\/td>\n<\/tr>\n<tr style=\"height: 48px;\">\n<td style=\"width: 99.2389%; height: 10px;\" colspan=\"5\" width=\"125\">25kgs\/bag\u00a0 400kgs\/Pallet<\/td>\n<\/tr>\n<tr style=\"height: 24px;\">\n<td style=\"width: 99.2389%; height: 10px;\" colspan=\"5\" width=\"125\"><\/td>\n<\/tr>\n<tr style=\"height: 24px;\">\n<td style=\"width: 49.391%; background-color: #ababab; height: 10px;\" colspan=\"3\" width=\"125\"><span style=\"font-size: 14pt;\"><strong>Immagazzinamento<\/strong><\/span><\/td>\n<td style=\"width: 25.1904%; height: 10px;\" width=\"125\"><span style=\"font-size: 14pt;\"><strong>Durata di conservazione<\/strong><\/span><\/td>\n<td style=\"width: 24.6575%; height: 10px;\" width=\"125\"><span style=\"font-size: 12pt;\">5 anni<\/span><\/td>\n<\/tr>\n<tr style=\"height: 24px;\">\n<td style=\"width: 99.2389%; height: 10px;\" colspan=\"5\" width=\"375\"><span style=\"font-size: 12pt;\">Conservare in luogo fresco, asciutto e ventilato.<\/span><\/td>\n<\/tr>\n<tr style=\"height: 24px;\">\n<td style=\"width: 99.2389%; height: 10px;\" colspan=\"5\" width=\"125\"><\/td>\n<\/tr>\n<tr style=\"height: 24px;\">\n<td style=\"width: 99.2389%; background-color: #ababab; height: 10px;\" colspan=\"5\" width=\"125\"><span style=\"font-size: 14pt;\"><strong>TRASPORTI<\/strong><\/span><\/td>\n<\/tr>\n<tr style=\"height: 48px;\">\n<td style=\"width: 99.2389%; height: 10px;\" colspan=\"5\" width=\"375\"><span style=\"font-size: 12pt;\">Avoid inversion, sunlight, moisture and crash. Avoid damage the package.\u00a0 info@honorpigment.com\u00a0<\/span><\/td>\n<\/tr>\n<\/tbody>\n<\/table>\n<ul>\n<li>Solidit\u00e0 alla luce: La solidit\u00e0 alla luce \u00e8 valutata su una scala da 1 a 8 Blue Wool, dove 1 = \u2018Scarso\u2019 e 8 = \u2018Eccellente\u2019.<\/li>\n<li>Stabilit\u00e0 al calore: i valori di stabilit\u00e0 al calore indicati indicano la temperatura massima alla quale il pigmento pu\u00f2 essere mantenuto per 10 minuti in ombra e in riduzione senza subire variazioni significative della tonalit\u00e0.<\/li>\n<li>Assorbimento di olio: L'assorbimento di olio \u00e8 determinato sulla base della norma EN ISO 787-5 e indicato in g di olio di lino per 100 g di pigmento.<\/li>\n<li>Sanguinamento con solventi: Il sanguinamento nei solventi viene testato utilizzando i gradi di polvere e la valutazione visiva viene data su una scala da 1 a 5 grigi.<br \/>\ndove 1 = \u2018Forte sanguinamento\u2019 e 5 = \u2018Nessun sanguinamento\u201d.\u201d<\/li>\n<\/ul>\n<p>Disclaimer - Le informazioni fornite in questa scheda tecnica si basano sullo stato attuale delle nostre conoscenze e sono intese come una descrizione generale dei nostri prodotti e delle loro possibili applicazioni. A causa della molteplicit\u00e0 delle formulazioni, delle condizioni di produzione e di applicazione, tutti i dati sopra riportati devono essere adattati alle circostanze del trasformatore. Da questo fatto non possono derivare responsabilit\u00e0, comprese quelle relative ai diritti di brevetto, per i singoli casi. Non si pu\u00f2 escludere che questo prodotto contenga particelle &lt; 0,1 \u03bcm. Ogni utilizzatore di questo prodotto \u00e8 responsabile di determinare l&#039;idoneit\u00e0 dei prodotti Sudarshan per la sua particolare applicazione e di garantire il rispetto di tutti i diritti di propriet\u00e0 e delle leggi e normative esistenti.<\/p>","protected":false},"excerpt":{"rendered":"<p>C.I.NO.: PR49:1<\/p>\n<p>Vantaggio: elevata resistenza del colore<\/p>\n<p>Principali applicazioni consigliate: Inchiostro a base d'acqua, stampa tessile<\/p>","protected":false},"featured_media":3359,"template":"","meta":[],"product_brand":[],"product_cat":[15,75,63,77],"product_tag":[116,117,118],"class_list":{"0":"post-3358","1":"product","2":"type-product","3":"status-publish","4":"has-post-thumbnail","6":"product_cat-organic-pigments","7":"product_cat-pigments-for-offset-inks","8":"product_cat-pigments-for-printing-inks","9":"product_cat-pigments-for-water-based-inks","10":"product_tag-1-naphthalenesulfonic-acid","11":"product_tag-2-2-hydroxy-1-naphthalenylazo","12":"product_tag-barium-salt-21-1883-red-barium-lithol-ci-pigment-red-49","14":"first","15":"instock","16":"shipping-taxable","17":"product-type-simple"},"_links":{"self":[{"href":"https:\/\/www.honorpigment.com\/it\/wp-json\/wp\/v2\/product\/3358","targetHints":{"allow":["GET"]}}],"collection":[{"href":"https:\/\/www.honorpigment.com\/it\/wp-json\/wp\/v2\/product"}],"about":[{"href":"https:\/\/www.honorpigment.com\/it\/wp-json\/wp\/v2\/types\/product"}],"version-history":[{"count":0,"href":"https:\/\/www.honorpigment.com\/it\/wp-json\/wp\/v2\/product\/3358\/revisions"}],"wp:featuredmedia":[{"embeddable":true,"href":"https:\/\/www.honorpigment.com\/it\/wp-json\/wp\/v2\/media\/3359"}],"wp:attachment":[{"href":"https:\/\/www.honorpigment.com\/it\/wp-json\/wp\/v2\/media?parent=3358"}],"wp:term":[{"taxonomy":"product_brand","embeddable":true,"href":"https:\/\/www.honorpigment.com\/it\/wp-json\/wp\/v2\/product_brand?post=3358"},{"taxonomy":"product_cat","embeddable":true,"href":"https:\/\/www.honorpigment.com\/it\/wp-json\/wp\/v2\/product_cat?post=3358"},{"taxonomy":"product_tag","embeddable":true,"href":"https:\/\/www.honorpigment.com\/it\/wp-json\/wp\/v2\/product_tag?post=3358"}],"curies":[{"name":"wp","href":"https:\/\/api.w.org\/{rel}","templated":true}]}}