{"id":3317,"date":"2025-09-01T16:18:10","date_gmt":"2025-09-01T08:18:10","guid":{"rendered":"https:\/\/www.honorpigments.com\/?post_type=product&#038;p=3317"},"modified":"2026-03-23T21:20:50","modified_gmt":"2026-03-23T13:20:50","slug":"hp-yellow-1576-pigment-yellow-83","status":"publish","type":"product","link":"https:\/\/www.honorpigment.com\/it\/prodotto\/hp-yellow-1576-pigment-yellow-83\/","title":{"rendered":"GIALLO PIGMENTO 83\/ GIALLO HP 1576"},"content":{"rendered":"<h3><strong>Product Description &#8211; PY83<\/strong><\/h3>\n<p align=\"left\">HP YELLOW 1576 (PIGMENT YELLOW 83) is an bright reddish yellow azo pigment.It has excellent light fastness, heat resistance,solvent fastness and exhibit good gloss and flow in solvent based inks. it is mainly recommended for solvent based inks.<\/p>\n<h3><strong>Applicazione consigliata<\/strong><strong>\uff1a<\/strong><\/h3>\n<p>Coatings: solvent based paints, powder coatings<br \/>\nPrinting inks: offset inks, solvent based inks<\/p>\n<h3><strong>Dati tecnici:<\/strong><\/h3>\n<table style=\"height: 260px; width: 95%; border-color: #050505;\" width=\"95%\">\n<tbody>\n<tr style=\"height: 28px;\">\n<td style=\"width: 99.3832%; background-color: #ababab; height: 10px;\" colspan=\"5\" width=\"125\"><span style=\"font-size: 14pt;\"><strong>Informazioni sul prodotto<\/strong><\/span><\/td>\n<\/tr>\n<tr style=\"height: 24px;\">\n<td style=\"width: 24.277%; height: 10px;\" width=\"125\"><span style=\"font-size: 12pt;\">Tipo chimico<\/span><\/td>\n<td style=\"width: 25.114%; height: 10px; text-align: center;\" colspan=\"2\" width=\"125\">Disazo<\/td>\n<td style=\"width: 25.1904%; height: 10px;\" width=\"125\"><span style=\"font-size: 12pt;\">CAS NO.<\/span><\/td>\n<td class=\"et3\" style=\"height: 10px; width: 24.8018%; text-align: center;\" width=\"148\" height=\"26\">5567-15-7<\/td>\n<\/tr>\n<tr style=\"height: 48px;\">\n<td style=\"width: 24.277%; height: 10px;\" width=\"125\"><span style=\"font-size: 12pt;\">C. I. Nome<\/span><\/td>\n<td style=\"width: 25.114%; height: 10px; text-align: center;\" colspan=\"2\" width=\"125\">Pigment Yellow 83<\/td>\n<td style=\"width: 25.1904%; height: 10px;\" width=\"125\"><span style=\"font-size: 12pt;\">EINECS \/ ELINCS N.<\/span><\/td>\n<td class=\"et3\" style=\"height: 10px; width: 24.8018%; text-align: center;\" width=\"148\" height=\"26\">226-939-8<\/td>\n<\/tr>\n<tr style=\"height: 48px;\">\n<td style=\"width: 24.277%; height: 10px;\" width=\"125\"><span style=\"font-size: 12pt;\">C. I. Costituzione n.<\/span><\/td>\n<td style=\"width: 25.114%; height: 10px; text-align: center;\" colspan=\"2\" width=\"125\">21108<\/td>\n<td style=\"width: 25.1904%; height: 10px;\" width=\"125\"><span style=\"font-size: 12pt;\">Formula chimica<\/span><\/td>\n<td class=\"et3\" style=\"height: 10px; width: 24.8018%; text-align: center;\" width=\"148\" height=\"26\">C36H32Cl4N6O8<\/td>\n<\/tr>\n<tr style=\"height: 24px;\">\n<td style=\"width: 99.3832%; height: 10px;\" colspan=\"5\" width=\"125\"><\/td>\n<\/tr>\n<tr style=\"height: 28px;\">\n<td style=\"width: 99.3832%; background-color: #ababab; height: 10px;\" colspan=\"5\" width=\"125\"><span style=\"font-size: 14pt;\"><strong>Prestazioni tecniche<\/strong><\/span><\/td>\n<\/tr>\n<tr style=\"height: 24px;\">\n<td style=\"width: 24.277%; height: 10px;\" width=\"125\"><\/td>\n<td style=\"width: 12.4048%; height: 10px; text-align: center;\" width=\"125\"><span style=\"font-size: 12pt;\">Ombra piena<\/span><\/td>\n<td style=\"width: 12.7092%; height: 10px; text-align: center;\" width=\"125\"><span style=\"font-size: 12pt;\">Tinta<\/span><\/td>\n<td style=\"width: 25.1904%; height: 10px;\" width=\"125\"><\/td>\n<td style=\"width: 24.8018%; height: 10px;\" width=\"125\"><\/td>\n<\/tr>\n<tr style=\"height: 48px;\">\n<td style=\"width: 24.277%; height: 10px;\" width=\"125\"><span style=\"font-size: 12pt;\">Resistenza agli agenti atmosferici<\/span><\/td>\n<td class=\"et3\" style=\"height: 19.95pt; width: 12.4048%; text-align: center;\" width=\"116\" height=\"26\">5<\/td>\n<td class=\"et4\" style=\"width: 12.7092%; text-align: center;\" width=\"110\">5<\/td>\n<td style=\"width: 25.1904%; height: 10px;\" width=\"125\"><span style=\"font-size: 12pt;\">Stabilit\u00e0 al calore \u00b0C<\/span><\/td>\n<td style=\"width: 24.8018%; height: 10px; text-align: center;\" width=\"125\"><span style=\"font-size: 12pt;\">200\u00b0C<\/span><\/td>\n<\/tr>\n<tr style=\"height: 24px;\">\n<td style=\"width: 24.277%; height: 10px;\" width=\"125\"><span style=\"font-size: 12pt;\">Resistenza alla luce<\/span><\/td>\n<td class=\"et4\" style=\"height: 19.95pt; width: 12.4048%; text-align: center;\" height=\"26\">8<\/td>\n<td class=\"et4\" style=\"width: 12.7092%; text-align: center;\">8<\/td>\n<td style=\"width: 25.1904%; height: 10px;\" width=\"125\"><\/td>\n<td style=\"width: 24.8018%; height: 10px;\" width=\"125\"><\/td>\n<\/tr>\n<tr style=\"height: 24px;\">\n<td style=\"width: 99.3832%; height: 10px;\" colspan=\"5\" width=\"125\"><\/td>\n<\/tr>\n<tr style=\"height: 24px;\">\n<td style=\"width: 99.3832%; background-color: #ababab; height: 10px;\" colspan=\"5\" width=\"125\"><span style=\"font-size: 14pt;\"><strong>Propriet\u00e0 fisiche<\/strong><\/span><\/td>\n<\/tr>\n<tr style=\"height: 48px;\">\n<td style=\"width: 24.277%; height: 10px;\" width=\"125\"><span style=\"font-size: 12pt;\">Forma fisica<\/span><\/td>\n<td style=\"width: 25.114%; height: 10px; text-align: center;\" colspan=\"2\" width=\"125\"><span style=\"font-size: 12pt;\">Polvere<\/span><\/td>\n<td class=\"et3\" style=\"height: 19.95pt; width: 25.1904%;\" width=\"166\" height=\"26\"><span class=\"font1\">Resistenza all'acido<\/span><\/td>\n<td class=\"et4\" style=\"width: 24.8018%;\" width=\"148\">5<\/td>\n<\/tr>\n<tr style=\"height: 48px;\">\n<td style=\"width: 24.277%; height: 10px;\" width=\"125\"><span style=\"font-size: 12pt;\">Densit\u00e0 specifica (g\/cm3):<\/span><\/td>\n<td style=\"width: 25.114%; height: 10px; text-align: center;\" colspan=\"2\" width=\"125\">1.50 \u00b1 0.1<\/td>\n<td class=\"et3\" style=\"height: 19.95pt; width: 25.1904%;\" width=\"166\" height=\"26\"><span class=\"font1\">Resistenza agli alcali<\/span><\/td>\n<td class=\"et4\" style=\"width: 24.8018%;\">5<\/td>\n<\/tr>\n<tr style=\"height: 48px;\">\n<td style=\"width: 24.277%; height: 10px;\" width=\"125\"><span style=\"font-size: 12pt;\">Superficie specifica (\u33a1\/g):<\/span><\/td>\n<td style=\"width: 25.114%; height: 10px; text-align: center;\" colspan=\"2\" width=\"125\">60<\/td>\n<td class=\"et3\" style=\"height: 19.95pt; width: 25.1904%;\" width=\"166\" height=\"26\">Resistenza alla migrazione PVC<\/td>\n<td class=\"et5\" style=\"width: 24.8018%;\">5<\/td>\n<\/tr>\n<tr style=\"height: 24px;\">\n<td style=\"width: 24.277%; height: 10px;\" width=\"125\"><span style=\"font-size: 12pt;\">Assorbimento dell'olio<\/span><\/td>\n<td style=\"width: 25.114%; height: 10px; text-align: center;\" colspan=\"2\" width=\"125\">70<\/td>\n<td class=\"et3\" style=\"height: 19.95pt; width: 25.1904%;\" width=\"166\" height=\"26\">Applicazioni a bassa deformazione<\/td>\n<td class=\"et5\" style=\"width: 24.8018%;\">Adatto<\/td>\n<\/tr>\n<tr style=\"height: 24px;\">\n<td style=\"width: 24.277%; height: 10px;\" width=\"125\"><span style=\"font-size: 12pt;\">Valore del pH<\/span><\/td>\n<td style=\"width: 25.114%; height: 10px; text-align: center;\" colspan=\"2\" width=\"125\">5.0 &#8211; 7.5<\/td>\n<td class=\"et3\" style=\"height: 10px; width: 25.1904%;\" width=\"166\" height=\"26\"><\/td>\n<td class=\"et5\" style=\"width: 24.8018%; text-align: center; height: 10px;\" width=\"116\"><\/td>\n<\/tr>\n<tr style=\"height: 24px;\">\n<td style=\"width: 24.277%; height: 10px;\" width=\"125\"><span style=\"font-size: 12pt;\">Materia volatile<\/span><\/td>\n<td style=\"width: 25.114%; height: 10px; text-align: center;\" colspan=\"2\" width=\"125\"><span style=\"font-size: 12pt;\">1% max<\/span><\/td>\n<td class=\"et3\" style=\"height: 10px; width: 25.1904%;\" width=\"166\" height=\"26\"><\/td>\n<td class=\"et5\" style=\"width: 24.8018%; text-align: center; height: 10px;\" width=\"116\"><\/td>\n<\/tr>\n<tr style=\"height: 24px;\">\n<td style=\"width: 24.277%; height: 10px;\" width=\"125\"><\/td>\n<td style=\"width: 25.114%; height: 10px;\" colspan=\"2\"><\/td>\n<td class=\"et3\" style=\"height: 10px; width: 25.1904%;\" width=\"166\" height=\"26\"><\/td>\n<td class=\"et4\" style=\"width: 24.8018%; text-align: center; height: 10px;\"><\/td>\n<\/tr>\n<tr style=\"height: 48px;\">\n<td style=\"width: 99.3832%; background-color: #ababab; height: 10px;\" colspan=\"5\" width=\"125\"><span style=\"font-size: 14pt;\"><strong>Imballaggio<\/strong><\/span><\/td>\n<\/tr>\n<tr style=\"height: 48px;\">\n<td style=\"width: 99.3832%; height: 10px;\" colspan=\"5\" width=\"125\"><span style=\"font-size: 12pt;\">25kgs\/bag\u00a0 \u00a0400kgs\/Pallet<\/span><\/td>\n<\/tr>\n<tr style=\"height: 24px;\">\n<td style=\"width: 99.3832%; height: 10px;\" colspan=\"5\" width=\"125\"><\/td>\n<\/tr>\n<tr style=\"height: 24px;\">\n<td style=\"width: 49.391%; background-color: #ababab; height: 10px;\" colspan=\"3\" width=\"125\"><span style=\"font-size: 14pt;\"><strong>Immagazzinamento<\/strong><\/span><\/td>\n<td style=\"width: 25.1904%; height: 10px;\" width=\"125\"><span style=\"font-size: 14pt;\"><strong>Durata di conservazione<\/strong><\/span><\/td>\n<td style=\"width: 24.8018%; height: 10px;\" width=\"125\"><span style=\"font-size: 12pt;\">5 anni<\/span><\/td>\n<\/tr>\n<tr style=\"height: 24px;\">\n<td style=\"width: 99.3832%; height: 10px;\" colspan=\"5\" width=\"375\"><span style=\"font-size: 12pt;\">Conservare in luogo fresco, asciutto e ventilato.<\/span><\/td>\n<\/tr>\n<tr style=\"height: 24px;\">\n<td style=\"width: 99.3832%; height: 10px;\" colspan=\"5\" width=\"125\"><\/td>\n<\/tr>\n<tr style=\"height: 24px;\">\n<td style=\"width: 99.3832%; background-color: #ababab; height: 10px;\" colspan=\"5\" width=\"125\"><span style=\"font-size: 14pt;\"><strong>TRASPORTI<\/strong><\/span><\/td>\n<\/tr>\n<tr style=\"height: 48px;\">\n<td style=\"width: 99.3832%; height: 10px;\" colspan=\"5\" width=\"375\"><span style=\"font-size: 12pt;\">Evitare l'inversione, la luce solare, l'umidit\u00e0 e gli urti. Evitare di danneggiare la confezione.<\/span><\/td>\n<\/tr>\n<\/tbody>\n<\/table>\n<ul>\n<li>Solidit\u00e0 alla luce: La solidit\u00e0 alla luce \u00e8 valutata su una scala da 1 a 8 Blue Wool, dove 1 = \u2018Scarso\u2019 e 8 = \u2018Eccellente\u2019.<\/li>\n<li>Stabilit\u00e0 al calore: i valori di stabilit\u00e0 al calore indicati indicano la temperatura massima alla quale il pigmento pu\u00f2 essere mantenuto per 10 minuti in ombra e in riduzione senza subire variazioni significative della tonalit\u00e0.<\/li>\n<li>Assorbimento di olio: L'assorbimento di olio \u00e8 determinato sulla base della norma EN ISO 787-5 e indicato in g di olio di lino per 100 g di pigmento.<\/li>\n<li>Sanguinamento con solventi: Il sanguinamento nei solventi viene testato utilizzando i gradi di polvere e la valutazione visiva viene data su una scala da 1 a 5 grigi.<br \/>\ndove 1 = \u2018Forte sanguinamento\u2019 e 5 = \u2018Nessun sanguinamento\u201d.\u201d<\/li>\n<\/ul>\n<p>Disclaimer - Le informazioni fornite in questa scheda tecnica si basano sullo stato attuale delle nostre conoscenze e sono intese come una descrizione generale dei nostri prodotti e delle loro possibili applicazioni. A causa della molteplicit\u00e0 delle formulazioni, delle condizioni di produzione e di applicazione, tutti i dati sopra riportati devono essere adattati alle circostanze del trasformatore. Da questo fatto non possono derivare responsabilit\u00e0, comprese quelle relative ai diritti di brevetto, per i singoli casi. Non si pu\u00f2 escludere che questo prodotto contenga particelle &lt; 0,1 \u03bcm. Ogni utilizzatore di questo prodotto \u00e8 responsabile di determinare l&#039;idoneit\u00e0 dei prodotti Sudarshan per la sua particolare applicazione e di garantire il rispetto di tutti i diritti di propriet\u00e0 e delle leggi e normative esistenti.<\/p>","protected":false},"excerpt":{"rendered":"<p>C.I.NO.: PY83<\/p>\n<p>Vantaggi: Buona brillantezza, bassa viscosit\u00e0<\/p>\n<p>Applicazione principale consigliata: Inchiostri a base di solventi<\/p>","protected":false},"featured_media":3318,"template":"","meta":[],"product_brand":[],"product_cat":[15,61,75,95,63,91,76],"product_tag":[],"class_list":{"0":"post-3317","1":"product","2":"type-product","3":"status-publish","4":"has-post-thumbnail","6":"product_cat-organic-pigments","7":"product_cat-pigments-for-coatings-paints","8":"product_cat-pigments-for-offset-inks","9":"product_cat-pigments-for-powder-coatings","10":"product_cat-pigments-for-printing-inks","11":"product_cat-pigments-for-solvent-based-coatings","12":"product_cat-pigments-for-sovlent-based-inks","14":"first","15":"instock","16":"shipping-taxable","17":"product-type-simple"},"_links":{"self":[{"href":"https:\/\/www.honorpigment.com\/it\/wp-json\/wp\/v2\/product\/3317","targetHints":{"allow":["GET"]}}],"collection":[{"href":"https:\/\/www.honorpigment.com\/it\/wp-json\/wp\/v2\/product"}],"about":[{"href":"https:\/\/www.honorpigment.com\/it\/wp-json\/wp\/v2\/types\/product"}],"version-history":[{"count":0,"href":"https:\/\/www.honorpigment.com\/it\/wp-json\/wp\/v2\/product\/3317\/revisions"}],"wp:featuredmedia":[{"embeddable":true,"href":"https:\/\/www.honorpigment.com\/it\/wp-json\/wp\/v2\/media\/3318"}],"wp:attachment":[{"href":"https:\/\/www.honorpigment.com\/it\/wp-json\/wp\/v2\/media?parent=3317"}],"wp:term":[{"taxonomy":"product_brand","embeddable":true,"href":"https:\/\/www.honorpigment.com\/it\/wp-json\/wp\/v2\/product_brand?post=3317"},{"taxonomy":"product_cat","embeddable":true,"href":"https:\/\/www.honorpigment.com\/it\/wp-json\/wp\/v2\/product_cat?post=3317"},{"taxonomy":"product_tag","embeddable":true,"href":"https:\/\/www.honorpigment.com\/it\/wp-json\/wp\/v2\/product_tag?post=3317"}],"curies":[{"name":"wp","href":"https:\/\/api.w.org\/{rel}","templated":true}]}}