{"id":2994,"date":"2025-08-23T10:46:18","date_gmt":"2025-08-23T02:46:18","guid":{"rendered":"http:\/\/www.honorpigments.com\/?post_type=product&#038;p=2994"},"modified":"2026-04-13T23:32:05","modified_gmt":"2026-04-13T15:32:05","slug":"hp-yellow-1680-pigment-yellow-83","status":"publish","type":"product","link":"https:\/\/www.honorpigment.com\/it\/prodotto\/hp-yellow-1680-pigment-yellow-83\/","title":{"rendered":"PIGMENT YELLOW 83\/ HP YELLOW 1680"},"content":{"rendered":"<h3><strong>Product Description &#8211; PY83<\/strong><\/h3>\n<p align=\"left\">HP YELLOW 1680 (Pigment Yellow 83) transparency type and hemi-trans type, yellow HR02<br \/>\nIt possesses excellent fastness properties, which make it almost universally applicable. It provides a reddish yellow hue, which is considerably more reddish than that of P.Y.13 and at the same time very strong. It is the standard pigment within the reddish yellow range. It shows good to very good resistance to most solvents which are typically found in application media. It shows excellent lightfastness, even in methylmethacrylate or unsaturated polyester cast resins. The pigment does not affect the hardening of the latter. It is also used to an appreciable extent in plastics. Because of its good solvent resistance, migration is no problem in plasticized PVC even at low pigment levels; it does not bleed or bloom. HP YELLOW 1680 (Pigment Yellow 83) is characterized by its remarkable versatility and strong performance in various applications. This pigment ensures consistent coloration and stability across a range of mediums, reinforcing its status as a preferred choice for manufacturers. Furthermore, its compatibility with different formulations enhances its usability, making it an essential component in industries such as coatings, plastics, and inks. Its superior fastness properties not only ensure longevity but also maintain the integrity of the final product, even under challenging conditions.<\/p>\n<h3><strong>Applicazione consigliata<\/strong><strong>\uff1a<\/strong><\/h3>\n<p>Coatings: architectural coatings, coil coatings, industrial paints, powder coatings,<br \/>\nplastics: PVC, rubber, PS, PP, PE, PU,<br \/>\nPrinting inks: offset inks, wWWWater$1sed inks, solvent inks, UV inks, printing pastes<\/p>\n<h3><strong>Dati tecnici:<\/strong><\/h3>\n<table style=\"height: 260px;width: 95%;border-color: #050505\" width=\"95%\">\n<tbody>\n<tr style=\"height: 28px\">\n<td style=\"width: 99.5585%;background-color: #ababab;height: 10px\" colspan=\"5\" width=\"125\"><span style=\"font-size: 14pt\"><strong>Informazioni sul prodotto<\/strong><\/span><\/td>\n<\/tr>\n<tr style=\"height: 24px\">\n<td style=\"width: 24.277%;height: 10px\" width=\"125\"><span style=\"font-size: 12pt\">Tipo chimico<\/span><\/td>\n<td style=\"width: 25.114%;height: 10px;text-align: center\" colspan=\"2\" width=\"125\"><span style=\"font-size: 12pt\">Disazo<\/span><\/td>\n<td style=\"width: 25.1904%;height: 10px\" width=\"125\"><span style=\"font-size: 12pt\">CAS NO.<\/span><\/td>\n<td style=\"width: 24.9771%;height: 10px;text-align: center\" width=\"125\"><span style=\"font-size: 12pt\">5567-15-7<\/span><\/td>\n<\/tr>\n<tr style=\"height: 48px\">\n<td style=\"width: 24.277%;height: 10px\" width=\"125\"><span style=\"font-size: 12pt\">C. I. Nome<\/span><\/td>\n<td style=\"width: 25.114%;height: 10px;text-align: center\" colspan=\"2\" width=\"125\"><span style=\"font-size: 12pt\">Pigment Yellow 83<\/span><\/td>\n<td style=\"width: 25.1904%;height: 10px\" width=\"125\"><span style=\"font-size: 12pt\">EINECS \/ ELINCS N.<\/span><\/td>\n<td style=\"width: 24.9771%;height: 10px;text-align: center\" width=\"125\"><span style=\"font-size: 12pt\">226-939-8<\/span><\/td>\n<\/tr>\n<tr style=\"height: 48px\">\n<td style=\"width: 24.277%;height: 10px\" width=\"125\"><span style=\"font-size: 12pt\">C. I. Costituzione n.<\/span><\/td>\n<td style=\"width: 25.114%;height: 10px;text-align: center\" colspan=\"2\" width=\"125\"><span style=\"font-size: 12pt\">21108<\/span><\/td>\n<td style=\"width: 25.1904%;height: 10px\" width=\"125\"><span style=\"font-size: 12pt\">Formula chimica<\/span><\/td>\n<td style=\"width: 24.9771%;height: 10px;text-align: center\" width=\"125\"><span style=\"font-size: 12pt\">C36H32Cl4N6O8<\/span><\/td>\n<\/tr>\n<tr style=\"height: 24px\">\n<td style=\"width: 99.5585%;height: 10px\" colspan=\"5\" width=\"125\"><\/td>\n<\/tr>\n<tr style=\"height: 28px\">\n<td style=\"width: 99.5585%;background-color: #ababab;height: 10px\" colspan=\"5\" width=\"125\"><span style=\"font-size: 14pt\"><strong>Prestazioni tecniche<\/strong><\/span><\/td>\n<\/tr>\n<tr style=\"height: 24px\">\n<td style=\"width: 24.277%;height: 10px\" width=\"125\"><\/td>\n<td style=\"width: 12.4048%;height: 10px;text-align: center\" width=\"125\"><span style=\"font-size: 12pt\">Ombra piena<\/span><\/td>\n<td style=\"width: 12.7092%;height: 10px;text-align: center\" width=\"125\"><span style=\"font-size: 12pt\">Tinta<\/span><\/td>\n<td style=\"width: 25.1904%;height: 10px\" width=\"125\"><\/td>\n<td style=\"width: 24.9771%;height: 10px\" width=\"125\"><\/td>\n<\/tr>\n<tr style=\"height: 48px\">\n<td style=\"width: 24.277%;height: 10px\" width=\"125\"><span style=\"font-size: 12pt\">Resistenza agli agenti atmosferici<\/span><\/td>\n<td style=\"width: 12.4048%;height: 10px;text-align: center\" width=\"125\"><span style=\"font-size: 12pt\">5<\/span><\/td>\n<td style=\"width: 12.7092%;height: 10px;text-align: center\" width=\"125\"><span style=\"font-size: 12pt\">5<\/span><\/td>\n<td style=\"width: 25.1904%;height: 10px\" width=\"125\"><span style=\"font-size: 12pt\">Stabilit\u00e0 al calore \u00b0C<\/span><\/td>\n<td style=\"width: 24.9771%;height: 10px;text-align: center\" width=\"125\"><span style=\"font-size: 12pt\">200\u00b0C<\/span><\/td>\n<\/tr>\n<tr style=\"height: 24px\">\n<td style=\"width: 24.277%;height: 10px\" width=\"125\"><span style=\"font-size: 12pt\">Resistenza alla luce<\/span><\/td>\n<td style=\"width: 12.4048%;height: 10px;text-align: center\" width=\"125\"><span style=\"font-size: 12pt\">8<\/span><\/td>\n<td style=\"width: 12.7092%;height: 10px;text-align: center\" width=\"125\"><span style=\"font-size: 12pt\">8<\/span><\/td>\n<td style=\"width: 25.1904%;height: 10px\" width=\"125\"><\/td>\n<td style=\"width: 24.9771%;height: 10px\" width=\"125\"><\/td>\n<\/tr>\n<tr style=\"height: 24px\">\n<td style=\"width: 99.5585%;height: 10px\" colspan=\"5\" width=\"125\"><\/td>\n<\/tr>\n<tr style=\"height: 24px\">\n<td style=\"width: 99.5585%;background-color: #ababab;height: 10px\" colspan=\"5\" width=\"125\"><span style=\"font-size: 14pt\"><strong>Propriet\u00e0 fisiche<\/strong><\/span><\/td>\n<\/tr>\n<tr style=\"height: 48px\">\n<td style=\"width: 24.277%;height: 10px\" width=\"125\"><span style=\"font-size: 12pt\">Forma fisica<\/span><\/td>\n<td style=\"width: 25.114%;height: 10px;text-align: center\" colspan=\"2\" width=\"125\"><span style=\"font-size: 12pt\">Polvere<\/span><\/td>\n<td style=\"width: 25.1904%;height: 10px\" width=\"125\"><span style=\"font-size: 12pt\">Resistenza all'acido<\/span><\/td>\n<td style=\"width: 24.9771%;height: 10px;text-align: center\" width=\"125\"><span style=\"font-size: 12pt\">5<\/span><\/td>\n<\/tr>\n<tr style=\"height: 48px\">\n<td style=\"width: 24.277%;height: 10px\" width=\"125\"><span style=\"font-size: 12pt\">Densit\u00e0 specifica (g\/cm3):<\/span><\/td>\n<td style=\"width: 25.114%;height: 10px;text-align: center\" colspan=\"2\" width=\"125\"><span style=\"font-size: 12pt\">1.50 \u00b1 0.1<\/span><\/td>\n<td style=\"width: 25.1904%;height: 10px\" width=\"125\"><span style=\"font-size: 12pt\">Resistenza agli alcali<\/span><\/td>\n<td style=\"width: 24.9771%;height: 10px;text-align: center\" width=\"125\"><span style=\"font-size: 12pt\">5<\/span><\/td>\n<\/tr>\n<tr style=\"height: 48px\">\n<td style=\"width: 24.277%;height: 10px\" width=\"125\"><span style=\"font-size: 12pt\">Superficie specifica (\u33a1\/g):<\/span><\/td>\n<td style=\"width: 25.114%;height: 10px;text-align: center\" colspan=\"2\" width=\"125\"><span style=\"font-size: 12pt\">60<\/span><\/td>\n<td style=\"width: 25.1904%;height: 10px\" width=\"125\"><\/td>\n<td style=\"width: 24.9771%;height: 10px\" width=\"125\"><\/td>\n<\/tr>\n<tr style=\"height: 24px\">\n<td style=\"width: 24.277%;height: 10px\" width=\"125\"><span style=\"font-size: 12pt\">Assorbimento dell'olio<\/span><\/td>\n<td style=\"width: 25.114%;height: 10px;text-align: center\" colspan=\"2\" width=\"125\"><span style=\"font-size: 12pt\">70<\/span><\/td>\n<td style=\"width: 25.1904%;height: 10px\" width=\"125\"><\/td>\n<td style=\"width: 24.9771%;height: 10px\" width=\"125\"><\/td>\n<\/tr>\n<tr style=\"height: 24px\">\n<td style=\"width: 24.277%;height: 10px\" width=\"125\"><span style=\"font-size: 12pt\">Valore del pH<\/span><\/td>\n<td style=\"width: 25.114%;height: 10px;text-align: center\" colspan=\"2\" width=\"125\"><span style=\"font-size: 12pt\">5.0 \u2013 7.5<\/span><\/td>\n<td style=\"width: 25.1904%;height: 10px\" width=\"125\"><\/td>\n<td style=\"width: 24.9771%;height: 10px\" width=\"125\"><\/td>\n<\/tr>\n<tr style=\"height: 24px\">\n<td style=\"width: 24.277%;height: 10px\" width=\"125\"><span style=\"font-size: 12pt\">Materia volatile<\/span><\/td>\n<td style=\"width: 25.114%;height: 10px;text-align: center\" colspan=\"2\" width=\"125\"><span style=\"font-size: 12pt\">1% max<\/span><\/td>\n<td style=\"width: 25.1904%;height: 10px\" width=\"125\"><\/td>\n<td style=\"width: 24.9771%;height: 10px\" width=\"125\"><\/td>\n<\/tr>\n<tr style=\"height: 24px\">\n<td style=\"width: 99.5585%;height: 10px\" colspan=\"5\" width=\"125\"><\/td>\n<\/tr>\n<tr style=\"height: 48px\">\n<td style=\"width: 99.5585%;background-color: #ababab;height: 10px\" colspan=\"5\" width=\"125\"><span style=\"font-size: 14pt\"><strong>Imballaggio<\/strong><\/span><\/td>\n<\/tr>\n<tr style=\"height: 48px\">\n<td style=\"width: 99.5585%;height: 10px\" colspan=\"5\" width=\"125\"><span style=\"font-size: 12pt\">25kgs\/bag\u00a0\u00a0 400kgs\/Pallet<\/span><\/td>\n<\/tr>\n<tr style=\"height: 24px\">\n<td style=\"width: 99.5585%;height: 10px\" colspan=\"5\" width=\"125\"><\/td>\n<\/tr>\n<tr style=\"height: 24px\">\n<td style=\"width: 49.391%;background-color: #ababab;height: 10px\" colspan=\"3\" width=\"125\"><span style=\"font-size: 14pt\"><strong>Immagazzinamento<\/strong><\/span><\/td>\n<td style=\"width: 25.1904%;height: 10px\" width=\"125\"><span style=\"font-size: 14pt\"><strong>Durata di conservazione<\/strong><\/span><\/td>\n<td style=\"width: 24.9771%;height: 10px\" width=\"125\"><span style=\"font-size: 12pt\">5 anni<\/span><\/td>\n<\/tr>\n<tr style=\"height: 24px\">\n<td style=\"width: 99.5585%;height: 10px\" colspan=\"5\" width=\"375\"><span style=\"font-size: 12pt\">Conservare in luogo fresco, asciutto e ventilato.<\/span><\/td>\n<\/tr>\n<tr style=\"height: 24px\">\n<td style=\"width: 99.5585%;height: 10px\" colspan=\"5\" width=\"125\"><\/td>\n<\/tr>\n<tr style=\"height: 24px\">\n<td style=\"width: 99.5585%;background-color: #ababab;height: 10px\" colspan=\"5\" width=\"125\"><span style=\"font-size: 14pt\"><strong>TRASPORTI<\/strong><\/span><\/td>\n<\/tr>\n<tr style=\"height: 48px\">\n<td style=\"width: 99.5585%;height: 10px\" colspan=\"5\" width=\"375\"><span style=\"font-size: 12pt\">Evitare l'inversione, la luce solare, l'umidit\u00e0 e gli urti. Evitare di danneggiare la confezione.<\/span><\/td>\n<\/tr>\n<\/tbody>\n<\/table>\n<ul>\n<li>Solidit\u00e0 alla luce: La solidit\u00e0 alla luce \u00e8 valutata su una scala da 1 a 8 Blue Wool, dove 1 = \u2018Scarso\u2019 e 8 = \u2018Eccellente\u2019.<\/li>\n<li>Stabilit\u00e0 al calore: i valori di stabilit\u00e0 al calore indicati indicano la temperatura massima alla quale il pigmento pu\u00f2 essere mantenuto per 10 minuti in ombra e in riduzione senza subire variazioni significative della tonalit\u00e0.<\/li>\n<li>Assorbimento di olio: L'assorbimento di olio \u00e8 determinato sulla base della norma EN ISO 787-5 e indicato in g di olio di lino per 100 g di pigmento.<\/li>\n<li>Sanguinamento con solventi: Il sanguinamento nei solventi viene testato utilizzando i gradi di polvere e la valutazione visiva viene data su una scala da 1 a 5 grigi.<br \/>\ndove 1 = \u2018Forte sanguinamento\u2019 e 5 = \u2018Nessun sanguinamento\u201d.\u201d<\/li>\n<\/ul>\n<p>Disclaimer \u2013 The information given in this data sheet is based on the present state of our knowledge &amp; is intended as a general description of our products &amp; their possible applications. Due to the multitude of formulations, production &amp; application conditions, all the above mentioned data have to be adjusted to the circumstances of the processor. No liabilities, including those for patent rights, can be derived from this fact for individual cases. It cannot be ruled out that this product contains particles &lt; 0.1 \u03bcm. Any user of this product is responsible for determining the suitability of Honor Pigments\u2019s products for its particular application &amp; to ensure that any proprietary rights &amp; existing laws &amp; legislation are observed.<\/p>\n<div class=\"honor-product-overview\" style=\"margin-top:40px;border-top:2px solid #f6c405;padding-top:30px\">\n<h3>Why Choose Honor Pigments?<\/h3>\n<ul>\n<li>\ud83c\udf0d <strong>Global Export Expertise<\/strong> \u2014 Trusted by customers in 40+ countries for consistent quality and reliable supply<\/li>\n<li>\u2705 <strong>Strict Quality Control<\/strong> \u2014 ISO 9001 certified with batch-to-batch consistency and zero-defect policy<\/li>\n<li>\ud83d\udcb0 <strong>OEM Production Advantage<\/strong> \u2014 Competitive pricing without compromising pigment performance<\/li>\n<li>\ud83e\uddea <strong>Technical Support<\/strong> \u2014 Free color matching, formulation advice and sample testing before bulk order<\/li>\n<\/ul>\n<div style=\"background:#f8f9fa;padding:20px;border-left:4px solid #f6c405;margin:20px 0\">\n<p><strong>\ud83d\udce9 Need more details?<\/strong><\/p>\n<p>Request TDS, SDS, or a free sample for testing.<\/p>\n<\/div>\n<\/div>","protected":false},"excerpt":{"rendered":"<p>C.I.NO.: PY83<\/p>\n<p>Advantage:\u00a0 Perfect fastness, high color strength<\/p>\n<p>Main Application Recommended: Industrial Coatings &amp; Paints<\/p>","protected":false},"featured_media":3064,"template":"","meta":[],"product_brand":[],"product_cat":[15,61,72,73,71],"product_tag":[350],"class_list":{"0":"post-2994","1":"product","2":"type-product","3":"status-publish","4":"has-post-thumbnail","6":"product_cat-organic-pigments","7":"product_cat-pigments-for-coatings-paints","8":"product_cat-pigments-for-coil-coatings","9":"product_cat-pigments-for-industrial-coatings","10":"product_cat-pigments-for-wood-coatings","11":"product_tag-py83","12":"stm_brands-honor-pigments","14":"first","15":"instock","16":"shipping-taxable","17":"product-type-variable"},"_links":{"self":[{"href":"https:\/\/www.honorpigment.com\/it\/wp-json\/wp\/v2\/product\/2994","targetHints":{"allow":["GET"]}}],"collection":[{"href":"https:\/\/www.honorpigment.com\/it\/wp-json\/wp\/v2\/product"}],"about":[{"href":"https:\/\/www.honorpigment.com\/it\/wp-json\/wp\/v2\/types\/product"}],"version-history":[{"count":6,"href":"https:\/\/www.honorpigment.com\/it\/wp-json\/wp\/v2\/product\/2994\/revisions"}],"predecessor-version":[{"id":8896,"href":"https:\/\/www.honorpigment.com\/it\/wp-json\/wp\/v2\/product\/2994\/revisions\/8896"}],"wp:featuredmedia":[{"embeddable":true,"href":"https:\/\/www.honorpigment.com\/it\/wp-json\/wp\/v2\/media\/3064"}],"wp:attachment":[{"href":"https:\/\/www.honorpigment.com\/it\/wp-json\/wp\/v2\/media?parent=2994"}],"wp:term":[{"taxonomy":"product_brand","embeddable":true,"href":"https:\/\/www.honorpigment.com\/it\/wp-json\/wp\/v2\/product_brand?post=2994"},{"taxonomy":"product_cat","embeddable":true,"href":"https:\/\/www.honorpigment.com\/it\/wp-json\/wp\/v2\/product_cat?post=2994"},{"taxonomy":"product_tag","embeddable":true,"href":"https:\/\/www.honorpigment.com\/it\/wp-json\/wp\/v2\/product_tag?post=2994"}],"curies":[{"name":"wp","href":"https:\/\/api.w.org\/{rel}","templated":true}]}}