{"id":3747,"date":"2025-09-25T15:22:42","date_gmt":"2025-09-25T07:22:42","guid":{"rendered":"https:\/\/www.honorpigments.com\/?post_type=product&#038;p=3747"},"modified":"2026-05-02T16:40:11","modified_gmt":"2026-05-02T08:40:11","slug":"molybdate-red-412h-pigment-red-104","status":"publish","type":"product","link":"https:\/\/www.honorpigment.com\/ga\/product\/molybdate-red-412h-pigment-red-104\/","title":{"rendered":"DATHAD DEarg 104\/ MOILBHD\u00c1IT DEarg 412H"},"content":{"rendered":"<h2><strong>Product Description &#8211; PR104<\/strong><\/h2>\n<p>MOLYBDATE RED 412H (PIGMENT RED 104) offers bright red to orange hues with high tinting strength and strong hiding power. It features excellent resistance to solvents, water, and wax, along with good lightfastness and easy dispersion in coatings, plastics, and inks. Additionally, it provides cost-effectiveness and maintains stability in moderate-temperature applications.<\/p>\n<h2><strong>Feidhmchl\u00e1r Molta<\/strong><\/h2>\n<p>Coatings: auto paints, high-quality baking finishes<br \/>\nPlastics: PE, PP, PC, PBT, PVC, PU, POM, PS, PET, EVA, ABS<\/p>\n<h2><strong>Technical Data<\/strong><\/h2>\n<table style=\"height: 338px;width: 95%;border-color: #050505\" width=\"95%\">\n<tbody>\n<tr style=\"height: 28px\">\n<td style=\"width: 98.7823%;background-color: #ababab;height: 10px\" colspan=\"5\" width=\"125\"><span style=\"font-size: 14pt\"><strong>Eolas an T\u00e1irge<\/strong><\/span><\/td>\n<\/tr>\n<tr style=\"height: 24px\">\n<td style=\"width: 24.277%;height: 10px\" width=\"125\"><span style=\"font-size: 12pt\">Cine\u00e1l Ceimiceach<\/span><\/td>\n<td style=\"width: 25.114%;height: 10px;text-align: center\" colspan=\"2\" width=\"125\"><\/td>\n<td style=\"width: 25.1904%;height: 10px\" width=\"125\"><span style=\"font-size: 12pt\">Uimh. CAS.<\/span><\/td>\n<td class=\"et3\" style=\"height: 10px;width: 24.2009%;text-align: center\" width=\"148\" height=\"26\">12656-85-8<\/td>\n<\/tr>\n<tr style=\"height: 48px\">\n<td style=\"width: 24.277%;height: 10px\" width=\"125\"><span style=\"font-size: 12pt\">C. Ainm<\/span><\/td>\n<td style=\"width: 25.114%;height: 10px;text-align: center\" colspan=\"2\" width=\"125\">Pigment Red 104<\/td>\n<td style=\"width: 25.1904%;height: 10px\" width=\"125\"><span style=\"font-size: 12pt\">Uimh. EINECS \/ ELINCS.<\/span><\/td>\n<td class=\"et2\" style=\"height: 10px;width: 24.2009%;text-align: center\" height=\"26\">235-759-9<\/td>\n<\/tr>\n<tr style=\"height: 48px\">\n<td style=\"width: 24.277%;height: 10px\" width=\"125\"><span style=\"font-size: 12pt\">C. A. Bunreacht Uimh.<\/span><\/td>\n<td style=\"width: 25.114%;height: 10px;text-align: center\" colspan=\"2\" width=\"125\">77605<\/td>\n<td style=\"width: 25.1904%;height: 10px\" width=\"125\"><span style=\"font-size: 12pt\">Foirmle Cheimiceach<\/span><\/td>\n<td class=\"et5\" style=\"height: 10px;width: 24.2009%;text-align: center\" width=\"148\" height=\"53\"><\/td>\n<\/tr>\n<tr style=\"height: 24px\">\n<td style=\"width: 98.7823%;height: 10px\" colspan=\"5\" width=\"125\"><\/td>\n<\/tr>\n<tr style=\"height: 28px\">\n<td style=\"width: 98.7823%;background-color: #ababab;height: 10px\" colspan=\"5\" width=\"125\"><span style=\"font-size: 14pt\"><strong>Feidhm\u00edocht Theicni\u00fail<\/strong><\/span><\/td>\n<\/tr>\n<tr style=\"height: 24px\">\n<td style=\"width: 24.277%;height: 10px\" width=\"125\"><\/td>\n<td style=\"width: 12.4048%;height: 10px;text-align: center\" width=\"125\"><span style=\"font-size: 12pt\">L\u00e1nsc\u00e1th<\/span><\/td>\n<td style=\"width: 12.7092%;height: 10px;text-align: center\" width=\"125\"><span style=\"font-size: 12pt\">Dath\u00fa<\/span><\/td>\n<td style=\"width: 25.1904%;height: 10px\" width=\"125\"><\/td>\n<td style=\"width: 24.2009%;height: 10px\" width=\"125\"><\/td>\n<\/tr>\n<tr style=\"height: 48px\">\n<td style=\"width: 24.277%;height: 10px\" width=\"125\"><span style=\"font-size: 12pt\">Frithsheasmhacht in aghaidh na haimsire<\/span><\/td>\n<td class=\"et3\" style=\"height: 10px;width: 12.4048%;text-align: center\" width=\"148\" height=\"26\">5<\/td>\n<td class=\"et4\" style=\"width: 12.7092%;height: 10px;text-align: center\" width=\"113\">5<\/td>\n<td style=\"width: 25.1904%;height: 10px\" width=\"125\">Heat resistance(\u2103)<\/td>\n<td style=\"width: 24.2009%;height: 10px;text-align: center\" width=\"125\">200\u2103<\/td>\n<\/tr>\n<tr style=\"height: 24px\">\n<td style=\"width: 24.277%;height: 10px\" width=\"125\"><span style=\"font-size: 12pt\">Seasmhacht an tSolais<\/span><\/td>\n<td class=\"et5\" style=\"height: 10px;width: 12.4048%;text-align: center\" height=\"26\">4-5<\/td>\n<td class=\"et4\" style=\"width: 12.7092%;height: 10px;text-align: center\">4-5<\/td>\n<td style=\"width: 25.1904%;height: 10px\" width=\"125\"><\/td>\n<td style=\"width: 24.2009%;height: 10px\" width=\"125\"><\/td>\n<\/tr>\n<tr style=\"height: 24px\">\n<td style=\"width: 98.7823%;height: 10px\" colspan=\"5\" width=\"125\"><\/td>\n<\/tr>\n<tr style=\"height: 24px\">\n<td style=\"width: 98.7823%;background-color: #ababab;height: 10px\" colspan=\"5\" width=\"125\"><span style=\"font-size: 14pt\"><strong>Air\u00edonna Fisiceacha<\/strong><\/span><\/td>\n<\/tr>\n<tr style=\"height: 48px\">\n<td style=\"width: 24.277%;height: 10px\" width=\"125\"><span style=\"font-size: 12pt\">Foirm Fhisici\u00fail<\/span><\/td>\n<td style=\"width: 25.114%;height: 10px;text-align: center\" colspan=\"2\" width=\"125\"><span style=\"font-size: 12pt\">P\u00fadar<\/span><\/td>\n<td class=\"et2\" style=\"height: 10px;width: 25.1904%\" width=\"139\" height=\"21\">Frithsheasmhacht in aghaidh uisce<\/td>\n<td class=\"et2\" style=\"height: 10px;width: 24.2009%;text-align: center\" width=\"157\" height=\"21\">5<\/td>\n<\/tr>\n<tr style=\"height: 18px\">\n<td style=\"width: 24.277%;height: 18px\" width=\"139\">Neart(%)<\/td>\n<td style=\"width: 25.114%;text-align: center;height: 18px\" colspan=\"2\" width=\"148\">100\u00b13<\/td>\n<td class=\"et2\" style=\"height: 18px;width: 25.1904%\" width=\"139\" height=\"21\">Frithsheasmhacht in aghaidh aig\u00e9id<\/td>\n<td class=\"et2\" style=\"height: 18px;width: 24.2009%;text-align: center\" width=\"157\" height=\"21\">3<\/td>\n<\/tr>\n<tr style=\"height: 24px\">\n<td style=\"width: 24.277%;height: 24px\" width=\"139\">Water (%)\u00a0\u2264<\/td>\n<td style=\"width: 25.114%;text-align: center;height: 24px\" colspan=\"2\" width=\"148\">1<\/td>\n<td class=\"et2\" style=\"height: 24px;width: 25.1904%\" width=\"139\" height=\"21\">Frithsheasmhacht in aghaidh alcaile<\/td>\n<td class=\"et2\" style=\"height: 24px;width: 24.2009%;text-align: center\" width=\"157\" height=\"21\">3<\/td>\n<\/tr>\n<tr style=\"height: 24px\">\n<td style=\"width: 24.277%;height: 24px\" width=\"139\">Water Soluble (%)\u00a0\u2264<\/td>\n<td style=\"width: 25.114%;text-align: center;height: 24px\" colspan=\"2\" width=\"148\">1<\/td>\n<td class=\"et2\" style=\"height: 24px;width: 25.1904%\" width=\"139\" height=\"21\">Frithsheasmhacht in aghaidh an Alcoile<\/td>\n<td class=\"et2\" style=\"height: 24px;width: 24.2009%;text-align: center\" width=\"157\" height=\"21\">5<\/td>\n<\/tr>\n<tr style=\"height: 24px\">\n<td style=\"width: 24.277%;height: 24px\" width=\"139\">Residure (325 mesh)\u00a0\u2264<\/td>\n<td style=\"width: 25.114%;text-align: center;height: 24px\" colspan=\"2\" width=\"148\">0.3<\/td>\n<td class=\"et2\" style=\"height: 24px;width: 25.1904%\" width=\"139\" height=\"21\">Dl\u00fas (mg\/100g)<\/td>\n<td class=\"et2\" style=\"height: 24px;width: 24.2009%;text-align: center\" width=\"157\" height=\"21\">5.20-5.80<\/td>\n<\/tr>\n<tr style=\"height: 24px\">\n<td style=\"width: 24.277%;height: 24px\" width=\"139\">Luach pH<\/td>\n<td style=\"width: 25.114%;text-align: center;height: 24px\" colspan=\"2\" width=\"148\">5.0-7.5<\/td>\n<td style=\"width: 25.1904%;height: 24px\" width=\"184\"><\/td>\n<td style=\"width: 24.2009%;height: 24px\" width=\"148\"><\/td>\n<\/tr>\n<tr style=\"height: 24px\">\n<td style=\"width: 24.277%;height: 24px\" width=\"139\">S\u00fa isteach ola(%)\u2264<\/td>\n<td style=\"width: 25.114%;text-align: center;height: 24px\" colspan=\"2\" width=\"148\">22<\/td>\n<td class=\"et2\" style=\"height: 24px;width: 25.1904%\" height=\"26\"><\/td>\n<td class=\"et4\" style=\"width: 24.2009%;text-align: center;height: 24px\"><\/td>\n<\/tr>\n<tr style=\"height: 48px\">\n<td style=\"width: 98.7823%;background-color: #ababab;height: 10px\" colspan=\"5\" width=\"125\"><span style=\"font-size: 14pt\"><strong>Pac\u00e1isti\u00fa<\/strong><\/span><\/td>\n<\/tr>\n<tr style=\"height: 48px\">\n<td style=\"width: 98.7823%;height: 10px\" colspan=\"5\" width=\"125\">25kg\/m\u00e1la 1000kg\/Paill\u00e9ad<\/td>\n<\/tr>\n<tr style=\"height: 24px\">\n<td style=\"width: 98.7823%;height: 10px\" colspan=\"5\" width=\"125\"><\/td>\n<\/tr>\n<tr style=\"height: 24px\">\n<td style=\"width: 49.391%;background-color: #ababab;height: 10px\" colspan=\"3\" width=\"125\"><span style=\"font-size: 14pt\"><strong>St\u00f3r\u00e1il<\/strong><\/span><\/td>\n<td style=\"width: 25.1904%;height: 10px\" width=\"125\"><span style=\"font-size: 14pt\"><strong>Saol Seilfe<\/strong><\/span><\/td>\n<td style=\"width: 24.2009%;height: 10px\" width=\"125\"><span style=\"font-size: 12pt\">c\u00faig bliana<\/span><\/td>\n<\/tr>\n<tr style=\"height: 24px\">\n<td style=\"width: 98.7823%;height: 10px\" colspan=\"5\" width=\"375\"><span style=\"font-size: 12pt\">Ba ch\u00f3ir \u00e9 a st\u00f3r\u00e1il in \u00e1it fhionnuar, thirim agus aer\u00e1ilte.<\/span><\/td>\n<\/tr>\n<tr style=\"height: 24px\">\n<td style=\"width: 98.7823%;height: 10px\" colspan=\"5\" width=\"125\"><\/td>\n<\/tr>\n<tr style=\"height: 24px\">\n<td style=\"width: 98.7823%;background-color: #ababab;height: 10px\" colspan=\"5\" width=\"125\"><span style=\"font-size: 14pt\"><strong>Iompar<\/strong><\/span><\/td>\n<\/tr>\n<tr style=\"height: 48px\">\n<td style=\"width: 98.7823%;height: 10px\" colspan=\"5\" width=\"375\"><span style=\"font-size: 12pt\">Seachain inbh\u00e9art\u00fa, solas na gr\u00e9ine, taise agus turraing. Seachain dam\u00e1iste don phac\u00e1iste.<\/span><\/td>\n<\/tr>\n<\/tbody>\n<\/table>\n<ul>\n<li>Seasmhacht i gcoinne an tsolais: D\u00e9antar an r\u00e1t\u00e1il seasmhachta i gcoinne an tsolais a mheas ar sc\u00e1la Olann Ghorm \u00f3 1 go 8, \u00e1it a bhfuil 1 = \u2018Go dona\u2019 agus 8 = \u2018Ar fheabhas\u2019.<\/li>\n<li>Cobhsa\u00edocht Teasa: L\u00e9ir\u00edonn na luachanna cobhsa\u00edochta teasa a thugtar an teocht uasta ar f\u00e9idir an l\u00ed a st\u00f3v\u00e1il ag an teocht sin ar feadh 10 n\u00f3im\u00e9ad ar an l\u00e1nsc\u00e1th agus i laghduithe, gan aon athr\u00fa suntasach a theacht ar an sc\u00e1th.<\/li>\n<li>S\u00faiteacht ola: Cinnt\u00edtear an t-ions\u00fa ola bunaithe ar EN ISO 787-5 agus tugtar i ng ola l\u00edn in aghaidh 100 gm de phigment \u00e9.<\/li>\n<li>Sileadh tuaslag\u00f3ra: D\u00e9antar t\u00e1st\u00e1il ar an sileadh i dtuaslag\u00f3ir\u00ed ag \u00fas\u00e1id na ngr\u00e1d p\u00fadair agus an r\u00e1t\u00e1il radhairc a thugtar ar sc\u00e1la liath \u00f3 1 go 5.<br \/>\n\u00e1it a bhfuil 1 = \u2018Sileadh trom\u2019 agus 5 = \u2018Gan sileadh ar bith\u201d<\/li>\n<\/ul>\n<p>Disclaimer \u2013 The information given in this data sheet is based on the present state of our knowledge &amp; is intended as a general description of our products &amp; their possible applications. Due to the multitude of formulations, production &amp; application conditions, all the above mentioned data have to be adjusted to the circumstances of the processor. No liabilities, including those for patent rights, can be derived from this fact for individual cases. It cannot be ruled out that this product contains particles &lt; 0.1 \u03bcm. Any user of this product is responsible for determining the suitability of Honor Pigments\u2019s products for its particular application &amp; to ensure that any proprietary rights &amp; existing laws &amp; legislation are observed.<\/p>\n<div class=\"honor-product-overview\" style=\"margin-top:40px;border-top:2px solid #f6c405;padding-top:30px\">\n<h3>Why Choose Honor Pigments?<\/h3>\n<ul>\n<li>\ud83c\udf0d <strong>Global Export Expertise<\/strong> \u2014 Trusted by customers in 40+ countries for consistent quality and reliable supply<\/li>\n<li>\u2705 <strong>Strict Quality Control<\/strong> \u2014 ISO 9001 certified with batch-to-batch consistency and zero-defect policy<\/li>\n<li>\ud83d\udcb0 <strong>OEM Production Advantage<\/strong> \u2014 Competitive pricing without compromising pigment performance<\/li>\n<li>\ud83e\uddea <strong>Technical Support<\/strong> \u2014 Free color matching, formulation advice and sample testing before bulk order<\/li>\n<\/ul>\n<div style=\"background:#f8f9fa;padding:20px;border-left:4px solid #f6c405;margin:20px 0\">\n<p><strong>\ud83d\udce9 Need more details?<\/strong><\/p>\n<p>Request TDS, SDS, or a free sample for testing.<\/p>\n<\/div>\n<\/div>","protected":false},"excerpt":{"rendered":"<p>C.I.NO.: PR104<\/p>\n<p>Bunt\u00e1iste:<\/p>\n<p>Moltar go pr\u00edomha le h\u00fas\u00e1id i: Plaistigh, Cumhdaigh<\/p>","protected":false},"featured_media":3745,"template":"","meta":{"rank_math_focus_keyword":"PIGMENT RED 104","rank_math_description":"MOLYBDATE RED 412H (PIGMENT RED 104): bright hues, strong resistances, easy dispersion; cost-effective for coatings, plastics, inks with good lightfastness.","rank_math_robots":null,"_rank_math_focus_keyword":"pigment red 104","rank_math_seo_score":"79"},"product_brand":[],"product_cat":[65,57],"product_tag":[],"class_list":{"0":"post-3747","1":"product","2":"type-product","3":"status-publish","4":"has-post-thumbnail","6":"product_cat-chrome-pigments","7":"product_cat-inorganic-pigments","8":"stm_brands-honor-pigments","10":"first","11":"instock","12":"shipping-taxable","13":"product-type-simple"},"_links":{"self":[{"href":"https:\/\/www.honorpigment.com\/ga\/wp-json\/wp\/v2\/product\/3747","targetHints":{"allow":["GET"]}}],"collection":[{"href":"https:\/\/www.honorpigment.com\/ga\/wp-json\/wp\/v2\/product"}],"about":[{"href":"https:\/\/www.honorpigment.com\/ga\/wp-json\/wp\/v2\/types\/product"}],"version-history":[{"count":3,"href":"https:\/\/www.honorpigment.com\/ga\/wp-json\/wp\/v2\/product\/3747\/revisions"}],"predecessor-version":[{"id":8905,"href":"https:\/\/www.honorpigment.com\/ga\/wp-json\/wp\/v2\/product\/3747\/revisions\/8905"}],"wp:featuredmedia":[{"embeddable":true,"href":"https:\/\/www.honorpigment.com\/ga\/wp-json\/wp\/v2\/media\/3745"}],"wp:attachment":[{"href":"https:\/\/www.honorpigment.com\/ga\/wp-json\/wp\/v2\/media?parent=3747"}],"wp:term":[{"taxonomy":"product_brand","embeddable":true,"href":"https:\/\/www.honorpigment.com\/ga\/wp-json\/wp\/v2\/product_brand?post=3747"},{"taxonomy":"product_cat","embeddable":true,"href":"https:\/\/www.honorpigment.com\/ga\/wp-json\/wp\/v2\/product_cat?post=3747"},{"taxonomy":"product_tag","embeddable":true,"href":"https:\/\/www.honorpigment.com\/ga\/wp-json\/wp\/v2\/product_tag?post=3747"}],"curies":[{"name":"wp","href":"https:\/\/api.w.org\/{rel}","templated":true}]}}