{"id":3734,"date":"2025-09-24T15:38:43","date_gmt":"2025-09-24T07:38:43","guid":{"rendered":"https:\/\/www.honorpigments.com\/?post_type=product&#038;p=3734"},"modified":"2026-04-13T23:59:49","modified_gmt":"2026-04-13T15:59:49","slug":"bui-croim-liomoide-202-bui-pigment-34","status":"publish","type":"product","link":"https:\/\/www.honorpigment.com\/ga\/product\/bui-croim-liomoide-202-bui-pigment-34\/","title":{"rendered":"Luaidhe\u00e1n Bu\u00ed 34\/ Bu\u00ed Cr\u00f3im L\u00edom\u00f3ide 202"},"content":{"rendered":"<h2>&gt;<strong>Cur s\u00edos ar an T\u00e1irge \u2013 PY34<\/strong><\/h2>\n<p>&gt;<\/p>\n<p align=\"left\">Is l\u00ed inorg\u00e1nach br\u00edomhar \u00e9 Bu\u00ed Cr\u00f3im L\u00edom\u00f3ide 202 (L\u00cd BU\u00cd 34) a bhfuil neart daite den scoth, cumhacht cheilt ard, agus seasmhacht mhaith i gcoinne an tsolais aige, rud a chinnt\u00edonn cobhsa\u00edocht datha fadt\u00e9armach in fheidhmchl\u00e1ir \u00e9ags\u00fala. T\u00e1 scaiptheacht l\u00e1idir agus friota\u00edocht teasa aige, rud a fh\u00e1gann go bhfuil s\u00e9 comhoiri\u00fanach le p\u00e9inteanna, plaistigh, agus d\u00faigh, agus \u00e9 ag sol\u00e1thar feidhm\u00edochta comhsheasmha\u00ed. Cuireann roinnt gr\u00e1d friota\u00edocht cheimiceach fheabhsaithe agus aimsireacht n\u00edos fearr ar f\u00e1il freisin, rud a chuireann lena il\u00fas\u00e1ideacht le haghaidh \u00fas\u00e1ide tionscla\u00edche.<\/p>\n<h2>&gt;<strong>Feidhmchl\u00e1r Molta<\/strong><strong>\uff1a<\/strong><\/h2>\n<p>&gt;<\/p>\n<p>Cumhdaigh: p\u00e9inteanna tuaslag\u00f3ra, p\u00e9inteanna uisce-bhunaithe, p\u00e9inteanna gluaiste\u00e1in, cumhdaigh thionscla\u00edocha, cumhdaigh ph\u00fadair, cumhdaigh adhmaid, cumhdaigh choil<br \/>\nPlaistigh: PE, PP, PBT, PVC, PET, EVA, ABS<\/p>\n<h2>&gt;<strong>Sonra\u00ed Teicni\u00fala:<\/strong><\/h2>\n<p>&gt;<\/p>\n<table style=\"height: 292px;width: 95%;border-color: #050505\" width=\"95%\">\n<tbody>\n<tr style=\"height: 28px\">\n<td style=\"width: 98.7062%;background-color: #ababab;height: 10px\" colspan=\"5\" width=\"125\"><span style=\"font-size: 14pt\"><strong>Eolas an T\u00e1irge<\/strong><\/span><\/td>\n<\/tr>\n<tr style=\"height: 24px\">\n<td style=\"width: 24.277%;height: 10px\" width=\"125\"><span style=\"font-size: 12pt\">Cine\u00e1l Ceimiceach<\/span><\/td>\n<td style=\"width: 25.114%;height: 10px;text-align: center\" colspan=\"2\" width=\"125\"><\/td>\n<td style=\"width: 25.1904%;height: 10px\" width=\"125\"><span style=\"font-size: 12pt\">Uimh. CAS.<\/span><\/td>\n<td class=\"et3\" style=\"height: 10px;width: 24.1248%;text-align: center\" width=\"148\" height=\"26\">1344-37-2<\/td>\n<\/tr>\n<tr style=\"height: 48px\">\n<td style=\"width: 24.277%;height: 10px\" width=\"125\"><span style=\"font-size: 12pt\">C. Ainm<\/span><\/td>\n<td style=\"width: 25.114%;height: 10px;text-align: center\" colspan=\"2\" width=\"125\">Pigment Bu\u00ed 34<\/td>\n<td style=\"width: 25.1904%;height: 10px\" width=\"125\"><span style=\"font-size: 12pt\">Uimh. EINECS \/ ELINCS.<\/span><\/td>\n<td class=\"et3\" style=\"height: 10px;width: 24.1248%;text-align: center\" width=\"148\" height=\"26\">215-693-7<\/td>\n<\/tr>\n<tr style=\"height: 48px\">\n<td style=\"width: 24.277%;height: 10px\" width=\"125\"><span style=\"font-size: 12pt\">C. A. Bunreacht Uimh.<\/span><\/td>\n<td style=\"width: 25.114%;height: 10px;text-align: center\" colspan=\"2\" width=\"125\">77603<\/td>\n<td style=\"width: 25.1904%;height: 10px\" width=\"125\"><span style=\"font-size: 12pt\">Foirmle Cheimiceach<\/span><\/td>\n<td class=\"et3\" style=\"height: 10px;width: 24.1248%;text-align: center\" width=\"148\" height=\"26\"><\/td>\n<\/tr>\n<tr style=\"height: 24px\">\n<td style=\"width: 98.7062%;height: 10px\" colspan=\"5\" width=\"125\"><\/td>\n<\/tr>\n<tr style=\"height: 28px\">\n<td style=\"width: 98.7062%;background-color: #ababab;height: 10px\" colspan=\"5\" width=\"125\"><span style=\"font-size: 14pt\"><strong>Feidhm\u00edocht Theicni\u00fail<\/strong><\/span><\/td>\n<\/tr>\n<tr style=\"height: 24px\">\n<td style=\"width: 24.277%;height: 10px\" width=\"125\"><\/td>\n<td style=\"width: 12.4048%;height: 10px;text-align: center\" width=\"125\"><span style=\"font-size: 12pt\">L\u00e1nsc\u00e1th<\/span><\/td>\n<td style=\"width: 12.7092%;height: 10px;text-align: center\" width=\"125\"><span style=\"font-size: 12pt\">Dath\u00fa<\/span><\/td>\n<td style=\"width: 25.1904%;height: 10px\" width=\"125\"><\/td>\n<td style=\"width: 24.1248%;height: 10px\" width=\"125\"><\/td>\n<\/tr>\n<tr style=\"height: 48px\">\n<td style=\"width: 24.277%;height: 10px\" width=\"125\"><span style=\"font-size: 12pt\">Frithsheasmhacht in aghaidh na haimsire<\/span><\/td>\n<td class=\"et3\" style=\"height: 10px;width: 12.4048%;text-align: center\" width=\"148\" height=\"26\">4<\/td>\n<td class=\"et4\" style=\"width: 12.7092%;height: 10px;text-align: center\" width=\"113\">4<\/td>\n<td style=\"width: 25.1904%;height: 10px\" width=\"125\"><span style=\"font-size: 12pt\">Cobhsa\u00edocht Teasa \u00b0C<\/span><\/td>\n<td style=\"width: 24.1248%;height: 10px;text-align: center\" width=\"125\"><span style=\"font-size: 12pt\">180\u00b0C<\/span><\/td>\n<\/tr>\n<tr style=\"height: 24px\">\n<td style=\"width: 24.277%;height: 10px\" width=\"125\"><span style=\"font-size: 12pt\">Seasmhacht an tSolais<\/span><\/td>\n<td class=\"et5\" style=\"height: 10px;width: 12.4048%;text-align: center\" height=\"26\">3-4<\/td>\n<td class=\"et4\" style=\"width: 12.7092%;height: 10px;text-align: center\">3-4<\/td>\n<td style=\"width: 25.1904%;height: 10px\" width=\"125\"><\/td>\n<td style=\"width: 24.1248%;height: 10px\" width=\"125\"><\/td>\n<\/tr>\n<tr style=\"height: 24px\">\n<td style=\"width: 98.7062%;height: 10px\" colspan=\"5\" width=\"125\"><\/td>\n<\/tr>\n<tr style=\"height: 24px\">\n<td style=\"width: 98.7062%;background-color: #ababab;height: 10px\" colspan=\"5\" width=\"125\"><span style=\"font-size: 14pt\"><strong>Air\u00edonna Fisiceacha<\/strong><\/span><\/td>\n<\/tr>\n<tr style=\"height: 48px\">\n<td style=\"width: 24.277%;height: 10px\" width=\"125\"><span style=\"font-size: 12pt\">Foirm Fhisici\u00fail<\/span><\/td>\n<td style=\"width: 25.114%;height: 10px;text-align: center\" colspan=\"2\" width=\"125\"><span style=\"font-size: 12pt\">P\u00fadar<\/span><\/td>\n<td class=\"et2\" style=\"height: 10px;width: 25.1904%\" width=\"225\" height=\"18\">Frithsheasmhacht in aghaidh uisce<\/td>\n<td class=\"et2\" style=\"width: 24.1248%;text-align: center;height: 10px\" width=\"284\">5<\/td>\n<\/tr>\n<tr style=\"height: 13px\">\n<td class=\"et2\" style=\"height: 13px;width: 24.277%\" width=\"225\" height=\"18\">Neart(%)<\/td>\n<td style=\"width: 25.114%;text-align: center;height: 13px\" colspan=\"2\" width=\"148\">100\u00b13<\/td>\n<td class=\"et2\" style=\"height: 13px;width: 25.1904%\" height=\"18\">Frithsheasmhacht in aghaidh aig\u00e9id<\/td>\n<td class=\"et2\" style=\"width: 24.1248%;text-align: center;height: 13px\">2-3<\/td>\n<\/tr>\n<tr style=\"height: 13px\">\n<td class=\"et2\" style=\"height: 13px;width: 24.277%\" height=\"18\">Uisce (%) \u2264<\/td>\n<td style=\"width: 25.114%;text-align: center;height: 13px\" colspan=\"2\" width=\"148\">1<\/td>\n<td class=\"et2\" style=\"height: 13px;width: 25.1904%\" height=\"18\">Frithsheasmhacht in aghaidh alcaile<\/td>\n<td class=\"et2\" style=\"width: 24.1248%;text-align: center;height: 13px\">2-3<\/td>\n<\/tr>\n<tr style=\"height: 13px\">\n<td class=\"et2\" style=\"height: 13px;width: 24.277%\" height=\"18\">Inscuabtha san Uisce (%) \u2264<\/td>\n<td style=\"width: 25.114%;text-align: center;height: 13px\" colspan=\"2\" width=\"148\">1<\/td>\n<td class=\"et2\" style=\"height: 13px;width: 25.1904%\" height=\"18\">Frithsheasmhacht in aghaidh an Alcoile<\/td>\n<td class=\"et2\" style=\"width: 24.1248%;text-align: center;height: 13px\">5<\/td>\n<\/tr>\n<tr style=\"height: 27px\">\n<td class=\"et2\" style=\"height: 27px;width: 24.277%\" height=\"37\">Iarmhar (325 measc\u00e1n) \u2264<\/td>\n<td style=\"width: 25.114%;text-align: center;height: 27px\" colspan=\"2\" width=\"148\">0.3<\/td>\n<td class=\"et2\" style=\"height: 27px;width: 25.1904%\" height=\"18\">Dl\u00fas (mg\/100g)<\/td>\n<td class=\"et2\" style=\"width: 24.1248%;text-align: center;height: 27px\">5.50-6.00<\/td>\n<\/tr>\n<tr style=\"height: 13px\">\n<td class=\"et2\" style=\"height: 13px;width: 24.277%\" height=\"18\">Luach pH<\/td>\n<td style=\"width: 25.114%;text-align: center;height: 13px\" colspan=\"2\" width=\"148\">5.0-7.5<\/td>\n<td style=\"width: 25.1904%;height: 13px\" width=\"184\"><\/td>\n<td style=\"width: 24.1248%;height: 13px\" width=\"148\"><\/td>\n<\/tr>\n<tr style=\"height: 13px\">\n<td class=\"et2\" style=\"height: 13px;width: 24.277%\" height=\"18\">S\u00fa isteach ola(%)\u2264<\/td>\n<td style=\"width: 25.114%;text-align: center;height: 13px\" colspan=\"2\" width=\"148\">25<\/td>\n<td class=\"et2\" style=\"height: 13px;width: 25.1904%\" height=\"26\"><\/td>\n<td class=\"et4\" style=\"width: 24.1248%;text-align: center;height: 13px\"><\/td>\n<\/tr>\n<tr style=\"height: 48px\">\n<td style=\"width: 98.7062%;background-color: #ababab;height: 10px\" colspan=\"5\" width=\"125\"><span style=\"font-size: 14pt\"><strong>Pac\u00e1isti\u00fa<\/strong><\/span><\/td>\n<\/tr>\n<tr style=\"height: 48px\">\n<td style=\"width: 98.7062%;height: 10px\" colspan=\"5\" width=\"125\">25kg\/m\u00e1la 1000kg\/Paill\u00e9ad<\/td>\n<\/tr>\n<tr style=\"height: 24px\">\n<td style=\"width: 98.7062%;height: 10px\" colspan=\"5\" width=\"125\"><\/td>\n<\/tr>\n<tr style=\"height: 24px\">\n<td style=\"width: 49.391%;background-color: #ababab;height: 10px\" colspan=\"3\" width=\"125\"><span style=\"font-size: 14pt\"><strong>St\u00f3r\u00e1il<\/strong><\/span><\/td>\n<td style=\"width: 25.1904%;height: 10px\" width=\"125\"><span style=\"font-size: 14pt\"><strong>Saol Seilfe<\/strong><\/span><\/td>\n<td style=\"width: 24.1248%;height: 10px\" width=\"125\"><span style=\"font-size: 12pt\">c\u00faig bliana<\/span><\/td>\n<\/tr>\n<tr style=\"height: 24px\">\n<td style=\"width: 98.7062%;height: 10px\" colspan=\"5\" width=\"375\"><span style=\"font-size: 12pt\">Ba ch\u00f3ir \u00e9 a st\u00f3r\u00e1il in \u00e1it fhionnuar, thirim agus aer\u00e1ilte.<\/span><\/td>\n<\/tr>\n<tr style=\"height: 24px\">\n<td style=\"width: 98.7062%;height: 10px\" colspan=\"5\" width=\"125\"><\/td>\n<\/tr>\n<tr style=\"height: 24px\">\n<td style=\"width: 98.7062%;background-color: #ababab;height: 10px\" colspan=\"5\" width=\"125\"><span style=\"font-size: 14pt\"><strong>Iompar<\/strong><\/span><\/td>\n<\/tr>\n<tr style=\"height: 48px\">\n<td style=\"width: 98.7062%;height: 10px\" colspan=\"5\" width=\"375\"><span style=\"font-size: 12pt\">Seachain inbh\u00e9art\u00fa, solas na gr\u00e9ine, taise agus turraing. Seachain dam\u00e1iste don phac\u00e1iste.<\/span><\/td>\n<\/tr>\n<\/tbody>\n<\/table>\n<ul>\n<li>Seasmhacht i gcoinne an tsolais: D\u00e9antar an r\u00e1t\u00e1il seasmhachta i gcoinne an tsolais a mheas ar sc\u00e1la Olann Ghorm \u00f3 1 go 8, \u00e1it a bhfuil 1 = \u2018Go dona\u2019 agus 8 = \u2018Ar fheabhas\u2019.<\/li>\n<li>Cobhsa\u00edocht Teasa: L\u00e9ir\u00edonn na luachanna cobhsa\u00edochta teasa a thugtar an teocht uasta ar f\u00e9idir an l\u00ed a st\u00f3v\u00e1il ag an teocht sin ar feadh 10 n\u00f3im\u00e9ad ar an l\u00e1nsc\u00e1th agus i laghduithe, gan aon athr\u00fa suntasach a theacht ar an sc\u00e1th.<\/li>\n<li>S\u00faiteacht ola: Cinnt\u00edtear an t-ions\u00fa ola bunaithe ar EN ISO 787-5 agus tugtar i ng ola l\u00edn in aghaidh 100 gm de phigment \u00e9.<\/li>\n<li>Sileadh tuaslag\u00f3ra: D\u00e9antar t\u00e1st\u00e1il ar an sileadh i dtuaslag\u00f3ir\u00ed ag \u00fas\u00e1id na ngr\u00e1d p\u00fadair agus an r\u00e1t\u00e1il radhairc a thugtar ar sc\u00e1la liath \u00f3 1 go 5.<br \/>\n\u00e1it a bhfuil 1 = \u2018Sileadh trom\u2019 agus 5 = \u2018Gan sileadh ar bith\u201d<\/li>\n<\/ul>\n<p>Disclaimer \u2013 The information given in this data sheet is based on the present state of our knowledge &amp; is intended as a general description of our products &amp; their possible applications. Due to the multitude of formulations, production &amp; application conditions, all the above mentioned data have to be adjusted to the circumstances of the processor. No liabilities, including those for patent rights, can be derived from this fact for individual cases. It cannot be ruled out that this product contains particles &lt; 0.1 \u03bcm. Any user of this product is responsible for determining the suitability of Honor Pigments\u2019s products for its particular application &amp; to ensure that any proprietary rights &amp; existing laws &amp; legislation are observed.<\/p>\n<div class=\"honor-product-overview\" style=\"margin-top:40px;border-top:2px solid #f6c405;padding-top:30px\">\n<h3>Why Choose Honor Pigments?<\/h3>\n<ul>\n<li>\ud83c\udf0d <strong>Global Export Expertise<\/strong> \u2014 Trusted by customers in 40+ countries for consistent quality and reliable supply<\/li>\n<li>\u2705 <strong>Strict Quality Control<\/strong> \u2014 ISO 9001 certified with batch-to-batch consistency and zero-defect policy<\/li>\n<li>\ud83d\udcb0 <strong>OEM Production Advantage<\/strong> \u2014 Competitive pricing without compromising pigment performance<\/li>\n<li>\ud83e\uddea <strong>Technical Support<\/strong> \u2014 Free color matching, formulation advice and sample testing before bulk order<\/li>\n<\/ul>\n<div style=\"background:#f8f9fa;padding:20px;border-left:4px solid #f6c405;margin:20px 0\">\n<p><strong>\ud83d\udce9 Need more details?<\/strong><\/p>\n<p>Request TDS, SDS, or a free sample for testing.<\/p>\n<\/div>\n<\/div>","protected":false},"excerpt":{"rendered":"<p>C.I.NO.: PY34<\/p>\n<p>Bunt\u00e1iste:<\/p>\n<p>Moltar go pr\u00edomha le h\u00fas\u00e1id i: Plaistigh, Cumhdaigh<\/p>","protected":false},"featured_media":3735,"template":"","meta":[],"product_brand":[],"product_cat":[65,57],"product_tag":[370],"class_list":{"0":"post-3734","1":"product","2":"type-product","3":"status-publish","4":"has-post-thumbnail","6":"product_cat-chrome-pigments","7":"product_cat-inorganic-pigments","8":"product_tag-lemon-chrome-yellow","9":"stm_brands-honor-pigments","11":"first","12":"instock","13":"shipping-taxable","14":"product-type-simple"},"_links":{"self":[{"href":"https:\/\/www.honorpigment.com\/ga\/wp-json\/wp\/v2\/product\/3734","targetHints":{"allow":["GET"]}}],"collection":[{"href":"https:\/\/www.honorpigment.com\/ga\/wp-json\/wp\/v2\/product"}],"about":[{"href":"https:\/\/www.honorpigment.com\/ga\/wp-json\/wp\/v2\/types\/product"}],"version-history":[{"count":4,"href":"https:\/\/www.honorpigment.com\/ga\/wp-json\/wp\/v2\/product\/3734\/revisions"}],"predecessor-version":[{"id":8917,"href":"https:\/\/www.honorpigment.com\/ga\/wp-json\/wp\/v2\/product\/3734\/revisions\/8917"}],"wp:featuredmedia":[{"embeddable":true,"href":"https:\/\/www.honorpigment.com\/ga\/wp-json\/wp\/v2\/media\/3735"}],"wp:attachment":[{"href":"https:\/\/www.honorpigment.com\/ga\/wp-json\/wp\/v2\/media?parent=3734"}],"wp:term":[{"taxonomy":"product_brand","embeddable":true,"href":"https:\/\/www.honorpigment.com\/ga\/wp-json\/wp\/v2\/product_brand?post=3734"},{"taxonomy":"product_cat","embeddable":true,"href":"https:\/\/www.honorpigment.com\/ga\/wp-json\/wp\/v2\/product_cat?post=3734"},{"taxonomy":"product_tag","embeddable":true,"href":"https:\/\/www.honorpigment.com\/ga\/wp-json\/wp\/v2\/product_tag?post=3734"}],"curies":[{"name":"wp","href":"https:\/\/api.w.org\/{rel}","templated":true}]}}