{"id":3434,"date":"2025-09-09T16:44:24","date_gmt":"2025-09-09T08:44:24","guid":{"rendered":"https:\/\/www.honorpigments.com\/?post_type=product&#038;p=3434"},"modified":"2026-05-02T20:47:18","modified_gmt":"2026-05-02T12:47:18","slug":"hp-blue-4415-pigment-blue-1","status":"publish","type":"product","link":"https:\/\/www.honorpigment.com\/ga\/product\/hp-blue-4415-pigment-blue-1\/","title":{"rendered":"PIGMENT BLUE 1\/ HP BLUE 4415"},"content":{"rendered":"<h3><strong>Product Description &#8211; PB1<\/strong><\/h3>\n<p>HP BLUE 4415 (PIGMENT BLUE 1) offers clean reddish shades of blue and is largely as fast as other types of pigments within the same class but unstable in polar solvents like alcohols, ketones, and esters. It is widely used in special printing inks, easily incorporated into oily binders for letterpress and offset inks, and commonly used in gravure and packaging printing inks.<\/p>\n<h3><strong>Feidhmchl\u00e1r Molta<\/strong><strong>\uff1a<\/strong><\/h3>\n<p>Printing inks: offset inks, water based inks,<\/p>\n<h3><strong>Sonra\u00ed Teicni\u00fala:<\/strong><\/h3>\n<table style=\"height: 260px;width: 95%;border-color: #050505\" width=\"95%\">\n<tbody>\n<tr style=\"height: 28px\">\n<td style=\"width: 98.6301%;background-color: #ababab;height: 10px\" colspan=\"5\" width=\"125\"><span style=\"font-size: 14pt\"><strong>Eolas an T\u00e1irge<\/strong><\/span><\/td>\n<\/tr>\n<tr style=\"height: 24px\">\n<td style=\"width: 24.277%;height: 10px\" width=\"125\"><span style=\"font-size: 12pt\">Cine\u00e1l Ceimiceach<\/span><\/td>\n<td style=\"width: 25.114%;height: 10px;text-align: center\" colspan=\"2\" width=\"125\">Triphenylmethane Lake<\/td>\n<td style=\"width: 25.1904%;height: 10px\" width=\"125\"><span style=\"font-size: 12pt\">Uimh. CAS.<\/span><\/td>\n<td class=\"et3\" style=\"height: 19.95pt;width: 24.0487%;text-align: center\" width=\"148\" height=\"26\">1325-87-7<\/td>\n<\/tr>\n<tr style=\"height: 48px\">\n<td style=\"width: 24.277%;height: 10px\" width=\"125\"><span style=\"font-size: 12pt\">C. Ainm<\/span><\/td>\n<td style=\"width: 25.114%;height: 10px;text-align: center\" colspan=\"2\" width=\"125\">Pigment Blue 1<\/td>\n<td style=\"width: 25.1904%;height: 10px\" width=\"125\"><span style=\"font-size: 12pt\">Uimh. EINECS \/ ELINCS.<\/span><\/td>\n<td class=\"et3\" style=\"height: 19.95pt;width: 24.0487%;text-align: center\" width=\"148\" height=\"26\">215-410-7<\/td>\n<\/tr>\n<tr style=\"height: 48px\">\n<td style=\"width: 24.277%;height: 10px\" width=\"125\"><span style=\"font-size: 12pt\">C. A. Bunreacht Uimh.<\/span><\/td>\n<td style=\"width: 25.114%;height: 10px;text-align: center\" colspan=\"2\" width=\"125\">42595:2<\/td>\n<td style=\"width: 25.1904%;height: 10px\" width=\"125\"><span style=\"font-size: 12pt\">Foirmle Cheimiceach<\/span><\/td>\n<td style=\"width: 24.0487%;text-align: center\" width=\"148\"><span class=\"mord\"><span class=\"mord mathnormal\">C<\/span><span class=\"msupsub\"><span class=\"vlist-t vlist-t2\"><span class=\"vlist-r\"><span class=\"vlist\"><span class=\"sizing reset-size6 size3 mtight\"><span class=\"mord mtight\">33<\/span><\/span><\/span><span class=\"vlist-s\">\u200b<\/span><\/span><\/span><\/span><\/span><span class=\"mord\"><span class=\"mord mathnormal\">H<\/span><span class=\"msupsub\"><span class=\"vlist-t vlist-t2\"><span class=\"vlist-r\"><span class=\"vlist\"><span class=\"sizing reset-size6 size3 mtight\"><span class=\"mord mtight\">40<\/span><\/span><\/span><span class=\"vlist-s\">\u200b<\/span><\/span><\/span><\/span><\/span><span class=\"mord\"><span class=\"mord mathnormal\">N<\/span><span class=\"msupsub\"><span class=\"vlist-t vlist-t2\"><span class=\"vlist-r\"><span class=\"vlist\"><span class=\"sizing reset-size6 size3 mtight\"><span class=\"mord mtight\">3<\/span><\/span><span class=\"sizing reset-size6 size3 mtight\"><span class=\"mord mtight\">+<\/span><\/span><\/span><\/span><\/span><\/span><\/span><\/td>\n<\/tr>\n<tr style=\"height: 24px\">\n<td style=\"width: 98.6301%;height: 10px\" colspan=\"5\" width=\"125\"><\/td>\n<\/tr>\n<tr style=\"height: 28px\">\n<td style=\"width: 98.6301%;background-color: #ababab;height: 10px\" colspan=\"5\" width=\"125\"><span style=\"font-size: 14pt\"><strong>Feidhm\u00edocht Theicni\u00fail<\/strong><\/span><\/td>\n<\/tr>\n<tr style=\"height: 24px\">\n<td style=\"width: 24.277%;height: 10px\" width=\"125\"><\/td>\n<td style=\"width: 12.4048%;height: 10px;text-align: center\" width=\"125\"><span style=\"font-size: 12pt\">L\u00e1nsc\u00e1th<\/span><\/td>\n<td style=\"width: 12.7092%;height: 10px;text-align: center\" width=\"125\"><span style=\"font-size: 12pt\">Dath\u00fa<\/span><\/td>\n<td style=\"width: 25.1904%;height: 10px\" width=\"125\"><\/td>\n<td style=\"width: 24.0487%;height: 10px\" width=\"125\"><\/td>\n<\/tr>\n<tr style=\"height: 48px\">\n<td style=\"width: 24.277%;height: 10px\" width=\"125\"><span style=\"font-size: 12pt\">Frithsheasmhacht in aghaidh na haimsire<\/span><\/td>\n<td class=\"et3\" style=\"height: 19.95pt;width: 12.4048%;text-align: center\" width=\"148\" height=\"26\">5<\/td>\n<td class=\"et4\" style=\"width: 12.7092%;text-align: center\" width=\"76\">4<\/td>\n<td style=\"width: 25.1904%;height: 10px\" width=\"125\"><span style=\"font-size: 12pt\">Cobhsa\u00edocht Teasa \u00b0C<\/span><\/td>\n<td style=\"width: 24.0487%;height: 10px;text-align: center\" width=\"125\"><span style=\"font-size: 12pt\">160\u00b0C<\/span><\/td>\n<\/tr>\n<tr style=\"height: 24px\">\n<td style=\"width: 24.277%;height: 10px\" width=\"125\"><span style=\"font-size: 12pt\">Seasmhacht an tSolais<\/span><\/td>\n<td class=\"et4\" style=\"height: 19.95pt;width: 12.4048%;text-align: center\" height=\"26\">5<\/td>\n<td class=\"et4\" style=\"width: 12.7092%;text-align: center\">4<\/td>\n<td style=\"width: 25.1904%;height: 10px\" width=\"125\"><\/td>\n<td style=\"width: 24.0487%;height: 10px\" width=\"125\"><\/td>\n<\/tr>\n<tr style=\"height: 24px\">\n<td style=\"width: 98.6301%;height: 10px\" colspan=\"5\" width=\"125\"><\/td>\n<\/tr>\n<tr style=\"height: 24px\">\n<td style=\"width: 98.6301%;background-color: #ababab;height: 10px\" colspan=\"5\" width=\"125\"><span style=\"font-size: 14pt\"><strong>Air\u00edonna Fisiceacha<\/strong><\/span><\/td>\n<\/tr>\n<tr style=\"height: 48px\">\n<td style=\"width: 24.277%;height: 10px\" width=\"125\"><span style=\"font-size: 12pt\">Foirm Fhisici\u00fail<\/span><\/td>\n<td style=\"width: 25.114%;height: 10px;text-align: center\" colspan=\"2\" width=\"125\"><span style=\"font-size: 12pt\">P\u00fadar<\/span><\/td>\n<td class=\"et3\" style=\"height: 19.95pt;width: 25.1904%\" width=\"166\" height=\"26\"><span class=\"font1\">Bleeding in Xylene<\/span><\/td>\n<td class=\"et4\" style=\"width: 24.0487%;text-align: center\" width=\"148\">4<\/td>\n<\/tr>\n<tr style=\"height: 48px\">\n<td style=\"width: 24.277%;height: 10px\" width=\"125\"><span style=\"font-size: 12pt\">Dl\u00fas Sonrach (g\/cm3):<\/span><\/td>\n<td style=\"width: 25.114%;height: 10px;text-align: center\" colspan=\"2\" width=\"125\">1.70 \u00b1 0.1<\/td>\n<td class=\"et3\" style=\"height: 19.95pt;width: 25.1904%\" width=\"166\" height=\"26\"><span class=\"font1\">Frithsheasmhacht in aghaidh aig\u00e9id<\/span><\/td>\n<td class=\"et4\" style=\"width: 24.0487%;text-align: center\">5<\/td>\n<\/tr>\n<tr style=\"height: 48px\">\n<td style=\"width: 24.277%;height: 10px\" width=\"125\"><span style=\"font-size: 12pt\">Dromchla Saini\u00fail (m\u00b2\/g):<\/span><\/td>\n<td style=\"width: 25.114%;height: 10px;text-align: center\" colspan=\"2\" width=\"125\">14-15<\/td>\n<td class=\"et3\" style=\"height: 19.95pt;width: 25.1904%\" width=\"166\" height=\"26\"><span class=\"font1\">Frithsheasmhacht in aghaidh alcaile<\/span><\/td>\n<td class=\"et4\" style=\"width: 24.0487%;text-align: center\">4<\/td>\n<\/tr>\n<tr style=\"height: 24px\">\n<td style=\"width: 24.277%;height: 10px\" width=\"125\"><span style=\"font-size: 12pt\">S\u00fa isteach ola<\/span><\/td>\n<td style=\"width: 25.114%;height: 10px;text-align: center\" colspan=\"2\" width=\"125\">45 \u00b1 5<\/td>\n<td class=\"et3\" style=\"height: 19.95pt;width: 25.1904%\" width=\"166\" height=\"26\">Resistance to Oil<\/td>\n<td class=\"et4\" style=\"width: 24.0487%;text-align: center\">4<\/td>\n<\/tr>\n<tr style=\"height: 24px\">\n<td style=\"width: 24.277%;height: 10px\" width=\"125\"><span style=\"font-size: 12pt\">Luach pH<\/span><\/td>\n<td style=\"width: 25.114%;height: 10px;text-align: center\" colspan=\"2\" width=\"125\">6.0<\/td>\n<td class=\"et3\" style=\"height: 19.95pt;width: 25.1904%\" width=\"166\" height=\"26\"><\/td>\n<td class=\"et4\" style=\"width: 24.0487%;text-align: center\"><\/td>\n<\/tr>\n<tr style=\"height: 24px\">\n<td style=\"width: 24.277%;height: 10px\" width=\"125\"><span style=\"font-size: 12pt\">\u00c1bhar Luaineach<\/span><\/td>\n<td style=\"width: 25.114%;height: 10px;text-align: center\" colspan=\"2\" width=\"125\"><span style=\"font-size: 12pt\">1% uasmh\u00e9id<\/span><\/td>\n<td class=\"et3\" style=\"height: 19.95pt;width: 25.1904%\" width=\"166\" height=\"26\"><\/td>\n<td class=\"et4\" style=\"width: 24.0487%;text-align: center\"><\/td>\n<\/tr>\n<tr style=\"height: 24px\">\n<td style=\"width: 24.277%;height: 10px\" width=\"125\"><\/td>\n<td style=\"width: 25.114%;height: 10px\" colspan=\"2\"><\/td>\n<td class=\"et3\" style=\"height: 19.95pt;width: 25.1904%\" width=\"166\" height=\"26\"><\/td>\n<td class=\"et4\" style=\"width: 24.0487%;text-align: center\"><\/td>\n<\/tr>\n<tr style=\"height: 48px\">\n<td style=\"width: 98.6301%;background-color: #ababab;height: 10px\" colspan=\"5\" width=\"125\"><span style=\"font-size: 14pt\"><strong>Pac\u00e1isti\u00fa<\/strong><\/span><\/td>\n<\/tr>\n<tr style=\"height: 48px\">\n<td style=\"width: 98.6301%;height: 10px\" colspan=\"5\" width=\"125\">25kgs\/bag 400kgs\/Pallet<\/td>\n<\/tr>\n<tr style=\"height: 24px\">\n<td style=\"width: 98.6301%;height: 10px\" colspan=\"5\" width=\"125\"><\/td>\n<\/tr>\n<tr style=\"height: 24px\">\n<td style=\"width: 49.391%;background-color: #ababab;height: 10px\" colspan=\"3\" width=\"125\"><span style=\"font-size: 14pt\"><strong>St\u00f3r\u00e1il<\/strong><\/span><\/td>\n<td style=\"width: 25.1904%;height: 10px\" width=\"125\"><span style=\"font-size: 14pt\"><strong>Saol Seilfe<\/strong><\/span><\/td>\n<td style=\"width: 24.0487%;height: 10px\" width=\"125\"><span style=\"font-size: 12pt\">c\u00faig bliana<\/span><\/td>\n<\/tr>\n<tr style=\"height: 24px\">\n<td style=\"width: 98.6301%;height: 10px\" colspan=\"5\" width=\"375\"><span style=\"font-size: 12pt\">Ba ch\u00f3ir \u00e9 a st\u00f3r\u00e1il in \u00e1it fhionnuar, thirim agus aer\u00e1ilte.<\/span><\/td>\n<\/tr>\n<tr style=\"height: 24px\">\n<td style=\"width: 98.6301%;height: 10px\" colspan=\"5\" width=\"125\"><\/td>\n<\/tr>\n<tr style=\"height: 24px\">\n<td style=\"width: 98.6301%;background-color: #ababab;height: 10px\" colspan=\"5\" width=\"125\"><span style=\"font-size: 14pt\"><strong>Iompar<\/strong><\/span><\/td>\n<\/tr>\n<tr style=\"height: 48px\">\n<td style=\"width: 98.6301%;height: 10px\" colspan=\"5\" width=\"375\"><span style=\"font-size: 12pt\">Seachain inbh\u00e9art\u00fa, solas na gr\u00e9ine, taise agus turraing. Seachain dam\u00e1iste don phac\u00e1iste.<\/span><\/td>\n<\/tr>\n<\/tbody>\n<\/table>\n<ul>\n<li>Seasmhacht i gcoinne an tsolais: D\u00e9antar an r\u00e1t\u00e1il seasmhachta i gcoinne an tsolais a mheas ar sc\u00e1la Olann Ghorm \u00f3 1 go 8, \u00e1it a bhfuil 1 = \u2018Go dona\u2019 agus 8 = \u2018Ar fheabhas\u2019.<\/li>\n<li>Cobhsa\u00edocht Teasa: L\u00e9ir\u00edonn na luachanna cobhsa\u00edochta teasa a thugtar an teocht uasta ar f\u00e9idir an l\u00ed a st\u00f3v\u00e1il ag an teocht sin ar feadh 10 n\u00f3im\u00e9ad ar an l\u00e1nsc\u00e1th agus i laghduithe, gan aon athr\u00fa suntasach a theacht ar an sc\u00e1th.<\/li>\n<li>S\u00faiteacht ola: Cinnt\u00edtear an t-ions\u00fa ola bunaithe ar EN ISO 787-5 agus tugtar i ng ola l\u00edn in aghaidh 100 gm de phigment \u00e9.<\/li>\n<li>Sileadh tuaslag\u00f3ra: D\u00e9antar t\u00e1st\u00e1il ar an sileadh i dtuaslag\u00f3ir\u00ed ag \u00fas\u00e1id na ngr\u00e1d p\u00fadair agus an r\u00e1t\u00e1il radhairc a thugtar ar sc\u00e1la liath \u00f3 1 go 5.<br \/>\n\u00e1it a bhfuil 1 = \u2018Sileadh trom\u2019 agus 5 = \u2018Gan sileadh ar bith\u201d<\/li>\n<\/ul>\n<p>Disclaimer \u2013 The information given in this data sheet is based on the present state of our knowledge &amp; is intended as a general description of our products &amp; their possible applications. Due to the multitude of formulations, production &amp; application conditions, all the above mentioned data have to be adjusted to the circumstances of the processor. No liabilities, including those for patent rights, can be derived from this fact for individual cases. It cannot be ruled out that this product contains particles &lt; 0.1 \u03bcm. Any user of this product is responsible for determining the suitability of Honor Pigments\u2019s products for its particular application &amp; to ensure that any proprietary rights &amp; existing laws &amp; legislation are observed.<\/p>\n<div class=\"honor-product-overview\" style=\"margin-top:40px;border-top:2px solid #f6c405;padding-top:30px\">\n<h3>Why Choose Honor Pigments?<\/h3>\n<ul>\n<li>\ud83c\udf0d <strong>Global Export Expertise<\/strong> \u2014 Trusted by customers in 40+ countries for consistent quality and reliable supply<\/li>\n<li>\u2705 <strong>Strict Quality Control<\/strong> \u2014 ISO 9001 certified with batch-to-batch consistency and zero-defect policy<\/li>\n<li>\ud83d\udcb0 <strong>OEM Production Advantage<\/strong> \u2014 Competitive pricing without compromising pigment performance<\/li>\n<li>\ud83e\uddea <strong>Technical Support<\/strong> \u2014 Free color matching, formulation advice and sample testing before bulk order<\/li>\n<\/ul>\n<div style=\"background:#f8f9fa;padding:20px;border-left:4px solid #f6c405;margin:20px 0\">\n<p><strong>\ud83d\udce9 Need more details?<\/strong><\/p>\n<p>Request TDS, SDS, or a free sample for testing.<\/p>\n<\/div>\n<\/div>","protected":false},"excerpt":{"rendered":"<p>C.I.NO.: PB1<\/p>\n<p>Advantage: Fresh color<\/p>\n<h3><strong>Application<\/strong><strong>\uff1a<\/strong><\/h3>\n<p>Applications: offset inks, water based inks,<\/p>\n<p>Main Application Recommended: Offset inks, Toners<\/p>","protected":false},"featured_media":3765,"template":"","meta":{"rank_math_focus_keyword":"PIGMENT BLUE 1, pigment blue 1","rank_math_description":"HP BLUE 4415 (PB1): Reddish blue, class-fast; unstable in polar solvents\u2014suits special, letterpress\/offset\/gravure\/packaging inks.","rank_math_robots":null,"_rank_math_focus_keyword":"pigment blue 1","rank_math_seo_score":"77"},"product_brand":[],"product_cat":[15,75,63,77],"product_tag":[434,440,442,446],"class_list":{"0":"post-3434","1":"product","2":"type-product","3":"status-publish","4":"has-post-thumbnail","6":"product_cat-organic-pigments","7":"product_cat-pigments-for-offset-inks","8":"product_cat-pigments-for-printing-inks","9":"product_cat-pigments-for-water-based-inks","10":"product_tag-organic-pigments","11":"product_tag-pigments-for-offset-inks","12":"product_tag-pigments-for-printing-inks","13":"product_tag-pigments-for-water-based-inks","14":"stm_brands-honor-pigments","16":"first","17":"instock","18":"shipping-taxable","19":"product-type-simple"},"_links":{"self":[{"href":"https:\/\/www.honorpigment.com\/ga\/wp-json\/wp\/v2\/product\/3434","targetHints":{"allow":["GET"]}}],"collection":[{"href":"https:\/\/www.honorpigment.com\/ga\/wp-json\/wp\/v2\/product"}],"about":[{"href":"https:\/\/www.honorpigment.com\/ga\/wp-json\/wp\/v2\/types\/product"}],"version-history":[{"count":2,"href":"https:\/\/www.honorpigment.com\/ga\/wp-json\/wp\/v2\/product\/3434\/revisions"}],"predecessor-version":[{"id":8788,"href":"https:\/\/www.honorpigment.com\/ga\/wp-json\/wp\/v2\/product\/3434\/revisions\/8788"}],"wp:featuredmedia":[{"embeddable":true,"href":"https:\/\/www.honorpigment.com\/ga\/wp-json\/wp\/v2\/media\/3765"}],"wp:attachment":[{"href":"https:\/\/www.honorpigment.com\/ga\/wp-json\/wp\/v2\/media?parent=3434"}],"wp:term":[{"taxonomy":"product_brand","embeddable":true,"href":"https:\/\/www.honorpigment.com\/ga\/wp-json\/wp\/v2\/product_brand?post=3434"},{"taxonomy":"product_cat","embeddable":true,"href":"https:\/\/www.honorpigment.com\/ga\/wp-json\/wp\/v2\/product_cat?post=3434"},{"taxonomy":"product_tag","embeddable":true,"href":"https:\/\/www.honorpigment.com\/ga\/wp-json\/wp\/v2\/product_tag?post=3434"}],"curies":[{"name":"wp","href":"https:\/\/api.w.org\/{rel}","templated":true}]}}