{"id":3313,"date":"2025-09-01T15:46:04","date_gmt":"2025-09-01T07:46:04","guid":{"rendered":"https:\/\/www.honorpigments.com\/?post_type=product&#038;p=3313"},"modified":"2026-05-02T20:49:20","modified_gmt":"2026-05-02T12:49:20","slug":"hp-yellow-1473-pigment-yellow-74","status":"publish","type":"product","link":"https:\/\/www.honorpigment.com\/ga\/product\/hp-yellow-1473-pigment-yellow-74\/","title":{"rendered":"PIGMENT YELLOW 74\/ HP YELLOW 1473"},"content":{"rendered":"<h3><strong>Product Description &#8211; PY74<\/strong><\/h3>\n<p align=\"left\">HP Yellow 1473 (PIGMENT YELLOW 74) is used primarily in the printing ink and paint industries. It is a greenish shade , transparancy pigment which is a fine particle size and exhibits good flow. It has brilliant and gloss in printing inks.<\/p>\n<h3><strong>Feidhmchl\u00e1r Molta<\/strong><strong>\uff1a<\/strong><\/h3>\n<p>Coatings: solvent based paints, water based paints, industrial coatings, powder coatings<br \/>\nPlastics: PE, PVC, Rubber\/ TPV, SBC, TPO, TPU<br \/>\nPrinting inks: offset inks, solvent based inks, water based inks, toners<\/p>\n<h3><strong>Sonra\u00ed Teicni\u00fala:<\/strong><\/h3>\n<table style=\"height: 260px;width: 95%;border-color: #050505\" width=\"95%\">\n<tbody>\n<tr style=\"height: 28px\">\n<td style=\"width: 99.3832%;background-color: #ababab;height: 10px\" colspan=\"5\" width=\"125\"><span style=\"font-size: 14pt\"><strong>Eolas an T\u00e1irge<\/strong><\/span><\/td>\n<\/tr>\n<tr style=\"height: 24px\">\n<td style=\"width: 24.277%;height: 10px\" width=\"125\"><span style=\"font-size: 12pt\">Cine\u00e1l Ceimiceach<\/span><\/td>\n<td style=\"width: 25.114%;height: 10px;text-align: center\" colspan=\"2\" width=\"125\">MonoAzo<\/td>\n<td style=\"width: 25.1904%;height: 10px\" width=\"125\"><span style=\"font-size: 12pt\">Uimh. CAS.<\/span><\/td>\n<td style=\"width: 24.8018%;text-align: center\" width=\"148\">6358-31-2<\/td>\n<\/tr>\n<tr style=\"height: 48px\">\n<td style=\"width: 24.277%;height: 10px\" width=\"125\"><span style=\"font-size: 12pt\">C. Ainm<\/span><\/td>\n<td style=\"width: 25.114%;height: 10px;text-align: center\" colspan=\"2\" width=\"125\">Pigment Yellow 74<\/td>\n<td style=\"width: 25.1904%;height: 10px\" width=\"125\"><span style=\"font-size: 12pt\">Uimh. EINECS \/ ELINCS.<\/span><\/td>\n<td style=\"width: 24.8018%;text-align: center\" width=\"148\">228-768-4<\/td>\n<\/tr>\n<tr style=\"height: 48px\">\n<td style=\"width: 24.277%;height: 10px\" width=\"125\"><span style=\"font-size: 12pt\">C. A. Bunreacht Uimh.<\/span><\/td>\n<td style=\"width: 25.114%;height: 10px;text-align: center\" colspan=\"2\" width=\"125\">11741<\/td>\n<td style=\"width: 25.1904%;height: 10px\" width=\"125\"><span style=\"font-size: 12pt\">Foirmle Cheimiceach<\/span><\/td>\n<td style=\"width: 24.8018%;text-align: center\" width=\"148\">C18H18N4O6<\/td>\n<\/tr>\n<tr style=\"height: 24px\">\n<td style=\"width: 99.3832%;height: 10px\" colspan=\"5\" width=\"125\"><\/td>\n<\/tr>\n<tr style=\"height: 28px\">\n<td style=\"width: 99.3832%;background-color: #ababab;height: 10px\" colspan=\"5\" width=\"125\"><span style=\"font-size: 14pt\"><strong>Feidhm\u00edocht Theicni\u00fail<\/strong><\/span><\/td>\n<\/tr>\n<tr style=\"height: 24px\">\n<td style=\"width: 24.277%;height: 10px\" width=\"125\"><\/td>\n<td style=\"width: 12.4048%;height: 10px;text-align: center\" width=\"125\"><span style=\"font-size: 12pt\">L\u00e1nsc\u00e1th<\/span><\/td>\n<td style=\"width: 12.7092%;height: 10px;text-align: center\" width=\"125\"><span style=\"font-size: 12pt\">Dath\u00fa<\/span><\/td>\n<td style=\"width: 25.1904%;height: 10px\" width=\"125\"><\/td>\n<td style=\"width: 24.8018%;height: 10px\" width=\"125\"><\/td>\n<\/tr>\n<tr style=\"height: 48px\">\n<td style=\"width: 24.277%;height: 10px\" width=\"125\"><span style=\"font-size: 12pt\">Frithsheasmhacht in aghaidh na haimsire<\/span><\/td>\n<td class=\"et3\" style=\"height: 19.95pt;width: 12.4048%;text-align: center\" width=\"116\" height=\"26\"><span class=\"font1\">4-5<\/span><\/td>\n<td class=\"et4\" style=\"width: 12.7092%;text-align: center\" width=\"110\">4<\/td>\n<td style=\"width: 25.1904%;height: 10px\" width=\"125\"><span style=\"font-size: 12pt\">Cobhsa\u00edocht Teasa \u00b0C<\/span><\/td>\n<td style=\"width: 24.8018%;height: 10px;text-align: center\" width=\"125\"><span style=\"font-size: 12pt\">180\u00b0C<\/span><\/td>\n<\/tr>\n<tr style=\"height: 24px\">\n<td style=\"width: 24.277%;height: 10px\" width=\"125\"><span style=\"font-size: 12pt\">Seasmhacht an tSolais<\/span><\/td>\n<td class=\"et4\" style=\"height: 19.95pt;width: 12.4048%;text-align: center\" height=\"26\">7<\/td>\n<td class=\"et4\" style=\"width: 12.7092%;text-align: center\">7<\/td>\n<td style=\"width: 25.1904%;height: 10px\" width=\"125\"><\/td>\n<td style=\"width: 24.8018%;height: 10px\" width=\"125\"><\/td>\n<\/tr>\n<tr style=\"height: 24px\">\n<td style=\"width: 99.3832%;height: 10px\" colspan=\"5\" width=\"125\"><\/td>\n<\/tr>\n<tr style=\"height: 24px\">\n<td style=\"width: 99.3832%;background-color: #ababab;height: 10px\" colspan=\"5\" width=\"125\"><span style=\"font-size: 14pt\"><strong>Air\u00edonna Fisiceacha<\/strong><\/span><\/td>\n<\/tr>\n<tr style=\"height: 48px\">\n<td style=\"width: 24.277%;height: 10px\" width=\"125\"><span style=\"font-size: 12pt\">Foirm Fhisici\u00fail<\/span><\/td>\n<td style=\"width: 25.114%;height: 10px;text-align: center\" colspan=\"2\" width=\"125\"><span style=\"font-size: 12pt\">P\u00fadar<\/span><\/td>\n<td class=\"et3\" style=\"height: 19.95pt;width: 25.1904%\" width=\"166\" height=\"26\"><span class=\"font1\">Bleeding in Xylene<\/span><\/td>\n<td class=\"et4\" style=\"width: 24.8018%;text-align: center\" width=\"116\">4<\/td>\n<\/tr>\n<tr style=\"height: 48px\">\n<td style=\"width: 24.277%;height: 10px\" width=\"125\"><span style=\"font-size: 12pt\">Dl\u00fas Sonrach (g\/cm3):<\/span><\/td>\n<td style=\"width: 25.114%;height: 10px;text-align: center\" colspan=\"2\" width=\"125\">1.40 \u00b1 0.1<\/td>\n<td class=\"et3\" style=\"height: 19.95pt;width: 25.1904%\" width=\"166\" height=\"26\"><span class=\"font1\">Bleeding in Methyl Ethyl Ketone<\/span><\/td>\n<td class=\"et4\" style=\"width: 24.8018%;text-align: center\">4<\/td>\n<\/tr>\n<tr style=\"height: 48px\">\n<td style=\"width: 24.277%;height: 10px\" width=\"125\"><span style=\"font-size: 12pt\">Dromchla Saini\u00fail (m\u00b2\/g):<\/span><\/td>\n<td style=\"width: 25.114%;height: 10px;text-align: center\" colspan=\"2\" width=\"125\">30-70<\/td>\n<td class=\"et3\" style=\"height: 19.95pt;width: 25.1904%\" width=\"166\" height=\"26\"><span class=\"font1\">Bleeding in Ethyl Acetate<\/span><\/td>\n<td class=\"et5\" style=\"width: 24.8018%;text-align: center\" width=\"116\"><span class=\"font1\">4-5<\/span><\/td>\n<\/tr>\n<tr style=\"height: 24px\">\n<td style=\"width: 24.277%;height: 10px\" width=\"125\"><span style=\"font-size: 12pt\">S\u00fa isteach ola<\/span><\/td>\n<td style=\"width: 25.114%;height: 10px;text-align: center\" colspan=\"2\" width=\"125\">35 \u00b1 10<\/td>\n<td class=\"et3\" style=\"height: 19.95pt;width: 25.1904%\" width=\"166\" height=\"26\"><span class=\"font1\">Bleeding in Cellosolve<\/span><\/td>\n<td class=\"et5\" style=\"width: 24.8018%;text-align: center\" width=\"116\"><span class=\"font1\">4-5<\/span><\/td>\n<\/tr>\n<tr style=\"height: 24px\">\n<td style=\"width: 24.277%;height: 10px\" width=\"125\"><span style=\"font-size: 12pt\">Luach pH<\/span><\/td>\n<td style=\"width: 25.114%;height: 10px;text-align: center\" colspan=\"2\" width=\"125\">5 &#8211; 7.5<\/td>\n<td class=\"et3\" style=\"height: 19.95pt;width: 25.1904%\" width=\"166\" height=\"26\"><span class=\"font1\">Bleeding in Mineral Turpentine<\/span><\/td>\n<td class=\"et5\" style=\"width: 24.8018%;text-align: center\" width=\"116\"><span class=\"font1\">4-5<\/span><\/td>\n<\/tr>\n<tr style=\"height: 24px\">\n<td style=\"width: 24.277%;height: 10px\" width=\"125\"><span style=\"font-size: 12pt\">\u00c1bhar Luaineach<\/span><\/td>\n<td style=\"width: 25.114%;height: 10px;text-align: center\" colspan=\"2\" width=\"125\"><span style=\"font-size: 12pt\">1% uasmh\u00e9id<\/span><\/td>\n<td class=\"et3\" style=\"height: 19.95pt;width: 25.1904%\" width=\"166\" height=\"26\"><span class=\"font1\">Frithsheasmhacht in aghaidh aig\u00e9id<\/span><\/td>\n<td class=\"et5\" style=\"width: 24.8018%;text-align: center\" width=\"116\"><span class=\"font1\">4-5<\/span><\/td>\n<\/tr>\n<tr style=\"height: 24px\">\n<td style=\"width: 24.277%;height: 10px\" width=\"125\"><\/td>\n<td style=\"width: 25.114%;height: 10px\" colspan=\"2\"><\/td>\n<td class=\"et3\" style=\"height: 19.95pt;width: 25.1904%\" width=\"166\" height=\"26\"><span class=\"font1\">Frithsheasmhacht in aghaidh alcaile<\/span><\/td>\n<td class=\"et4\" style=\"width: 24.8018%;text-align: center\">5<\/td>\n<\/tr>\n<tr style=\"height: 48px\">\n<td style=\"width: 99.3832%;background-color: #ababab;height: 10px\" colspan=\"5\" width=\"125\"><span style=\"font-size: 14pt\"><strong>Pac\u00e1isti\u00fa<\/strong><\/span><\/td>\n<\/tr>\n<tr style=\"height: 48px\">\n<td style=\"width: 99.3832%;height: 10px\" colspan=\"5\" width=\"125\"><span style=\"font-size: 12pt\">25kg\/m\u00e1la 400kg\/pail\u00e9ad<\/span><\/td>\n<\/tr>\n<tr style=\"height: 24px\">\n<td style=\"width: 99.3832%;height: 10px\" colspan=\"5\" width=\"125\"><\/td>\n<\/tr>\n<tr style=\"height: 24px\">\n<td style=\"width: 49.391%;background-color: #ababab;height: 10px\" colspan=\"3\" width=\"125\"><span style=\"font-size: 14pt\"><strong>St\u00f3r\u00e1il<\/strong><\/span><\/td>\n<td style=\"width: 25.1904%;height: 10px\" width=\"125\"><span style=\"font-size: 14pt\"><strong>Saol Seilfe<\/strong><\/span><\/td>\n<td style=\"width: 24.8018%;height: 10px\" width=\"125\"><span style=\"font-size: 12pt\">c\u00faig bliana<\/span><\/td>\n<\/tr>\n<tr style=\"height: 24px\">\n<td style=\"width: 99.3832%;height: 10px\" colspan=\"5\" width=\"375\"><span style=\"font-size: 12pt\">Ba ch\u00f3ir \u00e9 a st\u00f3r\u00e1il in \u00e1it fhionnuar, thirim agus aer\u00e1ilte.<\/span><\/td>\n<\/tr>\n<tr style=\"height: 24px\">\n<td style=\"width: 99.3832%;height: 10px\" colspan=\"5\" width=\"125\"><\/td>\n<\/tr>\n<tr style=\"height: 24px\">\n<td style=\"width: 99.3832%;background-color: #ababab;height: 10px\" colspan=\"5\" width=\"125\"><span style=\"font-size: 14pt\"><strong>Iompar<\/strong><\/span><\/td>\n<\/tr>\n<tr style=\"height: 48px\">\n<td style=\"width: 99.3832%;height: 10px\" colspan=\"5\" width=\"375\"><span style=\"font-size: 12pt\">Seachain inbh\u00e9art\u00fa, solas na gr\u00e9ine, taise agus turraing. Seachain dam\u00e1iste don phac\u00e1iste.<\/span><\/td>\n<\/tr>\n<\/tbody>\n<\/table>\n<ul>\n<li>Seasmhacht i gcoinne an tsolais: D\u00e9antar an r\u00e1t\u00e1il seasmhachta i gcoinne an tsolais a mheas ar sc\u00e1la Olann Ghorm \u00f3 1 go 8, \u00e1it a bhfuil 1 = \u2018Go dona\u2019 agus 8 = \u2018Ar fheabhas\u2019.<\/li>\n<li>Cobhsa\u00edocht Teasa: L\u00e9ir\u00edonn na luachanna cobhsa\u00edochta teasa a thugtar an teocht uasta ar f\u00e9idir an l\u00ed a st\u00f3v\u00e1il ag an teocht sin ar feadh 10 n\u00f3im\u00e9ad ar an l\u00e1nsc\u00e1th agus i laghduithe, gan aon athr\u00fa suntasach a theacht ar an sc\u00e1th.<\/li>\n<li>S\u00faiteacht ola: Cinnt\u00edtear an t-ions\u00fa ola bunaithe ar EN ISO 787-5 agus tugtar i ng ola l\u00edn in aghaidh 100 gm de phigment \u00e9.<\/li>\n<li>Sileadh tuaslag\u00f3ra: D\u00e9antar t\u00e1st\u00e1il ar an sileadh i dtuaslag\u00f3ir\u00ed ag \u00fas\u00e1id na ngr\u00e1d p\u00fadair agus an r\u00e1t\u00e1il radhairc a thugtar ar sc\u00e1la liath \u00f3 1 go 5.<br \/>\n\u00e1it a bhfuil 1 = \u2018Sileadh trom\u2019 agus 5 = \u2018Gan sileadh ar bith\u201d<\/li>\n<\/ul>\n<p>Disclaimer \u2013 The information given in this data sheet is based on the present state of our knowledge &amp; is intended as a general description of our products &amp; their possible applications. Due to the multitude of formulations, production &amp; application conditions, all the above mentioned data have to be adjusted to the circumstances of the processor. No liabilities, including those for patent rights, can be derived from this fact for individual cases. It cannot be ruled out that this product contains particles &lt; 0.1 \u03bcm. Any user of this product is responsible for determining the suitability of Honor Pigments\u2019s products for its particular application &amp; to ensure that any proprietary rights &amp; existing laws &amp; legislation are observed.<\/p>\n<div class=\"honor-product-overview\" style=\"margin-top:40px;border-top:2px solid #f6c405;padding-top:30px\">\n<h3>Why Choose Honor Pigments?<\/h3>\n<ul>\n<li>\ud83c\udf0d <strong>Global Export Expertise<\/strong> \u2014 Trusted by customers in 40+ countries for consistent quality and reliable supply<\/li>\n<li>\u2705 <strong>Strict Quality Control<\/strong> \u2014 ISO 9001 certified with batch-to-batch consistency and zero-defect policy<\/li>\n<li>\ud83d\udcb0 <strong>OEM Production Advantage<\/strong> \u2014 Competitive pricing without compromising pigment performance<\/li>\n<li>\ud83e\uddea <strong>Technical Support<\/strong> \u2014 Free color matching, formulation advice and sample testing before bulk order<\/li>\n<\/ul>\n<div style=\"background:#f8f9fa;padding:20px;border-left:4px solid #f6c405;margin:20px 0\">\n<p><strong>\ud83d\udce9 Need more details?<\/strong><\/p>\n<p>Request TDS, SDS, or a free sample for testing.<\/p>\n<\/div>\n<\/div>","protected":false},"excerpt":{"rendered":"<p>C.I.NO.: PY74<\/p>\n<p>Advantage: Transparancy, Low viscosity<\/p>\n<p>Main Application Recommended: Printing inks, Coatings<\/p>","protected":false},"featured_media":3314,"template":"","meta":{"rank_math_focus_keyword":"PIGMENT YELLOW 74","rank_math_description":"HP Yellow 1473 (PIGMENT YELLOW 74): Greenish transparent yellow. Fine particles, good flow\u2014for printing inks\/paints (brilliant gloss).","rank_math_robots":null,"_rank_math_focus_keyword":"pigment yellow 74","rank_math_seo_score":"80"},"product_brand":[],"product_cat":[15,61,73,75,62,63,91,76,92,77],"product_tag":[434,436,438,440,448],"class_list":{"0":"post-3313","1":"product","2":"type-product","3":"status-publish","4":"has-post-thumbnail","6":"product_cat-organic-pigments","7":"product_cat-pigments-for-coatings-paints","8":"product_cat-pigments-for-industrial-coatings","9":"product_cat-pigments-for-offset-inks","10":"product_cat-pigments-for-plasticsampmasterbatch","11":"product_cat-pigments-for-printing-inks","12":"product_cat-pigments-for-solvent-based-coatings","13":"product_cat-pigments-for-sovlent-based-inks","14":"product_cat-pigments-for-water-based-coatings","15":"product_cat-pigments-for-water-based-inks","16":"product_tag-organic-pigments","17":"product_tag-pigments-for-coatingspaints","18":"product_tag-pigments-for-industrial-coatings","19":"product_tag-pigments-for-offset-inks","20":"product_tag-pigments-for-plasticsmasterbatch","21":"stm_brands-honor-pigments","22":"stm_brands-hot-products","24":"first","25":"instock","26":"shipping-taxable","27":"product-type-simple"},"_links":{"self":[{"href":"https:\/\/www.honorpigment.com\/ga\/wp-json\/wp\/v2\/product\/3313","targetHints":{"allow":["GET"]}}],"collection":[{"href":"https:\/\/www.honorpigment.com\/ga\/wp-json\/wp\/v2\/product"}],"about":[{"href":"https:\/\/www.honorpigment.com\/ga\/wp-json\/wp\/v2\/types\/product"}],"version-history":[{"count":2,"href":"https:\/\/www.honorpigment.com\/ga\/wp-json\/wp\/v2\/product\/3313\/revisions"}],"predecessor-version":[{"id":8828,"href":"https:\/\/www.honorpigment.com\/ga\/wp-json\/wp\/v2\/product\/3313\/revisions\/8828"}],"wp:featuredmedia":[{"embeddable":true,"href":"https:\/\/www.honorpigment.com\/ga\/wp-json\/wp\/v2\/media\/3314"}],"wp:attachment":[{"href":"https:\/\/www.honorpigment.com\/ga\/wp-json\/wp\/v2\/media?parent=3313"}],"wp:term":[{"taxonomy":"product_brand","embeddable":true,"href":"https:\/\/www.honorpigment.com\/ga\/wp-json\/wp\/v2\/product_brand?post=3313"},{"taxonomy":"product_cat","embeddable":true,"href":"https:\/\/www.honorpigment.com\/ga\/wp-json\/wp\/v2\/product_cat?post=3313"},{"taxonomy":"product_tag","embeddable":true,"href":"https:\/\/www.honorpigment.com\/ga\/wp-json\/wp\/v2\/product_tag?post=3313"}],"curies":[{"name":"wp","href":"https:\/\/api.w.org\/{rel}","templated":true}]}}