{"id":3269,"date":"2025-08-29T15:38:23","date_gmt":"2025-08-29T07:38:23","guid":{"rendered":"https:\/\/www.honorpigments.com\/?post_type=product&#038;p=3269"},"modified":"2026-04-13T23:31:58","modified_gmt":"2026-04-13T15:31:58","slug":"hp-yellow-1454-pigment-yellow-13","status":"publish","type":"product","link":"https:\/\/www.honorpigment.com\/ga\/product\/hp-yellow-1454-pigment-yellow-13\/","title":{"rendered":"PIGMENT YELLOW 13\/ HP YELLOW 1454"},"content":{"rendered":"<h3 data-rm-block-id=\"block-1\"><strong>Product Description &#8211;<\/strong><\/h3>\n<p dir=\"ltr\" data-pm-slice=\"1 1 []\" data-rm-block-id=\"block-2\">HP Yellow 1454 (Pigment Yellow 13 ) is a vibrant mid-shade diarylide yellow pigment. This cost-effective pigment is characterized by its high color strength, fresh and vivid hue, and excellent gloss. It is widely utilized in high-volume wWWWWWater$1sed ink applications, delivering consistent, high-quality results for vibrant and durable prints, and also used for plastic industries.<\/p>\n<h3 data-rm-block-id=\"block-3\"><strong>Feidhmchl\u00e1r Molta<\/strong><strong>\uff1a<\/strong><\/h3>\n<p data-rm-block-id=\"block-4\">Coatings: industrial paints<br \/>\nplastics: PVC, EVA<br \/>\nPrinting inks: offset inks, wWWWWWater$1sed inks<\/p>\n<h3 data-rm-block-id=\"block-5\"><strong>Sonra\u00ed Teicni\u00fala:<\/strong><\/h3>\n<table style=\"height: 260px;width: 95%;border-color: #050505\" width=\"95%\">\n<tbody>\n<tr style=\"height: 28px\">\n<td style=\"width: 99.5531%;background-color: #ababab;height: 10px\" colspan=\"5\" width=\"125\" data-rm-block-id=\"block-6\"><span style=\"font-size: 14pt\"><strong>Eolas an T\u00e1irge<\/strong><\/span><\/td>\n<\/tr>\n<tr style=\"height: 24px\">\n<td style=\"width: 24.277%;height: 10px\" width=\"125\" data-rm-block-id=\"block-7\"><span style=\"font-size: 12pt\">Cine\u00e1l Ceimiceach<\/span><\/td>\n<td style=\"width: 25.114%;height: 10px;text-align: center\" colspan=\"2\" width=\"125\" data-rm-block-id=\"block-8\">Diarylide<\/td>\n<td style=\"width: 25.1904%;height: 10px\" width=\"125\" data-rm-block-id=\"block-9\"><span style=\"font-size: 12pt\">Uimh. CAS.<\/span><\/td>\n<td class=\"et3\" style=\"height: 19.95pt;width: 24.9717%;text-align: center\" width=\"148\" height=\"26\" data-rm-block-id=\"block-10\">5102-83-0<\/td>\n<\/tr>\n<tr style=\"height: 48px\">\n<td style=\"width: 24.277%;height: 10px\" width=\"125\" data-rm-block-id=\"block-11\"><span style=\"font-size: 12pt\">C. Ainm<\/span><\/td>\n<td style=\"width: 25.114%;height: 10px;text-align: center\" colspan=\"2\" width=\"125\" data-rm-block-id=\"block-12\">Pigment Yellow 13<\/td>\n<td style=\"width: 25.1904%;height: 10px\" width=\"125\" data-rm-block-id=\"block-13\"><span style=\"font-size: 12pt\">Uimh. EINECS \/ ELINCS.<\/span><\/td>\n<td class=\"et3\" style=\"height: 19.95pt;width: 24.9717%;text-align: center\" width=\"148\" height=\"26\" data-rm-block-id=\"block-14\">225-822-9<\/td>\n<\/tr>\n<tr style=\"height: 48px\">\n<td style=\"width: 24.277%;height: 10px\" width=\"125\" data-rm-block-id=\"block-15\"><span style=\"font-size: 12pt\">C. A. Bunreacht Uimh.<\/span><\/td>\n<td style=\"width: 25.114%;height: 10px;text-align: center\" colspan=\"2\" width=\"125\" data-rm-block-id=\"block-16\"><span style=\"font-size: 12pt\">21100<\/span><\/td>\n<td style=\"width: 25.1904%;height: 10px\" width=\"125\" data-rm-block-id=\"block-17\"><span style=\"font-size: 12pt\">Foirmle Cheimiceach<\/span><\/td>\n<td class=\"et3\" style=\"height: 19.95pt;width: 24.9717%;text-align: center\" width=\"148\" height=\"26\" data-rm-block-id=\"block-18\">C36h34Cl2N6O4<\/td>\n<\/tr>\n<tr style=\"height: 24px\">\n<td style=\"width: 99.5531%;height: 10px\" colspan=\"5\" width=\"125\" data-rm-block-id=\"block-19\"><\/td>\n<\/tr>\n<tr style=\"height: 28px\">\n<td style=\"width: 99.5531%;background-color: #ababab;height: 10px\" colspan=\"5\" width=\"125\" data-rm-block-id=\"block-20\"><span style=\"font-size: 14pt\"><strong>Feidhm\u00edocht Theicni\u00fail<\/strong><\/span><\/td>\n<\/tr>\n<tr style=\"height: 24px\">\n<td style=\"width: 24.277%;height: 10px\" width=\"125\" data-rm-block-id=\"block-21\"><\/td>\n<td style=\"width: 12.4048%;height: 10px;text-align: center\" width=\"125\" data-rm-block-id=\"block-22\"><span style=\"font-size: 12pt\">L\u00e1nsc\u00e1th<\/span><\/td>\n<td style=\"width: 12.7092%;height: 10px;text-align: center\" width=\"125\" data-rm-block-id=\"block-23\"><span style=\"font-size: 12pt\">Dath\u00fa<\/span><\/td>\n<td style=\"width: 25.1904%;height: 10px\" width=\"125\" data-rm-block-id=\"block-24\"><\/td>\n<td style=\"width: 24.9717%;height: 10px\" width=\"125\" data-rm-block-id=\"block-25\"><\/td>\n<\/tr>\n<tr style=\"height: 48px\">\n<td style=\"width: 24.277%;height: 10px\" width=\"125\" data-rm-block-id=\"block-26\"><span style=\"font-size: 12pt\">Frithsheasmhacht in aghaidh na haimsire<\/span><\/td>\n<td class=\"et3\" style=\"height: 19.95pt;width: 12.4048%;text-align: center\" width=\"116\" height=\"26\" data-rm-block-id=\"block-27\"><span class=\"font1\">4-5<\/span><\/td>\n<td class=\"et4\" style=\"width: 12.7092%;text-align: center\" width=\"110\" data-rm-block-id=\"block-28\">3<\/td>\n<td style=\"width: 25.1904%;height: 10px\" width=\"125\" data-rm-block-id=\"block-29\"><span style=\"font-size: 12pt\">Cobhsa\u00edocht Teasa \u00b0C<\/span><\/td>\n<td style=\"width: 24.9717%;height: 10px;text-align: center\" width=\"125\" data-rm-block-id=\"block-30\"><span style=\"font-size: 12pt\">200\u00b0C<\/span><\/td>\n<\/tr>\n<tr style=\"height: 24px\">\n<td style=\"width: 24.277%;height: 10px\" width=\"125\" data-rm-block-id=\"block-31\"><span style=\"font-size: 12pt\">Seasmhacht an tSolais<\/span><\/td>\n<td class=\"et4\" style=\"height: 19.95pt;width: 12.4048%;text-align: center\" height=\"26\" data-rm-block-id=\"block-32\">5<\/td>\n<td class=\"et4\" style=\"width: 12.7092%;text-align: center\" data-rm-block-id=\"block-33\">4<\/td>\n<td style=\"width: 25.1904%;height: 10px\" width=\"125\" data-rm-block-id=\"block-34\"><\/td>\n<td style=\"width: 24.9717%;height: 10px\" width=\"125\" data-rm-block-id=\"block-35\"><\/td>\n<\/tr>\n<tr style=\"height: 24px\">\n<td style=\"width: 99.5531%;height: 10px\" colspan=\"5\" width=\"125\" data-rm-block-id=\"block-36\"><\/td>\n<\/tr>\n<tr style=\"height: 24px\">\n<td style=\"width: 99.5531%;background-color: #ababab;height: 10px\" colspan=\"5\" width=\"125\" data-rm-block-id=\"block-37\"><span style=\"font-size: 14pt\"><strong>Air\u00edonna Fisiceacha<\/strong><\/span><\/td>\n<\/tr>\n<tr style=\"height: 48px\">\n<td style=\"width: 24.277%;height: 10px\" width=\"125\" data-rm-block-id=\"block-38\"><span style=\"font-size: 12pt\">Foirm Fhisici\u00fail<\/span><\/td>\n<td style=\"width: 25.114%;height: 10px;text-align: center\" colspan=\"2\" width=\"125\" data-rm-block-id=\"block-39\"><span style=\"font-size: 12pt\">P\u00fadar<\/span><\/td>\n<td style=\"width: 25.1904%;height: 10px\" width=\"125\" data-rm-block-id=\"block-40\"><span style=\"font-size: 12pt\">Frithsheasmhacht in aghaidh aig\u00e9id<\/span><\/td>\n<td style=\"width: 24.9717%;height: 10px;text-align: center\" width=\"125\" data-rm-block-id=\"block-41\"><span style=\"font-size: 12pt\">5<\/span><\/td>\n<\/tr>\n<tr style=\"height: 48px\">\n<td style=\"width: 24.277%;height: 10px\" width=\"125\" data-rm-block-id=\"block-42\"><span style=\"font-size: 12pt\">Dl\u00fas Sonrach (g\/cm3):<\/span><\/td>\n<td style=\"width: 25.114%;height: 10px;text-align: center\" colspan=\"2\" width=\"125\" data-rm-block-id=\"block-43\"><span style=\"font-size: 12pt\">1.40 \u00b1 0.1<\/span><\/td>\n<td style=\"width: 25.1904%;height: 10px\" width=\"125\" data-rm-block-id=\"block-44\"><span style=\"font-size: 12pt\">Frithsheasmhacht in aghaidh alcaile<\/span><\/td>\n<td style=\"width: 24.9717%;height: 10px;text-align: center\" width=\"125\" data-rm-block-id=\"block-45\"><span style=\"font-size: 12pt\">5<\/span><\/td>\n<\/tr>\n<tr style=\"height: 48px\">\n<td style=\"width: 24.277%;height: 10px\" width=\"125\" data-rm-block-id=\"block-46\"><span style=\"font-size: 12pt\">Dromchla Saini\u00fail (m\u00b2\/g):<\/span><\/td>\n<td style=\"width: 25.114%;height: 10px;text-align: center\" colspan=\"2\" width=\"125\" data-rm-block-id=\"block-47\"><span style=\"font-size: 12pt\">45<\/span><\/td>\n<td style=\"width: 25.1904%;height: 10px\" width=\"125\" data-rm-block-id=\"block-48\"><\/td>\n<td style=\"width: 24.9717%;height: 10px\" width=\"125\" data-rm-block-id=\"block-49\"><\/td>\n<\/tr>\n<tr style=\"height: 24px\">\n<td style=\"width: 24.277%;height: 10px\" width=\"125\" data-rm-block-id=\"block-50\"><span style=\"font-size: 12pt\">S\u00fa isteach ola<\/span><\/td>\n<td style=\"width: 25.114%;height: 10px;text-align: center\" colspan=\"2\" width=\"125\" data-rm-block-id=\"block-51\">70 \u00b1 10<\/td>\n<td style=\"width: 25.1904%;height: 10px\" width=\"125\" data-rm-block-id=\"block-52\"><\/td>\n<td style=\"width: 24.9717%;height: 10px\" width=\"125\" data-rm-block-id=\"block-53\"><\/td>\n<\/tr>\n<tr style=\"height: 24px\">\n<td style=\"width: 24.277%;height: 10px\" width=\"125\" data-rm-block-id=\"block-54\"><span style=\"font-size: 12pt\">Luach pH<\/span><\/td>\n<td style=\"width: 25.114%;height: 10px;text-align: center\" colspan=\"2\" width=\"125\" data-rm-block-id=\"block-55\">4 &#8211; 7<\/td>\n<td style=\"width: 25.1904%;height: 10px\" width=\"125\" data-rm-block-id=\"block-56\"><\/td>\n<td style=\"width: 24.9717%;height: 10px\" width=\"125\" data-rm-block-id=\"block-57\"><\/td>\n<\/tr>\n<tr style=\"height: 24px\">\n<td style=\"width: 24.277%;height: 10px\" width=\"125\" data-rm-block-id=\"block-58\"><span style=\"font-size: 12pt\">\u00c1bhar Luaineach<\/span><\/td>\n<td style=\"width: 25.114%;height: 10px;text-align: center\" colspan=\"2\" width=\"125\" data-rm-block-id=\"block-59\"><span style=\"font-size: 12pt\">1% uasmh\u00e9id<\/span><\/td>\n<td style=\"width: 25.1904%;height: 10px\" width=\"125\" data-rm-block-id=\"block-60\"><\/td>\n<td style=\"width: 24.9717%;height: 10px\" width=\"125\" data-rm-block-id=\"block-61\"><\/td>\n<\/tr>\n<tr style=\"height: 24px\">\n<td style=\"width: 99.5531%;height: 10px\" colspan=\"5\" width=\"125\" data-rm-block-id=\"block-62\"><\/td>\n<\/tr>\n<tr style=\"height: 48px\">\n<td style=\"width: 99.5531%;background-color: #ababab;height: 10px\" colspan=\"5\" width=\"125\" data-rm-block-id=\"block-63\"><span style=\"font-size: 14pt\"><strong>Pac\u00e1isti\u00fa<\/strong><\/span><\/td>\n<\/tr>\n<tr style=\"height: 48px\">\n<td style=\"width: 99.5531%;height: 10px\" colspan=\"5\" width=\"125\" data-rm-block-id=\"block-64\"><span style=\"font-size: 12pt\">25kgs\/bag\u00a0\u00a0 400kgs\/Pallet<\/span><\/td>\n<\/tr>\n<tr style=\"height: 24px\">\n<td style=\"width: 99.5531%;height: 10px\" colspan=\"5\" width=\"125\" data-rm-block-id=\"block-65\"><\/td>\n<\/tr>\n<tr style=\"height: 24px\">\n<td style=\"width: 49.391%;background-color: #ababab;height: 10px\" colspan=\"3\" width=\"125\" data-rm-block-id=\"block-66\"><span style=\"font-size: 14pt\"><strong>St\u00f3r\u00e1il<\/strong><\/span><\/td>\n<td style=\"width: 25.1904%;height: 10px\" width=\"125\" data-rm-block-id=\"block-67\"><span style=\"font-size: 14pt\"><strong>Saol Seilfe<\/strong><\/span><\/td>\n<td style=\"width: 24.9717%;height: 10px\" width=\"125\" data-rm-block-id=\"block-68\"><span style=\"font-size: 12pt\">c\u00faig bliana<\/span><\/td>\n<\/tr>\n<tr style=\"height: 24px\">\n<td style=\"width: 99.5531%;height: 10px\" colspan=\"5\" width=\"375\" data-rm-block-id=\"block-69\"><span style=\"font-size: 12pt\">Ba ch\u00f3ir \u00e9 a st\u00f3r\u00e1il in \u00e1it fhionnuar, thirim agus aer\u00e1ilte.<\/span><\/td>\n<\/tr>\n<tr style=\"height: 24px\">\n<td style=\"width: 99.5531%;height: 10px\" colspan=\"5\" width=\"125\" data-rm-block-id=\"block-70\"><\/td>\n<\/tr>\n<tr style=\"height: 24px\">\n<td style=\"width: 99.5531%;background-color: #ababab;height: 10px\" colspan=\"5\" width=\"125\" data-rm-block-id=\"block-71\"><span style=\"font-size: 14pt\"><strong>Iompar<\/strong><\/span><\/td>\n<\/tr>\n<tr style=\"height: 48px\">\n<td style=\"width: 99.5531%;height: 10px\" colspan=\"5\" width=\"375\" data-rm-block-id=\"block-72\"><span style=\"font-size: 12pt\">Seachain inbh\u00e9art\u00fa, solas na gr\u00e9ine, taise agus turraing. Seachain dam\u00e1iste don phac\u00e1iste.<\/span><\/td>\n<\/tr>\n<\/tbody>\n<\/table>\n<ul>\n<li data-rm-block-id=\"block-73\">Seasmhacht i gcoinne an tsolais: D\u00e9antar an r\u00e1t\u00e1il seasmhachta i gcoinne an tsolais a mheas ar sc\u00e1la Olann Ghorm \u00f3 1 go 8, \u00e1it a bhfuil 1 = \u2018Go dona\u2019 agus 8 = \u2018Ar fheabhas\u2019.<\/li>\n<li data-rm-block-id=\"block-74\">Cobhsa\u00edocht Teasa: L\u00e9ir\u00edonn na luachanna cobhsa\u00edochta teasa a thugtar an teocht uasta ar f\u00e9idir an l\u00ed a st\u00f3v\u00e1il ag an teocht sin ar feadh 10 n\u00f3im\u00e9ad ar an l\u00e1nsc\u00e1th agus i laghduithe, gan aon athr\u00fa suntasach a theacht ar an sc\u00e1th.<\/li>\n<li data-rm-block-id=\"block-75\">S\u00faiteacht ola: Cinnt\u00edtear an t-ions\u00fa ola bunaithe ar EN ISO 787-5 agus tugtar i ng ola l\u00edn in aghaidh 100 gm de phigment \u00e9.<\/li>\n<li data-rm-block-id=\"block-76\">Sileadh tuaslag\u00f3ra: D\u00e9antar t\u00e1st\u00e1il ar an sileadh i dtuaslag\u00f3ir\u00ed ag \u00fas\u00e1id na ngr\u00e1d p\u00fadair agus an r\u00e1t\u00e1il radhairc a thugtar ar sc\u00e1la liath \u00f3 1 go 5.<br \/>\n\u00e1it a bhfuil 1 = \u2018Sileadh trom\u2019 agus 5 = \u2018Gan sileadh ar bith\u201d<\/li>\n<\/ul>\n<p data-rm-block-id=\"block-77\">Disclaimer \u2013 The information given in this data sheet is based on the present state of our knowledge &amp; is intended as a general description of our products &amp; their possible applications. Due to the multitude of formulations, production &amp; application conditions, all the above mentioned data have to be adjusted to the circumstances of the processor. No liabilities, including those for patent rights, can be derived from this fact for individual cases. It cannot be ruled out that this product contains particles &lt; 0.1 \u03bcm. Any user of this product is responsible for determining the suitability of Honor Pigments\u2019s products for its particular application &amp; to ensure that any proprietary rights &amp; existing laws &amp; legislation are observed.<\/p>\n<div class=\"honor-product-overview\" style=\"margin-top:40px;border-top:2px solid #f6c405;padding-top:30px\">\n<h3>Why Choose Honor Pigments?<\/h3>\n<ul>\n<li>\ud83c\udf0d <strong>Global Export Expertise<\/strong> \u2014 Trusted by customers in 40+ countries for consistent quality and reliable supply<\/li>\n<li>\u2705 <strong>Strict Quality Control<\/strong> \u2014 ISO 9001 certified with batch-to-batch consistency and zero-defect policy<\/li>\n<li>\ud83d\udcb0 <strong>OEM Production Advantage<\/strong> \u2014 Competitive pricing without compromising pigment performance<\/li>\n<li>\ud83e\uddea <strong>Technical Support<\/strong> \u2014 Free color matching, formulation advice and sample testing before bulk order<\/li>\n<\/ul>\n<div style=\"background:#f8f9fa;padding:20px;border-left:4px solid #f6c405;margin:20px 0\">\n<p><strong>\ud83d\udce9 Need more details?<\/strong><\/p>\n<p>Request TDS, SDS, or a free sample for testing.<\/p>\n<\/div>\n<\/div>","protected":false},"excerpt":{"rendered":"<p>C.I.NO.: PY13<\/p>\n<p>Advantage:\u00a0 Good gloss, High color strength<\/p>\n<p>Main Application Recommended: WWWWater$1sed inks, offset inks, plastics<\/p>","protected":false},"featured_media":3270,"template":"","meta":[],"product_brand":[],"product_cat":[15,61,73,63,77],"product_tag":[361],"class_list":{"0":"post-3269","1":"product","2":"type-product","3":"status-publish","4":"has-post-thumbnail","6":"product_cat-organic-pigments","7":"product_cat-pigments-for-coatings-paints","8":"product_cat-pigments-for-industrial-coatings","9":"product_cat-pigments-for-printing-inks","10":"product_cat-pigments-for-water-based-inks","11":"product_tag-py13","12":"stm_brands-honor-pigments","14":"first","15":"instock","16":"shipping-taxable","17":"product-type-simple"},"_links":{"self":[{"href":"https:\/\/www.honorpigment.com\/ga\/wp-json\/wp\/v2\/product\/3269","targetHints":{"allow":["GET"]}}],"collection":[{"href":"https:\/\/www.honorpigment.com\/ga\/wp-json\/wp\/v2\/product"}],"about":[{"href":"https:\/\/www.honorpigment.com\/ga\/wp-json\/wp\/v2\/types\/product"}],"version-history":[{"count":7,"href":"https:\/\/www.honorpigment.com\/ga\/wp-json\/wp\/v2\/product\/3269\/revisions"}],"predecessor-version":[{"id":8895,"href":"https:\/\/www.honorpigment.com\/ga\/wp-json\/wp\/v2\/product\/3269\/revisions\/8895"}],"wp:featuredmedia":[{"embeddable":true,"href":"https:\/\/www.honorpigment.com\/ga\/wp-json\/wp\/v2\/media\/3270"}],"wp:attachment":[{"href":"https:\/\/www.honorpigment.com\/ga\/wp-json\/wp\/v2\/media?parent=3269"}],"wp:term":[{"taxonomy":"product_brand","embeddable":true,"href":"https:\/\/www.honorpigment.com\/ga\/wp-json\/wp\/v2\/product_brand?post=3269"},{"taxonomy":"product_cat","embeddable":true,"href":"https:\/\/www.honorpigment.com\/ga\/wp-json\/wp\/v2\/product_cat?post=3269"},{"taxonomy":"product_tag","embeddable":true,"href":"https:\/\/www.honorpigment.com\/ga\/wp-json\/wp\/v2\/product_tag?post=3269"}],"curies":[{"name":"wp","href":"https:\/\/api.w.org\/{rel}","templated":true}]}}